{"id":9984,"date":"2022-03-01T09:15:53","date_gmt":"2022-03-01T09:15:54","guid":{"rendered":"http:\/\/collall.test\/product\/collall-colle-foam\/"},"modified":"2025-05-08T10:25:16","modified_gmt":"2025-05-08T08:25:16","slug":"collall-colle-foam","status":"publish","type":"product","link":"https:\/\/collall.nl\/fr\/product\/collall-colle-foam\/","title":{"rendered":"Collall Colle Foam"},"content":{"rendered":"<p class=\"\" data-start=\"0\" data-end=\"106\"><strong data-start=\"0\" data-end=\"17\">Type de colle :<\/strong><\/p>\n<p class=\"\" data-start=\"593\" data-end=\"678\"><span class=\"relative -mx-px my-[-0.2rem] rounded px-px py-[0.2rem] transition-colors duration-100 ease-in-out\">La colle Collall Foamlijm est le produit id\u00e9al pour tous vos projets cr\u00e9atifs de bricolage et de loisirs. Il s&rsquo;agit d&rsquo;une colle puissante sp\u00e9cialement d\u00e9velopp\u00e9e pour coller la mousse. Parmi les nombreux types de mousse, la mousse EVA est la plus adapt\u00e9e aux projets de bricolage en raison de sa flexibilit\u00e9, de sa durabilit\u00e9, de sa polyvalence et de sa facilit\u00e9 de travail.<\/span>\u200b<\/p>\n<p class=\"\" data-start=\"680\" data-end=\"765\"><span class=\"relative -mx-px my-[-0.2rem] rounded px-px py-[0.2rem] transition-colors duration-100 ease-in-out\">La colle Collall Foamlijm est parfaite pour la mousse EVA et offre une forte adh\u00e9rence, tout en maintenant la flexibilit\u00e9 de la mousse m\u00eame apr\u00e8s le collage. Cela en fait le choix id\u00e9al pour la cr\u00e9ation de figurines en mousse, de d\u00e9corations et d&rsquo;autres projets cr\u00e9atifs n\u00e9cessitant \u00e0 la fois solidit\u00e9 et flexibilit\u00e9.<\/span><\/p>\n<p class=\"\" data-start=\"108\" data-end=\"122\"><strong data-start=\"108\" data-end=\"120\">Apparence :<\/strong><\/p>\n<ul>\n<li data-start=\"125\" data-end=\"148\">Colle blanche \u00e9paisse<\/li>\n<li data-start=\"151\" data-end=\"161\">Flexible<\/li>\n<li data-start=\"164\" data-end=\"175\">Hydrofuge<\/li>\n<li data-start=\"178\" data-end=\"211\">Devient transparente en s\u00e9chant<\/li>\n<\/ul>\n<p class=\"\" data-start=\"214\" data-end=\"229\"><strong>Solvant :<\/strong> eau<\/p>\n<p class=\"\" data-start=\"231\" data-end=\"281\"><strong data-start=\"231\" data-end=\"257\">Ingr\u00e9dient principal :<\/strong> ac\u00e9tate de polyvinyle PVAc<\/p>\n<p class=\"\" data-start=\"283\" data-end=\"316\"><strong data-start=\"283\" data-end=\"309\">Ingr\u00e9dients naturels :<\/strong> 40 %<\/p>\n<p class=\"\" data-start=\"318\" data-end=\"348\"><strong data-start=\"318\" data-end=\"333\">Viscosit\u00e9 :<\/strong> 12 000 mPa.s<\/p>\n<p class=\"\" data-start=\"350\" data-end=\"362\"><strong data-start=\"350\" data-end=\"358\">pH :<\/strong> 6<\/p>\n<p class=\"\" data-start=\"364\" data-end=\"391\"><strong data-start=\"364\" data-end=\"377\">Densit\u00e9 :<\/strong> 1,10 kg\/dm\u00b3<\/p>\n<p class=\"\" data-start=\"393\" data-end=\"405\"><strong data-start=\"393\" data-end=\"401\">CE :<\/strong> \u2013<\/p>\n<p class=\"\" data-start=\"407\" data-end=\"536\"><strong data-start=\"407\" data-end=\"434\">Consommation de colle :<\/strong> environ 100 \u2013 150 g\/m\u00b2 en fonction de l&rsquo;absorption des mat\u00e9riaux \u00e0 coller, application unilat\u00e9rale.<\/p>\n<p class=\"\" data-start=\"538\" data-end=\"559\"><strong data-start=\"538\" data-end=\"557\">Application:<\/strong><\/p>\n<ul>\n<li data-start=\"562\" data-end=\"642\">Les mat\u00e9riaux \u00e0 coller doivent \u00eatre secs et exempts de poussi\u00e8re et de salet\u00e9.<\/li>\n<li data-start=\"645\" data-end=\"726\">Appliquer une fine couche de colle, soit sur une seule face, soit sur les deux.<\/li>\n<li data-start=\"729\" data-end=\"781\">Facile \u00e0 appliquer avec un pinceau ou une spatule.<\/li>\n<li data-start=\"784\" data-end=\"902\">Laisser s\u00e9cher l\u00e9g\u00e8rement (s\u00e9chage rapide), puis presser fermement les deux surfaces encoll\u00e9es l\u2019une contre l\u2019autre.<\/li>\n<\/ul>\n<p class=\"\" data-start=\"904\" data-end=\"1013\"><strong data-start=\"904\" data-end=\"920\">Allerg\u00e8nes :<\/strong> contient CMIT\/MIT et 1,2-benzisothiazol-3(2H)-one . Peut produire une r\u00e9action allergique.<\/p>\n<p class=\"\" data-start=\"1015\" data-end=\"1060\"><strong data-start=\"1015\" data-end=\"1058\">Adapt\u00e9e : <\/strong>convient aux enfants \u00e0 partir de 6 ans.<\/p>\n<p class=\"\" data-start=\"1062\" data-end=\"1079\"><strong data-start=\"1062\" data-end=\"1077\">Nettoyage :<\/strong><\/p>\n<ul>\n<li data-start=\"1082\" data-end=\"1219\">Lorsque la colle est encore humide, les outils peuvent \u00eatre nettoy\u00e9s \u00e0 l&rsquo;eau (un d\u00e9tergent synth\u00e9tique peut \u00eatre ajout\u00e9 si n\u00e9cessaire).<\/li>\n<li data-start=\"1222\" data-end=\"1310\">Les r\u00e9sidus secs doivent \u00eatre tremp\u00e9s dans de l\u2019eau chaude puis enlev\u00e9s avec une brosse.<\/li>\n<\/ul>\n<h4 data-start=\"767\" data-end=\"793\"><strong data-start=\"767\" data-end=\"793\">Mousse EVA (EVA Foam)<\/strong><\/h4>\n<p class=\"\" data-start=\"795\" data-end=\"880\"><span class=\"relative -mx-px my-[-0.2rem] rounded px-px py-[0.2rem] transition-colors duration-100 ease-in-out\">La mousse EVA (\u00e9thyl\u00e8ne-vinyl-ac\u00e9tate) est l&rsquo;un des types de mousse les plus utilis\u00e9s pour les loisirs cr\u00e9atifs. Elle est l\u00e9g\u00e8re, flexible et disponible en diff\u00e9rentes couleurs.<\/span>\u200b<\/p>\n<p class=\"\" data-start=\"882\" data-end=\"967\"><span class=\"relative -mx-px my-[-0.2rem] rounded px-px py-[0.2rem] transition-colors duration-100 ease-in-out\">Elle est disponible en diff\u00e9rentes \u00e9paisseurs, allant de feuilles fines de 1 \u00e0 2 mm \u00e0 des plaques plus \u00e9paisses de 3 \u00e0 10 mm. Plus la mousse est \u00e9paisse, plus elle est solide et mall\u00e9able. La qualit\u00e9 de la mousse EVA peut varier. La mousse EVA de haute qualit\u00e9 est g\u00e9n\u00e9ralement plus souple et poss\u00e8de une meilleure \u00e9lasticit\u00e9, tandis que les variantes moins ch\u00e8res peuvent \u00eatre plus rigides et moins flexibles. Il est important de pr\u00eater attention \u00e0 la densit\u00e9 de la mousse ; plus la densit\u00e9 est \u00e9lev\u00e9e, plus le mat\u00e9riau est solide.<\/span>\u200b<\/p>\n<p class=\"\" data-start=\"969\" data-end=\"985\"><strong data-start=\"969\" data-end=\"985\">Utilisation:<\/strong><\/p>\n<p class=\"\" data-start=\"987\" data-end=\"1072\"><span class=\"relative -mx-px my-[-0.2rem] rounded px-px py-[0.2rem] transition-colors duration-100 ease-in-out\">La mousse EVA est souvent utilis\u00e9e pour la cr\u00e9ation de figurines en mousse, de d\u00e9corations, de chapeaux, de costumes et pour les enfants lors de projets de bricolage. Elle peut \u00eatre facilement d\u00e9coup\u00e9e, perfor\u00e9e et peinte. Parfaite pour les activit\u00e9s manuelles \u00e0 la maison et \u00e0 l&rsquo;\u00e9cole ! De nombreux sites internet proposent de la mousse EVA \u00e0 la vente.<\/span><\/p>\n<p class=\"\" data-start=\"420\" data-end=\"469\"><strong data-start=\"420\" data-end=\"467\">Autres colles Collall \u00e0 base d&rsquo;eau (PVAc) :<\/strong><\/p>\n<ul>\n<li data-start=\"497\" data-end=\"519\">Colle \u00e0 Bois Collall<\/li>\n<li data-start=\"522\" data-end=\"550\">Colle de Bricolage Collall<\/li>\n<li data-start=\"553\" data-end=\"577\">Colle Mosa\u00efque Collall<\/li>\n<li data-start=\"580\" data-end=\"604\">Colle Quilling Collall<\/li>\n<li data-start=\"607\" data-end=\"628\">Colle Tacky Collall<\/li>\n<li data-start=\"631\" data-end=\"654\">Colle Textile Collall<\/li>\n<li data-start=\"657\" data-end=\"679\">Colle Feutrine Collall<\/li>\n<\/ul>\n","protected":false},"excerpt":{"rendered":"<p><span class=\"relative -mx-px my-[-0.2rem] rounded px-px py-[0.2rem] transition-colors duration-100 ease-in-out\">La colle Collall Foamlijm est le produit id\u00e9al pour tous vos projets cr\u00e9atifs de bricolage et de loisirs. Il s&rsquo;agit d&rsquo;une colle puissante sp\u00e9cialement d\u00e9velopp\u00e9e pour coller la mousse EVA.<\/span><\/p>\n","protected":false},"featured_media":19945,"comment_status":"open","ping_status":"closed","template":"","meta":{"_acf_changed":false},"product_brand":[],"product_cat":[174],"product_tag":[3203],"class_list":{"0":"post-9984","1":"product","2":"type-product","3":"status-publish","4":"has-post-thumbnail","6":"product_cat-colle-et-vernis-colle","7":"product_tag-pvac-fr","9":"first","10":"instock","11":"shipping-taxable","12":"purchasable","13":"product-type-variable"},"acf":[],"yoast_head":"<!-- This site is optimized with the Yoast SEO plugin v27.2 - https:\/\/yoast.com\/product\/yoast-seo-wordpress\/ -->\n<title>Collall Colle Foam - Collall<\/title>\n<meta name=\"description\" content=\"La colle Collall Foamlijm est le produit id\u00e9al pour tous vos projets cr\u00e9atifs de bricolage et de loisirs. Il s&#039;agit d&#039;une colle pour coller la mousse EVA.\" \/>\n<meta name=\"robots\" content=\"index, follow, max-snippet:-1, max-image-preview:large, max-video-preview:-1\" \/>\n<link rel=\"canonical\" href=\"https:\/\/collall.nl\/fr\/product\/collall-colle-foam\/\" \/>\n<meta property=\"og:locale\" content=\"fr_FR\" \/>\n<meta property=\"og:type\" content=\"article\" \/>\n<meta property=\"og:title\" content=\"Collall Colle Foam - Collall\" \/>\n<meta property=\"og:description\" content=\"La colle Collall Foamlijm est le produit id\u00e9al pour tous vos projets cr\u00e9atifs de bricolage et de loisirs. Il s&#039;agit d&#039;une colle pour coller la mousse EVA.\" \/>\n<meta property=\"og:url\" content=\"https:\/\/collall.nl\/fr\/product\/collall-colle-foam\/\" \/>\n<meta property=\"og:site_name\" content=\"Collall\" \/>\n<meta property=\"article:publisher\" content=\"https:\/\/www.facebook.com\/people\/Collall\/100064976852539\/\" \/>\n<meta property=\"article:modified_time\" content=\"2025-05-08T08:25:16+00:00\" \/>\n<meta property=\"og:image\" content=\"https:\/\/collall.nl\/wp-content\/uploads\/2022\/03\/COLEF0100.jpg\" \/>\n\t<meta property=\"og:image:width\" content=\"800\" \/>\n\t<meta property=\"og:image:height\" content=\"800\" \/>\n\t<meta property=\"og:image:type\" content=\"image\/jpeg\" \/>\n<meta name=\"twitter:card\" content=\"summary_large_image\" \/>\n<meta name=\"twitter:label1\" content=\"Dur\u00e9e de lecture estim\u00e9e\" \/>\n\t<meta name=\"twitter:data1\" content=\"3 minutes\" \/>\n<script type=\"application\/ld+json\" class=\"yoast-schema-graph\">{\"@context\":\"https:\/\/schema.org\",\"@graph\":[{\"@type\":\"WebPage\",\"@id\":\"https:\/\/collall.nl\/fr\/product\/collall-colle-foam\/\",\"url\":\"https:\/\/collall.nl\/fr\/product\/collall-colle-foam\/\",\"name\":\"Collall Colle Foam - Collall\",\"isPartOf\":{\"@id\":\"https:\/\/collall.nl\/#website\"},\"primaryImageOfPage\":{\"@id\":\"https:\/\/collall.nl\/fr\/product\/collall-colle-foam\/#primaryimage\"},\"image\":{\"@id\":\"https:\/\/collall.nl\/fr\/product\/collall-colle-foam\/#primaryimage\"},\"thumbnailUrl\":\"https:\/\/collall.nl\/wp-content\/uploads\/2022\/03\/COLEF0100.jpg\",\"datePublished\":\"2022-03-01T09:15:54+00:00\",\"dateModified\":\"2025-05-08T08:25:16+00:00\",\"description\":\"La colle Collall Foamlijm est le produit id\u00e9al pour tous vos projets cr\u00e9atifs de bricolage et de loisirs. Il s'agit d'une colle pour coller la mousse EVA.\",\"breadcrumb\":{\"@id\":\"https:\/\/collall.nl\/fr\/product\/collall-colle-foam\/#breadcrumb\"},\"inLanguage\":\"fr-FR\",\"potentialAction\":[{\"@type\":\"ReadAction\",\"target\":[\"https:\/\/collall.nl\/fr\/product\/collall-colle-foam\/\"]}]},{\"@type\":\"ImageObject\",\"inLanguage\":\"fr-FR\",\"@id\":\"https:\/\/collall.nl\/fr\/product\/collall-colle-foam\/#primaryimage\",\"url\":\"https:\/\/collall.nl\/wp-content\/uploads\/2022\/03\/COLEF0100.jpg\",\"contentUrl\":\"https:\/\/collall.nl\/wp-content\/uploads\/2022\/03\/COLEF0100.jpg\",\"width\":800,\"height\":800},{\"@type\":\"BreadcrumbList\",\"@id\":\"https:\/\/collall.nl\/fr\/product\/collall-colle-foam\/#breadcrumb\",\"itemListElement\":[{\"@type\":\"ListItem\",\"position\":1,\"name\":\"Home\",\"item\":\"https:\/\/collall.nl\/fr\/\"},{\"@type\":\"ListItem\",\"position\":2,\"name\":\"Produits\",\"item\":\"https:\/\/collall.nl\/fr\/produits\/\"},{\"@type\":\"ListItem\",\"position\":3,\"name\":\"Collall Colle Foam\"}]},{\"@type\":\"WebSite\",\"@id\":\"https:\/\/collall.nl\/#website\",\"url\":\"https:\/\/collall.nl\/\",\"name\":\"Collall\",\"description\":\"Adhesives &amp; Paints since 1949\",\"publisher\":{\"@id\":\"https:\/\/collall.nl\/#organization\"},\"potentialAction\":[{\"@type\":\"SearchAction\",\"target\":{\"@type\":\"EntryPoint\",\"urlTemplate\":\"https:\/\/collall.nl\/?s={search_term_string}\"},\"query-input\":{\"@type\":\"PropertyValueSpecification\",\"valueRequired\":true,\"valueName\":\"search_term_string\"}}],\"inLanguage\":\"fr-FR\"},{\"@type\":\"Organization\",\"@id\":\"https:\/\/collall.nl\/#organization\",\"name\":\"Collall B.V.\",\"url\":\"https:\/\/collall.nl\/\",\"logo\":{\"@type\":\"ImageObject\",\"inLanguage\":\"fr-FR\",\"@id\":\"https:\/\/collall.nl\/#\/schema\/logo\/image\/\",\"url\":\"https:\/\/collall.nl\/wp-content\/uploads\/2022\/08\/Collall-logo-186C_Reflex-blue.jpg\",\"contentUrl\":\"https:\/\/collall.nl\/wp-content\/uploads\/2022\/08\/Collall-logo-186C_Reflex-blue.jpg\",\"width\":1963,\"height\":1179,\"caption\":\"Collall B.V.\"},\"image\":{\"@id\":\"https:\/\/collall.nl\/#\/schema\/logo\/image\/\"},\"sameAs\":[\"https:\/\/www.facebook.com\/people\/Collall\/100064976852539\/\",\"https:\/\/www.instagram.com\/collall_1949\/\",\"https:\/\/nl.pinterest.com\/CollallBV\/\",\"https:\/\/www.youtube.com\/channel\/UCrCGuwth_udZhTqJSh5g9zg\"]}]}<\/script>\n<!-- \/ Yoast SEO plugin. -->","yoast_head_json":{"title":"Collall Colle Foam - Collall","description":"La colle Collall Foamlijm est le produit id\u00e9al pour tous vos projets cr\u00e9atifs de bricolage et de loisirs. Il s'agit d'une colle pour coller la mousse EVA.","robots":{"index":"index","follow":"follow","max-snippet":"max-snippet:-1","max-image-preview":"max-image-preview:large","max-video-preview":"max-video-preview:-1"},"canonical":"https:\/\/collall.nl\/fr\/product\/collall-colle-foam\/","og_locale":"fr_FR","og_type":"article","og_title":"Collall Colle Foam - Collall","og_description":"La colle Collall Foamlijm est le produit id\u00e9al pour tous vos projets cr\u00e9atifs de bricolage et de loisirs. Il s'agit d'une colle pour coller la mousse EVA.","og_url":"https:\/\/collall.nl\/fr\/product\/collall-colle-foam\/","og_site_name":"Collall","article_publisher":"https:\/\/www.facebook.com\/people\/Collall\/100064976852539\/","article_modified_time":"2025-05-08T08:25:16+00:00","og_image":[{"width":800,"height":800,"url":"https:\/\/collall.nl\/wp-content\/uploads\/2022\/03\/COLEF0100.jpg","type":"image\/jpeg"}],"twitter_card":"summary_large_image","twitter_misc":{"Dur\u00e9e de lecture estim\u00e9e":"3 minutes"},"schema":{"@context":"https:\/\/schema.org","@graph":[{"@type":"WebPage","@id":"https:\/\/collall.nl\/fr\/product\/collall-colle-foam\/","url":"https:\/\/collall.nl\/fr\/product\/collall-colle-foam\/","name":"Collall Colle Foam - Collall","isPartOf":{"@id":"https:\/\/collall.nl\/#website"},"primaryImageOfPage":{"@id":"https:\/\/collall.nl\/fr\/product\/collall-colle-foam\/#primaryimage"},"image":{"@id":"https:\/\/collall.nl\/fr\/product\/collall-colle-foam\/#primaryimage"},"thumbnailUrl":"https:\/\/collall.nl\/wp-content\/uploads\/2022\/03\/COLEF0100.jpg","datePublished":"2022-03-01T09:15:54+00:00","dateModified":"2025-05-08T08:25:16+00:00","description":"La colle Collall Foamlijm est le produit id\u00e9al pour tous vos projets cr\u00e9atifs de bricolage et de loisirs. Il s'agit d'une colle pour coller la mousse EVA.","breadcrumb":{"@id":"https:\/\/collall.nl\/fr\/product\/collall-colle-foam\/#breadcrumb"},"inLanguage":"fr-FR","potentialAction":[{"@type":"ReadAction","target":["https:\/\/collall.nl\/fr\/product\/collall-colle-foam\/"]}]},{"@type":"ImageObject","inLanguage":"fr-FR","@id":"https:\/\/collall.nl\/fr\/product\/collall-colle-foam\/#primaryimage","url":"https:\/\/collall.nl\/wp-content\/uploads\/2022\/03\/COLEF0100.jpg","contentUrl":"https:\/\/collall.nl\/wp-content\/uploads\/2022\/03\/COLEF0100.jpg","width":800,"height":800},{"@type":"BreadcrumbList","@id":"https:\/\/collall.nl\/fr\/product\/collall-colle-foam\/#breadcrumb","itemListElement":[{"@type":"ListItem","position":1,"name":"Home","item":"https:\/\/collall.nl\/fr\/"},{"@type":"ListItem","position":2,"name":"Produits","item":"https:\/\/collall.nl\/fr\/produits\/"},{"@type":"ListItem","position":3,"name":"Collall Colle Foam"}]},{"@type":"WebSite","@id":"https:\/\/collall.nl\/#website","url":"https:\/\/collall.nl\/","name":"Collall","description":"Adhesives &amp; Paints since 1949","publisher":{"@id":"https:\/\/collall.nl\/#organization"},"potentialAction":[{"@type":"SearchAction","target":{"@type":"EntryPoint","urlTemplate":"https:\/\/collall.nl\/?s={search_term_string}"},"query-input":{"@type":"PropertyValueSpecification","valueRequired":true,"valueName":"search_term_string"}}],"inLanguage":"fr-FR"},{"@type":"Organization","@id":"https:\/\/collall.nl\/#organization","name":"Collall B.V.","url":"https:\/\/collall.nl\/","logo":{"@type":"ImageObject","inLanguage":"fr-FR","@id":"https:\/\/collall.nl\/#\/schema\/logo\/image\/","url":"https:\/\/collall.nl\/wp-content\/uploads\/2022\/08\/Collall-logo-186C_Reflex-blue.jpg","contentUrl":"https:\/\/collall.nl\/wp-content\/uploads\/2022\/08\/Collall-logo-186C_Reflex-blue.jpg","width":1963,"height":1179,"caption":"Collall B.V."},"image":{"@id":"https:\/\/collall.nl\/#\/schema\/logo\/image\/"},"sameAs":["https:\/\/www.facebook.com\/people\/Collall\/100064976852539\/","https:\/\/www.instagram.com\/collall_1949\/","https:\/\/nl.pinterest.com\/CollallBV\/","https:\/\/www.youtube.com\/channel\/UCrCGuwth_udZhTqJSh5g9zg"]}]}},"_links":{"self":[{"href":"https:\/\/collall.nl\/fr\/wp-json\/wp\/v2\/product\/9984","targetHints":{"allow":["GET"]}}],"collection":[{"href":"https:\/\/collall.nl\/fr\/wp-json\/wp\/v2\/product"}],"about":[{"href":"https:\/\/collall.nl\/fr\/wp-json\/wp\/v2\/types\/product"}],"replies":[{"embeddable":true,"href":"https:\/\/collall.nl\/fr\/wp-json\/wp\/v2\/comments?post=9984"}],"wp:featuredmedia":[{"embeddable":true,"href":"https:\/\/collall.nl\/fr\/wp-json\/wp\/v2\/media\/19945"}],"wp:attachment":[{"href":"https:\/\/collall.nl\/fr\/wp-json\/wp\/v2\/media?parent=9984"}],"wp:term":[{"taxonomy":"product_brand","embeddable":true,"href":"https:\/\/collall.nl\/fr\/wp-json\/wp\/v2\/product_brand?post=9984"},{"taxonomy":"product_cat","embeddable":true,"href":"https:\/\/collall.nl\/fr\/wp-json\/wp\/v2\/product_cat?post=9984"},{"taxonomy":"product_tag","embeddable":true,"href":"https:\/\/collall.nl\/fr\/wp-json\/wp\/v2\/product_tag?post=9984"}],"curies":[{"name":"wp","href":"https:\/\/api.w.org\/{rel}","templated":true}]}}