{"id":9959,"date":"2022-03-01T09:15:46","date_gmt":"2022-03-01T09:15:46","guid":{"rendered":"http:\/\/collall.test\/product\/collall-colle-mosaic\/"},"modified":"2025-06-12T10:42:18","modified_gmt":"2025-06-12T08:42:18","slug":"collall-colle-mosaic","status":"publish","type":"product","link":"https:\/\/collall.nl\/fr\/product\/collall-colle-mosaic\/","title":{"rendered":"Collall Colle Mosaic"},"content":{"rendered":"<div class=\"flex-1 overflow-hidden\">\n<div class=\"h-full\">\n<div class=\"react-scroll-to-bottom--css-vkqzr-79elbk h-full\">\n<div class=\"react-scroll-to-bottom--css-vkqzr-1n7m0yu\">\n<div class=\"flex flex-col text-sm md:pb-9\">\n<article class=\"w-full text-token-text-primary focus-visible:outline-2 focus-visible:outline-offset-[-4px]\" dir=\"auto\" data-testid=\"conversation-turn-17\" data-scroll-anchor=\"true\">\n<div class=\"m-auto text-base py-[18px] px-3 md:px-4 w-full md:px-5 lg:px-4 xl:px-5\">\n<div class=\"mx-auto flex flex-1 gap-4 text-base md:gap-5 lg:gap-6 md:max-w-3xl lg:max-w-[40rem] xl:max-w-[48rem]\">\n<div class=\"group\/conversation-turn relative flex w-full min-w-0 flex-col agent-turn\">\n<div class=\"flex-col gap-1 md:gap-3\">\n<div class=\"flex max-w-full flex-col flex-grow\">\n<div class=\"min-h-8 text-message flex w-full flex-col items-end gap-2 whitespace-normal break-words [.text-message+&amp;]:mt-5\" dir=\"auto\" data-message-author-role=\"assistant\" data-message-id=\"ea932c34-e13c-4836-a207-4b27d9068cd1\" data-message-model-slug=\"gpt-4o\">\n<div class=\"flex w-full flex-col gap-1 empty:hidden first:pt-[3px]\">\n<div class=\"markdown prose w-full break-words dark:prose-invert light\">\n<p><strong>Application :<\/strong> La colle mosa\u00efque Collall est sp\u00e9cialement con\u00e7ue pour coller des mosa\u00efques en verre et en c\u00e9ramique. La colle s\u00e8che rapidement et devient transparente, elle est \u00e9galement r\u00e9sistante \u00e0 l&rsquo;eau.<\/p>\n<p><strong>Apparence :<\/strong><\/p>\n<ul>\n<li>Colle liquide blanche<\/li>\n<li>S\u00e9chage rapide<\/li>\n<li>Hydrofuge<\/li>\n<li>Transparente apr\u00e8s s\u00e9chage<\/li>\n<li>Solvant : eau<\/li>\n<\/ul>\n<p><strong>Composant principal :<\/strong> polyac\u00e9tate de vinyle<\/p>\n<p class=\"p1\"><b>Ingr\u00e9dients naturels : <\/b>50%<\/p>\n<p class=\"p1\"><b>Viscosit\u00e9 : <\/b>12 000 mPa.s<\/p>\n<p><strong>pH :<\/strong> 3<\/p>\n<p><strong>Densit\u00e9 :<\/strong> 1,09 kg\/dm\u00b3<\/p>\n<p><strong>CE :<\/strong> \u2013<\/p>\n<p><strong>Consommation de colle :<\/strong> env. 400 g\/m\u00b2.<\/p>\n<p><strong>Mode d\u2019emploi :<\/strong><\/p>\n<p data-start=\"1338\" data-end=\"1395\"><strong data-start=\"1342\" data-end=\"1395\">Comment utiliser la Collall Colle Mosaic ?<\/strong><\/p>\n<ol>\n<li data-start=\"1400\" data-end=\"1463\">Assurez-vous que la surface soit s\u00e8che, propre et d\u00e9graiss\u00e9e.<\/li>\n<li data-start=\"1467\" data-end=\"1521\">Appliquez la colle \u00e0 l\u2019aide de l\u2019embout applicateur.<\/li>\n<li data-start=\"1525\" data-end=\"1576\">Placez vos tesselles dans la colle encore humide.<\/li>\n<li data-start=\"1580\" data-end=\"1643\">Vous avez un peu de temps pour bien positionner les morceaux.<\/li>\n<li data-start=\"1647\" data-end=\"1675\">Laissez s\u00e9cher l\u2019ensemble.<\/li>\n<li data-start=\"1679\" data-end=\"1731\">La colle s\u00e8che rapidement et devient transparente.<\/li>\n<li data-start=\"1735\" data-end=\"1786\">Une fois s\u00e8che, elle est r\u00e9sistante et hydrofuge.<\/li>\n<\/ol>\n<p><strong>Allerg\u00e8nes : <\/strong>contient CMIT\/MIT. Peut produire une r\u00e9action allergique.<\/p>\n<p><strong>Convient pour :<\/strong> enfants \u00e0 partir de 8 ans<\/p>\n<p><strong>Nettoyage :<\/strong><\/p>\n<ul>\n<li>Les outils peuvent \u00eatre nettoy\u00e9s \u00e0 l&rsquo;eau, seulement lorsque la colle est encore humide (un d\u00e9tergent synth\u00e9tique peut \u00e9ventuellement \u00eatre ajout\u00e9 \u00e0 l&rsquo;eau).<\/li>\n<li>Pour les taches de colle s\u00e9ch\u00e9es, les faire tremper dans de l&rsquo;eau ti\u00e8de, puis les enlever avec une brosse.<\/li>\n<li>Le produit final n&rsquo;est pas adapt\u00e9 pour une utilisation en ext\u00e9rieur.<\/li>\n<\/ul>\n<h4 data-start=\"72\" data-end=\"146\"><strong data-start=\"76\" data-end=\"146\">Colle pour mosa\u00efque dans une bouteille pratique avec bouchon \u00e0 vis<\/strong><\/h4>\n<p data-start=\"148\" data-end=\"650\">La Collall Colle Mosaic\u00a0est la colle id\u00e9ale pour tous ceux qui souhaitent se lancer dans des projets cr\u00e9atifs avec des tesselles en verre ou en c\u00e9ramique. Cette colle PVAc sp\u00e9cialement d\u00e9velopp\u00e9e est blanche et liquide \u00e0 l\u2019application, mais elle s\u00e8che rapidement et devient transparente. La colle est hydrofuge, mais attention : le produit final ne convient pas \u00e0 un usage ext\u00e9rieur permanent. Une fois s\u00e8che, elle est parfaitement adapt\u00e9e aux projets de mosa\u00efque d\u00e9coratifs et fonctionnels.<\/p>\n<p data-start=\"652\" data-end=\"810\">Gr\u00e2ce \u00e0 son flacon pratique avec bouchon \u00e0 vis, vous appliquez la colle directement l\u00e0 o\u00f9 vous en avez besoin \u2014 proprement, avec pr\u00e9cision et sans gaspillage.<\/p>\n<p data-start=\"812\" data-end=\"931\"><strong data-start=\"812\" data-end=\"824\">Astuce :<\/strong> utilisez le <strong data-start=\"837\" data-end=\"869\">support pour flacon de colle<\/strong> afin de ne pas devoir attendre que la colle descende au fond.<\/p>\n<p data-start=\"938\" data-end=\"1005\"><strong data-start=\"942\" data-end=\"1005\">Que pouvez-vous cr\u00e9er avec la Collall Colle Mosaic?<\/strong><\/p>\n<p data-start=\"1007\" data-end=\"1065\">Laissez parler votre imagination et r\u00e9alisez par exemple :<\/p>\n<ul>\n<li data-start=\"1069\" data-end=\"1132\">Dessous-de-verres, plats ou plateaux faits maison en mosa\u00efque<\/li>\n<li data-start=\"1135\" data-end=\"1196\">Pots de fleurs, photophores ou miroirs d\u00e9cor\u00e9s de mosa\u00efques<\/li>\n<li data-start=\"1199\" data-end=\"1260\">Panneaux muraux d\u00e9coratifs ou carreaux ext\u00e9rieurs (abrit\u00e9s)<\/li>\n<li data-start=\"1263\" data-end=\"1331\">Cadres photo, meubles ou d\u00e9corations personnalis\u00e9es pour la maison<\/li>\n<\/ul>\n<p data-start=\"1793\" data-end=\"1857\"><strong data-start=\"1797\" data-end=\"1857\">Quels sont les avantages d&rsquo;une colle PVAc \u00e0 base d&rsquo;eau ?<\/strong><\/p>\n<p data-start=\"1859\" data-end=\"1967\">La <strong data-start=\"1862\" data-end=\"1894\">PVAc (ac\u00e9tate de polyvinyle)<\/strong> est une colle puissante et polyvalente qui offre de nombreux avantages :<\/p>\n<ul>\n<li data-start=\"1971\" data-end=\"2043\">Forte adh\u00e9rence sur des mat\u00e9riaux poreux comme la c\u00e9ramique et le bois<\/li>\n<li data-start=\"2046\" data-end=\"2103\">Faible odeur \u2014 id\u00e9ale pour une utilisation en int\u00e9rieur<\/li>\n<li data-start=\"2106\" data-end=\"2174\">Temps de s\u00e9chage rapide, mais reste maniable pendant l\u2019application<\/li>\n<li data-start=\"2177\" data-end=\"2238\">Flexible apr\u00e8s s\u00e9chage \u2014 \u00e9vite les fissures ou la fragilit\u00e9<\/li>\n<li data-start=\"2241\" data-end=\"2334\">L\u00e9g\u00e8rement r\u00e9sistante \u00e0 l\u2019eau \u2014 parfaite pour les projets d\u2019int\u00e9rieur ou d\u2019ext\u00e9rieur abrit\u00e9<\/li>\n<\/ul>\n<\/div>\n<\/div>\n<\/div>\n<\/div>\n<\/div>\n<\/div>\n<\/div>\n<\/div>\n<\/article>\n<\/div>\n<\/div>\n<\/div>\n<\/div>\n<\/div>\n","protected":false},"excerpt":{"rendered":"<p>La colle id\u00e9ale pour tous ceux qui souhaitent se lancer dans des projets cr\u00e9atifs avec des tesselles en verre ou en c\u00e9ramique.<\/p>\n","protected":false},"featured_media":31973,"comment_status":"open","ping_status":"closed","template":"","meta":{"_acf_changed":false},"product_brand":[],"product_cat":[174],"product_tag":[3203],"class_list":{"0":"post-9959","1":"product","2":"type-product","3":"status-publish","4":"has-post-thumbnail","6":"product_cat-colle-et-vernis-colle","7":"product_tag-pvac-fr","9":"first","10":"instock","11":"shipping-taxable","12":"purchasable","13":"product-type-variable"},"acf":[],"yoast_head":"<!-- This site is optimized with the Yoast SEO plugin v27.2 - https:\/\/yoast.com\/product\/yoast-seo-wordpress\/ -->\n<title>Collall Colle Mosaic - Collall<\/title>\n<meta name=\"description\" content=\"Collall Colla Mosaic c&#039;est la colle id\u00e9ale pour tous ceux qui souhaitent se lancer dans des projets cr\u00e9atifs avec des tesselles en verre ou en c\u00e9ramique.\" \/>\n<meta name=\"robots\" content=\"index, follow, max-snippet:-1, max-image-preview:large, max-video-preview:-1\" \/>\n<link rel=\"canonical\" href=\"https:\/\/collall.nl\/fr\/product\/collall-colle-mosaic\/\" \/>\n<meta property=\"og:locale\" content=\"fr_FR\" \/>\n<meta property=\"og:type\" content=\"article\" \/>\n<meta property=\"og:title\" content=\"Collall Colle Mosaic - Collall\" \/>\n<meta property=\"og:description\" content=\"Collall Colla Mosaic c&#039;est la colle id\u00e9ale pour tous ceux qui souhaitent se lancer dans des projets cr\u00e9atifs avec des tesselles en verre ou en c\u00e9ramique.\" \/>\n<meta property=\"og:url\" content=\"https:\/\/collall.nl\/fr\/product\/collall-colle-mosaic\/\" \/>\n<meta property=\"og:site_name\" content=\"Collall\" \/>\n<meta property=\"article:publisher\" content=\"https:\/\/www.facebook.com\/people\/Collall\/100064976852539\/\" \/>\n<meta property=\"article:modified_time\" content=\"2025-06-12T08:42:18+00:00\" \/>\n<meta property=\"og:image\" content=\"https:\/\/collall.nl\/wp-content\/uploads\/2022\/03\/COLMZ0100-V2.jpg\" \/>\n\t<meta property=\"og:image:width\" content=\"1000\" \/>\n\t<meta property=\"og:image:height\" content=\"1000\" \/>\n\t<meta property=\"og:image:type\" content=\"image\/jpeg\" \/>\n<meta name=\"twitter:card\" content=\"summary_large_image\" \/>\n<meta name=\"twitter:label1\" content=\"Dur\u00e9e de lecture estim\u00e9e\" \/>\n\t<meta name=\"twitter:data1\" content=\"3 minutes\" \/>\n<script type=\"application\/ld+json\" class=\"yoast-schema-graph\">{\"@context\":\"https:\/\/schema.org\",\"@graph\":[{\"@type\":\"WebPage\",\"@id\":\"https:\/\/collall.nl\/fr\/product\/collall-colle-mosaic\/\",\"url\":\"https:\/\/collall.nl\/fr\/product\/collall-colle-mosaic\/\",\"name\":\"Collall Colle Mosaic - Collall\",\"isPartOf\":{\"@id\":\"https:\/\/collall.nl\/#website\"},\"primaryImageOfPage\":{\"@id\":\"https:\/\/collall.nl\/fr\/product\/collall-colle-mosaic\/#primaryimage\"},\"image\":{\"@id\":\"https:\/\/collall.nl\/fr\/product\/collall-colle-mosaic\/#primaryimage\"},\"thumbnailUrl\":\"https:\/\/collall.nl\/wp-content\/uploads\/2022\/03\/Mozaiklijm.webp\",\"datePublished\":\"2022-03-01T09:15:46+00:00\",\"dateModified\":\"2025-06-12T08:42:18+00:00\",\"description\":\"Collall Colla Mosaic c'est la colle id\u00e9ale pour tous ceux qui souhaitent se lancer dans des projets cr\u00e9atifs avec des tesselles en verre ou en c\u00e9ramique.\",\"breadcrumb\":{\"@id\":\"https:\/\/collall.nl\/fr\/product\/collall-colle-mosaic\/#breadcrumb\"},\"inLanguage\":\"fr-FR\",\"potentialAction\":[{\"@type\":\"ReadAction\",\"target\":[\"https:\/\/collall.nl\/fr\/product\/collall-colle-mosaic\/\"]}]},{\"@type\":\"ImageObject\",\"inLanguage\":\"fr-FR\",\"@id\":\"https:\/\/collall.nl\/fr\/product\/collall-colle-mosaic\/#primaryimage\",\"url\":\"https:\/\/collall.nl\/wp-content\/uploads\/2022\/03\/Mozaiklijm.webp\",\"contentUrl\":\"https:\/\/collall.nl\/wp-content\/uploads\/2022\/03\/Mozaiklijm.webp\",\"width\":1000,\"height\":1000},{\"@type\":\"BreadcrumbList\",\"@id\":\"https:\/\/collall.nl\/fr\/product\/collall-colle-mosaic\/#breadcrumb\",\"itemListElement\":[{\"@type\":\"ListItem\",\"position\":1,\"name\":\"Home\",\"item\":\"https:\/\/collall.nl\/fr\/\"},{\"@type\":\"ListItem\",\"position\":2,\"name\":\"Produits\",\"item\":\"https:\/\/collall.nl\/fr\/produits\/\"},{\"@type\":\"ListItem\",\"position\":3,\"name\":\"Collall Colle Mosaic\"}]},{\"@type\":\"WebSite\",\"@id\":\"https:\/\/collall.nl\/#website\",\"url\":\"https:\/\/collall.nl\/\",\"name\":\"Collall\",\"description\":\"Adhesives &amp; Paints since 1949\",\"publisher\":{\"@id\":\"https:\/\/collall.nl\/#organization\"},\"potentialAction\":[{\"@type\":\"SearchAction\",\"target\":{\"@type\":\"EntryPoint\",\"urlTemplate\":\"https:\/\/collall.nl\/?s={search_term_string}\"},\"query-input\":{\"@type\":\"PropertyValueSpecification\",\"valueRequired\":true,\"valueName\":\"search_term_string\"}}],\"inLanguage\":\"fr-FR\"},{\"@type\":\"Organization\",\"@id\":\"https:\/\/collall.nl\/#organization\",\"name\":\"Collall B.V.\",\"url\":\"https:\/\/collall.nl\/\",\"logo\":{\"@type\":\"ImageObject\",\"inLanguage\":\"fr-FR\",\"@id\":\"https:\/\/collall.nl\/#\/schema\/logo\/image\/\",\"url\":\"https:\/\/collall.nl\/wp-content\/uploads\/2022\/08\/Collall-logo-186C_Reflex-blue.jpg\",\"contentUrl\":\"https:\/\/collall.nl\/wp-content\/uploads\/2022\/08\/Collall-logo-186C_Reflex-blue.jpg\",\"width\":1963,\"height\":1179,\"caption\":\"Collall B.V.\"},\"image\":{\"@id\":\"https:\/\/collall.nl\/#\/schema\/logo\/image\/\"},\"sameAs\":[\"https:\/\/www.facebook.com\/people\/Collall\/100064976852539\/\",\"https:\/\/www.instagram.com\/collall_1949\/\",\"https:\/\/nl.pinterest.com\/CollallBV\/\",\"https:\/\/www.youtube.com\/channel\/UCrCGuwth_udZhTqJSh5g9zg\"]}]}<\/script>\n<!-- \/ Yoast SEO plugin. -->","yoast_head_json":{"title":"Collall Colle Mosaic - Collall","description":"Collall Colla Mosaic c'est la colle id\u00e9ale pour tous ceux qui souhaitent se lancer dans des projets cr\u00e9atifs avec des tesselles en verre ou en c\u00e9ramique.","robots":{"index":"index","follow":"follow","max-snippet":"max-snippet:-1","max-image-preview":"max-image-preview:large","max-video-preview":"max-video-preview:-1"},"canonical":"https:\/\/collall.nl\/fr\/product\/collall-colle-mosaic\/","og_locale":"fr_FR","og_type":"article","og_title":"Collall Colle Mosaic - Collall","og_description":"Collall Colla Mosaic c'est la colle id\u00e9ale pour tous ceux qui souhaitent se lancer dans des projets cr\u00e9atifs avec des tesselles en verre ou en c\u00e9ramique.","og_url":"https:\/\/collall.nl\/fr\/product\/collall-colle-mosaic\/","og_site_name":"Collall","article_publisher":"https:\/\/www.facebook.com\/people\/Collall\/100064976852539\/","article_modified_time":"2025-06-12T08:42:18+00:00","og_image":[{"width":1000,"height":1000,"url":"https:\/\/collall.nl\/wp-content\/uploads\/2022\/03\/COLMZ0100-V2.jpg","type":"image\/jpeg"}],"twitter_card":"summary_large_image","twitter_misc":{"Dur\u00e9e de lecture estim\u00e9e":"3 minutes"},"schema":{"@context":"https:\/\/schema.org","@graph":[{"@type":"WebPage","@id":"https:\/\/collall.nl\/fr\/product\/collall-colle-mosaic\/","url":"https:\/\/collall.nl\/fr\/product\/collall-colle-mosaic\/","name":"Collall Colle Mosaic - Collall","isPartOf":{"@id":"https:\/\/collall.nl\/#website"},"primaryImageOfPage":{"@id":"https:\/\/collall.nl\/fr\/product\/collall-colle-mosaic\/#primaryimage"},"image":{"@id":"https:\/\/collall.nl\/fr\/product\/collall-colle-mosaic\/#primaryimage"},"thumbnailUrl":"https:\/\/collall.nl\/wp-content\/uploads\/2022\/03\/Mozaiklijm.webp","datePublished":"2022-03-01T09:15:46+00:00","dateModified":"2025-06-12T08:42:18+00:00","description":"Collall Colla Mosaic c'est la colle id\u00e9ale pour tous ceux qui souhaitent se lancer dans des projets cr\u00e9atifs avec des tesselles en verre ou en c\u00e9ramique.","breadcrumb":{"@id":"https:\/\/collall.nl\/fr\/product\/collall-colle-mosaic\/#breadcrumb"},"inLanguage":"fr-FR","potentialAction":[{"@type":"ReadAction","target":["https:\/\/collall.nl\/fr\/product\/collall-colle-mosaic\/"]}]},{"@type":"ImageObject","inLanguage":"fr-FR","@id":"https:\/\/collall.nl\/fr\/product\/collall-colle-mosaic\/#primaryimage","url":"https:\/\/collall.nl\/wp-content\/uploads\/2022\/03\/Mozaiklijm.webp","contentUrl":"https:\/\/collall.nl\/wp-content\/uploads\/2022\/03\/Mozaiklijm.webp","width":1000,"height":1000},{"@type":"BreadcrumbList","@id":"https:\/\/collall.nl\/fr\/product\/collall-colle-mosaic\/#breadcrumb","itemListElement":[{"@type":"ListItem","position":1,"name":"Home","item":"https:\/\/collall.nl\/fr\/"},{"@type":"ListItem","position":2,"name":"Produits","item":"https:\/\/collall.nl\/fr\/produits\/"},{"@type":"ListItem","position":3,"name":"Collall Colle Mosaic"}]},{"@type":"WebSite","@id":"https:\/\/collall.nl\/#website","url":"https:\/\/collall.nl\/","name":"Collall","description":"Adhesives &amp; Paints since 1949","publisher":{"@id":"https:\/\/collall.nl\/#organization"},"potentialAction":[{"@type":"SearchAction","target":{"@type":"EntryPoint","urlTemplate":"https:\/\/collall.nl\/?s={search_term_string}"},"query-input":{"@type":"PropertyValueSpecification","valueRequired":true,"valueName":"search_term_string"}}],"inLanguage":"fr-FR"},{"@type":"Organization","@id":"https:\/\/collall.nl\/#organization","name":"Collall B.V.","url":"https:\/\/collall.nl\/","logo":{"@type":"ImageObject","inLanguage":"fr-FR","@id":"https:\/\/collall.nl\/#\/schema\/logo\/image\/","url":"https:\/\/collall.nl\/wp-content\/uploads\/2022\/08\/Collall-logo-186C_Reflex-blue.jpg","contentUrl":"https:\/\/collall.nl\/wp-content\/uploads\/2022\/08\/Collall-logo-186C_Reflex-blue.jpg","width":1963,"height":1179,"caption":"Collall B.V."},"image":{"@id":"https:\/\/collall.nl\/#\/schema\/logo\/image\/"},"sameAs":["https:\/\/www.facebook.com\/people\/Collall\/100064976852539\/","https:\/\/www.instagram.com\/collall_1949\/","https:\/\/nl.pinterest.com\/CollallBV\/","https:\/\/www.youtube.com\/channel\/UCrCGuwth_udZhTqJSh5g9zg"]}]}},"_links":{"self":[{"href":"https:\/\/collall.nl\/fr\/wp-json\/wp\/v2\/product\/9959","targetHints":{"allow":["GET"]}}],"collection":[{"href":"https:\/\/collall.nl\/fr\/wp-json\/wp\/v2\/product"}],"about":[{"href":"https:\/\/collall.nl\/fr\/wp-json\/wp\/v2\/types\/product"}],"replies":[{"embeddable":true,"href":"https:\/\/collall.nl\/fr\/wp-json\/wp\/v2\/comments?post=9959"}],"wp:featuredmedia":[{"embeddable":true,"href":"https:\/\/collall.nl\/fr\/wp-json\/wp\/v2\/media\/31973"}],"wp:attachment":[{"href":"https:\/\/collall.nl\/fr\/wp-json\/wp\/v2\/media?parent=9959"}],"wp:term":[{"taxonomy":"product_brand","embeddable":true,"href":"https:\/\/collall.nl\/fr\/wp-json\/wp\/v2\/product_brand?post=9959"},{"taxonomy":"product_cat","embeddable":true,"href":"https:\/\/collall.nl\/fr\/wp-json\/wp\/v2\/product_cat?post=9959"},{"taxonomy":"product_tag","embeddable":true,"href":"https:\/\/collall.nl\/fr\/wp-json\/wp\/v2\/product_tag?post=9959"}],"curies":[{"name":"wp","href":"https:\/\/api.w.org\/{rel}","templated":true}]}}