{"id":9932,"date":"2022-03-01T09:15:16","date_gmt":"2022-03-01T09:15:20","guid":{"rendered":"http:\/\/collall.test\/product\/collall-transfer-medium-2\/"},"modified":"2025-06-12T14:14:45","modified_gmt":"2025-06-12T12:14:45","slug":"collall-transfer-medium-2","status":"publish","type":"product","link":"https:\/\/collall.nl\/fr\/product\/collall-transfer-medium-2\/","title":{"rendered":"Collall Transfer Medium"},"content":{"rendered":"<p class=\"\" data-start=\"42\" data-end=\"233\"><strong data-start=\"42\" data-end=\"59\">Application :<\/strong> Avec le Collall Transfer Medium, vous pouvez transf\u00e9rer des images imprim\u00e9es sur divers objets et mat\u00e9riaux. Convient pour les textiles, la c\u00e9ramique, le verre et le bois.<\/p>\n<p class=\"\" data-start=\"235\" data-end=\"252\"><strong data-start=\"235\" data-end=\"250\">Apparence :<\/strong><\/p>\n<ul data-start=\"254\" data-end=\"299\">\n<li class=\"\" data-start=\"254\" data-end=\"281\">\n<p class=\"\" data-start=\"256\" data-end=\"281\">Liquide blanc et fluide<\/p>\n<\/li>\n<\/ul>\n<p class=\"\" data-start=\"284\" data-end=\"299\"><strong>Solvant :<\/strong> Eau<\/p>\n<p class=\"\" data-start=\"301\" data-end=\"339\"><strong data-start=\"301\" data-end=\"327\">Ingr\u00e9dient principal :<\/strong> Acrylique<\/p>\n<p class=\"\" data-start=\"341\" data-end=\"374\"><strong data-start=\"341\" data-end=\"367\">Ingr\u00e9dients naturels :<\/strong> 50 %<\/p>\n<p class=\"\" data-start=\"376\" data-end=\"403\"><strong data-start=\"376\" data-end=\"391\">Viscosit\u00e9 :<\/strong> 300 mPa.s<\/p>\n<p class=\"\" data-start=\"405\" data-end=\"417\"><strong data-start=\"405\" data-end=\"413\">pH :<\/strong> 7<\/p>\n<p class=\"\" data-start=\"419\" data-end=\"446\"><strong data-start=\"419\" data-end=\"432\">Densit\u00e9 :<\/strong> 1,06 kg\/dm\u00b3<\/p>\n<p class=\"\" data-start=\"448\" data-end=\"460\"><strong data-start=\"448\" data-end=\"456\">CE :<\/strong> \u2013<\/p>\n<p class=\"\" data-start=\"462\" data-end=\"546\"><strong data-start=\"462\" data-end=\"487\">Utilisation typique :<\/strong> 175 g\/m\u00b2 pour les textiles trait\u00e9s avec Transfer Medium.<\/p>\n<p data-start=\"1082\" data-end=\"1110\">\n<p data-start=\"1082\" data-end=\"1110\"><strong>Comment l\u2019utiliser ?<\/strong><\/p>\n<ul>\n<li><strong data-start=\"1115\" data-end=\"1127\">\u00c9tape 1 : Imprimez<\/strong> votre image en <strong data-start=\"1143\" data-end=\"1153\">miroir<\/strong> avec une imprimante laser.<\/li>\n<li><strong data-start=\"1186\" data-end=\"1198\">\u00c9tape 2 : D\u00e9coupez<\/strong> l\u2019image en laissant environ <strong data-start=\"1227\" data-end=\"1244\">3 mm de marge<\/strong> tout autour.<\/li>\n<li><strong data-start=\"1263\" data-end=\"1290\">\u00c9tape 3 : Appliquez g\u00e9n\u00e9reusement<\/strong> le m\u00e9dium de transfert sur la face imprim\u00e9e de l\u2019image \u00e0 l\u2019aide d\u2019un <strong data-start=\"1360\" data-end=\"1392\">pinceau doux ou d\u2019une \u00e9ponge<\/strong>.<\/li>\n<li><strong data-start=\"1399\" data-end=\"1409\">\u00c9tape 4 : Placez<\/strong> l\u2019image, face imprim\u00e9e contre le support (ex. un t-shirt) et <strong data-start=\"1471\" data-end=\"1492\">appuyez fermement<\/strong>.<\/li>\n<li><strong data-start=\"1499\" data-end=\"1518\">\u00c9tape 5 : Essuyez l\u2019exc\u00e8s<\/strong> de produit avec un chiffon humide et <strong data-start=\"1556\" data-end=\"1579\">laissez bien s\u00e9cher<\/strong> (au moins <strong data-start=\"1590\" data-end=\"1603\">12 heures<\/strong>).<\/li>\n<li><strong data-start=\"1611\" data-end=\"1625\">\u00c9tape 6 : Humidifiez<\/strong> ensuite le papier avec <strong data-start=\"1649\" data-end=\"1668\">de l\u2019eau froide<\/strong> et laissez <strong data-start=\"1680\" data-end=\"1702\">tremper 10 minutes<\/strong>.<\/li>\n<li><strong data-start=\"1709\" data-end=\"1733\">\u00c9tape 7 : Frottez d\u00e9licatement<\/strong> la couche de papier avec les doigts pour la retirer.<\/li>\n<li><strong data-start=\"1792\" data-end=\"1823\">\u00c9tape 8 : Laissez s\u00e9cher compl\u00e8tement<\/strong>. Pour un r\u00e9sultat impeccable, appliquez <strong data-start=\"1864\" data-end=\"1898\">une fine couche suppl\u00e9mentaire<\/strong> de m\u00e9dium de transfert \u2013 cela \u00e9limine aussi les derniers r\u00e9sidus de papier.<\/li>\n<\/ul>\n<p>&nbsp;<\/p>\n<ul>\n<li data-start=\"1978\" data-end=\"2016\"><strong>Lavage \u00e0 la main \u00e0 30\u00b0C maximum.<\/strong><\/li>\n<li data-start=\"2019\" data-end=\"2055\"><strong>Ne pas mettre au lave-vaisselle.<\/strong><\/li>\n<\/ul>\n<p class=\"\" data-start=\"1447\" data-end=\"1562\"><strong data-start=\"1447\" data-end=\"1463\">Allerg\u00e8nes :<\/strong> Contient CMIT\/MIT et 1,2-benzisothiazol-3(2H)-one. Peut produire une r\u00e9action allergique.<\/p>\n<p class=\"\" data-start=\"1564\" data-end=\"1601\"><strong data-start=\"1564\" data-end=\"1580\">Convient \u00e0 :<\/strong> \u00c0 partir de 8 ans.<\/p>\n<p class=\"\" data-start=\"1603\" data-end=\"1620\"><strong data-start=\"1603\" data-end=\"1618\">Nettoyage :<\/strong><\/p>\n<ul>\n<li data-start=\"1622\" data-end=\"1869\">Les outils peuvent \u00eatre nettoy\u00e9s \u00e0 l\u2019eau, uniquement lorsque la colle est encore humide (un d\u00e9tergent synth\u00e9tique peut \u00eatre ajout\u00e9 \u00e0 l\u2019eau si n\u00e9cessaire).<\/li>\n<li data-start=\"1622\" data-end=\"1869\">Trempez les taches de colle s\u00e9ch\u00e9es dans de l\u2019eau ti\u00e8de, puis retirez-les avec une brosse.<\/li>\n<\/ul>\n<h2 data-start=\"82\" data-end=\"377\"><strong data-start=\"82\" data-end=\"123\">Qu\u2019est-ce qu\u2019un m\u00e9dium de transfert ?<\/strong><\/h2>\n<p data-start=\"82\" data-end=\"377\">Le mot <em data-start=\"133\" data-end=\"145\">\u00ab\u00a0transfer\u00a0\u00bb<\/em> vient de l\u2019anglais et signifie <em data-start=\"177\" data-end=\"191\">\u00ab\u00a0transf\u00e9rer\u00a0\u00bb<\/em>. Dans le monde cr\u00e9atif, une technique de transfert permet de d\u00e9placer une image d\u2019un support vers un autre \u2013 par exemple, d\u2019une feuille de papier vers du bois, du textile ou du verre.<\/p>\n<p data-start=\"379\" data-end=\"594\">Un <strong data-start=\"382\" data-end=\"405\">m\u00e9dium de transfert<\/strong> est donc un produit sp\u00e9cial qui rend cela possible. Il permet \u00e0 l\u2019encre ou au toner d\u2019une image imprim\u00e9e par imprimante laser de se d\u00e9tacher du papier et d\u2019adh\u00e9rer \u00e0 un nouveau mat\u00e9riau.<\/p>\n<p data-start=\"596\" data-end=\"1075\">Avec le <strong data-start=\"604\" data-end=\"635\">Collall M\u00e9dium de Transfert<\/strong>, vous pouvez facilement transf\u00e9rer une image imprim\u00e9e vous-m\u00eame sur une grande vari\u00e9t\u00e9 de supports : textile, c\u00e9ramique, verre, bois, etc. Ce n\u2019est pas une colle classique \u2013 ce m\u00e9dium permet \u00e0 votre image de <strong data-start=\"844\" data-end=\"893\">faire v\u00e9ritablement partie du nouveau support<\/strong>. La colle fixe temporairement l\u2019image sur le support ; apr\u00e8s s\u00e9chage, on humidifie le papier et on le retire d\u00e9licatement, ne laissant que l\u2019encre ou le toner sur le support choisi.<\/p>\n<p data-start=\"2062\" data-end=\"2092\"><strong data-start=\"2066\" data-end=\"2092\">Astuces &amp; Applications<\/strong><\/p>\n<ul>\n<li data-start=\"2096\" data-end=\"2197\">Cr\u00e9ez vos propres <strong data-start=\"2114\" data-end=\"2140\">t-shirts personnalis\u00e9s<\/strong>, <strong data-start=\"2142\" data-end=\"2150\">mugs<\/strong>, <strong data-start=\"2152\" data-end=\"2171\">plaques en bois<\/strong> ou <strong data-start=\"2175\" data-end=\"2194\">pots d\u00e9coratifs<\/strong>.<\/li>\n<li data-start=\"2200\" data-end=\"2253\">Parfait pour des <strong data-start=\"2217\" data-end=\"2250\">cadeaux uniques et personnels<\/strong>.<\/li>\n<li data-start=\"2256\" data-end=\"2328\">Id\u00e9al pour <strong data-start=\"2267\" data-end=\"2292\">des ateliers cr\u00e9atifs<\/strong> ou des <strong data-start=\"2300\" data-end=\"2325\">activit\u00e9s \u00e0 la maison<\/strong>.<\/li>\n<li data-start=\"2331\" data-end=\"2448\">Laissez les enfants transf\u00e9rer leurs dessins sur textile ou bois (ex. pour la <strong data-start=\"2409\" data-end=\"2427\">F\u00eate des P\u00e8res<\/strong> ou <strong data-start=\"2431\" data-end=\"2444\">des M\u00e8res<\/strong>).<\/li>\n<li data-start=\"2451\" data-end=\"2525\">Cadeau de naissance : imprimez la <strong data-start=\"2485\" data-end=\"2523\">premi\u00e8re photo de b\u00e9b\u00e9 sur un body<\/strong> !<\/li>\n<\/ul>\n","protected":false},"excerpt":{"rendered":"<p>Pour imprimer vous-m\u00eame les photos de vos enfants ou tout autre objet ou mat\u00e9riel<\/p>\n","protected":false},"featured_media":18245,"comment_status":"open","ping_status":"closed","template":"","meta":{"_acf_changed":false},"product_brand":[],"product_cat":[174],"product_tag":[],"class_list":{"0":"post-9932","1":"product","2":"type-product","3":"status-publish","4":"has-post-thumbnail","6":"product_cat-colle-et-vernis-colle","8":"first","9":"instock","10":"shipping-taxable","11":"purchasable","12":"product-type-variable"},"acf":[],"yoast_head":"<!-- This site is optimized with the Yoast SEO plugin v27.2 - https:\/\/yoast.com\/product\/yoast-seo-wordpress\/ -->\n<title>Collall Transfer Medium - Collall<\/title>\n<meta name=\"robots\" content=\"index, follow, max-snippet:-1, max-image-preview:large, max-video-preview:-1\" \/>\n<link rel=\"canonical\" href=\"https:\/\/collall.nl\/fr\/product\/collall-transfer-medium-2\/\" \/>\n<meta property=\"og:locale\" content=\"fr_FR\" \/>\n<meta property=\"og:type\" content=\"article\" \/>\n<meta property=\"og:title\" content=\"Collall Transfer Medium - Collall\" \/>\n<meta property=\"og:description\" content=\"Pour imprimer vous-m\u00eame les photos de vos enfants ou tout autre objet ou mat\u00e9riel\" \/>\n<meta property=\"og:url\" content=\"https:\/\/collall.nl\/fr\/product\/collall-transfer-medium-2\/\" \/>\n<meta property=\"og:site_name\" content=\"Collall\" \/>\n<meta property=\"article:publisher\" content=\"https:\/\/www.facebook.com\/people\/Collall\/100064976852539\/\" \/>\n<meta property=\"article:modified_time\" content=\"2025-06-12T12:14:45+00:00\" \/>\n<meta property=\"og:image\" content=\"https:\/\/collall.nl\/wp-content\/uploads\/2022\/03\/COLTF100_collall-transfer-medium.jpg\" \/>\n\t<meta property=\"og:image:width\" content=\"800\" \/>\n\t<meta property=\"og:image:height\" content=\"800\" \/>\n\t<meta property=\"og:image:type\" content=\"image\/jpeg\" \/>\n<meta name=\"twitter:card\" content=\"summary_large_image\" \/>\n<meta name=\"twitter:label1\" content=\"Dur\u00e9e de lecture estim\u00e9e\" \/>\n\t<meta name=\"twitter:data1\" content=\"3 minutes\" \/>\n<script type=\"application\/ld+json\" class=\"yoast-schema-graph\">{\"@context\":\"https:\/\/schema.org\",\"@graph\":[{\"@type\":\"WebPage\",\"@id\":\"https:\/\/collall.nl\/fr\/product\/collall-transfer-medium-2\/\",\"url\":\"https:\/\/collall.nl\/fr\/product\/collall-transfer-medium-2\/\",\"name\":\"Collall Transfer Medium - Collall\",\"isPartOf\":{\"@id\":\"https:\/\/collall.nl\/#website\"},\"primaryImageOfPage\":{\"@id\":\"https:\/\/collall.nl\/fr\/product\/collall-transfer-medium-2\/#primaryimage\"},\"image\":{\"@id\":\"https:\/\/collall.nl\/fr\/product\/collall-transfer-medium-2\/#primaryimage\"},\"thumbnailUrl\":\"https:\/\/collall.nl\/wp-content\/uploads\/2022\/03\/COLTF100_collall-transfer-medium.jpg\",\"datePublished\":\"2022-03-01T09:15:20+00:00\",\"dateModified\":\"2025-06-12T12:14:45+00:00\",\"breadcrumb\":{\"@id\":\"https:\/\/collall.nl\/fr\/product\/collall-transfer-medium-2\/#breadcrumb\"},\"inLanguage\":\"fr-FR\",\"potentialAction\":[{\"@type\":\"ReadAction\",\"target\":[\"https:\/\/collall.nl\/fr\/product\/collall-transfer-medium-2\/\"]}]},{\"@type\":\"ImageObject\",\"inLanguage\":\"fr-FR\",\"@id\":\"https:\/\/collall.nl\/fr\/product\/collall-transfer-medium-2\/#primaryimage\",\"url\":\"https:\/\/collall.nl\/wp-content\/uploads\/2022\/03\/COLTF100_collall-transfer-medium.jpg\",\"contentUrl\":\"https:\/\/collall.nl\/wp-content\/uploads\/2022\/03\/COLTF100_collall-transfer-medium.jpg\",\"width\":800,\"height\":800},{\"@type\":\"BreadcrumbList\",\"@id\":\"https:\/\/collall.nl\/fr\/product\/collall-transfer-medium-2\/#breadcrumb\",\"itemListElement\":[{\"@type\":\"ListItem\",\"position\":1,\"name\":\"Home\",\"item\":\"https:\/\/collall.nl\/fr\/\"},{\"@type\":\"ListItem\",\"position\":2,\"name\":\"Produits\",\"item\":\"https:\/\/collall.nl\/fr\/produits\/\"},{\"@type\":\"ListItem\",\"position\":3,\"name\":\"Collall Transfer Medium\"}]},{\"@type\":\"WebSite\",\"@id\":\"https:\/\/collall.nl\/#website\",\"url\":\"https:\/\/collall.nl\/\",\"name\":\"Collall\",\"description\":\"Adhesives &amp; Paints since 1949\",\"publisher\":{\"@id\":\"https:\/\/collall.nl\/#organization\"},\"potentialAction\":[{\"@type\":\"SearchAction\",\"target\":{\"@type\":\"EntryPoint\",\"urlTemplate\":\"https:\/\/collall.nl\/?s={search_term_string}\"},\"query-input\":{\"@type\":\"PropertyValueSpecification\",\"valueRequired\":true,\"valueName\":\"search_term_string\"}}],\"inLanguage\":\"fr-FR\"},{\"@type\":\"Organization\",\"@id\":\"https:\/\/collall.nl\/#organization\",\"name\":\"Collall B.V.\",\"url\":\"https:\/\/collall.nl\/\",\"logo\":{\"@type\":\"ImageObject\",\"inLanguage\":\"fr-FR\",\"@id\":\"https:\/\/collall.nl\/#\/schema\/logo\/image\/\",\"url\":\"https:\/\/collall.nl\/wp-content\/uploads\/2022\/08\/Collall-logo-186C_Reflex-blue.jpg\",\"contentUrl\":\"https:\/\/collall.nl\/wp-content\/uploads\/2022\/08\/Collall-logo-186C_Reflex-blue.jpg\",\"width\":1963,\"height\":1179,\"caption\":\"Collall B.V.\"},\"image\":{\"@id\":\"https:\/\/collall.nl\/#\/schema\/logo\/image\/\"},\"sameAs\":[\"https:\/\/www.facebook.com\/people\/Collall\/100064976852539\/\",\"https:\/\/www.instagram.com\/collall_1949\/\",\"https:\/\/nl.pinterest.com\/CollallBV\/\",\"https:\/\/www.youtube.com\/channel\/UCrCGuwth_udZhTqJSh5g9zg\"]}]}<\/script>\n<!-- \/ Yoast SEO plugin. -->","yoast_head_json":{"title":"Collall Transfer Medium - Collall","robots":{"index":"index","follow":"follow","max-snippet":"max-snippet:-1","max-image-preview":"max-image-preview:large","max-video-preview":"max-video-preview:-1"},"canonical":"https:\/\/collall.nl\/fr\/product\/collall-transfer-medium-2\/","og_locale":"fr_FR","og_type":"article","og_title":"Collall Transfer Medium - Collall","og_description":"Pour imprimer vous-m\u00eame les photos de vos enfants ou tout autre objet ou mat\u00e9riel","og_url":"https:\/\/collall.nl\/fr\/product\/collall-transfer-medium-2\/","og_site_name":"Collall","article_publisher":"https:\/\/www.facebook.com\/people\/Collall\/100064976852539\/","article_modified_time":"2025-06-12T12:14:45+00:00","og_image":[{"width":800,"height":800,"url":"https:\/\/collall.nl\/wp-content\/uploads\/2022\/03\/COLTF100_collall-transfer-medium.jpg","type":"image\/jpeg"}],"twitter_card":"summary_large_image","twitter_misc":{"Dur\u00e9e de lecture estim\u00e9e":"3 minutes"},"schema":{"@context":"https:\/\/schema.org","@graph":[{"@type":"WebPage","@id":"https:\/\/collall.nl\/fr\/product\/collall-transfer-medium-2\/","url":"https:\/\/collall.nl\/fr\/product\/collall-transfer-medium-2\/","name":"Collall Transfer Medium - Collall","isPartOf":{"@id":"https:\/\/collall.nl\/#website"},"primaryImageOfPage":{"@id":"https:\/\/collall.nl\/fr\/product\/collall-transfer-medium-2\/#primaryimage"},"image":{"@id":"https:\/\/collall.nl\/fr\/product\/collall-transfer-medium-2\/#primaryimage"},"thumbnailUrl":"https:\/\/collall.nl\/wp-content\/uploads\/2022\/03\/COLTF100_collall-transfer-medium.jpg","datePublished":"2022-03-01T09:15:20+00:00","dateModified":"2025-06-12T12:14:45+00:00","breadcrumb":{"@id":"https:\/\/collall.nl\/fr\/product\/collall-transfer-medium-2\/#breadcrumb"},"inLanguage":"fr-FR","potentialAction":[{"@type":"ReadAction","target":["https:\/\/collall.nl\/fr\/product\/collall-transfer-medium-2\/"]}]},{"@type":"ImageObject","inLanguage":"fr-FR","@id":"https:\/\/collall.nl\/fr\/product\/collall-transfer-medium-2\/#primaryimage","url":"https:\/\/collall.nl\/wp-content\/uploads\/2022\/03\/COLTF100_collall-transfer-medium.jpg","contentUrl":"https:\/\/collall.nl\/wp-content\/uploads\/2022\/03\/COLTF100_collall-transfer-medium.jpg","width":800,"height":800},{"@type":"BreadcrumbList","@id":"https:\/\/collall.nl\/fr\/product\/collall-transfer-medium-2\/#breadcrumb","itemListElement":[{"@type":"ListItem","position":1,"name":"Home","item":"https:\/\/collall.nl\/fr\/"},{"@type":"ListItem","position":2,"name":"Produits","item":"https:\/\/collall.nl\/fr\/produits\/"},{"@type":"ListItem","position":3,"name":"Collall Transfer Medium"}]},{"@type":"WebSite","@id":"https:\/\/collall.nl\/#website","url":"https:\/\/collall.nl\/","name":"Collall","description":"Adhesives &amp; Paints since 1949","publisher":{"@id":"https:\/\/collall.nl\/#organization"},"potentialAction":[{"@type":"SearchAction","target":{"@type":"EntryPoint","urlTemplate":"https:\/\/collall.nl\/?s={search_term_string}"},"query-input":{"@type":"PropertyValueSpecification","valueRequired":true,"valueName":"search_term_string"}}],"inLanguage":"fr-FR"},{"@type":"Organization","@id":"https:\/\/collall.nl\/#organization","name":"Collall B.V.","url":"https:\/\/collall.nl\/","logo":{"@type":"ImageObject","inLanguage":"fr-FR","@id":"https:\/\/collall.nl\/#\/schema\/logo\/image\/","url":"https:\/\/collall.nl\/wp-content\/uploads\/2022\/08\/Collall-logo-186C_Reflex-blue.jpg","contentUrl":"https:\/\/collall.nl\/wp-content\/uploads\/2022\/08\/Collall-logo-186C_Reflex-blue.jpg","width":1963,"height":1179,"caption":"Collall B.V."},"image":{"@id":"https:\/\/collall.nl\/#\/schema\/logo\/image\/"},"sameAs":["https:\/\/www.facebook.com\/people\/Collall\/100064976852539\/","https:\/\/www.instagram.com\/collall_1949\/","https:\/\/nl.pinterest.com\/CollallBV\/","https:\/\/www.youtube.com\/channel\/UCrCGuwth_udZhTqJSh5g9zg"]}]}},"_links":{"self":[{"href":"https:\/\/collall.nl\/fr\/wp-json\/wp\/v2\/product\/9932","targetHints":{"allow":["GET"]}}],"collection":[{"href":"https:\/\/collall.nl\/fr\/wp-json\/wp\/v2\/product"}],"about":[{"href":"https:\/\/collall.nl\/fr\/wp-json\/wp\/v2\/types\/product"}],"replies":[{"embeddable":true,"href":"https:\/\/collall.nl\/fr\/wp-json\/wp\/v2\/comments?post=9932"}],"wp:featuredmedia":[{"embeddable":true,"href":"https:\/\/collall.nl\/fr\/wp-json\/wp\/v2\/media\/18245"}],"wp:attachment":[{"href":"https:\/\/collall.nl\/fr\/wp-json\/wp\/v2\/media?parent=9932"}],"wp:term":[{"taxonomy":"product_brand","embeddable":true,"href":"https:\/\/collall.nl\/fr\/wp-json\/wp\/v2\/product_brand?post=9932"},{"taxonomy":"product_cat","embeddable":true,"href":"https:\/\/collall.nl\/fr\/wp-json\/wp\/v2\/product_cat?post=9932"},{"taxonomy":"product_tag","embeddable":true,"href":"https:\/\/collall.nl\/fr\/wp-json\/wp\/v2\/product_tag?post=9932"}],"curies":[{"name":"wp","href":"https:\/\/api.w.org\/{rel}","templated":true}]}}