{"id":9912,"date":"2022-03-01T09:15:05","date_gmt":"2022-03-01T09:15:05","guid":{"rendered":"http:\/\/collall.test\/product\/collall-colle-tissu\/"},"modified":"2025-03-25T13:33:32","modified_gmt":"2025-03-25T12:33:32","slug":"collall-colle-tissu","status":"publish","type":"product","link":"https:\/\/collall.nl\/fr\/product\/collall-colle-tissu\/","title":{"rendered":"Collall Colle Tissu"},"content":{"rendered":"<p><strong>Type de colle :\u00a0<\/strong>La colle textile Collall est une colle de haute qualit\u00e9 \u00e0 base de polyac\u00e9tate de vinyle (PVAc) qui, une fois s\u00e8che, offre une adh\u00e9rence flexible et r\u00e9sistante. Cette colle blanche \u00e0 base d\u2019eau est le choix id\u00e9al pour travailler avec du textile et offre de nombreuses applications, tant pour les projets de bricolage que pour les r\u00e9parations professionnelles.<\/p>\n<p class=\"\" data-start=\"382\" data-end=\"396\"><strong data-start=\"382\" data-end=\"394\">Aspect :<\/strong><\/p>\n<ul>\n<li data-start=\"399\" data-end=\"423\">Liquide blanc visqueux<\/li>\n<li data-start=\"426\" data-end=\"436\">Flexible<\/li>\n<li data-start=\"439\" data-end=\"455\">S\u00e9chage rapide<\/li>\n<li data-start=\"458\" data-end=\"485\">Transparent apr\u00e8s s\u00e9chage<\/li>\n<li data-start=\"488\" data-end=\"503\">Solvant : eau<\/li>\n<\/ul>\n<p class=\"\" data-start=\"505\" data-end=\"554\"><strong data-start=\"505\" data-end=\"530\">Composant principal :<\/strong> polyac\u00e9tate de vinyle<\/p>\n<p class=\"p1\"><b>Ingr\u00e9dients naturels : <\/b>40%<\/p>\n<p class=\"p1\"><b>Viscosit\u00e9 : <\/b>5 000 mPa.s<\/p>\n<p class=\"\" data-start=\"556\" data-end=\"570\"><strong data-start=\"556\" data-end=\"564\">pH :<\/strong> 4,8<\/p>\n<p class=\"\" data-start=\"572\" data-end=\"599\"><strong data-start=\"572\" data-end=\"585\">Densit\u00e9 :<\/strong> 1,06 kg\/dm\u00b3<\/p>\n<p class=\"\" data-start=\"601\" data-end=\"613\"><strong data-start=\"601\" data-end=\"609\">CE :<\/strong> \u2013<\/p>\n<p data-start=\"615\" data-end=\"638\"><strong data-start=\"619\" data-end=\"636\">Utilisation :<\/strong><\/p>\n<ul>\n<li data-start=\"641\" data-end=\"721\">Les mat\u00e9riaux \u00e0 coller doivent \u00eatre secs et exempts de poussi\u00e8re et de salet\u00e9.<\/li>\n<li data-start=\"724\" data-end=\"846\">Appliquer une fine couche de colle sur les deux surfaces pour \u00e9viter la p\u00e9n\u00e9tration excessive de la colle dans le tissu.<\/li>\n<li data-start=\"849\" data-end=\"949\">Laisser s\u00e9cher l\u00e9g\u00e8rement la colle, puis presser fermement les deux surfaces l\u2019une contre l\u2019autre.<\/li>\n<li data-start=\"952\" data-end=\"1020\">Ne pas laver le textile coll\u00e9 \u00e0 une temp\u00e9rature sup\u00e9rieure \u00e0 40\u00b0C.<\/li>\n<\/ul>\n<p class=\"\" data-start=\"1022\" data-end=\"1099\"><strong data-start=\"1022\" data-end=\"1038\">Allerg\u00e8nes :<\/strong> contient CMIT\/MIT. Peut produire une r\u00e9action allergique.<\/p>\n<p class=\"\" data-start=\"1101\" data-end=\"1127\"><strong data-start=\"1101\" data-end=\"1118\">\u00c0 partir de :<\/strong> 8 ans.<\/p>\n<p data-start=\"1129\" data-end=\"1150\"><strong data-start=\"1133\" data-end=\"1148\">Nettoyage :<\/strong><\/p>\n<ul>\n<li data-start=\"1153\" data-end=\"1311\">Les outils peuvent \u00eatre nettoy\u00e9s avec de l\u2019eau chaude tant que la colle est encore humide (un d\u00e9tergent synth\u00e9tique peut \u00eatre ajout\u00e9 \u00e0 l\u2019eau si n\u00e9cessaire).<\/li>\n<li data-start=\"1314\" data-end=\"1481\">Les taches fra\u00eeches presque s\u00e8ches doivent \u00eatre tremp\u00e9es dans de l\u2019eau chaude avant d\u2019\u00eatre \u00e9limin\u00e9es avec une brosse. Seules les taches encore humides sont lavables.<\/li>\n<\/ul>\n<h4 data-start=\"1483\" data-end=\"1542\"><strong data-start=\"1487\" data-end=\"1540\">Que peut-on faire avec la colle textile Collall ?<\/strong><\/h4>\n<p class=\"\" data-start=\"1543\" data-end=\"1609\">Elle est id\u00e9ale pour diverses applications textiles, notamment :<\/p>\n<ul>\n<li data-start=\"1612\" data-end=\"1688\"><strong data-start=\"1612\" data-end=\"1633\">Faire des ourlets<\/strong> : r\u00e9aliser des ourlets nets et solides sans couture.<\/li>\n<li data-start=\"1691\" data-end=\"1839\"><strong data-start=\"1691\" data-end=\"1721\">R\u00e9parations et d\u00e9corations<\/strong> : r\u00e9parer de petites d\u00e9chirures sur les v\u00eatements, les meubles ou ajouter des d\u00e9corations aux sacs, v\u00eatements, etc.<\/li>\n<li data-start=\"1842\" data-end=\"1967\"><strong data-start=\"1842\" data-end=\"1875\">R\u00e9paration de toiles de tente<\/strong> : colmater de petites d\u00e9chirures sur les tentes, b\u00e2ches et autres mat\u00e9riaux imperm\u00e9ables.<\/li>\n<\/ul>\n<p data-start=\"1969\" data-end=\"1994\"><strong data-start=\"1973\" data-end=\"1992\">Mode d\u2019emploi :<\/strong><\/p>\n<ol data-start=\"1995\" data-end=\"2377\">\n<li class=\"\" data-start=\"1995\" data-end=\"2095\">\n<p class=\"\" data-start=\"1998\" data-end=\"2095\">S\u2019assurer que les surfaces \u00e0 coller sont propres, s\u00e8ches et exemptes de poussi\u00e8re et de salet\u00e9.<\/p>\n<\/li>\n<li class=\"\" data-start=\"2096\" data-end=\"2249\">\n<p class=\"\" data-start=\"2099\" data-end=\"2249\">Appliquer une fine couche de colle textile Collall sur les deux surfaces \u00e0 assembler. Cela \u00e9vite la p\u00e9n\u00e9tration excessive de la colle dans le tissu.<\/p>\n<\/li>\n<li class=\"\" data-start=\"2250\" data-end=\"2288\">\n<p class=\"\" data-start=\"2253\" data-end=\"2288\">Laisser s\u00e9cher quelques instants.<\/p>\n<\/li>\n<li class=\"\" data-start=\"2289\" data-end=\"2377\">\n<p class=\"\" data-start=\"2292\" data-end=\"2377\">Presser fermement les surfaces l\u2019une contre l\u2019autre et laisser s\u00e9cher compl\u00e8tement.<\/p>\n<\/li>\n<\/ol>\n<p data-start=\"2379\" data-end=\"2410\"><strong data-start=\"2383\" data-end=\"2408\">Conseils importants :<\/strong><\/p>\n<ul data-start=\"2411\" data-end=\"2736\">\n<li class=\"\" data-start=\"2411\" data-end=\"2487\">\n<p class=\"\" data-start=\"2413\" data-end=\"2487\">Ne pas laver le textile coll\u00e9 \u00e0 plus de 40\u00b0C pour pr\u00e9server l\u2019adh\u00e9rence.<\/p>\n<\/li>\n<li class=\"\" data-start=\"2488\" data-end=\"2554\">\n<p class=\"\" data-start=\"2490\" data-end=\"2554\">Toujours tester sur un \u00e9chantillon de tissu avant application.<\/p>\n<\/li>\n<li class=\"\" data-start=\"2555\" data-end=\"2641\">\n<p class=\"\" data-start=\"2557\" data-end=\"2641\">Convient \u00e0 divers textiles, y compris le coton, le lin et les tissus synth\u00e9tiques.<\/p>\n<\/li>\n<li class=\"\" data-start=\"2642\" data-end=\"2736\">\n<p class=\"\" data-start=\"2644\" data-end=\"2736\">Id\u00e9ale pour les amateurs de loisirs cr\u00e9atifs ainsi que pour les professionnels du textile.<\/p>\n<\/li>\n<\/ul>\n<p>&nbsp;<\/p>\n<h3><strong data-start=\"2742\" data-end=\"2789\">Pourquoi choisir la colle textile Collall ?<\/strong><\/h3>\n<ul data-start=\"2792\" data-end=\"3070\">\n<li class=\"\" data-start=\"2792\" data-end=\"2880\">\n<p class=\"\" data-start=\"2794\" data-end=\"2880\"><strong data-start=\"2794\" data-end=\"2809\">Flexibilit\u00e9<\/strong> : reste souple apr\u00e8s s\u00e9chage, id\u00e9ale pour les textiles en mouvement.<\/p>\n<\/li>\n<li class=\"\" data-start=\"2881\" data-end=\"2959\">\n<p class=\"\" data-start=\"2883\" data-end=\"2959\"><strong data-start=\"2883\" data-end=\"2909\">Facilit\u00e9 d\u2019utilisation<\/strong> : application directe gr\u00e2ce au flacon pratique.<\/p>\n<\/li>\n<li class=\"\" data-start=\"2960\" data-end=\"3070\">\n<p class=\"\" data-start=\"2962\" data-end=\"3070\"><strong data-start=\"2962\" data-end=\"2978\">\u00c0 base d\u2019eau<\/strong> : sans solvants nocifs, adapt\u00e9e pour une utilisation domestique et s\u00e9curitaire d\u00e8s 8 ans.<\/p>\n<\/li>\n<\/ul>\n<p data-start=\"3072\" data-end=\"3125\"><strong data-start=\"3076\" data-end=\"3123\">Colle PVAc et lavage \u2013 Ce qu\u2019il faut savoir<\/strong><\/p>\n<p class=\"\" data-start=\"3126\" data-end=\"3398\">La colle textile Collall, \u00e0 base de polyac\u00e9tate de vinyle (PVAc), ne n\u00e9cessite pas de repassage avant lavage. Elle reste flexible et r\u00e9sistante apr\u00e8s s\u00e9chage et est con\u00e7ue pour r\u00e9sister aux lavages l\u00e9gers (jusqu\u2019\u00e0 40\u00b0C). Toutefois, voici quelques pr\u00e9cautions \u00e0 prendre :<\/p>\n<ul data-start=\"3400\" data-end=\"3891\" data-is-last-node=\"\" data-is-only-node=\"\">\n<li class=\"\" data-start=\"3400\" data-end=\"3584\">\n<p class=\"\" data-start=\"3402\" data-end=\"3584\"><strong data-start=\"3402\" data-end=\"3434\">Laisser bien s\u00e9cher la colle<\/strong> : attendre que la colle soit compl\u00e8tement s\u00e8che et durcie avant de laver le textile. Cela garantit une adh\u00e9sion optimale et emp\u00eache le d\u00e9collement.<\/p>\n<\/li>\n<li class=\"\" data-start=\"3585\" data-end=\"3701\">\n<p class=\"\" data-start=\"3587\" data-end=\"3701\"><strong data-start=\"3587\" data-end=\"3616\">Laver \u00e0 basse temp\u00e9rature<\/strong> : ne pas d\u00e9passer 40\u00b0C, car une temp\u00e9rature plus \u00e9lev\u00e9e pourrait alt\u00e9rer la colle.<\/p>\n<\/li>\n<li class=\"\" data-start=\"3702\" data-end=\"3891\">\n<p class=\"\" data-start=\"3704\" data-end=\"3891\"><strong data-start=\"3704\" data-end=\"3748\">Ne pas repasser directement sur la colle<\/strong> : la chaleur peut l\u2019endommager. Si n\u00e9cessaire, placer un tissu entre le fer et la zone coll\u00e9e pour \u00e9viter tout contact direct avec la chaleur.<\/p>\n<\/li>\n<\/ul>\n","protected":false},"excerpt":{"rendered":"<p>La colle textile Collall est une colle de haute qualit\u00e9 \u00e0 base de polyac\u00e9tate de vinyle (PVAc) qui, une fois s\u00e8che, offre une adh\u00e9rence flexible et r\u00e9sistante.<\/p>\n","protected":false},"featured_media":31957,"comment_status":"open","ping_status":"closed","template":"","meta":{"_acf_changed":false},"product_brand":[],"product_cat":[174],"product_tag":[3203],"class_list":{"0":"post-9912","1":"product","2":"type-product","3":"status-publish","4":"has-post-thumbnail","6":"product_cat-colle-et-vernis-colle","7":"product_tag-pvac-fr","9":"first","10":"instock","11":"shipping-taxable","12":"purchasable","13":"product-type-variable"},"acf":[],"yoast_head":"<!-- This site is optimized with the Yoast SEO plugin v27.2 - https:\/\/yoast.com\/product\/yoast-seo-wordpress\/ -->\n<title>Collall Colle Tissu - Collall<\/title>\n<meta name=\"description\" content=\"La colle textile Collall est une colle de haute qualit\u00e9 \u00e0 base de polyac\u00e9tate de vinyle (PVAc) qui, une fois s\u00e8che et elle offre une adh\u00e9rence flexible.\" \/>\n<meta name=\"robots\" content=\"index, follow, max-snippet:-1, max-image-preview:large, max-video-preview:-1\" \/>\n<link rel=\"canonical\" href=\"https:\/\/collall.nl\/fr\/product\/collall-colle-tissu\/\" \/>\n<meta property=\"og:locale\" content=\"fr_FR\" \/>\n<meta property=\"og:type\" content=\"article\" \/>\n<meta property=\"og:title\" content=\"Collall Colle Tissu - Collall\" \/>\n<meta property=\"og:description\" content=\"La colle textile Collall est une colle de haute qualit\u00e9 \u00e0 base de polyac\u00e9tate de vinyle (PVAc) qui, une fois s\u00e8che et elle offre une adh\u00e9rence flexible.\" \/>\n<meta property=\"og:url\" content=\"https:\/\/collall.nl\/fr\/product\/collall-colle-tissu\/\" \/>\n<meta property=\"og:site_name\" content=\"Collall\" \/>\n<meta property=\"article:publisher\" content=\"https:\/\/www.facebook.com\/people\/Collall\/100064976852539\/\" \/>\n<meta property=\"article:modified_time\" content=\"2025-03-25T12:33:32+00:00\" \/>\n<meta property=\"og:image\" content=\"https:\/\/collall.nl\/wp-content\/uploads\/2022\/03\/COLTX0100-collall-textile-glue.jpg\" \/>\n\t<meta property=\"og:image:width\" content=\"1000\" \/>\n\t<meta property=\"og:image:height\" content=\"1000\" \/>\n\t<meta property=\"og:image:type\" content=\"image\/jpeg\" \/>\n<meta name=\"twitter:card\" content=\"summary_large_image\" \/>\n<meta name=\"twitter:label1\" content=\"Dur\u00e9e de lecture estim\u00e9e\" \/>\n\t<meta name=\"twitter:data1\" content=\"3 minutes\" \/>\n<script type=\"application\/ld+json\" class=\"yoast-schema-graph\">{\"@context\":\"https:\/\/schema.org\",\"@graph\":[{\"@type\":\"WebPage\",\"@id\":\"https:\/\/collall.nl\/fr\/product\/collall-colle-tissu\/\",\"url\":\"https:\/\/collall.nl\/fr\/product\/collall-colle-tissu\/\",\"name\":\"Collall Colle Tissu - Collall\",\"isPartOf\":{\"@id\":\"https:\/\/collall.nl\/#website\"},\"primaryImageOfPage\":{\"@id\":\"https:\/\/collall.nl\/fr\/product\/collall-colle-tissu\/#primaryimage\"},\"image\":{\"@id\":\"https:\/\/collall.nl\/fr\/product\/collall-colle-tissu\/#primaryimage\"},\"thumbnailUrl\":\"https:\/\/collall.nl\/wp-content\/uploads\/2022\/03\/COLHX0100.webp\",\"datePublished\":\"2022-03-01T09:15:05+00:00\",\"dateModified\":\"2025-03-25T12:33:32+00:00\",\"description\":\"La colle textile Collall est une colle de haute qualit\u00e9 \u00e0 base de polyac\u00e9tate de vinyle (PVAc) qui, une fois s\u00e8che et elle offre une adh\u00e9rence flexible.\",\"breadcrumb\":{\"@id\":\"https:\/\/collall.nl\/fr\/product\/collall-colle-tissu\/#breadcrumb\"},\"inLanguage\":\"fr-FR\",\"potentialAction\":[{\"@type\":\"ReadAction\",\"target\":[\"https:\/\/collall.nl\/fr\/product\/collall-colle-tissu\/\"]}]},{\"@type\":\"ImageObject\",\"inLanguage\":\"fr-FR\",\"@id\":\"https:\/\/collall.nl\/fr\/product\/collall-colle-tissu\/#primaryimage\",\"url\":\"https:\/\/collall.nl\/wp-content\/uploads\/2022\/03\/COLHX0100.webp\",\"contentUrl\":\"https:\/\/collall.nl\/wp-content\/uploads\/2022\/03\/COLHX0100.webp\",\"width\":1000,\"height\":1000},{\"@type\":\"BreadcrumbList\",\"@id\":\"https:\/\/collall.nl\/fr\/product\/collall-colle-tissu\/#breadcrumb\",\"itemListElement\":[{\"@type\":\"ListItem\",\"position\":1,\"name\":\"Home\",\"item\":\"https:\/\/collall.nl\/fr\/\"},{\"@type\":\"ListItem\",\"position\":2,\"name\":\"Produits\",\"item\":\"https:\/\/collall.nl\/fr\/produits\/\"},{\"@type\":\"ListItem\",\"position\":3,\"name\":\"Collall Colle Tissu\"}]},{\"@type\":\"WebSite\",\"@id\":\"https:\/\/collall.nl\/#website\",\"url\":\"https:\/\/collall.nl\/\",\"name\":\"Collall\",\"description\":\"Adhesives &amp; Paints since 1949\",\"publisher\":{\"@id\":\"https:\/\/collall.nl\/#organization\"},\"potentialAction\":[{\"@type\":\"SearchAction\",\"target\":{\"@type\":\"EntryPoint\",\"urlTemplate\":\"https:\/\/collall.nl\/?s={search_term_string}\"},\"query-input\":{\"@type\":\"PropertyValueSpecification\",\"valueRequired\":true,\"valueName\":\"search_term_string\"}}],\"inLanguage\":\"fr-FR\"},{\"@type\":\"Organization\",\"@id\":\"https:\/\/collall.nl\/#organization\",\"name\":\"Collall B.V.\",\"url\":\"https:\/\/collall.nl\/\",\"logo\":{\"@type\":\"ImageObject\",\"inLanguage\":\"fr-FR\",\"@id\":\"https:\/\/collall.nl\/#\/schema\/logo\/image\/\",\"url\":\"https:\/\/collall.nl\/wp-content\/uploads\/2022\/08\/Collall-logo-186C_Reflex-blue.jpg\",\"contentUrl\":\"https:\/\/collall.nl\/wp-content\/uploads\/2022\/08\/Collall-logo-186C_Reflex-blue.jpg\",\"width\":1963,\"height\":1179,\"caption\":\"Collall B.V.\"},\"image\":{\"@id\":\"https:\/\/collall.nl\/#\/schema\/logo\/image\/\"},\"sameAs\":[\"https:\/\/www.facebook.com\/people\/Collall\/100064976852539\/\",\"https:\/\/www.instagram.com\/collall_1949\/\",\"https:\/\/nl.pinterest.com\/CollallBV\/\",\"https:\/\/www.youtube.com\/channel\/UCrCGuwth_udZhTqJSh5g9zg\"]}]}<\/script>\n<!-- \/ Yoast SEO plugin. -->","yoast_head_json":{"title":"Collall Colle Tissu - Collall","description":"La colle textile Collall est une colle de haute qualit\u00e9 \u00e0 base de polyac\u00e9tate de vinyle (PVAc) qui, une fois s\u00e8che et elle offre une adh\u00e9rence flexible.","robots":{"index":"index","follow":"follow","max-snippet":"max-snippet:-1","max-image-preview":"max-image-preview:large","max-video-preview":"max-video-preview:-1"},"canonical":"https:\/\/collall.nl\/fr\/product\/collall-colle-tissu\/","og_locale":"fr_FR","og_type":"article","og_title":"Collall Colle Tissu - Collall","og_description":"La colle textile Collall est une colle de haute qualit\u00e9 \u00e0 base de polyac\u00e9tate de vinyle (PVAc) qui, une fois s\u00e8che et elle offre une adh\u00e9rence flexible.","og_url":"https:\/\/collall.nl\/fr\/product\/collall-colle-tissu\/","og_site_name":"Collall","article_publisher":"https:\/\/www.facebook.com\/people\/Collall\/100064976852539\/","article_modified_time":"2025-03-25T12:33:32+00:00","og_image":[{"width":1000,"height":1000,"url":"https:\/\/collall.nl\/wp-content\/uploads\/2022\/03\/COLTX0100-collall-textile-glue.jpg","type":"image\/jpeg"}],"twitter_card":"summary_large_image","twitter_misc":{"Dur\u00e9e de lecture estim\u00e9e":"3 minutes"},"schema":{"@context":"https:\/\/schema.org","@graph":[{"@type":"WebPage","@id":"https:\/\/collall.nl\/fr\/product\/collall-colle-tissu\/","url":"https:\/\/collall.nl\/fr\/product\/collall-colle-tissu\/","name":"Collall Colle Tissu - Collall","isPartOf":{"@id":"https:\/\/collall.nl\/#website"},"primaryImageOfPage":{"@id":"https:\/\/collall.nl\/fr\/product\/collall-colle-tissu\/#primaryimage"},"image":{"@id":"https:\/\/collall.nl\/fr\/product\/collall-colle-tissu\/#primaryimage"},"thumbnailUrl":"https:\/\/collall.nl\/wp-content\/uploads\/2022\/03\/COLHX0100.webp","datePublished":"2022-03-01T09:15:05+00:00","dateModified":"2025-03-25T12:33:32+00:00","description":"La colle textile Collall est une colle de haute qualit\u00e9 \u00e0 base de polyac\u00e9tate de vinyle (PVAc) qui, une fois s\u00e8che et elle offre une adh\u00e9rence flexible.","breadcrumb":{"@id":"https:\/\/collall.nl\/fr\/product\/collall-colle-tissu\/#breadcrumb"},"inLanguage":"fr-FR","potentialAction":[{"@type":"ReadAction","target":["https:\/\/collall.nl\/fr\/product\/collall-colle-tissu\/"]}]},{"@type":"ImageObject","inLanguage":"fr-FR","@id":"https:\/\/collall.nl\/fr\/product\/collall-colle-tissu\/#primaryimage","url":"https:\/\/collall.nl\/wp-content\/uploads\/2022\/03\/COLHX0100.webp","contentUrl":"https:\/\/collall.nl\/wp-content\/uploads\/2022\/03\/COLHX0100.webp","width":1000,"height":1000},{"@type":"BreadcrumbList","@id":"https:\/\/collall.nl\/fr\/product\/collall-colle-tissu\/#breadcrumb","itemListElement":[{"@type":"ListItem","position":1,"name":"Home","item":"https:\/\/collall.nl\/fr\/"},{"@type":"ListItem","position":2,"name":"Produits","item":"https:\/\/collall.nl\/fr\/produits\/"},{"@type":"ListItem","position":3,"name":"Collall Colle Tissu"}]},{"@type":"WebSite","@id":"https:\/\/collall.nl\/#website","url":"https:\/\/collall.nl\/","name":"Collall","description":"Adhesives &amp; Paints since 1949","publisher":{"@id":"https:\/\/collall.nl\/#organization"},"potentialAction":[{"@type":"SearchAction","target":{"@type":"EntryPoint","urlTemplate":"https:\/\/collall.nl\/?s={search_term_string}"},"query-input":{"@type":"PropertyValueSpecification","valueRequired":true,"valueName":"search_term_string"}}],"inLanguage":"fr-FR"},{"@type":"Organization","@id":"https:\/\/collall.nl\/#organization","name":"Collall B.V.","url":"https:\/\/collall.nl\/","logo":{"@type":"ImageObject","inLanguage":"fr-FR","@id":"https:\/\/collall.nl\/#\/schema\/logo\/image\/","url":"https:\/\/collall.nl\/wp-content\/uploads\/2022\/08\/Collall-logo-186C_Reflex-blue.jpg","contentUrl":"https:\/\/collall.nl\/wp-content\/uploads\/2022\/08\/Collall-logo-186C_Reflex-blue.jpg","width":1963,"height":1179,"caption":"Collall B.V."},"image":{"@id":"https:\/\/collall.nl\/#\/schema\/logo\/image\/"},"sameAs":["https:\/\/www.facebook.com\/people\/Collall\/100064976852539\/","https:\/\/www.instagram.com\/collall_1949\/","https:\/\/nl.pinterest.com\/CollallBV\/","https:\/\/www.youtube.com\/channel\/UCrCGuwth_udZhTqJSh5g9zg"]}]}},"_links":{"self":[{"href":"https:\/\/collall.nl\/fr\/wp-json\/wp\/v2\/product\/9912","targetHints":{"allow":["GET"]}}],"collection":[{"href":"https:\/\/collall.nl\/fr\/wp-json\/wp\/v2\/product"}],"about":[{"href":"https:\/\/collall.nl\/fr\/wp-json\/wp\/v2\/types\/product"}],"replies":[{"embeddable":true,"href":"https:\/\/collall.nl\/fr\/wp-json\/wp\/v2\/comments?post=9912"}],"wp:featuredmedia":[{"embeddable":true,"href":"https:\/\/collall.nl\/fr\/wp-json\/wp\/v2\/media\/31957"}],"wp:attachment":[{"href":"https:\/\/collall.nl\/fr\/wp-json\/wp\/v2\/media?parent=9912"}],"wp:term":[{"taxonomy":"product_brand","embeddable":true,"href":"https:\/\/collall.nl\/fr\/wp-json\/wp\/v2\/product_brand?post=9912"},{"taxonomy":"product_cat","embeddable":true,"href":"https:\/\/collall.nl\/fr\/wp-json\/wp\/v2\/product_cat?post=9912"},{"taxonomy":"product_tag","embeddable":true,"href":"https:\/\/collall.nl\/fr\/wp-json\/wp\/v2\/product_tag?post=9912"}],"curies":[{"name":"wp","href":"https:\/\/api.w.org\/{rel}","templated":true}]}}