{"id":9858,"date":"2022-03-01T09:14:01","date_gmt":"2022-03-01T09:14:09","guid":{"rendered":"http:\/\/collall.test\/product\/collall-colle-a-bois\/"},"modified":"2025-05-20T16:55:15","modified_gmt":"2025-05-20T14:55:15","slug":"collall-colle-a-bois","status":"publish","type":"product","link":"https:\/\/collall.nl\/fr\/product\/collall-colle-a-bois\/","title":{"rendered":"Collall Colle \u00e0 Bois"},"content":{"rendered":"<p><strong>Type de colle: <\/strong>la Colle \u00e0 Bois Collall D3 est une colle \u00e0 bois r\u00e9sistante \u00e0 l&rsquo;eau et pr\u00eate \u00e0 l&#8217;emploi pour des applications int\u00e9rieures et ext\u00e9rieures. Parfaitement adapt\u00e9e pour le collage dans des zones humides telles que les salles de bains et les cuisines. Avec la Colle \u00e0 Bois Collall, vous pouvez coller du bois, du contreplaqu\u00e9, des stratifi\u00e9s et du carton. R\u00e9sistant \u00e0 l&rsquo;eau D3 &#8211; EN204.<\/p>\n<p><strong>Apparence:<\/strong><\/p>\n<ul>\n<li>Liquide blanc \u00e9pais<\/li>\n<li>S\u00eachage transparent et imperm\u00e9able<\/li>\n<li>S\u00eachage rapide<\/li>\n<\/ul>\n<p><strong>Solvant:\u00a0<\/strong>eau<\/p>\n<p><strong>Principal ingr\u00e9dient:<\/strong> polyvinylac\u00e9tone PVAc<\/p>\n<p class=\"p1\"><b>Ingr\u00e9dients naturels : <\/b>50%<\/p>\n<p class=\"p1\"><b>Viscosit\u00e9 : <\/b>12.000 mPa.s<\/p>\n<p><strong>pH:<\/strong> 3<\/p>\n<p><strong>Densit\u00e9:<\/strong> 1,09 kg\/dm<sup>3<\/sup><\/p>\n<p><strong>Utilisation:<\/strong>\u00a0100 &#8211; 150 g per m<sup>2<\/sup>\u00a0(one sided)<\/p>\n<p><strong>Application :<\/strong><\/p>\n<p>\u2022 Peut \u00eatre utilis\u00e9 pour coller le bois, le li\u00e8ge, le feutre, le polystyr\u00e8ne, le carton, divers plastiques, le contreplaqu\u00e9 et les stratifi\u00e9s.<\/p>\n<p>\u2022 Peut \u00eatre utilis\u00e9 \u00e0 l&rsquo;int\u00e9rieur et en ext\u00e9rieur dans des endroits prot\u00e9g\u00e9s.<\/p>\n<p>Les mat\u00e9riaux \u00e0 coller doivent \u00eatre propres. Pour les gros objets, il est important que les deux pi\u00e8ces \u00e0 coller soient l\u00e9g\u00e8rement humides. Au moins une des pi\u00e8ces doit \u00eatre capable d&rsquo;absorber de l&rsquo;eau pour permettre \u00e0 la colle de bien s\u00e9cher. La colle peut \u00eatre appliqu\u00e9e sur un ou deux c\u00f4t\u00e9s. L&rsquo;application des deux c\u00f4t\u00e9s donne une meilleure r\u00e9sistance \u00e0 l&rsquo;eau. La colle peut \u00eatre dilu\u00e9e avec de l&rsquo;eau. Cela influencera cependant le temps de s\u00e9chage et la r\u00e9sistance \u00e0 l&rsquo;eau. Appuyez fermement sur les pi\u00e8ces apr\u00e8s le collage. La r\u00e9sistance optimale sera atteinte apr\u00e8s quelques jours.<\/p>\n<p><strong>Allerg\u00e8nes: <\/strong>contient CMIT\/MIT. Peut produire une r\u00e9action allergique.<\/p>\n<p><strong>Adapt\u00e9e <\/strong>pour les enfants\u00a0\u00e0 partir de 6 ans<\/p>\n<p><strong>Nettoyage:<\/strong> les outils peuvent \u00eatre nettoy\u00e9s \u00e0 l&rsquo;eau tant que la colle est encore humide. Un d\u00e9tergent synth\u00e9tique peut \u00eatre ajout\u00e9 \u00e0 l&rsquo;eau si n\u00e9cessaire. Les traces de colle qui ont s\u00e9ch\u00e9 doivent \u00eatre tremp\u00e9es dans de l&rsquo;eau ti\u00e8de et enlev\u00e9es \u00e0 l&rsquo;aide d&rsquo;un pinceau.<\/p>\n<h4 data-start=\"1914\" data-end=\"1981\"><strong data-start=\"1922\" data-end=\"1981\">Une qualit\u00e9 sur laquelle vous pouvez compter<\/strong><\/h4>\n<p class=\"\" data-start=\"1983\" data-end=\"2379\"><strong data-start=\"1983\" data-end=\"2013\">La colle \u00e0 bois Collall D3<\/strong> est une colle pr\u00eate \u00e0 l\u2019emploi, r\u00e9sistante \u00e0 l\u2019eau et de qualit\u00e9 professionnelle. Gr\u00e2ce \u00e0 sa classification <strong data-start=\"2122\" data-end=\"2149\">D3 selon la norme EN204<\/strong>, elle r\u00e9siste \u00e0 l\u2019humidit\u00e9, ce qui la rend parfaite pour des <strong data-start=\"2211\" data-end=\"2239\">applications int\u00e9rieures<\/strong> ainsi que pour un <strong data-start=\"2258\" data-end=\"2285\">usage ext\u00e9rieur prot\u00e9g\u00e9<\/strong> (comme sous un auvent). Id\u00e9ale pour des assemblages bois solides dans et autour de la maison.<\/p>\n<p class=\"\" data-start=\"2381\" data-end=\"2540\">Cette colle blanche et \u00e9paisse <strong data-start=\"2412\" data-end=\"2447\">devient transparente en s\u00e9chant<\/strong> et cr\u00e9e une liaison <strong data-start=\"2468\" data-end=\"2488\">forte et durable<\/strong>. Elle adh\u00e8re parfaitement \u00e0 de nombreux mat\u00e9riaux :<\/p>\n<ul>\n<li data-start=\"2544\" data-end=\"2611\">Diff\u00e9rentes essences de bois (bois massif, bois tendre, bois dur)<\/li>\n<li data-start=\"2614\" data-end=\"2619\">MDF<\/li>\n<li data-start=\"2622\" data-end=\"2649\">Contreplaqu\u00e9 et multiplex<\/li>\n<li data-start=\"2652\" data-end=\"2664\">Stratifi\u00e9s<\/li>\n<li data-start=\"2667\" data-end=\"2682\">Carton et li\u00e8ge<\/li>\n<\/ul>\n<p class=\"\" data-start=\"2684\" data-end=\"2859\">Que vous construisiez un nichoir, r\u00e9pariez un meuble ou r\u00e9alisiez une maquette \u2013 <strong data-start=\"2765\" data-end=\"2792\">Collall Colle \u00e0 bois D3<\/strong> vous offre la <strong data-start=\"2807\" data-end=\"2846\">force, la pr\u00e9cision et la fiabilit\u00e9<\/strong> n\u00e9cessaires.<\/p>\n<p data-start=\"2861\" data-end=\"2904\"><strong>Pour les amateurs de loisirs cr\u00e9atifs<\/strong><\/p>\n<p class=\"\" data-start=\"2905\" data-end=\"3104\">Pour les bricoleurs et cr\u00e9atifs, la colle \u00e0 bois Collall est un outil indispensable. Gr\u00e2ce \u00e0 sa facilit\u00e9 d\u2019application, son temps de s\u00e9chage rapide et sa finition transparente, elle est id\u00e9ale pour :<\/p>\n<ul>\n<li data-start=\"3108\" data-end=\"3139\">Objets et d\u00e9corations en bois<\/li>\n<li data-start=\"3142\" data-end=\"3177\">Constructions en carton ou papier<\/li>\n<li data-start=\"3180\" data-end=\"3223\">Maquettes, projets cr\u00e9atifs et menuiserie<\/li>\n<li data-start=\"3226\" data-end=\"3277\">R\u00e9parations de petites pi\u00e8ces en bois (ex. meubles)<\/li>\n<\/ul>\n<p class=\"\" data-start=\"3279\" data-end=\"3382\">Sa <strong data-start=\"3282\" data-end=\"3307\">formule sans solvants<\/strong> permet un travail confortable, sans odeur forte ni \u00e9manations dangereuses.<\/p>\n<p data-start=\"3384\" data-end=\"3412\"><strong>Pour un usage scolaire<\/strong><\/p>\n<p class=\"\" data-start=\"3413\" data-end=\"3671\">Dans l\u2019enseignement, <strong data-start=\"3434\" data-end=\"3492\">la s\u00e9curit\u00e9, la facilit\u00e9 d\u2019utilisation et l\u2019efficacit\u00e9<\/strong> sont essentielles. La colle \u00e0 bois Collall D3 r\u00e9pond \u00e0 toutes ces exigences. \u00c0 base d\u2019eau et <strong data-start=\"3586\" data-end=\"3603\">sans solvants<\/strong>, elle garantit une utilisation sans danger et sans odeur en classe.<\/p>\n<p class=\"\" data-start=\"3673\" data-end=\"3751\">Convient aux \u00e9l\u00e8ves <strong data-start=\"3693\" data-end=\"3708\">de tout \u00e2ge<\/strong>, de l\u2019\u00e9cole primaire au secondaire, pour :<\/p>\n<ul>\n<li data-start=\"3755\" data-end=\"3781\">Les cours de technologie<\/li>\n<li data-start=\"3784\" data-end=\"3828\">Les arts plastiques et les travaux manuels<\/li>\n<li data-start=\"3831\" data-end=\"3878\">Les projets cr\u00e9atifs avec b\u00e2tonnets et carton<\/li>\n<li data-start=\"3881\" data-end=\"3926\">Les assemblages bois dans les cours pratiques<\/li>\n<\/ul>\n<hr class=\"\" data-start=\"3928\" data-end=\"3931\" \/>\n<h2 class=\"\" data-start=\"3933\" data-end=\"3997\">\ud83c\udde9\ud83c\uddea <strong data-start=\"3941\" data-end=\"3997\">Deutsch: Qualit\u00e4t, auf die Sie sich verlassen k\u00f6nnen<\/strong><\/h2>\n<p class=\"\" data-start=\"3999\" data-end=\"4374\"><strong data-start=\"3999\" data-end=\"4022\">Collall Holzleim D3<\/strong> ist ein gebrauchsfertiger, wasserbest\u00e4ndiger Holzleim in <strong data-start=\"4080\" data-end=\"4108\">professioneller Qualit\u00e4t<\/strong>. Durch die <strong data-start=\"4120\" data-end=\"4153\">D3-Klassifizierung nach EN204<\/strong> ist der Leim feuchtigkeitsresistent und eignet sich sowohl f\u00fcr <strong data-start=\"4217\" data-end=\"4248\">Anwendungen im Innenbereich<\/strong> als auch f\u00fcr den <strong data-start=\"4266\" data-end=\"4294\">gesch\u00fctzten Au\u00dfeneinsatz<\/strong> (z.\u202fB. unter einem Vordach). Ideal f\u00fcr starke Holzverbindungen im und ums Haus.<\/p>\n<p class=\"\" data-start=\"4376\" data-end=\"4540\">Dieser dickfl\u00fcssige, wei\u00dfe Holzleim <strong data-start=\"4412\" data-end=\"4436\">trocknet transparent<\/strong> und sorgt f\u00fcr eine <strong data-start=\"4456\" data-end=\"4492\">starke und dauerhafte Verbindung<\/strong>. Er haftet hervorragend auf vielen Materialien:<\/p>\n<ul data-start=\"4542\" data-end=\"4668\">\n<li class=\"\" data-start=\"4542\" data-end=\"4602\">\n<p class=\"\" data-start=\"4544\" data-end=\"4602\">Verschiedene Holzarten (Massivholz, Weichholz, Hartholz)<\/p>\n<\/li>\n<li class=\"\" data-start=\"4603\" data-end=\"4610\">\n<p class=\"\" data-start=\"4605\" data-end=\"4610\">MDF<\/p>\n<\/li>\n<li class=\"\" data-start=\"4611\" data-end=\"4638\">\n<p class=\"\" data-start=\"4613\" data-end=\"4638\">Sperrholz und Multiplex<\/p>\n<\/li>\n<li class=\"\" data-start=\"4639\" data-end=\"4650\">\n<p class=\"\" data-start=\"4641\" data-end=\"4650\">Laminat<\/p>\n<\/li>\n<li class=\"\" data-start=\"4651\" data-end=\"4668\">\n<p class=\"\" data-start=\"4653\" data-end=\"4668\">Karton und Kork<\/p>\n<\/li>\n<\/ul>\n<p class=\"\" data-start=\"4670\" data-end=\"4861\">Egal ob Sie ein Vogelh\u00e4uschen bauen, ein M\u00f6belst\u00fcck reparieren oder ein Modell konstruieren \u2013 <strong data-start=\"4764\" data-end=\"4791\">mit Collall Holzleim D3<\/strong> haben Sie die Kraft, Pr\u00e4zision und Zuverl\u00e4ssigkeit, die Sie brauchen.<\/p>\n<h3 class=\"\" data-start=\"4863\" data-end=\"4895\">F\u00fcr Bastler und Heimwerker<\/h3>\n<p class=\"\" data-start=\"4896\" data-end=\"5090\">F\u00fcr kreative Menschen und DIY-Fans ist der Collall Holzleim ein unverzichtbares Werkzeug. Dank der einfachen Anwendung, der schnellen Trocknung und der transparenten Oberfl\u00e4che ist er ideal f\u00fcr:<\/p>\n<ul data-start=\"5092\" data-end=\"5281\">\n<li class=\"\" data-start=\"5092\" data-end=\"5124\">\n<p class=\"\" data-start=\"5094\" data-end=\"5124\">Holzobjekte und Dekorationen<\/p>\n<\/li>\n<li class=\"\" data-start=\"5125\" data-end=\"5166\">\n<p class=\"\" data-start=\"5127\" data-end=\"5166\">Konstruktionen aus Karton oder Papier<\/p>\n<\/li>\n<li class=\"\" data-start=\"5167\" data-end=\"5213\">\n<p class=\"\" data-start=\"5169\" data-end=\"5213\">Modellbau, Bastelprojekte und Holzarbeiten<\/p>\n<\/li>\n<li class=\"\" data-start=\"5214\" data-end=\"5281\">\n<p class=\"\" data-start=\"5216\" data-end=\"5281\">Reparaturen kleiner Holzteile und Verbindungen (z.\u202fB. bei M\u00f6beln)<\/p>\n<\/li>\n<\/ul>\n<p class=\"\" data-start=\"5283\" data-end=\"5403\">Die <strong data-start=\"5287\" data-end=\"5316\">l\u00f6sungsmittelfreie Formel<\/strong> sorgt f\u00fcr ein angenehmes Arbeiten \u2013 <strong data-start=\"5353\" data-end=\"5402\">ohne st\u00f6renden Geruch oder gef\u00e4hrliche D\u00e4mpfe<\/strong>.<\/p>\n<h3 class=\"\" data-start=\"5405\" data-end=\"5438\">F\u00fcr den schulischen Einsatz<\/h3>\n<p class=\"\" data-start=\"5439\" data-end=\"5721\">In der Schule sind <strong data-start=\"5458\" data-end=\"5513\">Sicherheit, Benutzerfreundlichkeit und Effektivit\u00e4t<\/strong> entscheidend. Der Collall Holzleim D3 erf\u00fcllt alle diese Anforderungen. Der Leim ist <strong data-start=\"5599\" data-end=\"5644\">wasserbasiert und frei von L\u00f6sungsmitteln<\/strong>, was eine sichere und geruchsfreie Anwendung im Klassenzimmer gew\u00e4hrleistet.<\/p>\n<p class=\"\" data-start=\"5723\" data-end=\"5848\">Geeignet f\u00fcr Sch\u00fclerinnen und Sch\u00fcler <strong data-start=\"5761\" data-end=\"5783\">aller Altersstufen<\/strong>, von der Grundschule bis zur weiterf\u00fchrenden Schule \u2013 ideal f\u00fcr:<\/p>\n<ul data-start=\"5850\" data-end=\"5985\">\n<li class=\"\" data-start=\"5850\" data-end=\"5871\">\n<p class=\"\" data-start=\"5852\" data-end=\"5871\">Technikunterricht<\/p>\n<\/li>\n<li class=\"\" data-start=\"5872\" data-end=\"5901\">\n<p class=\"\" data-start=\"5874\" data-end=\"5901\">Kunst- und Werkunterricht<\/p>\n<\/li>\n<li class=\"\" data-start=\"5902\" data-end=\"5946\">\n<p class=\"\" data-start=\"5904\" data-end=\"5946\">Bastelarbeiten mit Eisstielen und Karton<\/p>\n<\/li>\n<li class=\"\" data-start=\"5947\" data-end=\"5985\">\n<p class=\"\" data-start=\"5949\" data-end=\"5985\">Holzverbindungen im Praxisunterricht<\/p>\n<\/li>\n<\/ul>\n<p class=\"\" data-start=\"420\" data-end=\"469\"><strong data-start=\"420\" data-end=\"467\">Autres colles Collall \u00e0 base d&rsquo;eau (PVAc) :<\/strong><\/p>\n<ul>\n<li data-start=\"472\" data-end=\"494\">Colle Foam Collall<\/li>\n<li data-start=\"522\" data-end=\"550\">Colle de Bricolage Collall<\/li>\n<li data-start=\"553\" data-end=\"577\">Colle Mosa\u00efque Collall<\/li>\n<li data-start=\"580\" data-end=\"604\">Colle Quilling Collall<\/li>\n<li data-start=\"607\" data-end=\"628\">Colle Tacky Collall<\/li>\n<li data-start=\"631\" data-end=\"654\">Colle Textile Collall<\/li>\n<li data-start=\"657\" data-end=\"679\">Colle Feutrine Collall<\/li>\n<\/ul>\n","protected":false},"excerpt":{"rendered":"<p>Colle blanche \u00e0 base d\u2019eau, \u00e0 s\u00e9chage rapide, avec un fini imperm\u00e9able et transparent.<\/p>\n<p><img loading=\"lazy\" decoding=\"async\" class=\"alignnone size-full wp-image-27703\" src=\"https:\/\/collall.nl\/wp-content\/uploads\/2022\/03\/Collall-EN204-D3-wood-glue-water-restitant.jpg\" alt=\"\" width=\"253\" height=\"254\" srcset=\"https:\/\/collall.nl\/wp-content\/uploads\/2022\/03\/Collall-EN204-D3-wood-glue-water-restitant.jpg 253w, https:\/\/collall.nl\/wp-content\/uploads\/2022\/03\/Collall-EN204-D3-wood-glue-water-restitant-150x150.jpg 150w, https:\/\/collall.nl\/wp-content\/uploads\/2022\/03\/Collall-EN204-D3-wood-glue-water-restitant-235x236.jpg 235w, https:\/\/collall.nl\/wp-content\/uploads\/2022\/03\/Collall-EN204-D3-wood-glue-water-restitant-100x100.jpg 100w\" sizes=\"auto, (max-width: 253px) 100vw, 253px\" \/><\/p>\n","protected":false},"featured_media":19973,"comment_status":"open","ping_status":"closed","template":"","meta":{"_acf_changed":false},"product_brand":[],"product_cat":[174],"product_tag":[3203],"class_list":{"0":"post-9858","1":"product","2":"type-product","3":"status-publish","4":"has-post-thumbnail","6":"product_cat-colle-et-vernis-colle","7":"product_tag-pvac-fr","9":"first","10":"instock","11":"shipping-taxable","12":"purchasable","13":"product-type-variable"},"acf":[],"yoast_head":"<!-- This site is optimized with the Yoast SEO plugin v27.2 - https:\/\/yoast.com\/product\/yoast-seo-wordpress\/ -->\n<title>Collall Colle \u00e0 Bois - Collall<\/title>\n<meta name=\"description\" content=\"Collall Colle \u00e0 bois de qualit\u00e9 professionnelle, qualit\u00e9 D3, cr\u00e9e un film de colle imperm\u00e9able et r\u00e9sistant \u00e0 l&#039;eau. Colle PVAc.\" \/>\n<meta name=\"robots\" content=\"index, follow, max-snippet:-1, max-image-preview:large, max-video-preview:-1\" \/>\n<link rel=\"canonical\" href=\"https:\/\/collall.nl\/fr\/product\/collall-colle-a-bois\/\" \/>\n<meta property=\"og:locale\" content=\"fr_FR\" \/>\n<meta property=\"og:type\" content=\"article\" \/>\n<meta property=\"og:title\" content=\"Collall Colle \u00e0 Bois - Collall\" \/>\n<meta property=\"og:description\" content=\"Collall Colle \u00e0 bois de qualit\u00e9 professionnelle, qualit\u00e9 D3, cr\u00e9e un film de colle imperm\u00e9able et r\u00e9sistant \u00e0 l&#039;eau. Colle PVAc.\" \/>\n<meta property=\"og:url\" content=\"https:\/\/collall.nl\/fr\/product\/collall-colle-a-bois\/\" \/>\n<meta property=\"og:site_name\" content=\"Collall\" \/>\n<meta property=\"article:publisher\" content=\"https:\/\/www.facebook.com\/people\/Collall\/100064976852539\/\" \/>\n<meta property=\"article:modified_time\" content=\"2025-05-20T14:55:15+00:00\" \/>\n<meta property=\"og:image\" content=\"https:\/\/collall.nl\/wp-content\/uploads\/2022\/03\/COLHL0100.jpg\" \/>\n\t<meta property=\"og:image:width\" content=\"800\" \/>\n\t<meta property=\"og:image:height\" content=\"800\" \/>\n\t<meta property=\"og:image:type\" content=\"image\/jpeg\" \/>\n<meta name=\"twitter:card\" content=\"summary_large_image\" \/>\n<meta name=\"twitter:label1\" content=\"Dur\u00e9e de lecture estim\u00e9e\" \/>\n\t<meta name=\"twitter:data1\" content=\"5 minutes\" \/>\n<script type=\"application\/ld+json\" class=\"yoast-schema-graph\">{\"@context\":\"https:\/\/schema.org\",\"@graph\":[{\"@type\":\"WebPage\",\"@id\":\"https:\/\/collall.nl\/fr\/product\/collall-colle-a-bois\/\",\"url\":\"https:\/\/collall.nl\/fr\/product\/collall-colle-a-bois\/\",\"name\":\"Collall Colle \u00e0 Bois - Collall\",\"isPartOf\":{\"@id\":\"https:\/\/collall.nl\/#website\"},\"primaryImageOfPage\":{\"@id\":\"https:\/\/collall.nl\/fr\/product\/collall-colle-a-bois\/#primaryimage\"},\"image\":{\"@id\":\"https:\/\/collall.nl\/fr\/product\/collall-colle-a-bois\/#primaryimage\"},\"thumbnailUrl\":\"https:\/\/collall.nl\/wp-content\/uploads\/2022\/03\/COLHL0100.jpg\",\"datePublished\":\"2022-03-01T09:14:09+00:00\",\"dateModified\":\"2025-05-20T14:55:15+00:00\",\"description\":\"Collall Colle \u00e0 bois de qualit\u00e9 professionnelle, qualit\u00e9 D3, cr\u00e9e un film de colle imperm\u00e9able et r\u00e9sistant \u00e0 l'eau. Colle PVAc.\",\"breadcrumb\":{\"@id\":\"https:\/\/collall.nl\/fr\/product\/collall-colle-a-bois\/#breadcrumb\"},\"inLanguage\":\"fr-FR\",\"potentialAction\":[{\"@type\":\"ReadAction\",\"target\":[\"https:\/\/collall.nl\/fr\/product\/collall-colle-a-bois\/\"]}]},{\"@type\":\"ImageObject\",\"inLanguage\":\"fr-FR\",\"@id\":\"https:\/\/collall.nl\/fr\/product\/collall-colle-a-bois\/#primaryimage\",\"url\":\"https:\/\/collall.nl\/wp-content\/uploads\/2022\/03\/COLHL0100.jpg\",\"contentUrl\":\"https:\/\/collall.nl\/wp-content\/uploads\/2022\/03\/COLHL0100.jpg\",\"width\":800,\"height\":800},{\"@type\":\"BreadcrumbList\",\"@id\":\"https:\/\/collall.nl\/fr\/product\/collall-colle-a-bois\/#breadcrumb\",\"itemListElement\":[{\"@type\":\"ListItem\",\"position\":1,\"name\":\"Home\",\"item\":\"https:\/\/collall.nl\/fr\/\"},{\"@type\":\"ListItem\",\"position\":2,\"name\":\"Produits\",\"item\":\"https:\/\/collall.nl\/fr\/produits\/\"},{\"@type\":\"ListItem\",\"position\":3,\"name\":\"Collall Colle \u00e0 Bois\"}]},{\"@type\":\"WebSite\",\"@id\":\"https:\/\/collall.nl\/#website\",\"url\":\"https:\/\/collall.nl\/\",\"name\":\"Collall\",\"description\":\"Adhesives &amp; Paints since 1949\",\"publisher\":{\"@id\":\"https:\/\/collall.nl\/#organization\"},\"potentialAction\":[{\"@type\":\"SearchAction\",\"target\":{\"@type\":\"EntryPoint\",\"urlTemplate\":\"https:\/\/collall.nl\/?s={search_term_string}\"},\"query-input\":{\"@type\":\"PropertyValueSpecification\",\"valueRequired\":true,\"valueName\":\"search_term_string\"}}],\"inLanguage\":\"fr-FR\"},{\"@type\":\"Organization\",\"@id\":\"https:\/\/collall.nl\/#organization\",\"name\":\"Collall B.V.\",\"url\":\"https:\/\/collall.nl\/\",\"logo\":{\"@type\":\"ImageObject\",\"inLanguage\":\"fr-FR\",\"@id\":\"https:\/\/collall.nl\/#\/schema\/logo\/image\/\",\"url\":\"https:\/\/collall.nl\/wp-content\/uploads\/2022\/08\/Collall-logo-186C_Reflex-blue.jpg\",\"contentUrl\":\"https:\/\/collall.nl\/wp-content\/uploads\/2022\/08\/Collall-logo-186C_Reflex-blue.jpg\",\"width\":1963,\"height\":1179,\"caption\":\"Collall B.V.\"},\"image\":{\"@id\":\"https:\/\/collall.nl\/#\/schema\/logo\/image\/\"},\"sameAs\":[\"https:\/\/www.facebook.com\/people\/Collall\/100064976852539\/\",\"https:\/\/www.instagram.com\/collall_1949\/\",\"https:\/\/nl.pinterest.com\/CollallBV\/\",\"https:\/\/www.youtube.com\/channel\/UCrCGuwth_udZhTqJSh5g9zg\"]}]}<\/script>\n<!-- \/ Yoast SEO plugin. -->","yoast_head_json":{"title":"Collall Colle \u00e0 Bois - Collall","description":"Collall Colle \u00e0 bois de qualit\u00e9 professionnelle, qualit\u00e9 D3, cr\u00e9e un film de colle imperm\u00e9able et r\u00e9sistant \u00e0 l'eau. Colle PVAc.","robots":{"index":"index","follow":"follow","max-snippet":"max-snippet:-1","max-image-preview":"max-image-preview:large","max-video-preview":"max-video-preview:-1"},"canonical":"https:\/\/collall.nl\/fr\/product\/collall-colle-a-bois\/","og_locale":"fr_FR","og_type":"article","og_title":"Collall Colle \u00e0 Bois - Collall","og_description":"Collall Colle \u00e0 bois de qualit\u00e9 professionnelle, qualit\u00e9 D3, cr\u00e9e un film de colle imperm\u00e9able et r\u00e9sistant \u00e0 l'eau. Colle PVAc.","og_url":"https:\/\/collall.nl\/fr\/product\/collall-colle-a-bois\/","og_site_name":"Collall","article_publisher":"https:\/\/www.facebook.com\/people\/Collall\/100064976852539\/","article_modified_time":"2025-05-20T14:55:15+00:00","og_image":[{"width":800,"height":800,"url":"https:\/\/collall.nl\/wp-content\/uploads\/2022\/03\/COLHL0100.jpg","type":"image\/jpeg"}],"twitter_card":"summary_large_image","twitter_misc":{"Dur\u00e9e de lecture estim\u00e9e":"5 minutes"},"schema":{"@context":"https:\/\/schema.org","@graph":[{"@type":"WebPage","@id":"https:\/\/collall.nl\/fr\/product\/collall-colle-a-bois\/","url":"https:\/\/collall.nl\/fr\/product\/collall-colle-a-bois\/","name":"Collall Colle \u00e0 Bois - Collall","isPartOf":{"@id":"https:\/\/collall.nl\/#website"},"primaryImageOfPage":{"@id":"https:\/\/collall.nl\/fr\/product\/collall-colle-a-bois\/#primaryimage"},"image":{"@id":"https:\/\/collall.nl\/fr\/product\/collall-colle-a-bois\/#primaryimage"},"thumbnailUrl":"https:\/\/collall.nl\/wp-content\/uploads\/2022\/03\/COLHL0100.jpg","datePublished":"2022-03-01T09:14:09+00:00","dateModified":"2025-05-20T14:55:15+00:00","description":"Collall Colle \u00e0 bois de qualit\u00e9 professionnelle, qualit\u00e9 D3, cr\u00e9e un film de colle imperm\u00e9able et r\u00e9sistant \u00e0 l'eau. Colle PVAc.","breadcrumb":{"@id":"https:\/\/collall.nl\/fr\/product\/collall-colle-a-bois\/#breadcrumb"},"inLanguage":"fr-FR","potentialAction":[{"@type":"ReadAction","target":["https:\/\/collall.nl\/fr\/product\/collall-colle-a-bois\/"]}]},{"@type":"ImageObject","inLanguage":"fr-FR","@id":"https:\/\/collall.nl\/fr\/product\/collall-colle-a-bois\/#primaryimage","url":"https:\/\/collall.nl\/wp-content\/uploads\/2022\/03\/COLHL0100.jpg","contentUrl":"https:\/\/collall.nl\/wp-content\/uploads\/2022\/03\/COLHL0100.jpg","width":800,"height":800},{"@type":"BreadcrumbList","@id":"https:\/\/collall.nl\/fr\/product\/collall-colle-a-bois\/#breadcrumb","itemListElement":[{"@type":"ListItem","position":1,"name":"Home","item":"https:\/\/collall.nl\/fr\/"},{"@type":"ListItem","position":2,"name":"Produits","item":"https:\/\/collall.nl\/fr\/produits\/"},{"@type":"ListItem","position":3,"name":"Collall Colle \u00e0 Bois"}]},{"@type":"WebSite","@id":"https:\/\/collall.nl\/#website","url":"https:\/\/collall.nl\/","name":"Collall","description":"Adhesives &amp; Paints since 1949","publisher":{"@id":"https:\/\/collall.nl\/#organization"},"potentialAction":[{"@type":"SearchAction","target":{"@type":"EntryPoint","urlTemplate":"https:\/\/collall.nl\/?s={search_term_string}"},"query-input":{"@type":"PropertyValueSpecification","valueRequired":true,"valueName":"search_term_string"}}],"inLanguage":"fr-FR"},{"@type":"Organization","@id":"https:\/\/collall.nl\/#organization","name":"Collall B.V.","url":"https:\/\/collall.nl\/","logo":{"@type":"ImageObject","inLanguage":"fr-FR","@id":"https:\/\/collall.nl\/#\/schema\/logo\/image\/","url":"https:\/\/collall.nl\/wp-content\/uploads\/2022\/08\/Collall-logo-186C_Reflex-blue.jpg","contentUrl":"https:\/\/collall.nl\/wp-content\/uploads\/2022\/08\/Collall-logo-186C_Reflex-blue.jpg","width":1963,"height":1179,"caption":"Collall B.V."},"image":{"@id":"https:\/\/collall.nl\/#\/schema\/logo\/image\/"},"sameAs":["https:\/\/www.facebook.com\/people\/Collall\/100064976852539\/","https:\/\/www.instagram.com\/collall_1949\/","https:\/\/nl.pinterest.com\/CollallBV\/","https:\/\/www.youtube.com\/channel\/UCrCGuwth_udZhTqJSh5g9zg"]}]}},"_links":{"self":[{"href":"https:\/\/collall.nl\/fr\/wp-json\/wp\/v2\/product\/9858","targetHints":{"allow":["GET"]}}],"collection":[{"href":"https:\/\/collall.nl\/fr\/wp-json\/wp\/v2\/product"}],"about":[{"href":"https:\/\/collall.nl\/fr\/wp-json\/wp\/v2\/types\/product"}],"replies":[{"embeddable":true,"href":"https:\/\/collall.nl\/fr\/wp-json\/wp\/v2\/comments?post=9858"}],"wp:featuredmedia":[{"embeddable":true,"href":"https:\/\/collall.nl\/fr\/wp-json\/wp\/v2\/media\/19973"}],"wp:attachment":[{"href":"https:\/\/collall.nl\/fr\/wp-json\/wp\/v2\/media?parent=9858"}],"wp:term":[{"taxonomy":"product_brand","embeddable":true,"href":"https:\/\/collall.nl\/fr\/wp-json\/wp\/v2\/product_brand?post=9858"},{"taxonomy":"product_cat","embeddable":true,"href":"https:\/\/collall.nl\/fr\/wp-json\/wp\/v2\/product_cat?post=9858"},{"taxonomy":"product_tag","embeddable":true,"href":"https:\/\/collall.nl\/fr\/wp-json\/wp\/v2\/product_tag?post=9858"}],"curies":[{"name":"wp","href":"https:\/\/api.w.org\/{rel}","templated":true}]}}