{"id":9783,"date":"2022-03-01T09:13:34","date_gmt":"2022-03-01T09:13:38","guid":{"rendered":"http:\/\/collall.test\/product\/collall-colle-hobby\/"},"modified":"2025-03-17T15:43:18","modified_gmt":"2025-03-17T14:43:18","slug":"collall-colle-hobby","status":"publish","type":"product","link":"https:\/\/collall.nl\/fr\/product\/collall-colle-hobby\/","title":{"rendered":"Collall Colle Hobby"},"content":{"rendered":"<p><strong>Application :<\/strong> Colle Hobby Collall pour coller du papier, carton, li\u00e8ge, bois, textile, polystyr\u00e8ne expans\u00e9, mati\u00e8res synth\u00e9tiques l\u00e9g\u00e8res, c\u00e9ramique et pierre. Pour les loisirs, l&rsquo;\u00e9cole ou le bureau.<\/p>\n<p><strong>Propri\u00e9t\u00e9s :\u00a0<\/strong><\/p>\n<ul>\n<li>Clair transparent<\/li>\n<li>\u00c9pais et liquide<\/li>\n<li>Inodore<\/li>\n<li>R\u00e9versible<\/li>\n<li>Sans acide<\/li>\n<\/ul>\n<p class=\"p1\"><strong>Solvent : <\/strong>l&rsquo;eau<\/p>\n<p class=\"p1\"><strong>Ingr\u00e9dient principal :<\/strong> polyvinylalcohol<\/p>\n<p data-start=\"27\" data-end=\"54\"><strong>Ingr\u00e9dients naturels :<\/strong> 73 %<\/p>\n<p data-start=\"56\" data-end=\"79\" data-is-last-node=\"\" data-is-only-node=\"\"><strong>Viscosit\u00e9 :<\/strong> 4000 mPa.s<\/p>\n<p><strong>pH : <\/strong>7<\/p>\n<p class=\"p1\"><strong>Densit\u00e9 :<\/strong> 1,06 Kg\/dm\u00b3<\/p>\n<p class=\"p1\"><strong>CE :<\/strong> &#8211;<\/p>\n<p class=\"p1\"><strong>Consommation de colle :<\/strong> environ 150 grammes par m\u00b2.<\/p>\n<p class=\"p1\"><strong>Utilisation :<\/strong><\/p>\n<ul>\n<li>Les mat\u00e9riaux \u00e0 coller doivent \u00eatre secs.<\/li>\n<li>Appliquer directement la colle du flacon sur la surface et \u00e9talez-la si n\u00e9cessaire \u00e0 l&rsquo;aide d&rsquo;une spatule ou d&rsquo;un pinceau.<\/li>\n<li>Appliquer la colle d&rsquo;un c\u00f4t\u00e9 ou des deux c\u00f4t\u00e9s.<\/li>\n<\/ul>\n<p><strong>Allerg\u00e8nes : <\/strong>contient CMIT\/MIT. Peut produire une r\u00e9action allergique.<\/p>\n<p><strong>Adapt\u00e9e aux :\u00a0<\/strong>enfants \u00e0 partir de 3 ans. Contient bitter protection.<\/p>\n<p><strong>Taches : <\/strong><\/p>\n<ul>\n<li>facilement lavables avec de l\u2019eau froide ou en machine \u00e0 laver.<\/li>\n<\/ul>\n","protected":false},"excerpt":{"rendered":"<p>La Colle Hobby Collall pour loisirs est une colle transparente \u00e0 base d&rsquo;eau. Elle convient pour coller notamment du papier, du carton, du bois et des textiles.<\/p>\n","protected":false},"featured_media":29287,"comment_status":"open","ping_status":"closed","template":"","meta":{"_acf_changed":false},"product_brand":[],"product_cat":[174],"product_tag":[],"class_list":{"0":"post-9783","1":"product","2":"type-product","3":"status-publish","4":"has-post-thumbnail","6":"product_cat-colle-et-vernis-colle","8":"first","9":"instock","10":"shipping-taxable","11":"purchasable","12":"product-type-variable"},"acf":[],"yoast_head":"<!-- This site is optimized with the Yoast SEO plugin v27.2 - https:\/\/yoast.com\/product\/yoast-seo-wordpress\/ -->\n<title>Collall Colle Hobby - Collall<\/title>\n<meta name=\"description\" content=\"La Colle Hobby Collall pour loisirs est une colle transparente \u00e0 base d&#039;eau. Pour les loisirs, l&#039;\u00e9cole ou le bureau.\" \/>\n<meta name=\"robots\" content=\"index, follow, max-snippet:-1, max-image-preview:large, max-video-preview:-1\" \/>\n<link rel=\"canonical\" href=\"https:\/\/collall.nl\/fr\/product\/collall-colle-hobby\/\" \/>\n<meta property=\"og:locale\" content=\"fr_FR\" \/>\n<meta property=\"og:type\" content=\"article\" \/>\n<meta property=\"og:title\" content=\"Collall Colle Hobby - Collall\" \/>\n<meta property=\"og:description\" content=\"La Colle Hobby Collall pour loisirs est une colle transparente \u00e0 base d&#039;eau. Pour les loisirs, l&#039;\u00e9cole ou le bureau.\" \/>\n<meta property=\"og:url\" content=\"https:\/\/collall.nl\/fr\/product\/collall-colle-hobby\/\" \/>\n<meta property=\"og:site_name\" content=\"Collall\" \/>\n<meta property=\"article:publisher\" content=\"https:\/\/www.facebook.com\/people\/Collall\/100064976852539\/\" \/>\n<meta property=\"article:modified_time\" content=\"2025-03-17T14:43:18+00:00\" \/>\n<meta property=\"og:image\" content=\"https:\/\/collall.nl\/wp-content\/uploads\/2022\/03\/COLHO0100-V2.jpg\" \/>\n\t<meta property=\"og:image:width\" content=\"1000\" \/>\n\t<meta property=\"og:image:height\" content=\"1000\" \/>\n\t<meta property=\"og:image:type\" content=\"image\/jpeg\" \/>\n<meta name=\"twitter:card\" content=\"summary_large_image\" \/>\n<meta name=\"twitter:label1\" content=\"Dur\u00e9e de lecture estim\u00e9e\" \/>\n\t<meta name=\"twitter:data1\" content=\"1 minute\" \/>\n<script type=\"application\/ld+json\" class=\"yoast-schema-graph\">{\"@context\":\"https:\/\/schema.org\",\"@graph\":[{\"@type\":\"WebPage\",\"@id\":\"https:\/\/collall.nl\/fr\/product\/collall-colle-hobby\/\",\"url\":\"https:\/\/collall.nl\/fr\/product\/collall-colle-hobby\/\",\"name\":\"Collall Colle Hobby - Collall\",\"isPartOf\":{\"@id\":\"https:\/\/collall.nl\/#website\"},\"primaryImageOfPage\":{\"@id\":\"https:\/\/collall.nl\/fr\/product\/collall-colle-hobby\/#primaryimage\"},\"image\":{\"@id\":\"https:\/\/collall.nl\/fr\/product\/collall-colle-hobby\/#primaryimage\"},\"thumbnailUrl\":\"https:\/\/collall.nl\/wp-content\/uploads\/2022\/03\/COLHO0100-V2.jpg\",\"datePublished\":\"2022-03-01T09:13:38+00:00\",\"dateModified\":\"2025-03-17T14:43:18+00:00\",\"description\":\"La Colle Hobby Collall pour loisirs est une colle transparente \u00e0 base d'eau. Pour les loisirs, l'\u00e9cole ou le bureau.\",\"breadcrumb\":{\"@id\":\"https:\/\/collall.nl\/fr\/product\/collall-colle-hobby\/#breadcrumb\"},\"inLanguage\":\"fr-FR\",\"potentialAction\":[{\"@type\":\"ReadAction\",\"target\":[\"https:\/\/collall.nl\/fr\/product\/collall-colle-hobby\/\"]}]},{\"@type\":\"ImageObject\",\"inLanguage\":\"fr-FR\",\"@id\":\"https:\/\/collall.nl\/fr\/product\/collall-colle-hobby\/#primaryimage\",\"url\":\"https:\/\/collall.nl\/wp-content\/uploads\/2022\/03\/COLHO0100-V2.jpg\",\"contentUrl\":\"https:\/\/collall.nl\/wp-content\/uploads\/2022\/03\/COLHO0100-V2.jpg\",\"width\":1000,\"height\":1000,\"caption\":\"COLHO0100\"},{\"@type\":\"BreadcrumbList\",\"@id\":\"https:\/\/collall.nl\/fr\/product\/collall-colle-hobby\/#breadcrumb\",\"itemListElement\":[{\"@type\":\"ListItem\",\"position\":1,\"name\":\"Home\",\"item\":\"https:\/\/collall.nl\/fr\/\"},{\"@type\":\"ListItem\",\"position\":2,\"name\":\"Produits\",\"item\":\"https:\/\/collall.nl\/fr\/produits\/\"},{\"@type\":\"ListItem\",\"position\":3,\"name\":\"Collall Colle Hobby\"}]},{\"@type\":\"WebSite\",\"@id\":\"https:\/\/collall.nl\/#website\",\"url\":\"https:\/\/collall.nl\/\",\"name\":\"Collall\",\"description\":\"Adhesives &amp; Paints since 1949\",\"publisher\":{\"@id\":\"https:\/\/collall.nl\/#organization\"},\"potentialAction\":[{\"@type\":\"SearchAction\",\"target\":{\"@type\":\"EntryPoint\",\"urlTemplate\":\"https:\/\/collall.nl\/?s={search_term_string}\"},\"query-input\":{\"@type\":\"PropertyValueSpecification\",\"valueRequired\":true,\"valueName\":\"search_term_string\"}}],\"inLanguage\":\"fr-FR\"},{\"@type\":\"Organization\",\"@id\":\"https:\/\/collall.nl\/#organization\",\"name\":\"Collall B.V.\",\"url\":\"https:\/\/collall.nl\/\",\"logo\":{\"@type\":\"ImageObject\",\"inLanguage\":\"fr-FR\",\"@id\":\"https:\/\/collall.nl\/#\/schema\/logo\/image\/\",\"url\":\"https:\/\/collall.nl\/wp-content\/uploads\/2022\/08\/Collall-logo-186C_Reflex-blue.jpg\",\"contentUrl\":\"https:\/\/collall.nl\/wp-content\/uploads\/2022\/08\/Collall-logo-186C_Reflex-blue.jpg\",\"width\":1963,\"height\":1179,\"caption\":\"Collall B.V.\"},\"image\":{\"@id\":\"https:\/\/collall.nl\/#\/schema\/logo\/image\/\"},\"sameAs\":[\"https:\/\/www.facebook.com\/people\/Collall\/100064976852539\/\",\"https:\/\/www.instagram.com\/collall_1949\/\",\"https:\/\/nl.pinterest.com\/CollallBV\/\",\"https:\/\/www.youtube.com\/channel\/UCrCGuwth_udZhTqJSh5g9zg\"]}]}<\/script>\n<!-- \/ Yoast SEO plugin. -->","yoast_head_json":{"title":"Collall Colle Hobby - Collall","description":"La Colle Hobby Collall pour loisirs est une colle transparente \u00e0 base d'eau. Pour les loisirs, l'\u00e9cole ou le bureau.","robots":{"index":"index","follow":"follow","max-snippet":"max-snippet:-1","max-image-preview":"max-image-preview:large","max-video-preview":"max-video-preview:-1"},"canonical":"https:\/\/collall.nl\/fr\/product\/collall-colle-hobby\/","og_locale":"fr_FR","og_type":"article","og_title":"Collall Colle Hobby - Collall","og_description":"La Colle Hobby Collall pour loisirs est une colle transparente \u00e0 base d'eau. Pour les loisirs, l'\u00e9cole ou le bureau.","og_url":"https:\/\/collall.nl\/fr\/product\/collall-colle-hobby\/","og_site_name":"Collall","article_publisher":"https:\/\/www.facebook.com\/people\/Collall\/100064976852539\/","article_modified_time":"2025-03-17T14:43:18+00:00","og_image":[{"width":1000,"height":1000,"url":"https:\/\/collall.nl\/wp-content\/uploads\/2022\/03\/COLHO0100-V2.jpg","type":"image\/jpeg"}],"twitter_card":"summary_large_image","twitter_misc":{"Dur\u00e9e de lecture estim\u00e9e":"1 minute"},"schema":{"@context":"https:\/\/schema.org","@graph":[{"@type":"WebPage","@id":"https:\/\/collall.nl\/fr\/product\/collall-colle-hobby\/","url":"https:\/\/collall.nl\/fr\/product\/collall-colle-hobby\/","name":"Collall Colle Hobby - Collall","isPartOf":{"@id":"https:\/\/collall.nl\/#website"},"primaryImageOfPage":{"@id":"https:\/\/collall.nl\/fr\/product\/collall-colle-hobby\/#primaryimage"},"image":{"@id":"https:\/\/collall.nl\/fr\/product\/collall-colle-hobby\/#primaryimage"},"thumbnailUrl":"https:\/\/collall.nl\/wp-content\/uploads\/2022\/03\/COLHO0100-V2.jpg","datePublished":"2022-03-01T09:13:38+00:00","dateModified":"2025-03-17T14:43:18+00:00","description":"La Colle Hobby Collall pour loisirs est une colle transparente \u00e0 base d'eau. Pour les loisirs, l'\u00e9cole ou le bureau.","breadcrumb":{"@id":"https:\/\/collall.nl\/fr\/product\/collall-colle-hobby\/#breadcrumb"},"inLanguage":"fr-FR","potentialAction":[{"@type":"ReadAction","target":["https:\/\/collall.nl\/fr\/product\/collall-colle-hobby\/"]}]},{"@type":"ImageObject","inLanguage":"fr-FR","@id":"https:\/\/collall.nl\/fr\/product\/collall-colle-hobby\/#primaryimage","url":"https:\/\/collall.nl\/wp-content\/uploads\/2022\/03\/COLHO0100-V2.jpg","contentUrl":"https:\/\/collall.nl\/wp-content\/uploads\/2022\/03\/COLHO0100-V2.jpg","width":1000,"height":1000,"caption":"COLHO0100"},{"@type":"BreadcrumbList","@id":"https:\/\/collall.nl\/fr\/product\/collall-colle-hobby\/#breadcrumb","itemListElement":[{"@type":"ListItem","position":1,"name":"Home","item":"https:\/\/collall.nl\/fr\/"},{"@type":"ListItem","position":2,"name":"Produits","item":"https:\/\/collall.nl\/fr\/produits\/"},{"@type":"ListItem","position":3,"name":"Collall Colle Hobby"}]},{"@type":"WebSite","@id":"https:\/\/collall.nl\/#website","url":"https:\/\/collall.nl\/","name":"Collall","description":"Adhesives &amp; Paints since 1949","publisher":{"@id":"https:\/\/collall.nl\/#organization"},"potentialAction":[{"@type":"SearchAction","target":{"@type":"EntryPoint","urlTemplate":"https:\/\/collall.nl\/?s={search_term_string}"},"query-input":{"@type":"PropertyValueSpecification","valueRequired":true,"valueName":"search_term_string"}}],"inLanguage":"fr-FR"},{"@type":"Organization","@id":"https:\/\/collall.nl\/#organization","name":"Collall B.V.","url":"https:\/\/collall.nl\/","logo":{"@type":"ImageObject","inLanguage":"fr-FR","@id":"https:\/\/collall.nl\/#\/schema\/logo\/image\/","url":"https:\/\/collall.nl\/wp-content\/uploads\/2022\/08\/Collall-logo-186C_Reflex-blue.jpg","contentUrl":"https:\/\/collall.nl\/wp-content\/uploads\/2022\/08\/Collall-logo-186C_Reflex-blue.jpg","width":1963,"height":1179,"caption":"Collall B.V."},"image":{"@id":"https:\/\/collall.nl\/#\/schema\/logo\/image\/"},"sameAs":["https:\/\/www.facebook.com\/people\/Collall\/100064976852539\/","https:\/\/www.instagram.com\/collall_1949\/","https:\/\/nl.pinterest.com\/CollallBV\/","https:\/\/www.youtube.com\/channel\/UCrCGuwth_udZhTqJSh5g9zg"]}]}},"_links":{"self":[{"href":"https:\/\/collall.nl\/fr\/wp-json\/wp\/v2\/product\/9783","targetHints":{"allow":["GET"]}}],"collection":[{"href":"https:\/\/collall.nl\/fr\/wp-json\/wp\/v2\/product"}],"about":[{"href":"https:\/\/collall.nl\/fr\/wp-json\/wp\/v2\/types\/product"}],"replies":[{"embeddable":true,"href":"https:\/\/collall.nl\/fr\/wp-json\/wp\/v2\/comments?post=9783"}],"wp:featuredmedia":[{"embeddable":true,"href":"https:\/\/collall.nl\/fr\/wp-json\/wp\/v2\/media\/29287"}],"wp:attachment":[{"href":"https:\/\/collall.nl\/fr\/wp-json\/wp\/v2\/media?parent=9783"}],"wp:term":[{"taxonomy":"product_brand","embeddable":true,"href":"https:\/\/collall.nl\/fr\/wp-json\/wp\/v2\/product_brand?post=9783"},{"taxonomy":"product_cat","embeddable":true,"href":"https:\/\/collall.nl\/fr\/wp-json\/wp\/v2\/product_cat?post=9783"},{"taxonomy":"product_tag","embeddable":true,"href":"https:\/\/collall.nl\/fr\/wp-json\/wp\/v2\/product_tag?post=9783"}],"curies":[{"name":"wp","href":"https:\/\/api.w.org\/{rel}","templated":true}]}}