{"id":9643,"date":"2022-03-01T09:12:36","date_gmt":"2022-03-01T09:12:38","guid":{"rendered":"http:\/\/collall.test\/product\/collall-styrocoll\/"},"modified":"2025-03-25T14:43:13","modified_gmt":"2025-03-25T13:43:13","slug":"collall-colle-styrocoll","status":"publish","type":"product","link":"https:\/\/collall.nl\/fr\/product\/collall-colle-styrocoll\/","title":{"rendered":"Collall Colle Styrocoll"},"content":{"rendered":"<p class=\"\" data-start=\"0\" data-end=\"217\"><strong>Application :<\/strong> avec la colle Collall Styrocoll, vous collez le polystyr\u00e8ne expans\u00e9. Elle peut \u00e9galement \u00eatre utilis\u00e9e pour le verre, la pierre, la c\u00e9ramique et divers plastiques. Pour les loisirs, le bureau et l&rsquo;\u00e9cole.<\/p>\n<p class=\"\" data-start=\"219\" data-end=\"230\"><strong>Apparence :<\/strong><\/p>\n<ul>\n<li data-start=\"232\" data-end=\"337\">Liquide transparent clair<\/li>\n<li data-start=\"232\" data-end=\"337\">Collage puissant<\/li>\n<li data-start=\"232\" data-end=\"337\">S\u00e9chage rapide<\/li>\n<li data-start=\"232\" data-end=\"337\">Odeur forte (ac\u00e9tone)<\/li>\n<\/ul>\n<p class=\"\" data-start=\"232\" data-end=\"337\">Solvant : ac\u00e9tone\/\u00e9thanol<\/p>\n<p class=\"\" data-start=\"339\" data-end=\"383\">Ingr\u00e9dient principal : ac\u00e9tate de polyvinyle<\/p>\n<p class=\"\" data-start=\"385\" data-end=\"411\"><strong>Ingr\u00e9dients naturels :<\/strong> 0 %<\/p>\n<p class=\"\" data-start=\"413\" data-end=\"436\"><strong>Viscosit\u00e9 :<\/strong> 2 000 mPa.s<\/p>\n<p class=\"\" data-start=\"438\" data-end=\"444\"><strong>pH :<\/strong> \u2013<\/p>\n<p class=\"\" data-start=\"446\" data-end=\"476\"><strong>Poids sp\u00e9cifique :<\/strong> 0,90 kg\/dm\u00b3<\/p>\n<p class=\"\" data-start=\"478\" data-end=\"484\"><strong>CE :<\/strong> \u2013<\/p>\n<p class=\"\" data-start=\"486\" data-end=\"554\"><strong>Consommation de colle :<\/strong> environ 100 grammes par m\u00b2, coll\u00e9 d&rsquo;un c\u00f4t\u00e9.<\/p>\n<p class=\"\" data-start=\"556\" data-end=\"569\"><strong>Application :<\/strong><\/p>\n<p class=\"\" data-start=\"571\" data-end=\"836\">Les mat\u00e9riaux \u00e0 coller doivent \u00eatre secs et exempts de poussi\u00e8re et de salet\u00e9. Appliquer directement du flacon sur la surface et \u00e9ventuellement \u00e9taler \u00e0 l\u2019aide d\u2019une spatule ou d\u2019un pinceau. Conseil : utilisez la colle Collall Styrocoll dans un espace bien ventil\u00e9.<\/p>\n<p><img loading=\"lazy\" decoding=\"async\" class=\"alignnone wp-image-27535\" src=\"https:\/\/collall.nl\/wp-content\/uploads\/2022\/03\/Collall-Gevarendriehoeken-Alleslijm-300x151.jpg\" alt=\"\" width=\"236\" height=\"119\" srcset=\"https:\/\/collall.nl\/wp-content\/uploads\/2022\/03\/Collall-Gevarendriehoeken-Alleslijm-300x151.jpg 300w, https:\/\/collall.nl\/wp-content\/uploads\/2022\/03\/Collall-Gevarendriehoeken-Alleslijm.jpg 404w\" sizes=\"auto, (max-width: 236px) 100vw, 236px\" \/><\/p>\n<p><strong>Danger!<\/strong> Contient\u00a0ac\u00e9tone.<\/p>\n<p class=\"p1\">Liquide et vapeurs tr\u00e8s inflammables. Provoque une s\u00e9v\u00e8re irritation des yeux. Peut provoquer somnolence ou vertiges. Tenir hors de port\u00e9e des enfants. Tenir \u00e0 l&rsquo;\u00e9cart de la chaleur, des surfaces chaudes, des \u00e9tincelles, des flammes nues et de toute autre source d&rsquo;inflammation. Ne pas fumer. \u00c9viter de respirer les vapeurs. EN CAS DE CONTACT AVEC LES YEUX: Rincer avec pr\u00e9caution \u00e0 l&rsquo;eau pendant plusieurs minutes. Enlever les lentilles de contact si la victime en porte et si elles peuvent \u00eatre facilement enlev\u00e9es. Continuer \u00e0 rincer. EN CAS DE CONTACT AVEC LA PEAU (ou les cheveux): Enlever imm\u00e9diatement tous les v\u00eatements contamin\u00e9s. Rincer la peau \u00e0 l&rsquo;eau [ou se doucher]. \u00c9liminer le contenu\/r\u00e9cipient conform\u00e9ment \u00e0 la r\u00e9glementation locale\/r\u00e9gionale\/nationale\/internationale.<\/p>\n<p><strong>Avertissement :<\/strong> la colle peut endommager les mat\u00e9riaux peints. Conserver debout, dans son emballage ferm\u00e9, dans un endroit frais, sombre et bien ventil\u00e9.<\/p>\n<article class=\"group\/turn w-full text-token-text-primary focus-visible:outline-none\" dir=\"auto\" tabindex=\"-1\" data-testid=\"conversation-turn-4\" data-scroll-anchor=\"true\">\n<div class=\"text-base my-auto mx-auto py-5 px-6\">\n<div class=\"mx-auto flex flex-1 text-base gap-4 md:gap-5 lg:gap-6 md:max-w-3xl lg:max-w-[40rem] xl:max-w-[48rem]\">\n<div class=\"group\/conversation-turn relative flex w-full min-w-0 flex-col agent-turn @xs\/thread:px-0 @sm\/thread:px-1.5 @md\/thread:px-4\">\n<div class=\"relative flex-col gap-1 md:gap-3\">\n<div class=\"flex max-w-full flex-col flex-grow\">\n<div class=\"min-h-8 text-message relative flex w-full flex-col items-end gap-2 whitespace-normal break-words text-start [.text-message+&amp;]:mt-5\" dir=\"auto\" data-message-author-role=\"assistant\" data-message-id=\"c0eb0200-8b02-4602-ba6c-a233cbe41fca\" data-message-model-slug=\"gpt-4o-mini\">\n<div class=\"flex w-full flex-col gap-1 empty:hidden first:pt-[3px]\">\n<div class=\"markdown prose w-full break-words dark:prose-invert light\">\n<p class=\"\" data-start=\"155\" data-end=\"180\"><strong>UFI : U6F7-4TYV-1W20-9KSG<\/strong><\/p>\n<p class=\"\" data-start=\"182\" data-end=\"196\"><strong>Allerg\u00e8nes :<\/strong> \u2013<\/p>\n<p class=\"\" data-start=\"198\" data-end=\"266\"><strong>Convient pour :<\/strong> \u00e0 partir de 6 ans (sous la supervision d&rsquo;un adulte).<\/p>\n<p class=\"\" data-start=\"268\" data-end=\"279\"><strong>Nettoyage :<\/strong><\/p>\n<p class=\"\" data-start=\"281\" data-end=\"847\">Les taches peuvent \u00eatre enlev\u00e9es avec une grande quantit\u00e9 d&rsquo;ac\u00e9tone. Comme certaines teintures et fibres plastiques ne sont pas r\u00e9sistantes \u00e0 cela, il est recommand\u00e9 d&rsquo;essayer d&rsquo;abord sur un endroit non visible.<br data-start=\"492\" data-end=\"495\" \/>Les taches sur les tissus (v\u00eatements) peuvent \u00e9galement \u00eatre enlev\u00e9es avec du papier \u00e0 une face rugueuse. Placez le papier avec le c\u00f4t\u00e9 rugueux sur la tache et passez un fer \u00e0 repasser ti\u00e8de dessus. La colle fond et est absorb\u00e9e par le papier. R\u00e9p\u00e9tez ce traitement si n\u00e9cessaire. Ne d\u00e9passez pas la temp\u00e9rature maximale de repassage du tissu concern\u00e9.<\/p>\n<\/div>\n<\/div>\n<\/div>\n<\/div>\n<\/div>\n<\/div>\n<\/div>\n<\/div>\n<\/article>\n","protected":false},"excerpt":{"rendered":"<p>Colle pour polystyr\u00e8ne, forte adh\u00e9rence et pr\u00eate \u00e0 l\u2019emploi<\/p>\n","protected":false},"featured_media":28454,"comment_status":"open","ping_status":"closed","template":"","meta":{"_acf_changed":false},"product_brand":[],"product_cat":[174],"product_tag":[],"class_list":{"0":"post-9643","1":"product","2":"type-product","3":"status-publish","4":"has-post-thumbnail","6":"product_cat-colle-et-vernis-colle","8":"first","9":"instock","10":"shipping-taxable","11":"purchasable","12":"product-type-variable"},"acf":[],"yoast_head":"<!-- This site is optimized with the Yoast SEO plugin v27.2 - https:\/\/yoast.com\/product\/yoast-seo-wordpress\/ -->\n<title>Collall Colle Styrocoll - Collall<\/title>\n<meta name=\"description\" content=\"Colle pour polystyr\u00e8ne, forte adh\u00e9rence et pr\u00eate \u00e0 l\u2019emploi\" \/>\n<meta name=\"robots\" content=\"index, follow, max-snippet:-1, max-image-preview:large, max-video-preview:-1\" \/>\n<link rel=\"canonical\" href=\"https:\/\/collall.nl\/fr\/product\/collall-colle-styrocoll\/\" \/>\n<meta property=\"og:locale\" content=\"fr_FR\" \/>\n<meta property=\"og:type\" content=\"article\" \/>\n<meta property=\"og:title\" content=\"Collall Colle Styrocoll - Collall\" \/>\n<meta property=\"og:description\" content=\"Colle pour polystyr\u00e8ne, forte adh\u00e9rence et pr\u00eate \u00e0 l\u2019emploi\" \/>\n<meta property=\"og:url\" content=\"https:\/\/collall.nl\/fr\/product\/collall-colle-styrocoll\/\" \/>\n<meta property=\"og:site_name\" content=\"Collall\" \/>\n<meta property=\"article:publisher\" content=\"https:\/\/www.facebook.com\/people\/Collall\/100064976852539\/\" \/>\n<meta property=\"article:modified_time\" content=\"2025-03-25T13:43:13+00:00\" \/>\n<meta property=\"og:image\" content=\"https:\/\/collall.nl\/wp-content\/uploads\/2022\/03\/Collall-COLST0100-Styrocoll.jpg\" \/>\n\t<meta property=\"og:image:width\" content=\"1000\" \/>\n\t<meta property=\"og:image:height\" content=\"1000\" \/>\n\t<meta property=\"og:image:type\" content=\"image\/jpeg\" \/>\n<meta name=\"twitter:card\" content=\"summary_large_image\" \/>\n<meta name=\"twitter:label1\" content=\"Dur\u00e9e de lecture estim\u00e9e\" \/>\n\t<meta name=\"twitter:data1\" content=\"3 minutes\" \/>\n<script type=\"application\/ld+json\" class=\"yoast-schema-graph\">{\"@context\":\"https:\/\/schema.org\",\"@graph\":[{\"@type\":\"WebPage\",\"@id\":\"https:\/\/collall.nl\/fr\/product\/collall-colle-styrocoll\/\",\"url\":\"https:\/\/collall.nl\/fr\/product\/collall-colle-styrocoll\/\",\"name\":\"Collall Colle Styrocoll - Collall\",\"isPartOf\":{\"@id\":\"https:\/\/collall.nl\/#website\"},\"primaryImageOfPage\":{\"@id\":\"https:\/\/collall.nl\/fr\/product\/collall-colle-styrocoll\/#primaryimage\"},\"image\":{\"@id\":\"https:\/\/collall.nl\/fr\/product\/collall-colle-styrocoll\/#primaryimage\"},\"thumbnailUrl\":\"https:\/\/collall.nl\/wp-content\/uploads\/2022\/03\/Collall-COLST0100-Styrocoll.jpg\",\"datePublished\":\"2022-03-01T09:12:38+00:00\",\"dateModified\":\"2025-03-25T13:43:13+00:00\",\"description\":\"Colle pour polystyr\u00e8ne, forte adh\u00e9rence et pr\u00eate \u00e0 l\u2019emploi\",\"breadcrumb\":{\"@id\":\"https:\/\/collall.nl\/fr\/product\/collall-colle-styrocoll\/#breadcrumb\"},\"inLanguage\":\"fr-FR\",\"potentialAction\":[{\"@type\":\"ReadAction\",\"target\":[\"https:\/\/collall.nl\/fr\/product\/collall-colle-styrocoll\/\"]}]},{\"@type\":\"ImageObject\",\"inLanguage\":\"fr-FR\",\"@id\":\"https:\/\/collall.nl\/fr\/product\/collall-colle-styrocoll\/#primaryimage\",\"url\":\"https:\/\/collall.nl\/wp-content\/uploads\/2022\/03\/Collall-COLST0100-Styrocoll.jpg\",\"contentUrl\":\"https:\/\/collall.nl\/wp-content\/uploads\/2022\/03\/Collall-COLST0100-Styrocoll.jpg\",\"width\":1000,\"height\":1000},{\"@type\":\"BreadcrumbList\",\"@id\":\"https:\/\/collall.nl\/fr\/product\/collall-colle-styrocoll\/#breadcrumb\",\"itemListElement\":[{\"@type\":\"ListItem\",\"position\":1,\"name\":\"Home\",\"item\":\"https:\/\/collall.nl\/fr\/\"},{\"@type\":\"ListItem\",\"position\":2,\"name\":\"Produits\",\"item\":\"https:\/\/collall.nl\/fr\/produits\/\"},{\"@type\":\"ListItem\",\"position\":3,\"name\":\"Collall Colle Styrocoll\"}]},{\"@type\":\"WebSite\",\"@id\":\"https:\/\/collall.nl\/#website\",\"url\":\"https:\/\/collall.nl\/\",\"name\":\"Collall\",\"description\":\"Adhesives &amp; Paints since 1949\",\"publisher\":{\"@id\":\"https:\/\/collall.nl\/#organization\"},\"potentialAction\":[{\"@type\":\"SearchAction\",\"target\":{\"@type\":\"EntryPoint\",\"urlTemplate\":\"https:\/\/collall.nl\/?s={search_term_string}\"},\"query-input\":{\"@type\":\"PropertyValueSpecification\",\"valueRequired\":true,\"valueName\":\"search_term_string\"}}],\"inLanguage\":\"fr-FR\"},{\"@type\":\"Organization\",\"@id\":\"https:\/\/collall.nl\/#organization\",\"name\":\"Collall B.V.\",\"url\":\"https:\/\/collall.nl\/\",\"logo\":{\"@type\":\"ImageObject\",\"inLanguage\":\"fr-FR\",\"@id\":\"https:\/\/collall.nl\/#\/schema\/logo\/image\/\",\"url\":\"https:\/\/collall.nl\/wp-content\/uploads\/2022\/08\/Collall-logo-186C_Reflex-blue.jpg\",\"contentUrl\":\"https:\/\/collall.nl\/wp-content\/uploads\/2022\/08\/Collall-logo-186C_Reflex-blue.jpg\",\"width\":1963,\"height\":1179,\"caption\":\"Collall B.V.\"},\"image\":{\"@id\":\"https:\/\/collall.nl\/#\/schema\/logo\/image\/\"},\"sameAs\":[\"https:\/\/www.facebook.com\/people\/Collall\/100064976852539\/\",\"https:\/\/www.instagram.com\/collall_1949\/\",\"https:\/\/nl.pinterest.com\/CollallBV\/\",\"https:\/\/www.youtube.com\/channel\/UCrCGuwth_udZhTqJSh5g9zg\"]}]}<\/script>\n<!-- \/ Yoast SEO plugin. -->","yoast_head_json":{"title":"Collall Colle Styrocoll - Collall","description":"Colle pour polystyr\u00e8ne, forte adh\u00e9rence et pr\u00eate \u00e0 l\u2019emploi","robots":{"index":"index","follow":"follow","max-snippet":"max-snippet:-1","max-image-preview":"max-image-preview:large","max-video-preview":"max-video-preview:-1"},"canonical":"https:\/\/collall.nl\/fr\/product\/collall-colle-styrocoll\/","og_locale":"fr_FR","og_type":"article","og_title":"Collall Colle Styrocoll - Collall","og_description":"Colle pour polystyr\u00e8ne, forte adh\u00e9rence et pr\u00eate \u00e0 l\u2019emploi","og_url":"https:\/\/collall.nl\/fr\/product\/collall-colle-styrocoll\/","og_site_name":"Collall","article_publisher":"https:\/\/www.facebook.com\/people\/Collall\/100064976852539\/","article_modified_time":"2025-03-25T13:43:13+00:00","og_image":[{"width":1000,"height":1000,"url":"https:\/\/collall.nl\/wp-content\/uploads\/2022\/03\/Collall-COLST0100-Styrocoll.jpg","type":"image\/jpeg"}],"twitter_card":"summary_large_image","twitter_misc":{"Dur\u00e9e de lecture estim\u00e9e":"3 minutes"},"schema":{"@context":"https:\/\/schema.org","@graph":[{"@type":"WebPage","@id":"https:\/\/collall.nl\/fr\/product\/collall-colle-styrocoll\/","url":"https:\/\/collall.nl\/fr\/product\/collall-colle-styrocoll\/","name":"Collall Colle Styrocoll - Collall","isPartOf":{"@id":"https:\/\/collall.nl\/#website"},"primaryImageOfPage":{"@id":"https:\/\/collall.nl\/fr\/product\/collall-colle-styrocoll\/#primaryimage"},"image":{"@id":"https:\/\/collall.nl\/fr\/product\/collall-colle-styrocoll\/#primaryimage"},"thumbnailUrl":"https:\/\/collall.nl\/wp-content\/uploads\/2022\/03\/Collall-COLST0100-Styrocoll.jpg","datePublished":"2022-03-01T09:12:38+00:00","dateModified":"2025-03-25T13:43:13+00:00","description":"Colle pour polystyr\u00e8ne, forte adh\u00e9rence et pr\u00eate \u00e0 l\u2019emploi","breadcrumb":{"@id":"https:\/\/collall.nl\/fr\/product\/collall-colle-styrocoll\/#breadcrumb"},"inLanguage":"fr-FR","potentialAction":[{"@type":"ReadAction","target":["https:\/\/collall.nl\/fr\/product\/collall-colle-styrocoll\/"]}]},{"@type":"ImageObject","inLanguage":"fr-FR","@id":"https:\/\/collall.nl\/fr\/product\/collall-colle-styrocoll\/#primaryimage","url":"https:\/\/collall.nl\/wp-content\/uploads\/2022\/03\/Collall-COLST0100-Styrocoll.jpg","contentUrl":"https:\/\/collall.nl\/wp-content\/uploads\/2022\/03\/Collall-COLST0100-Styrocoll.jpg","width":1000,"height":1000},{"@type":"BreadcrumbList","@id":"https:\/\/collall.nl\/fr\/product\/collall-colle-styrocoll\/#breadcrumb","itemListElement":[{"@type":"ListItem","position":1,"name":"Home","item":"https:\/\/collall.nl\/fr\/"},{"@type":"ListItem","position":2,"name":"Produits","item":"https:\/\/collall.nl\/fr\/produits\/"},{"@type":"ListItem","position":3,"name":"Collall Colle Styrocoll"}]},{"@type":"WebSite","@id":"https:\/\/collall.nl\/#website","url":"https:\/\/collall.nl\/","name":"Collall","description":"Adhesives &amp; Paints since 1949","publisher":{"@id":"https:\/\/collall.nl\/#organization"},"potentialAction":[{"@type":"SearchAction","target":{"@type":"EntryPoint","urlTemplate":"https:\/\/collall.nl\/?s={search_term_string}"},"query-input":{"@type":"PropertyValueSpecification","valueRequired":true,"valueName":"search_term_string"}}],"inLanguage":"fr-FR"},{"@type":"Organization","@id":"https:\/\/collall.nl\/#organization","name":"Collall B.V.","url":"https:\/\/collall.nl\/","logo":{"@type":"ImageObject","inLanguage":"fr-FR","@id":"https:\/\/collall.nl\/#\/schema\/logo\/image\/","url":"https:\/\/collall.nl\/wp-content\/uploads\/2022\/08\/Collall-logo-186C_Reflex-blue.jpg","contentUrl":"https:\/\/collall.nl\/wp-content\/uploads\/2022\/08\/Collall-logo-186C_Reflex-blue.jpg","width":1963,"height":1179,"caption":"Collall B.V."},"image":{"@id":"https:\/\/collall.nl\/#\/schema\/logo\/image\/"},"sameAs":["https:\/\/www.facebook.com\/people\/Collall\/100064976852539\/","https:\/\/www.instagram.com\/collall_1949\/","https:\/\/nl.pinterest.com\/CollallBV\/","https:\/\/www.youtube.com\/channel\/UCrCGuwth_udZhTqJSh5g9zg"]}]}},"_links":{"self":[{"href":"https:\/\/collall.nl\/fr\/wp-json\/wp\/v2\/product\/9643","targetHints":{"allow":["GET"]}}],"collection":[{"href":"https:\/\/collall.nl\/fr\/wp-json\/wp\/v2\/product"}],"about":[{"href":"https:\/\/collall.nl\/fr\/wp-json\/wp\/v2\/types\/product"}],"replies":[{"embeddable":true,"href":"https:\/\/collall.nl\/fr\/wp-json\/wp\/v2\/comments?post=9643"}],"wp:featuredmedia":[{"embeddable":true,"href":"https:\/\/collall.nl\/fr\/wp-json\/wp\/v2\/media\/28454"}],"wp:attachment":[{"href":"https:\/\/collall.nl\/fr\/wp-json\/wp\/v2\/media?parent=9643"}],"wp:term":[{"taxonomy":"product_brand","embeddable":true,"href":"https:\/\/collall.nl\/fr\/wp-json\/wp\/v2\/product_brand?post=9643"},{"taxonomy":"product_cat","embeddable":true,"href":"https:\/\/collall.nl\/fr\/wp-json\/wp\/v2\/product_cat?post=9643"},{"taxonomy":"product_tag","embeddable":true,"href":"https:\/\/collall.nl\/fr\/wp-json\/wp\/v2\/product_tag?post=9643"}],"curies":[{"name":"wp","href":"https:\/\/api.w.org\/{rel}","templated":true}]}}