{"id":9620,"date":"2022-03-01T09:11:54","date_gmt":"2022-03-01T09:11:56","guid":{"rendered":"http:\/\/collall.test\/product\/collall-colle-eco\/"},"modified":"2025-03-17T16:01:29","modified_gmt":"2025-03-17T15:01:29","slug":"collall-colle-eco","status":"publish","type":"product","link":"https:\/\/collall.nl\/fr\/product\/collall-colle-eco\/","title":{"rendered":"Collall Colle Eco"},"content":{"rendered":"<p><strong>Type de colle : <\/strong>Collall Eco Colle est une colle naturelle et \u00e9conomique \u00e0 base de dextrines dissoutes dans l&rsquo;eau.<\/p>\n<p><strong>Propri\u00e9t\u00e9s : <\/strong>colle naturelle, adapt\u00e9e aux enfants et avantageuse pour l&rsquo;encollage de mat\u00e9riaux l\u00e9gers.<\/p>\n<p><strong>Densit\u00e9 :\u00a0<\/strong>1.26 g \/ cm\u00b3<\/p>\n<p><strong>Solvant :\u00a0<\/strong>eau<\/p>\n<p><strong>Ingr\u00e9dient principal :\u00a0<\/strong>dextrine<\/p>\n<p data-start=\"27\" data-end=\"54\"><strong>Ingr\u00e9dients naturels :<\/strong> 99%<\/p>\n<p data-start=\"56\" data-end=\"79\" data-is-last-node=\"\" data-is-only-node=\"\"><strong>Viscosit\u00e9 :<\/strong> 2.000 mPa.s<\/p>\n<p><strong>pH :<\/strong> 6<\/p>\n<p><strong>Apparence : <\/strong>colle jaun\u00e2tre \u00e0 brune avec une odeur sp\u00e9cifique de colle ancienne et agr\u00e9able.<\/p>\n<p><strong>Les usages :\u00a0<\/strong>pour coller du papier et du carton.<\/p>\n<p><strong>Allerg\u00e8nes : <\/strong>non<\/p>\n<p><strong>CE :<\/strong> oui<\/p>\n<p><strong>Convient \u00e0 :\u00a0<\/strong>enfants \u00e2g\u00e9s de 3 ans et plus. Contient une protection am\u00e8re. Attention! Contient un agent de conservation qui ne convient pas aux enfants de moins de trois ans.<\/p>\n<p><strong>Taches :\u00a0<\/strong>facilement lavable \u00e0 l&rsquo;eau froide ou dans la machine \u00e0 laver<\/p>\n<h4>Un produit de confiance dans la gamme<\/h4>\n<p>La Colle \u00c9co de Collall est depuis des ann\u00e9es un produit de confiance dans la gamme de Collall. Une colle naturelle \u00e0 base de dextrines dissoutes dans l&rsquo;eau. Elle convient pour coller entre autres du papier, du carton et d&rsquo;autres mat\u00e9riaux l\u00e9gers. Cette colle naturelle \u00e0 l&rsquo;odeur sucr\u00e9e est compos\u00e9e \u00e0 99 % d&rsquo;ingr\u00e9dients naturels !<\/p>\n<p><strong>Dextrines<\/strong><\/p>\n<p>Ne vous laissez pas effrayer par la couleur jaun\u00e2tre \u00e0 brune. Cette couleur est caus\u00e9e par la pr\u00e9sence de dextrines, l&rsquo;ingr\u00e9dient principal de la Colle \u00c9co de Collall. Il s&rsquo;agit donc des couleurs naturelles des mati\u00e8res premi\u00e8res. La couleur de la colle peut varier d&rsquo;un lot \u00e0 l&rsquo;autre. Rassurez-vous, la colle s\u00e8che presque transparente.<\/p>\n<p><strong>Colle r\u00e9versible<\/strong><\/p>\n<p>La Colle \u00c9co de Collall est une colle r\u00e9versible. R\u00e9versible signifie que le collage peut \u00eatre d\u00e9fait sans causer de dommages permanents aux mat\u00e9riaux. (ne s&rsquo;applique pas aux mat\u00e9riaux tr\u00e8s poreux) En d&rsquo;autres termes, cela signifie que cette colle n&rsquo;est pas permanente et irr\u00e9versible. Cela peut \u00eatre tr\u00e8s utile pour certaines applications o\u00f9 la liaison doit \u00eatre temporaire ou o\u00f9 les mat\u00e9riaux doivent \u00eatre s\u00e9par\u00e9s \u00e0 un moment ult\u00e9rieur sans dommage.<\/p>\n<p><strong>Caract\u00e9ristiques \u00e9cologiques de Collall Colle Eco<\/strong><\/p>\n<ul>\n<li>99 % d&rsquo;ingr\u00e9dients naturels<\/li>\n<li>Produit biod\u00e9gradable<\/li>\n<\/ul>\n","protected":false},"excerpt":{"rendered":"<p>Collall Eco Colle est une colle naturelle et \u00e9conomique \u00e0 base de dextrines dissoutes dans l&rsquo;eau. Convient pour coller, entre autres, du papier, du carton et d&rsquo;autres mat\u00e9riaux l\u00e9gers.<\/p>\n","protected":false},"featured_media":19094,"comment_status":"open","ping_status":"closed","template":"","meta":{"_acf_changed":false},"product_brand":[],"product_cat":[174],"product_tag":[],"class_list":{"0":"post-9620","1":"product","2":"type-product","3":"status-publish","4":"has-post-thumbnail","6":"product_cat-colle-et-vernis-colle","8":"first","9":"instock","10":"shipping-taxable","11":"purchasable","12":"product-type-variable"},"acf":[],"yoast_head":"<!-- This site is optimized with the Yoast SEO plugin v27.2 - https:\/\/yoast.com\/product\/yoast-seo-wordpress\/ -->\n<title>Collall Colle Eco - Collall<\/title>\n<meta name=\"description\" content=\"Collall Eco Colle est une colle naturelle et \u00e9conomique \u00e0 base de dextrines dissoutes dans l&#039;eau.\" \/>\n<meta name=\"robots\" content=\"index, follow, max-snippet:-1, max-image-preview:large, max-video-preview:-1\" \/>\n<link rel=\"canonical\" href=\"https:\/\/collall.nl\/fr\/product\/collall-colle-eco\/\" \/>\n<meta property=\"og:locale\" content=\"fr_FR\" \/>\n<meta property=\"og:type\" content=\"article\" \/>\n<meta property=\"og:title\" content=\"Collall Colle Eco - Collall\" \/>\n<meta property=\"og:description\" content=\"Collall Eco Colle est une colle naturelle et \u00e9conomique \u00e0 base de dextrines dissoutes dans l&#039;eau.\" \/>\n<meta property=\"og:url\" content=\"https:\/\/collall.nl\/fr\/product\/collall-colle-eco\/\" \/>\n<meta property=\"og:site_name\" content=\"Collall\" \/>\n<meta property=\"article:publisher\" content=\"https:\/\/www.facebook.com\/people\/Collall\/100064976852539\/\" \/>\n<meta property=\"article:modified_time\" content=\"2025-03-17T15:01:29+00:00\" \/>\n<meta property=\"og:image\" content=\"https:\/\/collall.nl\/wp-content\/uploads\/2022\/03\/COLECO0100.jpg\" \/>\n\t<meta property=\"og:image:width\" content=\"800\" \/>\n\t<meta property=\"og:image:height\" content=\"800\" \/>\n\t<meta property=\"og:image:type\" content=\"image\/jpeg\" \/>\n<meta name=\"twitter:card\" content=\"summary_large_image\" \/>\n<meta name=\"twitter:label1\" content=\"Dur\u00e9e de lecture estim\u00e9e\" \/>\n\t<meta name=\"twitter:data1\" content=\"2 minutes\" \/>\n<script type=\"application\/ld+json\" class=\"yoast-schema-graph\">{\"@context\":\"https:\/\/schema.org\",\"@graph\":[{\"@type\":\"WebPage\",\"@id\":\"https:\/\/collall.nl\/fr\/product\/collall-colle-eco\/\",\"url\":\"https:\/\/collall.nl\/fr\/product\/collall-colle-eco\/\",\"name\":\"Collall Colle Eco - Collall\",\"isPartOf\":{\"@id\":\"https:\/\/collall.nl\/#website\"},\"primaryImageOfPage\":{\"@id\":\"https:\/\/collall.nl\/fr\/product\/collall-colle-eco\/#primaryimage\"},\"image\":{\"@id\":\"https:\/\/collall.nl\/fr\/product\/collall-colle-eco\/#primaryimage\"},\"thumbnailUrl\":\"https:\/\/collall.nl\/wp-content\/uploads\/2022\/03\/COLECO0100.jpg\",\"datePublished\":\"2022-03-01T09:11:56+00:00\",\"dateModified\":\"2025-03-17T15:01:29+00:00\",\"description\":\"Collall Eco Colle est une colle naturelle et \u00e9conomique \u00e0 base de dextrines dissoutes dans l'eau.\",\"breadcrumb\":{\"@id\":\"https:\/\/collall.nl\/fr\/product\/collall-colle-eco\/#breadcrumb\"},\"inLanguage\":\"fr-FR\",\"potentialAction\":[{\"@type\":\"ReadAction\",\"target\":[\"https:\/\/collall.nl\/fr\/product\/collall-colle-eco\/\"]}]},{\"@type\":\"ImageObject\",\"inLanguage\":\"fr-FR\",\"@id\":\"https:\/\/collall.nl\/fr\/product\/collall-colle-eco\/#primaryimage\",\"url\":\"https:\/\/collall.nl\/wp-content\/uploads\/2022\/03\/COLECO0100.jpg\",\"contentUrl\":\"https:\/\/collall.nl\/wp-content\/uploads\/2022\/03\/COLECO0100.jpg\",\"width\":800,\"height\":800},{\"@type\":\"BreadcrumbList\",\"@id\":\"https:\/\/collall.nl\/fr\/product\/collall-colle-eco\/#breadcrumb\",\"itemListElement\":[{\"@type\":\"ListItem\",\"position\":1,\"name\":\"Home\",\"item\":\"https:\/\/collall.nl\/fr\/\"},{\"@type\":\"ListItem\",\"position\":2,\"name\":\"Produits\",\"item\":\"https:\/\/collall.nl\/fr\/produits\/\"},{\"@type\":\"ListItem\",\"position\":3,\"name\":\"Collall Colle Eco\"}]},{\"@type\":\"WebSite\",\"@id\":\"https:\/\/collall.nl\/#website\",\"url\":\"https:\/\/collall.nl\/\",\"name\":\"Collall\",\"description\":\"Adhesives &amp; Paints since 1949\",\"publisher\":{\"@id\":\"https:\/\/collall.nl\/#organization\"},\"potentialAction\":[{\"@type\":\"SearchAction\",\"target\":{\"@type\":\"EntryPoint\",\"urlTemplate\":\"https:\/\/collall.nl\/?s={search_term_string}\"},\"query-input\":{\"@type\":\"PropertyValueSpecification\",\"valueRequired\":true,\"valueName\":\"search_term_string\"}}],\"inLanguage\":\"fr-FR\"},{\"@type\":\"Organization\",\"@id\":\"https:\/\/collall.nl\/#organization\",\"name\":\"Collall B.V.\",\"url\":\"https:\/\/collall.nl\/\",\"logo\":{\"@type\":\"ImageObject\",\"inLanguage\":\"fr-FR\",\"@id\":\"https:\/\/collall.nl\/#\/schema\/logo\/image\/\",\"url\":\"https:\/\/collall.nl\/wp-content\/uploads\/2022\/08\/Collall-logo-186C_Reflex-blue.jpg\",\"contentUrl\":\"https:\/\/collall.nl\/wp-content\/uploads\/2022\/08\/Collall-logo-186C_Reflex-blue.jpg\",\"width\":1963,\"height\":1179,\"caption\":\"Collall B.V.\"},\"image\":{\"@id\":\"https:\/\/collall.nl\/#\/schema\/logo\/image\/\"},\"sameAs\":[\"https:\/\/www.facebook.com\/people\/Collall\/100064976852539\/\",\"https:\/\/www.instagram.com\/collall_1949\/\",\"https:\/\/nl.pinterest.com\/CollallBV\/\",\"https:\/\/www.youtube.com\/channel\/UCrCGuwth_udZhTqJSh5g9zg\"]}]}<\/script>\n<!-- \/ Yoast SEO plugin. -->","yoast_head_json":{"title":"Collall Colle Eco - Collall","description":"Collall Eco Colle est une colle naturelle et \u00e9conomique \u00e0 base de dextrines dissoutes dans l'eau.","robots":{"index":"index","follow":"follow","max-snippet":"max-snippet:-1","max-image-preview":"max-image-preview:large","max-video-preview":"max-video-preview:-1"},"canonical":"https:\/\/collall.nl\/fr\/product\/collall-colle-eco\/","og_locale":"fr_FR","og_type":"article","og_title":"Collall Colle Eco - Collall","og_description":"Collall Eco Colle est une colle naturelle et \u00e9conomique \u00e0 base de dextrines dissoutes dans l'eau.","og_url":"https:\/\/collall.nl\/fr\/product\/collall-colle-eco\/","og_site_name":"Collall","article_publisher":"https:\/\/www.facebook.com\/people\/Collall\/100064976852539\/","article_modified_time":"2025-03-17T15:01:29+00:00","og_image":[{"width":800,"height":800,"url":"https:\/\/collall.nl\/wp-content\/uploads\/2022\/03\/COLECO0100.jpg","type":"image\/jpeg"}],"twitter_card":"summary_large_image","twitter_misc":{"Dur\u00e9e de lecture estim\u00e9e":"2 minutes"},"schema":{"@context":"https:\/\/schema.org","@graph":[{"@type":"WebPage","@id":"https:\/\/collall.nl\/fr\/product\/collall-colle-eco\/","url":"https:\/\/collall.nl\/fr\/product\/collall-colle-eco\/","name":"Collall Colle Eco - Collall","isPartOf":{"@id":"https:\/\/collall.nl\/#website"},"primaryImageOfPage":{"@id":"https:\/\/collall.nl\/fr\/product\/collall-colle-eco\/#primaryimage"},"image":{"@id":"https:\/\/collall.nl\/fr\/product\/collall-colle-eco\/#primaryimage"},"thumbnailUrl":"https:\/\/collall.nl\/wp-content\/uploads\/2022\/03\/COLECO0100.jpg","datePublished":"2022-03-01T09:11:56+00:00","dateModified":"2025-03-17T15:01:29+00:00","description":"Collall Eco Colle est une colle naturelle et \u00e9conomique \u00e0 base de dextrines dissoutes dans l'eau.","breadcrumb":{"@id":"https:\/\/collall.nl\/fr\/product\/collall-colle-eco\/#breadcrumb"},"inLanguage":"fr-FR","potentialAction":[{"@type":"ReadAction","target":["https:\/\/collall.nl\/fr\/product\/collall-colle-eco\/"]}]},{"@type":"ImageObject","inLanguage":"fr-FR","@id":"https:\/\/collall.nl\/fr\/product\/collall-colle-eco\/#primaryimage","url":"https:\/\/collall.nl\/wp-content\/uploads\/2022\/03\/COLECO0100.jpg","contentUrl":"https:\/\/collall.nl\/wp-content\/uploads\/2022\/03\/COLECO0100.jpg","width":800,"height":800},{"@type":"BreadcrumbList","@id":"https:\/\/collall.nl\/fr\/product\/collall-colle-eco\/#breadcrumb","itemListElement":[{"@type":"ListItem","position":1,"name":"Home","item":"https:\/\/collall.nl\/fr\/"},{"@type":"ListItem","position":2,"name":"Produits","item":"https:\/\/collall.nl\/fr\/produits\/"},{"@type":"ListItem","position":3,"name":"Collall Colle Eco"}]},{"@type":"WebSite","@id":"https:\/\/collall.nl\/#website","url":"https:\/\/collall.nl\/","name":"Collall","description":"Adhesives &amp; Paints since 1949","publisher":{"@id":"https:\/\/collall.nl\/#organization"},"potentialAction":[{"@type":"SearchAction","target":{"@type":"EntryPoint","urlTemplate":"https:\/\/collall.nl\/?s={search_term_string}"},"query-input":{"@type":"PropertyValueSpecification","valueRequired":true,"valueName":"search_term_string"}}],"inLanguage":"fr-FR"},{"@type":"Organization","@id":"https:\/\/collall.nl\/#organization","name":"Collall B.V.","url":"https:\/\/collall.nl\/","logo":{"@type":"ImageObject","inLanguage":"fr-FR","@id":"https:\/\/collall.nl\/#\/schema\/logo\/image\/","url":"https:\/\/collall.nl\/wp-content\/uploads\/2022\/08\/Collall-logo-186C_Reflex-blue.jpg","contentUrl":"https:\/\/collall.nl\/wp-content\/uploads\/2022\/08\/Collall-logo-186C_Reflex-blue.jpg","width":1963,"height":1179,"caption":"Collall B.V."},"image":{"@id":"https:\/\/collall.nl\/#\/schema\/logo\/image\/"},"sameAs":["https:\/\/www.facebook.com\/people\/Collall\/100064976852539\/","https:\/\/www.instagram.com\/collall_1949\/","https:\/\/nl.pinterest.com\/CollallBV\/","https:\/\/www.youtube.com\/channel\/UCrCGuwth_udZhTqJSh5g9zg"]}]}},"_links":{"self":[{"href":"https:\/\/collall.nl\/fr\/wp-json\/wp\/v2\/product\/9620","targetHints":{"allow":["GET"]}}],"collection":[{"href":"https:\/\/collall.nl\/fr\/wp-json\/wp\/v2\/product"}],"about":[{"href":"https:\/\/collall.nl\/fr\/wp-json\/wp\/v2\/types\/product"}],"replies":[{"embeddable":true,"href":"https:\/\/collall.nl\/fr\/wp-json\/wp\/v2\/comments?post=9620"}],"wp:featuredmedia":[{"embeddable":true,"href":"https:\/\/collall.nl\/fr\/wp-json\/wp\/v2\/media\/19094"}],"wp:attachment":[{"href":"https:\/\/collall.nl\/fr\/wp-json\/wp\/v2\/media?parent=9620"}],"wp:term":[{"taxonomy":"product_brand","embeddable":true,"href":"https:\/\/collall.nl\/fr\/wp-json\/wp\/v2\/product_brand?post=9620"},{"taxonomy":"product_cat","embeddable":true,"href":"https:\/\/collall.nl\/fr\/wp-json\/wp\/v2\/product_cat?post=9620"},{"taxonomy":"product_tag","embeddable":true,"href":"https:\/\/collall.nl\/fr\/wp-json\/wp\/v2\/product_tag?post=9620"}],"curies":[{"name":"wp","href":"https:\/\/api.w.org\/{rel}","templated":true}]}}