{"id":9570,"date":"2022-03-01T09:11:32","date_gmt":"2022-03-01T09:11:36","guid":{"rendered":"http:\/\/collall.test\/product\/collall-colle-de-bricolage\/"},"modified":"2025-05-08T11:09:42","modified_gmt":"2025-05-08T09:09:42","slug":"collall-colle-de-bricolage","status":"publish","type":"product","link":"https:\/\/collall.nl\/fr\/product\/collall-colle-de-bricolage\/","title":{"rendered":"Collall Colle de Bricolage"},"content":{"rendered":"<p><strong>Type de colle :\u00a0 <\/strong>Collall Colle de Bricolage est une est une colle \u00e0 base d&rsquo;eau qui s\u00e8che transparente. Elle est adapt\u00e9e pour coller du papier, du carton, du bois et du feutre, tant pour les jeunes que pour les moins jeunes. Notre Collall Colle de Bricolage fait partie des types de colle PVAc (Polyvinylac\u00e9tate) de notre gamme.<\/p>\n<p data-start=\"10\" data-end=\"110\"><strong>Apparence :<\/strong><\/p>\n<ul>\n<li>Colle blanche \u00e9paisse et liquide<\/li>\n<li>S\u00e9chage rapide<\/li>\n<li>Devient transparent en s\u00e9chant<\/li>\n<\/ul>\n<p><strong>Solvant :<\/strong> eau<\/p>\n<p data-start=\"112\" data-end=\"156\" data-is-last-node=\"\" data-is-only-node=\"\"><strong>Ingr\u00e9dient principal :<\/strong> ac\u00e9tate de polyvinyle PVAc<\/p>\n<p data-start=\"27\" data-end=\"54\"><strong>Ingr\u00e9dients naturels :<\/strong> 63 %<\/p>\n<p data-start=\"56\" data-end=\"79\" data-is-last-node=\"\" data-is-only-node=\"\"><strong>Viscosit\u00e9 :<\/strong> 5.000 mPa.s<\/p>\n<p><strong>pH :<\/strong> 5,5<\/p>\n<p data-start=\"0\" data-end=\"23\"><strong>Densit\u00e9 :<\/strong> 1,06 kg\/dm\u00b3<\/p>\n<p data-start=\"25\" data-end=\"35\"><strong>CE :<\/strong> oui<\/p>\n<p data-start=\"37\" data-end=\"115\"><strong>Consommation de colle :<\/strong> environ 180 grammes par m\u00b2, application unilat\u00e9rale.<\/p>\n<p data-start=\"117\" data-end=\"344\" data-is-only-node=\"\" data-is-last-node=\"\"><strong>Application :<\/strong><\/p>\n<ul>\n<li data-start=\"117\" data-end=\"344\">Les mat\u00e9riaux \u00e0 coller doivent \u00eatre secs et exempts de poussi\u00e8re et de salet\u00e9.<\/li>\n<li data-start=\"117\" data-end=\"344\">Appliquer directement \u00e0 partir du flacon sur la surface et \u00e9ventuellement r\u00e9partir \u00e0 l&rsquo;aide d&rsquo;une <a href=\"https:\/\/collall.nl\/fr\/product\/colorall-pinceaux-a-colle-spatules\/\">spatule<\/a> ou d&rsquo;un pinceau \u00e0 colle.<\/li>\n<\/ul>\n<p><strong>Allerg\u00e8nes : <\/strong>Contient CMIT\/MIT. Peut produire une r\u00e9action allergique.<\/p>\n<p><strong>Adapt\u00e9e aux : <\/strong>enfants \u00e0 partir de 3 ans.\u00a0Contient Bitter protection.<\/p>\n<p><strong>Taches :\u00a0<\/strong><\/p>\n<ul>\n<li data-start=\"15\" data-end=\"239\">Lorsque la colle est encore humide, les outils et les surfaces peuvent \u00eatre facilement nettoy\u00e9s \u00e0 l&rsquo;eau.<\/li>\n<li data-start=\"15\" data-end=\"239\">Les r\u00e9sidus de colle s\u00e9ch\u00e9e peuvent \u00eatre tremp\u00e9s dans l&rsquo;eau pendant un moment, puis \u00eatre facilement essuy\u00e9s ou lav\u00e9s.<\/li>\n<\/ul>\n<h4>Que signifie colle PVAc et d\u00e9couvrez sa polyvalence !<\/h4>\n<p class=\"\" data-start=\"157\" data-end=\"553\">D\u00e9couvrez la polyvalence de la Colle de Loisirs Cr\u00e9atifs Collall, l&rsquo;une des colles PVA les plus performantes gr\u00e2ce \u00e0 son pouvoir adh\u00e9sif puissant, son s\u00e9chage rapide et transparent, et sa facilit\u00e9 d&rsquo;utilisation. Le choix id\u00e9al pour tous vos projets cr\u00e9atifs, que vous soyez jeune ou adulte. Laissez libre cours \u00e0 votre cr\u00e9ativit\u00e9 et d\u00e9couvrez comment la colle Collall peut donner vie \u00e0 vos id\u00e9es.<\/p>\n<h6 data-start=\"555\" data-end=\"722\"><strong data-start=\"555\" data-end=\"602\">Quelles sont les caract\u00e9ristiques du PVAc ?<\/strong><\/h6>\n<p data-start=\"555\" data-end=\"722\">La colle PVAc lavable \u00e0 base d\u2019eau pr\u00e9sente plusieurs caract\u00e9ristiques qui la distinguent des autres types de colle :<\/p>\n<p class=\"\" data-start=\"724\" data-end=\"963\"><strong data-start=\"724\" data-end=\"740\">Base aqueuse<\/strong> : La colle PVAc est \u00e0 base d\u2019eau, ce qui la rend facile \u00e0 appliquer, diluable si n\u00e9cessaire, et lavable tant qu\u2019elle n\u2019est pas encore s\u00e8che. Cela en fait un choix id\u00e9al pour les enfants, les \u00e9coles et les loisirs cr\u00e9atifs.<\/p>\n<p class=\"\" data-start=\"965\" data-end=\"1216\"><strong data-start=\"965\" data-end=\"986\">\u00c0 partir de 3 ans<\/strong> : La Colle de Loisirs Cr\u00e9atifs Collall est une colle PVAc adapt\u00e9e aux enfants \u00e0 partir de 3 ans. L\u2019ajout d\u2019un agent amer emp\u00eache les enfants de la porter \u00e0 la bouche. Elle ne contient pas de solvants nocifs et d\u00e9gage peu d\u2019odeur.<\/p>\n<p class=\"\" data-start=\"1218\" data-end=\"1501\"><strong data-start=\"1218\" data-end=\"1247\">Applications polyvalentes<\/strong> : La colle PVAc convient pour coller une large gamme de mat\u00e9riaux poreux tels que le papier, le carton, le bois, le tissu et le li\u00e8ge. Elle est donc particuli\u00e8rement adapt\u00e9e aux travaux manuels, aux activit\u00e9s cr\u00e9atives et aux petits travaux domestiques.<\/p>\n<p class=\"\" data-start=\"1503\" data-end=\"1715\"><strong data-start=\"1503\" data-end=\"1526\">S\u00e9chage transparent<\/strong> : Bien que la colle PVAc soit g\u00e9n\u00e9ralement blanche \u00e0 l\u2019application, elle devient transparente en s\u00e9chant. Cela permet un r\u00e9sultat plus discret, id\u00e9al pour les projets pr\u00e9cis ou d\u00e9coratifs.<\/p>\n<p class=\"\" data-start=\"1717\" data-end=\"2008\"><strong data-start=\"1717\" data-end=\"1748\">Adh\u00e9rence forte et flexible<\/strong> : Le PVAc offre une liaison fiable, suffisamment forte pour la plupart des applications non structurelles. Une fois s\u00e8che, la colle reste l\u00e9g\u00e8rement flexible, ce qui la rend adapt\u00e9e aux mat\u00e9riaux qui se dilatent ou se contractent, comme le bois ou le textile.<\/p>\n<p class=\"\" data-start=\"2010\" data-end=\"2286\"><strong data-start=\"2010\" data-end=\"2032\">Facilement lavable<\/strong> : Un avantage important des colles PVAc lavables, comme la colle pour enfants, est que les taches peuvent \u00eatre facilement \u00e9limin\u00e9es des mains, des surfaces ou des v\u00eatements avec de l\u2019eau et du savon. Cela en facilite l\u2019usage \u00e0 l\u2019\u00e9cole comme \u00e0 la maison.<\/p>\n<p class=\"\" data-start=\"2288\" data-end=\"2458\"><strong data-start=\"2288\" data-end=\"2301\">En r\u00e9sum\u00e9<\/strong> : La colle PVAc combine facilit\u00e9 d\u2019utilisation et polyvalence, ce qui en fait un choix populaire pour les activit\u00e9s cr\u00e9atives des enfants comme des adultes.<\/p>\n<hr class=\"\" data-start=\"2460\" data-end=\"2463\" \/>\n<p class=\"\" data-start=\"2465\" data-end=\"2514\"><strong data-start=\"2465\" data-end=\"2512\">Autres colles PVAc dans notre assortiment :<\/strong><\/p>\n<ul>\n<li data-start=\"2517\" data-end=\"2545\">Colle pour Reliure Collall<\/li>\n<li data-start=\"2548\" data-end=\"2570\">Colle Mousse Collall<\/li>\n<li data-start=\"2573\" data-end=\"2595\">Colle \u00e0 Bois Collall<\/li>\n<li data-start=\"2598\" data-end=\"2622\">Colle Mosa\u00efque Collall<\/li>\n<li data-start=\"2625\" data-end=\"2649\">Colle Quilling Collall<\/li>\n<li data-start=\"2652\" data-end=\"2673\">Colle Tacky Collall<\/li>\n<li data-start=\"2676\" data-end=\"2699\">Colle Textile Collall<\/li>\n<li data-start=\"2702\" data-end=\"2724\">Colle Feutrine Collall<\/li>\n<li data-start=\"2702\" data-end=\"2724\">Colle Scolaire blanc Collall<\/li>\n<\/ul>\n<h2>Peinture Puffy<\/h2>\n<p>La <strong>Peinture Puffy<\/strong>, une peinture unique que vous pouvez r\u00e9aliser avec Collall Colle Blanche. Avec seulement quelques ingr\u00e9dients simples, tels que la colle Collall, AquaTint et de la mousse \u00e0 raser, vous pouvez cr\u00e9er votre propre Peinture Puffy et commencer \u00e0 r\u00e9aliser des \u0153uvres d&rsquo;art en 3D originales.<\/p>\n<p>Laissez les enfants de votre classe profiter de cette exp\u00e9rience captivante, ou amusez-vous \u00e0 la maison autour de la table de cuisine avec vos enfants (ou petits-enfants) comme activit\u00e9 amusante et \u00e9ducative.<br \/>\nVous \u00eates curieux de savoir comment r\u00e9aliser de la Peinture Puffy ? Consultez notre guide \u00e9tape par \u00e9tape et d\u00e9couvrez \u00e0 quel point il est facile de se lancer dans cette technique de peinture fascinante.<\/p>\n<p>&nbsp;<\/p>\n<p><strong>Ingr\u00e9dients pour la Puffy Paint (Peinture Gonflante) :<\/strong> Collall Colle de Bricolage, <a href=\"https:\/\/collall.nl\/fr\/product-category\/aquatint-et-encres\/\">AquaTint<\/a> et de la mousse \u00e0 raser.<\/p>\n<p>Cr\u00e9ez de magnifiques \u0153uvres d&rsquo;art avec la Peinture Gonflante ! Vous voulez apprendre comment la r\u00e9aliser facilement vous-m\u00eame ?<\/p>\n<p>Consultez notre guide \u00e9tape par \u00e9tape ici !<\/p>\n<p><a href=\"https:\/\/collall.nl\/wp-content\/uploads\/2022\/03\/Collall_Worksheet-Puffy-Paint.pdf\">Collall_Worksheet-Puffy Paint<\/a><\/p>\n<p><img loading=\"lazy\" decoding=\"async\" class=\"alignnone size-medium wp-image-26245\" src=\"https:\/\/collall.nl\/wp-content\/uploads\/2022\/03\/Collall-werkbeschrijving-Puffy-Paint-300x200.jpg\" alt=\"Collall-werkbeschrijving-Puffy-Paint\" width=\"300\" height=\"200\" srcset=\"https:\/\/collall.nl\/wp-content\/uploads\/2022\/03\/Collall-werkbeschrijving-Puffy-Paint-300x200.jpg 300w, https:\/\/collall.nl\/wp-content\/uploads\/2022\/03\/Collall-werkbeschrijving-Puffy-Paint-1024x683.jpg 1024w, https:\/\/collall.nl\/wp-content\/uploads\/2022\/03\/Collall-werkbeschrijving-Puffy-Paint-768x512.jpg 768w, https:\/\/collall.nl\/wp-content\/uploads\/2022\/03\/Collall-werkbeschrijving-Puffy-Paint-354x236.jpg 354w, https:\/\/collall.nl\/wp-content\/uploads\/2022\/03\/Collall-werkbeschrijving-Puffy-Paint-600x400.jpg 600w, https:\/\/collall.nl\/wp-content\/uploads\/2022\/03\/Collall-werkbeschrijving-Puffy-Paint.jpg 1500w\" sizes=\"auto, (max-width: 300px) 100vw, 300px\" \/><\/p>\n","protected":false},"excerpt":{"rendered":"<p>La colle de Bricolage Collall est une colle \u00e0 base d&rsquo;eau. Elle convient pour coller divers mat\u00e9riaux, y compris le papier, le carton, le bois et le feutre.<\/p>\n<p><a href=\"https:\/\/collall.nl\/wp-content\/uploads\/2022\/03\/Collall_Worksheet-Puffy-Paint.pdf\">Collall_Worksheet-Puffy Paint<\/a><\/p>\n<p><img loading=\"lazy\" decoding=\"async\" class=\"alignnone size-medium wp-image-26245\" src=\"https:\/\/collall.nl\/wp-content\/uploads\/2022\/03\/Collall-werkbeschrijving-Puffy-Paint-300x200.jpg\" alt=\"Collall-werkbeschrijving-Puffy-Paint\" width=\"300\" height=\"200\" srcset=\"https:\/\/collall.nl\/wp-content\/uploads\/2022\/03\/Collall-werkbeschrijving-Puffy-Paint-300x200.jpg 300w, https:\/\/collall.nl\/wp-content\/uploads\/2022\/03\/Collall-werkbeschrijving-Puffy-Paint-1024x683.jpg 1024w, https:\/\/collall.nl\/wp-content\/uploads\/2022\/03\/Collall-werkbeschrijving-Puffy-Paint-768x512.jpg 768w, https:\/\/collall.nl\/wp-content\/uploads\/2022\/03\/Collall-werkbeschrijving-Puffy-Paint-354x236.jpg 354w, https:\/\/collall.nl\/wp-content\/uploads\/2022\/03\/Collall-werkbeschrijving-Puffy-Paint-600x400.jpg 600w, https:\/\/collall.nl\/wp-content\/uploads\/2022\/03\/Collall-werkbeschrijving-Puffy-Paint.jpg 1500w\" sizes=\"auto, (max-width: 300px) 100vw, 300px\" \/><\/p>\n","protected":false},"featured_media":29165,"comment_status":"open","ping_status":"closed","template":"","meta":{"_acf_changed":false},"product_brand":[],"product_cat":[174],"product_tag":[],"class_list":{"0":"post-9570","1":"product","2":"type-product","3":"status-publish","4":"has-post-thumbnail","6":"product_cat-colle-et-vernis-colle","8":"first","9":"instock","10":"shipping-taxable","11":"purchasable","12":"product-type-variable"},"acf":[],"yoast_head":"<!-- This site is optimized with the Yoast SEO plugin v27.2 - https:\/\/yoast.com\/product\/yoast-seo-wordpress\/ -->\n<title>Collall Colle de Bricolage - Collall<\/title>\n<meta name=\"description\" content=\"La colle de Bricolage Collall est une colle \u00e0 base d&#039;eau. Elle convient pour coller divers mat\u00e9riaux, y compris le papier, le carton, le bois et le feutre.\" \/>\n<meta name=\"robots\" content=\"index, follow, max-snippet:-1, max-image-preview:large, max-video-preview:-1\" \/>\n<link rel=\"canonical\" href=\"https:\/\/collall.nl\/fr\/product\/collall-colle-de-bricolage\/\" \/>\n<meta property=\"og:locale\" content=\"fr_FR\" \/>\n<meta property=\"og:type\" content=\"article\" \/>\n<meta property=\"og:title\" content=\"Collall Colle de Bricolage - Collall\" \/>\n<meta property=\"og:description\" content=\"La colle de Bricolage Collall est une colle \u00e0 base d&#039;eau. Elle convient pour coller divers mat\u00e9riaux, y compris le papier, le carton, le bois et le feutre.\" \/>\n<meta property=\"og:url\" content=\"https:\/\/collall.nl\/fr\/product\/collall-colle-de-bricolage\/\" \/>\n<meta property=\"og:site_name\" content=\"Collall\" \/>\n<meta property=\"article:publisher\" content=\"https:\/\/www.facebook.com\/people\/Collall\/100064976852539\/\" \/>\n<meta property=\"article:modified_time\" content=\"2025-05-08T09:09:42+00:00\" \/>\n<meta property=\"og:image\" content=\"https:\/\/collall.nl\/wp-content\/uploads\/2022\/03\/COLKN0100-1.jpg\" \/>\n\t<meta property=\"og:image:width\" content=\"1000\" \/>\n\t<meta property=\"og:image:height\" content=\"1000\" \/>\n\t<meta property=\"og:image:type\" content=\"image\/jpeg\" \/>\n<meta name=\"twitter:card\" content=\"summary_large_image\" \/>\n<meta name=\"twitter:label1\" content=\"Dur\u00e9e de lecture estim\u00e9e\" \/>\n\t<meta name=\"twitter:data1\" content=\"5 minutes\" \/>\n<script type=\"application\/ld+json\" class=\"yoast-schema-graph\">{\"@context\":\"https:\/\/schema.org\",\"@graph\":[{\"@type\":\"WebPage\",\"@id\":\"https:\/\/collall.nl\/fr\/product\/collall-colle-de-bricolage\/\",\"url\":\"https:\/\/collall.nl\/fr\/product\/collall-colle-de-bricolage\/\",\"name\":\"Collall Colle de Bricolage - Collall\",\"isPartOf\":{\"@id\":\"https:\/\/collall.nl\/#website\"},\"primaryImageOfPage\":{\"@id\":\"https:\/\/collall.nl\/fr\/product\/collall-colle-de-bricolage\/#primaryimage\"},\"image\":{\"@id\":\"https:\/\/collall.nl\/fr\/product\/collall-colle-de-bricolage\/#primaryimage\"},\"thumbnailUrl\":\"https:\/\/collall.nl\/wp-content\/uploads\/2022\/03\/COLKN0100-1.jpg\",\"datePublished\":\"2022-03-01T09:11:36+00:00\",\"dateModified\":\"2025-05-08T09:09:42+00:00\",\"description\":\"La colle de Bricolage Collall est une colle \u00e0 base d'eau. Elle convient pour coller divers mat\u00e9riaux, y compris le papier, le carton, le bois et le feutre.\",\"breadcrumb\":{\"@id\":\"https:\/\/collall.nl\/fr\/product\/collall-colle-de-bricolage\/#breadcrumb\"},\"inLanguage\":\"fr-FR\",\"potentialAction\":[{\"@type\":\"ReadAction\",\"target\":[\"https:\/\/collall.nl\/fr\/product\/collall-colle-de-bricolage\/\"]}]},{\"@type\":\"ImageObject\",\"inLanguage\":\"fr-FR\",\"@id\":\"https:\/\/collall.nl\/fr\/product\/collall-colle-de-bricolage\/#primaryimage\",\"url\":\"https:\/\/collall.nl\/wp-content\/uploads\/2022\/03\/COLKN0100-1.jpg\",\"contentUrl\":\"https:\/\/collall.nl\/wp-content\/uploads\/2022\/03\/COLKN0100-1.jpg\",\"width\":1000,\"height\":1000},{\"@type\":\"BreadcrumbList\",\"@id\":\"https:\/\/collall.nl\/fr\/product\/collall-colle-de-bricolage\/#breadcrumb\",\"itemListElement\":[{\"@type\":\"ListItem\",\"position\":1,\"name\":\"Home\",\"item\":\"https:\/\/collall.nl\/fr\/\"},{\"@type\":\"ListItem\",\"position\":2,\"name\":\"Produits\",\"item\":\"https:\/\/collall.nl\/fr\/produits\/\"},{\"@type\":\"ListItem\",\"position\":3,\"name\":\"Collall Colle de Bricolage\"}]},{\"@type\":\"WebSite\",\"@id\":\"https:\/\/collall.nl\/#website\",\"url\":\"https:\/\/collall.nl\/\",\"name\":\"Collall\",\"description\":\"Adhesives &amp; Paints since 1949\",\"publisher\":{\"@id\":\"https:\/\/collall.nl\/#organization\"},\"potentialAction\":[{\"@type\":\"SearchAction\",\"target\":{\"@type\":\"EntryPoint\",\"urlTemplate\":\"https:\/\/collall.nl\/?s={search_term_string}\"},\"query-input\":{\"@type\":\"PropertyValueSpecification\",\"valueRequired\":true,\"valueName\":\"search_term_string\"}}],\"inLanguage\":\"fr-FR\"},{\"@type\":\"Organization\",\"@id\":\"https:\/\/collall.nl\/#organization\",\"name\":\"Collall B.V.\",\"url\":\"https:\/\/collall.nl\/\",\"logo\":{\"@type\":\"ImageObject\",\"inLanguage\":\"fr-FR\",\"@id\":\"https:\/\/collall.nl\/#\/schema\/logo\/image\/\",\"url\":\"https:\/\/collall.nl\/wp-content\/uploads\/2022\/08\/Collall-logo-186C_Reflex-blue.jpg\",\"contentUrl\":\"https:\/\/collall.nl\/wp-content\/uploads\/2022\/08\/Collall-logo-186C_Reflex-blue.jpg\",\"width\":1963,\"height\":1179,\"caption\":\"Collall B.V.\"},\"image\":{\"@id\":\"https:\/\/collall.nl\/#\/schema\/logo\/image\/\"},\"sameAs\":[\"https:\/\/www.facebook.com\/people\/Collall\/100064976852539\/\",\"https:\/\/www.instagram.com\/collall_1949\/\",\"https:\/\/nl.pinterest.com\/CollallBV\/\",\"https:\/\/www.youtube.com\/channel\/UCrCGuwth_udZhTqJSh5g9zg\"]}]}<\/script>\n<!-- \/ Yoast SEO plugin. -->","yoast_head_json":{"title":"Collall Colle de Bricolage - Collall","description":"La colle de Bricolage Collall est une colle \u00e0 base d'eau. Elle convient pour coller divers mat\u00e9riaux, y compris le papier, le carton, le bois et le feutre.","robots":{"index":"index","follow":"follow","max-snippet":"max-snippet:-1","max-image-preview":"max-image-preview:large","max-video-preview":"max-video-preview:-1"},"canonical":"https:\/\/collall.nl\/fr\/product\/collall-colle-de-bricolage\/","og_locale":"fr_FR","og_type":"article","og_title":"Collall Colle de Bricolage - Collall","og_description":"La colle de Bricolage Collall est une colle \u00e0 base d'eau. Elle convient pour coller divers mat\u00e9riaux, y compris le papier, le carton, le bois et le feutre.","og_url":"https:\/\/collall.nl\/fr\/product\/collall-colle-de-bricolage\/","og_site_name":"Collall","article_publisher":"https:\/\/www.facebook.com\/people\/Collall\/100064976852539\/","article_modified_time":"2025-05-08T09:09:42+00:00","og_image":[{"width":1000,"height":1000,"url":"https:\/\/collall.nl\/wp-content\/uploads\/2022\/03\/COLKN0100-1.jpg","type":"image\/jpeg"}],"twitter_card":"summary_large_image","twitter_misc":{"Dur\u00e9e de lecture estim\u00e9e":"5 minutes"},"schema":{"@context":"https:\/\/schema.org","@graph":[{"@type":"WebPage","@id":"https:\/\/collall.nl\/fr\/product\/collall-colle-de-bricolage\/","url":"https:\/\/collall.nl\/fr\/product\/collall-colle-de-bricolage\/","name":"Collall Colle de Bricolage - Collall","isPartOf":{"@id":"https:\/\/collall.nl\/#website"},"primaryImageOfPage":{"@id":"https:\/\/collall.nl\/fr\/product\/collall-colle-de-bricolage\/#primaryimage"},"image":{"@id":"https:\/\/collall.nl\/fr\/product\/collall-colle-de-bricolage\/#primaryimage"},"thumbnailUrl":"https:\/\/collall.nl\/wp-content\/uploads\/2022\/03\/COLKN0100-1.jpg","datePublished":"2022-03-01T09:11:36+00:00","dateModified":"2025-05-08T09:09:42+00:00","description":"La colle de Bricolage Collall est une colle \u00e0 base d'eau. Elle convient pour coller divers mat\u00e9riaux, y compris le papier, le carton, le bois et le feutre.","breadcrumb":{"@id":"https:\/\/collall.nl\/fr\/product\/collall-colle-de-bricolage\/#breadcrumb"},"inLanguage":"fr-FR","potentialAction":[{"@type":"ReadAction","target":["https:\/\/collall.nl\/fr\/product\/collall-colle-de-bricolage\/"]}]},{"@type":"ImageObject","inLanguage":"fr-FR","@id":"https:\/\/collall.nl\/fr\/product\/collall-colle-de-bricolage\/#primaryimage","url":"https:\/\/collall.nl\/wp-content\/uploads\/2022\/03\/COLKN0100-1.jpg","contentUrl":"https:\/\/collall.nl\/wp-content\/uploads\/2022\/03\/COLKN0100-1.jpg","width":1000,"height":1000},{"@type":"BreadcrumbList","@id":"https:\/\/collall.nl\/fr\/product\/collall-colle-de-bricolage\/#breadcrumb","itemListElement":[{"@type":"ListItem","position":1,"name":"Home","item":"https:\/\/collall.nl\/fr\/"},{"@type":"ListItem","position":2,"name":"Produits","item":"https:\/\/collall.nl\/fr\/produits\/"},{"@type":"ListItem","position":3,"name":"Collall Colle de Bricolage"}]},{"@type":"WebSite","@id":"https:\/\/collall.nl\/#website","url":"https:\/\/collall.nl\/","name":"Collall","description":"Adhesives &amp; Paints since 1949","publisher":{"@id":"https:\/\/collall.nl\/#organization"},"potentialAction":[{"@type":"SearchAction","target":{"@type":"EntryPoint","urlTemplate":"https:\/\/collall.nl\/?s={search_term_string}"},"query-input":{"@type":"PropertyValueSpecification","valueRequired":true,"valueName":"search_term_string"}}],"inLanguage":"fr-FR"},{"@type":"Organization","@id":"https:\/\/collall.nl\/#organization","name":"Collall B.V.","url":"https:\/\/collall.nl\/","logo":{"@type":"ImageObject","inLanguage":"fr-FR","@id":"https:\/\/collall.nl\/#\/schema\/logo\/image\/","url":"https:\/\/collall.nl\/wp-content\/uploads\/2022\/08\/Collall-logo-186C_Reflex-blue.jpg","contentUrl":"https:\/\/collall.nl\/wp-content\/uploads\/2022\/08\/Collall-logo-186C_Reflex-blue.jpg","width":1963,"height":1179,"caption":"Collall B.V."},"image":{"@id":"https:\/\/collall.nl\/#\/schema\/logo\/image\/"},"sameAs":["https:\/\/www.facebook.com\/people\/Collall\/100064976852539\/","https:\/\/www.instagram.com\/collall_1949\/","https:\/\/nl.pinterest.com\/CollallBV\/","https:\/\/www.youtube.com\/channel\/UCrCGuwth_udZhTqJSh5g9zg"]}]}},"_links":{"self":[{"href":"https:\/\/collall.nl\/fr\/wp-json\/wp\/v2\/product\/9570","targetHints":{"allow":["GET"]}}],"collection":[{"href":"https:\/\/collall.nl\/fr\/wp-json\/wp\/v2\/product"}],"about":[{"href":"https:\/\/collall.nl\/fr\/wp-json\/wp\/v2\/types\/product"}],"replies":[{"embeddable":true,"href":"https:\/\/collall.nl\/fr\/wp-json\/wp\/v2\/comments?post=9570"}],"wp:featuredmedia":[{"embeddable":true,"href":"https:\/\/collall.nl\/fr\/wp-json\/wp\/v2\/media\/29165"}],"wp:attachment":[{"href":"https:\/\/collall.nl\/fr\/wp-json\/wp\/v2\/media?parent=9570"}],"wp:term":[{"taxonomy":"product_brand","embeddable":true,"href":"https:\/\/collall.nl\/fr\/wp-json\/wp\/v2\/product_brand?post=9570"},{"taxonomy":"product_cat","embeddable":true,"href":"https:\/\/collall.nl\/fr\/wp-json\/wp\/v2\/product_cat?post=9570"},{"taxonomy":"product_tag","embeddable":true,"href":"https:\/\/collall.nl\/fr\/wp-json\/wp\/v2\/product_tag?post=9570"}],"curies":[{"name":"wp","href":"https:\/\/api.w.org\/{rel}","templated":true}]}}