{"id":9471,"date":"2022-03-01T09:10:18","date_gmt":"2022-03-01T09:10:25","guid":{"rendered":"http:\/\/collall.test\/product\/collall-colle-universelle\/"},"modified":"2025-03-17T13:50:09","modified_gmt":"2025-03-17T12:50:09","slug":"collall-colle-universelle","status":"publish","type":"product","link":"https:\/\/collall.nl\/fr\/product\/collall-colle-universelle\/","title":{"rendered":"Collall Colle Universelle"},"content":{"rendered":"<p><strong>Application :<\/strong> avec la Colle Universelle Collall, vous pouvez coller du papier, carton, li\u00e8ge, bois, textiles, verre, pierre, c\u00e9ramique, cuir, polystyr\u00e8ne et divers synth\u00e9tiques. Pour les loisirs cr\u00e9atifs, le bureau et l&rsquo;\u00e9cole.<\/p>\n<p><strong>Apparence :\u00a0<\/strong><\/p>\n<ul>\n<li>Fluid liquide transparente<\/li>\n<li>Viscosit\u00e9 moyenne et liquide<\/li>\n<li>Colle forte<\/li>\n<li>S\u00e8che rapidement<\/li>\n<li>Odeur forte (genre ac\u00e9tone)<\/li>\n<\/ul>\n<p><strong>Solvant :<\/strong>\u00a0ac\u00e9tone\/\u00e9thanol<\/p>\n<p><strong>Ingr\u00e9dient principal :<\/strong> ac\u00e9tate de polyvinyle<\/p>\n<p data-start=\"27\" data-end=\"54\"><strong>Ingr\u00e9dients naturels :<\/strong> 0%<\/p>\n<p data-start=\"56\" data-end=\"79\" data-is-last-node=\"\" data-is-only-node=\"\"><strong>Viscosit\u00e9 :<\/strong> 2.000 mPa.s<\/p>\n<p><strong>pH :<\/strong> &#8211;<\/p>\n<p><strong>Densit\u00e9 :<\/strong> 0.90 kg\/dm\u00b3<\/p>\n<p><strong>CE :<\/strong> &#8211;<\/p>\n<p><strong>Consommation de colle :<\/strong> environ 100 grammes par m\u00b2, <u>par c\u00f4t\u00e9<\/u>.<\/p>\n<p><strong>Utilisation :<\/strong><\/p>\n<ul>\n<li>Les mat\u00e9riaux \u00e0 coller doivent \u00eatre bien secs. Appliquez la colle sur une face et laissez-la s\u00e9cher pendant un moment. Appuyez fermement sur les deux surfaces. Pour un collage encore plus efficace appliquez la colle sur les 2 faces.<\/li>\n<li>Appliquer directement la colle du flacon sur la surface et \u00e9talez-la si n\u00e9cessaire \u00e0 l&rsquo;aide d&rsquo;une spatule ou d&rsquo;un pinceau.<\/li>\n<li>Conseil : conserver \u00e0 la verticale, le r\u00e9cipient bien ferm\u00e9 et dans un endroit sombre, frais et bien ventil\u00e9.<\/li>\n<\/ul>\n<p><img loading=\"lazy\" decoding=\"async\" class=\"alignnone wp-image-27535\" src=\"https:\/\/collall.nl\/wp-content\/uploads\/2022\/03\/Collall-Gevarendriehoeken-Alleslijm-300x151.jpg\" alt=\"\" width=\"236\" height=\"119\" srcset=\"https:\/\/collall.nl\/wp-content\/uploads\/2022\/03\/Collall-Gevarendriehoeken-Alleslijm-300x151.jpg 300w, https:\/\/collall.nl\/wp-content\/uploads\/2022\/03\/Collall-Gevarendriehoeken-Alleslijm.jpg 404w\" sizes=\"auto, (max-width: 236px) 100vw, 236px\" \/><\/p>\n<p><strong>Danger!<\/strong> Contient\u00a0ac\u00e9tone.<\/p>\n<p>Liquide et vapeurs tr\u00e8s inflammables. Provoque une s\u00e9v\u00e8re irritation des yeux. Peut provoquer somnolence ou vertiges. Tenir hors de port\u00e9e des enfants. Tenir \u00e0 l&rsquo;\u00e9cart de la chaleur, des surfaces chaudes, des \u00e9tincelles, des flammes nues et de toute autre source d&rsquo;inflammation. Ne pas fumer. \u00c9viter de respirer les vapeurs. EN CAS DE CONTACT AVEC LES YEUX: Rincer avec pr\u00e9caution \u00e0 l&rsquo;eau pendant plusieurs minutes. Enlever les lentilles de contact si la victime en porte et si elles peuvent \u00eatre facilement enlev\u00e9es. Continuer \u00e0 rincer. EN CAS DE CONTACT AVEC LA PEAU (ou les cheveux): Enlever imm\u00e9diatement tous les v\u00eatements contamin\u00e9s. Rincer la peau \u00e0 l&rsquo;eau [ou se doucher]. \u00c9liminer le contenu\/r\u00e9cipient conform\u00e9ment \u00e0 la r\u00e9glementation locale\/r\u00e9gionale\/nationale\/internationale.<\/p>\n<p><strong>Attention :<\/strong> Peut endommager les mat\u00e9riaux laqu\u00e9s. En cas de taches, utiliser de l\u2019ac\u00e9tone.<\/p>\n<p><strong>Convient \u00e0 :<\/strong> aux enfants \u00e0 partir de 6 ans et sous la surveillance d\u2019un adulte.<\/p>\n<p><strong>Allerg\u00e8nes :<\/strong> &#8211;<\/p>\n<p><strong>UFI:\u00a0<\/strong>\u00a03UE7-4T3W-NW23-NQJU<\/p>\n<p><strong>Nettoyage :<\/strong><\/p>\n<ul>\n<li>Les t\u00e2ches peuvent s\u2019enlever avec une quantit\u00e9 g\u00e9n\u00e9reuse d&rsquo;ac\u00e9tone. Faire un essai sur un endroit cach\u00e9.<\/li>\n<li>Sur les tissus (v\u00eatements), elles peuvent \u00e9galement \u00eatre enlev\u00e9es avec du papier avec un c\u00f4t\u00e9 rugueux. Placez le papier sur la t\u00e2che et passez avec un fer ti\u00e8de. La colle fond et rentre dans le papier. R\u00e9p\u00e9tez ce traitement si n\u00e9cessaire. Ne d\u00e9passez pas la temp\u00e9rature de chaleur maximale du tissu.<\/li>\n<\/ul>\n","protected":false},"excerpt":{"rendered":"<p class=\"p1\">Collall universelle est une colle tout usage, \u00e0 base d\u2019ac\u00e9tate de poly vinyle et de solvant.<\/p>\n","protected":false},"featured_media":31523,"comment_status":"open","ping_status":"closed","template":"","meta":{"_acf_changed":false},"product_brand":[],"product_cat":[174],"product_tag":[],"class_list":{"0":"post-9471","1":"product","2":"type-product","3":"status-publish","4":"has-post-thumbnail","6":"product_cat-colle-et-vernis-colle","8":"first","9":"instock","10":"shipping-taxable","11":"purchasable","12":"product-type-variable","13":"has-default-attributes"},"acf":[],"yoast_head":"<!-- This site is optimized with the Yoast SEO plugin v27.2 - https:\/\/yoast.com\/product\/yoast-seo-wordpress\/ -->\n<title>Collall Colle Universelle - Collall<\/title>\n<meta name=\"robots\" content=\"index, follow, max-snippet:-1, max-image-preview:large, max-video-preview:-1\" \/>\n<link rel=\"canonical\" href=\"https:\/\/collall.nl\/fr\/product\/collall-colle-universelle\/\" \/>\n<meta property=\"og:locale\" content=\"fr_FR\" \/>\n<meta property=\"og:type\" content=\"article\" \/>\n<meta property=\"og:title\" content=\"Collall Colle Universelle - Collall\" \/>\n<meta property=\"og:description\" content=\"Collall universelle est une colle tout usage, \u00e0 base d\u2019ac\u00e9tate de poly vinyle et de solvant.\" \/>\n<meta property=\"og:url\" content=\"https:\/\/collall.nl\/fr\/product\/collall-colle-universelle\/\" \/>\n<meta property=\"og:site_name\" content=\"Collall\" \/>\n<meta property=\"article:publisher\" content=\"https:\/\/www.facebook.com\/people\/Collall\/100064976852539\/\" \/>\n<meta property=\"article:modified_time\" content=\"2025-03-17T12:50:09+00:00\" \/>\n<meta property=\"og:image\" content=\"https:\/\/collall.nl\/wp-content\/uploads\/2022\/03\/COLAL0100-1.jpg\" \/>\n\t<meta property=\"og:image:width\" content=\"800\" \/>\n\t<meta property=\"og:image:height\" content=\"800\" \/>\n\t<meta property=\"og:image:type\" content=\"image\/jpeg\" \/>\n<meta name=\"twitter:card\" content=\"summary_large_image\" \/>\n<meta name=\"twitter:label1\" content=\"Dur\u00e9e de lecture estim\u00e9e\" \/>\n\t<meta name=\"twitter:data1\" content=\"3 minutes\" \/>\n<script type=\"application\/ld+json\" class=\"yoast-schema-graph\">{\"@context\":\"https:\/\/schema.org\",\"@graph\":[{\"@type\":\"WebPage\",\"@id\":\"https:\/\/collall.nl\/fr\/product\/collall-colle-universelle\/\",\"url\":\"https:\/\/collall.nl\/fr\/product\/collall-colle-universelle\/\",\"name\":\"Collall Colle Universelle - Collall\",\"isPartOf\":{\"@id\":\"https:\/\/collall.nl\/#website\"},\"primaryImageOfPage\":{\"@id\":\"https:\/\/collall.nl\/fr\/product\/collall-colle-universelle\/#primaryimage\"},\"image\":{\"@id\":\"https:\/\/collall.nl\/fr\/product\/collall-colle-universelle\/#primaryimage\"},\"thumbnailUrl\":\"https:\/\/collall.nl\/wp-content\/uploads\/2022\/03\/COLAL0100F-Collall-All-purpose-glue-1-scaled.webp\",\"datePublished\":\"2022-03-01T09:10:25+00:00\",\"dateModified\":\"2025-03-17T12:50:09+00:00\",\"breadcrumb\":{\"@id\":\"https:\/\/collall.nl\/fr\/product\/collall-colle-universelle\/#breadcrumb\"},\"inLanguage\":\"fr-FR\",\"potentialAction\":[{\"@type\":\"ReadAction\",\"target\":[\"https:\/\/collall.nl\/fr\/product\/collall-colle-universelle\/\"]}]},{\"@type\":\"ImageObject\",\"inLanguage\":\"fr-FR\",\"@id\":\"https:\/\/collall.nl\/fr\/product\/collall-colle-universelle\/#primaryimage\",\"url\":\"https:\/\/collall.nl\/wp-content\/uploads\/2022\/03\/COLAL0100F-Collall-All-purpose-glue-1-scaled.webp\",\"contentUrl\":\"https:\/\/collall.nl\/wp-content\/uploads\/2022\/03\/COLAL0100F-Collall-All-purpose-glue-1-scaled.webp\",\"width\":1707,\"height\":2560},{\"@type\":\"BreadcrumbList\",\"@id\":\"https:\/\/collall.nl\/fr\/product\/collall-colle-universelle\/#breadcrumb\",\"itemListElement\":[{\"@type\":\"ListItem\",\"position\":1,\"name\":\"Home\",\"item\":\"https:\/\/collall.nl\/fr\/\"},{\"@type\":\"ListItem\",\"position\":2,\"name\":\"Produits\",\"item\":\"https:\/\/collall.nl\/fr\/produits\/\"},{\"@type\":\"ListItem\",\"position\":3,\"name\":\"Collall Colle Universelle\"}]},{\"@type\":\"WebSite\",\"@id\":\"https:\/\/collall.nl\/#website\",\"url\":\"https:\/\/collall.nl\/\",\"name\":\"Collall\",\"description\":\"Adhesives &amp; Paints since 1949\",\"publisher\":{\"@id\":\"https:\/\/collall.nl\/#organization\"},\"potentialAction\":[{\"@type\":\"SearchAction\",\"target\":{\"@type\":\"EntryPoint\",\"urlTemplate\":\"https:\/\/collall.nl\/?s={search_term_string}\"},\"query-input\":{\"@type\":\"PropertyValueSpecification\",\"valueRequired\":true,\"valueName\":\"search_term_string\"}}],\"inLanguage\":\"fr-FR\"},{\"@type\":\"Organization\",\"@id\":\"https:\/\/collall.nl\/#organization\",\"name\":\"Collall B.V.\",\"url\":\"https:\/\/collall.nl\/\",\"logo\":{\"@type\":\"ImageObject\",\"inLanguage\":\"fr-FR\",\"@id\":\"https:\/\/collall.nl\/#\/schema\/logo\/image\/\",\"url\":\"https:\/\/collall.nl\/wp-content\/uploads\/2022\/08\/Collall-logo-186C_Reflex-blue.jpg\",\"contentUrl\":\"https:\/\/collall.nl\/wp-content\/uploads\/2022\/08\/Collall-logo-186C_Reflex-blue.jpg\",\"width\":1963,\"height\":1179,\"caption\":\"Collall B.V.\"},\"image\":{\"@id\":\"https:\/\/collall.nl\/#\/schema\/logo\/image\/\"},\"sameAs\":[\"https:\/\/www.facebook.com\/people\/Collall\/100064976852539\/\",\"https:\/\/www.instagram.com\/collall_1949\/\",\"https:\/\/nl.pinterest.com\/CollallBV\/\",\"https:\/\/www.youtube.com\/channel\/UCrCGuwth_udZhTqJSh5g9zg\"]}]}<\/script>\n<!-- \/ Yoast SEO plugin. -->","yoast_head_json":{"title":"Collall Colle Universelle - Collall","robots":{"index":"index","follow":"follow","max-snippet":"max-snippet:-1","max-image-preview":"max-image-preview:large","max-video-preview":"max-video-preview:-1"},"canonical":"https:\/\/collall.nl\/fr\/product\/collall-colle-universelle\/","og_locale":"fr_FR","og_type":"article","og_title":"Collall Colle Universelle - Collall","og_description":"Collall universelle est une colle tout usage, \u00e0 base d\u2019ac\u00e9tate de poly vinyle et de solvant.","og_url":"https:\/\/collall.nl\/fr\/product\/collall-colle-universelle\/","og_site_name":"Collall","article_publisher":"https:\/\/www.facebook.com\/people\/Collall\/100064976852539\/","article_modified_time":"2025-03-17T12:50:09+00:00","og_image":[{"width":800,"height":800,"url":"https:\/\/collall.nl\/wp-content\/uploads\/2022\/03\/COLAL0100-1.jpg","type":"image\/jpeg"}],"twitter_card":"summary_large_image","twitter_misc":{"Dur\u00e9e de lecture estim\u00e9e":"3 minutes"},"schema":{"@context":"https:\/\/schema.org","@graph":[{"@type":"WebPage","@id":"https:\/\/collall.nl\/fr\/product\/collall-colle-universelle\/","url":"https:\/\/collall.nl\/fr\/product\/collall-colle-universelle\/","name":"Collall Colle Universelle - Collall","isPartOf":{"@id":"https:\/\/collall.nl\/#website"},"primaryImageOfPage":{"@id":"https:\/\/collall.nl\/fr\/product\/collall-colle-universelle\/#primaryimage"},"image":{"@id":"https:\/\/collall.nl\/fr\/product\/collall-colle-universelle\/#primaryimage"},"thumbnailUrl":"https:\/\/collall.nl\/wp-content\/uploads\/2022\/03\/COLAL0100F-Collall-All-purpose-glue-1-scaled.webp","datePublished":"2022-03-01T09:10:25+00:00","dateModified":"2025-03-17T12:50:09+00:00","breadcrumb":{"@id":"https:\/\/collall.nl\/fr\/product\/collall-colle-universelle\/#breadcrumb"},"inLanguage":"fr-FR","potentialAction":[{"@type":"ReadAction","target":["https:\/\/collall.nl\/fr\/product\/collall-colle-universelle\/"]}]},{"@type":"ImageObject","inLanguage":"fr-FR","@id":"https:\/\/collall.nl\/fr\/product\/collall-colle-universelle\/#primaryimage","url":"https:\/\/collall.nl\/wp-content\/uploads\/2022\/03\/COLAL0100F-Collall-All-purpose-glue-1-scaled.webp","contentUrl":"https:\/\/collall.nl\/wp-content\/uploads\/2022\/03\/COLAL0100F-Collall-All-purpose-glue-1-scaled.webp","width":1707,"height":2560},{"@type":"BreadcrumbList","@id":"https:\/\/collall.nl\/fr\/product\/collall-colle-universelle\/#breadcrumb","itemListElement":[{"@type":"ListItem","position":1,"name":"Home","item":"https:\/\/collall.nl\/fr\/"},{"@type":"ListItem","position":2,"name":"Produits","item":"https:\/\/collall.nl\/fr\/produits\/"},{"@type":"ListItem","position":3,"name":"Collall Colle Universelle"}]},{"@type":"WebSite","@id":"https:\/\/collall.nl\/#website","url":"https:\/\/collall.nl\/","name":"Collall","description":"Adhesives &amp; Paints since 1949","publisher":{"@id":"https:\/\/collall.nl\/#organization"},"potentialAction":[{"@type":"SearchAction","target":{"@type":"EntryPoint","urlTemplate":"https:\/\/collall.nl\/?s={search_term_string}"},"query-input":{"@type":"PropertyValueSpecification","valueRequired":true,"valueName":"search_term_string"}}],"inLanguage":"fr-FR"},{"@type":"Organization","@id":"https:\/\/collall.nl\/#organization","name":"Collall B.V.","url":"https:\/\/collall.nl\/","logo":{"@type":"ImageObject","inLanguage":"fr-FR","@id":"https:\/\/collall.nl\/#\/schema\/logo\/image\/","url":"https:\/\/collall.nl\/wp-content\/uploads\/2022\/08\/Collall-logo-186C_Reflex-blue.jpg","contentUrl":"https:\/\/collall.nl\/wp-content\/uploads\/2022\/08\/Collall-logo-186C_Reflex-blue.jpg","width":1963,"height":1179,"caption":"Collall B.V."},"image":{"@id":"https:\/\/collall.nl\/#\/schema\/logo\/image\/"},"sameAs":["https:\/\/www.facebook.com\/people\/Collall\/100064976852539\/","https:\/\/www.instagram.com\/collall_1949\/","https:\/\/nl.pinterest.com\/CollallBV\/","https:\/\/www.youtube.com\/channel\/UCrCGuwth_udZhTqJSh5g9zg"]}]}},"_links":{"self":[{"href":"https:\/\/collall.nl\/fr\/wp-json\/wp\/v2\/product\/9471","targetHints":{"allow":["GET"]}}],"collection":[{"href":"https:\/\/collall.nl\/fr\/wp-json\/wp\/v2\/product"}],"about":[{"href":"https:\/\/collall.nl\/fr\/wp-json\/wp\/v2\/types\/product"}],"replies":[{"embeddable":true,"href":"https:\/\/collall.nl\/fr\/wp-json\/wp\/v2\/comments?post=9471"}],"wp:featuredmedia":[{"embeddable":true,"href":"https:\/\/collall.nl\/fr\/wp-json\/wp\/v2\/media\/31523"}],"wp:attachment":[{"href":"https:\/\/collall.nl\/fr\/wp-json\/wp\/v2\/media?parent=9471"}],"wp:term":[{"taxonomy":"product_brand","embeddable":true,"href":"https:\/\/collall.nl\/fr\/wp-json\/wp\/v2\/product_brand?post=9471"},{"taxonomy":"product_cat","embeddable":true,"href":"https:\/\/collall.nl\/fr\/wp-json\/wp\/v2\/product_cat?post=9471"},{"taxonomy":"product_tag","embeddable":true,"href":"https:\/\/collall.nl\/fr\/wp-json\/wp\/v2\/product_tag?post=9471"}],"curies":[{"name":"wp","href":"https:\/\/api.w.org\/{rel}","templated":true}]}}