{"id":9375,"date":"2022-03-01T09:07:57","date_gmt":"2022-03-01T09:07:59","guid":{"rendered":"http:\/\/collall.test\/product\/collall-colle-des-bijoux-fantaisie\/"},"modified":"2025-04-03T11:36:46","modified_gmt":"2025-04-03T09:36:46","slug":"collall-colle-des-bijoux-fantaisie","status":"publish","type":"product","link":"https:\/\/collall.nl\/fr\/product\/collall-colle-des-bijoux-fantaisie\/","title":{"rendered":"Collall Colle des bijoux fantaisie"},"content":{"rendered":"<p class=\"p1\"><b>Application : <\/b>Collall Colle des Bijoux Fantaisie est une colle transparente de haute qualit\u00e9 \u00e0 base d&rsquo;eau, sp\u00e9cialement d\u00e9velopp\u00e9e pour fixer des strass sur divers mat\u00e9riaux tels que le textile, le papier, le carton, le m\u00e9tal, le bois et diff\u00e9rents plastiques. Gr\u00e2ce \u00e0 son s\u00e9chage rapide et \u00e0 son adh\u00e9rence forte, vos cr\u00e9ations resteront solides et \u00e9l\u00e9gantes, tandis que la colle devient compl\u00e8tement transparente une fois s\u00e8che. Le petit flacon de 25 ml est \u00e9quip\u00e9 d&rsquo;un embout doseur fin, qui permet une application extr\u00eamement pr\u00e9cise.<\/p>\n<p class=\"p1\"><b>Apparence :<\/b><\/p>\n<ul class=\"ul1\">\n<li class=\"li1\">Liquide blanc<\/li>\n<li class=\"li1\">S\u00e9chage rapide<\/li>\n<li class=\"li1\">Forte adh\u00e9rence<\/li>\n<li class=\"li1\">Transparent apr\u00e8s s\u00e9chage<\/li>\n<li class=\"li1\">Solvant : eau<\/li>\n<\/ul>\n<p class=\"p1\"><b>Ingredient principale :<\/b> acrylate<\/p>\n<p class=\"p1\"><b>Ingr\u00e9dients naturels : <\/b>51%<\/p>\n<p class=\"p1\"><b>Viscosit\u00e9 : <\/b>14.000 mPa.s<\/p>\n<p class=\"p1\"><b>pH :<\/b> 7,5<\/p>\n<p class=\"p1\"><b>Densit\u00e9 :<\/b> 1,04 kg\/dm\u00b3<br \/>\n<b><\/b><\/p>\n<p class=\"p1\"><b>CE :<\/b> \u2013<br \/>\n<b><\/b><\/p>\n<p class=\"p1\"><b>Consommation de colle :<\/b> non test\u00e9. L&rsquo;application normale se fait goutte \u00e0 goutte.<\/p>\n<p class=\"p1\"><b>Mode d\u2019emploi :<\/b><br \/>\nLes mat\u00e9riaux \u00e0 coller doivent \u00eatre secs et exempts de poussi\u00e8re et de salet\u00e9.<br \/>\nUtilisez cette colle directement depuis le flacon. Celui-ci est dot\u00e9 d\u2019une ouverture fine permettant une application tr\u00e8s pr\u00e9cise.<\/p>\n<p class=\"p1\"><b>Allerg\u00e8nes :<\/b> contient CMIT\/MIT et 1,2-benzisothiazol-3(2H)-one. Peut produire une r\u00e9action allergique.<\/p>\n<p class=\"p1\"><b>Convient \u00e0 :<\/b> \u00e0 partir de 8 ans.<\/p>\n<p class=\"p1\"><b>Taches :<\/b><\/p>\n<ul class=\"ul1\">\n<li class=\"li1\">Tant que la colle est encore humide, les outils peuvent \u00eatre nettoy\u00e9s \u00e0 l&rsquo;eau (ajouter un d\u00e9tergent synth\u00e9tique si n\u00e9cessaire).<\/li>\n<li class=\"li1\">Les r\u00e9sidus de colle s\u00e9ch\u00e9e doivent \u00eatre tremp\u00e9s dans de l&rsquo;eau chaude, puis \u00e9limin\u00e9s avec une brosse.<\/li>\n<\/ul>\n<h4 class=\"p1\"><b>Comment utiliser la colle Collall Colle des Bijoux Fantaisie ?<\/b><\/h4>\n<p class=\"p1\">Appliquer\u00a0 la colle des Bijoux Fantaisies est simple et efficace. Suivez ces \u00e9tapes :<\/p>\n<ol class=\"ol1\">\n<li class=\"li1\"><b>Pr\u00e9paration :<\/b> Assurez-vous que la surface sur laquelle vous travaillez est propre, s\u00e8che et exempte de poussi\u00e8re.<\/li>\n<li class=\"li1\"><b>Ouvrir la colle :<\/b> D\u00e9vissez le bouchon transparent du flacon et coupez la pointe de l&#8217;embout doseur. Cela vous permettra de doser la colle pr\u00e9cis\u00e9ment.<\/li>\n<li class=\"li1\"><b>Application :<\/b> Appliquez une petite quantit\u00e9 de colle au dos du strass ou directement sur la surface \u00e0 d\u00e9corer.<\/li>\n<li class=\"li1\"><b>Positionnement :<\/b> Pressez d\u00e9licatement le strass \u00e0 l\u2019endroit souhait\u00e9 et maintenez-le quelques secondes.<\/li>\n<li class=\"li1\"><b>S\u00e9chage :<\/b> Laissez s\u00e9cher compl\u00e8tement votre projet. La colle s\u00e8che rapidement et devient transparente, mettant en valeur l&rsquo;\u00e9clat des strass.<\/li>\n<\/ol>\n<p class=\"p1\"><b>ASTUCE :<\/b> Pour \u00e9viter que la colle ne s\u00e8che, refermez bien le flacon apr\u00e8s chaque utilisation. Pendant votre bricolage, vous pouvez utiliser une \u00e9pingle pour refermer temporairement l&rsquo;ouverture du flacon rapidement et facilement.<\/p>\n<p class=\"p1\"><b>Qu\u2019est-ce que les strass ?<\/b><br \/>\nLes strass sont de petites pierres d\u00e9coratives scintillantes souvent utilis\u00e9es comme imitation de pierres pr\u00e9cieuses. Fabriqu\u00e9s en verre, en acrylique ou en plastique, ils sont disponibles dans une grande vari\u00e9t\u00e9 de couleurs, formes et tailles. Les strass sont couramment utilis\u00e9s pour embellir des v\u00eatements, des accessoires, des cartes, des meubles, et plus encore. La plupart des strass ont un dos argent\u00e9, ce qui facilite leur collage.<\/p>\n<p class=\"p1\"><b>Que pouvez-vous cr\u00e9er ?<\/b><br \/>\nAvec Collall Colle des Bijoux Fantaisies, vous pouvez r\u00e9aliser une multitude de projets cr\u00e9atifs. Voici quelques id\u00e9es :<\/p>\n<ul class=\"ul1\">\n<li class=\"li1\"><b>D\u00e9coration textile :<\/b> Ajoutez une touche glamour \u00e0 des v\u00eatements comme des T-shirts, des jeans ou des sacs.<\/li>\n<li class=\"li1\"><b>Accessoires personnalis\u00e9s :<\/b> Cr\u00e9ez des bijoux uniques, comme des colliers ou des bracelets, ou d\u00e9corez des chaussures et des accessoires pour cheveux.<\/li>\n<li class=\"li1\"><b>Cartes et scrapbooking :<\/b> Apportez des d\u00e9tails scintillants \u00e0 vos cartes faites \u00e0 la main et pages de scrapbooking.<\/li>\n<li class=\"li1\"><b>D\u00e9corations :<\/b> Embellissez des cadres photo, des bo\u00eetes ou d&rsquo;autres objets pour personnaliser votre int\u00e9rieur.<\/li>\n<\/ul>\n<p class=\"p1\">Avec Collall Colle des Bijoux Fantaisie, donnez une allure luxueuse et cr\u00e9ative \u00e0 tous vos projets. Notez que cette colle est con\u00e7ue pour un usage d\u00e9coratif et n\u2019est pas adapt\u00e9e \u00e0 une utilisation intensive ou \u00e0 des charges importantes.<\/p>\n","protected":false},"excerpt":{"rendered":"<p>Collall Colle des Bijoux Fantaisie est une colle transparente de haute qualit\u00e9 \u00e0 base d\u2019eau, sp\u00e9cialement d\u00e9velopp\u00e9e pour fixer des strass sur divers mat\u00e9riaux tels que le textile, le papier, le carton, le m\u00e9tal, le bois et diff\u00e9rents plastiques.<\/p>\n","protected":false},"featured_media":18453,"comment_status":"open","ping_status":"closed","template":"","meta":{"_acf_changed":false},"product_brand":[],"product_cat":[174],"product_tag":[],"class_list":{"0":"post-9375","1":"product","2":"type-product","3":"status-publish","4":"has-post-thumbnail","6":"product_cat-colle-et-vernis-colle","8":"first","9":"instock","10":"shipping-taxable","11":"purchasable","12":"product-type-variable"},"acf":[],"yoast_head":"<!-- This site is optimized with the Yoast SEO plugin v27.2 - https:\/\/yoast.com\/product\/yoast-seo-wordpress\/ -->\n<title>Collall Colle des bijoux fantaisie - Collall<\/title>\n<meta name=\"robots\" content=\"index, follow, max-snippet:-1, max-image-preview:large, max-video-preview:-1\" \/>\n<link rel=\"canonical\" href=\"https:\/\/collall.nl\/fr\/product\/collall-colle-des-bijoux-fantaisie\/\" \/>\n<meta property=\"og:locale\" content=\"fr_FR\" \/>\n<meta property=\"og:type\" content=\"article\" \/>\n<meta property=\"og:title\" content=\"Collall Colle des bijoux fantaisie - Collall\" \/>\n<meta property=\"og:description\" content=\"Collall Colle des Bijoux Fantaisie est une colle transparente de haute qualit\u00e9 \u00e0 base d\u2019eau, sp\u00e9cialement d\u00e9velopp\u00e9e pour fixer des strass sur divers mat\u00e9riaux tels que le textile, le papier, le carton, le m\u00e9tal, le bois et diff\u00e9rents plastiques.\" \/>\n<meta property=\"og:url\" content=\"https:\/\/collall.nl\/fr\/product\/collall-colle-des-bijoux-fantaisie\/\" \/>\n<meta property=\"og:site_name\" content=\"Collall\" \/>\n<meta property=\"article:publisher\" content=\"https:\/\/www.facebook.com\/people\/Collall\/100064976852539\/\" \/>\n<meta property=\"article:modified_time\" content=\"2025-04-03T09:36:46+00:00\" \/>\n<meta property=\"og:image\" content=\"https:\/\/collall.nl\/wp-content\/uploads\/2022\/03\/COLSL0025.jpg\" \/>\n\t<meta property=\"og:image:width\" content=\"800\" \/>\n\t<meta property=\"og:image:height\" content=\"800\" \/>\n\t<meta property=\"og:image:type\" content=\"image\/jpeg\" \/>\n<meta name=\"twitter:card\" content=\"summary_large_image\" \/>\n<meta name=\"twitter:label1\" content=\"Dur\u00e9e de lecture estim\u00e9e\" \/>\n\t<meta name=\"twitter:data1\" content=\"3 minutes\" \/>\n<script type=\"application\/ld+json\" class=\"yoast-schema-graph\">{\"@context\":\"https:\/\/schema.org\",\"@graph\":[{\"@type\":\"WebPage\",\"@id\":\"https:\/\/collall.nl\/fr\/product\/collall-colle-des-bijoux-fantaisie\/\",\"url\":\"https:\/\/collall.nl\/fr\/product\/collall-colle-des-bijoux-fantaisie\/\",\"name\":\"Collall Colle des bijoux fantaisie - Collall\",\"isPartOf\":{\"@id\":\"https:\/\/collall.nl\/#website\"},\"primaryImageOfPage\":{\"@id\":\"https:\/\/collall.nl\/fr\/product\/collall-colle-des-bijoux-fantaisie\/#primaryimage\"},\"image\":{\"@id\":\"https:\/\/collall.nl\/fr\/product\/collall-colle-des-bijoux-fantaisie\/#primaryimage\"},\"thumbnailUrl\":\"https:\/\/collall.nl\/wp-content\/uploads\/2022\/03\/COLSL0025.jpg\",\"datePublished\":\"2022-03-01T09:07:59+00:00\",\"dateModified\":\"2025-04-03T09:36:46+00:00\",\"breadcrumb\":{\"@id\":\"https:\/\/collall.nl\/fr\/product\/collall-colle-des-bijoux-fantaisie\/#breadcrumb\"},\"inLanguage\":\"fr-FR\",\"potentialAction\":[{\"@type\":\"ReadAction\",\"target\":[\"https:\/\/collall.nl\/fr\/product\/collall-colle-des-bijoux-fantaisie\/\"]}]},{\"@type\":\"ImageObject\",\"inLanguage\":\"fr-FR\",\"@id\":\"https:\/\/collall.nl\/fr\/product\/collall-colle-des-bijoux-fantaisie\/#primaryimage\",\"url\":\"https:\/\/collall.nl\/wp-content\/uploads\/2022\/03\/COLSL0025.jpg\",\"contentUrl\":\"https:\/\/collall.nl\/wp-content\/uploads\/2022\/03\/COLSL0025.jpg\",\"width\":800,\"height\":800},{\"@type\":\"BreadcrumbList\",\"@id\":\"https:\/\/collall.nl\/fr\/product\/collall-colle-des-bijoux-fantaisie\/#breadcrumb\",\"itemListElement\":[{\"@type\":\"ListItem\",\"position\":1,\"name\":\"Home\",\"item\":\"https:\/\/collall.nl\/fr\/\"},{\"@type\":\"ListItem\",\"position\":2,\"name\":\"Produits\",\"item\":\"https:\/\/collall.nl\/fr\/produits\/\"},{\"@type\":\"ListItem\",\"position\":3,\"name\":\"Collall Colle des bijoux fantaisie\"}]},{\"@type\":\"WebSite\",\"@id\":\"https:\/\/collall.nl\/#website\",\"url\":\"https:\/\/collall.nl\/\",\"name\":\"Collall\",\"description\":\"Adhesives &amp; Paints since 1949\",\"publisher\":{\"@id\":\"https:\/\/collall.nl\/#organization\"},\"potentialAction\":[{\"@type\":\"SearchAction\",\"target\":{\"@type\":\"EntryPoint\",\"urlTemplate\":\"https:\/\/collall.nl\/?s={search_term_string}\"},\"query-input\":{\"@type\":\"PropertyValueSpecification\",\"valueRequired\":true,\"valueName\":\"search_term_string\"}}],\"inLanguage\":\"fr-FR\"},{\"@type\":\"Organization\",\"@id\":\"https:\/\/collall.nl\/#organization\",\"name\":\"Collall B.V.\",\"url\":\"https:\/\/collall.nl\/\",\"logo\":{\"@type\":\"ImageObject\",\"inLanguage\":\"fr-FR\",\"@id\":\"https:\/\/collall.nl\/#\/schema\/logo\/image\/\",\"url\":\"https:\/\/collall.nl\/wp-content\/uploads\/2022\/08\/Collall-logo-186C_Reflex-blue.jpg\",\"contentUrl\":\"https:\/\/collall.nl\/wp-content\/uploads\/2022\/08\/Collall-logo-186C_Reflex-blue.jpg\",\"width\":1963,\"height\":1179,\"caption\":\"Collall B.V.\"},\"image\":{\"@id\":\"https:\/\/collall.nl\/#\/schema\/logo\/image\/\"},\"sameAs\":[\"https:\/\/www.facebook.com\/people\/Collall\/100064976852539\/\",\"https:\/\/www.instagram.com\/collall_1949\/\",\"https:\/\/nl.pinterest.com\/CollallBV\/\",\"https:\/\/www.youtube.com\/channel\/UCrCGuwth_udZhTqJSh5g9zg\"]}]}<\/script>\n<!-- \/ Yoast SEO plugin. -->","yoast_head_json":{"title":"Collall Colle des bijoux fantaisie - Collall","robots":{"index":"index","follow":"follow","max-snippet":"max-snippet:-1","max-image-preview":"max-image-preview:large","max-video-preview":"max-video-preview:-1"},"canonical":"https:\/\/collall.nl\/fr\/product\/collall-colle-des-bijoux-fantaisie\/","og_locale":"fr_FR","og_type":"article","og_title":"Collall Colle des bijoux fantaisie - Collall","og_description":"Collall Colle des Bijoux Fantaisie est une colle transparente de haute qualit\u00e9 \u00e0 base d\u2019eau, sp\u00e9cialement d\u00e9velopp\u00e9e pour fixer des strass sur divers mat\u00e9riaux tels que le textile, le papier, le carton, le m\u00e9tal, le bois et diff\u00e9rents plastiques.","og_url":"https:\/\/collall.nl\/fr\/product\/collall-colle-des-bijoux-fantaisie\/","og_site_name":"Collall","article_publisher":"https:\/\/www.facebook.com\/people\/Collall\/100064976852539\/","article_modified_time":"2025-04-03T09:36:46+00:00","og_image":[{"width":800,"height":800,"url":"https:\/\/collall.nl\/wp-content\/uploads\/2022\/03\/COLSL0025.jpg","type":"image\/jpeg"}],"twitter_card":"summary_large_image","twitter_misc":{"Dur\u00e9e de lecture estim\u00e9e":"3 minutes"},"schema":{"@context":"https:\/\/schema.org","@graph":[{"@type":"WebPage","@id":"https:\/\/collall.nl\/fr\/product\/collall-colle-des-bijoux-fantaisie\/","url":"https:\/\/collall.nl\/fr\/product\/collall-colle-des-bijoux-fantaisie\/","name":"Collall Colle des bijoux fantaisie - Collall","isPartOf":{"@id":"https:\/\/collall.nl\/#website"},"primaryImageOfPage":{"@id":"https:\/\/collall.nl\/fr\/product\/collall-colle-des-bijoux-fantaisie\/#primaryimage"},"image":{"@id":"https:\/\/collall.nl\/fr\/product\/collall-colle-des-bijoux-fantaisie\/#primaryimage"},"thumbnailUrl":"https:\/\/collall.nl\/wp-content\/uploads\/2022\/03\/COLSL0025.jpg","datePublished":"2022-03-01T09:07:59+00:00","dateModified":"2025-04-03T09:36:46+00:00","breadcrumb":{"@id":"https:\/\/collall.nl\/fr\/product\/collall-colle-des-bijoux-fantaisie\/#breadcrumb"},"inLanguage":"fr-FR","potentialAction":[{"@type":"ReadAction","target":["https:\/\/collall.nl\/fr\/product\/collall-colle-des-bijoux-fantaisie\/"]}]},{"@type":"ImageObject","inLanguage":"fr-FR","@id":"https:\/\/collall.nl\/fr\/product\/collall-colle-des-bijoux-fantaisie\/#primaryimage","url":"https:\/\/collall.nl\/wp-content\/uploads\/2022\/03\/COLSL0025.jpg","contentUrl":"https:\/\/collall.nl\/wp-content\/uploads\/2022\/03\/COLSL0025.jpg","width":800,"height":800},{"@type":"BreadcrumbList","@id":"https:\/\/collall.nl\/fr\/product\/collall-colle-des-bijoux-fantaisie\/#breadcrumb","itemListElement":[{"@type":"ListItem","position":1,"name":"Home","item":"https:\/\/collall.nl\/fr\/"},{"@type":"ListItem","position":2,"name":"Produits","item":"https:\/\/collall.nl\/fr\/produits\/"},{"@type":"ListItem","position":3,"name":"Collall Colle des bijoux fantaisie"}]},{"@type":"WebSite","@id":"https:\/\/collall.nl\/#website","url":"https:\/\/collall.nl\/","name":"Collall","description":"Adhesives &amp; Paints since 1949","publisher":{"@id":"https:\/\/collall.nl\/#organization"},"potentialAction":[{"@type":"SearchAction","target":{"@type":"EntryPoint","urlTemplate":"https:\/\/collall.nl\/?s={search_term_string}"},"query-input":{"@type":"PropertyValueSpecification","valueRequired":true,"valueName":"search_term_string"}}],"inLanguage":"fr-FR"},{"@type":"Organization","@id":"https:\/\/collall.nl\/#organization","name":"Collall B.V.","url":"https:\/\/collall.nl\/","logo":{"@type":"ImageObject","inLanguage":"fr-FR","@id":"https:\/\/collall.nl\/#\/schema\/logo\/image\/","url":"https:\/\/collall.nl\/wp-content\/uploads\/2022\/08\/Collall-logo-186C_Reflex-blue.jpg","contentUrl":"https:\/\/collall.nl\/wp-content\/uploads\/2022\/08\/Collall-logo-186C_Reflex-blue.jpg","width":1963,"height":1179,"caption":"Collall B.V."},"image":{"@id":"https:\/\/collall.nl\/#\/schema\/logo\/image\/"},"sameAs":["https:\/\/www.facebook.com\/people\/Collall\/100064976852539\/","https:\/\/www.instagram.com\/collall_1949\/","https:\/\/nl.pinterest.com\/CollallBV\/","https:\/\/www.youtube.com\/channel\/UCrCGuwth_udZhTqJSh5g9zg"]}]}},"_links":{"self":[{"href":"https:\/\/collall.nl\/fr\/wp-json\/wp\/v2\/product\/9375","targetHints":{"allow":["GET"]}}],"collection":[{"href":"https:\/\/collall.nl\/fr\/wp-json\/wp\/v2\/product"}],"about":[{"href":"https:\/\/collall.nl\/fr\/wp-json\/wp\/v2\/types\/product"}],"replies":[{"embeddable":true,"href":"https:\/\/collall.nl\/fr\/wp-json\/wp\/v2\/comments?post=9375"}],"wp:featuredmedia":[{"embeddable":true,"href":"https:\/\/collall.nl\/fr\/wp-json\/wp\/v2\/media\/18453"}],"wp:attachment":[{"href":"https:\/\/collall.nl\/fr\/wp-json\/wp\/v2\/media?parent=9375"}],"wp:term":[{"taxonomy":"product_brand","embeddable":true,"href":"https:\/\/collall.nl\/fr\/wp-json\/wp\/v2\/product_brand?post=9375"},{"taxonomy":"product_cat","embeddable":true,"href":"https:\/\/collall.nl\/fr\/wp-json\/wp\/v2\/product_cat?post=9375"},{"taxonomy":"product_tag","embeddable":true,"href":"https:\/\/collall.nl\/fr\/wp-json\/wp\/v2\/product_tag?post=9375"}],"curies":[{"name":"wp","href":"https:\/\/api.w.org\/{rel}","templated":true}]}}