{"id":30869,"date":"2025-04-10T13:55:48","date_gmt":"2025-04-10T12:47:21","guid":{"rendered":"https:\/\/collall.nl\/?post_type=product&#038;p=30869"},"modified":"2025-05-20T16:02:41","modified_gmt":"2025-05-20T14:02:41","slug":"30869","status":"publish","type":"product","link":"https:\/\/collall.nl\/fr\/product\/30869\/","title":{"rendered":"Collall Colle \u00e0 Pochoirs"},"content":{"rendered":"<p class=\"\" data-start=\"56\" data-end=\"515\"><strong data-start=\"56\" data-end=\"71\">Application<\/strong> :<\/p>\n<p class=\"\" data-start=\"1876\" data-end=\"2198\"><strong data-start=\"1876\" data-end=\"1907\">La colle \u00e0 pochoirs Collall<\/strong> (\u00e9galement appel\u00e9e colle pour pochoirs) est une colle \u00e0 base d\u2019eau, id\u00e9ale pour fixer temporairement des pochoirs en plastique sur une surface. Elle maintient le pochoir en place pendant le travail et emp\u00eache qu\u2019il ne glisse. C\u2019est un outil tr\u00e8s pratique pour les pochoirs non autocollants.<\/p>\n<p class=\"\" data-start=\"2200\" data-end=\"2422\">Cette colle convient parfaitement aux amateurs de loisirs cr\u00e9atifs, enseignants et enfants \u00e0 partir de 6 ans. Gr\u00e2ce \u00e0 son adh\u00e9rence temporaire, le pochoir reste bien en place, ce qui limite les bavures et les d\u00e9placements.<\/p>\n<p class=\"\" data-start=\"56\" data-end=\"515\"><strong data-start=\"517\" data-end=\"527\">Aspect<\/strong> :<\/p>\n<ul>\n<li data-start=\"533\" data-end=\"567\">Colle blanche \u00e9paisse et liquide<\/li>\n<li data-start=\"570\" data-end=\"586\">S\u00e9chage rapide<\/li>\n<\/ul>\n<p class=\"\" data-start=\"624\" data-end=\"641\"><strong data-start=\"624\" data-end=\"635\">Solvant<\/strong> : Eau<\/p>\n<p><strong>Ingr\u00e9dient principal : <\/strong>dispersion d&rsquo;acrylate<\/p>\n<p class=\"p1\"><b>Ingr\u00e9dients naturels : <\/b>37%<\/p>\n<p class=\"p1\"><b>Viscosit\u00e9 : <\/b>2.500-4.000 mPa.s<\/p>\n<p class=\"\" data-start=\"712\" data-end=\"721\"><strong data-start=\"712\" data-end=\"718\">pH<\/strong> : 4-6<\/p>\n<p class=\"\" data-start=\"723\" data-end=\"756\"><strong data-start=\"723\" data-end=\"742\">Masse volumique<\/strong> : 1,05 kg\/dm\u00b3<\/p>\n<p class=\"\" data-start=\"758\" data-end=\"768\"><strong data-start=\"758\" data-end=\"764\">CE<\/strong> : &#8211;<\/p>\n<p data-start=\"824\" data-end=\"843\"><strong>Consommation de colle :<\/strong> 75 \u00e0 150 grammes par m\u00e8tre carr\u00e9 (selon la surface \u00e0 encoller. Les surfaces rugueuses n\u00e9cessiteront une application de colle plus importante).<\/p>\n<p class=\"\" data-start=\"824\" data-end=\"843\"><strong data-start=\"824\" data-end=\"841\">Mode d&#8217;emploi<\/strong> :<\/p>\n<ul>\n<li data-start=\"2994\" data-end=\"3077\">Assurez-vous que le pochoir et la surface soient propres et secs<\/li>\n<li data-start=\"3080\" data-end=\"3136\">Appliquez un peu de colle sur une \u00e9ponge ou un pinceau<\/li>\n<li data-start=\"3139\" data-end=\"3181\">\u00c9talez une fine couche au dos du pochoir<\/li>\n<li data-start=\"3184\" data-end=\"3247\">Laissez s\u00e9cher jusqu\u2019\u00e0 ce qu\u2019il soit collant mais non mouill\u00e9<\/li>\n<li data-start=\"3250\" data-end=\"3287\">Appliquez le pochoir sur la surface<\/li>\n<li data-start=\"3290\" data-end=\"3352\">Peignez par-dessus avec un pinceau ou tamponnez d\u00e9licatement<\/li>\n<li data-start=\"3355\" data-end=\"3434\">Retirez doucement le pochoir (Attention sur les surfaces poreuses ou vernies)<\/li>\n<li data-start=\"3437\" data-end=\"3506\">Nettoyez le pochoir \u00e0 l\u2019eau froide avec un peu de liquide vaisselle<\/li>\n<\/ul>\n<p class=\"\" data-start=\"1135\" data-end=\"1177\"><strong data-start=\"1135\" data-end=\"1149\">Convient \u00e0<\/strong> : enfants \u00e0 partir de 6 ans<\/p>\n<p class=\"\" data-start=\"1179\" data-end=\"1292\"><strong data-start=\"1179\" data-end=\"1193\">Allerg\u00e8nes<\/strong> : Contient du CMIT\/MIT et du 1,2-benzisothiazol-3(2H)-one. Peut provoquer une r\u00e9action allergique.<\/p>\n<p class=\"\" data-start=\"1294\" data-end=\"1309\"><strong data-start=\"1294\" data-end=\"1307\">Nettoyage<\/strong> :<\/p>\n<ul>\n<li data-start=\"1311\" data-end=\"1478\">Lorsque la colle est encore humide, les outils et surfaces peuvent \u00eatre nettoy\u00e9s facilement \u00e0 l&rsquo;eau froid (un d\u00e9tergent synth\u00e9tique peut \u00e9ventuellement \u00eatre ajout\u00e9 \u00e0 l&rsquo;eau).<\/li>\n<\/ul>\n<h4 data-start=\"2424\" data-end=\"2470\"><strong data-start=\"2424\" data-end=\"2470\">Avantages de la colle \u00e0 pochoirs Collall :<\/strong><\/h4>\n<ul>\n<li data-start=\"2473\" data-end=\"2516\">Maintient fermement les pochoirs en place<\/li>\n<li data-start=\"2519\" data-end=\"2575\">Id\u00e9ale pour les pochoirs en plastique non autocollants<\/li>\n<li data-start=\"2578\" data-end=\"2612\">R\u00e9duit les bavures et salissures<\/li>\n<li data-start=\"2615\" data-end=\"2653\">\u00c0 base d\u2019eau, donc facile \u00e0 nettoyer<\/li>\n<li data-start=\"2656\" data-end=\"2753\">Facile \u00e0 utiliser, m\u00eame pour les enfants (6+)<\/li>\n<li data-start=\"2756\" data-end=\"2772\">S\u00e9chage rapide<\/li>\n<\/ul>\n<p class=\"\" data-start=\"2774\" data-end=\"2790\"><strong data-start=\"2774\" data-end=\"2790\">Id\u00e9al pour :<\/strong><\/p>\n<ul>\n<li data-start=\"2793\" data-end=\"2846\">Amateurs de loisirs cr\u00e9atifs, artistes et cr\u00e9ateurs<\/li>\n<li data-start=\"2849\" data-end=\"2919\">Projets DIY avec pochoirs sur papier \u00e9pais, bois, verre, toile, etc.<\/li>\n<li data-start=\"2922\" data-end=\"2970\">Utilisation en classe ou \u00e0 la maison (d\u00e8s 6 ans)<\/li>\n<\/ul>\n<p class=\"\" data-start=\"3508\" data-end=\"3540\"><strong data-start=\"3508\" data-end=\"3540\">Que pouvez-vous cr\u00e9er avec ?<\/strong><\/p>\n<ul>\n<li data-start=\"3543\" data-end=\"3563\">De jolies affiches<\/li>\n<li data-start=\"3566\" data-end=\"3608\">Panneaux d\u00e9coratifs ou enseignes \u00e0 th\u00e8me<\/li>\n<li data-start=\"3611\" data-end=\"3627\">Cartes de v\u0153ux<\/li>\n<li data-start=\"3630\" data-end=\"3697\">D\u00e9corations sur bois (ex. textes) ou verre (ex. flocons de neige)<\/li>\n<li data-start=\"3700\" data-end=\"3740\">Travaux manuels \u00e0 l\u2019\u00e9cole ou \u00e0 la maison<\/li>\n<\/ul>\n","protected":false},"excerpt":{"rendered":"<p>La Colle \u00e0 pochoirs Collall est une colle \u00e0 base d&rsquo;eau, adapt\u00e9e pour fixer temporairement des pochoirs en plastique sur un support.<\/p>\n","protected":false},"featured_media":30941,"comment_status":"open","ping_status":"closed","template":"","meta":{"_acf_changed":false},"product_brand":[],"product_cat":[174],"product_tag":[],"class_list":{"0":"post-30869","1":"product","2":"type-product","3":"status-publish","4":"has-post-thumbnail","6":"product_cat-colle-et-vernis-colle","8":"first","9":"instock","10":"shipping-taxable","11":"purchasable","12":"product-type-variable"},"acf":[],"yoast_head":"<!-- This site is optimized with the Yoast SEO plugin v27.2 - https:\/\/yoast.com\/product\/yoast-seo-wordpress\/ -->\n<title>Collall Colle \u00e0 Pochoirs - Collall<\/title>\n<meta name=\"description\" content=\"la Colle \u00e0 pochoirs Collall est une colle \u00e0 base d&#039;eau, adapt\u00e9e pour fixer temporairement des pochoirs en plastique sur un support.\" \/>\n<meta name=\"robots\" content=\"index, follow, max-snippet:-1, max-image-preview:large, max-video-preview:-1\" \/>\n<link rel=\"canonical\" href=\"https:\/\/collall.nl\/fr\/product\/30869\/\" \/>\n<meta property=\"og:locale\" content=\"fr_FR\" \/>\n<meta property=\"og:type\" content=\"article\" \/>\n<meta property=\"og:title\" content=\"Collall Colle \u00e0 Pochoirs - Collall\" \/>\n<meta property=\"og:description\" content=\"la Colle \u00e0 pochoirs Collall est une colle \u00e0 base d&#039;eau, adapt\u00e9e pour fixer temporairement des pochoirs en plastique sur un support.\" \/>\n<meta property=\"og:url\" content=\"https:\/\/collall.nl\/fr\/product\/30869\/\" \/>\n<meta property=\"og:site_name\" content=\"Collall\" \/>\n<meta property=\"article:publisher\" content=\"https:\/\/www.facebook.com\/people\/Collall\/100064976852539\/\" \/>\n<meta property=\"article:modified_time\" content=\"2025-05-20T14:02:41+00:00\" \/>\n<meta property=\"og:image\" content=\"https:\/\/collall.nl\/wp-content\/uploads\/2025\/04\/Collall-Stencil-glue-100ml.webp\" \/>\n\t<meta property=\"og:image:width\" content=\"1000\" \/>\n\t<meta property=\"og:image:height\" content=\"1000\" \/>\n\t<meta property=\"og:image:type\" content=\"image\/jpeg\" \/>\n<meta name=\"twitter:card\" content=\"summary_large_image\" \/>\n<meta name=\"twitter:label1\" content=\"Dur\u00e9e de lecture estim\u00e9e\" \/>\n\t<meta name=\"twitter:data1\" content=\"3 minutes\" \/>\n<script type=\"application\/ld+json\" class=\"yoast-schema-graph\">{\"@context\":\"https:\/\/schema.org\",\"@graph\":[{\"@type\":\"WebPage\",\"@id\":\"https:\/\/collall.nl\/fr\/product\/30869\/\",\"url\":\"https:\/\/collall.nl\/fr\/product\/30869\/\",\"name\":\"Collall Colle \u00e0 Pochoirs - Collall\",\"isPartOf\":{\"@id\":\"https:\/\/collall.nl\/#website\"},\"primaryImageOfPage\":{\"@id\":\"https:\/\/collall.nl\/fr\/product\/30869\/#primaryimage\"},\"image\":{\"@id\":\"https:\/\/collall.nl\/fr\/product\/30869\/#primaryimage\"},\"thumbnailUrl\":\"https:\/\/collall.nl\/wp-content\/uploads\/2025\/04\/Collall-Stencil-glue-100ml.webp\",\"datePublished\":\"2025-04-10T12:47:21+00:00\",\"dateModified\":\"2025-05-20T14:02:41+00:00\",\"description\":\"la Colle \u00e0 pochoirs Collall est une colle \u00e0 base d'eau, adapt\u00e9e pour fixer temporairement des pochoirs en plastique sur un support.\",\"breadcrumb\":{\"@id\":\"https:\/\/collall.nl\/fr\/product\/30869\/#breadcrumb\"},\"inLanguage\":\"fr-FR\",\"potentialAction\":[{\"@type\":\"ReadAction\",\"target\":[\"https:\/\/collall.nl\/fr\/product\/30869\/\"]}]},{\"@type\":\"ImageObject\",\"inLanguage\":\"fr-FR\",\"@id\":\"https:\/\/collall.nl\/fr\/product\/30869\/#primaryimage\",\"url\":\"https:\/\/collall.nl\/wp-content\/uploads\/2025\/04\/Collall-Stencil-glue-100ml.webp\",\"contentUrl\":\"https:\/\/collall.nl\/wp-content\/uploads\/2025\/04\/Collall-Stencil-glue-100ml.webp\",\"width\":1000,\"height\":1000},{\"@type\":\"BreadcrumbList\",\"@id\":\"https:\/\/collall.nl\/fr\/product\/30869\/#breadcrumb\",\"itemListElement\":[{\"@type\":\"ListItem\",\"position\":1,\"name\":\"Home\",\"item\":\"https:\/\/collall.nl\/fr\/\"},{\"@type\":\"ListItem\",\"position\":2,\"name\":\"Produits\",\"item\":\"https:\/\/collall.nl\/fr\/produits\/\"},{\"@type\":\"ListItem\",\"position\":3,\"name\":\"Collall Colle \u00e0 Pochoirs\"}]},{\"@type\":\"WebSite\",\"@id\":\"https:\/\/collall.nl\/#website\",\"url\":\"https:\/\/collall.nl\/\",\"name\":\"Collall\",\"description\":\"Adhesives &amp; Paints since 1949\",\"publisher\":{\"@id\":\"https:\/\/collall.nl\/#organization\"},\"potentialAction\":[{\"@type\":\"SearchAction\",\"target\":{\"@type\":\"EntryPoint\",\"urlTemplate\":\"https:\/\/collall.nl\/?s={search_term_string}\"},\"query-input\":{\"@type\":\"PropertyValueSpecification\",\"valueRequired\":true,\"valueName\":\"search_term_string\"}}],\"inLanguage\":\"fr-FR\"},{\"@type\":\"Organization\",\"@id\":\"https:\/\/collall.nl\/#organization\",\"name\":\"Collall B.V.\",\"url\":\"https:\/\/collall.nl\/\",\"logo\":{\"@type\":\"ImageObject\",\"inLanguage\":\"fr-FR\",\"@id\":\"https:\/\/collall.nl\/#\/schema\/logo\/image\/\",\"url\":\"https:\/\/collall.nl\/wp-content\/uploads\/2022\/08\/Collall-logo-186C_Reflex-blue.jpg\",\"contentUrl\":\"https:\/\/collall.nl\/wp-content\/uploads\/2022\/08\/Collall-logo-186C_Reflex-blue.jpg\",\"width\":1963,\"height\":1179,\"caption\":\"Collall B.V.\"},\"image\":{\"@id\":\"https:\/\/collall.nl\/#\/schema\/logo\/image\/\"},\"sameAs\":[\"https:\/\/www.facebook.com\/people\/Collall\/100064976852539\/\",\"https:\/\/www.instagram.com\/collall_1949\/\",\"https:\/\/nl.pinterest.com\/CollallBV\/\",\"https:\/\/www.youtube.com\/channel\/UCrCGuwth_udZhTqJSh5g9zg\"]}]}<\/script>\n<!-- \/ Yoast SEO plugin. -->","yoast_head_json":{"title":"Collall Colle \u00e0 Pochoirs - Collall","description":"la Colle \u00e0 pochoirs Collall est une colle \u00e0 base d'eau, adapt\u00e9e pour fixer temporairement des pochoirs en plastique sur un support.","robots":{"index":"index","follow":"follow","max-snippet":"max-snippet:-1","max-image-preview":"max-image-preview:large","max-video-preview":"max-video-preview:-1"},"canonical":"https:\/\/collall.nl\/fr\/product\/30869\/","og_locale":"fr_FR","og_type":"article","og_title":"Collall Colle \u00e0 Pochoirs - Collall","og_description":"la Colle \u00e0 pochoirs Collall est une colle \u00e0 base d'eau, adapt\u00e9e pour fixer temporairement des pochoirs en plastique sur un support.","og_url":"https:\/\/collall.nl\/fr\/product\/30869\/","og_site_name":"Collall","article_publisher":"https:\/\/www.facebook.com\/people\/Collall\/100064976852539\/","article_modified_time":"2025-05-20T14:02:41+00:00","og_image":[{"width":1000,"height":1000,"url":"https:\/\/collall.nl\/wp-content\/uploads\/2025\/04\/Collall-Stencil-glue-100ml.webp","type":"image\/jpeg"}],"twitter_card":"summary_large_image","twitter_misc":{"Dur\u00e9e de lecture estim\u00e9e":"3 minutes"},"schema":{"@context":"https:\/\/schema.org","@graph":[{"@type":"WebPage","@id":"https:\/\/collall.nl\/fr\/product\/30869\/","url":"https:\/\/collall.nl\/fr\/product\/30869\/","name":"Collall Colle \u00e0 Pochoirs - Collall","isPartOf":{"@id":"https:\/\/collall.nl\/#website"},"primaryImageOfPage":{"@id":"https:\/\/collall.nl\/fr\/product\/30869\/#primaryimage"},"image":{"@id":"https:\/\/collall.nl\/fr\/product\/30869\/#primaryimage"},"thumbnailUrl":"https:\/\/collall.nl\/wp-content\/uploads\/2025\/04\/Collall-Stencil-glue-100ml.webp","datePublished":"2025-04-10T12:47:21+00:00","dateModified":"2025-05-20T14:02:41+00:00","description":"la Colle \u00e0 pochoirs Collall est une colle \u00e0 base d'eau, adapt\u00e9e pour fixer temporairement des pochoirs en plastique sur un support.","breadcrumb":{"@id":"https:\/\/collall.nl\/fr\/product\/30869\/#breadcrumb"},"inLanguage":"fr-FR","potentialAction":[{"@type":"ReadAction","target":["https:\/\/collall.nl\/fr\/product\/30869\/"]}]},{"@type":"ImageObject","inLanguage":"fr-FR","@id":"https:\/\/collall.nl\/fr\/product\/30869\/#primaryimage","url":"https:\/\/collall.nl\/wp-content\/uploads\/2025\/04\/Collall-Stencil-glue-100ml.webp","contentUrl":"https:\/\/collall.nl\/wp-content\/uploads\/2025\/04\/Collall-Stencil-glue-100ml.webp","width":1000,"height":1000},{"@type":"BreadcrumbList","@id":"https:\/\/collall.nl\/fr\/product\/30869\/#breadcrumb","itemListElement":[{"@type":"ListItem","position":1,"name":"Home","item":"https:\/\/collall.nl\/fr\/"},{"@type":"ListItem","position":2,"name":"Produits","item":"https:\/\/collall.nl\/fr\/produits\/"},{"@type":"ListItem","position":3,"name":"Collall Colle \u00e0 Pochoirs"}]},{"@type":"WebSite","@id":"https:\/\/collall.nl\/#website","url":"https:\/\/collall.nl\/","name":"Collall","description":"Adhesives &amp; Paints since 1949","publisher":{"@id":"https:\/\/collall.nl\/#organization"},"potentialAction":[{"@type":"SearchAction","target":{"@type":"EntryPoint","urlTemplate":"https:\/\/collall.nl\/?s={search_term_string}"},"query-input":{"@type":"PropertyValueSpecification","valueRequired":true,"valueName":"search_term_string"}}],"inLanguage":"fr-FR"},{"@type":"Organization","@id":"https:\/\/collall.nl\/#organization","name":"Collall B.V.","url":"https:\/\/collall.nl\/","logo":{"@type":"ImageObject","inLanguage":"fr-FR","@id":"https:\/\/collall.nl\/#\/schema\/logo\/image\/","url":"https:\/\/collall.nl\/wp-content\/uploads\/2022\/08\/Collall-logo-186C_Reflex-blue.jpg","contentUrl":"https:\/\/collall.nl\/wp-content\/uploads\/2022\/08\/Collall-logo-186C_Reflex-blue.jpg","width":1963,"height":1179,"caption":"Collall B.V."},"image":{"@id":"https:\/\/collall.nl\/#\/schema\/logo\/image\/"},"sameAs":["https:\/\/www.facebook.com\/people\/Collall\/100064976852539\/","https:\/\/www.instagram.com\/collall_1949\/","https:\/\/nl.pinterest.com\/CollallBV\/","https:\/\/www.youtube.com\/channel\/UCrCGuwth_udZhTqJSh5g9zg"]}]}},"_links":{"self":[{"href":"https:\/\/collall.nl\/fr\/wp-json\/wp\/v2\/product\/30869","targetHints":{"allow":["GET"]}}],"collection":[{"href":"https:\/\/collall.nl\/fr\/wp-json\/wp\/v2\/product"}],"about":[{"href":"https:\/\/collall.nl\/fr\/wp-json\/wp\/v2\/types\/product"}],"replies":[{"embeddable":true,"href":"https:\/\/collall.nl\/fr\/wp-json\/wp\/v2\/comments?post=30869"}],"wp:featuredmedia":[{"embeddable":true,"href":"https:\/\/collall.nl\/fr\/wp-json\/wp\/v2\/media\/30941"}],"wp:attachment":[{"href":"https:\/\/collall.nl\/fr\/wp-json\/wp\/v2\/media?parent=30869"}],"wp:term":[{"taxonomy":"product_brand","embeddable":true,"href":"https:\/\/collall.nl\/fr\/wp-json\/wp\/v2\/product_brand?post=30869"},{"taxonomy":"product_cat","embeddable":true,"href":"https:\/\/collall.nl\/fr\/wp-json\/wp\/v2\/product_cat?post=30869"},{"taxonomy":"product_tag","embeddable":true,"href":"https:\/\/collall.nl\/fr\/wp-json\/wp\/v2\/product_tag?post=30869"}],"curies":[{"name":"wp","href":"https:\/\/api.w.org\/{rel}","templated":true}]}}