{"id":30794,"date":"2025-04-01T14:00:59","date_gmt":"2025-04-01T13:48:30","guid":{"rendered":"https:\/\/collall.nl\/?post_type=product&#038;p=30794"},"modified":"2025-06-12T11:46:06","modified_gmt":"2025-06-12T09:46:06","slug":"baton-de-colle-collall-eco","status":"publish","type":"product","link":"https:\/\/collall.nl\/fr\/product\/baton-de-colle-collall-eco\/","title":{"rendered":"B\u00e2ton de colle Collall Eco"},"content":{"rendered":"<p class=\"\" data-start=\"896\" data-end=\"1222\"><strong data-start=\"912\" data-end=\"929\">Application :<\/strong> Le b\u00e2ton de colle Collall Eco est une colle de haute qualit\u00e9, blanche et p\u00e2teuse, \u00e0 base d\u2019eau. Contient de la glyc\u00e9rine pour un collage fluide. Le b\u00e2ton de colle est adapt\u00e9 au collage du papier, du carton, des photos ainsi que des mat\u00e9riaux plastiques et textiles l\u00e9gers.<\/p>\n<p class=\"\" data-start=\"896\" data-end=\"1222\"><strong data-start=\"1205\" data-end=\"1220\">Apparence :<\/strong><\/p>\n<ul>\n<li data-start=\"1225\" data-end=\"1260\">Colle \u00e9paisse, blanche et p\u00e2teuse<\/li>\n<li data-start=\"1263\" data-end=\"1277\">Faible odeur<\/li>\n<li data-start=\"1280\" data-end=\"1296\">S\u00e9chage rapide<\/li>\n<li data-start=\"1299\" data-end=\"1334\">Se lave facilement \u00e0 l\u2019eau froide<\/li>\n<li data-start=\"1337\" data-end=\"1399\">Parties en plastique fabriqu\u00e9es \u00e0 85 % de mat\u00e9riaux recycl\u00e9s<\/li>\n<\/ul>\n<p class=\"\" data-start=\"492\" data-end=\"511\"><strong data-start=\"492\" data-end=\"505\">Solvant :<\/strong> eau<\/p>\n<p class=\"\" data-start=\"71\" data-end=\"110\"><strong>Composant principal :<\/strong> d\u00e9riv\u00e9 d&rsquo;amidon<\/p>\n<p class=\"\" data-start=\"113\" data-end=\"142\"><strong>Ingr\u00e9dients naturels :<\/strong> 95 %<\/p>\n<p class=\"\" data-start=\"145\" data-end=\"166\"><strong>Viscosit\u00e9 :<\/strong> &#8211; mPa.s<\/p>\n<p class=\"\" data-start=\"169\" data-end=\"184\"><strong>pH :<\/strong> 9,5-10,5<\/p>\n<p class=\"\" data-start=\"187\" data-end=\"214\"><strong>Densit\u00e9 :<\/strong> 1,05-1,25 g\/cm\u00b3<\/p>\n<p class=\"\" data-start=\"575\" data-end=\"688\"><strong data-start=\"646\" data-end=\"654\">CE :<\/strong> \u2013<\/p>\n<p class=\"\" data-start=\"575\" data-end=\"688\"><strong data-start=\"659\" data-end=\"684\">Utilisation typique :<\/strong> \u2013<\/p>\n<p class=\"\" data-start=\"690\" data-end=\"709\"><strong data-start=\"690\" data-end=\"707\">Utilisation :<\/strong><\/p>\n<ul>\n<li data-start=\"712\" data-end=\"792\">Les mat\u00e9riaux \u00e0 coller doivent \u00eatre secs et exempts de poussi\u00e8re et de salet\u00e9.<\/li>\n<li data-start=\"795\" data-end=\"851\">Peut \u00eatre utilis\u00e9 directement \u00e0 partir de l\u2019emballage.<\/li>\n<li data-start=\"854\" data-end=\"885\">Longue dur\u00e9e de conservation.<\/li>\n<\/ul>\n<p class=\"\" data-start=\"887\" data-end=\"907\"><strong data-start=\"887\" data-end=\"903\">Allerg\u00e8nes :<\/strong> \u2013<\/p>\n<p class=\"\" data-start=\"909\" data-end=\"946\"><strong data-start=\"909\" data-end=\"925\">Convient \u00e0 :<\/strong> \u00c0 partir de 3 ans.<\/p>\n<p><strong data-start=\"948\" data-end=\"963\">Nettoyage : <\/strong>Facilement lavable \u00e0 l\u2019eau (froide) ou en machine.<\/p>\n<h4 data-start=\"0\" data-end=\"81\"><strong data-start=\"0\" data-end=\"81\">Coller durablement avec des ingr\u00e9dients naturels<\/strong><\/h4>\n<p data-start=\"83\" data-end=\"503\">Le b\u00e2ton de colle Collall Eco est compos\u00e9 \u00e0 95\u202f% d\u2019ingr\u00e9dients naturels, dont les d\u00e9riv\u00e9s d\u2019amidon sont les principaux composants. Il est enti\u00e8rement exempt de solvants, ce qui en fait une excellente alternative \u00e9cologique, sans compromis sur la qualit\u00e9. Les d\u00e9riv\u00e9s d\u2019amidon utilis\u00e9s sont des substances v\u00e9g\u00e9tales extraites, par exemple, du ma\u00efs ou de la pomme de terre, et constituent la base de cette colle naturelle.<\/p>\n<p data-start=\"505\" data-end=\"1116\"><strong data-start=\"505\" data-end=\"550\">Avantages du b\u00e2ton de colle Collall Eco :<\/strong><br data-start=\"550\" data-end=\"553\" \/>\u2022 <strong data-start=\"555\" data-end=\"576\">Facile \u00e0 utiliser<\/strong> : le format en stick permet une application rapide, propre et sans bavures.<br data-start=\"652\" data-end=\"655\" \/>\u2022 <strong data-start=\"657\" data-end=\"675\">S\u00e9chage rapide<\/strong> : votre travail reste net et sec en un rien de temps \u2013 id\u00e9al pour l\u2019\u00e9cole ou les projets urgents.<br data-start=\"773\" data-end=\"776\" \/>\u2022 <strong data-start=\"778\" data-end=\"801\">Tr\u00e8s facile \u00e0 laver<\/strong> : une tache sur les v\u00eatements\u202f? Pas de souci : la colle s\u2019\u00e9limine facilement \u00e0 l\u2019eau froide ou en machine.<br data-start=\"908\" data-end=\"911\" \/>\u2022 <strong data-start=\"913\" data-end=\"929\">Faible odeur<\/strong> : agr\u00e9able \u00e0 utiliser, m\u00eame dans les salles de classe ou les petits espaces.<br data-start=\"1006\" data-end=\"1009\" \/>\u2022 <strong data-start=\"1011\" data-end=\"1025\">\u00c9cologique<\/strong> : les parties en plastique du b\u00e2ton sont fabriqu\u00e9es \u00e0 85\u202f% \u00e0 partir de mat\u00e9riaux recycl\u00e9s.<\/p>\n<p data-start=\"1118\" data-end=\"1213\"><strong data-start=\"1118\" data-end=\"1144\">\u00c9vitez le dess\u00e8chement<\/strong> : refermez toujours le b\u00e2ton de colle avec son capuchon apr\u00e8s usage.<\/p>\n<p data-start=\"1215\" data-end=\"1510\"><strong data-start=\"1215\" data-end=\"1283\">Pourquoi choisir un b\u00e2ton de colle plut\u00f4t qu\u2019une colle liquide\u202f?<\/strong><br data-start=\"1283\" data-end=\"1286\" \/>Un b\u00e2ton de colle est id\u00e9al pour une application rapide et pr\u00e9cise sur des surfaces planes comme le papier ou les photos. Contrairement \u00e0 la colle liquide, il n\u2019y a pas de coulures, pas de surplus, ni de gondolage du papier.<\/p>\n<p data-start=\"1512\" data-end=\"1655\" data-is-last-node=\"\" data-is-only-node=\"\">Le b\u00e2ton de colle Eco est \u00e9galement un excellent choix pour les enfants : facile \u00e0 manipuler, il s\u00e8che vite et s\u2019enl\u00e8ve ais\u00e9ment des v\u00eatements.<\/p>\n","protected":false},"excerpt":{"rendered":"<p>Le b\u00e2ton de colle Collall Eco est une colle de haute qualit\u00e9, blanche et p\u00e2teuse, \u00e0 base d\u2019eau. Contient de la glyc\u00e9rine pour un collage fluide.<\/p>\n","protected":false},"featured_media":30292,"comment_status":"open","ping_status":"closed","template":"","meta":{"_acf_changed":false},"product_brand":[],"product_cat":[174],"product_tag":[],"class_list":{"0":"post-30794","1":"product","2":"type-product","3":"status-publish","4":"has-post-thumbnail","6":"product_cat-colle-et-vernis-colle","8":"first","9":"instock","10":"shipping-taxable","11":"purchasable","12":"product-type-variable"},"acf":[],"yoast_head":"<!-- This site is optimized with the Yoast SEO plugin v27.2 - https:\/\/yoast.com\/product\/yoast-seo-wordpress\/ -->\n<title>B\u00e2ton de colle Collall Eco - Collall<\/title>\n<meta name=\"description\" content=\"Le b\u00e2ton de colle Collall EcoLe b\u00e2ton de colle Collall Eco est une colle de haute qualit\u00e9, blanche et p\u00e2teuse, \u00e0 base d\u2019eau.\" \/>\n<meta name=\"robots\" content=\"index, follow, max-snippet:-1, max-image-preview:large, max-video-preview:-1\" \/>\n<link rel=\"canonical\" href=\"https:\/\/collall.nl\/fr\/product\/baton-de-colle-collall-eco\/\" \/>\n<meta property=\"og:locale\" content=\"fr_FR\" \/>\n<meta property=\"og:type\" content=\"article\" \/>\n<meta property=\"og:title\" content=\"B\u00e2ton de colle Collall Eco - Collall\" \/>\n<meta property=\"og:description\" content=\"Le b\u00e2ton de colle Collall EcoLe b\u00e2ton de colle Collall Eco est une colle de haute qualit\u00e9, blanche et p\u00e2teuse, \u00e0 base d\u2019eau.\" \/>\n<meta property=\"og:url\" content=\"https:\/\/collall.nl\/fr\/product\/baton-de-colle-collall-eco\/\" \/>\n<meta property=\"og:site_name\" content=\"Collall\" \/>\n<meta property=\"article:publisher\" content=\"https:\/\/www.facebook.com\/people\/Collall\/100064976852539\/\" \/>\n<meta property=\"article:modified_time\" content=\"2025-06-12T09:46:06+00:00\" \/>\n<meta property=\"og:image\" content=\"https:\/\/collall.nl\/wp-content\/uploads\/2022\/03\/Collall-Eco-Glue-Stick-40g-scaled-e1741681198524.webp\" \/>\n\t<meta property=\"og:image:width\" content=\"1000\" \/>\n\t<meta property=\"og:image:height\" content=\"1000\" \/>\n\t<meta property=\"og:image:type\" content=\"image\/jpeg\" \/>\n<meta name=\"twitter:card\" content=\"summary_large_image\" \/>\n<meta name=\"twitter:label1\" content=\"Dur\u00e9e de lecture estim\u00e9e\" \/>\n\t<meta name=\"twitter:data1\" content=\"3 minutes\" \/>\n<script type=\"application\/ld+json\" class=\"yoast-schema-graph\">{\"@context\":\"https:\/\/schema.org\",\"@graph\":[{\"@type\":\"WebPage\",\"@id\":\"https:\/\/collall.nl\/fr\/product\/baton-de-colle-collall-eco\/\",\"url\":\"https:\/\/collall.nl\/fr\/product\/baton-de-colle-collall-eco\/\",\"name\":\"B\u00e2ton de colle Collall Eco - Collall\",\"isPartOf\":{\"@id\":\"https:\/\/collall.nl\/#website\"},\"primaryImageOfPage\":{\"@id\":\"https:\/\/collall.nl\/fr\/product\/baton-de-colle-collall-eco\/#primaryimage\"},\"image\":{\"@id\":\"https:\/\/collall.nl\/fr\/product\/baton-de-colle-collall-eco\/#primaryimage\"},\"thumbnailUrl\":\"https:\/\/collall.nl\/wp-content\/uploads\/2022\/03\/Collall-Eco-Glue-Stick-40g-scaled-e1741681198524.webp\",\"datePublished\":\"2025-04-01T13:48:30+00:00\",\"dateModified\":\"2025-06-12T09:46:06+00:00\",\"description\":\"Le b\u00e2ton de colle Collall EcoLe b\u00e2ton de colle Collall Eco est une colle de haute qualit\u00e9, blanche et p\u00e2teuse, \u00e0 base d\u2019eau.\",\"breadcrumb\":{\"@id\":\"https:\/\/collall.nl\/fr\/product\/baton-de-colle-collall-eco\/#breadcrumb\"},\"inLanguage\":\"fr-FR\",\"potentialAction\":[{\"@type\":\"ReadAction\",\"target\":[\"https:\/\/collall.nl\/fr\/product\/baton-de-colle-collall-eco\/\"]}]},{\"@type\":\"ImageObject\",\"inLanguage\":\"fr-FR\",\"@id\":\"https:\/\/collall.nl\/fr\/product\/baton-de-colle-collall-eco\/#primaryimage\",\"url\":\"https:\/\/collall.nl\/wp-content\/uploads\/2022\/03\/Collall-Eco-Glue-Stick-40g-scaled-e1741681198524.webp\",\"contentUrl\":\"https:\/\/collall.nl\/wp-content\/uploads\/2022\/03\/Collall-Eco-Glue-Stick-40g-scaled-e1741681198524.webp\",\"width\":1000,\"height\":1000,\"caption\":\"De Collall Eco Lijmstift is een sneldrogende, geurarme en gemakkelijk uitwasbare lijm met 95% natuurlijke ingredi\u00ebnten en een behuizing van 85% gerecycled plastic.\"},{\"@type\":\"BreadcrumbList\",\"@id\":\"https:\/\/collall.nl\/fr\/product\/baton-de-colle-collall-eco\/#breadcrumb\",\"itemListElement\":[{\"@type\":\"ListItem\",\"position\":1,\"name\":\"Home\",\"item\":\"https:\/\/collall.nl\/fr\/\"},{\"@type\":\"ListItem\",\"position\":2,\"name\":\"Produits\",\"item\":\"https:\/\/collall.nl\/fr\/produits\/\"},{\"@type\":\"ListItem\",\"position\":3,\"name\":\"B\u00e2ton de colle Collall Eco\"}]},{\"@type\":\"WebSite\",\"@id\":\"https:\/\/collall.nl\/#website\",\"url\":\"https:\/\/collall.nl\/\",\"name\":\"Collall\",\"description\":\"Adhesives &amp; Paints since 1949\",\"publisher\":{\"@id\":\"https:\/\/collall.nl\/#organization\"},\"potentialAction\":[{\"@type\":\"SearchAction\",\"target\":{\"@type\":\"EntryPoint\",\"urlTemplate\":\"https:\/\/collall.nl\/?s={search_term_string}\"},\"query-input\":{\"@type\":\"PropertyValueSpecification\",\"valueRequired\":true,\"valueName\":\"search_term_string\"}}],\"inLanguage\":\"fr-FR\"},{\"@type\":\"Organization\",\"@id\":\"https:\/\/collall.nl\/#organization\",\"name\":\"Collall B.V.\",\"url\":\"https:\/\/collall.nl\/\",\"logo\":{\"@type\":\"ImageObject\",\"inLanguage\":\"fr-FR\",\"@id\":\"https:\/\/collall.nl\/#\/schema\/logo\/image\/\",\"url\":\"https:\/\/collall.nl\/wp-content\/uploads\/2022\/08\/Collall-logo-186C_Reflex-blue.jpg\",\"contentUrl\":\"https:\/\/collall.nl\/wp-content\/uploads\/2022\/08\/Collall-logo-186C_Reflex-blue.jpg\",\"width\":1963,\"height\":1179,\"caption\":\"Collall B.V.\"},\"image\":{\"@id\":\"https:\/\/collall.nl\/#\/schema\/logo\/image\/\"},\"sameAs\":[\"https:\/\/www.facebook.com\/people\/Collall\/100064976852539\/\",\"https:\/\/www.instagram.com\/collall_1949\/\",\"https:\/\/nl.pinterest.com\/CollallBV\/\",\"https:\/\/www.youtube.com\/channel\/UCrCGuwth_udZhTqJSh5g9zg\"]}]}<\/script>\n<!-- \/ Yoast SEO plugin. -->","yoast_head_json":{"title":"B\u00e2ton de colle Collall Eco - Collall","description":"Le b\u00e2ton de colle Collall EcoLe b\u00e2ton de colle Collall Eco est une colle de haute qualit\u00e9, blanche et p\u00e2teuse, \u00e0 base d\u2019eau.","robots":{"index":"index","follow":"follow","max-snippet":"max-snippet:-1","max-image-preview":"max-image-preview:large","max-video-preview":"max-video-preview:-1"},"canonical":"https:\/\/collall.nl\/fr\/product\/baton-de-colle-collall-eco\/","og_locale":"fr_FR","og_type":"article","og_title":"B\u00e2ton de colle Collall Eco - Collall","og_description":"Le b\u00e2ton de colle Collall EcoLe b\u00e2ton de colle Collall Eco est une colle de haute qualit\u00e9, blanche et p\u00e2teuse, \u00e0 base d\u2019eau.","og_url":"https:\/\/collall.nl\/fr\/product\/baton-de-colle-collall-eco\/","og_site_name":"Collall","article_publisher":"https:\/\/www.facebook.com\/people\/Collall\/100064976852539\/","article_modified_time":"2025-06-12T09:46:06+00:00","og_image":[{"width":1000,"height":1000,"url":"https:\/\/collall.nl\/wp-content\/uploads\/2022\/03\/Collall-Eco-Glue-Stick-40g-scaled-e1741681198524.webp","type":"image\/jpeg"}],"twitter_card":"summary_large_image","twitter_misc":{"Dur\u00e9e de lecture estim\u00e9e":"3 minutes"},"schema":{"@context":"https:\/\/schema.org","@graph":[{"@type":"WebPage","@id":"https:\/\/collall.nl\/fr\/product\/baton-de-colle-collall-eco\/","url":"https:\/\/collall.nl\/fr\/product\/baton-de-colle-collall-eco\/","name":"B\u00e2ton de colle Collall Eco - Collall","isPartOf":{"@id":"https:\/\/collall.nl\/#website"},"primaryImageOfPage":{"@id":"https:\/\/collall.nl\/fr\/product\/baton-de-colle-collall-eco\/#primaryimage"},"image":{"@id":"https:\/\/collall.nl\/fr\/product\/baton-de-colle-collall-eco\/#primaryimage"},"thumbnailUrl":"https:\/\/collall.nl\/wp-content\/uploads\/2022\/03\/Collall-Eco-Glue-Stick-40g-scaled-e1741681198524.webp","datePublished":"2025-04-01T13:48:30+00:00","dateModified":"2025-06-12T09:46:06+00:00","description":"Le b\u00e2ton de colle Collall EcoLe b\u00e2ton de colle Collall Eco est une colle de haute qualit\u00e9, blanche et p\u00e2teuse, \u00e0 base d\u2019eau.","breadcrumb":{"@id":"https:\/\/collall.nl\/fr\/product\/baton-de-colle-collall-eco\/#breadcrumb"},"inLanguage":"fr-FR","potentialAction":[{"@type":"ReadAction","target":["https:\/\/collall.nl\/fr\/product\/baton-de-colle-collall-eco\/"]}]},{"@type":"ImageObject","inLanguage":"fr-FR","@id":"https:\/\/collall.nl\/fr\/product\/baton-de-colle-collall-eco\/#primaryimage","url":"https:\/\/collall.nl\/wp-content\/uploads\/2022\/03\/Collall-Eco-Glue-Stick-40g-scaled-e1741681198524.webp","contentUrl":"https:\/\/collall.nl\/wp-content\/uploads\/2022\/03\/Collall-Eco-Glue-Stick-40g-scaled-e1741681198524.webp","width":1000,"height":1000,"caption":"De Collall Eco Lijmstift is een sneldrogende, geurarme en gemakkelijk uitwasbare lijm met 95% natuurlijke ingredi\u00ebnten en een behuizing van 85% gerecycled plastic."},{"@type":"BreadcrumbList","@id":"https:\/\/collall.nl\/fr\/product\/baton-de-colle-collall-eco\/#breadcrumb","itemListElement":[{"@type":"ListItem","position":1,"name":"Home","item":"https:\/\/collall.nl\/fr\/"},{"@type":"ListItem","position":2,"name":"Produits","item":"https:\/\/collall.nl\/fr\/produits\/"},{"@type":"ListItem","position":3,"name":"B\u00e2ton de colle Collall Eco"}]},{"@type":"WebSite","@id":"https:\/\/collall.nl\/#website","url":"https:\/\/collall.nl\/","name":"Collall","description":"Adhesives &amp; Paints since 1949","publisher":{"@id":"https:\/\/collall.nl\/#organization"},"potentialAction":[{"@type":"SearchAction","target":{"@type":"EntryPoint","urlTemplate":"https:\/\/collall.nl\/?s={search_term_string}"},"query-input":{"@type":"PropertyValueSpecification","valueRequired":true,"valueName":"search_term_string"}}],"inLanguage":"fr-FR"},{"@type":"Organization","@id":"https:\/\/collall.nl\/#organization","name":"Collall B.V.","url":"https:\/\/collall.nl\/","logo":{"@type":"ImageObject","inLanguage":"fr-FR","@id":"https:\/\/collall.nl\/#\/schema\/logo\/image\/","url":"https:\/\/collall.nl\/wp-content\/uploads\/2022\/08\/Collall-logo-186C_Reflex-blue.jpg","contentUrl":"https:\/\/collall.nl\/wp-content\/uploads\/2022\/08\/Collall-logo-186C_Reflex-blue.jpg","width":1963,"height":1179,"caption":"Collall B.V."},"image":{"@id":"https:\/\/collall.nl\/#\/schema\/logo\/image\/"},"sameAs":["https:\/\/www.facebook.com\/people\/Collall\/100064976852539\/","https:\/\/www.instagram.com\/collall_1949\/","https:\/\/nl.pinterest.com\/CollallBV\/","https:\/\/www.youtube.com\/channel\/UCrCGuwth_udZhTqJSh5g9zg"]}]}},"_links":{"self":[{"href":"https:\/\/collall.nl\/fr\/wp-json\/wp\/v2\/product\/30794","targetHints":{"allow":["GET"]}}],"collection":[{"href":"https:\/\/collall.nl\/fr\/wp-json\/wp\/v2\/product"}],"about":[{"href":"https:\/\/collall.nl\/fr\/wp-json\/wp\/v2\/types\/product"}],"replies":[{"embeddable":true,"href":"https:\/\/collall.nl\/fr\/wp-json\/wp\/v2\/comments?post=30794"}],"wp:featuredmedia":[{"embeddable":true,"href":"https:\/\/collall.nl\/fr\/wp-json\/wp\/v2\/media\/30292"}],"wp:attachment":[{"href":"https:\/\/collall.nl\/fr\/wp-json\/wp\/v2\/media?parent=30794"}],"wp:term":[{"taxonomy":"product_brand","embeddable":true,"href":"https:\/\/collall.nl\/fr\/wp-json\/wp\/v2\/product_brand?post=30794"},{"taxonomy":"product_cat","embeddable":true,"href":"https:\/\/collall.nl\/fr\/wp-json\/wp\/v2\/product_cat?post=30794"},{"taxonomy":"product_tag","embeddable":true,"href":"https:\/\/collall.nl\/fr\/wp-json\/wp\/v2\/product_tag?post=30794"}],"curies":[{"name":"wp","href":"https:\/\/api.w.org\/{rel}","templated":true}]}}