{"id":29337,"date":"2024-11-26T16:10:48","date_gmt":"2024-11-26T15:10:48","guid":{"rendered":"https:\/\/collall.nl\/product\/collall-slijmlijm\/"},"modified":"2025-04-22T09:53:51","modified_gmt":"2025-04-22T07:53:51","slug":"collall-colle-a-slime","status":"publish","type":"product","link":"https:\/\/collall.nl\/fr\/product\/collall-colle-a-slime\/","title":{"rendered":"Collall Colle \u00e0 Slime"},"content":{"rendered":"<p><strong>Collall Colle \u00e0 Slime:<\/strong> la colle ultime pour slime !<\/p>\n<p><strong>Application :<\/strong> La colle slime de Collall est l\u2019ingr\u00e9dient parfait pour cr\u00e9er le meilleur slime. Pour tous les fans de slime et les amateurs de la Grande Com\u00e9die Musicale du Slime !<\/p>\n<p><strong>Aspect :<\/strong><\/p>\n<ul>\n<li>Liquide clair et transparent<\/li>\n<li>Consistance moyennement \u00e9paisse<\/li>\n<li>Inodore<\/li>\n<li>R\u00e9versible<\/li>\n<li>Facile \u00e0 laver<\/li>\n<\/ul>\n<p><strong>Solvant :<\/strong> Eau<\/p>\n<p><strong>Ingr\u00e9dient principal :<\/strong> Alcool polyvinylique (PVA)<\/p>\n<p class=\"p1\"><b>Ingr\u00e9dients naturels : <\/b>90%<\/p>\n<p class=\"p1\"><b>Viscosit\u00e9 : <\/b>3.000 mPa.s<\/p>\n<p><strong>pH :<\/strong> 7<\/p>\n<p><strong>Densit\u00e9 :<\/strong> 1,02 g\/dm\u00b3<\/p>\n<p><strong>CE :<\/strong> Oui<\/p>\n<p><strong>Consommation de colle :<\/strong> En fonction de l\u2019absorption des mat\u00e9riaux \u00e0 coller, environ 100 \u00e0 150 grammes par m\u00b2, appliqu\u00e9 sur une seule face.<\/p>\n<p><strong>Mode d\u2019emploi :<\/strong><\/p>\n<ul>\n<li>Les mat\u00e9riaux \u00e0 coller doivent \u00eatre secs et exempts de poussi\u00e8re et de salet\u00e9.<\/li>\n<li>Appliquer directement depuis le flacon sur la surface et r\u00e9partir \u00e9ventuellement \u00e0 l\u2019aide d\u2019une spatule ou d\u2019un pinceau \u00e0 colle.<\/li>\n<li>Utiliser de pr\u00e9f\u00e9rence \u00e0 temp\u00e9rature ambiante. Laisser l\u00e9g\u00e8rement \u00e9vaporer avant de presser fermement les parties coll\u00e9es.<\/li>\n<li>La colle peut \u00eatre appliqu\u00e9e sur une ou deux faces.<\/li>\n<\/ul>\n<p><strong>Allerg\u00e8nes :<\/strong> Contient CMIT\/MIT. Peut provoquer une r\u00e9action allergique.<\/p>\n<p><strong>Adapt\u00e9 \u00e0 :<\/strong> Enfants \u00e0 partir de 3 ans. Contient un agent amer.<\/p>\n<p><strong>Nettoyage :<\/strong><\/p>\n<ul>\n<li>Les outils\/surfaces peuvent \u00eatre facilement nettoy\u00e9s \u00e0 l\u2019eau tant que la colle est encore humide.<\/li>\n<li>Faire tremper les r\u00e9sidus de colle s\u00e8che dans l\u2019eau avant de les laver ou de les frotter.<\/li>\n<li>Les taches de colle sur les v\u00eatements se nettoient facilement \u00e0 l\u2019eau froide ou ti\u00e8de, \u00e0 la main ou en machine.<\/li>\n<\/ul>\n<h4><strong>Recette pour la p\u00e2te \u00e0 slime<\/strong><\/h4>\n<h3><strong>Ingr\u00e9dients pour le meilleur slime :<\/strong><\/h3>\n<ul>\n<li>200 ml de Collall P\u00e2te \u00e0 Slime<\/li>\n<li>Colorant AquaTint (optionnel)<\/li>\n<li>\u00be de cuill\u00e8re \u00e0 caf\u00e9 de bicarbonate de soude<\/li>\n<li>1\u00bd cuill\u00e8re \u00e0 soupe de solution pour lentilles de contact<\/li>\n<\/ul>\n<p><strong>Instructions :<\/strong><\/p>\n<ol>\n<li><strong>Verser la colle dans un bol :<\/strong><br \/>\nVersez 200 ml de Collall P\u00e2te \u00e0 Slime dans un grand bol.<\/li>\n<li><strong>Ajouter la couleur (optionnel) :<\/strong><br \/>\nAjoutez quelques gouttes de AquaTint pour donner une jolie couleur au slime.<\/li>\n<li><strong>M\u00e9langer le bicarbonate de soude :<\/strong><br \/>\nAjoutez \u00be de cuill\u00e8re \u00e0 caf\u00e9 de bicarbonate de soude \u00e0 la colle. M\u00e9langez bien jusqu&rsquo;\u00e0 ce que ce soit compl\u00e8tement dissous.<\/li>\n<li><strong>Ajouter la solution pour lentilles de contact :<\/strong><br \/>\nAjoutez lentement 1\u00bd cuill\u00e8re \u00e0 soupe de solution pour lentilles de contact tout en continuant de remuer. Continuez \u00e0 remuer jusqu&rsquo;\u00e0 ce que le slime commence \u00e0 se former et se d\u00e9tache du bol.<\/li>\n<li><strong>P\u00e9trir le slime :<\/strong><br \/>\nSortez le slime du bol et p\u00e9trissez-le avec vos mains jusqu&rsquo;\u00e0 ce qu&rsquo;il devienne lisse et \u00e9lastique. Si le slime est trop collant, vous pouvez ajouter un peu de solution pour lentilles de contact. Continuez \u00e0 p\u00e9trir jusqu&rsquo;\u00e0 obtenir la consistance d\u00e9sir\u00e9e.<\/li>\n<li><strong>Conservation :<\/strong><br \/>\nConservez le slime dans un r\u00e9cipient herm\u00e9tique lorsqu&rsquo;il n&rsquo;est pas utilis\u00e9 pour \u00e9viter qu&rsquo;il ne s\u00e8che.<\/li>\n<\/ol>\n<p>Avec cette recette simple et la Collall P\u00e2te \u00e0 Slime, vous pouvez cr\u00e9er rapidement du slime qui offrira des heures de plaisir aux enfants. Laissez commencer le p\u00e9trissage et le jeu !<\/p>\n","protected":false},"excerpt":{"rendered":"<p><strong>La colle ultime pour slime ! <\/strong>La colle slime de Collall est l\u2019ingr\u00e9dient parfait pour cr\u00e9er le meilleur slime. Pour tous les fans de slime et les amateurs de la Grande Com\u00e9die Musicale du Slime !<\/p>\n<p><img loading=\"lazy\" decoding=\"async\" class=\"alignnone size-medium wp-image-29384\" src=\"https:\/\/collall.nl\/wp-content\/uploads\/2024\/11\/Collall-Banner-slime-glue-lijmlijm-3-300x124.jpg\" alt=\"\" width=\"300\" height=\"124\" srcset=\"https:\/\/collall.nl\/wp-content\/uploads\/2024\/11\/Collall-Banner-slime-glue-lijmlijm-3-300x124.jpg 300w, https:\/\/collall.nl\/wp-content\/uploads\/2024\/11\/Collall-Banner-slime-glue-lijmlijm-3-1024x425.jpg 1024w, https:\/\/collall.nl\/wp-content\/uploads\/2024\/11\/Collall-Banner-slime-glue-lijmlijm-3-768x318.jpg 768w, https:\/\/collall.nl\/wp-content\/uploads\/2024\/11\/Collall-Banner-slime-glue-lijmlijm-3-1536x637.jpg 1536w, https:\/\/collall.nl\/wp-content\/uploads\/2024\/11\/Collall-Banner-slime-glue-lijmlijm-3-420x174.jpg 420w, https:\/\/collall.nl\/wp-content\/uploads\/2024\/11\/Collall-Banner-slime-glue-lijmlijm-3-600x249.jpg 600w, https:\/\/collall.nl\/wp-content\/uploads\/2024\/11\/Collall-Banner-slime-glue-lijmlijm-3.jpg 1903w\" sizes=\"auto, (max-width: 300px) 100vw, 300px\" \/><\/p>\n<p><strong>Ingr\u00e9dients pour le meilleur slime :<\/strong><\/p>\n<ul>\n<li>200 ml de Collall P\u00e2te \u00e0 Slime<\/li>\n<li>AquaTint (pour couleur)<\/li>\n<li>\u00be de cuill\u00e8re \u00e0 caf\u00e9 de bicarbonate de soude<\/li>\n<li>1\u00bd cuill\u00e8re \u00e0 soupe de solution pour lentilles de contact<\/li>\n<\/ul>\n<p>Lisez ci-dessous (sp\u00e9cifications) les \u00e9tapes de pr\u00e9paration.<\/p>\n<p>&nbsp;<\/p>\n","protected":false},"featured_media":29339,"comment_status":"open","ping_status":"closed","template":"","meta":{"_acf_changed":false},"product_brand":[],"product_cat":[174],"product_tag":[3119,3120,3121,3122,3123],"class_list":{"0":"post-29337","1":"product","2":"type-product","3":"status-publish","4":"has-post-thumbnail","6":"product_cat-colle-et-vernis-colle","7":"product_tag-slijmlijm-fr","8":"product_tag-slime-glue-fr","9":"product_tag-lijm-voor-slijm-fr","10":"product_tag-slijm-lijm-fr","11":"product_tag-the-ultimate-slime-glue-fr","13":"first","14":"instock","15":"shipping-taxable","16":"purchasable","17":"product-type-variable"},"acf":[],"yoast_head":"<!-- This site is optimized with the Yoast SEO plugin v27.2 - https:\/\/yoast.com\/product\/yoast-seo-wordpress\/ -->\n<title>Collall Colle \u00e0 Slime - Collall<\/title>\n<meta name=\"description\" content=\"Colle \u00e0 Slime La colle ultime pour slime ! La colle slime de Collall est l\u2019ingr\u00e9dient parfait pour cr\u00e9er le meilleur slime.\" \/>\n<meta name=\"robots\" content=\"index, follow, max-snippet:-1, max-image-preview:large, max-video-preview:-1\" \/>\n<link rel=\"canonical\" href=\"https:\/\/collall.nl\/fr\/product\/collall-colle-a-slime\/\" \/>\n<meta property=\"og:locale\" content=\"fr_FR\" \/>\n<meta property=\"og:type\" content=\"article\" \/>\n<meta property=\"og:title\" content=\"Collall Colle \u00e0 Slime - Collall\" \/>\n<meta property=\"og:description\" content=\"Colle \u00e0 Slime La colle ultime pour slime ! La colle slime de Collall est l\u2019ingr\u00e9dient parfait pour cr\u00e9er le meilleur slime.\" \/>\n<meta property=\"og:url\" content=\"https:\/\/collall.nl\/fr\/product\/collall-colle-a-slime\/\" \/>\n<meta property=\"og:site_name\" content=\"Collall\" \/>\n<meta property=\"article:publisher\" content=\"https:\/\/www.facebook.com\/people\/Collall\/100064976852539\/\" \/>\n<meta property=\"article:modified_time\" content=\"2025-04-22T07:53:51+00:00\" \/>\n<meta property=\"og:image\" content=\"https:\/\/collall.nl\/wp-content\/uploads\/2024\/11\/LECOLSG0200-Collall-Slijmlijm-2.jpg\" \/>\n\t<meta property=\"og:image:width\" content=\"1000\" \/>\n\t<meta property=\"og:image:height\" content=\"1000\" \/>\n\t<meta property=\"og:image:type\" content=\"image\/jpeg\" \/>\n<meta name=\"twitter:card\" content=\"summary_large_image\" \/>\n<meta name=\"twitter:label1\" content=\"Dur\u00e9e de lecture estim\u00e9e\" \/>\n\t<meta name=\"twitter:data1\" content=\"3 minutes\" \/>\n<script type=\"application\/ld+json\" class=\"yoast-schema-graph\">{\"@context\":\"https:\/\/schema.org\",\"@graph\":[{\"@type\":\"WebPage\",\"@id\":\"https:\/\/collall.nl\/fr\/product\/collall-colle-a-slime\/\",\"url\":\"https:\/\/collall.nl\/fr\/product\/collall-colle-a-slime\/\",\"name\":\"Collall Colle \u00e0 Slime - Collall\",\"isPartOf\":{\"@id\":\"https:\/\/collall.nl\/#website\"},\"primaryImageOfPage\":{\"@id\":\"https:\/\/collall.nl\/fr\/product\/collall-colle-a-slime\/#primaryimage\"},\"image\":{\"@id\":\"https:\/\/collall.nl\/fr\/product\/collall-colle-a-slime\/#primaryimage\"},\"thumbnailUrl\":\"https:\/\/collall.nl\/wp-content\/uploads\/2024\/11\/LECOLSG0200-Collall-Slijmlijm-2.jpg\",\"datePublished\":\"2024-11-26T15:10:48+00:00\",\"dateModified\":\"2025-04-22T07:53:51+00:00\",\"description\":\"Colle \u00e0 Slime La colle ultime pour slime ! La colle slime de Collall est l\u2019ingr\u00e9dient parfait pour cr\u00e9er le meilleur slime.\",\"breadcrumb\":{\"@id\":\"https:\/\/collall.nl\/fr\/product\/collall-colle-a-slime\/#breadcrumb\"},\"inLanguage\":\"fr-FR\",\"potentialAction\":[{\"@type\":\"ReadAction\",\"target\":[\"https:\/\/collall.nl\/fr\/product\/collall-colle-a-slime\/\"]}]},{\"@type\":\"ImageObject\",\"inLanguage\":\"fr-FR\",\"@id\":\"https:\/\/collall.nl\/fr\/product\/collall-colle-a-slime\/#primaryimage\",\"url\":\"https:\/\/collall.nl\/wp-content\/uploads\/2024\/11\/LECOLSG0200-Collall-Slijmlijm-2.jpg\",\"contentUrl\":\"https:\/\/collall.nl\/wp-content\/uploads\/2024\/11\/LECOLSG0200-Collall-Slijmlijm-2.jpg\",\"width\":1000,\"height\":1000},{\"@type\":\"BreadcrumbList\",\"@id\":\"https:\/\/collall.nl\/fr\/product\/collall-colle-a-slime\/#breadcrumb\",\"itemListElement\":[{\"@type\":\"ListItem\",\"position\":1,\"name\":\"Home\",\"item\":\"https:\/\/collall.nl\/fr\/\"},{\"@type\":\"ListItem\",\"position\":2,\"name\":\"Produits\",\"item\":\"https:\/\/collall.nl\/fr\/produits\/\"},{\"@type\":\"ListItem\",\"position\":3,\"name\":\"Collall Colle \u00e0 Slime\"}]},{\"@type\":\"WebSite\",\"@id\":\"https:\/\/collall.nl\/#website\",\"url\":\"https:\/\/collall.nl\/\",\"name\":\"Collall\",\"description\":\"Adhesives &amp; Paints since 1949\",\"publisher\":{\"@id\":\"https:\/\/collall.nl\/#organization\"},\"potentialAction\":[{\"@type\":\"SearchAction\",\"target\":{\"@type\":\"EntryPoint\",\"urlTemplate\":\"https:\/\/collall.nl\/?s={search_term_string}\"},\"query-input\":{\"@type\":\"PropertyValueSpecification\",\"valueRequired\":true,\"valueName\":\"search_term_string\"}}],\"inLanguage\":\"fr-FR\"},{\"@type\":\"Organization\",\"@id\":\"https:\/\/collall.nl\/#organization\",\"name\":\"Collall B.V.\",\"url\":\"https:\/\/collall.nl\/\",\"logo\":{\"@type\":\"ImageObject\",\"inLanguage\":\"fr-FR\",\"@id\":\"https:\/\/collall.nl\/#\/schema\/logo\/image\/\",\"url\":\"https:\/\/collall.nl\/wp-content\/uploads\/2022\/08\/Collall-logo-186C_Reflex-blue.jpg\",\"contentUrl\":\"https:\/\/collall.nl\/wp-content\/uploads\/2022\/08\/Collall-logo-186C_Reflex-blue.jpg\",\"width\":1963,\"height\":1179,\"caption\":\"Collall B.V.\"},\"image\":{\"@id\":\"https:\/\/collall.nl\/#\/schema\/logo\/image\/\"},\"sameAs\":[\"https:\/\/www.facebook.com\/people\/Collall\/100064976852539\/\",\"https:\/\/www.instagram.com\/collall_1949\/\",\"https:\/\/nl.pinterest.com\/CollallBV\/\",\"https:\/\/www.youtube.com\/channel\/UCrCGuwth_udZhTqJSh5g9zg\"]}]}<\/script>\n<!-- \/ Yoast SEO plugin. -->","yoast_head_json":{"title":"Collall Colle \u00e0 Slime - Collall","description":"Colle \u00e0 Slime La colle ultime pour slime ! La colle slime de Collall est l\u2019ingr\u00e9dient parfait pour cr\u00e9er le meilleur slime.","robots":{"index":"index","follow":"follow","max-snippet":"max-snippet:-1","max-image-preview":"max-image-preview:large","max-video-preview":"max-video-preview:-1"},"canonical":"https:\/\/collall.nl\/fr\/product\/collall-colle-a-slime\/","og_locale":"fr_FR","og_type":"article","og_title":"Collall Colle \u00e0 Slime - Collall","og_description":"Colle \u00e0 Slime La colle ultime pour slime ! La colle slime de Collall est l\u2019ingr\u00e9dient parfait pour cr\u00e9er le meilleur slime.","og_url":"https:\/\/collall.nl\/fr\/product\/collall-colle-a-slime\/","og_site_name":"Collall","article_publisher":"https:\/\/www.facebook.com\/people\/Collall\/100064976852539\/","article_modified_time":"2025-04-22T07:53:51+00:00","og_image":[{"width":1000,"height":1000,"url":"https:\/\/collall.nl\/wp-content\/uploads\/2024\/11\/LECOLSG0200-Collall-Slijmlijm-2.jpg","type":"image\/jpeg"}],"twitter_card":"summary_large_image","twitter_misc":{"Dur\u00e9e de lecture estim\u00e9e":"3 minutes"},"schema":{"@context":"https:\/\/schema.org","@graph":[{"@type":"WebPage","@id":"https:\/\/collall.nl\/fr\/product\/collall-colle-a-slime\/","url":"https:\/\/collall.nl\/fr\/product\/collall-colle-a-slime\/","name":"Collall Colle \u00e0 Slime - Collall","isPartOf":{"@id":"https:\/\/collall.nl\/#website"},"primaryImageOfPage":{"@id":"https:\/\/collall.nl\/fr\/product\/collall-colle-a-slime\/#primaryimage"},"image":{"@id":"https:\/\/collall.nl\/fr\/product\/collall-colle-a-slime\/#primaryimage"},"thumbnailUrl":"https:\/\/collall.nl\/wp-content\/uploads\/2024\/11\/LECOLSG0200-Collall-Slijmlijm-2.jpg","datePublished":"2024-11-26T15:10:48+00:00","dateModified":"2025-04-22T07:53:51+00:00","description":"Colle \u00e0 Slime La colle ultime pour slime ! La colle slime de Collall est l\u2019ingr\u00e9dient parfait pour cr\u00e9er le meilleur slime.","breadcrumb":{"@id":"https:\/\/collall.nl\/fr\/product\/collall-colle-a-slime\/#breadcrumb"},"inLanguage":"fr-FR","potentialAction":[{"@type":"ReadAction","target":["https:\/\/collall.nl\/fr\/product\/collall-colle-a-slime\/"]}]},{"@type":"ImageObject","inLanguage":"fr-FR","@id":"https:\/\/collall.nl\/fr\/product\/collall-colle-a-slime\/#primaryimage","url":"https:\/\/collall.nl\/wp-content\/uploads\/2024\/11\/LECOLSG0200-Collall-Slijmlijm-2.jpg","contentUrl":"https:\/\/collall.nl\/wp-content\/uploads\/2024\/11\/LECOLSG0200-Collall-Slijmlijm-2.jpg","width":1000,"height":1000},{"@type":"BreadcrumbList","@id":"https:\/\/collall.nl\/fr\/product\/collall-colle-a-slime\/#breadcrumb","itemListElement":[{"@type":"ListItem","position":1,"name":"Home","item":"https:\/\/collall.nl\/fr\/"},{"@type":"ListItem","position":2,"name":"Produits","item":"https:\/\/collall.nl\/fr\/produits\/"},{"@type":"ListItem","position":3,"name":"Collall Colle \u00e0 Slime"}]},{"@type":"WebSite","@id":"https:\/\/collall.nl\/#website","url":"https:\/\/collall.nl\/","name":"Collall","description":"Adhesives &amp; Paints since 1949","publisher":{"@id":"https:\/\/collall.nl\/#organization"},"potentialAction":[{"@type":"SearchAction","target":{"@type":"EntryPoint","urlTemplate":"https:\/\/collall.nl\/?s={search_term_string}"},"query-input":{"@type":"PropertyValueSpecification","valueRequired":true,"valueName":"search_term_string"}}],"inLanguage":"fr-FR"},{"@type":"Organization","@id":"https:\/\/collall.nl\/#organization","name":"Collall B.V.","url":"https:\/\/collall.nl\/","logo":{"@type":"ImageObject","inLanguage":"fr-FR","@id":"https:\/\/collall.nl\/#\/schema\/logo\/image\/","url":"https:\/\/collall.nl\/wp-content\/uploads\/2022\/08\/Collall-logo-186C_Reflex-blue.jpg","contentUrl":"https:\/\/collall.nl\/wp-content\/uploads\/2022\/08\/Collall-logo-186C_Reflex-blue.jpg","width":1963,"height":1179,"caption":"Collall B.V."},"image":{"@id":"https:\/\/collall.nl\/#\/schema\/logo\/image\/"},"sameAs":["https:\/\/www.facebook.com\/people\/Collall\/100064976852539\/","https:\/\/www.instagram.com\/collall_1949\/","https:\/\/nl.pinterest.com\/CollallBV\/","https:\/\/www.youtube.com\/channel\/UCrCGuwth_udZhTqJSh5g9zg"]}]}},"_links":{"self":[{"href":"https:\/\/collall.nl\/fr\/wp-json\/wp\/v2\/product\/29337","targetHints":{"allow":["GET"]}}],"collection":[{"href":"https:\/\/collall.nl\/fr\/wp-json\/wp\/v2\/product"}],"about":[{"href":"https:\/\/collall.nl\/fr\/wp-json\/wp\/v2\/types\/product"}],"replies":[{"embeddable":true,"href":"https:\/\/collall.nl\/fr\/wp-json\/wp\/v2\/comments?post=29337"}],"wp:featuredmedia":[{"embeddable":true,"href":"https:\/\/collall.nl\/fr\/wp-json\/wp\/v2\/media\/29339"}],"wp:attachment":[{"href":"https:\/\/collall.nl\/fr\/wp-json\/wp\/v2\/media?parent=29337"}],"wp:term":[{"taxonomy":"product_brand","embeddable":true,"href":"https:\/\/collall.nl\/fr\/wp-json\/wp\/v2\/product_brand?post=29337"},{"taxonomy":"product_cat","embeddable":true,"href":"https:\/\/collall.nl\/fr\/wp-json\/wp\/v2\/product_cat?post=29337"},{"taxonomy":"product_tag","embeddable":true,"href":"https:\/\/collall.nl\/fr\/wp-json\/wp\/v2\/product_tag?post=29337"}],"curies":[{"name":"wp","href":"https:\/\/api.w.org\/{rel}","templated":true}]}}