{"id":26838,"date":"2024-01-26T13:39:31","date_gmt":"2024-01-29T10:49:32","guid":{"rendered":"https:\/\/collall.nl\/?post_type=product&#038;p=26838"},"modified":"2025-03-25T13:54:30","modified_gmt":"2025-03-25T12:54:30","slug":"collall-colle-anti-effilochage","status":"publish","type":"product","link":"https:\/\/collall.nl\/fr\/product\/collall-colle-anti-effilochage\/","title":{"rendered":"Collall Colle Anti-Effilochage"},"content":{"rendered":"<p><strong>Application :<\/strong>\u00a0Collall Colle Anti-Effilochage est un type sp\u00e9cial de colle utilis\u00e9 pour \u00e9viter l&rsquo;effilochage des tissus. Il est id\u00e9al pour renforcer les coutures et les bords des tissus, en particulier lorsqu&rsquo;on travaille avec des tissus qui s&rsquo;effilochent facilement. Colle Anti-Effilochage est \u00e9galement connu sous le nom de stop-fray ou fray-check.<\/p>\n<p>Collall Colle Anti-Effilochage est un liquide de scellement transparent \u00e0 base d&rsquo;eau pour maintenir des bords et des coutures nets lors de la manipulation des tissus. Cette formule de colle sp\u00e9ciale emp\u00eache l&rsquo;effilochage du textile, permettant aux boutonni\u00e8res, aux poignets, aux cols et aux coutures de conserver leur forme longtemps. Id\u00e9al pour les tissus d\u00e9licats et sujets \u00e0 l&rsquo;effilochage comme : le coton, le satin, le voile, le denim, les tissus \u00e0 broder, les bandes, les cordons, les lacets, etc.<\/p>\n<p>Avec Colle Anti-Effilochage, vous renforcez les bords des coutures et des ourlets, les maintenant intacts m\u00eame apr\u00e8s de nombreux lavages. C&rsquo;est une alternative simple \u00e0 l&rsquo;aiguille et au fil, offrant une finition flexible et durable pour chaque projet de couture. Convient \u00e0 une large gamme de mat\u00e9riaux, du coton aux tissus \u00e0 broder, au denim et plus encore.<\/p>\n<p><img loading=\"lazy\" decoding=\"async\" class=\"alignnone size-medium wp-image-26921\" src=\"https:\/\/collall.nl\/wp-content\/uploads\/2024\/01\/COLLVD220000-300x156.jpg\" alt=\"COLLVD220000\" width=\"300\" height=\"156\" srcset=\"https:\/\/collall.nl\/wp-content\/uploads\/2024\/01\/COLLVD220000-300x156.jpg 300w, https:\/\/collall.nl\/wp-content\/uploads\/2024\/01\/COLLVD220000-1024x533.jpg 1024w, https:\/\/collall.nl\/wp-content\/uploads\/2024\/01\/COLLVD220000-768x399.jpg 768w, https:\/\/collall.nl\/wp-content\/uploads\/2024\/01\/COLLVD220000-420x218.jpg 420w, https:\/\/collall.nl\/wp-content\/uploads\/2024\/01\/COLLVD220000-600x312.jpg 600w, https:\/\/collall.nl\/wp-content\/uploads\/2024\/01\/COLLVD220000.jpg 1042w\" sizes=\"auto, (max-width: 300px) 100vw, 300px\" \/><\/p>\n<p>Conseil : avant d&rsquo;utiliser Colle Anti-Effilochage sur votre projet final, testez-le sur un petit \u00e9chantillon du m\u00eame tissu pour vous assurer que l&rsquo;effet souhait\u00e9 est obtenu.<\/p>\n<p><strong>Apparence :<\/strong><\/p>\n<ul>\n<li>liquide transparent<\/li>\n<\/ul>\n<p><strong>Solvant<\/strong> : eau<\/p>\n<p><strong>Ingr\u00e9dient principal :\u00a0<\/strong>acrylate<\/p>\n<p class=\"p1\"><b>Nat\u00fcrliche Inhaltsstoffe:<\/b> 71%<\/p>\n<p class=\"p1\"><b>Viskosit\u00e4t:<\/b> 200 mPa.s<\/p>\n<p><strong>pH :\u00a0<\/strong>8-9<\/p>\n<p><strong>Densit\u00e9 :<\/strong> 1.040 kg\/dm\u00b3<\/p>\n<p><strong>CE :<\/strong> &#8211;<\/p>\n<p><strong>Utilisation :<\/strong><\/p>\n<ul>\n<li>Coupez les fils qui d\u00e9passent du tissu.<\/li>\n<li>Appliquez un peu de Rafelstop directement depuis le flacon le long du bord effiloch\u00e9 pour stabiliser.<\/li>\n<li>Laissez le Colle Anti-Effilochage s\u00e9cher compl\u00e8tement.<\/li>\n<li>Lors de la d\u00e9coupe du tissu, assurez-vous que la colle est bien s\u00e8che au pr\u00e9alable. Cela garantit que le Rafelstop peut accomplir sa t\u00e2che et que les bords deviennent solides.<\/li>\n<\/ul>\n<p><strong>\u00a0Allerg\u00e8nes :<\/strong> contient CMIT\/MIT en 1,2-benzisothiazol-3(2H)-one. Peut produire une r\u00e9action allergique.<\/p>\n<p><strong>Convient \u00e0 :<\/strong> partir de 6 ans<\/p>\n<p><strong>Taches :<\/strong><\/p>\n<ul>\n<li>Les outils peuvent \u00eatre nettoy\u00e9s \u00e0 l\u2019eau, uniquement lorsque la colle est encore humide (un d\u00e9tergent synth\u00e9tique peut \u00e9ventuellement \u00eatre ajout\u00e9 \u00e0 l\u2019eau).<\/li>\n<\/ul>\n<div class=\"flex-1 overflow-hidden\">\n<div class=\"h-full\">\n<div class=\"react-scroll-to-bottom--css-oftuv-79elbk h-full\">\n<div class=\"react-scroll-to-bottom--css-oftuv-1n7m0yu\">\n<div class=\"flex flex-col text-sm md:pb-9\">\n<article class=\"w-full text-token-text-primary focus-visible:outline-2 focus-visible:outline-offset-[-4px]\" dir=\"auto\" data-testid=\"conversation-turn-5\" data-scroll-anchor=\"true\">\n<div class=\"text-base py-[18px] px-3 md:px-4 m-auto w-full md:px-5 lg:px-1 xl:px-5\">\n<div class=\"mx-auto flex flex-1 gap-4 text-base md:gap-5 lg:gap-6 md:max-w-3xl lg:max-w-[40rem] xl:max-w-[48rem]\">\n<div class=\"group\/conversation-turn relative flex w-full min-w-0 flex-col agent-turn\">\n<div class=\"flex-col gap-1 md:gap-3\">\n<div class=\"flex max-w-full flex-col flex-grow\">\n<div class=\"min-h-[20px] text-message flex w-full flex-col items-end gap-2 whitespace-normal break-words [.text-message+&amp;]:mt-5\" dir=\"auto\" data-message-author-role=\"assistant\" data-message-id=\"6081e41a-7c59-456d-98e5-4a8560b624b1\">\n<div class=\"flex w-full flex-col gap-1 empty:hidden first:pt-[3px]\">\n<div class=\"markdown prose w-full break-words dark:prose-invert light\">\n<h4><strong>Colle Anti-Effilochage, votre tissu ne s&rsquo;effiloche plus<\/strong><\/h4>\n<h2><strong>Que pouvez-vous faire avec Collall Colle Anti-Effilochage ?<\/strong><\/h2>\n<p><strong>Pr\u00e9venir l&rsquo;effilochage des bords<\/strong><\/p>\n<p>Si vous avez d\u00e9coup\u00e9 un morceau de tissu pour un v\u00eatement, vous pouvez appliquer Colle Anti-Effilochage le long des bords du tissu pour emp\u00eacher les fils de se d\u00e9tacher et le tissu de s&rsquo;effilocher.<\/p>\n<p><strong>R\u00e9parer les coutures<\/strong><\/p>\n<p>Si une couture dans un v\u00eatement se d\u00e9noue ou risque de s&rsquo;effilocher, vous pouvez appliquer une fine ligne de Colle Anti-Effilochage le long de la couture pour la renforcer.<\/p>\n<p><strong>Finir le travail d&rsquo;appliqu\u00e9<\/strong><\/p>\n<p>Lorsque vous ajoutez des d\u00e9corations comme des appliqu\u00e9s \u00e0 un v\u00eatement ou un sac, l&rsquo;utilisation de Colle Anti-Effilochage le long des bords peut aider \u00e0 \u00e9viter que l&rsquo;appliqu\u00e9 ne se d\u00e9tache ou ne s&rsquo;effiloche.<\/p>\n<p><strong>Renforcer les boutonni\u00e8res<\/strong><\/p>\n<p>Appliquez Colle Anti-Effilochage autour des bords d&rsquo;une boutonni\u00e8re pour \u00e9viter que le tissu ne s&rsquo;effiloche, surtout avec une utilisation fr\u00e9quente des boutons.<\/p>\n<p><strong>Fins des rubans ou des cordons<\/strong><\/p>\n<p>Si vous utilisez des rubans ou des cordons dans un projet, vous pouvez appliquer Colle Anti-Effilochage aux extr\u00e9mit\u00e9s pour \u00e9viter qu&rsquo;ils ne s&rsquo;effilochent.<\/p>\n<p><strong>R\u00e9parer les tissus endommag\u00e9s<\/strong><\/p>\n<p>Si un v\u00eatement ou un tissu est accidentellement endommag\u00e9 et risque de s&rsquo;effilocher, vous pouvez utiliser Colle Anti-Effilochage pour sceller les bords et pr\u00e9venir d&rsquo;autres dommages.<\/p>\n<p>Ces exemples montrent \u00e0 quel point Colle Anti-Effilochage peut \u00eatre polyvalent pour prot\u00e9ger et renforcer les tissus dans divers projets.<\/p>\n<\/div>\n<\/div>\n<\/div>\n<\/div>\n<\/div>\n<\/div>\n<\/div>\n<\/div>\n<\/article>\n<\/div>\n<\/div>\n<\/div>\n<\/div>\n<\/div>\n","protected":false},"excerpt":{"rendered":"<p>Collall Colle Anti-Effilochage est un adh\u00e9sif qui emp\u00eache les parties telles que les boutonni\u00e8res, les poignets, les coutures et les cols de s&rsquo;effilocher. La colle renforce les fibres textiles. Il peut \u00eatre utilis\u00e9 sur tous les tissus sans exception, arr\u00eatant l&rsquo;effilochage de mat\u00e9riaux textiles tels que le coton, le satin, la mousseline, le denim, les tissus brod\u00e9s, les rubans, les cordons, les lacets, etc.<\/p>\n","protected":false},"featured_media":27875,"comment_status":"open","ping_status":"closed","template":"","meta":{"_acf_changed":false},"product_brand":[],"product_cat":[174],"product_tag":[3001],"class_list":{"0":"post-26838","1":"product","2":"type-product","3":"status-publish","4":"has-post-thumbnail","6":"product_cat-colle-et-vernis-colle","7":"product_tag-collall-colle","9":"first","10":"instock","11":"shipping-taxable","12":"purchasable","13":"product-type-variable"},"acf":[],"yoast_head":"<!-- This site is optimized with the Yoast SEO plugin v27.2 - https:\/\/yoast.com\/product\/yoast-seo-wordpress\/ -->\n<title>Collall Colle Anti-Effilochage - Collall<\/title>\n<meta name=\"description\" content=\"Collall Colle Anti-Effilochage est un adh\u00e9sif qui emp\u00eache les parties telles que les boutonni\u00e8res, les poignets, les coutures et les cols de s&#039;effilocher.\" \/>\n<meta name=\"robots\" content=\"index, follow, max-snippet:-1, max-image-preview:large, max-video-preview:-1\" \/>\n<link rel=\"canonical\" href=\"https:\/\/collall.nl\/fr\/product\/collall-colle-anti-effilochage\/\" \/>\n<meta property=\"og:locale\" content=\"fr_FR\" \/>\n<meta property=\"og:type\" content=\"article\" \/>\n<meta property=\"og:title\" content=\"Collall Colle Anti-Effilochage - Collall\" \/>\n<meta property=\"og:description\" content=\"Collall Colle Anti-Effilochage est un adh\u00e9sif qui emp\u00eache les parties telles que les boutonni\u00e8res, les poignets, les coutures et les cols de s&#039;effilocher.\" \/>\n<meta property=\"og:url\" content=\"https:\/\/collall.nl\/fr\/product\/collall-colle-anti-effilochage\/\" \/>\n<meta property=\"og:site_name\" content=\"Collall\" \/>\n<meta property=\"article:publisher\" content=\"https:\/\/www.facebook.com\/people\/Collall\/100064976852539\/\" \/>\n<meta property=\"article:modified_time\" content=\"2025-03-25T12:54:30+00:00\" \/>\n<meta property=\"og:image\" content=\"https:\/\/collall.nl\/wp-content\/uploads\/2024\/01\/Collall-Rafelstop-25g.jpg\" \/>\n\t<meta property=\"og:image:width\" content=\"1000\" \/>\n\t<meta property=\"og:image:height\" content=\"1000\" \/>\n\t<meta property=\"og:image:type\" content=\"image\/jpeg\" \/>\n<meta name=\"twitter:card\" content=\"summary_large_image\" \/>\n<meta name=\"twitter:label1\" content=\"Dur\u00e9e de lecture estim\u00e9e\" \/>\n\t<meta name=\"twitter:data1\" content=\"4 minutes\" \/>\n<script type=\"application\/ld+json\" class=\"yoast-schema-graph\">{\"@context\":\"https:\/\/schema.org\",\"@graph\":[{\"@type\":\"WebPage\",\"@id\":\"https:\/\/collall.nl\/fr\/product\/collall-colle-anti-effilochage\/\",\"url\":\"https:\/\/collall.nl\/fr\/product\/collall-colle-anti-effilochage\/\",\"name\":\"Collall Colle Anti-Effilochage - Collall\",\"isPartOf\":{\"@id\":\"https:\/\/collall.nl\/#website\"},\"primaryImageOfPage\":{\"@id\":\"https:\/\/collall.nl\/fr\/product\/collall-colle-anti-effilochage\/#primaryimage\"},\"image\":{\"@id\":\"https:\/\/collall.nl\/fr\/product\/collall-colle-anti-effilochage\/#primaryimage\"},\"thumbnailUrl\":\"https:\/\/collall.nl\/wp-content\/uploads\/2024\/01\/Collall-Rafelstop-25g.jpg\",\"datePublished\":\"2024-01-29T10:49:32+00:00\",\"dateModified\":\"2025-03-25T12:54:30+00:00\",\"description\":\"Collall Colle Anti-Effilochage est un adh\u00e9sif qui emp\u00eache les parties telles que les boutonni\u00e8res, les poignets, les coutures et les cols de s'effilocher.\",\"breadcrumb\":{\"@id\":\"https:\/\/collall.nl\/fr\/product\/collall-colle-anti-effilochage\/#breadcrumb\"},\"inLanguage\":\"fr-FR\",\"potentialAction\":[{\"@type\":\"ReadAction\",\"target\":[\"https:\/\/collall.nl\/fr\/product\/collall-colle-anti-effilochage\/\"]}]},{\"@type\":\"ImageObject\",\"inLanguage\":\"fr-FR\",\"@id\":\"https:\/\/collall.nl\/fr\/product\/collall-colle-anti-effilochage\/#primaryimage\",\"url\":\"https:\/\/collall.nl\/wp-content\/uploads\/2024\/01\/Collall-Rafelstop-25g.jpg\",\"contentUrl\":\"https:\/\/collall.nl\/wp-content\/uploads\/2024\/01\/Collall-Rafelstop-25g.jpg\",\"width\":1000,\"height\":1000,\"caption\":\"Collall-Rafelstop-25g\"},{\"@type\":\"BreadcrumbList\",\"@id\":\"https:\/\/collall.nl\/fr\/product\/collall-colle-anti-effilochage\/#breadcrumb\",\"itemListElement\":[{\"@type\":\"ListItem\",\"position\":1,\"name\":\"Home\",\"item\":\"https:\/\/collall.nl\/fr\/\"},{\"@type\":\"ListItem\",\"position\":2,\"name\":\"Produits\",\"item\":\"https:\/\/collall.nl\/fr\/produits\/\"},{\"@type\":\"ListItem\",\"position\":3,\"name\":\"Collall Colle Anti-Effilochage\"}]},{\"@type\":\"WebSite\",\"@id\":\"https:\/\/collall.nl\/#website\",\"url\":\"https:\/\/collall.nl\/\",\"name\":\"Collall\",\"description\":\"Adhesives &amp; Paints since 1949\",\"publisher\":{\"@id\":\"https:\/\/collall.nl\/#organization\"},\"potentialAction\":[{\"@type\":\"SearchAction\",\"target\":{\"@type\":\"EntryPoint\",\"urlTemplate\":\"https:\/\/collall.nl\/?s={search_term_string}\"},\"query-input\":{\"@type\":\"PropertyValueSpecification\",\"valueRequired\":true,\"valueName\":\"search_term_string\"}}],\"inLanguage\":\"fr-FR\"},{\"@type\":\"Organization\",\"@id\":\"https:\/\/collall.nl\/#organization\",\"name\":\"Collall B.V.\",\"url\":\"https:\/\/collall.nl\/\",\"logo\":{\"@type\":\"ImageObject\",\"inLanguage\":\"fr-FR\",\"@id\":\"https:\/\/collall.nl\/#\/schema\/logo\/image\/\",\"url\":\"https:\/\/collall.nl\/wp-content\/uploads\/2022\/08\/Collall-logo-186C_Reflex-blue.jpg\",\"contentUrl\":\"https:\/\/collall.nl\/wp-content\/uploads\/2022\/08\/Collall-logo-186C_Reflex-blue.jpg\",\"width\":1963,\"height\":1179,\"caption\":\"Collall B.V.\"},\"image\":{\"@id\":\"https:\/\/collall.nl\/#\/schema\/logo\/image\/\"},\"sameAs\":[\"https:\/\/www.facebook.com\/people\/Collall\/100064976852539\/\",\"https:\/\/www.instagram.com\/collall_1949\/\",\"https:\/\/nl.pinterest.com\/CollallBV\/\",\"https:\/\/www.youtube.com\/channel\/UCrCGuwth_udZhTqJSh5g9zg\"]}]}<\/script>\n<!-- \/ Yoast SEO plugin. -->","yoast_head_json":{"title":"Collall Colle Anti-Effilochage - Collall","description":"Collall Colle Anti-Effilochage est un adh\u00e9sif qui emp\u00eache les parties telles que les boutonni\u00e8res, les poignets, les coutures et les cols de s'effilocher.","robots":{"index":"index","follow":"follow","max-snippet":"max-snippet:-1","max-image-preview":"max-image-preview:large","max-video-preview":"max-video-preview:-1"},"canonical":"https:\/\/collall.nl\/fr\/product\/collall-colle-anti-effilochage\/","og_locale":"fr_FR","og_type":"article","og_title":"Collall Colle Anti-Effilochage - Collall","og_description":"Collall Colle Anti-Effilochage est un adh\u00e9sif qui emp\u00eache les parties telles que les boutonni\u00e8res, les poignets, les coutures et les cols de s'effilocher.","og_url":"https:\/\/collall.nl\/fr\/product\/collall-colle-anti-effilochage\/","og_site_name":"Collall","article_publisher":"https:\/\/www.facebook.com\/people\/Collall\/100064976852539\/","article_modified_time":"2025-03-25T12:54:30+00:00","og_image":[{"width":1000,"height":1000,"url":"https:\/\/collall.nl\/wp-content\/uploads\/2024\/01\/Collall-Rafelstop-25g.jpg","type":"image\/jpeg"}],"twitter_card":"summary_large_image","twitter_misc":{"Dur\u00e9e de lecture estim\u00e9e":"4 minutes"},"schema":{"@context":"https:\/\/schema.org","@graph":[{"@type":"WebPage","@id":"https:\/\/collall.nl\/fr\/product\/collall-colle-anti-effilochage\/","url":"https:\/\/collall.nl\/fr\/product\/collall-colle-anti-effilochage\/","name":"Collall Colle Anti-Effilochage - Collall","isPartOf":{"@id":"https:\/\/collall.nl\/#website"},"primaryImageOfPage":{"@id":"https:\/\/collall.nl\/fr\/product\/collall-colle-anti-effilochage\/#primaryimage"},"image":{"@id":"https:\/\/collall.nl\/fr\/product\/collall-colle-anti-effilochage\/#primaryimage"},"thumbnailUrl":"https:\/\/collall.nl\/wp-content\/uploads\/2024\/01\/Collall-Rafelstop-25g.jpg","datePublished":"2024-01-29T10:49:32+00:00","dateModified":"2025-03-25T12:54:30+00:00","description":"Collall Colle Anti-Effilochage est un adh\u00e9sif qui emp\u00eache les parties telles que les boutonni\u00e8res, les poignets, les coutures et les cols de s'effilocher.","breadcrumb":{"@id":"https:\/\/collall.nl\/fr\/product\/collall-colle-anti-effilochage\/#breadcrumb"},"inLanguage":"fr-FR","potentialAction":[{"@type":"ReadAction","target":["https:\/\/collall.nl\/fr\/product\/collall-colle-anti-effilochage\/"]}]},{"@type":"ImageObject","inLanguage":"fr-FR","@id":"https:\/\/collall.nl\/fr\/product\/collall-colle-anti-effilochage\/#primaryimage","url":"https:\/\/collall.nl\/wp-content\/uploads\/2024\/01\/Collall-Rafelstop-25g.jpg","contentUrl":"https:\/\/collall.nl\/wp-content\/uploads\/2024\/01\/Collall-Rafelstop-25g.jpg","width":1000,"height":1000,"caption":"Collall-Rafelstop-25g"},{"@type":"BreadcrumbList","@id":"https:\/\/collall.nl\/fr\/product\/collall-colle-anti-effilochage\/#breadcrumb","itemListElement":[{"@type":"ListItem","position":1,"name":"Home","item":"https:\/\/collall.nl\/fr\/"},{"@type":"ListItem","position":2,"name":"Produits","item":"https:\/\/collall.nl\/fr\/produits\/"},{"@type":"ListItem","position":3,"name":"Collall Colle Anti-Effilochage"}]},{"@type":"WebSite","@id":"https:\/\/collall.nl\/#website","url":"https:\/\/collall.nl\/","name":"Collall","description":"Adhesives &amp; Paints since 1949","publisher":{"@id":"https:\/\/collall.nl\/#organization"},"potentialAction":[{"@type":"SearchAction","target":{"@type":"EntryPoint","urlTemplate":"https:\/\/collall.nl\/?s={search_term_string}"},"query-input":{"@type":"PropertyValueSpecification","valueRequired":true,"valueName":"search_term_string"}}],"inLanguage":"fr-FR"},{"@type":"Organization","@id":"https:\/\/collall.nl\/#organization","name":"Collall B.V.","url":"https:\/\/collall.nl\/","logo":{"@type":"ImageObject","inLanguage":"fr-FR","@id":"https:\/\/collall.nl\/#\/schema\/logo\/image\/","url":"https:\/\/collall.nl\/wp-content\/uploads\/2022\/08\/Collall-logo-186C_Reflex-blue.jpg","contentUrl":"https:\/\/collall.nl\/wp-content\/uploads\/2022\/08\/Collall-logo-186C_Reflex-blue.jpg","width":1963,"height":1179,"caption":"Collall B.V."},"image":{"@id":"https:\/\/collall.nl\/#\/schema\/logo\/image\/"},"sameAs":["https:\/\/www.facebook.com\/people\/Collall\/100064976852539\/","https:\/\/www.instagram.com\/collall_1949\/","https:\/\/nl.pinterest.com\/CollallBV\/","https:\/\/www.youtube.com\/channel\/UCrCGuwth_udZhTqJSh5g9zg"]}]}},"_links":{"self":[{"href":"https:\/\/collall.nl\/fr\/wp-json\/wp\/v2\/product\/26838","targetHints":{"allow":["GET"]}}],"collection":[{"href":"https:\/\/collall.nl\/fr\/wp-json\/wp\/v2\/product"}],"about":[{"href":"https:\/\/collall.nl\/fr\/wp-json\/wp\/v2\/types\/product"}],"replies":[{"embeddable":true,"href":"https:\/\/collall.nl\/fr\/wp-json\/wp\/v2\/comments?post=26838"}],"wp:featuredmedia":[{"embeddable":true,"href":"https:\/\/collall.nl\/fr\/wp-json\/wp\/v2\/media\/27875"}],"wp:attachment":[{"href":"https:\/\/collall.nl\/fr\/wp-json\/wp\/v2\/media?parent=26838"}],"wp:term":[{"taxonomy":"product_brand","embeddable":true,"href":"https:\/\/collall.nl\/fr\/wp-json\/wp\/v2\/product_brand?post=26838"},{"taxonomy":"product_cat","embeddable":true,"href":"https:\/\/collall.nl\/fr\/wp-json\/wp\/v2\/product_cat?post=26838"},{"taxonomy":"product_tag","embeddable":true,"href":"https:\/\/collall.nl\/fr\/wp-json\/wp\/v2\/product_tag?post=26838"}],"curies":[{"name":"wp","href":"https:\/\/api.w.org\/{rel}","templated":true}]}}