{"id":26559,"date":"2024-01-08T10:24:05","date_gmt":"2024-01-08T10:29:10","guid":{"rendered":"https:\/\/collall.nl\/?post_type=product&#038;p=26559"},"modified":"2025-06-12T08:52:17","modified_gmt":"2025-06-12T06:52:17","slug":"collall-colle-eco-multi-2","status":"publish","type":"product","link":"https:\/\/collall.nl\/fr\/product\/collall-colle-eco-multi-2\/","title":{"rendered":"Collall Colle Eco Multi"},"content":{"rendered":"<p><strong>Application : <\/strong>avec la colle Eco Multi, vous pouvez coller du papier, du carton, du li\u00e8ge, du bois et du cuir. \u00c0 conserver au frais et \u00e0 l&rsquo;abri du gel.<\/p>\n<p><strong>Apparence :<\/strong><\/p>\n<ul>\n<li>Transparent clair<\/li>\n<li>\u00c9pais et liquide<\/li>\n<li>Inodore<\/li>\n<\/ul>\n<p><strong>Solvant :<\/strong> eau<\/p>\n<p><strong>Ingr\u00e9dient principal : <\/strong>d\u00e9riv\u00e9 d&rsquo;amidon<\/p>\n<p data-start=\"27\" data-end=\"54\"><strong>Ingr\u00e9dients naturels :<\/strong> 99%<\/p>\n<p data-start=\"56\" data-end=\"79\" data-is-last-node=\"\" data-is-only-node=\"\"><strong>Viscosit\u00e9 :<\/strong> 2.500 mPa.s<\/p>\n<p><strong>pH :<\/strong> 5,5<\/p>\n<p><strong>Densit\u00e9 :<\/strong> 1,25 kg\/dm\u00b3<\/p>\n<p><strong>CE :<\/strong> &#8211;<\/p>\n<p><strong>Consommation de colle :<\/strong> &#8211;<\/p>\n<p><strong>Utilisation :<\/strong><\/p>\n<ul>\n<li>Les mat\u00e9riaux \u00e0 coller doivent \u00eatre secs et exempts de poussi\u00e8re et de salet\u00e9.<\/li>\n<li>Appliquez directement du flacon sur la surface et\/ou r\u00e9partissez uniform\u00e9ment \u00e0 l&rsquo;aide d&rsquo;une spatule ou d&rsquo;un pinceau \u00e0 colle.<\/li>\n<li>La colle peut \u00eatre appliqu\u00e9e d&rsquo;un c\u00f4t\u00e9 ou des deux c\u00f4t\u00e9s.<\/li>\n<\/ul>\n<p><strong>Allerg\u00e8nes :<\/strong> aucun<\/p>\n<p><strong>Adapt\u00e9e aux :<\/strong> enfants \u00e0 partir de 3 ans.<\/p>\n<p><strong>Taches :<\/strong><\/p>\n<ul>\n<li>Si la colle est encore humide, les outils\/les surfaces peuvent \u00eatre facilement nettoy\u00e9s \u00e0 l&rsquo;eau.<\/li>\n<li>Les r\u00e9sidus de colle s\u00e9ch\u00e9e peuvent \u00eatre ramollis avec de l&rsquo;eau et ensuite facilement lav\u00e9s ou rinc\u00e9s.<\/li>\n<\/ul>\n<h4 data-start=\"58\" data-end=\"133\"><strong data-start=\"62\" data-end=\"131\">Ce que vous devez encore savoir sur la Colle Multi Eco de Collall<\/strong><\/h4>\n<p data-start=\"134\" data-end=\"306\">La Colle Multi Eco de Collall est compos\u00e9e \u00e0 99\u202f% d\u2019ingr\u00e9dients naturels, ne contient aucun allerg\u00e8ne et convient donc parfaitement aussi bien aux enfants qu\u2019aux adultes.<\/p>\n<p data-start=\"308\" data-end=\"634\">La Colle Multi Eco est une excellente alternative <strong data-start=\"358\" data-end=\"364\">et<\/strong> un compl\u00e9ment id\u00e9al aux autres colles multi-usages populaires de Collall, telles que la Colle Universelle, la Colle Hobby, la Colle Bricolage et la Tacky Glue.<br data-start=\"524\" data-end=\"527\" \/>Mais quelles sont exactement les diff\u00e9rences entre ces colles\u202f? Consultez le tableau comparatif ci-dessous.<\/p>\n<hr data-start=\"636\" data-end=\"639\" \/>\n<p data-start=\"641\" data-end=\"690\"><strong>Aper\u00e7u des colles multi-usages de Collall<\/strong><\/p>\n<p data-start=\"641\" data-end=\"690\"><img loading=\"lazy\" decoding=\"async\" class=\"alignnone  wp-image-31192\" src=\"https:\/\/collall.nl\/wp-content\/uploads\/2024\/01\/Collall-tabel-colles-multil-1-300x150.webp\" alt=\"\" width=\"1000\" height=\"500\" srcset=\"https:\/\/collall.nl\/wp-content\/uploads\/2024\/01\/Collall-tabel-colles-multil-1-300x150.webp 300w, https:\/\/collall.nl\/wp-content\/uploads\/2024\/01\/Collall-tabel-colles-multil-1-768x385.webp 768w, https:\/\/collall.nl\/wp-content\/uploads\/2024\/01\/Collall-tabel-colles-multil-1-420x211.webp 420w, https:\/\/collall.nl\/wp-content\/uploads\/2024\/01\/Collall-tabel-colles-multil-1-600x301.webp 600w, https:\/\/collall.nl\/wp-content\/uploads\/2024\/01\/Collall-tabel-colles-multil-1.webp 800w\" sizes=\"auto, (max-width: 1000px) 100vw, 1000px\" \/><\/p>\n<hr data-start=\"2134\" data-end=\"2137\" \/>\n<p data-start=\"2139\" data-end=\"2180\"><strong>Explications sur les composants :<\/strong><\/p>\n<ul data-start=\"2182\" data-end=\"2795\">\n<li data-start=\"2182\" data-end=\"2355\">\n<p data-start=\"2184\" data-end=\"2355\"><strong data-start=\"2184\" data-end=\"2203\">D\u00e9riv\u00e9 d\u2019amidon<\/strong> : Un ingr\u00e9dient naturel \u00e0 base de plantes (comme le ma\u00efs ou la pomme de terre), inodore et particuli\u00e8rement adapt\u00e9 \u00e0 une utilisation par des enfants.<\/p>\n<\/li>\n<li data-start=\"2356\" data-end=\"2583\">\n<p data-start=\"2358\" data-end=\"2583\"><strong data-start=\"2358\" data-end=\"2382\">Polym\u00e8re synth\u00e9tique<\/strong> : Une r\u00e9sine artificielle assurant une adh\u00e9rence tr\u00e8s forte et rapide, souvent utilis\u00e9e dans les colles universelles puissantes. Tr\u00e8s efficace sur divers mat\u00e9riaux tels que le m\u00e9tal et le plastique.<\/p>\n<\/li>\n<li data-start=\"2584\" data-end=\"2795\">\n<p data-start=\"2586\" data-end=\"2795\"><strong data-start=\"2586\" data-end=\"2618\">PVAc (ac\u00e9tate de polyvinyle)<\/strong> : Un composant couramment utilis\u00e9 dans les colles \u00e0 base d\u2019eau, id\u00e9al pour le papier, le carton et le bois. Devient transparent en s\u00e9chant, parfait pour les loisirs cr\u00e9atifs.<\/p>\n<\/li>\n<\/ul>\n<hr data-start=\"2797\" data-end=\"2800\" \/>\n<p data-start=\"2802\" data-end=\"2872\"><strong>En r\u00e9sum\u00e9 : pourquoi choisir la Colle Multi Eco de Collall ?<\/strong><\/p>\n<p data-start=\"2874\" data-end=\"3162\">\u2714 99\u202f% d\u2019ingr\u00e9dients naturels<br data-start=\"2903\" data-end=\"2906\" \/>\u2714 Sans allerg\u00e8nes \u2013 s\u00fbr pour les utilisateurs sensibles<br data-start=\"2961\" data-end=\"2964\" \/>\u2714 Inodore \u2013 agr\u00e9able \u00e0 utiliser en classe ou en atelier<br data-start=\"3019\" data-end=\"3022\" \/>\u2714 Sans solvants \u2013 uniquement \u00e0 base d\u2019eau<br data-start=\"3063\" data-end=\"3066\" \/>\u2714 Finition claire et transparente<br data-start=\"3099\" data-end=\"3102\" \/>\u2714 Convient aux enfants, aux \u00e9coles et aux loisirs cr\u00e9atifs<\/p>\n","protected":false},"excerpt":{"rendered":"<p>Collall Colle Eco Multi est une colle natural, inodore \u00e0 base d&rsquo;eau. Convient entre autres pour coller papier, carton, li\u00e8ge, bois et cuir.<\/p>\n","protected":false},"featured_media":26550,"comment_status":"open","ping_status":"closed","template":"","meta":{"_acf_changed":false},"product_brand":[],"product_cat":[174],"product_tag":[],"class_list":{"0":"post-26559","1":"product","2":"type-product","3":"status-publish","4":"has-post-thumbnail","6":"product_cat-colle-et-vernis-colle","8":"first","9":"instock","10":"shipping-taxable","11":"purchasable","12":"product-type-variable"},"acf":[],"yoast_head":"<!-- This site is optimized with the Yoast SEO plugin v27.2 - https:\/\/yoast.com\/product\/yoast-seo-wordpress\/ -->\n<title>Collall Colle Eco Multi - Collall<\/title>\n<meta name=\"description\" content=\"Collall Colle Eco Multi est une colle natural, inodore \u00e0 base d&#039;eau. Convient entre autres pour coller papier, carton, li\u00e8ge, bois et cuir.\" \/>\n<meta name=\"robots\" content=\"index, follow, max-snippet:-1, max-image-preview:large, max-video-preview:-1\" \/>\n<link rel=\"canonical\" href=\"https:\/\/collall.nl\/fr\/product\/collall-colle-eco-multi-2\/\" \/>\n<meta property=\"og:locale\" content=\"fr_FR\" \/>\n<meta property=\"og:type\" content=\"article\" \/>\n<meta property=\"og:title\" content=\"Collall Colle Eco Multi - Collall\" \/>\n<meta property=\"og:description\" content=\"Collall Colle Eco Multi est une colle natural, inodore \u00e0 base d&#039;eau. Convient entre autres pour coller papier, carton, li\u00e8ge, bois et cuir.\" \/>\n<meta property=\"og:url\" content=\"https:\/\/collall.nl\/fr\/product\/collall-colle-eco-multi-2\/\" \/>\n<meta property=\"og:site_name\" content=\"Collall\" \/>\n<meta property=\"article:publisher\" content=\"https:\/\/www.facebook.com\/people\/Collall\/100064976852539\/\" \/>\n<meta property=\"article:modified_time\" content=\"2025-06-12T06:52:17+00:00\" \/>\n<meta property=\"og:image\" content=\"https:\/\/collall.nl\/wp-content\/uploads\/2024\/01\/COLEM0100.jpg\" \/>\n\t<meta property=\"og:image:width\" content=\"800\" \/>\n\t<meta property=\"og:image:height\" content=\"800\" \/>\n\t<meta property=\"og:image:type\" content=\"image\/jpeg\" \/>\n<meta name=\"twitter:card\" content=\"summary_large_image\" \/>\n<meta name=\"twitter:label1\" content=\"Dur\u00e9e de lecture estim\u00e9e\" \/>\n\t<meta name=\"twitter:data1\" content=\"3 minutes\" \/>\n<script type=\"application\/ld+json\" class=\"yoast-schema-graph\">{\"@context\":\"https:\/\/schema.org\",\"@graph\":[{\"@type\":\"WebPage\",\"@id\":\"https:\/\/collall.nl\/fr\/product\/collall-colle-eco-multi-2\/\",\"url\":\"https:\/\/collall.nl\/fr\/product\/collall-colle-eco-multi-2\/\",\"name\":\"Collall Colle Eco Multi - Collall\",\"isPartOf\":{\"@id\":\"https:\/\/collall.nl\/#website\"},\"primaryImageOfPage\":{\"@id\":\"https:\/\/collall.nl\/fr\/product\/collall-colle-eco-multi-2\/#primaryimage\"},\"image\":{\"@id\":\"https:\/\/collall.nl\/fr\/product\/collall-colle-eco-multi-2\/#primaryimage\"},\"thumbnailUrl\":\"https:\/\/collall.nl\/wp-content\/uploads\/2024\/01\/COLEM0100.jpg\",\"datePublished\":\"2024-01-08T10:29:10+00:00\",\"dateModified\":\"2025-06-12T06:52:17+00:00\",\"description\":\"Collall Colle Eco Multi est une colle natural, inodore \u00e0 base d'eau. Convient entre autres pour coller papier, carton, li\u00e8ge, bois et cuir.\",\"breadcrumb\":{\"@id\":\"https:\/\/collall.nl\/fr\/product\/collall-colle-eco-multi-2\/#breadcrumb\"},\"inLanguage\":\"fr-FR\",\"potentialAction\":[{\"@type\":\"ReadAction\",\"target\":[\"https:\/\/collall.nl\/fr\/product\/collall-colle-eco-multi-2\/\"]}]},{\"@type\":\"ImageObject\",\"inLanguage\":\"fr-FR\",\"@id\":\"https:\/\/collall.nl\/fr\/product\/collall-colle-eco-multi-2\/#primaryimage\",\"url\":\"https:\/\/collall.nl\/wp-content\/uploads\/2024\/01\/COLEM0100.jpg\",\"contentUrl\":\"https:\/\/collall.nl\/wp-content\/uploads\/2024\/01\/COLEM0100.jpg\",\"width\":800,\"height\":800,\"caption\":\"COLEM0100-Collall Eco Multi glue\"},{\"@type\":\"BreadcrumbList\",\"@id\":\"https:\/\/collall.nl\/fr\/product\/collall-colle-eco-multi-2\/#breadcrumb\",\"itemListElement\":[{\"@type\":\"ListItem\",\"position\":1,\"name\":\"Home\",\"item\":\"https:\/\/collall.nl\/fr\/\"},{\"@type\":\"ListItem\",\"position\":2,\"name\":\"Produits\",\"item\":\"https:\/\/collall.nl\/fr\/produits\/\"},{\"@type\":\"ListItem\",\"position\":3,\"name\":\"Collall Colle Eco Multi\"}]},{\"@type\":\"WebSite\",\"@id\":\"https:\/\/collall.nl\/#website\",\"url\":\"https:\/\/collall.nl\/\",\"name\":\"Collall\",\"description\":\"Adhesives &amp; Paints since 1949\",\"publisher\":{\"@id\":\"https:\/\/collall.nl\/#organization\"},\"potentialAction\":[{\"@type\":\"SearchAction\",\"target\":{\"@type\":\"EntryPoint\",\"urlTemplate\":\"https:\/\/collall.nl\/?s={search_term_string}\"},\"query-input\":{\"@type\":\"PropertyValueSpecification\",\"valueRequired\":true,\"valueName\":\"search_term_string\"}}],\"inLanguage\":\"fr-FR\"},{\"@type\":\"Organization\",\"@id\":\"https:\/\/collall.nl\/#organization\",\"name\":\"Collall B.V.\",\"url\":\"https:\/\/collall.nl\/\",\"logo\":{\"@type\":\"ImageObject\",\"inLanguage\":\"fr-FR\",\"@id\":\"https:\/\/collall.nl\/#\/schema\/logo\/image\/\",\"url\":\"https:\/\/collall.nl\/wp-content\/uploads\/2022\/08\/Collall-logo-186C_Reflex-blue.jpg\",\"contentUrl\":\"https:\/\/collall.nl\/wp-content\/uploads\/2022\/08\/Collall-logo-186C_Reflex-blue.jpg\",\"width\":1963,\"height\":1179,\"caption\":\"Collall B.V.\"},\"image\":{\"@id\":\"https:\/\/collall.nl\/#\/schema\/logo\/image\/\"},\"sameAs\":[\"https:\/\/www.facebook.com\/people\/Collall\/100064976852539\/\",\"https:\/\/www.instagram.com\/collall_1949\/\",\"https:\/\/nl.pinterest.com\/CollallBV\/\",\"https:\/\/www.youtube.com\/channel\/UCrCGuwth_udZhTqJSh5g9zg\"]}]}<\/script>\n<!-- \/ Yoast SEO plugin. -->","yoast_head_json":{"title":"Collall Colle Eco Multi - Collall","description":"Collall Colle Eco Multi est une colle natural, inodore \u00e0 base d'eau. Convient entre autres pour coller papier, carton, li\u00e8ge, bois et cuir.","robots":{"index":"index","follow":"follow","max-snippet":"max-snippet:-1","max-image-preview":"max-image-preview:large","max-video-preview":"max-video-preview:-1"},"canonical":"https:\/\/collall.nl\/fr\/product\/collall-colle-eco-multi-2\/","og_locale":"fr_FR","og_type":"article","og_title":"Collall Colle Eco Multi - Collall","og_description":"Collall Colle Eco Multi est une colle natural, inodore \u00e0 base d'eau. Convient entre autres pour coller papier, carton, li\u00e8ge, bois et cuir.","og_url":"https:\/\/collall.nl\/fr\/product\/collall-colle-eco-multi-2\/","og_site_name":"Collall","article_publisher":"https:\/\/www.facebook.com\/people\/Collall\/100064976852539\/","article_modified_time":"2025-06-12T06:52:17+00:00","og_image":[{"width":800,"height":800,"url":"https:\/\/collall.nl\/wp-content\/uploads\/2024\/01\/COLEM0100.jpg","type":"image\/jpeg"}],"twitter_card":"summary_large_image","twitter_misc":{"Dur\u00e9e de lecture estim\u00e9e":"3 minutes"},"schema":{"@context":"https:\/\/schema.org","@graph":[{"@type":"WebPage","@id":"https:\/\/collall.nl\/fr\/product\/collall-colle-eco-multi-2\/","url":"https:\/\/collall.nl\/fr\/product\/collall-colle-eco-multi-2\/","name":"Collall Colle Eco Multi - Collall","isPartOf":{"@id":"https:\/\/collall.nl\/#website"},"primaryImageOfPage":{"@id":"https:\/\/collall.nl\/fr\/product\/collall-colle-eco-multi-2\/#primaryimage"},"image":{"@id":"https:\/\/collall.nl\/fr\/product\/collall-colle-eco-multi-2\/#primaryimage"},"thumbnailUrl":"https:\/\/collall.nl\/wp-content\/uploads\/2024\/01\/COLEM0100.jpg","datePublished":"2024-01-08T10:29:10+00:00","dateModified":"2025-06-12T06:52:17+00:00","description":"Collall Colle Eco Multi est une colle natural, inodore \u00e0 base d'eau. Convient entre autres pour coller papier, carton, li\u00e8ge, bois et cuir.","breadcrumb":{"@id":"https:\/\/collall.nl\/fr\/product\/collall-colle-eco-multi-2\/#breadcrumb"},"inLanguage":"fr-FR","potentialAction":[{"@type":"ReadAction","target":["https:\/\/collall.nl\/fr\/product\/collall-colle-eco-multi-2\/"]}]},{"@type":"ImageObject","inLanguage":"fr-FR","@id":"https:\/\/collall.nl\/fr\/product\/collall-colle-eco-multi-2\/#primaryimage","url":"https:\/\/collall.nl\/wp-content\/uploads\/2024\/01\/COLEM0100.jpg","contentUrl":"https:\/\/collall.nl\/wp-content\/uploads\/2024\/01\/COLEM0100.jpg","width":800,"height":800,"caption":"COLEM0100-Collall Eco Multi glue"},{"@type":"BreadcrumbList","@id":"https:\/\/collall.nl\/fr\/product\/collall-colle-eco-multi-2\/#breadcrumb","itemListElement":[{"@type":"ListItem","position":1,"name":"Home","item":"https:\/\/collall.nl\/fr\/"},{"@type":"ListItem","position":2,"name":"Produits","item":"https:\/\/collall.nl\/fr\/produits\/"},{"@type":"ListItem","position":3,"name":"Collall Colle Eco Multi"}]},{"@type":"WebSite","@id":"https:\/\/collall.nl\/#website","url":"https:\/\/collall.nl\/","name":"Collall","description":"Adhesives &amp; Paints since 1949","publisher":{"@id":"https:\/\/collall.nl\/#organization"},"potentialAction":[{"@type":"SearchAction","target":{"@type":"EntryPoint","urlTemplate":"https:\/\/collall.nl\/?s={search_term_string}"},"query-input":{"@type":"PropertyValueSpecification","valueRequired":true,"valueName":"search_term_string"}}],"inLanguage":"fr-FR"},{"@type":"Organization","@id":"https:\/\/collall.nl\/#organization","name":"Collall B.V.","url":"https:\/\/collall.nl\/","logo":{"@type":"ImageObject","inLanguage":"fr-FR","@id":"https:\/\/collall.nl\/#\/schema\/logo\/image\/","url":"https:\/\/collall.nl\/wp-content\/uploads\/2022\/08\/Collall-logo-186C_Reflex-blue.jpg","contentUrl":"https:\/\/collall.nl\/wp-content\/uploads\/2022\/08\/Collall-logo-186C_Reflex-blue.jpg","width":1963,"height":1179,"caption":"Collall B.V."},"image":{"@id":"https:\/\/collall.nl\/#\/schema\/logo\/image\/"},"sameAs":["https:\/\/www.facebook.com\/people\/Collall\/100064976852539\/","https:\/\/www.instagram.com\/collall_1949\/","https:\/\/nl.pinterest.com\/CollallBV\/","https:\/\/www.youtube.com\/channel\/UCrCGuwth_udZhTqJSh5g9zg"]}]}},"_links":{"self":[{"href":"https:\/\/collall.nl\/fr\/wp-json\/wp\/v2\/product\/26559","targetHints":{"allow":["GET"]}}],"collection":[{"href":"https:\/\/collall.nl\/fr\/wp-json\/wp\/v2\/product"}],"about":[{"href":"https:\/\/collall.nl\/fr\/wp-json\/wp\/v2\/types\/product"}],"replies":[{"embeddable":true,"href":"https:\/\/collall.nl\/fr\/wp-json\/wp\/v2\/comments?post=26559"}],"wp:featuredmedia":[{"embeddable":true,"href":"https:\/\/collall.nl\/fr\/wp-json\/wp\/v2\/media\/26550"}],"wp:attachment":[{"href":"https:\/\/collall.nl\/fr\/wp-json\/wp\/v2\/media?parent=26559"}],"wp:term":[{"taxonomy":"product_brand","embeddable":true,"href":"https:\/\/collall.nl\/fr\/wp-json\/wp\/v2\/product_brand?post=26559"},{"taxonomy":"product_cat","embeddable":true,"href":"https:\/\/collall.nl\/fr\/wp-json\/wp\/v2\/product_cat?post=26559"},{"taxonomy":"product_tag","embeddable":true,"href":"https:\/\/collall.nl\/fr\/wp-json\/wp\/v2\/product_tag?post=26559"}],"curies":[{"name":"wp","href":"https:\/\/api.w.org\/{rel}","templated":true}]}}