{"id":26304,"date":"2023-10-30T09:23:49","date_gmt":"2023-10-30T10:11:29","guid":{"rendered":"https:\/\/collall.nl\/?post_type=product&#038;p=26304"},"modified":"2025-06-12T16:39:36","modified_gmt":"2025-06-12T14:39:36","slug":"collall-colle-kintsugi","status":"publish","type":"product","link":"https:\/\/collall.nl\/fr\/product\/collall-colle-kintsugi\/","title":{"rendered":"Collall Colle Kintsugi"},"content":{"rendered":"<p><strong>Application:<\/strong> La colle Collall Kintsugi est une colle pr\u00eate \u00e0 l&#8217;emploi de couleur dor\u00e9e, con\u00e7ue pour r\u00e9parer la porcelaine, la poterie et les objets en c\u00e9ramique pr\u00e9sentant des fissures, des morceaux manquants ou des cassures. Elle met en valeur les bris, les fissures et les autres irr\u00e9gularit\u00e9s gr\u00e2ce \u00e0 ses lignes dor\u00e9es caract\u00e9ristiques.<\/p>\n<p><img loading=\"lazy\" decoding=\"async\" class=\"alignnone size-medium wp-image-26922\" src=\"https:\/\/collall.nl\/wp-content\/uploads\/2024\/01\/COLLVD220000-300x156.jpg\" alt=\"COLLVD220000\" width=\"300\" height=\"156\" srcset=\"https:\/\/collall.nl\/wp-content\/uploads\/2024\/01\/COLLVD220000-300x156.jpg 300w, https:\/\/collall.nl\/wp-content\/uploads\/2024\/01\/COLLVD220000-1024x533.jpg 1024w, https:\/\/collall.nl\/wp-content\/uploads\/2024\/01\/COLLVD220000-768x399.jpg 768w, https:\/\/collall.nl\/wp-content\/uploads\/2024\/01\/COLLVD220000-420x218.jpg 420w, https:\/\/collall.nl\/wp-content\/uploads\/2024\/01\/COLLVD220000-600x312.jpg 600w, https:\/\/collall.nl\/wp-content\/uploads\/2024\/01\/COLLVD220000.jpg 1042w\" sizes=\"auto, (max-width: 300px) 100vw, 300px\" \/><\/p>\n<p><strong>Propri\u00e9t\u00e9s : <\/strong><\/p>\n<ul>\n<li>Colle dor\u00e9e \u00e9paisse<\/li>\n<li>Adh\u00e9sion rapide<\/li>\n<li>Pas de s&rsquo;effondrer apr\u00e8s le s\u00e9chage (effet 3D)<\/li>\n<\/ul>\n<p><strong>Solvent :<\/strong> eau<\/p>\n<p><strong>Ingr\u00e9dient principal :<\/strong> acrylique<\/p>\n<p><strong>Densit\u00e9 : <\/strong>1,06 g\/cm\u00b3<\/p>\n<p class=\"p1\"><b>Ingr\u00e9dients naturels : <\/b>42%<\/p>\n<p class=\"p1\"><b>Viscosit\u00e9 : <\/b>4.000 mPa.s<\/p>\n<p><strong>pH:<\/strong> 7,5<\/p>\n<p><strong>Consommation de colle :<\/strong> &#8211;<\/p>\n<p><strong>CE :<\/strong> &#8211;<\/p>\n<p><strong>Utilisation :<\/strong><\/p>\n<ul>\n<li>Les mat\u00e9riaux \u00e0 coller doivent \u00eatre secs et exempts de poussi\u00e8re et de salet\u00e9.<\/li>\n<li>Appliquer la colle directement depuis le flacon sur la surface \u00e0 coller.<\/li>\n<li>Compl\u00e8tement durci apr\u00e8s 24 heures.<\/li>\n<\/ul>\n<p><strong>Allerg\u00e8nes :<\/strong> CMIT\/MIT et 1,2-benzisothiazol-3(2H)-one. Peut produire une r\u00e9action allergique.<\/p>\n<p><strong>Convient :<\/strong> aux personnes \u00e0 partir de 6 ans.<\/p>\n<p><strong>Taches :<\/strong><\/p>\n<ul>\n<li>Les outils peuvent \u00eatre nettoy\u00e9s \u00e0 l&rsquo;eau, uniquement lorsque la colle est encore humide (un d\u00e9tergent synth\u00e9tique peut \u00e9ventuellement \u00eatre ajout\u00e9 \u00e0 l&rsquo;eau).<\/li>\n<li>Pour les taches de colle s\u00e9ch\u00e9es, les tremper dans de l&rsquo;eau chaude puis les retirer avec une brosse.<\/li>\n<\/ul>\n<h4 data-start=\"0\" data-end=\"64\"><strong data-start=\"0\" data-end=\"62\">Redonnez de la beaut\u00e9 aux objets cass\u00e9s avec le Kintsugi !<\/strong><\/h4>\n<h5 data-start=\"66\" data-end=\"107\"><strong data-start=\"70\" data-end=\"105\">Encore plus d&rsquo;id\u00e9es cr\u00e9atives :<\/strong><\/h5>\n<ul>\n<li data-start=\"110\" data-end=\"249\">Les th\u00e9i\u00e8res en porcelaine sont souvent des objets pr\u00e9cieux, et le Kintsugi peut leur offrir une nouvelle vie <strong>d\u00e9corative<\/strong> apr\u00e8s une casse.<\/li>\n<li data-start=\"252\" data-end=\"385\">De petites figurines en c\u00e9ramique ou des pi\u00e8ces d\u00e9coratives peuvent \u00eatre restaur\u00e9es avec le Kintsugi afin de pr\u00e9server leur charme.<\/li>\n<li data-start=\"388\" data-end=\"526\">Les plats <strong>d\u00e9coratifs<\/strong> en porcelaine et en fa\u00efence peuvent \u00eatre r\u00e9par\u00e9s et rester utilisables (mais ne conviennent pas au lave-vaisselle).<\/li>\n<li data-start=\"529\" data-end=\"656\">Les vases en c\u00e9ramique peuvent conserver leur beaut\u00e9 originale comme objets d\u00e9coratifs apr\u00e8s une r\u00e9paration avec le Kintsugi.<\/li>\n<li data-start=\"659\" data-end=\"780\">La vaisselle, y compris les assiettes, bols, tasses, soucoupes et autres articles, peut \u00eatre r\u00e9par\u00e9e gr\u00e2ce au Kintsugi.<\/li>\n<li data-start=\"783\" data-end=\"912\">Les bijoux en c\u00e9ramique, comme les pendentifs ou les boucles d\u2019oreilles, peuvent \u00e9galement \u00eatre restaur\u00e9s avec cette technique.<\/li>\n<\/ul>\n<p><strong data-start=\"918\" data-end=\"957\">L\u2019assemblage et la r\u00e9paration dor\u00e9s<\/strong><\/p>\n<p class=\"\" data-start=\"960\" data-end=\"1500\">Le <strong data-start=\"963\" data-end=\"975\">Kintsugi<\/strong> (\u91d1\u7d99\u304e, \u00ab\u00a0assemblage dor\u00e9\u00a0\u00bb) ou <strong data-start=\"1004\" data-end=\"1019\">Kintsukuroi<\/strong> (\u00ab\u00a0r\u00e9paration dor\u00e9e\u00a0\u00bb) est n\u00e9 au Japon \u00e0 la fin du XVe si\u00e8cle. Cet art existe depuis plus de cinq si\u00e8cles ! Il est apparu comme une alternative pour r\u00e9parer les bols \u00e0 th\u00e9 en porcelaine pr\u00e9cieuse plut\u00f4t que de les jeter simplement. Le Kintsugi c\u00e9l\u00e8bre la beaut\u00e9 des fractures tout en offrant une m\u00e9thode de r\u00e9paration pratique. Depuis lors, il joue un r\u00f4le essentiel dans la culture japonaise et est appr\u00e9ci\u00e9 dans le monde entier pour sa signification philosophique et esth\u00e9tique.<\/p>\n<p class=\"\" data-start=\"1502\" data-end=\"1675\">D\u00e9couvrez cet art japonais, <strong data-start=\"1530\" data-end=\"1566\">Kintsugi \u91d1\u7d99\u304e (\u00ab\u00a0assemblage dor\u00e9\u00a0\u00bb)<\/strong>, o\u00f9 la cassure et la r\u00e9paration ajoutent \u00e0 la beaut\u00e9 d\u2019un objet. Ne jetez donc plus votre vaisselle cass\u00e9e !<\/p>\n","protected":false},"excerpt":{"rendered":"<p>Kintsugi est une forme d&rsquo;art japonaise o\u00f9 des objets en porcelaine, en poterie et en c\u00e9ramique endommag\u00e9s sont r\u00e9par\u00e9s avec une colle dor\u00e9e sp\u00e9ciale (pr\u00eate \u00e0 l&#8217;emploi). Au lieu de dissimuler les fissures, elles sont mises en valeur par les lignes dor\u00e9es de cette colle. Cela conf\u00e8re aux objets r\u00e9par\u00e9s une apparence nouvelle et unique, mettant en avant leur pr\u00e9ciosit\u00e9 malgr\u00e9 leurs imperfections.<\/p>\n<p><img loading=\"lazy\" decoding=\"async\" class=\"alignnone size-medium wp-image-26407\" src=\"https:\/\/collall.nl\/wp-content\/uploads\/2023\/11\/Home-Kintsugi-Glue-300x151.jpg\" alt=\"Home-Kintsugi-Glue\" width=\"300\" height=\"151\" srcset=\"https:\/\/collall.nl\/wp-content\/uploads\/2023\/11\/Home-Kintsugi-Glue-300x151.jpg 300w, https:\/\/collall.nl\/wp-content\/uploads\/2023\/11\/Home-Kintsugi-Glue.jpg 406w\" sizes=\"auto, (max-width: 300px) 100vw, 300px\" \/><\/p>\n","protected":false},"featured_media":26291,"comment_status":"open","ping_status":"closed","template":"","meta":{"_acf_changed":false},"product_brand":[],"product_cat":[174],"product_tag":[],"class_list":{"0":"post-26304","1":"product","2":"type-product","3":"status-publish","4":"has-post-thumbnail","6":"product_cat-colle-et-vernis-colle","8":"first","9":"instock","10":"shipping-taxable","11":"purchasable","12":"product-type-variable"},"acf":[],"yoast_head":"<!-- This site is optimized with the Yoast SEO plugin v27.2 - https:\/\/yoast.com\/product\/yoast-seo-wordpress\/ -->\n<title>Collall Colle Kintsugi - Collall<\/title>\n<meta name=\"description\" content=\"La colle Collall Kintsugi est une colle pr\u00eate \u00e0 l&#039;emploi de couleur dor\u00e9e, con\u00e7ue pour r\u00e9parer la porcelaine, la poterie et etc.\" \/>\n<meta name=\"robots\" content=\"index, follow, max-snippet:-1, max-image-preview:large, max-video-preview:-1\" \/>\n<link rel=\"canonical\" href=\"https:\/\/collall.nl\/fr\/product\/collall-colle-kintsugi\/\" \/>\n<meta property=\"og:locale\" content=\"fr_FR\" \/>\n<meta property=\"og:type\" content=\"article\" \/>\n<meta property=\"og:title\" content=\"Collall Colle Kintsugi - Collall\" \/>\n<meta property=\"og:description\" content=\"La colle Collall Kintsugi est une colle pr\u00eate \u00e0 l&#039;emploi de couleur dor\u00e9e, con\u00e7ue pour r\u00e9parer la porcelaine, la poterie et etc.\" \/>\n<meta property=\"og:url\" content=\"https:\/\/collall.nl\/fr\/product\/collall-colle-kintsugi\/\" \/>\n<meta property=\"og:site_name\" content=\"Collall\" \/>\n<meta property=\"article:publisher\" content=\"https:\/\/www.facebook.com\/people\/Collall\/100064976852539\/\" \/>\n<meta property=\"article:modified_time\" content=\"2025-06-12T14:39:36+00:00\" \/>\n<meta property=\"og:image\" content=\"https:\/\/collall.nl\/wp-content\/uploads\/2023\/10\/COLKS002570-Kintsugi-lijm.jpg\" \/>\n\t<meta property=\"og:image:width\" content=\"1000\" \/>\n\t<meta property=\"og:image:height\" content=\"1000\" \/>\n\t<meta property=\"og:image:type\" content=\"image\/jpeg\" \/>\n<meta name=\"twitter:card\" content=\"summary_large_image\" \/>\n<meta name=\"twitter:label1\" content=\"Dur\u00e9e de lecture estim\u00e9e\" \/>\n\t<meta name=\"twitter:data1\" content=\"3 minutes\" \/>\n<script type=\"application\/ld+json\" class=\"yoast-schema-graph\">{\"@context\":\"https:\/\/schema.org\",\"@graph\":[{\"@type\":\"WebPage\",\"@id\":\"https:\/\/collall.nl\/fr\/product\/collall-colle-kintsugi\/\",\"url\":\"https:\/\/collall.nl\/fr\/product\/collall-colle-kintsugi\/\",\"name\":\"Collall Colle Kintsugi - Collall\",\"isPartOf\":{\"@id\":\"https:\/\/collall.nl\/#website\"},\"primaryImageOfPage\":{\"@id\":\"https:\/\/collall.nl\/fr\/product\/collall-colle-kintsugi\/#primaryimage\"},\"image\":{\"@id\":\"https:\/\/collall.nl\/fr\/product\/collall-colle-kintsugi\/#primaryimage\"},\"thumbnailUrl\":\"https:\/\/collall.nl\/wp-content\/uploads\/2023\/10\/COLKS002570-Kintsugi-lijm.jpg\",\"datePublished\":\"2023-10-30T10:11:29+00:00\",\"dateModified\":\"2025-06-12T14:39:36+00:00\",\"description\":\"La colle Collall Kintsugi est une colle pr\u00eate \u00e0 l'emploi de couleur dor\u00e9e, con\u00e7ue pour r\u00e9parer la porcelaine, la poterie et etc.\",\"breadcrumb\":{\"@id\":\"https:\/\/collall.nl\/fr\/product\/collall-colle-kintsugi\/#breadcrumb\"},\"inLanguage\":\"fr-FR\",\"potentialAction\":[{\"@type\":\"ReadAction\",\"target\":[\"https:\/\/collall.nl\/fr\/product\/collall-colle-kintsugi\/\"]}]},{\"@type\":\"ImageObject\",\"inLanguage\":\"fr-FR\",\"@id\":\"https:\/\/collall.nl\/fr\/product\/collall-colle-kintsugi\/#primaryimage\",\"url\":\"https:\/\/collall.nl\/wp-content\/uploads\/2023\/10\/COLKS002570-Kintsugi-lijm.jpg\",\"contentUrl\":\"https:\/\/collall.nl\/wp-content\/uploads\/2023\/10\/COLKS002570-Kintsugi-lijm.jpg\",\"width\":1000,\"height\":1000,\"caption\":\"Collall Kintsugi glue\"},{\"@type\":\"BreadcrumbList\",\"@id\":\"https:\/\/collall.nl\/fr\/product\/collall-colle-kintsugi\/#breadcrumb\",\"itemListElement\":[{\"@type\":\"ListItem\",\"position\":1,\"name\":\"Home\",\"item\":\"https:\/\/collall.nl\/fr\/\"},{\"@type\":\"ListItem\",\"position\":2,\"name\":\"Produits\",\"item\":\"https:\/\/collall.nl\/fr\/produits\/\"},{\"@type\":\"ListItem\",\"position\":3,\"name\":\"Collall Colle Kintsugi\"}]},{\"@type\":\"WebSite\",\"@id\":\"https:\/\/collall.nl\/#website\",\"url\":\"https:\/\/collall.nl\/\",\"name\":\"Collall\",\"description\":\"Adhesives &amp; Paints since 1949\",\"publisher\":{\"@id\":\"https:\/\/collall.nl\/#organization\"},\"potentialAction\":[{\"@type\":\"SearchAction\",\"target\":{\"@type\":\"EntryPoint\",\"urlTemplate\":\"https:\/\/collall.nl\/?s={search_term_string}\"},\"query-input\":{\"@type\":\"PropertyValueSpecification\",\"valueRequired\":true,\"valueName\":\"search_term_string\"}}],\"inLanguage\":\"fr-FR\"},{\"@type\":\"Organization\",\"@id\":\"https:\/\/collall.nl\/#organization\",\"name\":\"Collall B.V.\",\"url\":\"https:\/\/collall.nl\/\",\"logo\":{\"@type\":\"ImageObject\",\"inLanguage\":\"fr-FR\",\"@id\":\"https:\/\/collall.nl\/#\/schema\/logo\/image\/\",\"url\":\"https:\/\/collall.nl\/wp-content\/uploads\/2022\/08\/Collall-logo-186C_Reflex-blue.jpg\",\"contentUrl\":\"https:\/\/collall.nl\/wp-content\/uploads\/2022\/08\/Collall-logo-186C_Reflex-blue.jpg\",\"width\":1963,\"height\":1179,\"caption\":\"Collall B.V.\"},\"image\":{\"@id\":\"https:\/\/collall.nl\/#\/schema\/logo\/image\/\"},\"sameAs\":[\"https:\/\/www.facebook.com\/people\/Collall\/100064976852539\/\",\"https:\/\/www.instagram.com\/collall_1949\/\",\"https:\/\/nl.pinterest.com\/CollallBV\/\",\"https:\/\/www.youtube.com\/channel\/UCrCGuwth_udZhTqJSh5g9zg\"]}]}<\/script>\n<!-- \/ Yoast SEO plugin. -->","yoast_head_json":{"title":"Collall Colle Kintsugi - Collall","description":"La colle Collall Kintsugi est une colle pr\u00eate \u00e0 l'emploi de couleur dor\u00e9e, con\u00e7ue pour r\u00e9parer la porcelaine, la poterie et etc.","robots":{"index":"index","follow":"follow","max-snippet":"max-snippet:-1","max-image-preview":"max-image-preview:large","max-video-preview":"max-video-preview:-1"},"canonical":"https:\/\/collall.nl\/fr\/product\/collall-colle-kintsugi\/","og_locale":"fr_FR","og_type":"article","og_title":"Collall Colle Kintsugi - Collall","og_description":"La colle Collall Kintsugi est une colle pr\u00eate \u00e0 l'emploi de couleur dor\u00e9e, con\u00e7ue pour r\u00e9parer la porcelaine, la poterie et etc.","og_url":"https:\/\/collall.nl\/fr\/product\/collall-colle-kintsugi\/","og_site_name":"Collall","article_publisher":"https:\/\/www.facebook.com\/people\/Collall\/100064976852539\/","article_modified_time":"2025-06-12T14:39:36+00:00","og_image":[{"width":1000,"height":1000,"url":"https:\/\/collall.nl\/wp-content\/uploads\/2023\/10\/COLKS002570-Kintsugi-lijm.jpg","type":"image\/jpeg"}],"twitter_card":"summary_large_image","twitter_misc":{"Dur\u00e9e de lecture estim\u00e9e":"3 minutes"},"schema":{"@context":"https:\/\/schema.org","@graph":[{"@type":"WebPage","@id":"https:\/\/collall.nl\/fr\/product\/collall-colle-kintsugi\/","url":"https:\/\/collall.nl\/fr\/product\/collall-colle-kintsugi\/","name":"Collall Colle Kintsugi - Collall","isPartOf":{"@id":"https:\/\/collall.nl\/#website"},"primaryImageOfPage":{"@id":"https:\/\/collall.nl\/fr\/product\/collall-colle-kintsugi\/#primaryimage"},"image":{"@id":"https:\/\/collall.nl\/fr\/product\/collall-colle-kintsugi\/#primaryimage"},"thumbnailUrl":"https:\/\/collall.nl\/wp-content\/uploads\/2023\/10\/COLKS002570-Kintsugi-lijm.jpg","datePublished":"2023-10-30T10:11:29+00:00","dateModified":"2025-06-12T14:39:36+00:00","description":"La colle Collall Kintsugi est une colle pr\u00eate \u00e0 l'emploi de couleur dor\u00e9e, con\u00e7ue pour r\u00e9parer la porcelaine, la poterie et etc.","breadcrumb":{"@id":"https:\/\/collall.nl\/fr\/product\/collall-colle-kintsugi\/#breadcrumb"},"inLanguage":"fr-FR","potentialAction":[{"@type":"ReadAction","target":["https:\/\/collall.nl\/fr\/product\/collall-colle-kintsugi\/"]}]},{"@type":"ImageObject","inLanguage":"fr-FR","@id":"https:\/\/collall.nl\/fr\/product\/collall-colle-kintsugi\/#primaryimage","url":"https:\/\/collall.nl\/wp-content\/uploads\/2023\/10\/COLKS002570-Kintsugi-lijm.jpg","contentUrl":"https:\/\/collall.nl\/wp-content\/uploads\/2023\/10\/COLKS002570-Kintsugi-lijm.jpg","width":1000,"height":1000,"caption":"Collall Kintsugi glue"},{"@type":"BreadcrumbList","@id":"https:\/\/collall.nl\/fr\/product\/collall-colle-kintsugi\/#breadcrumb","itemListElement":[{"@type":"ListItem","position":1,"name":"Home","item":"https:\/\/collall.nl\/fr\/"},{"@type":"ListItem","position":2,"name":"Produits","item":"https:\/\/collall.nl\/fr\/produits\/"},{"@type":"ListItem","position":3,"name":"Collall Colle Kintsugi"}]},{"@type":"WebSite","@id":"https:\/\/collall.nl\/#website","url":"https:\/\/collall.nl\/","name":"Collall","description":"Adhesives &amp; Paints since 1949","publisher":{"@id":"https:\/\/collall.nl\/#organization"},"potentialAction":[{"@type":"SearchAction","target":{"@type":"EntryPoint","urlTemplate":"https:\/\/collall.nl\/?s={search_term_string}"},"query-input":{"@type":"PropertyValueSpecification","valueRequired":true,"valueName":"search_term_string"}}],"inLanguage":"fr-FR"},{"@type":"Organization","@id":"https:\/\/collall.nl\/#organization","name":"Collall B.V.","url":"https:\/\/collall.nl\/","logo":{"@type":"ImageObject","inLanguage":"fr-FR","@id":"https:\/\/collall.nl\/#\/schema\/logo\/image\/","url":"https:\/\/collall.nl\/wp-content\/uploads\/2022\/08\/Collall-logo-186C_Reflex-blue.jpg","contentUrl":"https:\/\/collall.nl\/wp-content\/uploads\/2022\/08\/Collall-logo-186C_Reflex-blue.jpg","width":1963,"height":1179,"caption":"Collall B.V."},"image":{"@id":"https:\/\/collall.nl\/#\/schema\/logo\/image\/"},"sameAs":["https:\/\/www.facebook.com\/people\/Collall\/100064976852539\/","https:\/\/www.instagram.com\/collall_1949\/","https:\/\/nl.pinterest.com\/CollallBV\/","https:\/\/www.youtube.com\/channel\/UCrCGuwth_udZhTqJSh5g9zg"]}]}},"_links":{"self":[{"href":"https:\/\/collall.nl\/fr\/wp-json\/wp\/v2\/product\/26304","targetHints":{"allow":["GET"]}}],"collection":[{"href":"https:\/\/collall.nl\/fr\/wp-json\/wp\/v2\/product"}],"about":[{"href":"https:\/\/collall.nl\/fr\/wp-json\/wp\/v2\/types\/product"}],"replies":[{"embeddable":true,"href":"https:\/\/collall.nl\/fr\/wp-json\/wp\/v2\/comments?post=26304"}],"wp:featuredmedia":[{"embeddable":true,"href":"https:\/\/collall.nl\/fr\/wp-json\/wp\/v2\/media\/26291"}],"wp:attachment":[{"href":"https:\/\/collall.nl\/fr\/wp-json\/wp\/v2\/media?parent=26304"}],"wp:term":[{"taxonomy":"product_brand","embeddable":true,"href":"https:\/\/collall.nl\/fr\/wp-json\/wp\/v2\/product_brand?post=26304"},{"taxonomy":"product_cat","embeddable":true,"href":"https:\/\/collall.nl\/fr\/wp-json\/wp\/v2\/product_cat?post=26304"},{"taxonomy":"product_tag","embeddable":true,"href":"https:\/\/collall.nl\/fr\/wp-json\/wp\/v2\/product_tag?post=26304"}],"curies":[{"name":"wp","href":"https:\/\/api.w.org\/{rel}","templated":true}]}}