{"id":25501,"date":"2023-07-03T14:59:58","date_gmt":"2023-07-03T14:39:40","guid":{"rendered":"https:\/\/collall.nl\/?post_type=product&#038;p=25501"},"modified":"2023-07-13T09:02:03","modified_gmt":"2023-07-13T07:02:03","slug":"collall-medium-textile","status":"publish","type":"product","link":"https:\/\/collall.nl\/fr\/product\/collall-medium-textile\/","title":{"rendered":"Collall M\u00e9dium Textile"},"content":{"rendered":"<p>Le M\u00e9dium Textile offre de nombreuses possibilit\u00e9s pour exprimer votre cr\u00e9ativit\u00e9 et r\u00e9aliser de magnifiques projets textiles.<\/p>\n<p class=\"p1\"><strong>Propri\u00e9t\u00e9s :<\/strong><\/p>\n<ul>\n<li class=\"p1\">Blanc liquide<\/li>\n<li class=\"p1\">Odeur caract\u00e9ristique<\/li>\n<\/ul>\n<p class=\"p1\"><strong>Ingr\u00e9dient principal :<\/strong>\u00a0\u00e9mulsion de vinyl versatate avec 50% de mati\u00e8re solide.<\/p>\n<p class=\"p1\"><strong>PH :<\/strong> 4,5<\/p>\n<p class=\"p1\"><strong>Densit\u00e9 :<\/strong> 1,07 g\/cm\u00b3<\/p>\n<p class=\"p1\"><strong>Application :<\/strong> tissu\/textile<\/p>\n<p class=\"p1\"><strong>Utilisation : <\/strong>le M\u00e9dium Textile\u00a0en la combinaison de la peinture <strong><a href=\"https:\/\/collall.nl\/fr\/product\/magic-paint-peinture-magique\/\">Magic Paint<\/a><\/strong> est une excellente peinture pour tissu.<\/p>\n<ul>\n<li>M\u00e9langez 1 part de M\u00e9dium Textile avec 3-4 parts de Magic Paint.<\/li>\n<li>Prenez un morceau de tissu (v\u00eatement) qui a d\u00e9j\u00e0 \u00e9t\u00e9 lav\u00e9. Placez un morceau de carton entre le v\u00eatement pour \u00e9viter les taches.<\/li>\n<li>Apr\u00e8s la peinture, laissez bien s\u00e9cher le tissu. Ensuite, chauffez le tissu pendant 20 minutes dans le s\u00e8che-linge ou repassez-le pendant 20 secondes \u00e0 l&rsquo;envers.<\/li>\n<li>Apr\u00e8s 5 jours, le tissu peut \u00eatre lav\u00e9 (jusqu&rsquo;\u00e0 40 \u00b0C).<\/li>\n<\/ul>\n<p><img loading=\"lazy\" decoding=\"async\" class=\"alignnone wp-image-25535\" src=\"https:\/\/collall.nl\/wp-content\/uploads\/2023\/07\/COLBT0500-steps-300x100.jpg\" alt=\"COLBT0500-Textile Medium\" width=\"552\" height=\"184\" srcset=\"https:\/\/collall.nl\/wp-content\/uploads\/2023\/07\/COLBT0500-steps-300x100.jpg 300w, https:\/\/collall.nl\/wp-content\/uploads\/2023\/07\/COLBT0500-steps-1024x341.jpg 1024w, https:\/\/collall.nl\/wp-content\/uploads\/2023\/07\/COLBT0500-steps-768x256.jpg 768w, https:\/\/collall.nl\/wp-content\/uploads\/2023\/07\/COLBT0500-steps-1536x512.jpg 1536w, https:\/\/collall.nl\/wp-content\/uploads\/2023\/07\/COLBT0500-steps-2048x683.jpg 2048w, https:\/\/collall.nl\/wp-content\/uploads\/2023\/07\/COLBT0500-steps-420x140.jpg 420w, https:\/\/collall.nl\/wp-content\/uploads\/2023\/07\/COLBT0500-steps-600x200.jpg 600w\" sizes=\"auto, (max-width: 552px) 100vw, 552px\" \/><\/p>\n<p class=\"p1\"><strong>Allerg\u00e8nes : <\/strong>contient CMIT\/MIT. Peut produire une r\u00e9action allergique.<\/p>\n<p class=\"p1\"><strong>Adapt\u00e9e aux : <\/strong>enfants \u00e0 partir de 8 ans.<\/p>\n<p class=\"p1\"><strong>Taches : <\/strong>lorsque la colle est encore humide, les outils\/surfaces peuvent simplement \u00eatre nettoy\u00e9s \u00e0 l&rsquo;eau.<\/p>\n","protected":false},"excerpt":{"rendered":"<p>Le M\u00e9dium Textile offre de nombreuses possibilit\u00e9s pour\u00a0 votre magnifiques projets textiles.<\/p>\n","protected":false},"featured_media":24741,"comment_status":"open","ping_status":"closed","template":"","meta":{"_acf_changed":false},"product_brand":[],"product_cat":[178],"product_tag":[2934,2955,2956,2957],"class_list":{"0":"post-25501","1":"product","2":"type-product","3":"status-publish","4":"has-post-thumbnail","6":"product_cat-produits-peinture","7":"product_tag-medium-textile","8":"product_tag-tissu","9":"product_tag-magig-paint","10":"product_tag-peinture-pour-tissu","12":"first","13":"instock","14":"shipping-taxable","15":"purchasable","16":"product-type-variable"},"acf":[],"yoast_head":"<!-- This site is optimized with the Yoast SEO plugin v27.2 - https:\/\/yoast.com\/product\/yoast-seo-wordpress\/ -->\n<title>Collall M\u00e9dium Textile - Collall<\/title>\n<meta name=\"description\" content=\"Le M\u00e9dium Textile\u00a0en la combinaison de la peinture Magic Paint est une excellente peinture pour tissu. Exprimer votre cr\u00e9ativit\u00e9 !\" \/>\n<meta name=\"robots\" content=\"index, follow, max-snippet:-1, max-image-preview:large, max-video-preview:-1\" \/>\n<link rel=\"canonical\" href=\"https:\/\/collall.nl\/fr\/product\/collall-medium-textile\/\" \/>\n<meta property=\"og:locale\" content=\"fr_FR\" \/>\n<meta property=\"og:type\" content=\"article\" \/>\n<meta property=\"og:title\" content=\"Collall M\u00e9dium Textile - Collall\" \/>\n<meta property=\"og:description\" content=\"Le M\u00e9dium Textile\u00a0en la combinaison de la peinture Magic Paint est une excellente peinture pour tissu. Exprimer votre cr\u00e9ativit\u00e9 !\" \/>\n<meta property=\"og:url\" content=\"https:\/\/collall.nl\/fr\/product\/collall-medium-textile\/\" \/>\n<meta property=\"og:site_name\" content=\"Collall\" \/>\n<meta property=\"article:publisher\" content=\"https:\/\/www.facebook.com\/people\/Collall\/100064976852539\/\" \/>\n<meta property=\"article:modified_time\" content=\"2023-07-13T07:02:03+00:00\" \/>\n<meta property=\"og:image\" content=\"https:\/\/collall.nl\/wp-content\/uploads\/2023\/02\/textielmedium.jpg\" \/>\n\t<meta property=\"og:image:width\" content=\"850\" \/>\n\t<meta property=\"og:image:height\" content=\"1191\" \/>\n\t<meta property=\"og:image:type\" content=\"image\/jpeg\" \/>\n<meta name=\"twitter:card\" content=\"summary_large_image\" \/>\n<meta name=\"twitter:label1\" content=\"Dur\u00e9e de lecture estim\u00e9e\" \/>\n\t<meta name=\"twitter:data1\" content=\"1 minute\" \/>\n<script type=\"application\/ld+json\" class=\"yoast-schema-graph\">{\"@context\":\"https:\/\/schema.org\",\"@graph\":[{\"@type\":\"WebPage\",\"@id\":\"https:\/\/collall.nl\/fr\/product\/collall-medium-textile\/\",\"url\":\"https:\/\/collall.nl\/fr\/product\/collall-medium-textile\/\",\"name\":\"Collall M\u00e9dium Textile - Collall\",\"isPartOf\":{\"@id\":\"https:\/\/collall.nl\/#website\"},\"primaryImageOfPage\":{\"@id\":\"https:\/\/collall.nl\/fr\/product\/collall-medium-textile\/#primaryimage\"},\"image\":{\"@id\":\"https:\/\/collall.nl\/fr\/product\/collall-medium-textile\/#primaryimage\"},\"thumbnailUrl\":\"https:\/\/collall.nl\/wp-content\/uploads\/2023\/02\/textielmedium.jpg\",\"datePublished\":\"2023-07-03T14:39:40+00:00\",\"dateModified\":\"2023-07-13T07:02:03+00:00\",\"description\":\"Le M\u00e9dium Textile\u00a0en la combinaison de la peinture Magic Paint est une excellente peinture pour tissu. Exprimer votre cr\u00e9ativit\u00e9 !\",\"breadcrumb\":{\"@id\":\"https:\/\/collall.nl\/fr\/product\/collall-medium-textile\/#breadcrumb\"},\"inLanguage\":\"fr-FR\",\"potentialAction\":[{\"@type\":\"ReadAction\",\"target\":[\"https:\/\/collall.nl\/fr\/product\/collall-medium-textile\/\"]}]},{\"@type\":\"ImageObject\",\"inLanguage\":\"fr-FR\",\"@id\":\"https:\/\/collall.nl\/fr\/product\/collall-medium-textile\/#primaryimage\",\"url\":\"https:\/\/collall.nl\/wp-content\/uploads\/2023\/02\/textielmedium.jpg\",\"contentUrl\":\"https:\/\/collall.nl\/wp-content\/uploads\/2023\/02\/textielmedium.jpg\",\"width\":850,\"height\":1191},{\"@type\":\"BreadcrumbList\",\"@id\":\"https:\/\/collall.nl\/fr\/product\/collall-medium-textile\/#breadcrumb\",\"itemListElement\":[{\"@type\":\"ListItem\",\"position\":1,\"name\":\"Home\",\"item\":\"https:\/\/collall.nl\/fr\/\"},{\"@type\":\"ListItem\",\"position\":2,\"name\":\"Produits\",\"item\":\"https:\/\/collall.nl\/fr\/produits\/\"},{\"@type\":\"ListItem\",\"position\":3,\"name\":\"Collall M\u00e9dium Textile\"}]},{\"@type\":\"WebSite\",\"@id\":\"https:\/\/collall.nl\/#website\",\"url\":\"https:\/\/collall.nl\/\",\"name\":\"Collall\",\"description\":\"Adhesives &amp; Paints since 1949\",\"publisher\":{\"@id\":\"https:\/\/collall.nl\/#organization\"},\"potentialAction\":[{\"@type\":\"SearchAction\",\"target\":{\"@type\":\"EntryPoint\",\"urlTemplate\":\"https:\/\/collall.nl\/?s={search_term_string}\"},\"query-input\":{\"@type\":\"PropertyValueSpecification\",\"valueRequired\":true,\"valueName\":\"search_term_string\"}}],\"inLanguage\":\"fr-FR\"},{\"@type\":\"Organization\",\"@id\":\"https:\/\/collall.nl\/#organization\",\"name\":\"Collall B.V.\",\"url\":\"https:\/\/collall.nl\/\",\"logo\":{\"@type\":\"ImageObject\",\"inLanguage\":\"fr-FR\",\"@id\":\"https:\/\/collall.nl\/#\/schema\/logo\/image\/\",\"url\":\"https:\/\/collall.nl\/wp-content\/uploads\/2022\/08\/Collall-logo-186C_Reflex-blue.jpg\",\"contentUrl\":\"https:\/\/collall.nl\/wp-content\/uploads\/2022\/08\/Collall-logo-186C_Reflex-blue.jpg\",\"width\":1963,\"height\":1179,\"caption\":\"Collall B.V.\"},\"image\":{\"@id\":\"https:\/\/collall.nl\/#\/schema\/logo\/image\/\"},\"sameAs\":[\"https:\/\/www.facebook.com\/people\/Collall\/100064976852539\/\",\"https:\/\/www.instagram.com\/collall_1949\/\",\"https:\/\/nl.pinterest.com\/CollallBV\/\",\"https:\/\/www.youtube.com\/channel\/UCrCGuwth_udZhTqJSh5g9zg\"]}]}<\/script>\n<!-- \/ Yoast SEO plugin. -->","yoast_head_json":{"title":"Collall M\u00e9dium Textile - Collall","description":"Le M\u00e9dium Textile\u00a0en la combinaison de la peinture Magic Paint est une excellente peinture pour tissu. Exprimer votre cr\u00e9ativit\u00e9 !","robots":{"index":"index","follow":"follow","max-snippet":"max-snippet:-1","max-image-preview":"max-image-preview:large","max-video-preview":"max-video-preview:-1"},"canonical":"https:\/\/collall.nl\/fr\/product\/collall-medium-textile\/","og_locale":"fr_FR","og_type":"article","og_title":"Collall M\u00e9dium Textile - Collall","og_description":"Le M\u00e9dium Textile\u00a0en la combinaison de la peinture Magic Paint est une excellente peinture pour tissu. Exprimer votre cr\u00e9ativit\u00e9 !","og_url":"https:\/\/collall.nl\/fr\/product\/collall-medium-textile\/","og_site_name":"Collall","article_publisher":"https:\/\/www.facebook.com\/people\/Collall\/100064976852539\/","article_modified_time":"2023-07-13T07:02:03+00:00","og_image":[{"width":850,"height":1191,"url":"https:\/\/collall.nl\/wp-content\/uploads\/2023\/02\/textielmedium.jpg","type":"image\/jpeg"}],"twitter_card":"summary_large_image","twitter_misc":{"Dur\u00e9e de lecture estim\u00e9e":"1 minute"},"schema":{"@context":"https:\/\/schema.org","@graph":[{"@type":"WebPage","@id":"https:\/\/collall.nl\/fr\/product\/collall-medium-textile\/","url":"https:\/\/collall.nl\/fr\/product\/collall-medium-textile\/","name":"Collall M\u00e9dium Textile - Collall","isPartOf":{"@id":"https:\/\/collall.nl\/#website"},"primaryImageOfPage":{"@id":"https:\/\/collall.nl\/fr\/product\/collall-medium-textile\/#primaryimage"},"image":{"@id":"https:\/\/collall.nl\/fr\/product\/collall-medium-textile\/#primaryimage"},"thumbnailUrl":"https:\/\/collall.nl\/wp-content\/uploads\/2023\/02\/textielmedium.jpg","datePublished":"2023-07-03T14:39:40+00:00","dateModified":"2023-07-13T07:02:03+00:00","description":"Le M\u00e9dium Textile\u00a0en la combinaison de la peinture Magic Paint est une excellente peinture pour tissu. Exprimer votre cr\u00e9ativit\u00e9 !","breadcrumb":{"@id":"https:\/\/collall.nl\/fr\/product\/collall-medium-textile\/#breadcrumb"},"inLanguage":"fr-FR","potentialAction":[{"@type":"ReadAction","target":["https:\/\/collall.nl\/fr\/product\/collall-medium-textile\/"]}]},{"@type":"ImageObject","inLanguage":"fr-FR","@id":"https:\/\/collall.nl\/fr\/product\/collall-medium-textile\/#primaryimage","url":"https:\/\/collall.nl\/wp-content\/uploads\/2023\/02\/textielmedium.jpg","contentUrl":"https:\/\/collall.nl\/wp-content\/uploads\/2023\/02\/textielmedium.jpg","width":850,"height":1191},{"@type":"BreadcrumbList","@id":"https:\/\/collall.nl\/fr\/product\/collall-medium-textile\/#breadcrumb","itemListElement":[{"@type":"ListItem","position":1,"name":"Home","item":"https:\/\/collall.nl\/fr\/"},{"@type":"ListItem","position":2,"name":"Produits","item":"https:\/\/collall.nl\/fr\/produits\/"},{"@type":"ListItem","position":3,"name":"Collall M\u00e9dium Textile"}]},{"@type":"WebSite","@id":"https:\/\/collall.nl\/#website","url":"https:\/\/collall.nl\/","name":"Collall","description":"Adhesives &amp; Paints since 1949","publisher":{"@id":"https:\/\/collall.nl\/#organization"},"potentialAction":[{"@type":"SearchAction","target":{"@type":"EntryPoint","urlTemplate":"https:\/\/collall.nl\/?s={search_term_string}"},"query-input":{"@type":"PropertyValueSpecification","valueRequired":true,"valueName":"search_term_string"}}],"inLanguage":"fr-FR"},{"@type":"Organization","@id":"https:\/\/collall.nl\/#organization","name":"Collall B.V.","url":"https:\/\/collall.nl\/","logo":{"@type":"ImageObject","inLanguage":"fr-FR","@id":"https:\/\/collall.nl\/#\/schema\/logo\/image\/","url":"https:\/\/collall.nl\/wp-content\/uploads\/2022\/08\/Collall-logo-186C_Reflex-blue.jpg","contentUrl":"https:\/\/collall.nl\/wp-content\/uploads\/2022\/08\/Collall-logo-186C_Reflex-blue.jpg","width":1963,"height":1179,"caption":"Collall B.V."},"image":{"@id":"https:\/\/collall.nl\/#\/schema\/logo\/image\/"},"sameAs":["https:\/\/www.facebook.com\/people\/Collall\/100064976852539\/","https:\/\/www.instagram.com\/collall_1949\/","https:\/\/nl.pinterest.com\/CollallBV\/","https:\/\/www.youtube.com\/channel\/UCrCGuwth_udZhTqJSh5g9zg"]}]}},"_links":{"self":[{"href":"https:\/\/collall.nl\/fr\/wp-json\/wp\/v2\/product\/25501","targetHints":{"allow":["GET"]}}],"collection":[{"href":"https:\/\/collall.nl\/fr\/wp-json\/wp\/v2\/product"}],"about":[{"href":"https:\/\/collall.nl\/fr\/wp-json\/wp\/v2\/types\/product"}],"replies":[{"embeddable":true,"href":"https:\/\/collall.nl\/fr\/wp-json\/wp\/v2\/comments?post=25501"}],"wp:featuredmedia":[{"embeddable":true,"href":"https:\/\/collall.nl\/fr\/wp-json\/wp\/v2\/media\/24741"}],"wp:attachment":[{"href":"https:\/\/collall.nl\/fr\/wp-json\/wp\/v2\/media?parent=25501"}],"wp:term":[{"taxonomy":"product_brand","embeddable":true,"href":"https:\/\/collall.nl\/fr\/wp-json\/wp\/v2\/product_brand?post=25501"},{"taxonomy":"product_cat","embeddable":true,"href":"https:\/\/collall.nl\/fr\/wp-json\/wp\/v2\/product_cat?post=25501"},{"taxonomy":"product_tag","embeddable":true,"href":"https:\/\/collall.nl\/fr\/wp-json\/wp\/v2\/product_tag?post=25501"}],"curies":[{"name":"wp","href":"https:\/\/api.w.org\/{rel}","templated":true}]}}