{"id":25159,"date":"2023-05-09T16:43:15","date_gmt":"2023-05-11T07:24:07","guid":{"rendered":"https:\/\/collall.nl\/?post_type=product&#038;p=25159"},"modified":"2024-07-16T08:40:04","modified_gmt":"2024-07-16T06:40:04","slug":"accessoires","status":"publish","type":"product","link":"https:\/\/collall.nl\/fr\/product\/accessoires\/","title":{"rendered":"Accessoires"},"content":{"rendered":"<p>D\u00e9couvrez nos outils pratiques et nos solutions innovantes pour la colle et la peinture.<\/p>\n<ul>\n<li>Hanging cap<\/li>\n<li>Support de colle<\/li>\n<li>Pompe \u00e0 colle<\/li>\n<li class=\"p1\">Bec verseur pour bidon<\/li>\n<li class=\"p1\">Seringue en 2 parties<\/li>\n<li class=\"p1\">Cl\u00e9 pour tube<\/li>\n<li class=\"p1\">Pipette en plastique souple<\/li>\n<li class=\"p1\">Plaque \u00e0 bruiner, m\u00e9tal<\/li>\n<li class=\"p1\">Set plaque \u00e0 bruiner + brosse<\/li>\n<\/ul>\n<h6>SUPPORT DE COLLE<\/h6>\n<p>Le support de flacon de colle est disponible en assortiment, dans les couleurs rouge et bleu. Ce produit offre une solution id\u00e9ale pour les projets de bricolage \u00e0 l&rsquo;\u00e9cole, au bureau ou \u00e0 la maison. Fini d&rsquo;attendre longtemps que la colle descende. Placez simplement la bouteille \u00e0 l&rsquo;envers dans le support, afin que la colle soit toujours pr\u00eate \u00e0 l&#8217;emploi. Cela vous permet de r\u00e9utiliser rapidement et facilement les flacons de colle presque vides, sans devoir attendre longtemps. Une alternative pratique au gaspillage de colle et \u00e0 l&rsquo;utilisation de votre tasse \u00e0 caf\u00e9 !<\/p>\n<p><strong>Convient pour :<\/strong> 25 ml, 50 ml (flacons C\/F), 100 ml (flacon C\/F) et 200 ml (flacon F)<\/p>\n<p><strong>Dimensions :<\/strong><\/p>\n<p>Hauteur : 60 mm<\/p>\n<p>Diam\u00e8tre de la base : 51 mm<\/p>\n<p>Diam\u00e8tre du haut : 28 mm<\/p>\n<p><strong>Mat\u00e9riau :<\/strong> plastique<\/p>\n<p>&nbsp;<\/p>\n","protected":false},"excerpt":{"rendered":"<p>D\u00e9couvrez nos outils pratiques et nos solutions innovantes pour la colle et la peinture. Support de flacon de colle, pompe \u00e0 colle pratique, bec verseur, pulv\u00e9risateur 2 pi\u00e8ces, pipette, spatule, etc.<\/p>\n","protected":false},"featured_media":26974,"comment_status":"open","ping_status":"closed","template":"","meta":{"_acf_changed":false},"product_brand":[],"product_cat":[197],"product_tag":[],"class_list":{"0":"post-25159","1":"product","2":"type-product","3":"status-publish","4":"has-post-thumbnail","6":"product_cat-emballages-vides-et-accessoires","8":"first","9":"instock","10":"shipping-taxable","11":"purchasable","12":"product-type-variable"},"acf":[],"yoast_head":"<!-- This site is optimized with the Yoast SEO plugin v27.2 - https:\/\/yoast.com\/product\/yoast-seo-wordpress\/ -->\n<title>Accessoires - Collall<\/title>\n<meta name=\"description\" content=\"D\u00e9couvrez nos outils pratiques et nos solutions innovantes pour la colle et la peinture. Hanging cap, Support de colle, Pompe \u00e0 colle, etc.\" \/>\n<meta name=\"robots\" content=\"index, follow, max-snippet:-1, max-image-preview:large, max-video-preview:-1\" \/>\n<link rel=\"canonical\" href=\"https:\/\/collall.nl\/fr\/product\/accessoires\/\" \/>\n<meta property=\"og:locale\" content=\"fr_FR\" \/>\n<meta property=\"og:type\" content=\"article\" \/>\n<meta property=\"og:title\" content=\"Accessoires - Collall\" \/>\n<meta property=\"og:description\" content=\"D\u00e9couvrez nos outils pratiques et nos solutions innovantes pour la colle et la peinture. Hanging cap, Support de colle, Pompe \u00e0 colle, etc.\" \/>\n<meta property=\"og:url\" content=\"https:\/\/collall.nl\/fr\/product\/accessoires\/\" \/>\n<meta property=\"og:site_name\" content=\"Collall\" \/>\n<meta property=\"article:publisher\" content=\"https:\/\/www.facebook.com\/people\/Collall\/100064976852539\/\" \/>\n<meta property=\"article:modified_time\" content=\"2024-07-16T06:40:04+00:00\" \/>\n<meta property=\"og:image\" content=\"https:\/\/collall.nl\/wp-content\/uploads\/2023\/05\/Collall-accessoires-1.jpg\" \/>\n\t<meta property=\"og:image:width\" content=\"1000\" \/>\n\t<meta property=\"og:image:height\" content=\"1000\" \/>\n\t<meta property=\"og:image:type\" content=\"image\/jpeg\" \/>\n<meta name=\"twitter:card\" content=\"summary_large_image\" \/>\n<meta name=\"twitter:label1\" content=\"Dur\u00e9e de lecture estim\u00e9e\" \/>\n\t<meta name=\"twitter:data1\" content=\"1 minute\" \/>\n<script type=\"application\/ld+json\" class=\"yoast-schema-graph\">{\"@context\":\"https:\/\/schema.org\",\"@graph\":[{\"@type\":\"WebPage\",\"@id\":\"https:\/\/collall.nl\/fr\/product\/accessoires\/\",\"url\":\"https:\/\/collall.nl\/fr\/product\/accessoires\/\",\"name\":\"Accessoires - Collall\",\"isPartOf\":{\"@id\":\"https:\/\/collall.nl\/#website\"},\"primaryImageOfPage\":{\"@id\":\"https:\/\/collall.nl\/fr\/product\/accessoires\/#primaryimage\"},\"image\":{\"@id\":\"https:\/\/collall.nl\/fr\/product\/accessoires\/#primaryimage\"},\"thumbnailUrl\":\"https:\/\/collall.nl\/wp-content\/uploads\/2023\/05\/Collall-accessoires-1.jpg\",\"datePublished\":\"2023-05-11T07:24:07+00:00\",\"dateModified\":\"2024-07-16T06:40:04+00:00\",\"description\":\"D\u00e9couvrez nos outils pratiques et nos solutions innovantes pour la colle et la peinture. Hanging cap, Support de colle, Pompe \u00e0 colle, etc.\",\"breadcrumb\":{\"@id\":\"https:\/\/collall.nl\/fr\/product\/accessoires\/#breadcrumb\"},\"inLanguage\":\"fr-FR\",\"potentialAction\":[{\"@type\":\"ReadAction\",\"target\":[\"https:\/\/collall.nl\/fr\/product\/accessoires\/\"]}]},{\"@type\":\"ImageObject\",\"inLanguage\":\"fr-FR\",\"@id\":\"https:\/\/collall.nl\/fr\/product\/accessoires\/#primaryimage\",\"url\":\"https:\/\/collall.nl\/wp-content\/uploads\/2023\/05\/Collall-accessoires-1.jpg\",\"contentUrl\":\"https:\/\/collall.nl\/wp-content\/uploads\/2023\/05\/Collall-accessoires-1.jpg\",\"width\":1000,\"height\":1000,\"caption\":\"Collall-accessoires\"},{\"@type\":\"BreadcrumbList\",\"@id\":\"https:\/\/collall.nl\/fr\/product\/accessoires\/#breadcrumb\",\"itemListElement\":[{\"@type\":\"ListItem\",\"position\":1,\"name\":\"Home\",\"item\":\"https:\/\/collall.nl\/fr\/\"},{\"@type\":\"ListItem\",\"position\":2,\"name\":\"Produits\",\"item\":\"https:\/\/collall.nl\/fr\/produits\/\"},{\"@type\":\"ListItem\",\"position\":3,\"name\":\"Accessoires\"}]},{\"@type\":\"WebSite\",\"@id\":\"https:\/\/collall.nl\/#website\",\"url\":\"https:\/\/collall.nl\/\",\"name\":\"Collall\",\"description\":\"Adhesives &amp; Paints since 1949\",\"publisher\":{\"@id\":\"https:\/\/collall.nl\/#organization\"},\"potentialAction\":[{\"@type\":\"SearchAction\",\"target\":{\"@type\":\"EntryPoint\",\"urlTemplate\":\"https:\/\/collall.nl\/?s={search_term_string}\"},\"query-input\":{\"@type\":\"PropertyValueSpecification\",\"valueRequired\":true,\"valueName\":\"search_term_string\"}}],\"inLanguage\":\"fr-FR\"},{\"@type\":\"Organization\",\"@id\":\"https:\/\/collall.nl\/#organization\",\"name\":\"Collall B.V.\",\"url\":\"https:\/\/collall.nl\/\",\"logo\":{\"@type\":\"ImageObject\",\"inLanguage\":\"fr-FR\",\"@id\":\"https:\/\/collall.nl\/#\/schema\/logo\/image\/\",\"url\":\"https:\/\/collall.nl\/wp-content\/uploads\/2022\/08\/Collall-logo-186C_Reflex-blue.jpg\",\"contentUrl\":\"https:\/\/collall.nl\/wp-content\/uploads\/2022\/08\/Collall-logo-186C_Reflex-blue.jpg\",\"width\":1963,\"height\":1179,\"caption\":\"Collall B.V.\"},\"image\":{\"@id\":\"https:\/\/collall.nl\/#\/schema\/logo\/image\/\"},\"sameAs\":[\"https:\/\/www.facebook.com\/people\/Collall\/100064976852539\/\",\"https:\/\/www.instagram.com\/collall_1949\/\",\"https:\/\/nl.pinterest.com\/CollallBV\/\",\"https:\/\/www.youtube.com\/channel\/UCrCGuwth_udZhTqJSh5g9zg\"]}]}<\/script>\n<!-- \/ Yoast SEO plugin. -->","yoast_head_json":{"title":"Accessoires - Collall","description":"D\u00e9couvrez nos outils pratiques et nos solutions innovantes pour la colle et la peinture. Hanging cap, Support de colle, Pompe \u00e0 colle, etc.","robots":{"index":"index","follow":"follow","max-snippet":"max-snippet:-1","max-image-preview":"max-image-preview:large","max-video-preview":"max-video-preview:-1"},"canonical":"https:\/\/collall.nl\/fr\/product\/accessoires\/","og_locale":"fr_FR","og_type":"article","og_title":"Accessoires - Collall","og_description":"D\u00e9couvrez nos outils pratiques et nos solutions innovantes pour la colle et la peinture. Hanging cap, Support de colle, Pompe \u00e0 colle, etc.","og_url":"https:\/\/collall.nl\/fr\/product\/accessoires\/","og_site_name":"Collall","article_publisher":"https:\/\/www.facebook.com\/people\/Collall\/100064976852539\/","article_modified_time":"2024-07-16T06:40:04+00:00","og_image":[{"width":1000,"height":1000,"url":"https:\/\/collall.nl\/wp-content\/uploads\/2023\/05\/Collall-accessoires-1.jpg","type":"image\/jpeg"}],"twitter_card":"summary_large_image","twitter_misc":{"Dur\u00e9e de lecture estim\u00e9e":"1 minute"},"schema":{"@context":"https:\/\/schema.org","@graph":[{"@type":"WebPage","@id":"https:\/\/collall.nl\/fr\/product\/accessoires\/","url":"https:\/\/collall.nl\/fr\/product\/accessoires\/","name":"Accessoires - Collall","isPartOf":{"@id":"https:\/\/collall.nl\/#website"},"primaryImageOfPage":{"@id":"https:\/\/collall.nl\/fr\/product\/accessoires\/#primaryimage"},"image":{"@id":"https:\/\/collall.nl\/fr\/product\/accessoires\/#primaryimage"},"thumbnailUrl":"https:\/\/collall.nl\/wp-content\/uploads\/2023\/05\/Collall-accessoires-1.jpg","datePublished":"2023-05-11T07:24:07+00:00","dateModified":"2024-07-16T06:40:04+00:00","description":"D\u00e9couvrez nos outils pratiques et nos solutions innovantes pour la colle et la peinture. Hanging cap, Support de colle, Pompe \u00e0 colle, etc.","breadcrumb":{"@id":"https:\/\/collall.nl\/fr\/product\/accessoires\/#breadcrumb"},"inLanguage":"fr-FR","potentialAction":[{"@type":"ReadAction","target":["https:\/\/collall.nl\/fr\/product\/accessoires\/"]}]},{"@type":"ImageObject","inLanguage":"fr-FR","@id":"https:\/\/collall.nl\/fr\/product\/accessoires\/#primaryimage","url":"https:\/\/collall.nl\/wp-content\/uploads\/2023\/05\/Collall-accessoires-1.jpg","contentUrl":"https:\/\/collall.nl\/wp-content\/uploads\/2023\/05\/Collall-accessoires-1.jpg","width":1000,"height":1000,"caption":"Collall-accessoires"},{"@type":"BreadcrumbList","@id":"https:\/\/collall.nl\/fr\/product\/accessoires\/#breadcrumb","itemListElement":[{"@type":"ListItem","position":1,"name":"Home","item":"https:\/\/collall.nl\/fr\/"},{"@type":"ListItem","position":2,"name":"Produits","item":"https:\/\/collall.nl\/fr\/produits\/"},{"@type":"ListItem","position":3,"name":"Accessoires"}]},{"@type":"WebSite","@id":"https:\/\/collall.nl\/#website","url":"https:\/\/collall.nl\/","name":"Collall","description":"Adhesives &amp; Paints since 1949","publisher":{"@id":"https:\/\/collall.nl\/#organization"},"potentialAction":[{"@type":"SearchAction","target":{"@type":"EntryPoint","urlTemplate":"https:\/\/collall.nl\/?s={search_term_string}"},"query-input":{"@type":"PropertyValueSpecification","valueRequired":true,"valueName":"search_term_string"}}],"inLanguage":"fr-FR"},{"@type":"Organization","@id":"https:\/\/collall.nl\/#organization","name":"Collall B.V.","url":"https:\/\/collall.nl\/","logo":{"@type":"ImageObject","inLanguage":"fr-FR","@id":"https:\/\/collall.nl\/#\/schema\/logo\/image\/","url":"https:\/\/collall.nl\/wp-content\/uploads\/2022\/08\/Collall-logo-186C_Reflex-blue.jpg","contentUrl":"https:\/\/collall.nl\/wp-content\/uploads\/2022\/08\/Collall-logo-186C_Reflex-blue.jpg","width":1963,"height":1179,"caption":"Collall B.V."},"image":{"@id":"https:\/\/collall.nl\/#\/schema\/logo\/image\/"},"sameAs":["https:\/\/www.facebook.com\/people\/Collall\/100064976852539\/","https:\/\/www.instagram.com\/collall_1949\/","https:\/\/nl.pinterest.com\/CollallBV\/","https:\/\/www.youtube.com\/channel\/UCrCGuwth_udZhTqJSh5g9zg"]}]}},"_links":{"self":[{"href":"https:\/\/collall.nl\/fr\/wp-json\/wp\/v2\/product\/25159","targetHints":{"allow":["GET"]}}],"collection":[{"href":"https:\/\/collall.nl\/fr\/wp-json\/wp\/v2\/product"}],"about":[{"href":"https:\/\/collall.nl\/fr\/wp-json\/wp\/v2\/types\/product"}],"replies":[{"embeddable":true,"href":"https:\/\/collall.nl\/fr\/wp-json\/wp\/v2\/comments?post=25159"}],"wp:featuredmedia":[{"embeddable":true,"href":"https:\/\/collall.nl\/fr\/wp-json\/wp\/v2\/media\/26974"}],"wp:attachment":[{"href":"https:\/\/collall.nl\/fr\/wp-json\/wp\/v2\/media?parent=25159"}],"wp:term":[{"taxonomy":"product_brand","embeddable":true,"href":"https:\/\/collall.nl\/fr\/wp-json\/wp\/v2\/product_brand?post=25159"},{"taxonomy":"product_cat","embeddable":true,"href":"https:\/\/collall.nl\/fr\/wp-json\/wp\/v2\/product_cat?post=25159"},{"taxonomy":"product_tag","embeddable":true,"href":"https:\/\/collall.nl\/fr\/wp-json\/wp\/v2\/product_tag?post=25159"}],"curies":[{"name":"wp","href":"https:\/\/api.w.org\/{rel}","templated":true}]}}