{"id":25018,"date":"2023-04-11T16:30:37","date_gmt":"2023-04-11T14:57:06","guid":{"rendered":"https:\/\/collall.nl\/?post_type=product&#038;p=25018"},"modified":"2024-11-14T15:44:09","modified_gmt":"2024-11-14T14:44:09","slug":"collall-papier-diffusant","status":"publish","type":"product","link":"https:\/\/collall.nl\/fr\/product\/collall-papier-diffusant\/","title":{"rendered":"Collall Papier Diffusant"},"content":{"rendered":"<p>Le papier filtre Collall est d\u2019une qualit\u00e9 exceptionnelle, parfait pour une multitude d\u2019activit\u00e9s cr\u00e9atives. Gr\u00e2ce \u00e0 son excellente capacit\u00e9 d\u2019absorption et \u00e0 sa texture fine, ce papier permet de r\u00e9aliser de magnifiques d\u00e9grad\u00e9s de couleurs et des effets uniques.<\/p>\n<p><strong>Applications :<\/strong><\/p>\n<ul>\n<li><strong>Activit\u00e9s cr\u00e9atives<\/strong> : id\u00e9al pour d\u00e9couper et plier des formes telles que des fleurs ou d\u2019autres d\u00e9corations.<\/li>\n<li><strong>Peinture<\/strong> : convient parfaitement aux techniques mouill\u00e9 sur mouill\u00e9, permettant de cr\u00e9er des d\u00e9grad\u00e9s fluides et harmonieux.<\/li>\n<li><strong>Projets scolaires<\/strong> : un excellent choix pour des activit\u00e9s \u00e9ducatives mettant en avant la cr\u00e9ativit\u00e9 et l\u2019exp\u00e9rimentation. Par exemple, cr\u00e9ez des motifs en collant des boulettes de papier filtre color\u00e9 sur un carton.<\/li>\n<\/ul>\n<p><strong>Format :<\/strong> A4 (210 x 297 mm) \u2013 pratique et polyvalent pour une vari\u00e9t\u00e9 d\u2019usages.<\/p>\n<p>&nbsp;<\/p>\n<p><strong>Papier filtre Collall \u2013 Id\u00e9al pour des techniques vari\u00e9es avec la peinture liquide <a href=\"https:\/\/collall.nl\/fr\/product\/aquatint-2\/\" target=\"_blank\" rel=\"noopener\">AquaTint<\/a><\/strong><\/p>\n<p><strong>Exp\u00e9rimentez avec AquaTint et le papier filtre Collall<\/strong><br \/>\nAssociez la peinture liquide AquaTint au papier filtre Collall pour cr\u00e9er des \u0153uvres d\u2019art uniques. Voici quelques techniques inspirantes \u00e0 tester avec <a href=\"https:\/\/collall.nl\/fr\/product\/aquatint-accessoires-2\/\" target=\"_blank\" rel=\"noopener\">les accessoires AquaTint<\/a> :<\/p>\n<ol>\n<li><strong>Peinture mouill\u00e9 sur mouill\u00e9<\/strong><br \/>\nUtilisez le flacon spray Collall (COLSPRAY100C) pour humidifier le papier filtre, puis appliquez AquaTint sur le papier encore humide \u00e0 l\u2019aide d\u2019un pinceau ou d\u2019une pipette. Les couleurs se m\u00e9langent pour des effets doux et harmonieux.<\/li>\n<li><strong>Goutte \u00e0 goutte avec une pipette<\/strong><br \/>\nAvec une pipette (COLPIPET), appliquez AquaTint sur le papier filtre. Laissez les couleurs se fondre entre elles pour cr\u00e9er des motifs et des jeux de couleurs uniques.<\/li>\n<li><strong>Fabrication de fleurs<\/strong><br \/>\nD\u00e9coupez le papier filtre color\u00e9 avec AquaTint en cercles. Prenez un cercle, pincez-le au centre, puis repliez ou torsadez l\u00e9g\u00e8rement pour former des p\u00e9tales. Combinez plusieurs cercles color\u00e9s pour cr\u00e9er des fleurs volumineuses et \u00e9clatantes. Enroulez un fil chenille (cure-pipe) autour du centre pinc\u00e9 pour maintenir la fleur et laissez le fil d\u00e9passer pour en faire la tige.<\/li>\n<li><strong>\u00c9claboussures et pulv\u00e9risations<\/strong><br \/>\nUtilisez un cadre \u00e0 \u00e9claboussures (COLSPATRAAM) ou un flacon spray (COLSPRAY100C) pour projeter de la peinture sur le papier. Cette technique offre un effet ludique et dynamique.<\/li>\n<li><strong>Exp\u00e9riences de m\u00e9lange de couleurs<\/strong><br \/>\nSuperposez deux ou plusieurs couleurs AquaTint sur le papier filtre. Une activit\u00e9 id\u00e9ale pour aider les enfants \u00e0 d\u00e9couvrir de mani\u00e8re ludique les couleurs primaires et secondaires.<\/li>\n<\/ol>\n","protected":false},"excerpt":{"rendered":"<p>Collall Papier Diffusant, l&rsquo;un des accessoires pour AquaTint aquarelle liquide, dot\u00e9 d&rsquo;une structure fine pour des transitions de couleur fluides.<\/p>\n","protected":false},"featured_media":24996,"comment_status":"open","ping_status":"closed","template":"","meta":{"_acf_changed":false},"product_brand":[],"product_cat":[186],"product_tag":[],"class_list":{"0":"post-25018","1":"product","2":"type-product","3":"status-publish","4":"has-post-thumbnail","6":"product_cat-materiel-de-decoration-et-restant","8":"first","9":"instock","10":"shipping-taxable","11":"purchasable","12":"product-type-variable"},"acf":[],"yoast_head":"<!-- This site is optimized with the Yoast SEO plugin v27.2 - https:\/\/yoast.com\/product\/yoast-seo-wordpress\/ -->\n<title>Collall Papier Diffusant - Collall<\/title>\n<meta name=\"description\" content=\"Collall Papier Diffusant, l&#039;un des accessoires pour AquaTint, avec une structure fine pour de belles transitions de couleurs.\" \/>\n<meta name=\"robots\" content=\"index, follow, max-snippet:-1, max-image-preview:large, max-video-preview:-1\" \/>\n<link rel=\"canonical\" href=\"https:\/\/collall.nl\/fr\/product\/collall-papier-diffusant\/\" \/>\n<meta property=\"og:locale\" content=\"fr_FR\" \/>\n<meta property=\"og:type\" content=\"article\" \/>\n<meta property=\"og:title\" content=\"Collall Papier Diffusant - Collall\" \/>\n<meta property=\"og:description\" content=\"Collall Papier Diffusant, l&#039;un des accessoires pour AquaTint, avec une structure fine pour de belles transitions de couleurs.\" \/>\n<meta property=\"og:url\" content=\"https:\/\/collall.nl\/fr\/product\/collall-papier-diffusant\/\" \/>\n<meta property=\"og:site_name\" content=\"Collall\" \/>\n<meta property=\"article:publisher\" content=\"https:\/\/www.facebook.com\/people\/Collall\/100064976852539\/\" \/>\n<meta property=\"article:modified_time\" content=\"2024-11-14T14:44:09+00:00\" \/>\n<meta property=\"og:image\" content=\"https:\/\/collall.nl\/wp-content\/uploads\/2023\/04\/COLAQPAPIERA4.jpg\" \/>\n\t<meta property=\"og:image:width\" content=\"1000\" \/>\n\t<meta property=\"og:image:height\" content=\"1000\" \/>\n\t<meta property=\"og:image:type\" content=\"image\/jpeg\" \/>\n<meta name=\"twitter:card\" content=\"summary_large_image\" \/>\n<meta name=\"twitter:label1\" content=\"Dur\u00e9e de lecture estim\u00e9e\" \/>\n\t<meta name=\"twitter:data1\" content=\"1 minute\" \/>\n<script type=\"application\/ld+json\" class=\"yoast-schema-graph\">{\"@context\":\"https:\/\/schema.org\",\"@graph\":[{\"@type\":\"WebPage\",\"@id\":\"https:\/\/collall.nl\/fr\/product\/collall-papier-diffusant\/\",\"url\":\"https:\/\/collall.nl\/fr\/product\/collall-papier-diffusant\/\",\"name\":\"Collall Papier Diffusant - Collall\",\"isPartOf\":{\"@id\":\"https:\/\/collall.nl\/#website\"},\"primaryImageOfPage\":{\"@id\":\"https:\/\/collall.nl\/fr\/product\/collall-papier-diffusant\/#primaryimage\"},\"image\":{\"@id\":\"https:\/\/collall.nl\/fr\/product\/collall-papier-diffusant\/#primaryimage\"},\"thumbnailUrl\":\"https:\/\/collall.nl\/wp-content\/uploads\/2023\/04\/COLAQPAPIERA4.jpg\",\"datePublished\":\"2023-04-11T14:57:06+00:00\",\"dateModified\":\"2024-11-14T14:44:09+00:00\",\"description\":\"Collall Papier Diffusant, l'un des accessoires pour AquaTint, avec une structure fine pour de belles transitions de couleurs.\",\"breadcrumb\":{\"@id\":\"https:\/\/collall.nl\/fr\/product\/collall-papier-diffusant\/#breadcrumb\"},\"inLanguage\":\"fr-FR\",\"potentialAction\":[{\"@type\":\"ReadAction\",\"target\":[\"https:\/\/collall.nl\/fr\/product\/collall-papier-diffusant\/\"]}]},{\"@type\":\"ImageObject\",\"inLanguage\":\"fr-FR\",\"@id\":\"https:\/\/collall.nl\/fr\/product\/collall-papier-diffusant\/#primaryimage\",\"url\":\"https:\/\/collall.nl\/wp-content\/uploads\/2023\/04\/COLAQPAPIERA4.jpg\",\"contentUrl\":\"https:\/\/collall.nl\/wp-content\/uploads\/2023\/04\/COLAQPAPIERA4.jpg\",\"width\":1000,\"height\":1000,\"caption\":\"COLAQPAPIERA4\"},{\"@type\":\"BreadcrumbList\",\"@id\":\"https:\/\/collall.nl\/fr\/product\/collall-papier-diffusant\/#breadcrumb\",\"itemListElement\":[{\"@type\":\"ListItem\",\"position\":1,\"name\":\"Home\",\"item\":\"https:\/\/collall.nl\/fr\/\"},{\"@type\":\"ListItem\",\"position\":2,\"name\":\"Produits\",\"item\":\"https:\/\/collall.nl\/fr\/produits\/\"},{\"@type\":\"ListItem\",\"position\":3,\"name\":\"Collall Papier Diffusant\"}]},{\"@type\":\"WebSite\",\"@id\":\"https:\/\/collall.nl\/#website\",\"url\":\"https:\/\/collall.nl\/\",\"name\":\"Collall\",\"description\":\"Adhesives &amp; Paints since 1949\",\"publisher\":{\"@id\":\"https:\/\/collall.nl\/#organization\"},\"potentialAction\":[{\"@type\":\"SearchAction\",\"target\":{\"@type\":\"EntryPoint\",\"urlTemplate\":\"https:\/\/collall.nl\/?s={search_term_string}\"},\"query-input\":{\"@type\":\"PropertyValueSpecification\",\"valueRequired\":true,\"valueName\":\"search_term_string\"}}],\"inLanguage\":\"fr-FR\"},{\"@type\":\"Organization\",\"@id\":\"https:\/\/collall.nl\/#organization\",\"name\":\"Collall B.V.\",\"url\":\"https:\/\/collall.nl\/\",\"logo\":{\"@type\":\"ImageObject\",\"inLanguage\":\"fr-FR\",\"@id\":\"https:\/\/collall.nl\/#\/schema\/logo\/image\/\",\"url\":\"https:\/\/collall.nl\/wp-content\/uploads\/2022\/08\/Collall-logo-186C_Reflex-blue.jpg\",\"contentUrl\":\"https:\/\/collall.nl\/wp-content\/uploads\/2022\/08\/Collall-logo-186C_Reflex-blue.jpg\",\"width\":1963,\"height\":1179,\"caption\":\"Collall B.V.\"},\"image\":{\"@id\":\"https:\/\/collall.nl\/#\/schema\/logo\/image\/\"},\"sameAs\":[\"https:\/\/www.facebook.com\/people\/Collall\/100064976852539\/\",\"https:\/\/www.instagram.com\/collall_1949\/\",\"https:\/\/nl.pinterest.com\/CollallBV\/\",\"https:\/\/www.youtube.com\/channel\/UCrCGuwth_udZhTqJSh5g9zg\"]}]}<\/script>\n<!-- \/ Yoast SEO plugin. -->","yoast_head_json":{"title":"Collall Papier Diffusant - Collall","description":"Collall Papier Diffusant, l'un des accessoires pour AquaTint, avec une structure fine pour de belles transitions de couleurs.","robots":{"index":"index","follow":"follow","max-snippet":"max-snippet:-1","max-image-preview":"max-image-preview:large","max-video-preview":"max-video-preview:-1"},"canonical":"https:\/\/collall.nl\/fr\/product\/collall-papier-diffusant\/","og_locale":"fr_FR","og_type":"article","og_title":"Collall Papier Diffusant - Collall","og_description":"Collall Papier Diffusant, l'un des accessoires pour AquaTint, avec une structure fine pour de belles transitions de couleurs.","og_url":"https:\/\/collall.nl\/fr\/product\/collall-papier-diffusant\/","og_site_name":"Collall","article_publisher":"https:\/\/www.facebook.com\/people\/Collall\/100064976852539\/","article_modified_time":"2024-11-14T14:44:09+00:00","og_image":[{"width":1000,"height":1000,"url":"https:\/\/collall.nl\/wp-content\/uploads\/2023\/04\/COLAQPAPIERA4.jpg","type":"image\/jpeg"}],"twitter_card":"summary_large_image","twitter_misc":{"Dur\u00e9e de lecture estim\u00e9e":"1 minute"},"schema":{"@context":"https:\/\/schema.org","@graph":[{"@type":"WebPage","@id":"https:\/\/collall.nl\/fr\/product\/collall-papier-diffusant\/","url":"https:\/\/collall.nl\/fr\/product\/collall-papier-diffusant\/","name":"Collall Papier Diffusant - Collall","isPartOf":{"@id":"https:\/\/collall.nl\/#website"},"primaryImageOfPage":{"@id":"https:\/\/collall.nl\/fr\/product\/collall-papier-diffusant\/#primaryimage"},"image":{"@id":"https:\/\/collall.nl\/fr\/product\/collall-papier-diffusant\/#primaryimage"},"thumbnailUrl":"https:\/\/collall.nl\/wp-content\/uploads\/2023\/04\/COLAQPAPIERA4.jpg","datePublished":"2023-04-11T14:57:06+00:00","dateModified":"2024-11-14T14:44:09+00:00","description":"Collall Papier Diffusant, l'un des accessoires pour AquaTint, avec une structure fine pour de belles transitions de couleurs.","breadcrumb":{"@id":"https:\/\/collall.nl\/fr\/product\/collall-papier-diffusant\/#breadcrumb"},"inLanguage":"fr-FR","potentialAction":[{"@type":"ReadAction","target":["https:\/\/collall.nl\/fr\/product\/collall-papier-diffusant\/"]}]},{"@type":"ImageObject","inLanguage":"fr-FR","@id":"https:\/\/collall.nl\/fr\/product\/collall-papier-diffusant\/#primaryimage","url":"https:\/\/collall.nl\/wp-content\/uploads\/2023\/04\/COLAQPAPIERA4.jpg","contentUrl":"https:\/\/collall.nl\/wp-content\/uploads\/2023\/04\/COLAQPAPIERA4.jpg","width":1000,"height":1000,"caption":"COLAQPAPIERA4"},{"@type":"BreadcrumbList","@id":"https:\/\/collall.nl\/fr\/product\/collall-papier-diffusant\/#breadcrumb","itemListElement":[{"@type":"ListItem","position":1,"name":"Home","item":"https:\/\/collall.nl\/fr\/"},{"@type":"ListItem","position":2,"name":"Produits","item":"https:\/\/collall.nl\/fr\/produits\/"},{"@type":"ListItem","position":3,"name":"Collall Papier Diffusant"}]},{"@type":"WebSite","@id":"https:\/\/collall.nl\/#website","url":"https:\/\/collall.nl\/","name":"Collall","description":"Adhesives &amp; Paints since 1949","publisher":{"@id":"https:\/\/collall.nl\/#organization"},"potentialAction":[{"@type":"SearchAction","target":{"@type":"EntryPoint","urlTemplate":"https:\/\/collall.nl\/?s={search_term_string}"},"query-input":{"@type":"PropertyValueSpecification","valueRequired":true,"valueName":"search_term_string"}}],"inLanguage":"fr-FR"},{"@type":"Organization","@id":"https:\/\/collall.nl\/#organization","name":"Collall B.V.","url":"https:\/\/collall.nl\/","logo":{"@type":"ImageObject","inLanguage":"fr-FR","@id":"https:\/\/collall.nl\/#\/schema\/logo\/image\/","url":"https:\/\/collall.nl\/wp-content\/uploads\/2022\/08\/Collall-logo-186C_Reflex-blue.jpg","contentUrl":"https:\/\/collall.nl\/wp-content\/uploads\/2022\/08\/Collall-logo-186C_Reflex-blue.jpg","width":1963,"height":1179,"caption":"Collall B.V."},"image":{"@id":"https:\/\/collall.nl\/#\/schema\/logo\/image\/"},"sameAs":["https:\/\/www.facebook.com\/people\/Collall\/100064976852539\/","https:\/\/www.instagram.com\/collall_1949\/","https:\/\/nl.pinterest.com\/CollallBV\/","https:\/\/www.youtube.com\/channel\/UCrCGuwth_udZhTqJSh5g9zg"]}]}},"_links":{"self":[{"href":"https:\/\/collall.nl\/fr\/wp-json\/wp\/v2\/product\/25018","targetHints":{"allow":["GET"]}}],"collection":[{"href":"https:\/\/collall.nl\/fr\/wp-json\/wp\/v2\/product"}],"about":[{"href":"https:\/\/collall.nl\/fr\/wp-json\/wp\/v2\/types\/product"}],"replies":[{"embeddable":true,"href":"https:\/\/collall.nl\/fr\/wp-json\/wp\/v2\/comments?post=25018"}],"wp:featuredmedia":[{"embeddable":true,"href":"https:\/\/collall.nl\/fr\/wp-json\/wp\/v2\/media\/24996"}],"wp:attachment":[{"href":"https:\/\/collall.nl\/fr\/wp-json\/wp\/v2\/media?parent=25018"}],"wp:term":[{"taxonomy":"product_brand","embeddable":true,"href":"https:\/\/collall.nl\/fr\/wp-json\/wp\/v2\/product_brand?post=25018"},{"taxonomy":"product_cat","embeddable":true,"href":"https:\/\/collall.nl\/fr\/wp-json\/wp\/v2\/product_cat?post=25018"},{"taxonomy":"product_tag","embeddable":true,"href":"https:\/\/collall.nl\/fr\/wp-json\/wp\/v2\/product_tag?post=25018"}],"curies":[{"name":"wp","href":"https:\/\/api.w.org\/{rel}","templated":true}]}}