{"id":14108,"date":"2022-03-01T09:42:42","date_gmt":"2022-03-01T09:42:48","guid":{"rendered":"http:\/\/collall.test\/product\/colorall-flacons-vide-et-bouchons\/"},"modified":"2024-08-12T08:26:46","modified_gmt":"2024-08-12T06:26:46","slug":"flacons-et-bouchons","status":"publish","type":"product","link":"https:\/\/collall.nl\/fr\/product\/flacons-et-bouchons\/","title":{"rendered":"Flacons et bouchons"},"content":{"rendered":"<div class=\"flex flex-grow flex-col max-w-full\">\n<div class=\"min-h-[20px] text-message flex flex-col items-start whitespace-pre-wrap break-words [.text-message+&amp;]:mt-5 juice:w-full juice:items-end overflow-x-auto gap-2\" dir=\"auto\" data-message-author-role=\"assistant\" data-message-id=\"9875037a-432b-470f-9041-7488e0076b37\">\n<div class=\"flex w-full flex-col gap-1 juice:empty:hidden juice:first:pt-[3px]\">\n<div class=\"markdown prose w-full break-words dark:prose-invert light\">\n<p>Que vous recherchiez une bouteille pratique ou un bouchon de couleur sp\u00e9ciale, vous trouverez ici notre gamme de bouteilles et bouchons vides.<\/p>\n<p>Ces solutions d&#8217;emballage vides sont id\u00e9ales pour diverses applications telles que la colle, la peinture ou d&rsquo;autres liquides, adapt\u00e9es au stockage et au dosage.<\/p>\n<ul>\n<li>Gamme de bouteilles vides d&rsquo;une capacit\u00e9 de 25 ml \u00e0 250 ml en plastique (HDPE, LDPE, PP, PET).<\/li>\n<li>Gamme de bouchons pour diff\u00e9rentes bouteilles et en diverses couleurs, avec ou sans spatule. Un bouchon avec une spatule est id\u00e9al pour \u00e9taler diff\u00e9rents types de colle.<\/li>\n<\/ul>\n<\/div>\n<\/div>\n<\/div>\n<\/div>\n<div class=\"mt-1 flex gap-3 empty:hidden juice:-ml-3\">\n<div class=\"items-center justify-start rounded-xl p-1 flex\">\n<div class=\"flex items-center\">\n<p>&nbsp;<\/p>\n<div class=\"flex\"><\/div>\n<div class=\"flex items-center pb-0.5 juice:pb-0\">\n<div class=\"[&amp;_svg]:h-full [&amp;_svg]:w-full icon-md h-4 w-4\"><\/div>\n<\/div>\n<\/div>\n<\/div>\n<\/div>\n","protected":false},"excerpt":{"rendered":"<p>Que vous recherchiez une bouteille pratique ou un bouchon de couleur sp\u00e9ciale, vous trouverez ici notre gamme de bouteilles et bouchons vides.<\/p>\n","protected":false},"featured_media":26978,"comment_status":"open","ping_status":"closed","template":"","meta":{"_acf_changed":false},"product_brand":[],"product_cat":[197],"product_tag":[],"class_list":{"0":"post-14108","1":"product","2":"type-product","3":"status-publish","4":"has-post-thumbnail","6":"product_cat-emballages-vides-et-accessoires","8":"first","9":"instock","10":"shipping-taxable","11":"purchasable","12":"product-type-variable"},"acf":[],"yoast_head":"<!-- This site is optimized with the Yoast SEO plugin v27.2 - https:\/\/yoast.com\/product\/yoast-seo-wordpress\/ -->\n<title>Flacons et bouchons - Collall<\/title>\n<meta name=\"description\" content=\"Que vous recherchiez une bouteille pratique ou un bouchon de couleur sp\u00e9ciale, vous trouverez ici notre gamme de bouteilles et bouchons vides.\" \/>\n<meta name=\"robots\" content=\"index, follow, max-snippet:-1, max-image-preview:large, max-video-preview:-1\" \/>\n<link rel=\"canonical\" href=\"https:\/\/collall.nl\/fr\/product\/flacons-et-bouchons\/\" \/>\n<meta property=\"og:locale\" content=\"fr_FR\" \/>\n<meta property=\"og:type\" content=\"article\" \/>\n<meta property=\"og:title\" content=\"Flacons et bouchons - Collall\" \/>\n<meta property=\"og:description\" content=\"Que vous recherchiez une bouteille pratique ou un bouchon de couleur sp\u00e9ciale, vous trouverez ici notre gamme de bouteilles et bouchons vides.\" \/>\n<meta property=\"og:url\" content=\"https:\/\/collall.nl\/fr\/product\/flacons-et-bouchons\/\" \/>\n<meta property=\"og:site_name\" content=\"Collall\" \/>\n<meta property=\"article:publisher\" content=\"https:\/\/www.facebook.com\/people\/Collall\/100064976852539\/\" \/>\n<meta property=\"article:modified_time\" content=\"2024-08-12T06:26:46+00:00\" \/>\n<meta property=\"og:image\" content=\"https:\/\/collall.nl\/wp-content\/uploads\/2022\/03\/Collall-flessen-en-doppen.jpg\" \/>\n\t<meta property=\"og:image:width\" content=\"1000\" \/>\n\t<meta property=\"og:image:height\" content=\"1000\" \/>\n\t<meta property=\"og:image:type\" content=\"image\/jpeg\" \/>\n<meta name=\"twitter:card\" content=\"summary_large_image\" \/>\n<meta name=\"twitter:label1\" content=\"Dur\u00e9e de lecture estim\u00e9e\" \/>\n\t<meta name=\"twitter:data1\" content=\"1 minute\" \/>\n<script type=\"application\/ld+json\" class=\"yoast-schema-graph\">{\"@context\":\"https:\/\/schema.org\",\"@graph\":[{\"@type\":\"WebPage\",\"@id\":\"https:\/\/collall.nl\/fr\/product\/flacons-et-bouchons\/\",\"url\":\"https:\/\/collall.nl\/fr\/product\/flacons-et-bouchons\/\",\"name\":\"Flacons et bouchons - Collall\",\"isPartOf\":{\"@id\":\"https:\/\/collall.nl\/#website\"},\"primaryImageOfPage\":{\"@id\":\"https:\/\/collall.nl\/fr\/product\/flacons-et-bouchons\/#primaryimage\"},\"image\":{\"@id\":\"https:\/\/collall.nl\/fr\/product\/flacons-et-bouchons\/#primaryimage\"},\"thumbnailUrl\":\"https:\/\/collall.nl\/wp-content\/uploads\/2022\/03\/Collall-flessen-en-doppen.jpg\",\"datePublished\":\"2022-03-01T09:42:48+00:00\",\"dateModified\":\"2024-08-12T06:26:46+00:00\",\"description\":\"Que vous recherchiez une bouteille pratique ou un bouchon de couleur sp\u00e9ciale, vous trouverez ici notre gamme de bouteilles et bouchons vides.\",\"breadcrumb\":{\"@id\":\"https:\/\/collall.nl\/fr\/product\/flacons-et-bouchons\/#breadcrumb\"},\"inLanguage\":\"fr-FR\",\"potentialAction\":[{\"@type\":\"ReadAction\",\"target\":[\"https:\/\/collall.nl\/fr\/product\/flacons-et-bouchons\/\"]}]},{\"@type\":\"ImageObject\",\"inLanguage\":\"fr-FR\",\"@id\":\"https:\/\/collall.nl\/fr\/product\/flacons-et-bouchons\/#primaryimage\",\"url\":\"https:\/\/collall.nl\/wp-content\/uploads\/2022\/03\/Collall-flessen-en-doppen.jpg\",\"contentUrl\":\"https:\/\/collall.nl\/wp-content\/uploads\/2022\/03\/Collall-flessen-en-doppen.jpg\",\"width\":1000,\"height\":1000,\"caption\":\"Collall-flessen-en-doppen\"},{\"@type\":\"BreadcrumbList\",\"@id\":\"https:\/\/collall.nl\/fr\/product\/flacons-et-bouchons\/#breadcrumb\",\"itemListElement\":[{\"@type\":\"ListItem\",\"position\":1,\"name\":\"Home\",\"item\":\"https:\/\/collall.nl\/fr\/\"},{\"@type\":\"ListItem\",\"position\":2,\"name\":\"Produits\",\"item\":\"https:\/\/collall.nl\/fr\/produits\/\"},{\"@type\":\"ListItem\",\"position\":3,\"name\":\"Flacons et bouchons\"}]},{\"@type\":\"WebSite\",\"@id\":\"https:\/\/collall.nl\/#website\",\"url\":\"https:\/\/collall.nl\/\",\"name\":\"Collall\",\"description\":\"Adhesives &amp; Paints since 1949\",\"publisher\":{\"@id\":\"https:\/\/collall.nl\/#organization\"},\"potentialAction\":[{\"@type\":\"SearchAction\",\"target\":{\"@type\":\"EntryPoint\",\"urlTemplate\":\"https:\/\/collall.nl\/?s={search_term_string}\"},\"query-input\":{\"@type\":\"PropertyValueSpecification\",\"valueRequired\":true,\"valueName\":\"search_term_string\"}}],\"inLanguage\":\"fr-FR\"},{\"@type\":\"Organization\",\"@id\":\"https:\/\/collall.nl\/#organization\",\"name\":\"Collall B.V.\",\"url\":\"https:\/\/collall.nl\/\",\"logo\":{\"@type\":\"ImageObject\",\"inLanguage\":\"fr-FR\",\"@id\":\"https:\/\/collall.nl\/#\/schema\/logo\/image\/\",\"url\":\"https:\/\/collall.nl\/wp-content\/uploads\/2022\/08\/Collall-logo-186C_Reflex-blue.jpg\",\"contentUrl\":\"https:\/\/collall.nl\/wp-content\/uploads\/2022\/08\/Collall-logo-186C_Reflex-blue.jpg\",\"width\":1963,\"height\":1179,\"caption\":\"Collall B.V.\"},\"image\":{\"@id\":\"https:\/\/collall.nl\/#\/schema\/logo\/image\/\"},\"sameAs\":[\"https:\/\/www.facebook.com\/people\/Collall\/100064976852539\/\",\"https:\/\/www.instagram.com\/collall_1949\/\",\"https:\/\/nl.pinterest.com\/CollallBV\/\",\"https:\/\/www.youtube.com\/channel\/UCrCGuwth_udZhTqJSh5g9zg\"]}]}<\/script>\n<!-- \/ Yoast SEO plugin. -->","yoast_head_json":{"title":"Flacons et bouchons - Collall","description":"Que vous recherchiez une bouteille pratique ou un bouchon de couleur sp\u00e9ciale, vous trouverez ici notre gamme de bouteilles et bouchons vides.","robots":{"index":"index","follow":"follow","max-snippet":"max-snippet:-1","max-image-preview":"max-image-preview:large","max-video-preview":"max-video-preview:-1"},"canonical":"https:\/\/collall.nl\/fr\/product\/flacons-et-bouchons\/","og_locale":"fr_FR","og_type":"article","og_title":"Flacons et bouchons - Collall","og_description":"Que vous recherchiez une bouteille pratique ou un bouchon de couleur sp\u00e9ciale, vous trouverez ici notre gamme de bouteilles et bouchons vides.","og_url":"https:\/\/collall.nl\/fr\/product\/flacons-et-bouchons\/","og_site_name":"Collall","article_publisher":"https:\/\/www.facebook.com\/people\/Collall\/100064976852539\/","article_modified_time":"2024-08-12T06:26:46+00:00","og_image":[{"width":1000,"height":1000,"url":"https:\/\/collall.nl\/wp-content\/uploads\/2022\/03\/Collall-flessen-en-doppen.jpg","type":"image\/jpeg"}],"twitter_card":"summary_large_image","twitter_misc":{"Dur\u00e9e de lecture estim\u00e9e":"1 minute"},"schema":{"@context":"https:\/\/schema.org","@graph":[{"@type":"WebPage","@id":"https:\/\/collall.nl\/fr\/product\/flacons-et-bouchons\/","url":"https:\/\/collall.nl\/fr\/product\/flacons-et-bouchons\/","name":"Flacons et bouchons - Collall","isPartOf":{"@id":"https:\/\/collall.nl\/#website"},"primaryImageOfPage":{"@id":"https:\/\/collall.nl\/fr\/product\/flacons-et-bouchons\/#primaryimage"},"image":{"@id":"https:\/\/collall.nl\/fr\/product\/flacons-et-bouchons\/#primaryimage"},"thumbnailUrl":"https:\/\/collall.nl\/wp-content\/uploads\/2022\/03\/Collall-flessen-en-doppen.jpg","datePublished":"2022-03-01T09:42:48+00:00","dateModified":"2024-08-12T06:26:46+00:00","description":"Que vous recherchiez une bouteille pratique ou un bouchon de couleur sp\u00e9ciale, vous trouverez ici notre gamme de bouteilles et bouchons vides.","breadcrumb":{"@id":"https:\/\/collall.nl\/fr\/product\/flacons-et-bouchons\/#breadcrumb"},"inLanguage":"fr-FR","potentialAction":[{"@type":"ReadAction","target":["https:\/\/collall.nl\/fr\/product\/flacons-et-bouchons\/"]}]},{"@type":"ImageObject","inLanguage":"fr-FR","@id":"https:\/\/collall.nl\/fr\/product\/flacons-et-bouchons\/#primaryimage","url":"https:\/\/collall.nl\/wp-content\/uploads\/2022\/03\/Collall-flessen-en-doppen.jpg","contentUrl":"https:\/\/collall.nl\/wp-content\/uploads\/2022\/03\/Collall-flessen-en-doppen.jpg","width":1000,"height":1000,"caption":"Collall-flessen-en-doppen"},{"@type":"BreadcrumbList","@id":"https:\/\/collall.nl\/fr\/product\/flacons-et-bouchons\/#breadcrumb","itemListElement":[{"@type":"ListItem","position":1,"name":"Home","item":"https:\/\/collall.nl\/fr\/"},{"@type":"ListItem","position":2,"name":"Produits","item":"https:\/\/collall.nl\/fr\/produits\/"},{"@type":"ListItem","position":3,"name":"Flacons et bouchons"}]},{"@type":"WebSite","@id":"https:\/\/collall.nl\/#website","url":"https:\/\/collall.nl\/","name":"Collall","description":"Adhesives &amp; Paints since 1949","publisher":{"@id":"https:\/\/collall.nl\/#organization"},"potentialAction":[{"@type":"SearchAction","target":{"@type":"EntryPoint","urlTemplate":"https:\/\/collall.nl\/?s={search_term_string}"},"query-input":{"@type":"PropertyValueSpecification","valueRequired":true,"valueName":"search_term_string"}}],"inLanguage":"fr-FR"},{"@type":"Organization","@id":"https:\/\/collall.nl\/#organization","name":"Collall B.V.","url":"https:\/\/collall.nl\/","logo":{"@type":"ImageObject","inLanguage":"fr-FR","@id":"https:\/\/collall.nl\/#\/schema\/logo\/image\/","url":"https:\/\/collall.nl\/wp-content\/uploads\/2022\/08\/Collall-logo-186C_Reflex-blue.jpg","contentUrl":"https:\/\/collall.nl\/wp-content\/uploads\/2022\/08\/Collall-logo-186C_Reflex-blue.jpg","width":1963,"height":1179,"caption":"Collall B.V."},"image":{"@id":"https:\/\/collall.nl\/#\/schema\/logo\/image\/"},"sameAs":["https:\/\/www.facebook.com\/people\/Collall\/100064976852539\/","https:\/\/www.instagram.com\/collall_1949\/","https:\/\/nl.pinterest.com\/CollallBV\/","https:\/\/www.youtube.com\/channel\/UCrCGuwth_udZhTqJSh5g9zg"]}]}},"_links":{"self":[{"href":"https:\/\/collall.nl\/fr\/wp-json\/wp\/v2\/product\/14108","targetHints":{"allow":["GET"]}}],"collection":[{"href":"https:\/\/collall.nl\/fr\/wp-json\/wp\/v2\/product"}],"about":[{"href":"https:\/\/collall.nl\/fr\/wp-json\/wp\/v2\/types\/product"}],"replies":[{"embeddable":true,"href":"https:\/\/collall.nl\/fr\/wp-json\/wp\/v2\/comments?post=14108"}],"wp:featuredmedia":[{"embeddable":true,"href":"https:\/\/collall.nl\/fr\/wp-json\/wp\/v2\/media\/26978"}],"wp:attachment":[{"href":"https:\/\/collall.nl\/fr\/wp-json\/wp\/v2\/media?parent=14108"}],"wp:term":[{"taxonomy":"product_brand","embeddable":true,"href":"https:\/\/collall.nl\/fr\/wp-json\/wp\/v2\/product_brand?post=14108"},{"taxonomy":"product_cat","embeddable":true,"href":"https:\/\/collall.nl\/fr\/wp-json\/wp\/v2\/product_cat?post=14108"},{"taxonomy":"product_tag","embeddable":true,"href":"https:\/\/collall.nl\/fr\/wp-json\/wp\/v2\/product_tag?post=14108"}],"curies":[{"name":"wp","href":"https:\/\/api.w.org\/{rel}","templated":true}]}}