{"id":14057,"date":"2022-03-01T09:42:34","date_gmt":"2022-03-01T09:42:39","guid":{"rendered":"http:\/\/collall.test\/product\/colorall-palettes-et-bacs\/"},"modified":"2024-10-31T14:34:16","modified_gmt":"2024-10-31T13:34:16","slug":"palettes-et-bacs","status":"publish","type":"product","link":"https:\/\/collall.nl\/fr\/product\/palettes-et-bacs\/","title":{"rendered":"Palettes et Bacs"},"content":{"rendered":"<h3>Collall Palettes et Bacs<\/h3>\n<p>Que vous recherchiez une palette de peinture pour m\u00e9langer vos couleurs ou un plateau de peinture pour aquatint, encres, blocs de peinture ou rouleaux \u00e9ponge.<\/p>\n<p>Notre vaste gamme de plateaux vides offre la solution parfaite pour les \u00e9coles, les amateurs et les professionnels.<\/p>\n<p>Des palettes de peinture pratiques aux plateaux polyvalents pour diff\u00e9rentes applications.<\/p>\n<p>Explorez notre s\u00e9lection et trouvez le produit id\u00e9al qui correspond \u00e0 vos projets cr\u00e9atifs !<\/p>\n","protected":false},"excerpt":{"rendered":"<p>Que vous recherchiez une palette ou un plateau pour Aquatint\/encres ou blocs de peinture, vous trouverez ici notre gamme de plateaux vides.<\/p>\n","protected":false},"featured_media":23596,"comment_status":"open","ping_status":"closed","template":"","meta":{"_acf_changed":false},"product_brand":[],"product_cat":[197],"product_tag":[],"class_list":{"0":"post-14057","1":"product","2":"type-product","3":"status-publish","4":"has-post-thumbnail","6":"product_cat-emballages-vides-et-accessoires","8":"first","9":"instock","10":"shipping-taxable","11":"purchasable","12":"product-type-variable"},"acf":[],"yoast_head":"<!-- This site is optimized with the Yoast SEO plugin v27.2 - https:\/\/yoast.com\/product\/yoast-seo-wordpress\/ -->\n<title>Palettes et Bacs - Collall<\/title>\n<meta name=\"description\" content=\"Que vous recherchiez une palette ou un plateau pour Aquatint\/encres ou blocs de peinture, vous trouverez ici notre gamme de plateaux vides.\" \/>\n<meta name=\"robots\" content=\"index, follow, max-snippet:-1, max-image-preview:large, max-video-preview:-1\" \/>\n<link rel=\"canonical\" href=\"https:\/\/collall.nl\/fr\/product\/palettes-et-bacs\/\" \/>\n<meta property=\"og:locale\" content=\"fr_FR\" \/>\n<meta property=\"og:type\" content=\"article\" \/>\n<meta property=\"og:title\" content=\"Palettes et Bacs - Collall\" \/>\n<meta property=\"og:description\" content=\"Que vous recherchiez une palette ou un plateau pour Aquatint\/encres ou blocs de peinture, vous trouverez ici notre gamme de plateaux vides.\" \/>\n<meta property=\"og:url\" content=\"https:\/\/collall.nl\/fr\/product\/palettes-et-bacs\/\" \/>\n<meta property=\"og:site_name\" content=\"Collall\" \/>\n<meta property=\"article:publisher\" content=\"https:\/\/www.facebook.com\/people\/Collall\/100064976852539\/\" \/>\n<meta property=\"article:modified_time\" content=\"2024-10-31T13:34:16+00:00\" \/>\n<meta property=\"og:image\" content=\"https:\/\/collall.nl\/wp-content\/uploads\/2022\/03\/Colorall-trays.jpg\" \/>\n\t<meta property=\"og:image:width\" content=\"1000\" \/>\n\t<meta property=\"og:image:height\" content=\"1000\" \/>\n\t<meta property=\"og:image:type\" content=\"image\/jpeg\" \/>\n<meta name=\"twitter:card\" content=\"summary_large_image\" \/>\n<meta name=\"twitter:label1\" content=\"Dur\u00e9e de lecture estim\u00e9e\" \/>\n\t<meta name=\"twitter:data1\" content=\"1 minute\" \/>\n<script type=\"application\/ld+json\" class=\"yoast-schema-graph\">{\"@context\":\"https:\/\/schema.org\",\"@graph\":[{\"@type\":\"WebPage\",\"@id\":\"https:\/\/collall.nl\/fr\/product\/palettes-et-bacs\/\",\"url\":\"https:\/\/collall.nl\/fr\/product\/palettes-et-bacs\/\",\"name\":\"Palettes et Bacs - Collall\",\"isPartOf\":{\"@id\":\"https:\/\/collall.nl\/#website\"},\"primaryImageOfPage\":{\"@id\":\"https:\/\/collall.nl\/fr\/product\/palettes-et-bacs\/#primaryimage\"},\"image\":{\"@id\":\"https:\/\/collall.nl\/fr\/product\/palettes-et-bacs\/#primaryimage\"},\"thumbnailUrl\":\"https:\/\/collall.nl\/wp-content\/uploads\/2022\/03\/Colorall-trays.jpg\",\"datePublished\":\"2022-03-01T09:42:39+00:00\",\"dateModified\":\"2024-10-31T13:34:16+00:00\",\"description\":\"Que vous recherchiez une palette ou un plateau pour Aquatint\/encres ou blocs de peinture, vous trouverez ici notre gamme de plateaux vides.\",\"breadcrumb\":{\"@id\":\"https:\/\/collall.nl\/fr\/product\/palettes-et-bacs\/#breadcrumb\"},\"inLanguage\":\"fr-FR\",\"potentialAction\":[{\"@type\":\"ReadAction\",\"target\":[\"https:\/\/collall.nl\/fr\/product\/palettes-et-bacs\/\"]}]},{\"@type\":\"ImageObject\",\"inLanguage\":\"fr-FR\",\"@id\":\"https:\/\/collall.nl\/fr\/product\/palettes-et-bacs\/#primaryimage\",\"url\":\"https:\/\/collall.nl\/wp-content\/uploads\/2022\/03\/Colorall-trays.jpg\",\"contentUrl\":\"https:\/\/collall.nl\/wp-content\/uploads\/2022\/03\/Colorall-trays.jpg\",\"width\":1000,\"height\":1000,\"caption\":\"Colorall-trays\"},{\"@type\":\"BreadcrumbList\",\"@id\":\"https:\/\/collall.nl\/fr\/product\/palettes-et-bacs\/#breadcrumb\",\"itemListElement\":[{\"@type\":\"ListItem\",\"position\":1,\"name\":\"Home\",\"item\":\"https:\/\/collall.nl\/fr\/\"},{\"@type\":\"ListItem\",\"position\":2,\"name\":\"Produits\",\"item\":\"https:\/\/collall.nl\/fr\/produits\/\"},{\"@type\":\"ListItem\",\"position\":3,\"name\":\"Palettes et Bacs\"}]},{\"@type\":\"WebSite\",\"@id\":\"https:\/\/collall.nl\/#website\",\"url\":\"https:\/\/collall.nl\/\",\"name\":\"Collall\",\"description\":\"Adhesives &amp; Paints since 1949\",\"publisher\":{\"@id\":\"https:\/\/collall.nl\/#organization\"},\"potentialAction\":[{\"@type\":\"SearchAction\",\"target\":{\"@type\":\"EntryPoint\",\"urlTemplate\":\"https:\/\/collall.nl\/?s={search_term_string}\"},\"query-input\":{\"@type\":\"PropertyValueSpecification\",\"valueRequired\":true,\"valueName\":\"search_term_string\"}}],\"inLanguage\":\"fr-FR\"},{\"@type\":\"Organization\",\"@id\":\"https:\/\/collall.nl\/#organization\",\"name\":\"Collall B.V.\",\"url\":\"https:\/\/collall.nl\/\",\"logo\":{\"@type\":\"ImageObject\",\"inLanguage\":\"fr-FR\",\"@id\":\"https:\/\/collall.nl\/#\/schema\/logo\/image\/\",\"url\":\"https:\/\/collall.nl\/wp-content\/uploads\/2022\/08\/Collall-logo-186C_Reflex-blue.jpg\",\"contentUrl\":\"https:\/\/collall.nl\/wp-content\/uploads\/2022\/08\/Collall-logo-186C_Reflex-blue.jpg\",\"width\":1963,\"height\":1179,\"caption\":\"Collall B.V.\"},\"image\":{\"@id\":\"https:\/\/collall.nl\/#\/schema\/logo\/image\/\"},\"sameAs\":[\"https:\/\/www.facebook.com\/people\/Collall\/100064976852539\/\",\"https:\/\/www.instagram.com\/collall_1949\/\",\"https:\/\/nl.pinterest.com\/CollallBV\/\",\"https:\/\/www.youtube.com\/channel\/UCrCGuwth_udZhTqJSh5g9zg\"]}]}<\/script>\n<!-- \/ Yoast SEO plugin. -->","yoast_head_json":{"title":"Palettes et Bacs - Collall","description":"Que vous recherchiez une palette ou un plateau pour Aquatint\/encres ou blocs de peinture, vous trouverez ici notre gamme de plateaux vides.","robots":{"index":"index","follow":"follow","max-snippet":"max-snippet:-1","max-image-preview":"max-image-preview:large","max-video-preview":"max-video-preview:-1"},"canonical":"https:\/\/collall.nl\/fr\/product\/palettes-et-bacs\/","og_locale":"fr_FR","og_type":"article","og_title":"Palettes et Bacs - Collall","og_description":"Que vous recherchiez une palette ou un plateau pour Aquatint\/encres ou blocs de peinture, vous trouverez ici notre gamme de plateaux vides.","og_url":"https:\/\/collall.nl\/fr\/product\/palettes-et-bacs\/","og_site_name":"Collall","article_publisher":"https:\/\/www.facebook.com\/people\/Collall\/100064976852539\/","article_modified_time":"2024-10-31T13:34:16+00:00","og_image":[{"width":1000,"height":1000,"url":"https:\/\/collall.nl\/wp-content\/uploads\/2022\/03\/Colorall-trays.jpg","type":"image\/jpeg"}],"twitter_card":"summary_large_image","twitter_misc":{"Dur\u00e9e de lecture estim\u00e9e":"1 minute"},"schema":{"@context":"https:\/\/schema.org","@graph":[{"@type":"WebPage","@id":"https:\/\/collall.nl\/fr\/product\/palettes-et-bacs\/","url":"https:\/\/collall.nl\/fr\/product\/palettes-et-bacs\/","name":"Palettes et Bacs - Collall","isPartOf":{"@id":"https:\/\/collall.nl\/#website"},"primaryImageOfPage":{"@id":"https:\/\/collall.nl\/fr\/product\/palettes-et-bacs\/#primaryimage"},"image":{"@id":"https:\/\/collall.nl\/fr\/product\/palettes-et-bacs\/#primaryimage"},"thumbnailUrl":"https:\/\/collall.nl\/wp-content\/uploads\/2022\/03\/Colorall-trays.jpg","datePublished":"2022-03-01T09:42:39+00:00","dateModified":"2024-10-31T13:34:16+00:00","description":"Que vous recherchiez une palette ou un plateau pour Aquatint\/encres ou blocs de peinture, vous trouverez ici notre gamme de plateaux vides.","breadcrumb":{"@id":"https:\/\/collall.nl\/fr\/product\/palettes-et-bacs\/#breadcrumb"},"inLanguage":"fr-FR","potentialAction":[{"@type":"ReadAction","target":["https:\/\/collall.nl\/fr\/product\/palettes-et-bacs\/"]}]},{"@type":"ImageObject","inLanguage":"fr-FR","@id":"https:\/\/collall.nl\/fr\/product\/palettes-et-bacs\/#primaryimage","url":"https:\/\/collall.nl\/wp-content\/uploads\/2022\/03\/Colorall-trays.jpg","contentUrl":"https:\/\/collall.nl\/wp-content\/uploads\/2022\/03\/Colorall-trays.jpg","width":1000,"height":1000,"caption":"Colorall-trays"},{"@type":"BreadcrumbList","@id":"https:\/\/collall.nl\/fr\/product\/palettes-et-bacs\/#breadcrumb","itemListElement":[{"@type":"ListItem","position":1,"name":"Home","item":"https:\/\/collall.nl\/fr\/"},{"@type":"ListItem","position":2,"name":"Produits","item":"https:\/\/collall.nl\/fr\/produits\/"},{"@type":"ListItem","position":3,"name":"Palettes et Bacs"}]},{"@type":"WebSite","@id":"https:\/\/collall.nl\/#website","url":"https:\/\/collall.nl\/","name":"Collall","description":"Adhesives &amp; Paints since 1949","publisher":{"@id":"https:\/\/collall.nl\/#organization"},"potentialAction":[{"@type":"SearchAction","target":{"@type":"EntryPoint","urlTemplate":"https:\/\/collall.nl\/?s={search_term_string}"},"query-input":{"@type":"PropertyValueSpecification","valueRequired":true,"valueName":"search_term_string"}}],"inLanguage":"fr-FR"},{"@type":"Organization","@id":"https:\/\/collall.nl\/#organization","name":"Collall B.V.","url":"https:\/\/collall.nl\/","logo":{"@type":"ImageObject","inLanguage":"fr-FR","@id":"https:\/\/collall.nl\/#\/schema\/logo\/image\/","url":"https:\/\/collall.nl\/wp-content\/uploads\/2022\/08\/Collall-logo-186C_Reflex-blue.jpg","contentUrl":"https:\/\/collall.nl\/wp-content\/uploads\/2022\/08\/Collall-logo-186C_Reflex-blue.jpg","width":1963,"height":1179,"caption":"Collall B.V."},"image":{"@id":"https:\/\/collall.nl\/#\/schema\/logo\/image\/"},"sameAs":["https:\/\/www.facebook.com\/people\/Collall\/100064976852539\/","https:\/\/www.instagram.com\/collall_1949\/","https:\/\/nl.pinterest.com\/CollallBV\/","https:\/\/www.youtube.com\/channel\/UCrCGuwth_udZhTqJSh5g9zg"]}]}},"_links":{"self":[{"href":"https:\/\/collall.nl\/fr\/wp-json\/wp\/v2\/product\/14057","targetHints":{"allow":["GET"]}}],"collection":[{"href":"https:\/\/collall.nl\/fr\/wp-json\/wp\/v2\/product"}],"about":[{"href":"https:\/\/collall.nl\/fr\/wp-json\/wp\/v2\/types\/product"}],"replies":[{"embeddable":true,"href":"https:\/\/collall.nl\/fr\/wp-json\/wp\/v2\/comments?post=14057"}],"wp:featuredmedia":[{"embeddable":true,"href":"https:\/\/collall.nl\/fr\/wp-json\/wp\/v2\/media\/23596"}],"wp:attachment":[{"href":"https:\/\/collall.nl\/fr\/wp-json\/wp\/v2\/media?parent=14057"}],"wp:term":[{"taxonomy":"product_brand","embeddable":true,"href":"https:\/\/collall.nl\/fr\/wp-json\/wp\/v2\/product_brand?post=14057"},{"taxonomy":"product_cat","embeddable":true,"href":"https:\/\/collall.nl\/fr\/wp-json\/wp\/v2\/product_cat?post=14057"},{"taxonomy":"product_tag","embeddable":true,"href":"https:\/\/collall.nl\/fr\/wp-json\/wp\/v2\/product_tag?post=14057"}],"curies":[{"name":"wp","href":"https:\/\/api.w.org\/{rel}","templated":true}]}}