{"id":14017,"date":"2022-03-01T09:42:31","date_gmt":"2022-03-01T09:42:32","guid":{"rendered":"http:\/\/collall.test\/product\/collall-glue-tack-2\/"},"modified":"2025-03-25T08:30:23","modified_gmt":"2025-03-25T07:30:23","slug":"collall-glue-tack-2","status":"publish","type":"product","link":"https:\/\/collall.nl\/fr\/product\/collall-glue-tack-2\/","title":{"rendered":"Collall Glue-Tack"},"content":{"rendered":"<p class=\"\" data-start=\"0\" data-end=\"329\"><strong data-start=\"0\" data-end=\"21\">Collall Glue Tack<\/strong> est l\u2019alternative parfaite aux punaises et au ruban adh\u00e9sif, adapt\u00e9e \u00e0 une utilisation \u00e0 la maison, \u00e0 l\u2019\u00e9cole et au bureau. Avec plus de 1 001 applications, cette gomme adh\u00e9sive offre une solution intelligente et polyvalente pour tous vos besoins de fixation et de suspension. Propre et facile \u00e0 utiliser.<\/p>\n<h5 data-start=\"331\" data-end=\"366\"><strong data-start=\"335\" data-end=\"364\">Applications de Glue Tack<\/strong><\/h5>\n<p class=\"\" data-start=\"367\" data-end=\"614\"><strong data-start=\"367\" data-end=\"384\">Fixation de :<\/strong> m\u00e9mos, cartes, photos, posters et dessins.<br data-start=\"427\" data-end=\"430\" \/><strong data-start=\"430\" data-end=\"447\">Maintien de :<\/strong> t\u00e9l\u00e9phones, calculatrices, cadres photo, godets de peinture et plus encore.<br data-start=\"523\" data-end=\"526\" \/><strong data-start=\"526\" data-end=\"551\">Autres utilisations :<\/strong> gommer, combler, tamponner et r\u00e9aliser des projets cr\u00e9atifs.<\/p>\n<p class=\"\" data-start=\"616\" data-end=\"782\">Que vous souhaitiez accrocher des d\u00e9corations, fixer des objets ou trouver une solution pratique pour le bricolage, <strong data-start=\"732\" data-end=\"745\">Glue Tack<\/strong> est une option fiable et flexible.<\/p>\n<h5 data-start=\"784\" data-end=\"823\"><strong data-start=\"788\" data-end=\"821\">Caract\u00e9ristiques de Glue Tack<\/strong><\/h5>\n<ul>\n<li data-start=\"824\" data-end=\"1059\">R\u00e9utilisable et durable.<br data-start=\"850\" data-end=\"853\" \/>Adh\u00e8re parfaitement aux surfaces lisses telles que le papier, le verre, le m\u00e9tal et le plastique.<br data-start=\"952\" data-end=\"955\" \/>Ne laisse pas de r\u00e9sidus de colle sur la plupart des mat\u00e9riaux.<br data-start=\"1020\" data-end=\"1023\" \/>Compact et facile \u00e0 transporter.<\/li>\n<\/ul>\n<p class=\"\" data-start=\"1061\" data-end=\"1159\"><strong data-start=\"1061\" data-end=\"1074\">Glue Tack<\/strong> est polyvalent et s\u2019adapte parfaitement \u00e0 tous types de projets, grands ou petits.<\/p>\n<h5 data-start=\"1161\" data-end=\"1199\"><strong data-start=\"1165\" data-end=\"1197\">Comment utiliser Glue Tack ?<\/strong><\/h5>\n<ol data-start=\"1200\" data-end=\"1423\">\n<li class=\"\" data-start=\"1200\" data-end=\"1254\">\n<p class=\"\" data-start=\"1203\" data-end=\"1254\">D\u00e9tachez un morceau de <strong data-start=\"1226\" data-end=\"1239\">Glue Tack<\/strong> de la bande.<\/p>\n<\/li>\n<li class=\"\" data-start=\"1255\" data-end=\"1319\">\n<p class=\"\" data-start=\"1258\" data-end=\"1319\">Roulez-le entre vos doigts jusqu\u2019\u00e0 obtenir une boule molle.<\/p>\n<\/li>\n<li class=\"\" data-start=\"1320\" data-end=\"1367\">\n<p class=\"\" data-start=\"1323\" data-end=\"1367\">Pressez fermement la boule sur la surface.<\/p>\n<\/li>\n<li class=\"\" data-start=\"1368\" data-end=\"1423\">\n<p class=\"\" data-start=\"1371\" data-end=\"1423\">Placez l\u2019objet d\u00e9sir\u00e9 dessus et appuyez fermement.<\/p>\n<\/li>\n<\/ol>\n<p class=\"\" data-start=\"1425\" data-end=\"1497\"><strong data-start=\"1425\" data-end=\"1439\">Remarque :<\/strong> <strong data-start=\"1440\" data-end=\"1453\">Glue Tack<\/strong> fonctionne mieux sur les surfaces lisses.<\/p>\n<h5 data-start=\"1499\" data-end=\"1536\"><strong data-start=\"1503\" data-end=\"1534\">Comment retirer Glue Tack ?<\/strong><\/h5>\n<ul data-start=\"1537\" data-end=\"1706\">\n<li class=\"\" data-start=\"1537\" data-end=\"1590\">\n<p class=\"\" data-start=\"1539\" data-end=\"1590\">D\u00e9collez-le doucement en le roulant sur lui-m\u00eame.<\/p>\n<\/li>\n<li class=\"\" data-start=\"1591\" data-end=\"1706\">\n<p class=\"\" data-start=\"1593\" data-end=\"1706\">Pour les r\u00e9sidus tenaces, utilisez un plus grand morceau de <strong data-start=\"1653\" data-end=\"1666\">Glue Tack<\/strong> pour \u00ab\u00a0rouler\u00a0\u00bb et \u00e9liminer les restes.<\/p>\n<\/li>\n<\/ul>\n<p class=\"\" data-start=\"1708\" data-end=\"1858\"><strong data-start=\"1708\" data-end=\"1722\">Remarque :<\/strong> sur les mat\u00e9riaux absorbants ou poreux, des traces peuvent subsister. Faites un essai sur une petite zone discr\u00e8te avant utilisation.<\/p>\n<p class=\"\" data-start=\"1860\" data-end=\"1914\">Ne convient pas aux enfants de moins de 3 ans.<\/p>\n<p class=\"\" data-start=\"1916\" data-end=\"2001\"><strong data-start=\"1916\" data-end=\"1929\">Glue Tack<\/strong> est votre alli\u00e9 pratique pour des solutions quotidiennes et cr\u00e9atives !<\/p>\n","protected":false},"excerpt":{"rendered":"<p>L\u2019unique p\u00e2te adh\u00e9sive r\u00e9utilisable. Propre, facile \u00e0 utiliser.<\/p>\n","protected":false},"featured_media":19686,"comment_status":"open","ping_status":"closed","template":"","meta":{"_acf_changed":false},"product_brand":[],"product_cat":[194],"product_tag":[],"class_list":{"0":"post-14017","1":"product","2":"type-product","3":"status-publish","4":"has-post-thumbnail","6":"product_cat-bandes","8":"first","9":"instock","10":"shipping-taxable","11":"purchasable","12":"product-type-variable"},"acf":[],"yoast_head":"<!-- This site is optimized with the Yoast SEO plugin v27.2 - https:\/\/yoast.com\/product\/yoast-seo-wordpress\/ -->\n<title>Collall Glue-Tack - Collall<\/title>\n<meta name=\"robots\" content=\"index, follow, max-snippet:-1, max-image-preview:large, max-video-preview:-1\" \/>\n<link rel=\"canonical\" href=\"https:\/\/collall.nl\/fr\/product\/collall-glue-tack-2\/\" \/>\n<meta property=\"og:locale\" content=\"fr_FR\" \/>\n<meta property=\"og:type\" content=\"article\" \/>\n<meta property=\"og:title\" content=\"Collall Glue-Tack - Collall\" \/>\n<meta property=\"og:description\" content=\"L\u2019unique p\u00e2te adh\u00e9sive r\u00e9utilisable. Propre, facile \u00e0 utiliser.\" \/>\n<meta property=\"og:url\" content=\"https:\/\/collall.nl\/fr\/product\/collall-glue-tack-2\/\" \/>\n<meta property=\"og:site_name\" content=\"Collall\" \/>\n<meta property=\"article:publisher\" content=\"https:\/\/www.facebook.com\/people\/Collall\/100064976852539\/\" \/>\n<meta property=\"article:modified_time\" content=\"2025-03-25T07:30:23+00:00\" \/>\n<meta property=\"og:image\" content=\"https:\/\/collall.nl\/wp-content\/uploads\/2022\/03\/COLGT160DP.jpg\" \/>\n\t<meta property=\"og:image:width\" content=\"800\" \/>\n\t<meta property=\"og:image:height\" content=\"800\" \/>\n\t<meta property=\"og:image:type\" content=\"image\/jpeg\" \/>\n<meta name=\"twitter:card\" content=\"summary_large_image\" \/>\n<meta name=\"twitter:label1\" content=\"Dur\u00e9e de lecture estim\u00e9e\" \/>\n\t<meta name=\"twitter:data1\" content=\"2 minutes\" \/>\n<script type=\"application\/ld+json\" class=\"yoast-schema-graph\">{\"@context\":\"https:\/\/schema.org\",\"@graph\":[{\"@type\":\"WebPage\",\"@id\":\"https:\/\/collall.nl\/fr\/product\/collall-glue-tack-2\/\",\"url\":\"https:\/\/collall.nl\/fr\/product\/collall-glue-tack-2\/\",\"name\":\"Collall Glue-Tack - Collall\",\"isPartOf\":{\"@id\":\"https:\/\/collall.nl\/#website\"},\"primaryImageOfPage\":{\"@id\":\"https:\/\/collall.nl\/fr\/product\/collall-glue-tack-2\/#primaryimage\"},\"image\":{\"@id\":\"https:\/\/collall.nl\/fr\/product\/collall-glue-tack-2\/#primaryimage\"},\"thumbnailUrl\":\"https:\/\/collall.nl\/wp-content\/uploads\/2022\/03\/COLGT160DP.jpg\",\"datePublished\":\"2022-03-01T09:42:32+00:00\",\"dateModified\":\"2025-03-25T07:30:23+00:00\",\"breadcrumb\":{\"@id\":\"https:\/\/collall.nl\/fr\/product\/collall-glue-tack-2\/#breadcrumb\"},\"inLanguage\":\"fr-FR\",\"potentialAction\":[{\"@type\":\"ReadAction\",\"target\":[\"https:\/\/collall.nl\/fr\/product\/collall-glue-tack-2\/\"]}]},{\"@type\":\"ImageObject\",\"inLanguage\":\"fr-FR\",\"@id\":\"https:\/\/collall.nl\/fr\/product\/collall-glue-tack-2\/#primaryimage\",\"url\":\"https:\/\/collall.nl\/wp-content\/uploads\/2022\/03\/COLGT160DP.jpg\",\"contentUrl\":\"https:\/\/collall.nl\/wp-content\/uploads\/2022\/03\/COLGT160DP.jpg\",\"width\":800,\"height\":800,\"caption\":\"COLGT160DP\"},{\"@type\":\"BreadcrumbList\",\"@id\":\"https:\/\/collall.nl\/fr\/product\/collall-glue-tack-2\/#breadcrumb\",\"itemListElement\":[{\"@type\":\"ListItem\",\"position\":1,\"name\":\"Home\",\"item\":\"https:\/\/collall.nl\/fr\/\"},{\"@type\":\"ListItem\",\"position\":2,\"name\":\"Produits\",\"item\":\"https:\/\/collall.nl\/fr\/produits\/\"},{\"@type\":\"ListItem\",\"position\":3,\"name\":\"Collall Glue-Tack\"}]},{\"@type\":\"WebSite\",\"@id\":\"https:\/\/collall.nl\/#website\",\"url\":\"https:\/\/collall.nl\/\",\"name\":\"Collall\",\"description\":\"Adhesives &amp; Paints since 1949\",\"publisher\":{\"@id\":\"https:\/\/collall.nl\/#organization\"},\"potentialAction\":[{\"@type\":\"SearchAction\",\"target\":{\"@type\":\"EntryPoint\",\"urlTemplate\":\"https:\/\/collall.nl\/?s={search_term_string}\"},\"query-input\":{\"@type\":\"PropertyValueSpecification\",\"valueRequired\":true,\"valueName\":\"search_term_string\"}}],\"inLanguage\":\"fr-FR\"},{\"@type\":\"Organization\",\"@id\":\"https:\/\/collall.nl\/#organization\",\"name\":\"Collall B.V.\",\"url\":\"https:\/\/collall.nl\/\",\"logo\":{\"@type\":\"ImageObject\",\"inLanguage\":\"fr-FR\",\"@id\":\"https:\/\/collall.nl\/#\/schema\/logo\/image\/\",\"url\":\"https:\/\/collall.nl\/wp-content\/uploads\/2022\/08\/Collall-logo-186C_Reflex-blue.jpg\",\"contentUrl\":\"https:\/\/collall.nl\/wp-content\/uploads\/2022\/08\/Collall-logo-186C_Reflex-blue.jpg\",\"width\":1963,\"height\":1179,\"caption\":\"Collall B.V.\"},\"image\":{\"@id\":\"https:\/\/collall.nl\/#\/schema\/logo\/image\/\"},\"sameAs\":[\"https:\/\/www.facebook.com\/people\/Collall\/100064976852539\/\",\"https:\/\/www.instagram.com\/collall_1949\/\",\"https:\/\/nl.pinterest.com\/CollallBV\/\",\"https:\/\/www.youtube.com\/channel\/UCrCGuwth_udZhTqJSh5g9zg\"]}]}<\/script>\n<!-- \/ Yoast SEO plugin. -->","yoast_head_json":{"title":"Collall Glue-Tack - Collall","robots":{"index":"index","follow":"follow","max-snippet":"max-snippet:-1","max-image-preview":"max-image-preview:large","max-video-preview":"max-video-preview:-1"},"canonical":"https:\/\/collall.nl\/fr\/product\/collall-glue-tack-2\/","og_locale":"fr_FR","og_type":"article","og_title":"Collall Glue-Tack - Collall","og_description":"L\u2019unique p\u00e2te adh\u00e9sive r\u00e9utilisable. Propre, facile \u00e0 utiliser.","og_url":"https:\/\/collall.nl\/fr\/product\/collall-glue-tack-2\/","og_site_name":"Collall","article_publisher":"https:\/\/www.facebook.com\/people\/Collall\/100064976852539\/","article_modified_time":"2025-03-25T07:30:23+00:00","og_image":[{"width":800,"height":800,"url":"https:\/\/collall.nl\/wp-content\/uploads\/2022\/03\/COLGT160DP.jpg","type":"image\/jpeg"}],"twitter_card":"summary_large_image","twitter_misc":{"Dur\u00e9e de lecture estim\u00e9e":"2 minutes"},"schema":{"@context":"https:\/\/schema.org","@graph":[{"@type":"WebPage","@id":"https:\/\/collall.nl\/fr\/product\/collall-glue-tack-2\/","url":"https:\/\/collall.nl\/fr\/product\/collall-glue-tack-2\/","name":"Collall Glue-Tack - Collall","isPartOf":{"@id":"https:\/\/collall.nl\/#website"},"primaryImageOfPage":{"@id":"https:\/\/collall.nl\/fr\/product\/collall-glue-tack-2\/#primaryimage"},"image":{"@id":"https:\/\/collall.nl\/fr\/product\/collall-glue-tack-2\/#primaryimage"},"thumbnailUrl":"https:\/\/collall.nl\/wp-content\/uploads\/2022\/03\/COLGT160DP.jpg","datePublished":"2022-03-01T09:42:32+00:00","dateModified":"2025-03-25T07:30:23+00:00","breadcrumb":{"@id":"https:\/\/collall.nl\/fr\/product\/collall-glue-tack-2\/#breadcrumb"},"inLanguage":"fr-FR","potentialAction":[{"@type":"ReadAction","target":["https:\/\/collall.nl\/fr\/product\/collall-glue-tack-2\/"]}]},{"@type":"ImageObject","inLanguage":"fr-FR","@id":"https:\/\/collall.nl\/fr\/product\/collall-glue-tack-2\/#primaryimage","url":"https:\/\/collall.nl\/wp-content\/uploads\/2022\/03\/COLGT160DP.jpg","contentUrl":"https:\/\/collall.nl\/wp-content\/uploads\/2022\/03\/COLGT160DP.jpg","width":800,"height":800,"caption":"COLGT160DP"},{"@type":"BreadcrumbList","@id":"https:\/\/collall.nl\/fr\/product\/collall-glue-tack-2\/#breadcrumb","itemListElement":[{"@type":"ListItem","position":1,"name":"Home","item":"https:\/\/collall.nl\/fr\/"},{"@type":"ListItem","position":2,"name":"Produits","item":"https:\/\/collall.nl\/fr\/produits\/"},{"@type":"ListItem","position":3,"name":"Collall Glue-Tack"}]},{"@type":"WebSite","@id":"https:\/\/collall.nl\/#website","url":"https:\/\/collall.nl\/","name":"Collall","description":"Adhesives &amp; Paints since 1949","publisher":{"@id":"https:\/\/collall.nl\/#organization"},"potentialAction":[{"@type":"SearchAction","target":{"@type":"EntryPoint","urlTemplate":"https:\/\/collall.nl\/?s={search_term_string}"},"query-input":{"@type":"PropertyValueSpecification","valueRequired":true,"valueName":"search_term_string"}}],"inLanguage":"fr-FR"},{"@type":"Organization","@id":"https:\/\/collall.nl\/#organization","name":"Collall B.V.","url":"https:\/\/collall.nl\/","logo":{"@type":"ImageObject","inLanguage":"fr-FR","@id":"https:\/\/collall.nl\/#\/schema\/logo\/image\/","url":"https:\/\/collall.nl\/wp-content\/uploads\/2022\/08\/Collall-logo-186C_Reflex-blue.jpg","contentUrl":"https:\/\/collall.nl\/wp-content\/uploads\/2022\/08\/Collall-logo-186C_Reflex-blue.jpg","width":1963,"height":1179,"caption":"Collall B.V."},"image":{"@id":"https:\/\/collall.nl\/#\/schema\/logo\/image\/"},"sameAs":["https:\/\/www.facebook.com\/people\/Collall\/100064976852539\/","https:\/\/www.instagram.com\/collall_1949\/","https:\/\/nl.pinterest.com\/CollallBV\/","https:\/\/www.youtube.com\/channel\/UCrCGuwth_udZhTqJSh5g9zg"]}]}},"_links":{"self":[{"href":"https:\/\/collall.nl\/fr\/wp-json\/wp\/v2\/product\/14017","targetHints":{"allow":["GET"]}}],"collection":[{"href":"https:\/\/collall.nl\/fr\/wp-json\/wp\/v2\/product"}],"about":[{"href":"https:\/\/collall.nl\/fr\/wp-json\/wp\/v2\/types\/product"}],"replies":[{"embeddable":true,"href":"https:\/\/collall.nl\/fr\/wp-json\/wp\/v2\/comments?post=14017"}],"wp:featuredmedia":[{"embeddable":true,"href":"https:\/\/collall.nl\/fr\/wp-json\/wp\/v2\/media\/19686"}],"wp:attachment":[{"href":"https:\/\/collall.nl\/fr\/wp-json\/wp\/v2\/media?parent=14017"}],"wp:term":[{"taxonomy":"product_brand","embeddable":true,"href":"https:\/\/collall.nl\/fr\/wp-json\/wp\/v2\/product_brand?post=14017"},{"taxonomy":"product_cat","embeddable":true,"href":"https:\/\/collall.nl\/fr\/wp-json\/wp\/v2\/product_cat?post=14017"},{"taxonomy":"product_tag","embeddable":true,"href":"https:\/\/collall.nl\/fr\/wp-json\/wp\/v2\/product_tag?post=14017"}],"curies":[{"name":"wp","href":"https:\/\/api.w.org\/{rel}","templated":true}]}}