{"id":13838,"date":"2022-03-01T09:41:28","date_gmt":"2022-03-01T09:41:33","guid":{"rendered":"http:\/\/collall.test\/product\/colorall-pinceaux-a-colle-spatules\/"},"modified":"2022-12-06T12:48:04","modified_gmt":"2022-12-06T12:48:04","slug":"colorall-pinceaux-a-colle-spatules","status":"publish","type":"product","link":"https:\/\/collall.nl\/fr\/product\/colorall-pinceaux-a-colle-spatules\/","title":{"rendered":"Colorall Pinceaux \u00e0 Colle &#038; Spatules"},"content":{"rendered":"<h3>Colorall Pinceaux \u00e0 Colle<\/h3>\n<p>De cette mani\u00e8re, la colle peut \u00eatre appliqu\u00e9e et \u00e9tal\u00e9e r\u00e9guli\u00e8rement et n\u2019est pas trop \u00e9paisse sur le papier ou sur un autre support. Les petits pinceaux \u00e0 colle plats ont un manche en mati\u00e8re synth\u00e9tique et les longs pinceaux \u00e0 colle ont un manche en bois. Ces deux types de pinceaux sont munis de poils en soie de porc blancs et st\u00e9rilis\u00e9s.<\/p>\n","protected":false},"excerpt":{"rendered":"<p>Pinceaux \u00e0 colle et spatules pour distribuer la colle.<\/p>\n","protected":false},"featured_media":5835,"comment_status":"open","ping_status":"closed","template":"","meta":{"_acf_changed":false},"product_brand":[],"product_cat":[190],"product_tag":[],"class_list":{"0":"post-13838","1":"product","2":"type-product","3":"status-publish","4":"has-post-thumbnail","6":"product_cat-brosses-pinceaux-et-spatules","8":"first","9":"instock","10":"shipping-taxable","11":"purchasable","12":"product-type-variable"},"acf":[],"yoast_head":"<!-- This site is optimized with the Yoast SEO plugin v27.2 - https:\/\/yoast.com\/product\/yoast-seo-wordpress\/ -->\n<title>Colorall Pinceaux \u00e0 Colle &amp; Spatules - Collall<\/title>\n<meta name=\"description\" content=\"Colorall Pinceaux \u00e0 Colle &amp; Spatules\" \/>\n<meta name=\"robots\" content=\"index, follow, max-snippet:-1, max-image-preview:large, max-video-preview:-1\" \/>\n<link rel=\"canonical\" href=\"https:\/\/collall.nl\/fr\/product\/colorall-pinceaux-a-colle-spatules\/\" \/>\n<meta property=\"og:locale\" content=\"fr_FR\" \/>\n<meta property=\"og:type\" content=\"article\" \/>\n<meta property=\"og:title\" content=\"Colorall Pinceaux \u00e0 Colle &amp; Spatules - Collall\" \/>\n<meta property=\"og:description\" content=\"Colorall Pinceaux \u00e0 Colle &amp; Spatules\" \/>\n<meta property=\"og:url\" content=\"https:\/\/collall.nl\/fr\/product\/colorall-pinceaux-a-colle-spatules\/\" \/>\n<meta property=\"og:site_name\" content=\"Collall\" \/>\n<meta property=\"article:publisher\" content=\"https:\/\/www.facebook.com\/people\/Collall\/100064976852539\/\" \/>\n<meta property=\"article:modified_time\" content=\"2022-12-06T12:48:04+00:00\" \/>\n<meta property=\"og:image\" content=\"https:\/\/collall.nl\/wp-content\/uploads\/2022\/02\/COLKWPLAT-gluebrushes.jpg\" \/>\n\t<meta property=\"og:image:width\" content=\"1595\" \/>\n\t<meta property=\"og:image:height\" content=\"1063\" \/>\n\t<meta property=\"og:image:type\" content=\"image\/jpeg\" \/>\n<meta name=\"twitter:card\" content=\"summary_large_image\" \/>\n<script type=\"application\/ld+json\" class=\"yoast-schema-graph\">{\"@context\":\"https:\/\/schema.org\",\"@graph\":[{\"@type\":\"WebPage\",\"@id\":\"https:\/\/collall.nl\/fr\/product\/colorall-pinceaux-a-colle-spatules\/\",\"url\":\"https:\/\/collall.nl\/fr\/product\/colorall-pinceaux-a-colle-spatules\/\",\"name\":\"Colorall Pinceaux \u00e0 Colle & Spatules - Collall\",\"isPartOf\":{\"@id\":\"https:\/\/collall.nl\/#website\"},\"primaryImageOfPage\":{\"@id\":\"https:\/\/collall.nl\/fr\/product\/colorall-pinceaux-a-colle-spatules\/#primaryimage\"},\"image\":{\"@id\":\"https:\/\/collall.nl\/fr\/product\/colorall-pinceaux-a-colle-spatules\/#primaryimage\"},\"thumbnailUrl\":\"https:\/\/collall.nl\/wp-content\/uploads\/2022\/02\/COLKWPLAT-gluebrushes.jpg\",\"datePublished\":\"2022-03-01T09:41:33+00:00\",\"dateModified\":\"2022-12-06T12:48:04+00:00\",\"description\":\"Colorall Pinceaux \u00e0 Colle & Spatules\",\"breadcrumb\":{\"@id\":\"https:\/\/collall.nl\/fr\/product\/colorall-pinceaux-a-colle-spatules\/#breadcrumb\"},\"inLanguage\":\"fr-FR\",\"potentialAction\":[{\"@type\":\"ReadAction\",\"target\":[\"https:\/\/collall.nl\/fr\/product\/colorall-pinceaux-a-colle-spatules\/\"]}]},{\"@type\":\"ImageObject\",\"inLanguage\":\"fr-FR\",\"@id\":\"https:\/\/collall.nl\/fr\/product\/colorall-pinceaux-a-colle-spatules\/#primaryimage\",\"url\":\"https:\/\/collall.nl\/wp-content\/uploads\/2022\/02\/COLKWPLAT-gluebrushes.jpg\",\"contentUrl\":\"https:\/\/collall.nl\/wp-content\/uploads\/2022\/02\/COLKWPLAT-gluebrushes.jpg\",\"width\":1595,\"height\":1063},{\"@type\":\"BreadcrumbList\",\"@id\":\"https:\/\/collall.nl\/fr\/product\/colorall-pinceaux-a-colle-spatules\/#breadcrumb\",\"itemListElement\":[{\"@type\":\"ListItem\",\"position\":1,\"name\":\"Home\",\"item\":\"https:\/\/collall.nl\/fr\/\"},{\"@type\":\"ListItem\",\"position\":2,\"name\":\"Produits\",\"item\":\"https:\/\/collall.nl\/fr\/produits\/\"},{\"@type\":\"ListItem\",\"position\":3,\"name\":\"Colorall Pinceaux \u00e0 Colle &#038; Spatules\"}]},{\"@type\":\"WebSite\",\"@id\":\"https:\/\/collall.nl\/#website\",\"url\":\"https:\/\/collall.nl\/\",\"name\":\"Collall\",\"description\":\"Adhesives &amp; Paints since 1949\",\"publisher\":{\"@id\":\"https:\/\/collall.nl\/#organization\"},\"potentialAction\":[{\"@type\":\"SearchAction\",\"target\":{\"@type\":\"EntryPoint\",\"urlTemplate\":\"https:\/\/collall.nl\/?s={search_term_string}\"},\"query-input\":{\"@type\":\"PropertyValueSpecification\",\"valueRequired\":true,\"valueName\":\"search_term_string\"}}],\"inLanguage\":\"fr-FR\"},{\"@type\":\"Organization\",\"@id\":\"https:\/\/collall.nl\/#organization\",\"name\":\"Collall B.V.\",\"url\":\"https:\/\/collall.nl\/\",\"logo\":{\"@type\":\"ImageObject\",\"inLanguage\":\"fr-FR\",\"@id\":\"https:\/\/collall.nl\/#\/schema\/logo\/image\/\",\"url\":\"https:\/\/collall.nl\/wp-content\/uploads\/2022\/08\/Collall-logo-186C_Reflex-blue.jpg\",\"contentUrl\":\"https:\/\/collall.nl\/wp-content\/uploads\/2022\/08\/Collall-logo-186C_Reflex-blue.jpg\",\"width\":1963,\"height\":1179,\"caption\":\"Collall B.V.\"},\"image\":{\"@id\":\"https:\/\/collall.nl\/#\/schema\/logo\/image\/\"},\"sameAs\":[\"https:\/\/www.facebook.com\/people\/Collall\/100064976852539\/\",\"https:\/\/www.instagram.com\/collall_1949\/\",\"https:\/\/nl.pinterest.com\/CollallBV\/\",\"https:\/\/www.youtube.com\/channel\/UCrCGuwth_udZhTqJSh5g9zg\"]}]}<\/script>\n<!-- \/ Yoast SEO plugin. -->","yoast_head_json":{"title":"Colorall Pinceaux \u00e0 Colle & Spatules - Collall","description":"Colorall Pinceaux \u00e0 Colle & Spatules","robots":{"index":"index","follow":"follow","max-snippet":"max-snippet:-1","max-image-preview":"max-image-preview:large","max-video-preview":"max-video-preview:-1"},"canonical":"https:\/\/collall.nl\/fr\/product\/colorall-pinceaux-a-colle-spatules\/","og_locale":"fr_FR","og_type":"article","og_title":"Colorall Pinceaux \u00e0 Colle & Spatules - Collall","og_description":"Colorall Pinceaux \u00e0 Colle & Spatules","og_url":"https:\/\/collall.nl\/fr\/product\/colorall-pinceaux-a-colle-spatules\/","og_site_name":"Collall","article_publisher":"https:\/\/www.facebook.com\/people\/Collall\/100064976852539\/","article_modified_time":"2022-12-06T12:48:04+00:00","og_image":[{"width":1595,"height":1063,"url":"https:\/\/collall.nl\/wp-content\/uploads\/2022\/02\/COLKWPLAT-gluebrushes.jpg","type":"image\/jpeg"}],"twitter_card":"summary_large_image","schema":{"@context":"https:\/\/schema.org","@graph":[{"@type":"WebPage","@id":"https:\/\/collall.nl\/fr\/product\/colorall-pinceaux-a-colle-spatules\/","url":"https:\/\/collall.nl\/fr\/product\/colorall-pinceaux-a-colle-spatules\/","name":"Colorall Pinceaux \u00e0 Colle & Spatules - Collall","isPartOf":{"@id":"https:\/\/collall.nl\/#website"},"primaryImageOfPage":{"@id":"https:\/\/collall.nl\/fr\/product\/colorall-pinceaux-a-colle-spatules\/#primaryimage"},"image":{"@id":"https:\/\/collall.nl\/fr\/product\/colorall-pinceaux-a-colle-spatules\/#primaryimage"},"thumbnailUrl":"https:\/\/collall.nl\/wp-content\/uploads\/2022\/02\/COLKWPLAT-gluebrushes.jpg","datePublished":"2022-03-01T09:41:33+00:00","dateModified":"2022-12-06T12:48:04+00:00","description":"Colorall Pinceaux \u00e0 Colle & Spatules","breadcrumb":{"@id":"https:\/\/collall.nl\/fr\/product\/colorall-pinceaux-a-colle-spatules\/#breadcrumb"},"inLanguage":"fr-FR","potentialAction":[{"@type":"ReadAction","target":["https:\/\/collall.nl\/fr\/product\/colorall-pinceaux-a-colle-spatules\/"]}]},{"@type":"ImageObject","inLanguage":"fr-FR","@id":"https:\/\/collall.nl\/fr\/product\/colorall-pinceaux-a-colle-spatules\/#primaryimage","url":"https:\/\/collall.nl\/wp-content\/uploads\/2022\/02\/COLKWPLAT-gluebrushes.jpg","contentUrl":"https:\/\/collall.nl\/wp-content\/uploads\/2022\/02\/COLKWPLAT-gluebrushes.jpg","width":1595,"height":1063},{"@type":"BreadcrumbList","@id":"https:\/\/collall.nl\/fr\/product\/colorall-pinceaux-a-colle-spatules\/#breadcrumb","itemListElement":[{"@type":"ListItem","position":1,"name":"Home","item":"https:\/\/collall.nl\/fr\/"},{"@type":"ListItem","position":2,"name":"Produits","item":"https:\/\/collall.nl\/fr\/produits\/"},{"@type":"ListItem","position":3,"name":"Colorall Pinceaux \u00e0 Colle &#038; Spatules"}]},{"@type":"WebSite","@id":"https:\/\/collall.nl\/#website","url":"https:\/\/collall.nl\/","name":"Collall","description":"Adhesives &amp; Paints since 1949","publisher":{"@id":"https:\/\/collall.nl\/#organization"},"potentialAction":[{"@type":"SearchAction","target":{"@type":"EntryPoint","urlTemplate":"https:\/\/collall.nl\/?s={search_term_string}"},"query-input":{"@type":"PropertyValueSpecification","valueRequired":true,"valueName":"search_term_string"}}],"inLanguage":"fr-FR"},{"@type":"Organization","@id":"https:\/\/collall.nl\/#organization","name":"Collall B.V.","url":"https:\/\/collall.nl\/","logo":{"@type":"ImageObject","inLanguage":"fr-FR","@id":"https:\/\/collall.nl\/#\/schema\/logo\/image\/","url":"https:\/\/collall.nl\/wp-content\/uploads\/2022\/08\/Collall-logo-186C_Reflex-blue.jpg","contentUrl":"https:\/\/collall.nl\/wp-content\/uploads\/2022\/08\/Collall-logo-186C_Reflex-blue.jpg","width":1963,"height":1179,"caption":"Collall B.V."},"image":{"@id":"https:\/\/collall.nl\/#\/schema\/logo\/image\/"},"sameAs":["https:\/\/www.facebook.com\/people\/Collall\/100064976852539\/","https:\/\/www.instagram.com\/collall_1949\/","https:\/\/nl.pinterest.com\/CollallBV\/","https:\/\/www.youtube.com\/channel\/UCrCGuwth_udZhTqJSh5g9zg"]}]}},"_links":{"self":[{"href":"https:\/\/collall.nl\/fr\/wp-json\/wp\/v2\/product\/13838","targetHints":{"allow":["GET"]}}],"collection":[{"href":"https:\/\/collall.nl\/fr\/wp-json\/wp\/v2\/product"}],"about":[{"href":"https:\/\/collall.nl\/fr\/wp-json\/wp\/v2\/types\/product"}],"replies":[{"embeddable":true,"href":"https:\/\/collall.nl\/fr\/wp-json\/wp\/v2\/comments?post=13838"}],"wp:featuredmedia":[{"embeddable":true,"href":"https:\/\/collall.nl\/fr\/wp-json\/wp\/v2\/media\/5835"}],"wp:attachment":[{"href":"https:\/\/collall.nl\/fr\/wp-json\/wp\/v2\/media?parent=13838"}],"wp:term":[{"taxonomy":"product_brand","embeddable":true,"href":"https:\/\/collall.nl\/fr\/wp-json\/wp\/v2\/product_brand?post=13838"},{"taxonomy":"product_cat","embeddable":true,"href":"https:\/\/collall.nl\/fr\/wp-json\/wp\/v2\/product_cat?post=13838"},{"taxonomy":"product_tag","embeddable":true,"href":"https:\/\/collall.nl\/fr\/wp-json\/wp\/v2\/product_tag?post=13838"}],"curies":[{"name":"wp","href":"https:\/\/api.w.org\/{rel}","templated":true}]}}