{"id":13670,"date":"2022-03-01T09:40:48","date_gmt":"2022-03-01T09:40:49","guid":{"rendered":"http:\/\/collall.test\/product\/color-me-yeux-mobiles\/"},"modified":"2025-04-28T13:33:42","modified_gmt":"2025-04-28T11:33:42","slug":"color-me-yeux-mobiles","status":"publish","type":"product","link":"https:\/\/collall.nl\/fr\/product\/color-me-yeux-mobiles\/","title":{"rendered":"Color Me! Yeux Mobiles"},"content":{"rendered":"<p class=\"\" data-start=\"40\" data-end=\"135\"><strong data-start=\"40\" data-end=\"135\">Les yeux mobiles et autocollants donnent \u00e0 chaque cr\u00e9ation un caract\u00e8re vivant et amusant !<\/strong><\/p>\n<p class=\"\" data-start=\"137\" data-end=\"509\">Disponibles dans un assortiment de 250 yeux mobiles, en trois tailles diff\u00e9rentes. Un ajout fantastique aux projets de bricolage gr\u00e2ce \u00e0 leur caract\u00e8re expressif et leurs propri\u00e9t\u00e9s faciles \u00e0 utiliser. En utilisant des yeux mobiles et autocollants, les cr\u00e9ateurs de tous \u00e2ges peuvent laisser libre cours \u00e0 leur imagination et r\u00e9aliser des cr\u00e9ations vivantes et amusantes !<\/p>\n<p class=\"\" data-start=\"511\" data-end=\"556\"><strong data-start=\"511\" data-end=\"556\">Contenu de l&rsquo;assortiment d&rsquo;yeux mobiles :<\/strong><\/p>\n<ul data-start=\"558\" data-end=\"615\">\n<li class=\"\" data-start=\"558\" data-end=\"577\">\n<p class=\"\" data-start=\"560\" data-end=\"577\">125x petits 10 mm<\/p>\n<\/li>\n<li class=\"\" data-start=\"578\" data-end=\"596\">\n<p class=\"\" data-start=\"580\" data-end=\"596\">75x moyens 15 mm<\/p>\n<\/li>\n<li class=\"\" data-start=\"597\" data-end=\"615\">\n<p class=\"\" data-start=\"599\" data-end=\"615\">50x grands 20 mm<\/p>\n<\/li>\n<\/ul>\n<p class=\"\" data-start=\"617\" data-end=\"635\"><strong data-start=\"617\" data-end=\"635\">Applications :<\/strong><\/p>\n<ul data-start=\"637\" data-end=\"1530\">\n<li class=\"\" data-start=\"637\" data-end=\"923\">\n<p class=\"\" data-start=\"639\" data-end=\"923\"><strong data-start=\"639\" data-end=\"676\">Projets de bricolage pour enfants<\/strong> : Ces yeux mobiles autocollants sont parfaits pour les projets de bricolage pour enfants. Les enfants peuvent les utiliser pour ajouter du caract\u00e8re \u00e0 leurs cr\u00e9ations faites maison telles que des animaux, des monstres, des poup\u00e9es et plus encore.<\/p>\n<\/li>\n<li class=\"\" data-start=\"924\" data-end=\"1285\">\n<p class=\"\" data-start=\"926\" data-end=\"1285\"><strong data-start=\"926\" data-end=\"949\">Personnages vivants<\/strong> : Les yeux mobiles peuvent \u00e9galement \u00eatre utilis\u00e9s sur des figurines faites d&rsquo;argile, de p\u00e2te \u00e0 sel et d&rsquo;autres mat\u00e9riaux similaires. Ils ajoutent un \u00e9l\u00e9ment ludique et vivant \u00e0 ces cr\u00e9ations. Que vous r\u00e9alisiez un dessin, une peinture ou tout autre projet de bricolage, ces yeux donnent \u00e0 vos cr\u00e9ations un caract\u00e8re vivant et amusant.<\/p>\n<\/li>\n<li class=\"\" data-start=\"1286\" data-end=\"1530\">\n<p class=\"\" data-start=\"1288\" data-end=\"1530\"><strong data-start=\"1288\" data-end=\"1303\">Polyvalence<\/strong> : Les yeux mobiles sont polyvalents et peuvent \u00eatre utilis\u00e9s sur diff\u00e9rents mat\u00e9riaux, y compris le papier, le carton, le tissu, l&rsquo;argile, et bien d&rsquo;autres. Cela les rend id\u00e9aux pour une grande vari\u00e9t\u00e9 de projets de bricolage.<\/p>\n<\/li>\n<\/ul>\n<p class=\"\" data-start=\"1532\" data-end=\"1804\"><strong data-start=\"1532\" data-end=\"1558\">Conseils d&rsquo;utilisation<\/strong> : Assurez-vous que la surface sur laquelle vous placez les yeux mobiles est propre et s\u00e8che pour une bonne adh\u00e9rence. Appuyez-les fermement pour vous assurer qu&rsquo;ils sont bien fix\u00e9s. Exp\u00e9rimentez avec diff\u00e9rentes tailles pour cr\u00e9er divers effets.<\/p>\n<p class=\"\" data-start=\"1806\" data-end=\"1969\"><strong data-start=\"1806\" data-end=\"1823\">Convient pour<\/strong> : Les enfants \u00e0 partir de 3 ans peuvent profiter de l&rsquo;utilisation des yeux mobiles, mais il est essentiel qu&rsquo;ils soient supervis\u00e9s par un adulte.<\/p>\n","protected":false},"excerpt":{"rendered":"<p>Les yeux mobiles et autocollants donnent \u00e0 chaque cr\u00e9ation un caract\u00e8re vivant et amusant !<\/p>\n","protected":false},"featured_media":19376,"comment_status":"open","ping_status":"closed","template":"","meta":{"_acf_changed":false},"product_brand":[],"product_cat":[186],"product_tag":[],"class_list":{"0":"post-13670","1":"product","2":"type-product","3":"status-publish","4":"has-post-thumbnail","6":"product_cat-materiel-de-decoration-et-restant","8":"first","9":"instock","10":"shipping-taxable","11":"purchasable","12":"product-type-variable"},"acf":[],"yoast_head":"<!-- This site is optimized with the Yoast SEO plugin v27.2 - https:\/\/yoast.com\/product\/yoast-seo-wordpress\/ -->\n<title>Color Me! Yeux Mobiles - Collall<\/title>\n<meta name=\"description\" content=\"Les yeux mobiles et autocollants donnent \u00e0 chaque cr\u00e9ation un caract\u00e8re vivant et amusant !\" \/>\n<meta name=\"robots\" content=\"index, follow, max-snippet:-1, max-image-preview:large, max-video-preview:-1\" \/>\n<link rel=\"canonical\" href=\"https:\/\/collall.nl\/fr\/product\/color-me-yeux-mobiles\/\" \/>\n<meta property=\"og:locale\" content=\"fr_FR\" \/>\n<meta property=\"og:type\" content=\"article\" \/>\n<meta property=\"og:title\" content=\"Color Me! Yeux Mobiles - Collall\" \/>\n<meta property=\"og:description\" content=\"Les yeux mobiles et autocollants donnent \u00e0 chaque cr\u00e9ation un caract\u00e8re vivant et amusant !\" \/>\n<meta property=\"og:url\" content=\"https:\/\/collall.nl\/fr\/product\/color-me-yeux-mobiles\/\" \/>\n<meta property=\"og:site_name\" content=\"Collall\" \/>\n<meta property=\"article:publisher\" content=\"https:\/\/www.facebook.com\/people\/Collall\/100064976852539\/\" \/>\n<meta property=\"article:modified_time\" content=\"2025-04-28T11:33:42+00:00\" \/>\n<meta property=\"og:image\" content=\"https:\/\/collall.nl\/wp-content\/uploads\/2022\/03\/COLEYES0250.jpg\" \/>\n\t<meta property=\"og:image:width\" content=\"800\" \/>\n\t<meta property=\"og:image:height\" content=\"800\" \/>\n\t<meta property=\"og:image:type\" content=\"image\/jpeg\" \/>\n<meta name=\"twitter:card\" content=\"summary_large_image\" \/>\n<meta name=\"twitter:label1\" content=\"Dur\u00e9e de lecture estim\u00e9e\" \/>\n\t<meta name=\"twitter:data1\" content=\"2 minutes\" \/>\n<script type=\"application\/ld+json\" class=\"yoast-schema-graph\">{\"@context\":\"https:\/\/schema.org\",\"@graph\":[{\"@type\":\"WebPage\",\"@id\":\"https:\/\/collall.nl\/fr\/product\/color-me-yeux-mobiles\/\",\"url\":\"https:\/\/collall.nl\/fr\/product\/color-me-yeux-mobiles\/\",\"name\":\"Color Me! Yeux Mobiles - Collall\",\"isPartOf\":{\"@id\":\"https:\/\/collall.nl\/#website\"},\"primaryImageOfPage\":{\"@id\":\"https:\/\/collall.nl\/fr\/product\/color-me-yeux-mobiles\/#primaryimage\"},\"image\":{\"@id\":\"https:\/\/collall.nl\/fr\/product\/color-me-yeux-mobiles\/#primaryimage\"},\"thumbnailUrl\":\"https:\/\/collall.nl\/wp-content\/uploads\/2022\/03\/COLEYES0250.jpg\",\"datePublished\":\"2022-03-01T09:40:49+00:00\",\"dateModified\":\"2025-04-28T11:33:42+00:00\",\"description\":\"Les yeux mobiles et autocollants donnent \u00e0 chaque cr\u00e9ation un caract\u00e8re vivant et amusant !\",\"breadcrumb\":{\"@id\":\"https:\/\/collall.nl\/fr\/product\/color-me-yeux-mobiles\/#breadcrumb\"},\"inLanguage\":\"fr-FR\",\"potentialAction\":[{\"@type\":\"ReadAction\",\"target\":[\"https:\/\/collall.nl\/fr\/product\/color-me-yeux-mobiles\/\"]}]},{\"@type\":\"ImageObject\",\"inLanguage\":\"fr-FR\",\"@id\":\"https:\/\/collall.nl\/fr\/product\/color-me-yeux-mobiles\/#primaryimage\",\"url\":\"https:\/\/collall.nl\/wp-content\/uploads\/2022\/03\/COLEYES0250.jpg\",\"contentUrl\":\"https:\/\/collall.nl\/wp-content\/uploads\/2022\/03\/COLEYES0250.jpg\",\"width\":800,\"height\":800},{\"@type\":\"BreadcrumbList\",\"@id\":\"https:\/\/collall.nl\/fr\/product\/color-me-yeux-mobiles\/#breadcrumb\",\"itemListElement\":[{\"@type\":\"ListItem\",\"position\":1,\"name\":\"Home\",\"item\":\"https:\/\/collall.nl\/fr\/\"},{\"@type\":\"ListItem\",\"position\":2,\"name\":\"Produits\",\"item\":\"https:\/\/collall.nl\/fr\/produits\/\"},{\"@type\":\"ListItem\",\"position\":3,\"name\":\"Color Me! Yeux Mobiles\"}]},{\"@type\":\"WebSite\",\"@id\":\"https:\/\/collall.nl\/#website\",\"url\":\"https:\/\/collall.nl\/\",\"name\":\"Collall\",\"description\":\"Adhesives &amp; Paints since 1949\",\"publisher\":{\"@id\":\"https:\/\/collall.nl\/#organization\"},\"potentialAction\":[{\"@type\":\"SearchAction\",\"target\":{\"@type\":\"EntryPoint\",\"urlTemplate\":\"https:\/\/collall.nl\/?s={search_term_string}\"},\"query-input\":{\"@type\":\"PropertyValueSpecification\",\"valueRequired\":true,\"valueName\":\"search_term_string\"}}],\"inLanguage\":\"fr-FR\"},{\"@type\":\"Organization\",\"@id\":\"https:\/\/collall.nl\/#organization\",\"name\":\"Collall B.V.\",\"url\":\"https:\/\/collall.nl\/\",\"logo\":{\"@type\":\"ImageObject\",\"inLanguage\":\"fr-FR\",\"@id\":\"https:\/\/collall.nl\/#\/schema\/logo\/image\/\",\"url\":\"https:\/\/collall.nl\/wp-content\/uploads\/2022\/08\/Collall-logo-186C_Reflex-blue.jpg\",\"contentUrl\":\"https:\/\/collall.nl\/wp-content\/uploads\/2022\/08\/Collall-logo-186C_Reflex-blue.jpg\",\"width\":1963,\"height\":1179,\"caption\":\"Collall B.V.\"},\"image\":{\"@id\":\"https:\/\/collall.nl\/#\/schema\/logo\/image\/\"},\"sameAs\":[\"https:\/\/www.facebook.com\/people\/Collall\/100064976852539\/\",\"https:\/\/www.instagram.com\/collall_1949\/\",\"https:\/\/nl.pinterest.com\/CollallBV\/\",\"https:\/\/www.youtube.com\/channel\/UCrCGuwth_udZhTqJSh5g9zg\"]}]}<\/script>\n<!-- \/ Yoast SEO plugin. -->","yoast_head_json":{"title":"Color Me! Yeux Mobiles - Collall","description":"Les yeux mobiles et autocollants donnent \u00e0 chaque cr\u00e9ation un caract\u00e8re vivant et amusant !","robots":{"index":"index","follow":"follow","max-snippet":"max-snippet:-1","max-image-preview":"max-image-preview:large","max-video-preview":"max-video-preview:-1"},"canonical":"https:\/\/collall.nl\/fr\/product\/color-me-yeux-mobiles\/","og_locale":"fr_FR","og_type":"article","og_title":"Color Me! Yeux Mobiles - Collall","og_description":"Les yeux mobiles et autocollants donnent \u00e0 chaque cr\u00e9ation un caract\u00e8re vivant et amusant !","og_url":"https:\/\/collall.nl\/fr\/product\/color-me-yeux-mobiles\/","og_site_name":"Collall","article_publisher":"https:\/\/www.facebook.com\/people\/Collall\/100064976852539\/","article_modified_time":"2025-04-28T11:33:42+00:00","og_image":[{"width":800,"height":800,"url":"https:\/\/collall.nl\/wp-content\/uploads\/2022\/03\/COLEYES0250.jpg","type":"image\/jpeg"}],"twitter_card":"summary_large_image","twitter_misc":{"Dur\u00e9e de lecture estim\u00e9e":"2 minutes"},"schema":{"@context":"https:\/\/schema.org","@graph":[{"@type":"WebPage","@id":"https:\/\/collall.nl\/fr\/product\/color-me-yeux-mobiles\/","url":"https:\/\/collall.nl\/fr\/product\/color-me-yeux-mobiles\/","name":"Color Me! Yeux Mobiles - Collall","isPartOf":{"@id":"https:\/\/collall.nl\/#website"},"primaryImageOfPage":{"@id":"https:\/\/collall.nl\/fr\/product\/color-me-yeux-mobiles\/#primaryimage"},"image":{"@id":"https:\/\/collall.nl\/fr\/product\/color-me-yeux-mobiles\/#primaryimage"},"thumbnailUrl":"https:\/\/collall.nl\/wp-content\/uploads\/2022\/03\/COLEYES0250.jpg","datePublished":"2022-03-01T09:40:49+00:00","dateModified":"2025-04-28T11:33:42+00:00","description":"Les yeux mobiles et autocollants donnent \u00e0 chaque cr\u00e9ation un caract\u00e8re vivant et amusant !","breadcrumb":{"@id":"https:\/\/collall.nl\/fr\/product\/color-me-yeux-mobiles\/#breadcrumb"},"inLanguage":"fr-FR","potentialAction":[{"@type":"ReadAction","target":["https:\/\/collall.nl\/fr\/product\/color-me-yeux-mobiles\/"]}]},{"@type":"ImageObject","inLanguage":"fr-FR","@id":"https:\/\/collall.nl\/fr\/product\/color-me-yeux-mobiles\/#primaryimage","url":"https:\/\/collall.nl\/wp-content\/uploads\/2022\/03\/COLEYES0250.jpg","contentUrl":"https:\/\/collall.nl\/wp-content\/uploads\/2022\/03\/COLEYES0250.jpg","width":800,"height":800},{"@type":"BreadcrumbList","@id":"https:\/\/collall.nl\/fr\/product\/color-me-yeux-mobiles\/#breadcrumb","itemListElement":[{"@type":"ListItem","position":1,"name":"Home","item":"https:\/\/collall.nl\/fr\/"},{"@type":"ListItem","position":2,"name":"Produits","item":"https:\/\/collall.nl\/fr\/produits\/"},{"@type":"ListItem","position":3,"name":"Color Me! Yeux Mobiles"}]},{"@type":"WebSite","@id":"https:\/\/collall.nl\/#website","url":"https:\/\/collall.nl\/","name":"Collall","description":"Adhesives &amp; Paints since 1949","publisher":{"@id":"https:\/\/collall.nl\/#organization"},"potentialAction":[{"@type":"SearchAction","target":{"@type":"EntryPoint","urlTemplate":"https:\/\/collall.nl\/?s={search_term_string}"},"query-input":{"@type":"PropertyValueSpecification","valueRequired":true,"valueName":"search_term_string"}}],"inLanguage":"fr-FR"},{"@type":"Organization","@id":"https:\/\/collall.nl\/#organization","name":"Collall B.V.","url":"https:\/\/collall.nl\/","logo":{"@type":"ImageObject","inLanguage":"fr-FR","@id":"https:\/\/collall.nl\/#\/schema\/logo\/image\/","url":"https:\/\/collall.nl\/wp-content\/uploads\/2022\/08\/Collall-logo-186C_Reflex-blue.jpg","contentUrl":"https:\/\/collall.nl\/wp-content\/uploads\/2022\/08\/Collall-logo-186C_Reflex-blue.jpg","width":1963,"height":1179,"caption":"Collall B.V."},"image":{"@id":"https:\/\/collall.nl\/#\/schema\/logo\/image\/"},"sameAs":["https:\/\/www.facebook.com\/people\/Collall\/100064976852539\/","https:\/\/www.instagram.com\/collall_1949\/","https:\/\/nl.pinterest.com\/CollallBV\/","https:\/\/www.youtube.com\/channel\/UCrCGuwth_udZhTqJSh5g9zg"]}]}},"_links":{"self":[{"href":"https:\/\/collall.nl\/fr\/wp-json\/wp\/v2\/product\/13670","targetHints":{"allow":["GET"]}}],"collection":[{"href":"https:\/\/collall.nl\/fr\/wp-json\/wp\/v2\/product"}],"about":[{"href":"https:\/\/collall.nl\/fr\/wp-json\/wp\/v2\/types\/product"}],"replies":[{"embeddable":true,"href":"https:\/\/collall.nl\/fr\/wp-json\/wp\/v2\/comments?post=13670"}],"wp:featuredmedia":[{"embeddable":true,"href":"https:\/\/collall.nl\/fr\/wp-json\/wp\/v2\/media\/19376"}],"wp:attachment":[{"href":"https:\/\/collall.nl\/fr\/wp-json\/wp\/v2\/media?parent=13670"}],"wp:term":[{"taxonomy":"product_brand","embeddable":true,"href":"https:\/\/collall.nl\/fr\/wp-json\/wp\/v2\/product_brand?post=13670"},{"taxonomy":"product_cat","embeddable":true,"href":"https:\/\/collall.nl\/fr\/wp-json\/wp\/v2\/product_cat?post=13670"},{"taxonomy":"product_tag","embeddable":true,"href":"https:\/\/collall.nl\/fr\/wp-json\/wp\/v2\/product_tag?post=13670"}],"curies":[{"name":"wp","href":"https:\/\/api.w.org\/{rel}","templated":true}]}}