{"id":13314,"date":"2022-03-01T09:39:40","date_gmt":"2022-03-01T09:39:44","guid":{"rendered":"http:\/\/collall.test\/product\/krimpie-magic-plastic-2\/"},"modified":"2025-10-03T14:53:57","modified_gmt":"2025-10-03T12:53:57","slug":"krimpie-magic-plastic-2","status":"publish","type":"product","link":"https:\/\/collall.nl\/fr\/product\/krimpie-magic-plastic-2\/","title":{"rendered":"Krimpie Magic Plastic"},"content":{"rendered":"<p>Fais un dessin ou d\u00e9calque une image sur Krimpie et colore-la, de pr\u00e9f\u00e9rence \u00e0 l\u2019aide d\u2019un marqueur Krimpie ou d\u2019un crayon de couleur\u00a0<strong>(sur le c\u00f4t\u00e9 lisse).\u00a0<\/strong>D\u00e9coupe l\u2019image et si tu souhaites l\u2019utiliser comme porte-cl\u00e9s ou bijou, perfore-la au pr\u00e9alable. Demande \u00e0 un adulte de placer l\u2019image sur un morceau de papier aluminium, dans un four pr\u00e9chauff\u00e9 \u00e0 175\u00b0C. Avec la chaleur, l\u2019image va s\u2019enrouler pour ensuite se raplatir. Elle peut alors \u00eatre retir\u00e9e du four avec le papier aluminium. Laisse-la tout de suite refroidir en la pla\u00e7ant sous un objet lourd, comme par exemple un livre, jusqu\u2019\u00e0 ce qu\u2019elle durcisse.<\/p>\n<p><strong>Ton image est maintenant 3 fois plus petite et 9 fois plus \u00e9paisse !<\/strong><\/p>\n<blockquote><p><strong>Coupez soigneusement le film plastic avec un mouvement fluide pour \u00e9viter les fissures et les d\u00e9chirures, en particulier aux angles vifs. Utilisez des ciseaux de taille appropri\u00e9e.<\/strong><\/p><\/blockquote>\n<p>Disponible en transparent, frosted (d\u00e9poli), blanc<\/p>\n<ul>\n<li>4 feuilles dans un ensemble<\/li>\n<li>25 feuilles dans un \u00ab\u00a0pack scolaire\u00a0\u00bb<\/li>\n<li>900\/ 1000 feuilles dans une bo\u00eete<\/li>\n<\/ul>\n","protected":false},"excerpt":{"rendered":"<p>Ton image est maintenant 3 fois plus petite et 9 fois plus \u00e9paisse !<br \/>\nD\u00e9couvrez\u00a0<strong>le plastique dingue<\/strong>, une activit\u00e9 ludique et cr\u00e9ative \u00e9galement connue sous le nom\u00a0<strong>de plastique magique ou plastique fou !<\/strong><\/p>\n<p><a href=\"https:\/\/www.youtube.com\/watch?v=A_qMN3KU93g\" target=\"_blank\" rel=\"noopener\"><img loading=\"lazy\" decoding=\"async\" class=\"alignnone size-medium wp-image-19204 lazy loaded\" src=\"http:\/\/collall.nl\/wp-content\/uploads\/2022\/03\/thumbnail-swimming-fishes-2-300x169.jpg\" sizes=\"auto, (max-width: 300px) 100vw, 300px\" srcset=\"https:\/\/collall.nl\/wp-content\/uploads\/2022\/03\/thumbnail-swimming-fishes-2-300x169.jpg 300w, https:\/\/collall.nl\/wp-content\/uploads\/2022\/03\/thumbnail-swimming-fishes-2-768x432.jpg 768w, https:\/\/collall.nl\/wp-content\/uploads\/2022\/03\/thumbnail-swimming-fishes-2-420x236.jpg 420w, https:\/\/collall.nl\/wp-content\/uploads\/2022\/03\/thumbnail-swimming-fishes-2-600x337.jpg 600w, https:\/\/collall.nl\/wp-content\/uploads\/2022\/03\/thumbnail-swimming-fishes-2.jpg 850w\" alt=\"\" width=\"300\" height=\"169\" data-src=\"http:\/\/collall.nl\/wp-content\/uploads\/2022\/03\/thumbnail-swimming-fishes-2-300x169.jpg\" data-srcset=\"https:\/\/collall.nl\/wp-content\/uploads\/2022\/03\/thumbnail-swimming-fishes-2-300x169.jpg 300w, https:\/\/collall.nl\/wp-content\/uploads\/2022\/03\/thumbnail-swimming-fishes-2-768x432.jpg 768w, https:\/\/collall.nl\/wp-content\/uploads\/2022\/03\/thumbnail-swimming-fishes-2-420x236.jpg 420w, https:\/\/collall.nl\/wp-content\/uploads\/2022\/03\/thumbnail-swimming-fishes-2-600x337.jpg 600w, https:\/\/collall.nl\/wp-content\/uploads\/2022\/03\/thumbnail-swimming-fishes-2.jpg 850w\" data-sizes=\"(max-width: 300px) 100vw, 300px\" data-was-processed=\"true\" \/><\/a><\/p>\n<p><em>YouTube video<\/em><\/p>\n","protected":false},"featured_media":19565,"comment_status":"open","ping_status":"closed","template":"","meta":{"_acf_changed":false},"product_brand":[],"product_cat":[186],"product_tag":[],"class_list":{"0":"post-13314","1":"product","2":"type-product","3":"status-publish","4":"has-post-thumbnail","6":"product_cat-materiel-de-decoration-et-restant","8":"first","9":"instock","10":"shipping-taxable","11":"purchasable","12":"product-type-variable"},"acf":[],"yoast_head":"<!-- This site is optimized with the Yoast SEO plugin v27.2 - https:\/\/yoast.com\/product\/yoast-seo-wordpress\/ -->\n<title>Krimpie Magic Plastic - Collall<\/title>\n<meta name=\"description\" content=\"Krimpie Magic Plastic. Ton image est maintenant 3 fois plus petite et 9 fois plus \u00e9paisse !\" \/>\n<meta name=\"robots\" content=\"index, follow, max-snippet:-1, max-image-preview:large, max-video-preview:-1\" \/>\n<link rel=\"canonical\" href=\"https:\/\/collall.nl\/fr\/product\/krimpie-magic-plastic-2\/\" \/>\n<meta property=\"og:locale\" content=\"fr_FR\" \/>\n<meta property=\"og:type\" content=\"article\" \/>\n<meta property=\"og:title\" content=\"Krimpie Magic Plastic - Collall\" \/>\n<meta property=\"og:description\" content=\"Krimpie Magic Plastic. Ton image est maintenant 3 fois plus petite et 9 fois plus \u00e9paisse !\" \/>\n<meta property=\"og:url\" content=\"https:\/\/collall.nl\/fr\/product\/krimpie-magic-plastic-2\/\" \/>\n<meta property=\"og:site_name\" content=\"Collall\" \/>\n<meta property=\"article:publisher\" content=\"https:\/\/www.facebook.com\/people\/Collall\/100064976852539\/\" \/>\n<meta property=\"article:modified_time\" content=\"2025-10-03T12:53:57+00:00\" \/>\n<meta property=\"og:image\" content=\"https:\/\/collall.nl\/wp-content\/uploads\/2022\/03\/COLKPTRSET.jpg\" \/>\n\t<meta property=\"og:image:width\" content=\"800\" \/>\n\t<meta property=\"og:image:height\" content=\"800\" \/>\n\t<meta property=\"og:image:type\" content=\"image\/jpeg\" \/>\n<meta name=\"twitter:card\" content=\"summary_large_image\" \/>\n<meta name=\"twitter:label1\" content=\"Dur\u00e9e de lecture estim\u00e9e\" \/>\n\t<meta name=\"twitter:data1\" content=\"1 minute\" \/>\n<script type=\"application\/ld+json\" class=\"yoast-schema-graph\">{\"@context\":\"https:\/\/schema.org\",\"@graph\":[{\"@type\":\"WebPage\",\"@id\":\"https:\/\/collall.nl\/fr\/product\/krimpie-magic-plastic-2\/\",\"url\":\"https:\/\/collall.nl\/fr\/product\/krimpie-magic-plastic-2\/\",\"name\":\"Krimpie Magic Plastic - Collall\",\"isPartOf\":{\"@id\":\"https:\/\/collall.nl\/#website\"},\"primaryImageOfPage\":{\"@id\":\"https:\/\/collall.nl\/fr\/product\/krimpie-magic-plastic-2\/#primaryimage\"},\"image\":{\"@id\":\"https:\/\/collall.nl\/fr\/product\/krimpie-magic-plastic-2\/#primaryimage\"},\"thumbnailUrl\":\"https:\/\/collall.nl\/wp-content\/uploads\/2022\/03\/COLKPTRSET.jpg\",\"datePublished\":\"2022-03-01T09:39:44+00:00\",\"dateModified\":\"2025-10-03T12:53:57+00:00\",\"description\":\"Krimpie Magic Plastic. Ton image est maintenant 3 fois plus petite et 9 fois plus \u00e9paisse !\",\"breadcrumb\":{\"@id\":\"https:\/\/collall.nl\/fr\/product\/krimpie-magic-plastic-2\/#breadcrumb\"},\"inLanguage\":\"fr-FR\",\"potentialAction\":[{\"@type\":\"ReadAction\",\"target\":[\"https:\/\/collall.nl\/fr\/product\/krimpie-magic-plastic-2\/\"]}]},{\"@type\":\"ImageObject\",\"inLanguage\":\"fr-FR\",\"@id\":\"https:\/\/collall.nl\/fr\/product\/krimpie-magic-plastic-2\/#primaryimage\",\"url\":\"https:\/\/collall.nl\/wp-content\/uploads\/2022\/03\/COLKPTRSET.jpg\",\"contentUrl\":\"https:\/\/collall.nl\/wp-content\/uploads\/2022\/03\/COLKPTRSET.jpg\",\"width\":800,\"height\":800},{\"@type\":\"BreadcrumbList\",\"@id\":\"https:\/\/collall.nl\/fr\/product\/krimpie-magic-plastic-2\/#breadcrumb\",\"itemListElement\":[{\"@type\":\"ListItem\",\"position\":1,\"name\":\"Home\",\"item\":\"https:\/\/collall.nl\/fr\/\"},{\"@type\":\"ListItem\",\"position\":2,\"name\":\"Produits\",\"item\":\"https:\/\/collall.nl\/fr\/produits\/\"},{\"@type\":\"ListItem\",\"position\":3,\"name\":\"Krimpie Magic Plastic\"}]},{\"@type\":\"WebSite\",\"@id\":\"https:\/\/collall.nl\/#website\",\"url\":\"https:\/\/collall.nl\/\",\"name\":\"Collall\",\"description\":\"Adhesives &amp; Paints since 1949\",\"publisher\":{\"@id\":\"https:\/\/collall.nl\/#organization\"},\"potentialAction\":[{\"@type\":\"SearchAction\",\"target\":{\"@type\":\"EntryPoint\",\"urlTemplate\":\"https:\/\/collall.nl\/?s={search_term_string}\"},\"query-input\":{\"@type\":\"PropertyValueSpecification\",\"valueRequired\":true,\"valueName\":\"search_term_string\"}}],\"inLanguage\":\"fr-FR\"},{\"@type\":\"Organization\",\"@id\":\"https:\/\/collall.nl\/#organization\",\"name\":\"Collall B.V.\",\"url\":\"https:\/\/collall.nl\/\",\"logo\":{\"@type\":\"ImageObject\",\"inLanguage\":\"fr-FR\",\"@id\":\"https:\/\/collall.nl\/#\/schema\/logo\/image\/\",\"url\":\"https:\/\/collall.nl\/wp-content\/uploads\/2022\/08\/Collall-logo-186C_Reflex-blue.jpg\",\"contentUrl\":\"https:\/\/collall.nl\/wp-content\/uploads\/2022\/08\/Collall-logo-186C_Reflex-blue.jpg\",\"width\":1963,\"height\":1179,\"caption\":\"Collall B.V.\"},\"image\":{\"@id\":\"https:\/\/collall.nl\/#\/schema\/logo\/image\/\"},\"sameAs\":[\"https:\/\/www.facebook.com\/people\/Collall\/100064976852539\/\",\"https:\/\/www.instagram.com\/collall_1949\/\",\"https:\/\/nl.pinterest.com\/CollallBV\/\",\"https:\/\/www.youtube.com\/channel\/UCrCGuwth_udZhTqJSh5g9zg\"]}]}<\/script>\n<!-- \/ Yoast SEO plugin. -->","yoast_head_json":{"title":"Krimpie Magic Plastic - Collall","description":"Krimpie Magic Plastic. Ton image est maintenant 3 fois plus petite et 9 fois plus \u00e9paisse !","robots":{"index":"index","follow":"follow","max-snippet":"max-snippet:-1","max-image-preview":"max-image-preview:large","max-video-preview":"max-video-preview:-1"},"canonical":"https:\/\/collall.nl\/fr\/product\/krimpie-magic-plastic-2\/","og_locale":"fr_FR","og_type":"article","og_title":"Krimpie Magic Plastic - Collall","og_description":"Krimpie Magic Plastic. Ton image est maintenant 3 fois plus petite et 9 fois plus \u00e9paisse !","og_url":"https:\/\/collall.nl\/fr\/product\/krimpie-magic-plastic-2\/","og_site_name":"Collall","article_publisher":"https:\/\/www.facebook.com\/people\/Collall\/100064976852539\/","article_modified_time":"2025-10-03T12:53:57+00:00","og_image":[{"width":800,"height":800,"url":"https:\/\/collall.nl\/wp-content\/uploads\/2022\/03\/COLKPTRSET.jpg","type":"image\/jpeg"}],"twitter_card":"summary_large_image","twitter_misc":{"Dur\u00e9e de lecture estim\u00e9e":"1 minute"},"schema":{"@context":"https:\/\/schema.org","@graph":[{"@type":"WebPage","@id":"https:\/\/collall.nl\/fr\/product\/krimpie-magic-plastic-2\/","url":"https:\/\/collall.nl\/fr\/product\/krimpie-magic-plastic-2\/","name":"Krimpie Magic Plastic - Collall","isPartOf":{"@id":"https:\/\/collall.nl\/#website"},"primaryImageOfPage":{"@id":"https:\/\/collall.nl\/fr\/product\/krimpie-magic-plastic-2\/#primaryimage"},"image":{"@id":"https:\/\/collall.nl\/fr\/product\/krimpie-magic-plastic-2\/#primaryimage"},"thumbnailUrl":"https:\/\/collall.nl\/wp-content\/uploads\/2022\/03\/COLKPTRSET.jpg","datePublished":"2022-03-01T09:39:44+00:00","dateModified":"2025-10-03T12:53:57+00:00","description":"Krimpie Magic Plastic. Ton image est maintenant 3 fois plus petite et 9 fois plus \u00e9paisse !","breadcrumb":{"@id":"https:\/\/collall.nl\/fr\/product\/krimpie-magic-plastic-2\/#breadcrumb"},"inLanguage":"fr-FR","potentialAction":[{"@type":"ReadAction","target":["https:\/\/collall.nl\/fr\/product\/krimpie-magic-plastic-2\/"]}]},{"@type":"ImageObject","inLanguage":"fr-FR","@id":"https:\/\/collall.nl\/fr\/product\/krimpie-magic-plastic-2\/#primaryimage","url":"https:\/\/collall.nl\/wp-content\/uploads\/2022\/03\/COLKPTRSET.jpg","contentUrl":"https:\/\/collall.nl\/wp-content\/uploads\/2022\/03\/COLKPTRSET.jpg","width":800,"height":800},{"@type":"BreadcrumbList","@id":"https:\/\/collall.nl\/fr\/product\/krimpie-magic-plastic-2\/#breadcrumb","itemListElement":[{"@type":"ListItem","position":1,"name":"Home","item":"https:\/\/collall.nl\/fr\/"},{"@type":"ListItem","position":2,"name":"Produits","item":"https:\/\/collall.nl\/fr\/produits\/"},{"@type":"ListItem","position":3,"name":"Krimpie Magic Plastic"}]},{"@type":"WebSite","@id":"https:\/\/collall.nl\/#website","url":"https:\/\/collall.nl\/","name":"Collall","description":"Adhesives &amp; Paints since 1949","publisher":{"@id":"https:\/\/collall.nl\/#organization"},"potentialAction":[{"@type":"SearchAction","target":{"@type":"EntryPoint","urlTemplate":"https:\/\/collall.nl\/?s={search_term_string}"},"query-input":{"@type":"PropertyValueSpecification","valueRequired":true,"valueName":"search_term_string"}}],"inLanguage":"fr-FR"},{"@type":"Organization","@id":"https:\/\/collall.nl\/#organization","name":"Collall B.V.","url":"https:\/\/collall.nl\/","logo":{"@type":"ImageObject","inLanguage":"fr-FR","@id":"https:\/\/collall.nl\/#\/schema\/logo\/image\/","url":"https:\/\/collall.nl\/wp-content\/uploads\/2022\/08\/Collall-logo-186C_Reflex-blue.jpg","contentUrl":"https:\/\/collall.nl\/wp-content\/uploads\/2022\/08\/Collall-logo-186C_Reflex-blue.jpg","width":1963,"height":1179,"caption":"Collall B.V."},"image":{"@id":"https:\/\/collall.nl\/#\/schema\/logo\/image\/"},"sameAs":["https:\/\/www.facebook.com\/people\/Collall\/100064976852539\/","https:\/\/www.instagram.com\/collall_1949\/","https:\/\/nl.pinterest.com\/CollallBV\/","https:\/\/www.youtube.com\/channel\/UCrCGuwth_udZhTqJSh5g9zg"]}]}},"_links":{"self":[{"href":"https:\/\/collall.nl\/fr\/wp-json\/wp\/v2\/product\/13314","targetHints":{"allow":["GET"]}}],"collection":[{"href":"https:\/\/collall.nl\/fr\/wp-json\/wp\/v2\/product"}],"about":[{"href":"https:\/\/collall.nl\/fr\/wp-json\/wp\/v2\/types\/product"}],"replies":[{"embeddable":true,"href":"https:\/\/collall.nl\/fr\/wp-json\/wp\/v2\/comments?post=13314"}],"wp:featuredmedia":[{"embeddable":true,"href":"https:\/\/collall.nl\/fr\/wp-json\/wp\/v2\/media\/19565"}],"wp:attachment":[{"href":"https:\/\/collall.nl\/fr\/wp-json\/wp\/v2\/media?parent=13314"}],"wp:term":[{"taxonomy":"product_brand","embeddable":true,"href":"https:\/\/collall.nl\/fr\/wp-json\/wp\/v2\/product_brand?post=13314"},{"taxonomy":"product_cat","embeddable":true,"href":"https:\/\/collall.nl\/fr\/wp-json\/wp\/v2\/product_cat?post=13314"},{"taxonomy":"product_tag","embeddable":true,"href":"https:\/\/collall.nl\/fr\/wp-json\/wp\/v2\/product_tag?post=13314"}],"curies":[{"name":"wp","href":"https:\/\/api.w.org\/{rel}","templated":true}]}}