{"id":13240,"date":"2022-03-01T09:39:23","date_gmt":"2022-03-01T09:39:26","guid":{"rendered":"http:\/\/collall.test\/product\/aquatint-accessoires-2\/"},"modified":"2024-07-22T14:49:23","modified_gmt":"2024-07-22T12:49:23","slug":"aquatint-accessoires-2","status":"publish","type":"product","link":"https:\/\/collall.nl\/fr\/product\/aquatint-accessoires-2\/","title":{"rendered":"AquaTint Accessoires"},"content":{"rendered":"<p class=\"p1\"><b>Accessoires AquaTint<\/b><\/p>\n<p class=\"p1\">Vous pouvez utiliser AquaTint de nombreuses fa\u00e7ons diff\u00e9rentes : avec un pinceau, une pipette, une paille, un flacon pulv\u00e9risateur, une plaque \u00e0 bruiner, un pinceau \u00e0 encre rechargeable, des marqueurs pour peinture \u00e0 points, des crayons de cire, etc. Utilisez ces accessoires avec nos produits AquaTint pour des possibilit\u00e9s cr\u00e9atives infinies.<\/p>\n<p><strong>Collall Papier Diffusant<\/strong><\/p>\n<p>L\u2019AquaTint aquarelle liquide se diffuse dans le papier, ce qui permet d\u2019obtenir de superbes effets.<\/p>\n<p class=\"p1\"><b>Flacon pulv\u00e9risateur AquaTint<\/b><\/p>\n<p class=\"p1\">Remplissez le flacon d&rsquo;AquaTint et vaporisez-le sur du papier ou des objets, pour obtenir des effets surprenants et amusants.<\/p>\n<p class=\"p1\"><b>Plaque \u00e0 bruiner Collall<\/b><\/p>\n<p class=\"p1\">Plaque \u00e0 bruiner rouge robuste, \u00e0 utiliser avec une brosse \u00e0 dents. Trempez la brosse \u00e0 dents dans l&rsquo;AquaTint et passez-la d&rsquo;avant en arri\u00e8re sur la plaque. Les trous de la plaque assurent une distribution uniforme de l&rsquo;AquaTint.<\/p>\n<p class=\"p1\"><b>Collall Pinceau \u00e0 encre rechargeable <\/b><\/p>\n<p class=\"p1\">Ce pinceau pratique et rechargeable peut \u00eatre rempli d&rsquo;AquaTint ou utilis\u00e9 comme pinceau \u00e0 eau.<\/p>\n<p class=\"p1\"><b>Pipette Collall<\/b><\/p>\n<p class=\"p1\">Pipette pour un dosage pr\u00e9cis d&rsquo;AquaTint. Elle permet de garder la bouteille d&rsquo;AquaTint propre et peut \u00eatre utilis\u00e9e pour la peinture au goutte \u00e0 goutte sur le papier.<\/p>\n<p><strong>Techniques avec AquaTint :<\/strong> <a href=\"https:\/\/collall.nl\/wp-content\/uploads\/2022\/03\/COLAA-folder-A6-4Z-staand-202308.pdf\" target=\"_blank\" rel=\"noopener\">Collall AquaTint folder<\/a><\/p>\n<p><img loading=\"lazy\" decoding=\"async\" class=\"alignnone wp-image-25899\" src=\"https:\/\/collall.nl\/wp-content\/uploads\/2022\/03\/Collall-COLAQ-folder-202308-2-300x200.jpg\" alt=\"Collall-COLAQ-folder-202308\" width=\"614\" height=\"409\" srcset=\"https:\/\/collall.nl\/wp-content\/uploads\/2022\/03\/Collall-COLAQ-folder-202308-2-300x200.jpg 300w, https:\/\/collall.nl\/wp-content\/uploads\/2022\/03\/Collall-COLAQ-folder-202308-2-1024x683.jpg 1024w, https:\/\/collall.nl\/wp-content\/uploads\/2022\/03\/Collall-COLAQ-folder-202308-2-768x512.jpg 768w, https:\/\/collall.nl\/wp-content\/uploads\/2022\/03\/Collall-COLAQ-folder-202308-2-354x236.jpg 354w, https:\/\/collall.nl\/wp-content\/uploads\/2022\/03\/Collall-COLAQ-folder-202308-2-600x400.jpg 600w, https:\/\/collall.nl\/wp-content\/uploads\/2022\/03\/Collall-COLAQ-folder-202308-2.jpg 1500w\" sizes=\"auto, (max-width: 614px) 100vw, 614px\" \/><\/p>\n","protected":false},"excerpt":{"rendered":"<p>AquaTint Accessoires. Vous pouvez utiliser AquaTint de nombreuses fa\u00e7ons diff\u00e9rentes : avec un pinceau, une pipette, une paille, un flacon pulv\u00e9risateur, une plaque \u00e0 bruiner, un pinceau \u00e0 encre rechargeable, des marqueurs pour peinture \u00e0 points, des crayons de cire, etc.<\/p>\n","protected":false},"featured_media":19219,"comment_status":"open","ping_status":"closed","template":"","meta":{"_acf_changed":false},"product_brand":[],"product_cat":[182],"product_tag":[],"class_list":{"0":"post-13240","1":"product","2":"type-product","3":"status-publish","4":"has-post-thumbnail","6":"product_cat-aquatint-et-encres","8":"first","9":"instock","10":"shipping-taxable","11":"purchasable","12":"product-type-variable"},"acf":[],"yoast_head":"<!-- This site is optimized with the Yoast SEO plugin v27.2 - https:\/\/yoast.com\/product\/yoast-seo-wordpress\/ -->\n<title>AquaTint Accessoires - Collall<\/title>\n<meta name=\"description\" content=\"Vous pouvez utiliser AquaTint de nombreuses fa\u00e7ons diff\u00e9rentes : avec un pinceau, une pipette, une paille, un flacon pulv\u00e9risateur, etc.\" \/>\n<meta name=\"robots\" content=\"index, follow, max-snippet:-1, max-image-preview:large, max-video-preview:-1\" \/>\n<link rel=\"canonical\" href=\"https:\/\/collall.nl\/fr\/product\/aquatint-accessoires-2\/\" \/>\n<meta property=\"og:locale\" content=\"fr_FR\" \/>\n<meta property=\"og:type\" content=\"article\" \/>\n<meta property=\"og:title\" content=\"AquaTint Accessoires - Collall\" \/>\n<meta property=\"og:description\" content=\"Vous pouvez utiliser AquaTint de nombreuses fa\u00e7ons diff\u00e9rentes : avec un pinceau, une pipette, une paille, un flacon pulv\u00e9risateur, etc.\" \/>\n<meta property=\"og:url\" content=\"https:\/\/collall.nl\/fr\/product\/aquatint-accessoires-2\/\" \/>\n<meta property=\"og:site_name\" content=\"Collall\" \/>\n<meta property=\"article:publisher\" content=\"https:\/\/www.facebook.com\/people\/Collall\/100064976852539\/\" \/>\n<meta property=\"article:modified_time\" content=\"2024-07-22T12:49:23+00:00\" \/>\n<meta property=\"og:image\" content=\"https:\/\/collall.nl\/wp-content\/uploads\/2022\/03\/COLAQ-AquaTint-accessoires.jpg\" \/>\n\t<meta property=\"og:image:width\" content=\"800\" \/>\n\t<meta property=\"og:image:height\" content=\"800\" \/>\n\t<meta property=\"og:image:type\" content=\"image\/jpeg\" \/>\n<meta name=\"twitter:card\" content=\"summary_large_image\" \/>\n<meta name=\"twitter:label1\" content=\"Dur\u00e9e de lecture estim\u00e9e\" \/>\n\t<meta name=\"twitter:data1\" content=\"2 minutes\" \/>\n<script type=\"application\/ld+json\" class=\"yoast-schema-graph\">{\"@context\":\"https:\/\/schema.org\",\"@graph\":[{\"@type\":\"WebPage\",\"@id\":\"https:\/\/collall.nl\/fr\/product\/aquatint-accessoires-2\/\",\"url\":\"https:\/\/collall.nl\/fr\/product\/aquatint-accessoires-2\/\",\"name\":\"AquaTint Accessoires - Collall\",\"isPartOf\":{\"@id\":\"https:\/\/collall.nl\/#website\"},\"primaryImageOfPage\":{\"@id\":\"https:\/\/collall.nl\/fr\/product\/aquatint-accessoires-2\/#primaryimage\"},\"image\":{\"@id\":\"https:\/\/collall.nl\/fr\/product\/aquatint-accessoires-2\/#primaryimage\"},\"thumbnailUrl\":\"https:\/\/collall.nl\/wp-content\/uploads\/2022\/03\/COLAQ-AquaTint-accessoires.jpg\",\"datePublished\":\"2022-03-01T09:39:26+00:00\",\"dateModified\":\"2024-07-22T12:49:23+00:00\",\"description\":\"Vous pouvez utiliser AquaTint de nombreuses fa\u00e7ons diff\u00e9rentes : avec un pinceau, une pipette, une paille, un flacon pulv\u00e9risateur, etc.\",\"breadcrumb\":{\"@id\":\"https:\/\/collall.nl\/fr\/product\/aquatint-accessoires-2\/#breadcrumb\"},\"inLanguage\":\"fr-FR\",\"potentialAction\":[{\"@type\":\"ReadAction\",\"target\":[\"https:\/\/collall.nl\/fr\/product\/aquatint-accessoires-2\/\"]}]},{\"@type\":\"ImageObject\",\"inLanguage\":\"fr-FR\",\"@id\":\"https:\/\/collall.nl\/fr\/product\/aquatint-accessoires-2\/#primaryimage\",\"url\":\"https:\/\/collall.nl\/wp-content\/uploads\/2022\/03\/COLAQ-AquaTint-accessoires.jpg\",\"contentUrl\":\"https:\/\/collall.nl\/wp-content\/uploads\/2022\/03\/COLAQ-AquaTint-accessoires.jpg\",\"width\":800,\"height\":800},{\"@type\":\"BreadcrumbList\",\"@id\":\"https:\/\/collall.nl\/fr\/product\/aquatint-accessoires-2\/#breadcrumb\",\"itemListElement\":[{\"@type\":\"ListItem\",\"position\":1,\"name\":\"Home\",\"item\":\"https:\/\/collall.nl\/fr\/\"},{\"@type\":\"ListItem\",\"position\":2,\"name\":\"Produits\",\"item\":\"https:\/\/collall.nl\/fr\/produits\/\"},{\"@type\":\"ListItem\",\"position\":3,\"name\":\"AquaTint Accessoires\"}]},{\"@type\":\"WebSite\",\"@id\":\"https:\/\/collall.nl\/#website\",\"url\":\"https:\/\/collall.nl\/\",\"name\":\"Collall\",\"description\":\"Adhesives &amp; Paints since 1949\",\"publisher\":{\"@id\":\"https:\/\/collall.nl\/#organization\"},\"potentialAction\":[{\"@type\":\"SearchAction\",\"target\":{\"@type\":\"EntryPoint\",\"urlTemplate\":\"https:\/\/collall.nl\/?s={search_term_string}\"},\"query-input\":{\"@type\":\"PropertyValueSpecification\",\"valueRequired\":true,\"valueName\":\"search_term_string\"}}],\"inLanguage\":\"fr-FR\"},{\"@type\":\"Organization\",\"@id\":\"https:\/\/collall.nl\/#organization\",\"name\":\"Collall B.V.\",\"url\":\"https:\/\/collall.nl\/\",\"logo\":{\"@type\":\"ImageObject\",\"inLanguage\":\"fr-FR\",\"@id\":\"https:\/\/collall.nl\/#\/schema\/logo\/image\/\",\"url\":\"https:\/\/collall.nl\/wp-content\/uploads\/2022\/08\/Collall-logo-186C_Reflex-blue.jpg\",\"contentUrl\":\"https:\/\/collall.nl\/wp-content\/uploads\/2022\/08\/Collall-logo-186C_Reflex-blue.jpg\",\"width\":1963,\"height\":1179,\"caption\":\"Collall B.V.\"},\"image\":{\"@id\":\"https:\/\/collall.nl\/#\/schema\/logo\/image\/\"},\"sameAs\":[\"https:\/\/www.facebook.com\/people\/Collall\/100064976852539\/\",\"https:\/\/www.instagram.com\/collall_1949\/\",\"https:\/\/nl.pinterest.com\/CollallBV\/\",\"https:\/\/www.youtube.com\/channel\/UCrCGuwth_udZhTqJSh5g9zg\"]}]}<\/script>\n<!-- \/ Yoast SEO plugin. -->","yoast_head_json":{"title":"AquaTint Accessoires - Collall","description":"Vous pouvez utiliser AquaTint de nombreuses fa\u00e7ons diff\u00e9rentes : avec un pinceau, une pipette, une paille, un flacon pulv\u00e9risateur, etc.","robots":{"index":"index","follow":"follow","max-snippet":"max-snippet:-1","max-image-preview":"max-image-preview:large","max-video-preview":"max-video-preview:-1"},"canonical":"https:\/\/collall.nl\/fr\/product\/aquatint-accessoires-2\/","og_locale":"fr_FR","og_type":"article","og_title":"AquaTint Accessoires - Collall","og_description":"Vous pouvez utiliser AquaTint de nombreuses fa\u00e7ons diff\u00e9rentes : avec un pinceau, une pipette, une paille, un flacon pulv\u00e9risateur, etc.","og_url":"https:\/\/collall.nl\/fr\/product\/aquatint-accessoires-2\/","og_site_name":"Collall","article_publisher":"https:\/\/www.facebook.com\/people\/Collall\/100064976852539\/","article_modified_time":"2024-07-22T12:49:23+00:00","og_image":[{"width":800,"height":800,"url":"https:\/\/collall.nl\/wp-content\/uploads\/2022\/03\/COLAQ-AquaTint-accessoires.jpg","type":"image\/jpeg"}],"twitter_card":"summary_large_image","twitter_misc":{"Dur\u00e9e de lecture estim\u00e9e":"2 minutes"},"schema":{"@context":"https:\/\/schema.org","@graph":[{"@type":"WebPage","@id":"https:\/\/collall.nl\/fr\/product\/aquatint-accessoires-2\/","url":"https:\/\/collall.nl\/fr\/product\/aquatint-accessoires-2\/","name":"AquaTint Accessoires - Collall","isPartOf":{"@id":"https:\/\/collall.nl\/#website"},"primaryImageOfPage":{"@id":"https:\/\/collall.nl\/fr\/product\/aquatint-accessoires-2\/#primaryimage"},"image":{"@id":"https:\/\/collall.nl\/fr\/product\/aquatint-accessoires-2\/#primaryimage"},"thumbnailUrl":"https:\/\/collall.nl\/wp-content\/uploads\/2022\/03\/COLAQ-AquaTint-accessoires.jpg","datePublished":"2022-03-01T09:39:26+00:00","dateModified":"2024-07-22T12:49:23+00:00","description":"Vous pouvez utiliser AquaTint de nombreuses fa\u00e7ons diff\u00e9rentes : avec un pinceau, une pipette, une paille, un flacon pulv\u00e9risateur, etc.","breadcrumb":{"@id":"https:\/\/collall.nl\/fr\/product\/aquatint-accessoires-2\/#breadcrumb"},"inLanguage":"fr-FR","potentialAction":[{"@type":"ReadAction","target":["https:\/\/collall.nl\/fr\/product\/aquatint-accessoires-2\/"]}]},{"@type":"ImageObject","inLanguage":"fr-FR","@id":"https:\/\/collall.nl\/fr\/product\/aquatint-accessoires-2\/#primaryimage","url":"https:\/\/collall.nl\/wp-content\/uploads\/2022\/03\/COLAQ-AquaTint-accessoires.jpg","contentUrl":"https:\/\/collall.nl\/wp-content\/uploads\/2022\/03\/COLAQ-AquaTint-accessoires.jpg","width":800,"height":800},{"@type":"BreadcrumbList","@id":"https:\/\/collall.nl\/fr\/product\/aquatint-accessoires-2\/#breadcrumb","itemListElement":[{"@type":"ListItem","position":1,"name":"Home","item":"https:\/\/collall.nl\/fr\/"},{"@type":"ListItem","position":2,"name":"Produits","item":"https:\/\/collall.nl\/fr\/produits\/"},{"@type":"ListItem","position":3,"name":"AquaTint Accessoires"}]},{"@type":"WebSite","@id":"https:\/\/collall.nl\/#website","url":"https:\/\/collall.nl\/","name":"Collall","description":"Adhesives &amp; Paints since 1949","publisher":{"@id":"https:\/\/collall.nl\/#organization"},"potentialAction":[{"@type":"SearchAction","target":{"@type":"EntryPoint","urlTemplate":"https:\/\/collall.nl\/?s={search_term_string}"},"query-input":{"@type":"PropertyValueSpecification","valueRequired":true,"valueName":"search_term_string"}}],"inLanguage":"fr-FR"},{"@type":"Organization","@id":"https:\/\/collall.nl\/#organization","name":"Collall B.V.","url":"https:\/\/collall.nl\/","logo":{"@type":"ImageObject","inLanguage":"fr-FR","@id":"https:\/\/collall.nl\/#\/schema\/logo\/image\/","url":"https:\/\/collall.nl\/wp-content\/uploads\/2022\/08\/Collall-logo-186C_Reflex-blue.jpg","contentUrl":"https:\/\/collall.nl\/wp-content\/uploads\/2022\/08\/Collall-logo-186C_Reflex-blue.jpg","width":1963,"height":1179,"caption":"Collall B.V."},"image":{"@id":"https:\/\/collall.nl\/#\/schema\/logo\/image\/"},"sameAs":["https:\/\/www.facebook.com\/people\/Collall\/100064976852539\/","https:\/\/www.instagram.com\/collall_1949\/","https:\/\/nl.pinterest.com\/CollallBV\/","https:\/\/www.youtube.com\/channel\/UCrCGuwth_udZhTqJSh5g9zg"]}]}},"_links":{"self":[{"href":"https:\/\/collall.nl\/fr\/wp-json\/wp\/v2\/product\/13240","targetHints":{"allow":["GET"]}}],"collection":[{"href":"https:\/\/collall.nl\/fr\/wp-json\/wp\/v2\/product"}],"about":[{"href":"https:\/\/collall.nl\/fr\/wp-json\/wp\/v2\/types\/product"}],"replies":[{"embeddable":true,"href":"https:\/\/collall.nl\/fr\/wp-json\/wp\/v2\/comments?post=13240"}],"wp:featuredmedia":[{"embeddable":true,"href":"https:\/\/collall.nl\/fr\/wp-json\/wp\/v2\/media\/19219"}],"wp:attachment":[{"href":"https:\/\/collall.nl\/fr\/wp-json\/wp\/v2\/media?parent=13240"}],"wp:term":[{"taxonomy":"product_brand","embeddable":true,"href":"https:\/\/collall.nl\/fr\/wp-json\/wp\/v2\/product_brand?post=13240"},{"taxonomy":"product_cat","embeddable":true,"href":"https:\/\/collall.nl\/fr\/wp-json\/wp\/v2\/product_cat?post=13240"},{"taxonomy":"product_tag","embeddable":true,"href":"https:\/\/collall.nl\/fr\/wp-json\/wp\/v2\/product_tag?post=13240"}],"curies":[{"name":"wp","href":"https:\/\/api.w.org\/{rel}","templated":true}]}}