{"id":12942,"date":"2022-03-01T09:36:51","date_gmt":"2022-03-01T09:37:51","guid":{"rendered":"http:\/\/collall.test\/product\/aquatint-2\/"},"modified":"2023-08-14T11:36:17","modified_gmt":"2023-08-14T09:36:17","slug":"aquatint-2","status":"publish","type":"product","link":"https:\/\/collall.nl\/fr\/product\/aquatint-2\/","title":{"rendered":"AquaTint"},"content":{"rendered":"<p>AquaTint est une encre \u00e0 l\u2019eau tr\u00e8s concentr\u00e9e qui contient des colorants de qualit\u00e9 sup\u00e9rieure.<\/p>\n<p><strong>Apparence :\u00a0<\/strong><\/p>\n<ul>\n<li>aqueux\u00a0liquide tr\u00e8s concentr\u00e9 et clair<\/li>\n<li>pratiquement inodore<\/li>\n<\/ul>\n<p><strong>Solvant :\u00a0<\/strong>eau<\/p>\n<p><strong>Ingr\u00e9dient principal :<\/strong>\u00a0dextrine<\/p>\n<p><strong>CE :<\/strong> oui<\/p>\n<p><strong>Les usages :<\/strong> Pour colorer papier, papier-filtre, cr\u00e9pon, carton (bo\u00eete \u00e0 \u0153ufs), bois et autres mat\u00e9riaux absorbants (boules\/disques d\u2019ouate). De nombreuses techniques sont possibles en utilisant : un pinceau, une pipette, une paille, une plaque \u00e0 bruiner, un vaporisateur, un pinceau de remplissage, des pastels etc.<\/p>\n<p><strong>Allerg\u00e8nes :\u00a0<\/strong>Contient CMIT\/MIT. Peut produire une r\u00e9action allergique.<\/p>\n<p><strong>Convient \u00e0 :<\/strong>\u00a0enfants \u00e2g\u00e9s de 3 ans et plus. Contient une protection am\u00e8re. Attention! Contient un agent de conservation qui ne convient pas aux enfants de moins de trois ans.<\/p>\n<p>Bien agiter les couleurs or (70) &#8211; argent (74) &#8211; blanc (66) avant utilisation.<\/p>\n<p>Voir <a href=\"https:\/\/collall.nl\/fr\/product\/aquatint-accessoires-2\/\">ici<\/a> les accessoires pour AquaTint.<\/p>\n<p><a href=\"https:\/\/collall.nl\/wp-content\/uploads\/2022\/03\/COLAA-folder-A6-4Z-staand-202308.pdf\" target=\"_blank\" rel=\"noopener\">Collall AquaTint folder<\/a><\/p>\n<p><img loading=\"lazy\" decoding=\"async\" class=\"alignnone wp-image-25903\" src=\"https:\/\/collall.nl\/wp-content\/uploads\/2022\/03\/Collall-COLAQ-folder-202308-300x200.jpg\" alt=\"Collall-COLAQ-folder-202308\" width=\"651\" height=\"434\" srcset=\"https:\/\/collall.nl\/wp-content\/uploads\/2022\/03\/Collall-COLAQ-folder-202308-300x200.jpg 300w, https:\/\/collall.nl\/wp-content\/uploads\/2022\/03\/Collall-COLAQ-folder-202308-1024x683.jpg 1024w, https:\/\/collall.nl\/wp-content\/uploads\/2022\/03\/Collall-COLAQ-folder-202308-768x512.jpg 768w, https:\/\/collall.nl\/wp-content\/uploads\/2022\/03\/Collall-COLAQ-folder-202308-354x236.jpg 354w, https:\/\/collall.nl\/wp-content\/uploads\/2022\/03\/Collall-COLAQ-folder-202308-600x400.jpg 600w, https:\/\/collall.nl\/wp-content\/uploads\/2022\/03\/Collall-COLAQ-folder-202308.jpg 1500w\" sizes=\"auto, (max-width: 651px) 100vw, 651px\" \/><\/p>\n","protected":false},"excerpt":{"rendered":"<p>Encre \u00e0 l\u2019eau tr\u00e8s concentr\u00e9e qui contient des colorants de qualit\u00e9 sup\u00e9rieure<\/p>\n","protected":false},"featured_media":19215,"comment_status":"open","ping_status":"closed","template":"","meta":{"_acf_changed":false},"product_brand":[],"product_cat":[182],"product_tag":[],"class_list":{"0":"post-12942","1":"product","2":"type-product","3":"status-publish","4":"has-post-thumbnail","6":"product_cat-aquatint-et-encres","8":"first","9":"instock","10":"shipping-taxable","11":"purchasable","12":"product-type-variable","13":"has-default-attributes"},"acf":[],"yoast_head":"<!-- This site is optimized with the Yoast SEO plugin v27.2 - https:\/\/yoast.com\/product\/yoast-seo-wordpress\/ -->\n<title>AquaTint - Collall<\/title>\n<meta name=\"robots\" content=\"index, follow, max-snippet:-1, max-image-preview:large, max-video-preview:-1\" \/>\n<link rel=\"canonical\" href=\"https:\/\/collall.nl\/fr\/product\/aquatint-2\/\" \/>\n<meta property=\"og:locale\" content=\"fr_FR\" \/>\n<meta property=\"og:type\" content=\"article\" \/>\n<meta property=\"og:title\" content=\"AquaTint - Collall\" \/>\n<meta property=\"og:description\" content=\"Encre \u00e0 l\u2019eau tr\u00e8s concentr\u00e9e qui contient des colorants de qualit\u00e9 sup\u00e9rieure\" \/>\n<meta property=\"og:url\" content=\"https:\/\/collall.nl\/fr\/product\/aquatint-2\/\" \/>\n<meta property=\"og:site_name\" content=\"Collall\" \/>\n<meta property=\"article:publisher\" content=\"https:\/\/www.facebook.com\/people\/Collall\/100064976852539\/\" \/>\n<meta property=\"article:modified_time\" content=\"2023-08-14T09:36:17+00:00\" \/>\n<meta property=\"og:image\" content=\"https:\/\/collall.nl\/wp-content\/uploads\/2022\/03\/COLAQ005002-2.jpg\" \/>\n\t<meta property=\"og:image:width\" content=\"800\" \/>\n\t<meta property=\"og:image:height\" content=\"800\" \/>\n\t<meta property=\"og:image:type\" content=\"image\/jpeg\" \/>\n<meta name=\"twitter:card\" content=\"summary_large_image\" \/>\n<meta name=\"twitter:label1\" content=\"Dur\u00e9e de lecture estim\u00e9e\" \/>\n\t<meta name=\"twitter:data1\" content=\"1 minute\" \/>\n<script type=\"application\/ld+json\" class=\"yoast-schema-graph\">{\"@context\":\"https:\/\/schema.org\",\"@graph\":[{\"@type\":\"WebPage\",\"@id\":\"https:\/\/collall.nl\/fr\/product\/aquatint-2\/\",\"url\":\"https:\/\/collall.nl\/fr\/product\/aquatint-2\/\",\"name\":\"AquaTint - Collall\",\"isPartOf\":{\"@id\":\"https:\/\/collall.nl\/#website\"},\"primaryImageOfPage\":{\"@id\":\"https:\/\/collall.nl\/fr\/product\/aquatint-2\/#primaryimage\"},\"image\":{\"@id\":\"https:\/\/collall.nl\/fr\/product\/aquatint-2\/#primaryimage\"},\"thumbnailUrl\":\"https:\/\/collall.nl\/wp-content\/uploads\/2022\/03\/COLAQ005002-2.jpg\",\"datePublished\":\"2022-03-01T09:37:51+00:00\",\"dateModified\":\"2023-08-14T09:36:17+00:00\",\"breadcrumb\":{\"@id\":\"https:\/\/collall.nl\/fr\/product\/aquatint-2\/#breadcrumb\"},\"inLanguage\":\"fr-FR\",\"potentialAction\":[{\"@type\":\"ReadAction\",\"target\":[\"https:\/\/collall.nl\/fr\/product\/aquatint-2\/\"]}]},{\"@type\":\"ImageObject\",\"inLanguage\":\"fr-FR\",\"@id\":\"https:\/\/collall.nl\/fr\/product\/aquatint-2\/#primaryimage\",\"url\":\"https:\/\/collall.nl\/wp-content\/uploads\/2022\/03\/COLAQ005002-2.jpg\",\"contentUrl\":\"https:\/\/collall.nl\/wp-content\/uploads\/2022\/03\/COLAQ005002-2.jpg\",\"width\":800,\"height\":800},{\"@type\":\"BreadcrumbList\",\"@id\":\"https:\/\/collall.nl\/fr\/product\/aquatint-2\/#breadcrumb\",\"itemListElement\":[{\"@type\":\"ListItem\",\"position\":1,\"name\":\"Home\",\"item\":\"https:\/\/collall.nl\/fr\/\"},{\"@type\":\"ListItem\",\"position\":2,\"name\":\"Produits\",\"item\":\"https:\/\/collall.nl\/fr\/produits\/\"},{\"@type\":\"ListItem\",\"position\":3,\"name\":\"AquaTint\"}]},{\"@type\":\"WebSite\",\"@id\":\"https:\/\/collall.nl\/#website\",\"url\":\"https:\/\/collall.nl\/\",\"name\":\"Collall\",\"description\":\"Adhesives &amp; Paints since 1949\",\"publisher\":{\"@id\":\"https:\/\/collall.nl\/#organization\"},\"potentialAction\":[{\"@type\":\"SearchAction\",\"target\":{\"@type\":\"EntryPoint\",\"urlTemplate\":\"https:\/\/collall.nl\/?s={search_term_string}\"},\"query-input\":{\"@type\":\"PropertyValueSpecification\",\"valueRequired\":true,\"valueName\":\"search_term_string\"}}],\"inLanguage\":\"fr-FR\"},{\"@type\":\"Organization\",\"@id\":\"https:\/\/collall.nl\/#organization\",\"name\":\"Collall B.V.\",\"url\":\"https:\/\/collall.nl\/\",\"logo\":{\"@type\":\"ImageObject\",\"inLanguage\":\"fr-FR\",\"@id\":\"https:\/\/collall.nl\/#\/schema\/logo\/image\/\",\"url\":\"https:\/\/collall.nl\/wp-content\/uploads\/2022\/08\/Collall-logo-186C_Reflex-blue.jpg\",\"contentUrl\":\"https:\/\/collall.nl\/wp-content\/uploads\/2022\/08\/Collall-logo-186C_Reflex-blue.jpg\",\"width\":1963,\"height\":1179,\"caption\":\"Collall B.V.\"},\"image\":{\"@id\":\"https:\/\/collall.nl\/#\/schema\/logo\/image\/\"},\"sameAs\":[\"https:\/\/www.facebook.com\/people\/Collall\/100064976852539\/\",\"https:\/\/www.instagram.com\/collall_1949\/\",\"https:\/\/nl.pinterest.com\/CollallBV\/\",\"https:\/\/www.youtube.com\/channel\/UCrCGuwth_udZhTqJSh5g9zg\"]}]}<\/script>\n<!-- \/ Yoast SEO plugin. -->","yoast_head_json":{"title":"AquaTint - Collall","robots":{"index":"index","follow":"follow","max-snippet":"max-snippet:-1","max-image-preview":"max-image-preview:large","max-video-preview":"max-video-preview:-1"},"canonical":"https:\/\/collall.nl\/fr\/product\/aquatint-2\/","og_locale":"fr_FR","og_type":"article","og_title":"AquaTint - Collall","og_description":"Encre \u00e0 l\u2019eau tr\u00e8s concentr\u00e9e qui contient des colorants de qualit\u00e9 sup\u00e9rieure","og_url":"https:\/\/collall.nl\/fr\/product\/aquatint-2\/","og_site_name":"Collall","article_publisher":"https:\/\/www.facebook.com\/people\/Collall\/100064976852539\/","article_modified_time":"2023-08-14T09:36:17+00:00","og_image":[{"width":800,"height":800,"url":"https:\/\/collall.nl\/wp-content\/uploads\/2022\/03\/COLAQ005002-2.jpg","type":"image\/jpeg"}],"twitter_card":"summary_large_image","twitter_misc":{"Dur\u00e9e de lecture estim\u00e9e":"1 minute"},"schema":{"@context":"https:\/\/schema.org","@graph":[{"@type":"WebPage","@id":"https:\/\/collall.nl\/fr\/product\/aquatint-2\/","url":"https:\/\/collall.nl\/fr\/product\/aquatint-2\/","name":"AquaTint - Collall","isPartOf":{"@id":"https:\/\/collall.nl\/#website"},"primaryImageOfPage":{"@id":"https:\/\/collall.nl\/fr\/product\/aquatint-2\/#primaryimage"},"image":{"@id":"https:\/\/collall.nl\/fr\/product\/aquatint-2\/#primaryimage"},"thumbnailUrl":"https:\/\/collall.nl\/wp-content\/uploads\/2022\/03\/COLAQ005002-2.jpg","datePublished":"2022-03-01T09:37:51+00:00","dateModified":"2023-08-14T09:36:17+00:00","breadcrumb":{"@id":"https:\/\/collall.nl\/fr\/product\/aquatint-2\/#breadcrumb"},"inLanguage":"fr-FR","potentialAction":[{"@type":"ReadAction","target":["https:\/\/collall.nl\/fr\/product\/aquatint-2\/"]}]},{"@type":"ImageObject","inLanguage":"fr-FR","@id":"https:\/\/collall.nl\/fr\/product\/aquatint-2\/#primaryimage","url":"https:\/\/collall.nl\/wp-content\/uploads\/2022\/03\/COLAQ005002-2.jpg","contentUrl":"https:\/\/collall.nl\/wp-content\/uploads\/2022\/03\/COLAQ005002-2.jpg","width":800,"height":800},{"@type":"BreadcrumbList","@id":"https:\/\/collall.nl\/fr\/product\/aquatint-2\/#breadcrumb","itemListElement":[{"@type":"ListItem","position":1,"name":"Home","item":"https:\/\/collall.nl\/fr\/"},{"@type":"ListItem","position":2,"name":"Produits","item":"https:\/\/collall.nl\/fr\/produits\/"},{"@type":"ListItem","position":3,"name":"AquaTint"}]},{"@type":"WebSite","@id":"https:\/\/collall.nl\/#website","url":"https:\/\/collall.nl\/","name":"Collall","description":"Adhesives &amp; Paints since 1949","publisher":{"@id":"https:\/\/collall.nl\/#organization"},"potentialAction":[{"@type":"SearchAction","target":{"@type":"EntryPoint","urlTemplate":"https:\/\/collall.nl\/?s={search_term_string}"},"query-input":{"@type":"PropertyValueSpecification","valueRequired":true,"valueName":"search_term_string"}}],"inLanguage":"fr-FR"},{"@type":"Organization","@id":"https:\/\/collall.nl\/#organization","name":"Collall B.V.","url":"https:\/\/collall.nl\/","logo":{"@type":"ImageObject","inLanguage":"fr-FR","@id":"https:\/\/collall.nl\/#\/schema\/logo\/image\/","url":"https:\/\/collall.nl\/wp-content\/uploads\/2022\/08\/Collall-logo-186C_Reflex-blue.jpg","contentUrl":"https:\/\/collall.nl\/wp-content\/uploads\/2022\/08\/Collall-logo-186C_Reflex-blue.jpg","width":1963,"height":1179,"caption":"Collall B.V."},"image":{"@id":"https:\/\/collall.nl\/#\/schema\/logo\/image\/"},"sameAs":["https:\/\/www.facebook.com\/people\/Collall\/100064976852539\/","https:\/\/www.instagram.com\/collall_1949\/","https:\/\/nl.pinterest.com\/CollallBV\/","https:\/\/www.youtube.com\/channel\/UCrCGuwth_udZhTqJSh5g9zg"]}]}},"_links":{"self":[{"href":"https:\/\/collall.nl\/fr\/wp-json\/wp\/v2\/product\/12942","targetHints":{"allow":["GET"]}}],"collection":[{"href":"https:\/\/collall.nl\/fr\/wp-json\/wp\/v2\/product"}],"about":[{"href":"https:\/\/collall.nl\/fr\/wp-json\/wp\/v2\/types\/product"}],"replies":[{"embeddable":true,"href":"https:\/\/collall.nl\/fr\/wp-json\/wp\/v2\/comments?post=12942"}],"wp:featuredmedia":[{"embeddable":true,"href":"https:\/\/collall.nl\/fr\/wp-json\/wp\/v2\/media\/19215"}],"wp:attachment":[{"href":"https:\/\/collall.nl\/fr\/wp-json\/wp\/v2\/media?parent=12942"}],"wp:term":[{"taxonomy":"product_brand","embeddable":true,"href":"https:\/\/collall.nl\/fr\/wp-json\/wp\/v2\/product_brand?post=12942"},{"taxonomy":"product_cat","embeddable":true,"href":"https:\/\/collall.nl\/fr\/wp-json\/wp\/v2\/product_cat?post=12942"},{"taxonomy":"product_tag","embeddable":true,"href":"https:\/\/collall.nl\/fr\/wp-json\/wp\/v2\/product_tag?post=12942"}],"curies":[{"name":"wp","href":"https:\/\/api.w.org\/{rel}","templated":true}]}}