{"id":11998,"date":"2022-03-01T09:31:50","date_gmt":"2022-03-01T09:32:08","guid":{"rendered":"http:\/\/collall.test\/product\/colorall-paint-marker-2\/"},"modified":"2023-07-31T14:32:31","modified_gmt":"2023-07-31T12:32:31","slug":"colorall-paint-marker-2","status":"publish","type":"product","link":"https:\/\/collall.nl\/fr\/product\/colorall-paint-marker-2\/","title":{"rendered":"Colorall Paint Marker"},"content":{"rendered":"<p>Le Feutre id\u00e9al pour dessiner sur le bois, le m\u00e9tal, les mati\u00e8res synth\u00e9tiques, le papier et m\u00eame les fen\u00eatres\u00a0!<\/p>\n<p>Riche en pigments, la craie liquide contenue dans les Paint Markers a un fort pouvoir couvrant. Sa pointe biseaut\u00e9e permet des trac\u00e9s de diff\u00e9rentes tailles ! Les larges couvrent en surface et les plus fines cr\u00e9ent les d\u00e9tails (de 2mm \u00e0 25 mm). Convient parfaitement aux enfants de 3 ans et + ainsi qu\u2019aux amateurs. Pratique, il s\u2019utilise aussi bien \u00e0 l\u2019\u00e9cole (tableaux et panneaux d\u2019affichage) qu\u2019\u00e0 la maison. Les Paint Markers existent en 12 couleurs. Chaque saison est une occasion pour d\u00e9corer les fen\u00eatres !<\/p>\n<p><img loading=\"lazy\" decoding=\"async\" class=\"alignnone wp-image-25835\" src=\"https:\/\/collall.nl\/wp-content\/uploads\/2022\/03\/Collall-Colorall-Paint-Marker-colors-and-tip-300x89.jpg\" alt=\" Collall-Colorall-Paint-Marker-colors-and-tip\" width=\"644\" height=\"191\" srcset=\"https:\/\/collall.nl\/wp-content\/uploads\/2022\/03\/Collall-Colorall-Paint-Marker-colors-and-tip-300x89.jpg 300w, https:\/\/collall.nl\/wp-content\/uploads\/2022\/03\/Collall-Colorall-Paint-Marker-colors-and-tip-1024x303.jpg 1024w, https:\/\/collall.nl\/wp-content\/uploads\/2022\/03\/Collall-Colorall-Paint-Marker-colors-and-tip-768x228.jpg 768w, https:\/\/collall.nl\/wp-content\/uploads\/2022\/03\/Collall-Colorall-Paint-Marker-colors-and-tip-1536x455.jpg 1536w, https:\/\/collall.nl\/wp-content\/uploads\/2022\/03\/Collall-Colorall-Paint-Marker-colors-and-tip-420x124.jpg 420w, https:\/\/collall.nl\/wp-content\/uploads\/2022\/03\/Collall-Colorall-Paint-Marker-colors-and-tip-600x178.jpg 600w, https:\/\/collall.nl\/wp-content\/uploads\/2022\/03\/Collall-Colorall-Paint-Marker-colors-and-tip.jpg 1559w\" sizes=\"auto, (max-width: 644px) 100vw, 644px\" \/><\/p>\n","protected":false},"excerpt":{"rendered":"<p>Le Feutre id\u00e9al pour dessiner sur le bois, le m\u00e9tal, les mati\u00e8res synth\u00e9tiques, le papier et m\u00eame les fen\u00eatres !<\/p>\n","protected":false},"featured_media":19302,"comment_status":"open","ping_status":"closed","template":"","meta":{"_acf_changed":false},"product_brand":[],"product_cat":[178,186],"product_tag":[],"class_list":{"0":"post-11998","1":"product","2":"type-product","3":"status-publish","4":"has-post-thumbnail","6":"product_cat-produits-peinture","7":"product_cat-materiel-de-decoration-et-restant","9":"first","10":"instock","11":"shipping-taxable","12":"purchasable","13":"product-type-variable"},"acf":[],"yoast_head":"<!-- This site is optimized with the Yoast SEO plugin v27.2 - https:\/\/yoast.com\/product\/yoast-seo-wordpress\/ -->\n<title>Colorall Paint Marker - Collall<\/title>\n<meta name=\"robots\" content=\"index, follow, max-snippet:-1, max-image-preview:large, max-video-preview:-1\" \/>\n<link rel=\"canonical\" href=\"https:\/\/collall.nl\/fr\/product\/colorall-paint-marker-2\/\" \/>\n<meta property=\"og:locale\" content=\"fr_FR\" \/>\n<meta property=\"og:type\" content=\"article\" \/>\n<meta property=\"og:title\" content=\"Colorall Paint Marker - Collall\" \/>\n<meta property=\"og:description\" content=\"Le Feutre id\u00e9al pour dessiner sur le bois, le m\u00e9tal, les mati\u00e8res synth\u00e9tiques, le papier et m\u00eame les fen\u00eatres !\" \/>\n<meta property=\"og:url\" content=\"https:\/\/collall.nl\/fr\/product\/colorall-paint-marker-2\/\" \/>\n<meta property=\"og:site_name\" content=\"Collall\" \/>\n<meta property=\"article:publisher\" content=\"https:\/\/www.facebook.com\/people\/Collall\/100064976852539\/\" \/>\n<meta property=\"article:modified_time\" content=\"2023-07-31T12:32:31+00:00\" \/>\n<meta property=\"og:image\" content=\"https:\/\/collall.nl\/wp-content\/uploads\/2022\/03\/COLPM6-COLPM25-Paintmarker.jpg\" \/>\n\t<meta property=\"og:image:width\" content=\"800\" \/>\n\t<meta property=\"og:image:height\" content=\"800\" \/>\n\t<meta property=\"og:image:type\" content=\"image\/jpeg\" \/>\n<meta name=\"twitter:card\" content=\"summary_large_image\" \/>\n<meta name=\"twitter:label1\" content=\"Dur\u00e9e de lecture estim\u00e9e\" \/>\n\t<meta name=\"twitter:data1\" content=\"1 minute\" \/>\n<script type=\"application\/ld+json\" class=\"yoast-schema-graph\">{\"@context\":\"https:\/\/schema.org\",\"@graph\":[{\"@type\":\"WebPage\",\"@id\":\"https:\/\/collall.nl\/fr\/product\/colorall-paint-marker-2\/\",\"url\":\"https:\/\/collall.nl\/fr\/product\/colorall-paint-marker-2\/\",\"name\":\"Colorall Paint Marker - Collall\",\"isPartOf\":{\"@id\":\"https:\/\/collall.nl\/#website\"},\"primaryImageOfPage\":{\"@id\":\"https:\/\/collall.nl\/fr\/product\/colorall-paint-marker-2\/#primaryimage\"},\"image\":{\"@id\":\"https:\/\/collall.nl\/fr\/product\/colorall-paint-marker-2\/#primaryimage\"},\"thumbnailUrl\":\"https:\/\/collall.nl\/wp-content\/uploads\/2022\/03\/COLPM6-COLPM25-Paintmarker.jpg\",\"datePublished\":\"2022-03-01T09:32:08+00:00\",\"dateModified\":\"2023-07-31T12:32:31+00:00\",\"breadcrumb\":{\"@id\":\"https:\/\/collall.nl\/fr\/product\/colorall-paint-marker-2\/#breadcrumb\"},\"inLanguage\":\"fr-FR\",\"potentialAction\":[{\"@type\":\"ReadAction\",\"target\":[\"https:\/\/collall.nl\/fr\/product\/colorall-paint-marker-2\/\"]}]},{\"@type\":\"ImageObject\",\"inLanguage\":\"fr-FR\",\"@id\":\"https:\/\/collall.nl\/fr\/product\/colorall-paint-marker-2\/#primaryimage\",\"url\":\"https:\/\/collall.nl\/wp-content\/uploads\/2022\/03\/COLPM6-COLPM25-Paintmarker.jpg\",\"contentUrl\":\"https:\/\/collall.nl\/wp-content\/uploads\/2022\/03\/COLPM6-COLPM25-Paintmarker.jpg\",\"width\":800,\"height\":800},{\"@type\":\"BreadcrumbList\",\"@id\":\"https:\/\/collall.nl\/fr\/product\/colorall-paint-marker-2\/#breadcrumb\",\"itemListElement\":[{\"@type\":\"ListItem\",\"position\":1,\"name\":\"Home\",\"item\":\"https:\/\/collall.nl\/fr\/\"},{\"@type\":\"ListItem\",\"position\":2,\"name\":\"Produits\",\"item\":\"https:\/\/collall.nl\/fr\/produits\/\"},{\"@type\":\"ListItem\",\"position\":3,\"name\":\"Colorall Paint Marker\"}]},{\"@type\":\"WebSite\",\"@id\":\"https:\/\/collall.nl\/#website\",\"url\":\"https:\/\/collall.nl\/\",\"name\":\"Collall\",\"description\":\"Adhesives &amp; Paints since 1949\",\"publisher\":{\"@id\":\"https:\/\/collall.nl\/#organization\"},\"potentialAction\":[{\"@type\":\"SearchAction\",\"target\":{\"@type\":\"EntryPoint\",\"urlTemplate\":\"https:\/\/collall.nl\/?s={search_term_string}\"},\"query-input\":{\"@type\":\"PropertyValueSpecification\",\"valueRequired\":true,\"valueName\":\"search_term_string\"}}],\"inLanguage\":\"fr-FR\"},{\"@type\":\"Organization\",\"@id\":\"https:\/\/collall.nl\/#organization\",\"name\":\"Collall B.V.\",\"url\":\"https:\/\/collall.nl\/\",\"logo\":{\"@type\":\"ImageObject\",\"inLanguage\":\"fr-FR\",\"@id\":\"https:\/\/collall.nl\/#\/schema\/logo\/image\/\",\"url\":\"https:\/\/collall.nl\/wp-content\/uploads\/2022\/08\/Collall-logo-186C_Reflex-blue.jpg\",\"contentUrl\":\"https:\/\/collall.nl\/wp-content\/uploads\/2022\/08\/Collall-logo-186C_Reflex-blue.jpg\",\"width\":1963,\"height\":1179,\"caption\":\"Collall B.V.\"},\"image\":{\"@id\":\"https:\/\/collall.nl\/#\/schema\/logo\/image\/\"},\"sameAs\":[\"https:\/\/www.facebook.com\/people\/Collall\/100064976852539\/\",\"https:\/\/www.instagram.com\/collall_1949\/\",\"https:\/\/nl.pinterest.com\/CollallBV\/\",\"https:\/\/www.youtube.com\/channel\/UCrCGuwth_udZhTqJSh5g9zg\"]}]}<\/script>\n<!-- \/ Yoast SEO plugin. -->","yoast_head_json":{"title":"Colorall Paint Marker - Collall","robots":{"index":"index","follow":"follow","max-snippet":"max-snippet:-1","max-image-preview":"max-image-preview:large","max-video-preview":"max-video-preview:-1"},"canonical":"https:\/\/collall.nl\/fr\/product\/colorall-paint-marker-2\/","og_locale":"fr_FR","og_type":"article","og_title":"Colorall Paint Marker - Collall","og_description":"Le Feutre id\u00e9al pour dessiner sur le bois, le m\u00e9tal, les mati\u00e8res synth\u00e9tiques, le papier et m\u00eame les fen\u00eatres !","og_url":"https:\/\/collall.nl\/fr\/product\/colorall-paint-marker-2\/","og_site_name":"Collall","article_publisher":"https:\/\/www.facebook.com\/people\/Collall\/100064976852539\/","article_modified_time":"2023-07-31T12:32:31+00:00","og_image":[{"width":800,"height":800,"url":"https:\/\/collall.nl\/wp-content\/uploads\/2022\/03\/COLPM6-COLPM25-Paintmarker.jpg","type":"image\/jpeg"}],"twitter_card":"summary_large_image","twitter_misc":{"Dur\u00e9e de lecture estim\u00e9e":"1 minute"},"schema":{"@context":"https:\/\/schema.org","@graph":[{"@type":"WebPage","@id":"https:\/\/collall.nl\/fr\/product\/colorall-paint-marker-2\/","url":"https:\/\/collall.nl\/fr\/product\/colorall-paint-marker-2\/","name":"Colorall Paint Marker - Collall","isPartOf":{"@id":"https:\/\/collall.nl\/#website"},"primaryImageOfPage":{"@id":"https:\/\/collall.nl\/fr\/product\/colorall-paint-marker-2\/#primaryimage"},"image":{"@id":"https:\/\/collall.nl\/fr\/product\/colorall-paint-marker-2\/#primaryimage"},"thumbnailUrl":"https:\/\/collall.nl\/wp-content\/uploads\/2022\/03\/COLPM6-COLPM25-Paintmarker.jpg","datePublished":"2022-03-01T09:32:08+00:00","dateModified":"2023-07-31T12:32:31+00:00","breadcrumb":{"@id":"https:\/\/collall.nl\/fr\/product\/colorall-paint-marker-2\/#breadcrumb"},"inLanguage":"fr-FR","potentialAction":[{"@type":"ReadAction","target":["https:\/\/collall.nl\/fr\/product\/colorall-paint-marker-2\/"]}]},{"@type":"ImageObject","inLanguage":"fr-FR","@id":"https:\/\/collall.nl\/fr\/product\/colorall-paint-marker-2\/#primaryimage","url":"https:\/\/collall.nl\/wp-content\/uploads\/2022\/03\/COLPM6-COLPM25-Paintmarker.jpg","contentUrl":"https:\/\/collall.nl\/wp-content\/uploads\/2022\/03\/COLPM6-COLPM25-Paintmarker.jpg","width":800,"height":800},{"@type":"BreadcrumbList","@id":"https:\/\/collall.nl\/fr\/product\/colorall-paint-marker-2\/#breadcrumb","itemListElement":[{"@type":"ListItem","position":1,"name":"Home","item":"https:\/\/collall.nl\/fr\/"},{"@type":"ListItem","position":2,"name":"Produits","item":"https:\/\/collall.nl\/fr\/produits\/"},{"@type":"ListItem","position":3,"name":"Colorall Paint Marker"}]},{"@type":"WebSite","@id":"https:\/\/collall.nl\/#website","url":"https:\/\/collall.nl\/","name":"Collall","description":"Adhesives &amp; Paints since 1949","publisher":{"@id":"https:\/\/collall.nl\/#organization"},"potentialAction":[{"@type":"SearchAction","target":{"@type":"EntryPoint","urlTemplate":"https:\/\/collall.nl\/?s={search_term_string}"},"query-input":{"@type":"PropertyValueSpecification","valueRequired":true,"valueName":"search_term_string"}}],"inLanguage":"fr-FR"},{"@type":"Organization","@id":"https:\/\/collall.nl\/#organization","name":"Collall B.V.","url":"https:\/\/collall.nl\/","logo":{"@type":"ImageObject","inLanguage":"fr-FR","@id":"https:\/\/collall.nl\/#\/schema\/logo\/image\/","url":"https:\/\/collall.nl\/wp-content\/uploads\/2022\/08\/Collall-logo-186C_Reflex-blue.jpg","contentUrl":"https:\/\/collall.nl\/wp-content\/uploads\/2022\/08\/Collall-logo-186C_Reflex-blue.jpg","width":1963,"height":1179,"caption":"Collall B.V."},"image":{"@id":"https:\/\/collall.nl\/#\/schema\/logo\/image\/"},"sameAs":["https:\/\/www.facebook.com\/people\/Collall\/100064976852539\/","https:\/\/www.instagram.com\/collall_1949\/","https:\/\/nl.pinterest.com\/CollallBV\/","https:\/\/www.youtube.com\/channel\/UCrCGuwth_udZhTqJSh5g9zg"]}]}},"_links":{"self":[{"href":"https:\/\/collall.nl\/fr\/wp-json\/wp\/v2\/product\/11998","targetHints":{"allow":["GET"]}}],"collection":[{"href":"https:\/\/collall.nl\/fr\/wp-json\/wp\/v2\/product"}],"about":[{"href":"https:\/\/collall.nl\/fr\/wp-json\/wp\/v2\/types\/product"}],"replies":[{"embeddable":true,"href":"https:\/\/collall.nl\/fr\/wp-json\/wp\/v2\/comments?post=11998"}],"wp:featuredmedia":[{"embeddable":true,"href":"https:\/\/collall.nl\/fr\/wp-json\/wp\/v2\/media\/19302"}],"wp:attachment":[{"href":"https:\/\/collall.nl\/fr\/wp-json\/wp\/v2\/media?parent=11998"}],"wp:term":[{"taxonomy":"product_brand","embeddable":true,"href":"https:\/\/collall.nl\/fr\/wp-json\/wp\/v2\/product_brand?post=11998"},{"taxonomy":"product_cat","embeddable":true,"href":"https:\/\/collall.nl\/fr\/wp-json\/wp\/v2\/product_cat?post=11998"},{"taxonomy":"product_tag","embeddable":true,"href":"https:\/\/collall.nl\/fr\/wp-json\/wp\/v2\/product_tag?post=11998"}],"curies":[{"name":"wp","href":"https:\/\/api.w.org\/{rel}","templated":true}]}}