{"id":11771,"date":"2022-03-01T09:28:41","date_gmt":"2022-03-01T09:28:56","guid":{"rendered":"http:\/\/collall.test\/product\/colorall-flock-paillettes\/"},"modified":"2022-10-24T14:13:12","modified_gmt":"2022-10-24T14:13:12","slug":"colorall-flock-paillettes","status":"publish","type":"product","link":"https:\/\/collall.nl\/fr\/product\/colorall-flock-paillettes\/","title":{"rendered":"Colorall Flock Paillettes"},"content":{"rendered":"<p>Colorall FLOCK\u2019s sont des paillettes multi couleurs et cr\u00e9atives pour d\u00e9corer presque toutes surfaces : elles donnent un effet de pierre naturelle polie garanti. Facilement applicable, pr\u00e9parer et recouvrir la surface \u00e0 d\u00e9corer avec une couche de colle (Collall Vernis-Colle). Puis saupoudrer les FLOCK\u2019s sur toute la surface en r\u00e9partissant les paillettes uniform\u00e9ment. Apr\u00e8s s\u00e9chage, enlever doucement le surplus \u00e0 l\u2019aide de la face abrasive d\u2019une \u00e9ponge ou d\u2019un papier de verre. Pour fixer durablement votre cr\u00e9ation appliquer une couche de collall vernis colle (Collall Decoupage vernis) et laisser s\u00e9cher. Les mat\u00e9riaux tr\u00e8s absorbants doivent \u00eatre traiter au pr\u00e9alable. Vous pouvez appliquer \u00e9galement une couche de peinture. Les Flocks \u00e9tant tr\u00e8s poreux, ils absorbent en partie la couleur de la peinture. Les Flocks peuvent \u00eatre utilis\u00e9s sur toutes les couleurs de peinture pour un r\u00e9sultat diff\u00e9rent \u00e0 chaque fois !<\/p>\n<p><strong>Existe en 24 assortiments.<\/strong><\/p>\n","protected":false},"excerpt":{"rendered":"<p>Paillettes multi couleurs et cr\u00e9atives pour d\u00e9corer presque toutes surfaces.<\/p>\n","protected":false},"featured_media":19272,"comment_status":"open","ping_status":"closed","template":"","meta":{"_acf_changed":false},"product_brand":[],"product_cat":[178,186],"product_tag":[],"class_list":{"0":"post-11771","1":"product","2":"type-product","3":"status-publish","4":"has-post-thumbnail","6":"product_cat-produits-peinture","7":"product_cat-materiel-de-decoration-et-restant","9":"first","10":"instock","11":"shipping-taxable","12":"purchasable","13":"product-type-variable"},"acf":[],"yoast_head":"<!-- This site is optimized with the Yoast SEO plugin v27.2 - https:\/\/yoast.com\/product\/yoast-seo-wordpress\/ -->\n<title>Colorall Flock Paillettes - Collall<\/title>\n<meta name=\"robots\" content=\"index, follow, max-snippet:-1, max-image-preview:large, max-video-preview:-1\" \/>\n<link rel=\"canonical\" href=\"https:\/\/collall.nl\/fr\/product\/colorall-flock-paillettes\/\" \/>\n<meta property=\"og:locale\" content=\"fr_FR\" \/>\n<meta property=\"og:type\" content=\"article\" \/>\n<meta property=\"og:title\" content=\"Colorall Flock Paillettes - Collall\" \/>\n<meta property=\"og:description\" content=\"Paillettes multi couleurs et cr\u00e9atives pour d\u00e9corer presque toutes surfaces.\" \/>\n<meta property=\"og:url\" content=\"https:\/\/collall.nl\/fr\/product\/colorall-flock-paillettes\/\" \/>\n<meta property=\"og:site_name\" content=\"Collall\" \/>\n<meta property=\"article:publisher\" content=\"https:\/\/www.facebook.com\/people\/Collall\/100064976852539\/\" \/>\n<meta property=\"article:modified_time\" content=\"2022-10-24T14:13:12+00:00\" \/>\n<meta property=\"og:image\" content=\"http:\/\/collall.nl\/wp-content\/uploads\/2022\/03\/COLFL0150542-Flock-Breda.jpg\" \/>\n\t<meta property=\"og:image:width\" content=\"800\" \/>\n\t<meta property=\"og:image:height\" content=\"800\" \/>\n\t<meta property=\"og:image:type\" content=\"image\/jpeg\" \/>\n<meta name=\"twitter:card\" content=\"summary_large_image\" \/>\n<meta name=\"twitter:label1\" content=\"Dur\u00e9e de lecture estim\u00e9e\" \/>\n\t<meta name=\"twitter:data1\" content=\"1 minute\" \/>\n<script type=\"application\/ld+json\" class=\"yoast-schema-graph\">{\"@context\":\"https:\/\/schema.org\",\"@graph\":[{\"@type\":\"WebPage\",\"@id\":\"https:\/\/collall.nl\/fr\/product\/colorall-flock-paillettes\/\",\"url\":\"https:\/\/collall.nl\/fr\/product\/colorall-flock-paillettes\/\",\"name\":\"Colorall Flock Paillettes - Collall\",\"isPartOf\":{\"@id\":\"https:\/\/collall.nl\/#website\"},\"primaryImageOfPage\":{\"@id\":\"https:\/\/collall.nl\/fr\/product\/colorall-flock-paillettes\/#primaryimage\"},\"image\":{\"@id\":\"https:\/\/collall.nl\/fr\/product\/colorall-flock-paillettes\/#primaryimage\"},\"thumbnailUrl\":\"https:\/\/collall.nl\/wp-content\/uploads\/2022\/03\/COLFL0150542-Flock-Breda.jpg\",\"datePublished\":\"2022-03-01T09:28:56+00:00\",\"dateModified\":\"2022-10-24T14:13:12+00:00\",\"breadcrumb\":{\"@id\":\"https:\/\/collall.nl\/fr\/product\/colorall-flock-paillettes\/#breadcrumb\"},\"inLanguage\":\"fr-FR\",\"potentialAction\":[{\"@type\":\"ReadAction\",\"target\":[\"https:\/\/collall.nl\/fr\/product\/colorall-flock-paillettes\/\"]}]},{\"@type\":\"ImageObject\",\"inLanguage\":\"fr-FR\",\"@id\":\"https:\/\/collall.nl\/fr\/product\/colorall-flock-paillettes\/#primaryimage\",\"url\":\"https:\/\/collall.nl\/wp-content\/uploads\/2022\/03\/COLFL0150542-Flock-Breda.jpg\",\"contentUrl\":\"https:\/\/collall.nl\/wp-content\/uploads\/2022\/03\/COLFL0150542-Flock-Breda.jpg\",\"width\":800,\"height\":800,\"caption\":\"Colorall Flock\"},{\"@type\":\"BreadcrumbList\",\"@id\":\"https:\/\/collall.nl\/fr\/product\/colorall-flock-paillettes\/#breadcrumb\",\"itemListElement\":[{\"@type\":\"ListItem\",\"position\":1,\"name\":\"Home\",\"item\":\"https:\/\/collall.nl\/fr\/\"},{\"@type\":\"ListItem\",\"position\":2,\"name\":\"Produits\",\"item\":\"https:\/\/collall.nl\/fr\/produits\/\"},{\"@type\":\"ListItem\",\"position\":3,\"name\":\"Colorall Flock Paillettes\"}]},{\"@type\":\"WebSite\",\"@id\":\"https:\/\/collall.nl\/#website\",\"url\":\"https:\/\/collall.nl\/\",\"name\":\"Collall\",\"description\":\"Adhesives &amp; Paints since 1949\",\"publisher\":{\"@id\":\"https:\/\/collall.nl\/#organization\"},\"potentialAction\":[{\"@type\":\"SearchAction\",\"target\":{\"@type\":\"EntryPoint\",\"urlTemplate\":\"https:\/\/collall.nl\/?s={search_term_string}\"},\"query-input\":{\"@type\":\"PropertyValueSpecification\",\"valueRequired\":true,\"valueName\":\"search_term_string\"}}],\"inLanguage\":\"fr-FR\"},{\"@type\":\"Organization\",\"@id\":\"https:\/\/collall.nl\/#organization\",\"name\":\"Collall B.V.\",\"url\":\"https:\/\/collall.nl\/\",\"logo\":{\"@type\":\"ImageObject\",\"inLanguage\":\"fr-FR\",\"@id\":\"https:\/\/collall.nl\/#\/schema\/logo\/image\/\",\"url\":\"https:\/\/collall.nl\/wp-content\/uploads\/2022\/08\/Collall-logo-186C_Reflex-blue.jpg\",\"contentUrl\":\"https:\/\/collall.nl\/wp-content\/uploads\/2022\/08\/Collall-logo-186C_Reflex-blue.jpg\",\"width\":1963,\"height\":1179,\"caption\":\"Collall B.V.\"},\"image\":{\"@id\":\"https:\/\/collall.nl\/#\/schema\/logo\/image\/\"},\"sameAs\":[\"https:\/\/www.facebook.com\/people\/Collall\/100064976852539\/\",\"https:\/\/www.instagram.com\/collall_1949\/\",\"https:\/\/nl.pinterest.com\/CollallBV\/\",\"https:\/\/www.youtube.com\/channel\/UCrCGuwth_udZhTqJSh5g9zg\"]}]}<\/script>\n<!-- \/ Yoast SEO plugin. -->","yoast_head_json":{"title":"Colorall Flock Paillettes - Collall","robots":{"index":"index","follow":"follow","max-snippet":"max-snippet:-1","max-image-preview":"max-image-preview:large","max-video-preview":"max-video-preview:-1"},"canonical":"https:\/\/collall.nl\/fr\/product\/colorall-flock-paillettes\/","og_locale":"fr_FR","og_type":"article","og_title":"Colorall Flock Paillettes - Collall","og_description":"Paillettes multi couleurs et cr\u00e9atives pour d\u00e9corer presque toutes surfaces.","og_url":"https:\/\/collall.nl\/fr\/product\/colorall-flock-paillettes\/","og_site_name":"Collall","article_publisher":"https:\/\/www.facebook.com\/people\/Collall\/100064976852539\/","article_modified_time":"2022-10-24T14:13:12+00:00","og_image":[{"width":800,"height":800,"url":"http:\/\/collall.nl\/wp-content\/uploads\/2022\/03\/COLFL0150542-Flock-Breda.jpg","type":"image\/jpeg"}],"twitter_card":"summary_large_image","twitter_misc":{"Dur\u00e9e de lecture estim\u00e9e":"1 minute"},"schema":{"@context":"https:\/\/schema.org","@graph":[{"@type":"WebPage","@id":"https:\/\/collall.nl\/fr\/product\/colorall-flock-paillettes\/","url":"https:\/\/collall.nl\/fr\/product\/colorall-flock-paillettes\/","name":"Colorall Flock Paillettes - Collall","isPartOf":{"@id":"https:\/\/collall.nl\/#website"},"primaryImageOfPage":{"@id":"https:\/\/collall.nl\/fr\/product\/colorall-flock-paillettes\/#primaryimage"},"image":{"@id":"https:\/\/collall.nl\/fr\/product\/colorall-flock-paillettes\/#primaryimage"},"thumbnailUrl":"https:\/\/collall.nl\/wp-content\/uploads\/2022\/03\/COLFL0150542-Flock-Breda.jpg","datePublished":"2022-03-01T09:28:56+00:00","dateModified":"2022-10-24T14:13:12+00:00","breadcrumb":{"@id":"https:\/\/collall.nl\/fr\/product\/colorall-flock-paillettes\/#breadcrumb"},"inLanguage":"fr-FR","potentialAction":[{"@type":"ReadAction","target":["https:\/\/collall.nl\/fr\/product\/colorall-flock-paillettes\/"]}]},{"@type":"ImageObject","inLanguage":"fr-FR","@id":"https:\/\/collall.nl\/fr\/product\/colorall-flock-paillettes\/#primaryimage","url":"https:\/\/collall.nl\/wp-content\/uploads\/2022\/03\/COLFL0150542-Flock-Breda.jpg","contentUrl":"https:\/\/collall.nl\/wp-content\/uploads\/2022\/03\/COLFL0150542-Flock-Breda.jpg","width":800,"height":800,"caption":"Colorall Flock"},{"@type":"BreadcrumbList","@id":"https:\/\/collall.nl\/fr\/product\/colorall-flock-paillettes\/#breadcrumb","itemListElement":[{"@type":"ListItem","position":1,"name":"Home","item":"https:\/\/collall.nl\/fr\/"},{"@type":"ListItem","position":2,"name":"Produits","item":"https:\/\/collall.nl\/fr\/produits\/"},{"@type":"ListItem","position":3,"name":"Colorall Flock Paillettes"}]},{"@type":"WebSite","@id":"https:\/\/collall.nl\/#website","url":"https:\/\/collall.nl\/","name":"Collall","description":"Adhesives &amp; Paints since 1949","publisher":{"@id":"https:\/\/collall.nl\/#organization"},"potentialAction":[{"@type":"SearchAction","target":{"@type":"EntryPoint","urlTemplate":"https:\/\/collall.nl\/?s={search_term_string}"},"query-input":{"@type":"PropertyValueSpecification","valueRequired":true,"valueName":"search_term_string"}}],"inLanguage":"fr-FR"},{"@type":"Organization","@id":"https:\/\/collall.nl\/#organization","name":"Collall B.V.","url":"https:\/\/collall.nl\/","logo":{"@type":"ImageObject","inLanguage":"fr-FR","@id":"https:\/\/collall.nl\/#\/schema\/logo\/image\/","url":"https:\/\/collall.nl\/wp-content\/uploads\/2022\/08\/Collall-logo-186C_Reflex-blue.jpg","contentUrl":"https:\/\/collall.nl\/wp-content\/uploads\/2022\/08\/Collall-logo-186C_Reflex-blue.jpg","width":1963,"height":1179,"caption":"Collall B.V."},"image":{"@id":"https:\/\/collall.nl\/#\/schema\/logo\/image\/"},"sameAs":["https:\/\/www.facebook.com\/people\/Collall\/100064976852539\/","https:\/\/www.instagram.com\/collall_1949\/","https:\/\/nl.pinterest.com\/CollallBV\/","https:\/\/www.youtube.com\/channel\/UCrCGuwth_udZhTqJSh5g9zg"]}]}},"_links":{"self":[{"href":"https:\/\/collall.nl\/fr\/wp-json\/wp\/v2\/product\/11771","targetHints":{"allow":["GET"]}}],"collection":[{"href":"https:\/\/collall.nl\/fr\/wp-json\/wp\/v2\/product"}],"about":[{"href":"https:\/\/collall.nl\/fr\/wp-json\/wp\/v2\/types\/product"}],"replies":[{"embeddable":true,"href":"https:\/\/collall.nl\/fr\/wp-json\/wp\/v2\/comments?post=11771"}],"wp:featuredmedia":[{"embeddable":true,"href":"https:\/\/collall.nl\/fr\/wp-json\/wp\/v2\/media\/19272"}],"wp:attachment":[{"href":"https:\/\/collall.nl\/fr\/wp-json\/wp\/v2\/media?parent=11771"}],"wp:term":[{"taxonomy":"product_brand","embeddable":true,"href":"https:\/\/collall.nl\/fr\/wp-json\/wp\/v2\/product_brand?post=11771"},{"taxonomy":"product_cat","embeddable":true,"href":"https:\/\/collall.nl\/fr\/wp-json\/wp\/v2\/product_cat?post=11771"},{"taxonomy":"product_tag","embeddable":true,"href":"https:\/\/collall.nl\/fr\/wp-json\/wp\/v2\/product_tag?post=11771"}],"curies":[{"name":"wp","href":"https:\/\/api.w.org\/{rel}","templated":true}]}}