{"id":11643,"date":"2022-03-01T09:28:19","date_gmt":"2022-03-01T09:28:26","guid":{"rendered":"http:\/\/collall.test\/product\/colorall-email-a-froid\/"},"modified":"2024-04-15T10:53:09","modified_gmt":"2024-04-15T08:53:09","slug":"colorall-email-a-froid","status":"publish","type":"product","link":"https:\/\/collall.nl\/fr\/product\/colorall-email-a-froid\/","title":{"rendered":"Colorall \u00c9mail \u00e0 Froid"},"content":{"rendered":"<div><\/div>\n<div>\n<p class=\"p1\">\u00c9mail \u00e0 froid Colorall apporte une touche finale d\u00e9corative \u00e0 toutes sortes d\u2019objets, comme un v\u00e9ritable \u00e9mail. \u00c9mail \u00e0 froid peut \u00eatre utilis\u00e9 directement \u00e0 partir du flacon. Les couleurs ne d\u00e9bordent pas les unes sur les autres. \u00c9mail \u00e0 froid parfait l\u2019objet en lui conf\u00e9rant un brillant superbe. Utilise un objet pointu, comme une aiguille ou une \u00e9pingle, pour m\u00e9langer les couleurs. Fais bien attention aux taches, elles ne partent pas au lavage !<\/p>\n<p class=\"p1\"><b>Solvent :<\/b> eau<\/p>\n<p class=\"p1\"><b>Composant principal :<\/b> polyvinylac\u00e9tate<\/p>\n<p class=\"p1\"><b>PH :<\/b> 7,5<\/p>\n<\/div>\n<div>\n<div class=\"flex-1 overflow-hidden\">\n<div class=\"react-scroll-to-bottom--css-ygsnk-79elbk h-full\">\n<div class=\"react-scroll-to-bottom--css-ygsnk-1n7m0yu\">\n<div class=\"flex flex-col text-sm pb-9\">\n<div class=\"w-full text-token-text-primary\" dir=\"auto\" data-testid=\"conversation-turn-7\">\n<div class=\"px-4 py-2 justify-center text-base md:gap-6 m-auto\">\n<div class=\"flex flex-1 text-base mx-auto gap-3 juice:gap-4 juice:md:gap-6 md:px-5 lg:px-1 xl:px-5 md:max-w-3xl lg:max-w-[40rem] xl:max-w-[48rem] group final-completion\">\n<div class=\"relative flex w-full flex-col agent-turn\">\n<div class=\"flex-col gap-1 md:gap-3\">\n<div class=\"flex flex-grow flex-col max-w-full\">\n<div class=\"min-h-[20px] text-message flex flex-col items-start gap-3 whitespace-pre-wrap break-words [.text-message+&amp;]:mt-5 overflow-x-auto\" dir=\"auto\" data-message-author-role=\"assistant\" data-message-id=\"6bd5d4ad-bf56-46d4-b08d-57bdcbba5d33\">\n<div class=\"markdown prose w-full break-words dark:prose-invert light\">\n<p class=\"p1\"><b>Poids sp\u00e9cifique :<\/b> 1,04 g\/cm\u00b3<\/p>\n<p class=\"p1\"><b>CE :<\/b> &#8211;<\/p>\n<p class=\"p1\"><b>Utilisation :<\/b><\/p>\n<ul class=\"ul1\">\n<li class=\"li1\">La surface \u00e0 peindre doit \u00eatre lisse, propre et s\u00e8che. Elle doit \u00eatre d\u00e9pourvue de poussi\u00e8re, de graisse et d&rsquo;autres imperfections.<\/li>\n<li class=\"li1\">Colorall \u00c9mail \u00e0 Froid doit \u00eatre appliqu\u00e9 sur une surface plane (horizontale) afin que les couleurs ne se m\u00e9langent pas d&rsquo;elles-m\u00eames. Le produit n&rsquo;est donc pas adapt\u00e9 aux surfaces concaves et convexes.<\/li>\n<li class=\"li1\">Utilisez un objet pointu comme une aiguille ou une \u00e9pingle pour m\u00e9langer les couleurs entre elles. Testez d&rsquo;abord la peinture sur une petite surface pour \u00e9valuer la peinture et le support.<\/li>\n<li class=\"li1\">Apr\u00e8s utilisation, laissez bien durcir et s\u00e9cher l&rsquo;\u00e9mail \u00e0 froid, cela prendra au moins 24 heures.<\/li>\n<li class=\"li1\">Apr\u00e8s s\u00e9chage, la peinture retrouvera son \u00e9clat d&rsquo;origine.<\/li>\n<\/ul>\n<p class=\"p1\"><b>Comment puis-je appliquer l&rsquo;\u00c9mail \u00e0 Froid ?<\/b><\/p>\n<ul>\n<li class=\"p1\">Applique d\u2019abord la\/les couleur(s) de base en la\/les d\u00e9posant g\u00e9n\u00e9reusement \u00e0 partir du flacon, directement sur la surface. Fais goutter d\u2019autres couleurs sur la\/les couleur(s) de base. Utilise une aiguille, un clou, un pic \u00e0 cocktail, ou tout autre objet pointu, pour donner de l\u2019effet \u00e0 l\u2019\u00e9mail. \u00c9tire \u00c9mail \u00e0 froid \u00e0 l\u2019aide de l\u2019objet pointu. Depuis la partie centrale de la goutte, vers l\u2019ext\u00e9rieur, \u00e9tire \u00e0 plusieurs reprises la peinture sur les autres couleurs, comme un \u00ab petit soleil \u00bb. R\u00e9p\u00e8te ce geste avec toutes les gouttes, jusqu\u2019\u00e0 obtention du r\u00e9sultat escompt\u00e9.<\/li>\n<\/ul>\n<p class=\"p1\"><b>Allerg\u00e8nes :<\/b> contient CMIT\/MIT. Peut produire une r\u00e9action allergique.<\/p>\n<p class=\"p1\"><b>Convient pour :<\/b> \u00e0 partir de 6 ans.<\/p>\n<p class=\"p1\"><b>Taches :<\/b><\/p>\n<ul class=\"ul1\">\n<li class=\"li1\">Lorsque la peinture est encore humide, les outils\/les surfaces peuvent \u00eatre nettoy\u00e9s avec de l&rsquo;eau (chaude).<\/li>\n<li class=\"li1\">Portez un tablier de peinture lors de l&rsquo;application de l&rsquo;\u00e9mail, les taches sur les v\u00eatements ne peuvent pas \u00eatre lav\u00e9es.<\/li>\n<\/ul>\n<p><img loading=\"lazy\" decoding=\"async\" class=\"alignnone wp-image-25805\" src=\"https:\/\/collall.nl\/wp-content\/uploads\/2022\/03\/Collall-crea-met-kids-koud-emaille-voorbeeld-300x86.jpg\" alt=\"Collall-crea-met-kids-koud-emaille-voorbeeld.\" width=\"576\" height=\"165\" srcset=\"https:\/\/collall.nl\/wp-content\/uploads\/2022\/03\/Collall-crea-met-kids-koud-emaille-voorbeeld-300x86.jpg 300w, https:\/\/collall.nl\/wp-content\/uploads\/2022\/03\/Collall-crea-met-kids-koud-emaille-voorbeeld-420x120.jpg 420w, https:\/\/collall.nl\/wp-content\/uploads\/2022\/03\/Collall-crea-met-kids-koud-emaille-voorbeeld-600x171.jpg 600w, https:\/\/collall.nl\/wp-content\/uploads\/2022\/03\/Collall-crea-met-kids-koud-emaille-voorbeeld-350x100.jpg 350w, https:\/\/collall.nl\/wp-content\/uploads\/2022\/03\/Collall-crea-met-kids-koud-emaille-voorbeeld.jpg 700w\" sizes=\"auto, (max-width: 576px) 100vw, 576px\" \/><\/p>\n<p><em>Des id\u00e9es amusantes avec l&rsquo;\u00e9mail \u00e0 froid Colorall sur notre page d&rsquo;inspiration !<\/em><\/p>\n<\/div>\n<\/div>\n<\/div>\n<\/div>\n<\/div>\n<\/div>\n<\/div>\n<\/div>\n<\/div>\n<\/div>\n<\/div>\n<\/div>\n<div class=\"w-full pt-2 md:pt-0 dark:border-white\/20 md:border-transparent md:dark:border-transparent md:w-[calc(100%-.5rem)]\">\n<form class=\"stretch mx-2 flex flex-row gap-3 last:mb-2 md:mx-4 md:last:mb-6 lg:mx-auto lg:max-w-2xl xl:max-w-3xl\">\n<div class=\"relative flex h-full flex-1 flex-col\">\n<div class=\"flex w-full items-center\">\n<div class=\"overflow-hidden [&amp;:has(textarea:focus)]:border-token-border-xheavy [&amp;:has(textarea:focus)]:shadow-[0_2px_6px_rgba(0,0,0,.05)] flex flex-col w-full flex-grow relative border dark:text-white rounded-2xl bg-token-main-surface-primary border-token-border-medium\">\n<div data-grammarly-part=\"button\">\n<div>\n<div>\n<div class=\"amkYk\">\n<div><\/div>\n<\/div>\n<\/div>\n<\/div>\n<\/div>\n<\/div>\n<\/div>\n<\/div>\n<\/form>\n<\/div>\n<\/div>\n<p class=\"p1\"><b>Manuel g\u00e9n\u00e9ral d\u2019utilisation d\u2019\u00c9mail \u00e0 froid<\/b><\/p>\n<p class=\"p1\">La surface doit \u00eatre lisse, s\u00e8che et propre. Il ne doit pas y avoir de poussi\u00e8re, de substances grasses et autres asp\u00e9rit\u00e9s. Il est important de travailler sur une surface plane, pour que la peinture ne coule pas et que les couleurs ne d\u00e9bordent pas les unes sur les autres. C\u2019est d\u2019ailleurs pour \u00e9viter que la peinture ne coule que ce produit n\u2019a pas \u00e9t\u00e9 con\u00e7u pour des formes convexes ou concaves. Tester au pr\u00e9alable la peinture et le support sur une petite surface. Bien laisser \u00c9mail \u00e0 froid durcir et s\u00e9cher, pendant environ 24 heures. La peinture conserve son brillant superbe, m\u00eame apr\u00e8s s\u00e9chage. Utiliser un tablier de peinture pendant l\u2019\u00e9maillage. \u00c9mail \u00e0 froid se travaille le mieux lorsqu\u2019il est conserv\u00e9 \u00e0 temp\u00e9rature ambiante. Les taches ne partent pas au lavage.<\/p>\n<p><strong><span style=\"line-height: 1.6;\">\u00c9mail \u00e0 froid incolore<\/span><\/strong><\/p>\n<p>\u00c9mail \u00e0 froid incolore peut \u00eatre utilis\u00e9 en guise de finition, pour cr\u00e9er une couche brillante sur des photos, des images et impressions que tu as faites toi-m\u00eame. Il est important de r\u00e9aliser un test avant de l\u2019utiliser, car la qualit\u00e9 de l\u2019imprimante, du papier et de l\u2019encre peuvent influencer l\u2019effet rendu par \u00c9mail \u00e0 froid. Il est important de tester la peinture au pr\u00e9alable, sur une petite surface. \u00c9mail \u00e0 froid peut \u00eatre utilis\u00e9 directement depuis le flacon ou \u00eatre \u00e9tal\u00e9 sur la surface \u00e0 l\u2019aide d\u2019une brosse. \u00c9mail \u00e0 froid doit bien durcir et s\u00e9cher, pendant environ 24 heures.<\/p>\n<p><strong>Couleurs<\/strong><\/p>\n<p>\u00c9mail \u00e0 froid se d\u00e9cline en quinze couleurs : rouge clair, rouge fonc\u00e9, orange, jaune, rose, vert clair, vert fonc\u00e9, bleu clair, bleu fonc\u00e9, violet, marron, noir, blanc et transparante et transparante avec pailettes etincelantes.<\/p>\n<p><img loading=\"lazy\" decoding=\"async\" class=\"alignnone wp-image-25809\" src=\"https:\/\/collall.nl\/wp-content\/uploads\/2022\/03\/Collall-koud-emaille-kleuren-300x86.jpg\" alt=\"Collall-koud-emaille-kleuren\" width=\"607\" height=\"174\" srcset=\"https:\/\/collall.nl\/wp-content\/uploads\/2022\/03\/Collall-koud-emaille-kleuren-300x86.jpg 300w, https:\/\/collall.nl\/wp-content\/uploads\/2022\/03\/Collall-koud-emaille-kleuren-420x120.jpg 420w, https:\/\/collall.nl\/wp-content\/uploads\/2022\/03\/Collall-koud-emaille-kleuren-600x171.jpg 600w, https:\/\/collall.nl\/wp-content\/uploads\/2022\/03\/Collall-koud-emaille-kleuren-350x100.jpg 350w, https:\/\/collall.nl\/wp-content\/uploads\/2022\/03\/Collall-koud-emaille-kleuren.jpg 700w\" sizes=\"auto, (max-width: 607px) 100vw, 607px\" \/><\/p>\n<div><\/div>\n<div><a href=\"https:\/\/www.youtube.com\/watch?v=KBv9eZkr5QA\" target=\"_blank\" rel=\"noopener\">YouTube video<\/a><\/div>\n<div>https:\/\/www.youtube.com\/watch?v=KBv9eZkr5QA<\/div>\n<div><\/div>\n","protected":false},"excerpt":{"rendered":"<p>Apporte une touche finale d\u00e9corative \u00e0 toutes sortes d\u2019objets.<\/p>\n<p><a href=\"https:\/\/www.youtube.com\/watch?v=d8omngwQ6Gc&amp;t=15s\" target=\"_blank\" rel=\"noopener\"><img loading=\"lazy\" decoding=\"async\" class=\"alignnone size-medium wp-image-19292\" src=\"http:\/\/collall.nl\/wp-content\/uploads\/2022\/03\/thumbnail-Happy-StonesEN-300x169.jpg\" alt=\"\" width=\"300\" height=\"169\" srcset=\"https:\/\/collall.nl\/wp-content\/uploads\/2022\/03\/thumbnail-Happy-StonesEN-300x169.jpg 300w, https:\/\/collall.nl\/wp-content\/uploads\/2022\/03\/thumbnail-Happy-StonesEN-1024x576.jpg 1024w, https:\/\/collall.nl\/wp-content\/uploads\/2022\/03\/thumbnail-Happy-StonesEN-768x432.jpg 768w, https:\/\/collall.nl\/wp-content\/uploads\/2022\/03\/thumbnail-Happy-StonesEN-1536x864.jpg 1536w, https:\/\/collall.nl\/wp-content\/uploads\/2022\/03\/thumbnail-Happy-StonesEN-420x236.jpg 420w, https:\/\/collall.nl\/wp-content\/uploads\/2022\/03\/thumbnail-Happy-StonesEN-600x338.jpg 600w, https:\/\/collall.nl\/wp-content\/uploads\/2022\/03\/thumbnail-Happy-StonesEN.jpg 1920w\" sizes=\"auto, (max-width: 300px) 100vw, 300px\" \/><\/a><em>Youtube video<\/em><\/p>\n","protected":false},"featured_media":19285,"comment_status":"open","ping_status":"closed","template":"","meta":{"_acf_changed":false},"product_brand":[],"product_cat":[178],"product_tag":[],"class_list":{"0":"post-11643","1":"product","2":"type-product","3":"status-publish","4":"has-post-thumbnail","6":"product_cat-produits-peinture","8":"first","9":"instock","10":"shipping-taxable","11":"purchasable","12":"product-type-variable"},"acf":[],"yoast_head":"<!-- This site is optimized with the Yoast SEO plugin v27.2 - https:\/\/yoast.com\/product\/yoast-seo-wordpress\/ -->\n<title>Colorall \u00c9mail \u00e0 Froid - Collall<\/title>\n<meta name=\"robots\" content=\"index, follow, max-snippet:-1, max-image-preview:large, max-video-preview:-1\" \/>\n<link rel=\"canonical\" href=\"https:\/\/collall.nl\/fr\/product\/colorall-email-a-froid\/\" \/>\n<meta property=\"og:locale\" content=\"fr_FR\" \/>\n<meta property=\"og:type\" content=\"article\" \/>\n<meta property=\"og:title\" content=\"Colorall \u00c9mail \u00e0 Froid - Collall\" \/>\n<meta property=\"og:description\" content=\"Apporte une touche finale d\u00e9corative \u00e0 toutes sortes d\u2019objets.  Youtube video\" \/>\n<meta property=\"og:url\" content=\"https:\/\/collall.nl\/fr\/product\/colorall-email-a-froid\/\" \/>\n<meta property=\"og:site_name\" content=\"Collall\" \/>\n<meta property=\"article:publisher\" content=\"https:\/\/www.facebook.com\/people\/Collall\/100064976852539\/\" \/>\n<meta property=\"article:modified_time\" content=\"2024-04-15T08:53:09+00:00\" \/>\n<meta property=\"og:image\" content=\"https:\/\/collall.nl\/wp-content\/uploads\/2022\/03\/COLCE005056-Colorall-Cold-Enamel.jpg\" \/>\n\t<meta property=\"og:image:width\" content=\"800\" \/>\n\t<meta property=\"og:image:height\" content=\"800\" \/>\n\t<meta property=\"og:image:type\" content=\"image\/jpeg\" \/>\n<meta name=\"twitter:card\" content=\"summary_large_image\" \/>\n<meta name=\"twitter:label1\" content=\"Dur\u00e9e de lecture estim\u00e9e\" \/>\n\t<meta name=\"twitter:data1\" content=\"4 minutes\" \/>\n<script type=\"application\/ld+json\" class=\"yoast-schema-graph\">{\"@context\":\"https:\/\/schema.org\",\"@graph\":[{\"@type\":\"WebPage\",\"@id\":\"https:\/\/collall.nl\/fr\/product\/colorall-email-a-froid\/\",\"url\":\"https:\/\/collall.nl\/fr\/product\/colorall-email-a-froid\/\",\"name\":\"Colorall \u00c9mail \u00e0 Froid - Collall\",\"isPartOf\":{\"@id\":\"https:\/\/collall.nl\/#website\"},\"primaryImageOfPage\":{\"@id\":\"https:\/\/collall.nl\/fr\/product\/colorall-email-a-froid\/#primaryimage\"},\"image\":{\"@id\":\"https:\/\/collall.nl\/fr\/product\/colorall-email-a-froid\/#primaryimage\"},\"thumbnailUrl\":\"https:\/\/collall.nl\/wp-content\/uploads\/2022\/03\/COLCE005056-Colorall-Cold-Enamel.jpg\",\"datePublished\":\"2022-03-01T09:28:26+00:00\",\"dateModified\":\"2024-04-15T08:53:09+00:00\",\"breadcrumb\":{\"@id\":\"https:\/\/collall.nl\/fr\/product\/colorall-email-a-froid\/#breadcrumb\"},\"inLanguage\":\"fr-FR\",\"potentialAction\":[{\"@type\":\"ReadAction\",\"target\":[\"https:\/\/collall.nl\/fr\/product\/colorall-email-a-froid\/\"]}]},{\"@type\":\"ImageObject\",\"inLanguage\":\"fr-FR\",\"@id\":\"https:\/\/collall.nl\/fr\/product\/colorall-email-a-froid\/#primaryimage\",\"url\":\"https:\/\/collall.nl\/wp-content\/uploads\/2022\/03\/COLCE005056-Colorall-Cold-Enamel.jpg\",\"contentUrl\":\"https:\/\/collall.nl\/wp-content\/uploads\/2022\/03\/COLCE005056-Colorall-Cold-Enamel.jpg\",\"width\":800,\"height\":800,\"caption\":\"Colorall Koud Emaille\"},{\"@type\":\"BreadcrumbList\",\"@id\":\"https:\/\/collall.nl\/fr\/product\/colorall-email-a-froid\/#breadcrumb\",\"itemListElement\":[{\"@type\":\"ListItem\",\"position\":1,\"name\":\"Home\",\"item\":\"https:\/\/collall.nl\/fr\/\"},{\"@type\":\"ListItem\",\"position\":2,\"name\":\"Produits\",\"item\":\"https:\/\/collall.nl\/fr\/produits\/\"},{\"@type\":\"ListItem\",\"position\":3,\"name\":\"Colorall \u00c9mail \u00e0 Froid\"}]},{\"@type\":\"WebSite\",\"@id\":\"https:\/\/collall.nl\/#website\",\"url\":\"https:\/\/collall.nl\/\",\"name\":\"Collall\",\"description\":\"Adhesives &amp; Paints since 1949\",\"publisher\":{\"@id\":\"https:\/\/collall.nl\/#organization\"},\"potentialAction\":[{\"@type\":\"SearchAction\",\"target\":{\"@type\":\"EntryPoint\",\"urlTemplate\":\"https:\/\/collall.nl\/?s={search_term_string}\"},\"query-input\":{\"@type\":\"PropertyValueSpecification\",\"valueRequired\":true,\"valueName\":\"search_term_string\"}}],\"inLanguage\":\"fr-FR\"},{\"@type\":\"Organization\",\"@id\":\"https:\/\/collall.nl\/#organization\",\"name\":\"Collall B.V.\",\"url\":\"https:\/\/collall.nl\/\",\"logo\":{\"@type\":\"ImageObject\",\"inLanguage\":\"fr-FR\",\"@id\":\"https:\/\/collall.nl\/#\/schema\/logo\/image\/\",\"url\":\"https:\/\/collall.nl\/wp-content\/uploads\/2022\/08\/Collall-logo-186C_Reflex-blue.jpg\",\"contentUrl\":\"https:\/\/collall.nl\/wp-content\/uploads\/2022\/08\/Collall-logo-186C_Reflex-blue.jpg\",\"width\":1963,\"height\":1179,\"caption\":\"Collall B.V.\"},\"image\":{\"@id\":\"https:\/\/collall.nl\/#\/schema\/logo\/image\/\"},\"sameAs\":[\"https:\/\/www.facebook.com\/people\/Collall\/100064976852539\/\",\"https:\/\/www.instagram.com\/collall_1949\/\",\"https:\/\/nl.pinterest.com\/CollallBV\/\",\"https:\/\/www.youtube.com\/channel\/UCrCGuwth_udZhTqJSh5g9zg\"]}]}<\/script>\n<!-- \/ Yoast SEO plugin. -->","yoast_head_json":{"title":"Colorall \u00c9mail \u00e0 Froid - Collall","robots":{"index":"index","follow":"follow","max-snippet":"max-snippet:-1","max-image-preview":"max-image-preview:large","max-video-preview":"max-video-preview:-1"},"canonical":"https:\/\/collall.nl\/fr\/product\/colorall-email-a-froid\/","og_locale":"fr_FR","og_type":"article","og_title":"Colorall \u00c9mail \u00e0 Froid - Collall","og_description":"Apporte une touche finale d\u00e9corative \u00e0 toutes sortes d\u2019objets.  Youtube video","og_url":"https:\/\/collall.nl\/fr\/product\/colorall-email-a-froid\/","og_site_name":"Collall","article_publisher":"https:\/\/www.facebook.com\/people\/Collall\/100064976852539\/","article_modified_time":"2024-04-15T08:53:09+00:00","og_image":[{"width":800,"height":800,"url":"https:\/\/collall.nl\/wp-content\/uploads\/2022\/03\/COLCE005056-Colorall-Cold-Enamel.jpg","type":"image\/jpeg"}],"twitter_card":"summary_large_image","twitter_misc":{"Dur\u00e9e de lecture estim\u00e9e":"4 minutes"},"schema":{"@context":"https:\/\/schema.org","@graph":[{"@type":"WebPage","@id":"https:\/\/collall.nl\/fr\/product\/colorall-email-a-froid\/","url":"https:\/\/collall.nl\/fr\/product\/colorall-email-a-froid\/","name":"Colorall \u00c9mail \u00e0 Froid - Collall","isPartOf":{"@id":"https:\/\/collall.nl\/#website"},"primaryImageOfPage":{"@id":"https:\/\/collall.nl\/fr\/product\/colorall-email-a-froid\/#primaryimage"},"image":{"@id":"https:\/\/collall.nl\/fr\/product\/colorall-email-a-froid\/#primaryimage"},"thumbnailUrl":"https:\/\/collall.nl\/wp-content\/uploads\/2022\/03\/COLCE005056-Colorall-Cold-Enamel.jpg","datePublished":"2022-03-01T09:28:26+00:00","dateModified":"2024-04-15T08:53:09+00:00","breadcrumb":{"@id":"https:\/\/collall.nl\/fr\/product\/colorall-email-a-froid\/#breadcrumb"},"inLanguage":"fr-FR","potentialAction":[{"@type":"ReadAction","target":["https:\/\/collall.nl\/fr\/product\/colorall-email-a-froid\/"]}]},{"@type":"ImageObject","inLanguage":"fr-FR","@id":"https:\/\/collall.nl\/fr\/product\/colorall-email-a-froid\/#primaryimage","url":"https:\/\/collall.nl\/wp-content\/uploads\/2022\/03\/COLCE005056-Colorall-Cold-Enamel.jpg","contentUrl":"https:\/\/collall.nl\/wp-content\/uploads\/2022\/03\/COLCE005056-Colorall-Cold-Enamel.jpg","width":800,"height":800,"caption":"Colorall Koud Emaille"},{"@type":"BreadcrumbList","@id":"https:\/\/collall.nl\/fr\/product\/colorall-email-a-froid\/#breadcrumb","itemListElement":[{"@type":"ListItem","position":1,"name":"Home","item":"https:\/\/collall.nl\/fr\/"},{"@type":"ListItem","position":2,"name":"Produits","item":"https:\/\/collall.nl\/fr\/produits\/"},{"@type":"ListItem","position":3,"name":"Colorall \u00c9mail \u00e0 Froid"}]},{"@type":"WebSite","@id":"https:\/\/collall.nl\/#website","url":"https:\/\/collall.nl\/","name":"Collall","description":"Adhesives &amp; Paints since 1949","publisher":{"@id":"https:\/\/collall.nl\/#organization"},"potentialAction":[{"@type":"SearchAction","target":{"@type":"EntryPoint","urlTemplate":"https:\/\/collall.nl\/?s={search_term_string}"},"query-input":{"@type":"PropertyValueSpecification","valueRequired":true,"valueName":"search_term_string"}}],"inLanguage":"fr-FR"},{"@type":"Organization","@id":"https:\/\/collall.nl\/#organization","name":"Collall B.V.","url":"https:\/\/collall.nl\/","logo":{"@type":"ImageObject","inLanguage":"fr-FR","@id":"https:\/\/collall.nl\/#\/schema\/logo\/image\/","url":"https:\/\/collall.nl\/wp-content\/uploads\/2022\/08\/Collall-logo-186C_Reflex-blue.jpg","contentUrl":"https:\/\/collall.nl\/wp-content\/uploads\/2022\/08\/Collall-logo-186C_Reflex-blue.jpg","width":1963,"height":1179,"caption":"Collall B.V."},"image":{"@id":"https:\/\/collall.nl\/#\/schema\/logo\/image\/"},"sameAs":["https:\/\/www.facebook.com\/people\/Collall\/100064976852539\/","https:\/\/www.instagram.com\/collall_1949\/","https:\/\/nl.pinterest.com\/CollallBV\/","https:\/\/www.youtube.com\/channel\/UCrCGuwth_udZhTqJSh5g9zg"]}]}},"_links":{"self":[{"href":"https:\/\/collall.nl\/fr\/wp-json\/wp\/v2\/product\/11643","targetHints":{"allow":["GET"]}}],"collection":[{"href":"https:\/\/collall.nl\/fr\/wp-json\/wp\/v2\/product"}],"about":[{"href":"https:\/\/collall.nl\/fr\/wp-json\/wp\/v2\/types\/product"}],"replies":[{"embeddable":true,"href":"https:\/\/collall.nl\/fr\/wp-json\/wp\/v2\/comments?post=11643"}],"wp:featuredmedia":[{"embeddable":true,"href":"https:\/\/collall.nl\/fr\/wp-json\/wp\/v2\/media\/19285"}],"wp:attachment":[{"href":"https:\/\/collall.nl\/fr\/wp-json\/wp\/v2\/media?parent=11643"}],"wp:term":[{"taxonomy":"product_brand","embeddable":true,"href":"https:\/\/collall.nl\/fr\/wp-json\/wp\/v2\/product_brand?post=11643"},{"taxonomy":"product_cat","embeddable":true,"href":"https:\/\/collall.nl\/fr\/wp-json\/wp\/v2\/product_cat?post=11643"},{"taxonomy":"product_tag","embeddable":true,"href":"https:\/\/collall.nl\/fr\/wp-json\/wp\/v2\/product_tag?post=11643"}],"curies":[{"name":"wp","href":"https:\/\/api.w.org\/{rel}","templated":true}]}}