{"id":11526,"date":"2022-03-01T09:27:25","date_gmt":"2022-03-01T09:27:26","guid":{"rendered":"http:\/\/collall.test\/product\/colorall-magnetic-paint-2\/"},"modified":"2023-06-27T14:01:52","modified_gmt":"2023-06-27T12:01:52","slug":"colorall-magnetic-paint-2","status":"publish","type":"product","link":"https:\/\/collall.nl\/fr\/product\/colorall-magnetic-paint-2\/","title":{"rendered":"Colorall Magnetic Paint"},"content":{"rendered":"<p><strong>Colorall Magnetic Paint<\/strong>\u00a0est une peinture latex acrylique, fortement charg\u00e9e en m\u00e9taux ferreux et \u00e0 base d\u2019eau. Transforme pratiquement toutes les surfaces en un tableau magn\u00e9tique.<\/p>\n<p><strong>Utilisation:<\/strong>\u00a0bien nettoyer et pr\u00e9parer la surface choisie. Bien m\u00e9langer avant utilisation. S\u2019applique en plusieurs couches avec un rouleau ou une brosse. Deuxi\u00e8me couche apr\u00e8s environ 4 heures. Pour obtenir un r\u00e9sultat plus lisse, poncer l\u00e9g\u00e8rement la surface. Plusieurs couches renforcent l\u2019effet magn\u00e9tique ! Utiliser des aimants suffisamment puissants. S\u00e9chage complet en 24 heures. Une couche de finition tel que: une peinture murale, peinture \u00e0 tableau ou vernis peut \u00eatre ajout\u00e9e. Attention, trop de couches de finition peuvent diminuer l\u2019effet magn\u00e9tique! Nettoyer les outils \u00e0 l\u2019eau et au savon. Conseil: Tenir hors de port\u00e9e des enfants, nocif en cas d\u2019ingestion!<\/p>\n<p><strong>Application:\u00a0<\/strong>b\u00e9ton, pl\u00e2tre, bois.<\/p>\n<p><strong>Allerg\u00e8nes: <\/strong>contient CMIT\/MIT. Peut produire une r\u00e9action allergique.<\/p>\n","protected":false},"excerpt":{"rendered":"<p>Une peinture latex acrylique, fortement charg\u00e9e en m\u00e9taux ferreux et \u00e0 base d\u2019eau<\/p>\n","protected":false},"featured_media":11518,"comment_status":"open","ping_status":"closed","template":"","meta":{"_acf_changed":false},"product_brand":[],"product_cat":[178],"product_tag":[],"class_list":{"0":"post-11526","1":"product","2":"type-product","3":"status-publish","4":"has-post-thumbnail","6":"product_cat-produits-peinture","8":"first","9":"instock","10":"shipping-taxable","11":"purchasable","12":"product-type-variable"},"acf":[],"yoast_head":"<!-- This site is optimized with the Yoast SEO plugin v27.2 - https:\/\/yoast.com\/product\/yoast-seo-wordpress\/ -->\n<title>Colorall Magnetic Paint - Collall<\/title>\n<meta name=\"robots\" content=\"index, follow, max-snippet:-1, max-image-preview:large, max-video-preview:-1\" \/>\n<link rel=\"canonical\" href=\"https:\/\/collall.nl\/fr\/product\/colorall-magnetic-paint-2\/\" \/>\n<meta property=\"og:locale\" content=\"fr_FR\" \/>\n<meta property=\"og:type\" content=\"article\" \/>\n<meta property=\"og:title\" content=\"Colorall Magnetic Paint - Collall\" \/>\n<meta property=\"og:description\" content=\"Une peinture latex acrylique, fortement charg\u00e9e en m\u00e9taux ferreux et \u00e0 base d\u2019eau\" \/>\n<meta property=\"og:url\" content=\"https:\/\/collall.nl\/fr\/product\/colorall-magnetic-paint-2\/\" \/>\n<meta property=\"og:site_name\" content=\"Collall\" \/>\n<meta property=\"article:publisher\" content=\"https:\/\/www.facebook.com\/people\/Collall\/100064976852539\/\" \/>\n<meta property=\"article:modified_time\" content=\"2023-06-27T12:01:52+00:00\" \/>\n<meta property=\"og:image\" content=\"https:\/\/collall.nl\/wp-content\/uploads\/2022\/03\/COLMV0250_magnetic-paint_COLORALL-scaled.jpg\" \/>\n\t<meta property=\"og:image:width\" content=\"2560\" \/>\n\t<meta property=\"og:image:height\" content=\"2522\" \/>\n\t<meta property=\"og:image:type\" content=\"image\/jpeg\" \/>\n<meta name=\"twitter:card\" content=\"summary_large_image\" \/>\n<meta name=\"twitter:label1\" content=\"Dur\u00e9e de lecture estim\u00e9e\" \/>\n\t<meta name=\"twitter:data1\" content=\"1 minute\" \/>\n<script type=\"application\/ld+json\" class=\"yoast-schema-graph\">{\"@context\":\"https:\/\/schema.org\",\"@graph\":[{\"@type\":\"WebPage\",\"@id\":\"https:\/\/collall.nl\/fr\/product\/colorall-magnetic-paint-2\/\",\"url\":\"https:\/\/collall.nl\/fr\/product\/colorall-magnetic-paint-2\/\",\"name\":\"Colorall Magnetic Paint - Collall\",\"isPartOf\":{\"@id\":\"https:\/\/collall.nl\/#website\"},\"primaryImageOfPage\":{\"@id\":\"https:\/\/collall.nl\/fr\/product\/colorall-magnetic-paint-2\/#primaryimage\"},\"image\":{\"@id\":\"https:\/\/collall.nl\/fr\/product\/colorall-magnetic-paint-2\/#primaryimage\"},\"thumbnailUrl\":\"https:\/\/collall.nl\/wp-content\/uploads\/2022\/03\/COLMV0250_magnetic-paint_COLORALL-scaled.jpg\",\"datePublished\":\"2022-03-01T09:27:26+00:00\",\"dateModified\":\"2023-06-27T12:01:52+00:00\",\"breadcrumb\":{\"@id\":\"https:\/\/collall.nl\/fr\/product\/colorall-magnetic-paint-2\/#breadcrumb\"},\"inLanguage\":\"fr-FR\",\"potentialAction\":[{\"@type\":\"ReadAction\",\"target\":[\"https:\/\/collall.nl\/fr\/product\/colorall-magnetic-paint-2\/\"]}]},{\"@type\":\"ImageObject\",\"inLanguage\":\"fr-FR\",\"@id\":\"https:\/\/collall.nl\/fr\/product\/colorall-magnetic-paint-2\/#primaryimage\",\"url\":\"https:\/\/collall.nl\/wp-content\/uploads\/2022\/03\/COLMV0250_magnetic-paint_COLORALL-scaled.jpg\",\"contentUrl\":\"https:\/\/collall.nl\/wp-content\/uploads\/2022\/03\/COLMV0250_magnetic-paint_COLORALL-scaled.jpg\",\"width\":2560,\"height\":2522},{\"@type\":\"BreadcrumbList\",\"@id\":\"https:\/\/collall.nl\/fr\/product\/colorall-magnetic-paint-2\/#breadcrumb\",\"itemListElement\":[{\"@type\":\"ListItem\",\"position\":1,\"name\":\"Home\",\"item\":\"https:\/\/collall.nl\/fr\/\"},{\"@type\":\"ListItem\",\"position\":2,\"name\":\"Produits\",\"item\":\"https:\/\/collall.nl\/fr\/produits\/\"},{\"@type\":\"ListItem\",\"position\":3,\"name\":\"Colorall Magnetic Paint\"}]},{\"@type\":\"WebSite\",\"@id\":\"https:\/\/collall.nl\/#website\",\"url\":\"https:\/\/collall.nl\/\",\"name\":\"Collall\",\"description\":\"Adhesives &amp; Paints since 1949\",\"publisher\":{\"@id\":\"https:\/\/collall.nl\/#organization\"},\"potentialAction\":[{\"@type\":\"SearchAction\",\"target\":{\"@type\":\"EntryPoint\",\"urlTemplate\":\"https:\/\/collall.nl\/?s={search_term_string}\"},\"query-input\":{\"@type\":\"PropertyValueSpecification\",\"valueRequired\":true,\"valueName\":\"search_term_string\"}}],\"inLanguage\":\"fr-FR\"},{\"@type\":\"Organization\",\"@id\":\"https:\/\/collall.nl\/#organization\",\"name\":\"Collall B.V.\",\"url\":\"https:\/\/collall.nl\/\",\"logo\":{\"@type\":\"ImageObject\",\"inLanguage\":\"fr-FR\",\"@id\":\"https:\/\/collall.nl\/#\/schema\/logo\/image\/\",\"url\":\"https:\/\/collall.nl\/wp-content\/uploads\/2022\/08\/Collall-logo-186C_Reflex-blue.jpg\",\"contentUrl\":\"https:\/\/collall.nl\/wp-content\/uploads\/2022\/08\/Collall-logo-186C_Reflex-blue.jpg\",\"width\":1963,\"height\":1179,\"caption\":\"Collall B.V.\"},\"image\":{\"@id\":\"https:\/\/collall.nl\/#\/schema\/logo\/image\/\"},\"sameAs\":[\"https:\/\/www.facebook.com\/people\/Collall\/100064976852539\/\",\"https:\/\/www.instagram.com\/collall_1949\/\",\"https:\/\/nl.pinterest.com\/CollallBV\/\",\"https:\/\/www.youtube.com\/channel\/UCrCGuwth_udZhTqJSh5g9zg\"]}]}<\/script>\n<!-- \/ Yoast SEO plugin. -->","yoast_head_json":{"title":"Colorall Magnetic Paint - Collall","robots":{"index":"index","follow":"follow","max-snippet":"max-snippet:-1","max-image-preview":"max-image-preview:large","max-video-preview":"max-video-preview:-1"},"canonical":"https:\/\/collall.nl\/fr\/product\/colorall-magnetic-paint-2\/","og_locale":"fr_FR","og_type":"article","og_title":"Colorall Magnetic Paint - Collall","og_description":"Une peinture latex acrylique, fortement charg\u00e9e en m\u00e9taux ferreux et \u00e0 base d\u2019eau","og_url":"https:\/\/collall.nl\/fr\/product\/colorall-magnetic-paint-2\/","og_site_name":"Collall","article_publisher":"https:\/\/www.facebook.com\/people\/Collall\/100064976852539\/","article_modified_time":"2023-06-27T12:01:52+00:00","og_image":[{"width":2560,"height":2522,"url":"https:\/\/collall.nl\/wp-content\/uploads\/2022\/03\/COLMV0250_magnetic-paint_COLORALL-scaled.jpg","type":"image\/jpeg"}],"twitter_card":"summary_large_image","twitter_misc":{"Dur\u00e9e de lecture estim\u00e9e":"1 minute"},"schema":{"@context":"https:\/\/schema.org","@graph":[{"@type":"WebPage","@id":"https:\/\/collall.nl\/fr\/product\/colorall-magnetic-paint-2\/","url":"https:\/\/collall.nl\/fr\/product\/colorall-magnetic-paint-2\/","name":"Colorall Magnetic Paint - Collall","isPartOf":{"@id":"https:\/\/collall.nl\/#website"},"primaryImageOfPage":{"@id":"https:\/\/collall.nl\/fr\/product\/colorall-magnetic-paint-2\/#primaryimage"},"image":{"@id":"https:\/\/collall.nl\/fr\/product\/colorall-magnetic-paint-2\/#primaryimage"},"thumbnailUrl":"https:\/\/collall.nl\/wp-content\/uploads\/2022\/03\/COLMV0250_magnetic-paint_COLORALL-scaled.jpg","datePublished":"2022-03-01T09:27:26+00:00","dateModified":"2023-06-27T12:01:52+00:00","breadcrumb":{"@id":"https:\/\/collall.nl\/fr\/product\/colorall-magnetic-paint-2\/#breadcrumb"},"inLanguage":"fr-FR","potentialAction":[{"@type":"ReadAction","target":["https:\/\/collall.nl\/fr\/product\/colorall-magnetic-paint-2\/"]}]},{"@type":"ImageObject","inLanguage":"fr-FR","@id":"https:\/\/collall.nl\/fr\/product\/colorall-magnetic-paint-2\/#primaryimage","url":"https:\/\/collall.nl\/wp-content\/uploads\/2022\/03\/COLMV0250_magnetic-paint_COLORALL-scaled.jpg","contentUrl":"https:\/\/collall.nl\/wp-content\/uploads\/2022\/03\/COLMV0250_magnetic-paint_COLORALL-scaled.jpg","width":2560,"height":2522},{"@type":"BreadcrumbList","@id":"https:\/\/collall.nl\/fr\/product\/colorall-magnetic-paint-2\/#breadcrumb","itemListElement":[{"@type":"ListItem","position":1,"name":"Home","item":"https:\/\/collall.nl\/fr\/"},{"@type":"ListItem","position":2,"name":"Produits","item":"https:\/\/collall.nl\/fr\/produits\/"},{"@type":"ListItem","position":3,"name":"Colorall Magnetic Paint"}]},{"@type":"WebSite","@id":"https:\/\/collall.nl\/#website","url":"https:\/\/collall.nl\/","name":"Collall","description":"Adhesives &amp; Paints since 1949","publisher":{"@id":"https:\/\/collall.nl\/#organization"},"potentialAction":[{"@type":"SearchAction","target":{"@type":"EntryPoint","urlTemplate":"https:\/\/collall.nl\/?s={search_term_string}"},"query-input":{"@type":"PropertyValueSpecification","valueRequired":true,"valueName":"search_term_string"}}],"inLanguage":"fr-FR"},{"@type":"Organization","@id":"https:\/\/collall.nl\/#organization","name":"Collall B.V.","url":"https:\/\/collall.nl\/","logo":{"@type":"ImageObject","inLanguage":"fr-FR","@id":"https:\/\/collall.nl\/#\/schema\/logo\/image\/","url":"https:\/\/collall.nl\/wp-content\/uploads\/2022\/08\/Collall-logo-186C_Reflex-blue.jpg","contentUrl":"https:\/\/collall.nl\/wp-content\/uploads\/2022\/08\/Collall-logo-186C_Reflex-blue.jpg","width":1963,"height":1179,"caption":"Collall B.V."},"image":{"@id":"https:\/\/collall.nl\/#\/schema\/logo\/image\/"},"sameAs":["https:\/\/www.facebook.com\/people\/Collall\/100064976852539\/","https:\/\/www.instagram.com\/collall_1949\/","https:\/\/nl.pinterest.com\/CollallBV\/","https:\/\/www.youtube.com\/channel\/UCrCGuwth_udZhTqJSh5g9zg"]}]}},"_links":{"self":[{"href":"https:\/\/collall.nl\/fr\/wp-json\/wp\/v2\/product\/11526","targetHints":{"allow":["GET"]}}],"collection":[{"href":"https:\/\/collall.nl\/fr\/wp-json\/wp\/v2\/product"}],"about":[{"href":"https:\/\/collall.nl\/fr\/wp-json\/wp\/v2\/types\/product"}],"replies":[{"embeddable":true,"href":"https:\/\/collall.nl\/fr\/wp-json\/wp\/v2\/comments?post=11526"}],"wp:featuredmedia":[{"embeddable":true,"href":"https:\/\/collall.nl\/fr\/wp-json\/wp\/v2\/media\/11518"}],"wp:attachment":[{"href":"https:\/\/collall.nl\/fr\/wp-json\/wp\/v2\/media?parent=11526"}],"wp:term":[{"taxonomy":"product_brand","embeddable":true,"href":"https:\/\/collall.nl\/fr\/wp-json\/wp\/v2\/product_brand?post=11526"},{"taxonomy":"product_cat","embeddable":true,"href":"https:\/\/collall.nl\/fr\/wp-json\/wp\/v2\/product_cat?post=11526"},{"taxonomy":"product_tag","embeddable":true,"href":"https:\/\/collall.nl\/fr\/wp-json\/wp\/v2\/product_tag?post=11526"}],"curies":[{"name":"wp","href":"https:\/\/api.w.org\/{rel}","templated":true}]}}