{"id":11496,"date":"2022-03-01T09:27:12","date_gmt":"2022-03-01T09:27:19","guid":{"rendered":"http:\/\/collall.test\/product\/colorall-peinture-3d-acrylique\/"},"modified":"2024-04-15T15:33:05","modified_gmt":"2024-04-15T13:33:05","slug":"colorall-peinture-3d-acrylique","status":"publish","type":"product","link":"https:\/\/collall.nl\/fr\/product\/colorall-peinture-3d-acrylique\/","title":{"rendered":"Colorall Peinture 3D Acrylique"},"content":{"rendered":"<p>Peinture acrylique compacte et unique, r\u00e9sistant \u00e0 l&rsquo;eau, pour d\u00e9corations en 3D. S&rsquo;applique directement du flacon sur le mat\u00e9riau. La peinture ne se d\u00e9forme pas, cr\u00e9ant un effet 3D unique. Peinture pour papier, carton, bois, textiles, canevas, polystyr\u00e8ne expans\u00e9, verre et diverses mati\u00e8res synth\u00e9tiques. Donne des r\u00e9sultats magnifiques combin\u00e9e \u00e0 de la peinture acrylique normale.<\/p>\n<p class=\"p1\"><b>Allerg\u00e8nes :<\/b> contient CMIT\/MIT et 1,2-benzisothiazol-3(2H)-one. Peut produire une r\u00e9action allergique.<\/p>\n<p class=\"p1\"><b>Convient pour :<\/b>\u00a0\u00e0 partir de 6 ans.<\/p>\n<p class=\"p1\"><b>Taches :<\/b><\/p>\n<ul class=\"ul1\">\n<li class=\"li1\">Lorsque la peinture est encore humide, les outils\/les surfaces peuvent \u00eatre nettoy\u00e9s avec de l\u2019eau (chaude).<\/li>\n<li class=\"li1\">Porter un tablier de peinture lors de l&rsquo;application de peinture acrylique, les taches sur les v\u00eatements ne peuvent pas \u00eatre lav\u00e9es.<\/li>\n<\/ul>\n","protected":false},"excerpt":{"rendered":"<p>Peinture acrylique unique, r\u00e9sistante \u00e0 l\u2019eau pour d\u00e9corations 3D<\/p>\n","protected":false},"featured_media":19289,"comment_status":"open","ping_status":"closed","template":"","meta":{"_acf_changed":false},"product_brand":[],"product_cat":[178,186],"product_tag":[],"class_list":{"0":"post-11496","1":"product","2":"type-product","3":"status-publish","4":"has-post-thumbnail","6":"product_cat-produits-peinture","7":"product_cat-materiel-de-decoration-et-restant","9":"first","10":"instock","11":"shipping-taxable","12":"purchasable","13":"product-type-variable"},"acf":[],"yoast_head":"<!-- This site is optimized with the Yoast SEO plugin v27.2 - https:\/\/yoast.com\/product\/yoast-seo-wordpress\/ -->\n<title>Colorall Peinture 3D Acrylique - Collall<\/title>\n<meta name=\"description\" content=\"Peinture acrylique compacte et unique, r\u00e9sistant \u00e0 l&#039;eau, pour d\u00e9corations en 3D. S&#039;applique directement du flacon sur le mat\u00e9riau.\" \/>\n<meta name=\"robots\" content=\"index, follow, max-snippet:-1, max-image-preview:large, max-video-preview:-1\" \/>\n<link rel=\"canonical\" href=\"https:\/\/collall.nl\/fr\/product\/colorall-peinture-3d-acrylique\/\" \/>\n<meta property=\"og:locale\" content=\"fr_FR\" \/>\n<meta property=\"og:type\" content=\"article\" \/>\n<meta property=\"og:title\" content=\"Colorall Peinture 3D Acrylique - Collall\" \/>\n<meta property=\"og:description\" content=\"Peinture acrylique compacte et unique, r\u00e9sistant \u00e0 l&#039;eau, pour d\u00e9corations en 3D. S&#039;applique directement du flacon sur le mat\u00e9riau.\" \/>\n<meta property=\"og:url\" content=\"https:\/\/collall.nl\/fr\/product\/colorall-peinture-3d-acrylique\/\" \/>\n<meta property=\"og:site_name\" content=\"Collall\" \/>\n<meta property=\"article:publisher\" content=\"https:\/\/www.facebook.com\/people\/Collall\/100064976852539\/\" \/>\n<meta property=\"article:modified_time\" content=\"2024-04-15T13:33:05+00:00\" \/>\n<meta property=\"og:image\" content=\"https:\/\/collall.nl\/wp-content\/uploads\/2022\/03\/COLACL005001-Colorall-3D-liner.jpg\" \/>\n\t<meta property=\"og:image:width\" content=\"800\" \/>\n\t<meta property=\"og:image:height\" content=\"800\" \/>\n\t<meta property=\"og:image:type\" content=\"image\/jpeg\" \/>\n<meta name=\"twitter:card\" content=\"summary_large_image\" \/>\n<meta name=\"twitter:label1\" content=\"Dur\u00e9e de lecture estim\u00e9e\" \/>\n\t<meta name=\"twitter:data1\" content=\"1 minute\" \/>\n<script type=\"application\/ld+json\" class=\"yoast-schema-graph\">{\"@context\":\"https:\/\/schema.org\",\"@graph\":[{\"@type\":\"WebPage\",\"@id\":\"https:\/\/collall.nl\/fr\/product\/colorall-peinture-3d-acrylique\/\",\"url\":\"https:\/\/collall.nl\/fr\/product\/colorall-peinture-3d-acrylique\/\",\"name\":\"Colorall Peinture 3D Acrylique - Collall\",\"isPartOf\":{\"@id\":\"https:\/\/collall.nl\/#website\"},\"primaryImageOfPage\":{\"@id\":\"https:\/\/collall.nl\/fr\/product\/colorall-peinture-3d-acrylique\/#primaryimage\"},\"image\":{\"@id\":\"https:\/\/collall.nl\/fr\/product\/colorall-peinture-3d-acrylique\/#primaryimage\"},\"thumbnailUrl\":\"https:\/\/collall.nl\/wp-content\/uploads\/2022\/03\/COLACL005001-Colorall-3D-liner.jpg\",\"datePublished\":\"2022-03-01T09:27:19+00:00\",\"dateModified\":\"2024-04-15T13:33:05+00:00\",\"description\":\"Peinture acrylique compacte et unique, r\u00e9sistant \u00e0 l'eau, pour d\u00e9corations en 3D. S'applique directement du flacon sur le mat\u00e9riau.\",\"breadcrumb\":{\"@id\":\"https:\/\/collall.nl\/fr\/product\/colorall-peinture-3d-acrylique\/#breadcrumb\"},\"inLanguage\":\"fr-FR\",\"potentialAction\":[{\"@type\":\"ReadAction\",\"target\":[\"https:\/\/collall.nl\/fr\/product\/colorall-peinture-3d-acrylique\/\"]}]},{\"@type\":\"ImageObject\",\"inLanguage\":\"fr-FR\",\"@id\":\"https:\/\/collall.nl\/fr\/product\/colorall-peinture-3d-acrylique\/#primaryimage\",\"url\":\"https:\/\/collall.nl\/wp-content\/uploads\/2022\/03\/COLACL005001-Colorall-3D-liner.jpg\",\"contentUrl\":\"https:\/\/collall.nl\/wp-content\/uploads\/2022\/03\/COLACL005001-Colorall-3D-liner.jpg\",\"width\":800,\"height\":800},{\"@type\":\"BreadcrumbList\",\"@id\":\"https:\/\/collall.nl\/fr\/product\/colorall-peinture-3d-acrylique\/#breadcrumb\",\"itemListElement\":[{\"@type\":\"ListItem\",\"position\":1,\"name\":\"Home\",\"item\":\"https:\/\/collall.nl\/fr\/\"},{\"@type\":\"ListItem\",\"position\":2,\"name\":\"Produits\",\"item\":\"https:\/\/collall.nl\/fr\/produits\/\"},{\"@type\":\"ListItem\",\"position\":3,\"name\":\"Colorall Peinture 3D Acrylique\"}]},{\"@type\":\"WebSite\",\"@id\":\"https:\/\/collall.nl\/#website\",\"url\":\"https:\/\/collall.nl\/\",\"name\":\"Collall\",\"description\":\"Adhesives &amp; Paints since 1949\",\"publisher\":{\"@id\":\"https:\/\/collall.nl\/#organization\"},\"potentialAction\":[{\"@type\":\"SearchAction\",\"target\":{\"@type\":\"EntryPoint\",\"urlTemplate\":\"https:\/\/collall.nl\/?s={search_term_string}\"},\"query-input\":{\"@type\":\"PropertyValueSpecification\",\"valueRequired\":true,\"valueName\":\"search_term_string\"}}],\"inLanguage\":\"fr-FR\"},{\"@type\":\"Organization\",\"@id\":\"https:\/\/collall.nl\/#organization\",\"name\":\"Collall B.V.\",\"url\":\"https:\/\/collall.nl\/\",\"logo\":{\"@type\":\"ImageObject\",\"inLanguage\":\"fr-FR\",\"@id\":\"https:\/\/collall.nl\/#\/schema\/logo\/image\/\",\"url\":\"https:\/\/collall.nl\/wp-content\/uploads\/2022\/08\/Collall-logo-186C_Reflex-blue.jpg\",\"contentUrl\":\"https:\/\/collall.nl\/wp-content\/uploads\/2022\/08\/Collall-logo-186C_Reflex-blue.jpg\",\"width\":1963,\"height\":1179,\"caption\":\"Collall B.V.\"},\"image\":{\"@id\":\"https:\/\/collall.nl\/#\/schema\/logo\/image\/\"},\"sameAs\":[\"https:\/\/www.facebook.com\/people\/Collall\/100064976852539\/\",\"https:\/\/www.instagram.com\/collall_1949\/\",\"https:\/\/nl.pinterest.com\/CollallBV\/\",\"https:\/\/www.youtube.com\/channel\/UCrCGuwth_udZhTqJSh5g9zg\"]}]}<\/script>\n<!-- \/ Yoast SEO plugin. -->","yoast_head_json":{"title":"Colorall Peinture 3D Acrylique - Collall","description":"Peinture acrylique compacte et unique, r\u00e9sistant \u00e0 l'eau, pour d\u00e9corations en 3D. S'applique directement du flacon sur le mat\u00e9riau.","robots":{"index":"index","follow":"follow","max-snippet":"max-snippet:-1","max-image-preview":"max-image-preview:large","max-video-preview":"max-video-preview:-1"},"canonical":"https:\/\/collall.nl\/fr\/product\/colorall-peinture-3d-acrylique\/","og_locale":"fr_FR","og_type":"article","og_title":"Colorall Peinture 3D Acrylique - Collall","og_description":"Peinture acrylique compacte et unique, r\u00e9sistant \u00e0 l'eau, pour d\u00e9corations en 3D. S'applique directement du flacon sur le mat\u00e9riau.","og_url":"https:\/\/collall.nl\/fr\/product\/colorall-peinture-3d-acrylique\/","og_site_name":"Collall","article_publisher":"https:\/\/www.facebook.com\/people\/Collall\/100064976852539\/","article_modified_time":"2024-04-15T13:33:05+00:00","og_image":[{"width":800,"height":800,"url":"https:\/\/collall.nl\/wp-content\/uploads\/2022\/03\/COLACL005001-Colorall-3D-liner.jpg","type":"image\/jpeg"}],"twitter_card":"summary_large_image","twitter_misc":{"Dur\u00e9e de lecture estim\u00e9e":"1 minute"},"schema":{"@context":"https:\/\/schema.org","@graph":[{"@type":"WebPage","@id":"https:\/\/collall.nl\/fr\/product\/colorall-peinture-3d-acrylique\/","url":"https:\/\/collall.nl\/fr\/product\/colorall-peinture-3d-acrylique\/","name":"Colorall Peinture 3D Acrylique - Collall","isPartOf":{"@id":"https:\/\/collall.nl\/#website"},"primaryImageOfPage":{"@id":"https:\/\/collall.nl\/fr\/product\/colorall-peinture-3d-acrylique\/#primaryimage"},"image":{"@id":"https:\/\/collall.nl\/fr\/product\/colorall-peinture-3d-acrylique\/#primaryimage"},"thumbnailUrl":"https:\/\/collall.nl\/wp-content\/uploads\/2022\/03\/COLACL005001-Colorall-3D-liner.jpg","datePublished":"2022-03-01T09:27:19+00:00","dateModified":"2024-04-15T13:33:05+00:00","description":"Peinture acrylique compacte et unique, r\u00e9sistant \u00e0 l'eau, pour d\u00e9corations en 3D. S'applique directement du flacon sur le mat\u00e9riau.","breadcrumb":{"@id":"https:\/\/collall.nl\/fr\/product\/colorall-peinture-3d-acrylique\/#breadcrumb"},"inLanguage":"fr-FR","potentialAction":[{"@type":"ReadAction","target":["https:\/\/collall.nl\/fr\/product\/colorall-peinture-3d-acrylique\/"]}]},{"@type":"ImageObject","inLanguage":"fr-FR","@id":"https:\/\/collall.nl\/fr\/product\/colorall-peinture-3d-acrylique\/#primaryimage","url":"https:\/\/collall.nl\/wp-content\/uploads\/2022\/03\/COLACL005001-Colorall-3D-liner.jpg","contentUrl":"https:\/\/collall.nl\/wp-content\/uploads\/2022\/03\/COLACL005001-Colorall-3D-liner.jpg","width":800,"height":800},{"@type":"BreadcrumbList","@id":"https:\/\/collall.nl\/fr\/product\/colorall-peinture-3d-acrylique\/#breadcrumb","itemListElement":[{"@type":"ListItem","position":1,"name":"Home","item":"https:\/\/collall.nl\/fr\/"},{"@type":"ListItem","position":2,"name":"Produits","item":"https:\/\/collall.nl\/fr\/produits\/"},{"@type":"ListItem","position":3,"name":"Colorall Peinture 3D Acrylique"}]},{"@type":"WebSite","@id":"https:\/\/collall.nl\/#website","url":"https:\/\/collall.nl\/","name":"Collall","description":"Adhesives &amp; Paints since 1949","publisher":{"@id":"https:\/\/collall.nl\/#organization"},"potentialAction":[{"@type":"SearchAction","target":{"@type":"EntryPoint","urlTemplate":"https:\/\/collall.nl\/?s={search_term_string}"},"query-input":{"@type":"PropertyValueSpecification","valueRequired":true,"valueName":"search_term_string"}}],"inLanguage":"fr-FR"},{"@type":"Organization","@id":"https:\/\/collall.nl\/#organization","name":"Collall B.V.","url":"https:\/\/collall.nl\/","logo":{"@type":"ImageObject","inLanguage":"fr-FR","@id":"https:\/\/collall.nl\/#\/schema\/logo\/image\/","url":"https:\/\/collall.nl\/wp-content\/uploads\/2022\/08\/Collall-logo-186C_Reflex-blue.jpg","contentUrl":"https:\/\/collall.nl\/wp-content\/uploads\/2022\/08\/Collall-logo-186C_Reflex-blue.jpg","width":1963,"height":1179,"caption":"Collall B.V."},"image":{"@id":"https:\/\/collall.nl\/#\/schema\/logo\/image\/"},"sameAs":["https:\/\/www.facebook.com\/people\/Collall\/100064976852539\/","https:\/\/www.instagram.com\/collall_1949\/","https:\/\/nl.pinterest.com\/CollallBV\/","https:\/\/www.youtube.com\/channel\/UCrCGuwth_udZhTqJSh5g9zg"]}]}},"_links":{"self":[{"href":"https:\/\/collall.nl\/fr\/wp-json\/wp\/v2\/product\/11496","targetHints":{"allow":["GET"]}}],"collection":[{"href":"https:\/\/collall.nl\/fr\/wp-json\/wp\/v2\/product"}],"about":[{"href":"https:\/\/collall.nl\/fr\/wp-json\/wp\/v2\/types\/product"}],"replies":[{"embeddable":true,"href":"https:\/\/collall.nl\/fr\/wp-json\/wp\/v2\/comments?post=11496"}],"wp:featuredmedia":[{"embeddable":true,"href":"https:\/\/collall.nl\/fr\/wp-json\/wp\/v2\/media\/19289"}],"wp:attachment":[{"href":"https:\/\/collall.nl\/fr\/wp-json\/wp\/v2\/media?parent=11496"}],"wp:term":[{"taxonomy":"product_brand","embeddable":true,"href":"https:\/\/collall.nl\/fr\/wp-json\/wp\/v2\/product_brand?post=11496"},{"taxonomy":"product_cat","embeddable":true,"href":"https:\/\/collall.nl\/fr\/wp-json\/wp\/v2\/product_cat?post=11496"},{"taxonomy":"product_tag","embeddable":true,"href":"https:\/\/collall.nl\/fr\/wp-json\/wp\/v2\/product_tag?post=11496"}],"curies":[{"name":"wp","href":"https:\/\/api.w.org\/{rel}","templated":true}]}}