{"id":11081,"date":"2022-03-01T09:24:59","date_gmt":"2022-03-01T09:25:02","guid":{"rendered":"http:\/\/collall.test\/product\/accessoires-magic-paint\/"},"modified":"2023-08-14T16:07:44","modified_gmt":"2023-08-14T14:07:44","slug":"accessoires-magic-paint","status":"publish","type":"product","link":"https:\/\/collall.nl\/fr\/product\/accessoires-magic-paint\/","title":{"rendered":"Accessoires Magic Paint"},"content":{"rendered":"<h3>Accessoires Magic Paint<\/h3>\n<h6>Brochure<\/h6>\n<p>Pour vous permettre d&rsquo;utiliser Magic Paint correctement, Collall vous propose toutes sortes d&rsquo;accessoires. Avec la petite plaque en plexiglas souple, vous fabriquez un arc-en-ciel en un tournemain. Et gr\u00e2ce aux diff\u00e9rents pinceaux et spatules sp\u00e9ciaux, vous cr\u00e9ez de jolis effets et de magnifiques tableaux. La peinture se m\u00e9lange ad\u00e9quatement et clairement sur la palette peinture en plastique lavable. Pour d&rsquo;autres id\u00e9es et informations, consultez le d\u00e9pliant sur Magic Paint.<\/p>\n<h6>Palette<\/h6>\n<p>Palette en plastique solide blanc, sp\u00e9cialement con\u00e7u pour une utilisation id\u00e9ale avec Magic Paint. Avec 10 encoches, il offre suffisamment d&rsquo;espace pour appliquer diff\u00e9rentes couleurs et m\u00e9langer la peinture.<\/p>\n<p><strong>Nettoyage :<\/strong> Facile \u00e0 nettoyer \u00e0 l&rsquo;eau et au savon. Laissez tremper la peinture s\u00e9ch\u00e9e un moment, puis rincez.<\/p>\n<p><strong>Dimensions :<\/strong> 225&#215;160 mm.<\/p>\n<h6>Brush<\/h6>\n<p>Pinceau en bois avec l&rsquo;impression \u00ab\u00a0Magic Paint\u00a0\u00bb, n\u00b0 12. Pinceau en poils de porc pour une r\u00e9partition uniforme de la peinture.<\/p>\n<p><strong>Dimensions :<\/strong> 185 mm.<\/p>\n<p>&nbsp;<\/p>\n","protected":false},"excerpt":{"rendered":"<p>Pour vous permettre d&rsquo;utiliser Magic Paint correctement<\/p>\n","protected":false},"featured_media":11054,"comment_status":"open","ping_status":"closed","template":"","meta":{"_acf_changed":false},"product_brand":[],"product_cat":[178],"product_tag":[],"class_list":{"0":"post-11081","1":"product","2":"type-product","3":"status-publish","4":"has-post-thumbnail","6":"product_cat-produits-peinture","8":"first","9":"instock","10":"shipping-taxable","11":"purchasable","12":"product-type-variable"},"acf":[],"yoast_head":"<!-- This site is optimized with the Yoast SEO plugin v27.2 - https:\/\/yoast.com\/product\/yoast-seo-wordpress\/ -->\n<title>Accessoires Magic Paint - Collall<\/title>\n<meta name=\"robots\" content=\"index, follow, max-snippet:-1, max-image-preview:large, max-video-preview:-1\" \/>\n<link rel=\"canonical\" href=\"https:\/\/collall.nl\/fr\/product\/accessoires-magic-paint\/\" \/>\n<meta property=\"og:locale\" content=\"fr_FR\" \/>\n<meta property=\"og:type\" content=\"article\" \/>\n<meta property=\"og:title\" content=\"Accessoires Magic Paint - Collall\" \/>\n<meta property=\"og:description\" content=\"Pour vous permettre d&#039;utiliser Magic Paint correctement\" \/>\n<meta property=\"og:url\" content=\"https:\/\/collall.nl\/fr\/product\/accessoires-magic-paint\/\" \/>\n<meta property=\"og:site_name\" content=\"Collall\" \/>\n<meta property=\"article:publisher\" content=\"https:\/\/www.facebook.com\/people\/Collall\/100064976852539\/\" \/>\n<meta property=\"article:modified_time\" content=\"2023-08-14T14:07:44+00:00\" \/>\n<meta property=\"og:image\" content=\"https:\/\/collall.nl\/wp-content\/uploads\/2022\/03\/COLBCBROCH_bochure-Magic-Paint-1-scaled.jpg\" \/>\n\t<meta property=\"og:image:width\" content=\"1810\" \/>\n\t<meta property=\"og:image:height\" content=\"2560\" \/>\n\t<meta property=\"og:image:type\" content=\"image\/jpeg\" \/>\n<meta name=\"twitter:card\" content=\"summary_large_image\" \/>\n<meta name=\"twitter:label1\" content=\"Dur\u00e9e de lecture estim\u00e9e\" \/>\n\t<meta name=\"twitter:data1\" content=\"1 minute\" \/>\n<script type=\"application\/ld+json\" class=\"yoast-schema-graph\">{\"@context\":\"https:\/\/schema.org\",\"@graph\":[{\"@type\":\"WebPage\",\"@id\":\"https:\/\/collall.nl\/fr\/product\/accessoires-magic-paint\/\",\"url\":\"https:\/\/collall.nl\/fr\/product\/accessoires-magic-paint\/\",\"name\":\"Accessoires Magic Paint - Collall\",\"isPartOf\":{\"@id\":\"https:\/\/collall.nl\/#website\"},\"primaryImageOfPage\":{\"@id\":\"https:\/\/collall.nl\/fr\/product\/accessoires-magic-paint\/#primaryimage\"},\"image\":{\"@id\":\"https:\/\/collall.nl\/fr\/product\/accessoires-magic-paint\/#primaryimage\"},\"thumbnailUrl\":\"https:\/\/collall.nl\/wp-content\/uploads\/2022\/03\/COLBCBROCH_bochure-Magic-Paint-1-scaled.jpg\",\"datePublished\":\"2022-03-01T09:25:02+00:00\",\"dateModified\":\"2023-08-14T14:07:44+00:00\",\"breadcrumb\":{\"@id\":\"https:\/\/collall.nl\/fr\/product\/accessoires-magic-paint\/#breadcrumb\"},\"inLanguage\":\"fr-FR\",\"potentialAction\":[{\"@type\":\"ReadAction\",\"target\":[\"https:\/\/collall.nl\/fr\/product\/accessoires-magic-paint\/\"]}]},{\"@type\":\"ImageObject\",\"inLanguage\":\"fr-FR\",\"@id\":\"https:\/\/collall.nl\/fr\/product\/accessoires-magic-paint\/#primaryimage\",\"url\":\"https:\/\/collall.nl\/wp-content\/uploads\/2022\/03\/COLBCBROCH_bochure-Magic-Paint-1-scaled.jpg\",\"contentUrl\":\"https:\/\/collall.nl\/wp-content\/uploads\/2022\/03\/COLBCBROCH_bochure-Magic-Paint-1-scaled.jpg\",\"width\":1810,\"height\":2560},{\"@type\":\"BreadcrumbList\",\"@id\":\"https:\/\/collall.nl\/fr\/product\/accessoires-magic-paint\/#breadcrumb\",\"itemListElement\":[{\"@type\":\"ListItem\",\"position\":1,\"name\":\"Home\",\"item\":\"https:\/\/collall.nl\/fr\/\"},{\"@type\":\"ListItem\",\"position\":2,\"name\":\"Produits\",\"item\":\"https:\/\/collall.nl\/fr\/produits\/\"},{\"@type\":\"ListItem\",\"position\":3,\"name\":\"Accessoires Magic Paint\"}]},{\"@type\":\"WebSite\",\"@id\":\"https:\/\/collall.nl\/#website\",\"url\":\"https:\/\/collall.nl\/\",\"name\":\"Collall\",\"description\":\"Adhesives &amp; Paints since 1949\",\"publisher\":{\"@id\":\"https:\/\/collall.nl\/#organization\"},\"potentialAction\":[{\"@type\":\"SearchAction\",\"target\":{\"@type\":\"EntryPoint\",\"urlTemplate\":\"https:\/\/collall.nl\/?s={search_term_string}\"},\"query-input\":{\"@type\":\"PropertyValueSpecification\",\"valueRequired\":true,\"valueName\":\"search_term_string\"}}],\"inLanguage\":\"fr-FR\"},{\"@type\":\"Organization\",\"@id\":\"https:\/\/collall.nl\/#organization\",\"name\":\"Collall B.V.\",\"url\":\"https:\/\/collall.nl\/\",\"logo\":{\"@type\":\"ImageObject\",\"inLanguage\":\"fr-FR\",\"@id\":\"https:\/\/collall.nl\/#\/schema\/logo\/image\/\",\"url\":\"https:\/\/collall.nl\/wp-content\/uploads\/2022\/08\/Collall-logo-186C_Reflex-blue.jpg\",\"contentUrl\":\"https:\/\/collall.nl\/wp-content\/uploads\/2022\/08\/Collall-logo-186C_Reflex-blue.jpg\",\"width\":1963,\"height\":1179,\"caption\":\"Collall B.V.\"},\"image\":{\"@id\":\"https:\/\/collall.nl\/#\/schema\/logo\/image\/\"},\"sameAs\":[\"https:\/\/www.facebook.com\/people\/Collall\/100064976852539\/\",\"https:\/\/www.instagram.com\/collall_1949\/\",\"https:\/\/nl.pinterest.com\/CollallBV\/\",\"https:\/\/www.youtube.com\/channel\/UCrCGuwth_udZhTqJSh5g9zg\"]}]}<\/script>\n<!-- \/ Yoast SEO plugin. -->","yoast_head_json":{"title":"Accessoires Magic Paint - Collall","robots":{"index":"index","follow":"follow","max-snippet":"max-snippet:-1","max-image-preview":"max-image-preview:large","max-video-preview":"max-video-preview:-1"},"canonical":"https:\/\/collall.nl\/fr\/product\/accessoires-magic-paint\/","og_locale":"fr_FR","og_type":"article","og_title":"Accessoires Magic Paint - Collall","og_description":"Pour vous permettre d'utiliser Magic Paint correctement","og_url":"https:\/\/collall.nl\/fr\/product\/accessoires-magic-paint\/","og_site_name":"Collall","article_publisher":"https:\/\/www.facebook.com\/people\/Collall\/100064976852539\/","article_modified_time":"2023-08-14T14:07:44+00:00","og_image":[{"width":1810,"height":2560,"url":"https:\/\/collall.nl\/wp-content\/uploads\/2022\/03\/COLBCBROCH_bochure-Magic-Paint-1-scaled.jpg","type":"image\/jpeg"}],"twitter_card":"summary_large_image","twitter_misc":{"Dur\u00e9e de lecture estim\u00e9e":"1 minute"},"schema":{"@context":"https:\/\/schema.org","@graph":[{"@type":"WebPage","@id":"https:\/\/collall.nl\/fr\/product\/accessoires-magic-paint\/","url":"https:\/\/collall.nl\/fr\/product\/accessoires-magic-paint\/","name":"Accessoires Magic Paint - Collall","isPartOf":{"@id":"https:\/\/collall.nl\/#website"},"primaryImageOfPage":{"@id":"https:\/\/collall.nl\/fr\/product\/accessoires-magic-paint\/#primaryimage"},"image":{"@id":"https:\/\/collall.nl\/fr\/product\/accessoires-magic-paint\/#primaryimage"},"thumbnailUrl":"https:\/\/collall.nl\/wp-content\/uploads\/2022\/03\/COLBCBROCH_bochure-Magic-Paint-1-scaled.jpg","datePublished":"2022-03-01T09:25:02+00:00","dateModified":"2023-08-14T14:07:44+00:00","breadcrumb":{"@id":"https:\/\/collall.nl\/fr\/product\/accessoires-magic-paint\/#breadcrumb"},"inLanguage":"fr-FR","potentialAction":[{"@type":"ReadAction","target":["https:\/\/collall.nl\/fr\/product\/accessoires-magic-paint\/"]}]},{"@type":"ImageObject","inLanguage":"fr-FR","@id":"https:\/\/collall.nl\/fr\/product\/accessoires-magic-paint\/#primaryimage","url":"https:\/\/collall.nl\/wp-content\/uploads\/2022\/03\/COLBCBROCH_bochure-Magic-Paint-1-scaled.jpg","contentUrl":"https:\/\/collall.nl\/wp-content\/uploads\/2022\/03\/COLBCBROCH_bochure-Magic-Paint-1-scaled.jpg","width":1810,"height":2560},{"@type":"BreadcrumbList","@id":"https:\/\/collall.nl\/fr\/product\/accessoires-magic-paint\/#breadcrumb","itemListElement":[{"@type":"ListItem","position":1,"name":"Home","item":"https:\/\/collall.nl\/fr\/"},{"@type":"ListItem","position":2,"name":"Produits","item":"https:\/\/collall.nl\/fr\/produits\/"},{"@type":"ListItem","position":3,"name":"Accessoires Magic Paint"}]},{"@type":"WebSite","@id":"https:\/\/collall.nl\/#website","url":"https:\/\/collall.nl\/","name":"Collall","description":"Adhesives &amp; Paints since 1949","publisher":{"@id":"https:\/\/collall.nl\/#organization"},"potentialAction":[{"@type":"SearchAction","target":{"@type":"EntryPoint","urlTemplate":"https:\/\/collall.nl\/?s={search_term_string}"},"query-input":{"@type":"PropertyValueSpecification","valueRequired":true,"valueName":"search_term_string"}}],"inLanguage":"fr-FR"},{"@type":"Organization","@id":"https:\/\/collall.nl\/#organization","name":"Collall B.V.","url":"https:\/\/collall.nl\/","logo":{"@type":"ImageObject","inLanguage":"fr-FR","@id":"https:\/\/collall.nl\/#\/schema\/logo\/image\/","url":"https:\/\/collall.nl\/wp-content\/uploads\/2022\/08\/Collall-logo-186C_Reflex-blue.jpg","contentUrl":"https:\/\/collall.nl\/wp-content\/uploads\/2022\/08\/Collall-logo-186C_Reflex-blue.jpg","width":1963,"height":1179,"caption":"Collall B.V."},"image":{"@id":"https:\/\/collall.nl\/#\/schema\/logo\/image\/"},"sameAs":["https:\/\/www.facebook.com\/people\/Collall\/100064976852539\/","https:\/\/www.instagram.com\/collall_1949\/","https:\/\/nl.pinterest.com\/CollallBV\/","https:\/\/www.youtube.com\/channel\/UCrCGuwth_udZhTqJSh5g9zg"]}]}},"_links":{"self":[{"href":"https:\/\/collall.nl\/fr\/wp-json\/wp\/v2\/product\/11081","targetHints":{"allow":["GET"]}}],"collection":[{"href":"https:\/\/collall.nl\/fr\/wp-json\/wp\/v2\/product"}],"about":[{"href":"https:\/\/collall.nl\/fr\/wp-json\/wp\/v2\/types\/product"}],"replies":[{"embeddable":true,"href":"https:\/\/collall.nl\/fr\/wp-json\/wp\/v2\/comments?post=11081"}],"wp:featuredmedia":[{"embeddable":true,"href":"https:\/\/collall.nl\/fr\/wp-json\/wp\/v2\/media\/11054"}],"wp:attachment":[{"href":"https:\/\/collall.nl\/fr\/wp-json\/wp\/v2\/media?parent=11081"}],"wp:term":[{"taxonomy":"product_brand","embeddable":true,"href":"https:\/\/collall.nl\/fr\/wp-json\/wp\/v2\/product_brand?post=11081"},{"taxonomy":"product_cat","embeddable":true,"href":"https:\/\/collall.nl\/fr\/wp-json\/wp\/v2\/product_cat?post=11081"},{"taxonomy":"product_tag","embeddable":true,"href":"https:\/\/collall.nl\/fr\/wp-json\/wp\/v2\/product_tag?post=11081"}],"curies":[{"name":"wp","href":"https:\/\/api.w.org\/{rel}","templated":true}]}}