{"id":11011,"date":"2022-03-01T09:24:36","date_gmt":"2022-03-01T09:24:36","guid":{"rendered":"http:\/\/collall.test\/product\/magic-paint-peinture-magique\/"},"modified":"2026-03-17T10:29:09","modified_gmt":"2026-03-17T09:29:09","slug":"magic-paint-peinture-magique","status":"publish","type":"product","link":"https:\/\/collall.nl\/fr\/product\/magic-paint-peinture-magique\/","title":{"rendered":"Magic Paint Peinture Magique"},"content":{"rendered":"<p class=\"p1\">Magic Paint est une peinture tout en un de qualit\u00e9 sup\u00e9rieure \u00e0 base d&rsquo;eau, pour un plaisir cr\u00e9atif sans fin. Magic Paint ne contient aucun agent de remplissage, elle reste brillante et ne s&rsquo;effrite pas. Gr\u00e2ce \u00e0 sa combinaison unique d&rsquo;ingr\u00e9dients, les couleurs ne sont pas miscibles entre elles tant que vous ne les remuez pas.<\/p>\n<p class=\"p1\"><b>D\u00e9tails :<\/b><\/p>\n<ul>\n<li>des couleurs vives.<\/li>\n<li>une consistance lisse et cr\u00e9meuse<\/li>\n<li>brillance permanente<\/li>\n<li>ne s&rsquo;effrite jamais<\/li>\n<\/ul>\n<p><b>Solvant<\/b> : eau<\/p>\n<p class=\"p1\"><b>Ingr\u00e9dient principal<\/b> : Alcool polyvinylique (PVA)<\/p>\n<p class=\"p1\"><b>CE<\/b> : oui<\/p>\n<p class=\"p1\"><b>Application <\/b>: papier color\u00e9, carton, bo\u00eetes \u00e0 \u0153ufs, bois (non verni), pl\u00e2tre et divers autres mat\u00e9riaux.<\/p>\n<ul>\n<li class=\"p1\">Peut \u00eatre dilu\u00e9 avec de l&rsquo;eau, toutes les couleurs peuvent \u00eatre m\u00e9lang\u00e9es.<\/li>\n<li class=\"p1\">R\u00e9aliser des couleurs pastel douces en m\u00e9langeant les couleurs avec du blanc.<\/li>\n<li class=\"p1\">En raison de leur composition unique, les couleurs ne sont pas automatiquement miscibles entre elles.<\/li>\n<\/ul>\n<p class=\"p1\"><b>Allerg\u00e8nes<\/b> : contient du CMIT\/MIT. Peut provoquer une r\u00e9action allergique. Tous les produits Collall sont sans gluten.<\/p>\n<p class=\"p1\"><b>Convient pour<\/b> : Magic Paint est sp\u00e9cialement con\u00e7u pour les enfants de trois ans et plus. Contient des r\u00e9cepteurs de go\u00fbt amer.<\/p>\n<p class=\"p1\">Avertissement ! Contient un conservateur qui ne convient pas aux enfants de moins de trois ans.<\/p>\n<p><strong>Nettoyage :<\/strong><\/p>\n<ul>\n<li>Lorsque la peinture est encore humide, les outils\/surfaces peuvent \u00eatre facilement nettoy\u00e9s \u00e0 l&rsquo;eau.<\/li>\n<li>Lavable \u00e0 l&rsquo;eau froide ou en machine.<\/li>\n<li>Conseil : portez un tablier de peinture.<\/li>\n<\/ul>\n<p>Magic Paint est disponible en 14 couleurs et en or + argent, en flacons de 100 ml et 500 ml.<\/p>\n<p><a href=\"https:\/\/www.youtube.com\/watch?v=p3fAsryqHmw\" target=\"_blank\" rel=\"noopener\"><img loading=\"lazy\" decoding=\"async\" class=\"alignnone wp-image-22147 size-medium\" src=\"http:\/\/collall.nl\/wp-content\/uploads\/2022\/03\/thumbnail-Rainbow-famininokopie-300x169.jpg\" alt=\"Magic Paint is een unieke alles-in-\u00e9\u00e9n toververf op waterbasis voor eindeloos veel creatief verfplezier.\" width=\"300\" height=\"169\" srcset=\"https:\/\/collall.nl\/wp-content\/uploads\/2022\/03\/thumbnail-Rainbow-famininokopie-300x169.jpg 300w, https:\/\/collall.nl\/wp-content\/uploads\/2022\/03\/thumbnail-Rainbow-famininokopie-1024x576.jpg 1024w, https:\/\/collall.nl\/wp-content\/uploads\/2022\/03\/thumbnail-Rainbow-famininokopie-768x432.jpg 768w, https:\/\/collall.nl\/wp-content\/uploads\/2022\/03\/thumbnail-Rainbow-famininokopie-1536x864.jpg 1536w, https:\/\/collall.nl\/wp-content\/uploads\/2022\/03\/thumbnail-Rainbow-famininokopie-420x236.jpg 420w, https:\/\/collall.nl\/wp-content\/uploads\/2022\/03\/thumbnail-Rainbow-famininokopie-600x338.jpg 600w, https:\/\/collall.nl\/wp-content\/uploads\/2022\/03\/thumbnail-Rainbow-famininokopie.jpg 1920w\" sizes=\"auto, (max-width: 300px) 100vw, 300px\" \/><\/a> <em>Youtube video<\/em><\/p>\n<div class=\"flex-1 overflow-hidden\">\n<div class=\"h-full\">\n<div class=\"react-scroll-to-bottom--css-eufgu-79elbk h-full\">\n<div class=\"react-scroll-to-bottom--css-eufgu-1n7m0yu\">\n<div class=\"flex flex-col text-sm md:pb-9\">\n<article class=\"w-full text-token-text-primary focus-visible:outline-2 focus-visible:outline-offset-[-4px]\" dir=\"auto\" tabindex=\"0\" data-testid=\"conversation-turn-15\" data-scroll-anchor=\"true\">\n<div class=\"text-base py-[18px] px-3 md:px-4 m-auto md:px-5\">\n<div class=\"mx-auto flex flex-1 gap-4 text-base md:gap-5 lg:gap-6 md:max-w-3xl lg:max-w-[40rem] xl:max-w-[48rem]\">\n<div class=\"group\/conversation-turn relative flex w-full min-w-0 flex-col agent-turn\">\n<div class=\"flex-col gap-1 md:gap-3\">\n<div class=\"flex max-w-full flex-col flex-grow\">\n<div class=\"min-h-[20px] text-message flex w-full flex-col items-end gap-2 whitespace-pre-wrap break-words [.text-message+&amp;]:mt-5 overflow-x-auto\" dir=\"auto\" data-message-author-role=\"assistant\" data-message-id=\"2df6ba45-acb4-4bbc-b949-b06414a9bcb4\">\n<div class=\"flex w-full flex-col gap-1 empty:hidden first:pt-[3px]\">\n<div class=\"markdown prose w-full break-words dark:prose-invert light\">\n<h2><strong>Qu&rsquo;est-ce qui rend Magic Paint magique ?<\/strong><\/h2>\n<p>Gr\u00e2ce \u00e0 sa composition sp\u00e9ciale, vous n&rsquo;avez pas \u00e0 craindre que les couleurs se m\u00e9langent spontan\u00e9ment. Le secret r\u00e9side dans le fait que la couleur qui touche le papier en premier reste intacte. Chaque coup de pinceau conserve son espace, ce qui permet \u00e0 vos \u0153uvres de rester claires, pr\u00e9cises et impr\u00e9gn\u00e9es de couleurs vives. Regardez la vid\u00e9o sur cette page pour une d\u00e9monstration de la cr\u00e9ation d&rsquo;un arc-en-ciel.<\/p>\n<p><strong>R\u00e9sultat brillant<\/strong><\/p>\n<p>Magic Paint Peinture Magique offre une large gamme de couleurs vives. Ne contenant pas de charges, elle reste brillante et ne s&rsquo;\u00e9caille jamais. Notre peinture est con\u00e7ue pour rester belle longtemps, garantissant que vos \u0153uvres d&rsquo;art laissent une impression durable.<\/p>\n<p><strong>M\u00e9lange de couleurs sans fin<\/strong><\/p>\n<p>Exp\u00e9rimentez les possibilit\u00e9s de m\u00e9lange infinies de Magic Paint. La peinture peut \u00eatre m\u00e9lang\u00e9e directement sur le support ou sur une palette. Il n&rsquo;est pas n\u00e9cessaire de diluer Magic Paint, mais vous pouvez ajouter de l&rsquo;eau si n\u00e9cessaire. Ajoutez du blanc pour des couleurs pastel douces, de l&rsquo;or ou de l&rsquo;argent pour des teintes m\u00e9talliques \u00e9clatantes, et laissez libre cours \u00e0 votre cr\u00e9ativit\u00e9 !<\/p>\n<p>La peinture est compos\u00e9e \u00e0 86 % d&rsquo;ingr\u00e9dients naturels.<\/p>\n<p>Magic Paint Peinture Magique ouvre les portes d&rsquo;un monde de possibilit\u00e9s color\u00e9es ! Cette peinture magique polyvalente peut \u00eatre utilis\u00e9e sur divers mat\u00e9riaux, vous permettant d&rsquo;exp\u00e9rimenter et de cr\u00e9er sans limites.<\/p>\n<p><strong>Conseils pour l&rsquo;utilisation de Magic Paint Peinture Magique :<\/strong><\/p>\n<ul>\n<li><strong>Papier et carton :<\/strong> Donnez une touche de couleur vive \u00e0 vos dessins et projets en papier ou en carton. Magic Paint adh\u00e8re parfaitement au papier. Utilisez un pinceau ou une spatule pour l&rsquo;application. Pour des lignes \u00e9paisses, travaillez directement depuis le flacon.<\/li>\n<li><strong>Bo\u00eetes \u00e0 \u0153ufs :<\/strong> Redonnez vie \u00e0 de vieilles bo\u00eetes \u00e0 \u0153ufs en les d\u00e9corant avec Magic Paint. Cr\u00e9ez des bo\u00eetes de rangement color\u00e9es ou des \u0153uvres d&rsquo;art uniques avec cette peinture magique sp\u00e9ciale.<\/li>\n<li><strong>Bois non verni :<\/strong> Magic Paint adh\u00e8re \u00e9galement au bois non verni. Cr\u00e9ez des d\u00e9corations en bois uniques ou personnalisez des objets avec des couleurs vives.<\/li>\n<li><strong>Pl\u00e2tre :<\/strong> Apportez une dimension vive et brillante \u00e0 l&rsquo;art en pl\u00e2tre avec Magic Paint Peinture Magique.<\/li>\n<li><strong>Divers autres mat\u00e9riaux :<\/strong> Exp\u00e9rimentez Magic Paint sur diff\u00e9rents mat\u00e9riaux, tels que la toile, le textile et bien plus encore. D\u00e9couvrez de nouvelles fa\u00e7ons d&rsquo;ajouter de la couleur \u00e0 vos id\u00e9es.<\/li>\n<\/ul>\n<\/div>\n<\/div>\n<\/div>\n<\/div>\n<\/div>\n<\/div>\n<\/div>\n<\/div>\n<\/article>\n<\/div>\n<\/div>\n<\/div>\n<\/div>\n<\/div>\n","protected":false},"excerpt":{"rendered":"<p>Magic Paint Peinture Magique est une peinture unique tout-en-un \u00e0 base d&rsquo;eau pour un plaisir cr\u00e9atif sans fin. Magic Paint ne contient pas de charges, ce qui la rend brillante et emp\u00eache toute \u00e9caillure. La combinaison unique d&rsquo;ingr\u00e9dients garantit que les couleurs ne se m\u00e9langent pas spontan\u00e9ment.<\/p>\n<p style=\"text-align: center;\"><img loading=\"lazy\" decoding=\"async\" class=\"alignnone size-medium wp-image-23856\" src=\"https:\/\/collall.nl\/wp-content\/uploads\/2022\/03\/Collall-COLBC_Magic-Paint-folder-300x200.jpg\" alt=\"Collall-COLBC_Magic-Paint-folder\" width=\"300\" height=\"200\" srcset=\"https:\/\/collall.nl\/wp-content\/uploads\/2022\/03\/Collall-COLBC_Magic-Paint-folder-300x200.jpg 300w, https:\/\/collall.nl\/wp-content\/uploads\/2022\/03\/Collall-COLBC_Magic-Paint-folder-1024x683.jpg 1024w, https:\/\/collall.nl\/wp-content\/uploads\/2022\/03\/Collall-COLBC_Magic-Paint-folder-768x512.jpg 768w, https:\/\/collall.nl\/wp-content\/uploads\/2022\/03\/Collall-COLBC_Magic-Paint-folder-354x236.jpg 354w, https:\/\/collall.nl\/wp-content\/uploads\/2022\/03\/Collall-COLBC_Magic-Paint-folder-600x400.jpg 600w, https:\/\/collall.nl\/wp-content\/uploads\/2022\/03\/Collall-COLBC_Magic-Paint-folder.jpg 1500w\" sizes=\"auto, (max-width: 300px) 100vw, 300px\" \/><\/p>\n<p>Download:<strong><a href=\"https:\/\/collall.nl\/wp-content\/uploads\/2026\/03\/MagicPaint_folder_2026.pdf\"> Magic Paint brochure<\/a><\/strong><\/p>\n<p>&nbsp;<\/p>\n","protected":false},"featured_media":19268,"comment_status":"open","ping_status":"closed","template":"","meta":{"_acf_changed":false},"product_brand":[],"product_cat":[178],"product_tag":[],"class_list":{"0":"post-11011","1":"product","2":"type-product","3":"status-publish","4":"has-post-thumbnail","6":"product_cat-produits-peinture","8":"first","9":"instock","10":"shipping-taxable","11":"purchasable","12":"product-type-variable"},"acf":[],"yoast_head":"<!-- This site is optimized with the Yoast SEO plugin v27.2 - https:\/\/yoast.com\/product\/yoast-seo-wordpress\/ -->\n<title>Magic Paint Peinture Magique - Collall<\/title>\n<meta name=\"description\" content=\"Magic Paint Peinture Magique. Peinture qualit\u00e9 sup\u00e9rieure, s\u00fbre, pr\u00eate \u00e0 l\u2019emploi et \u00e0 base d\u2019eau.\" \/>\n<meta name=\"robots\" content=\"index, follow, max-snippet:-1, max-image-preview:large, max-video-preview:-1\" \/>\n<link rel=\"canonical\" href=\"https:\/\/collall.nl\/fr\/product\/magic-paint-peinture-magique\/\" \/>\n<meta property=\"og:locale\" content=\"fr_FR\" \/>\n<meta property=\"og:type\" content=\"article\" \/>\n<meta property=\"og:title\" content=\"Magic Paint Peinture Magique - Collall\" \/>\n<meta property=\"og:description\" content=\"Magic Paint Peinture Magique. Peinture qualit\u00e9 sup\u00e9rieure, s\u00fbre, pr\u00eate \u00e0 l\u2019emploi et \u00e0 base d\u2019eau.\" \/>\n<meta property=\"og:url\" content=\"https:\/\/collall.nl\/fr\/product\/magic-paint-peinture-magique\/\" \/>\n<meta property=\"og:site_name\" content=\"Collall\" \/>\n<meta property=\"article:publisher\" content=\"https:\/\/www.facebook.com\/people\/Collall\/100064976852539\/\" \/>\n<meta property=\"article:modified_time\" content=\"2026-03-17T09:29:09+00:00\" \/>\n<meta property=\"og:image\" content=\"https:\/\/collall.nl\/wp-content\/uploads\/2022\/03\/COLBC010011-Collall-Magic-Paint-rood.jpg\" \/>\n\t<meta property=\"og:image:width\" content=\"800\" \/>\n\t<meta property=\"og:image:height\" content=\"800\" \/>\n\t<meta property=\"og:image:type\" content=\"image\/jpeg\" \/>\n<meta name=\"twitter:card\" content=\"summary_large_image\" \/>\n<meta name=\"twitter:label1\" content=\"Dur\u00e9e de lecture estim\u00e9e\" \/>\n\t<meta name=\"twitter:data1\" content=\"4 minutes\" \/>\n<script type=\"application\/ld+json\" class=\"yoast-schema-graph\">{\"@context\":\"https:\/\/schema.org\",\"@graph\":[{\"@type\":\"WebPage\",\"@id\":\"https:\/\/collall.nl\/fr\/product\/magic-paint-peinture-magique\/\",\"url\":\"https:\/\/collall.nl\/fr\/product\/magic-paint-peinture-magique\/\",\"name\":\"Magic Paint Peinture Magique - Collall\",\"isPartOf\":{\"@id\":\"https:\/\/collall.nl\/#website\"},\"primaryImageOfPage\":{\"@id\":\"https:\/\/collall.nl\/fr\/product\/magic-paint-peinture-magique\/#primaryimage\"},\"image\":{\"@id\":\"https:\/\/collall.nl\/fr\/product\/magic-paint-peinture-magique\/#primaryimage\"},\"thumbnailUrl\":\"https:\/\/collall.nl\/wp-content\/uploads\/2022\/03\/COLBC010011-Collall-Magic-Paint-rood.jpg\",\"datePublished\":\"2022-03-01T09:24:36+00:00\",\"dateModified\":\"2026-03-17T09:29:09+00:00\",\"description\":\"Magic Paint Peinture Magique. Peinture qualit\u00e9 sup\u00e9rieure, s\u00fbre, pr\u00eate \u00e0 l\u2019emploi et \u00e0 base d\u2019eau.\",\"breadcrumb\":{\"@id\":\"https:\/\/collall.nl\/fr\/product\/magic-paint-peinture-magique\/#breadcrumb\"},\"inLanguage\":\"fr-FR\",\"potentialAction\":[{\"@type\":\"ReadAction\",\"target\":[\"https:\/\/collall.nl\/fr\/product\/magic-paint-peinture-magique\/\"]}]},{\"@type\":\"ImageObject\",\"inLanguage\":\"fr-FR\",\"@id\":\"https:\/\/collall.nl\/fr\/product\/magic-paint-peinture-magique\/#primaryimage\",\"url\":\"https:\/\/collall.nl\/wp-content\/uploads\/2022\/03\/COLBC010011-Collall-Magic-Paint-rood.jpg\",\"contentUrl\":\"https:\/\/collall.nl\/wp-content\/uploads\/2022\/03\/COLBC010011-Collall-Magic-Paint-rood.jpg\",\"width\":800,\"height\":800},{\"@type\":\"BreadcrumbList\",\"@id\":\"https:\/\/collall.nl\/fr\/product\/magic-paint-peinture-magique\/#breadcrumb\",\"itemListElement\":[{\"@type\":\"ListItem\",\"position\":1,\"name\":\"Home\",\"item\":\"https:\/\/collall.nl\/fr\/\"},{\"@type\":\"ListItem\",\"position\":2,\"name\":\"Produits\",\"item\":\"https:\/\/collall.nl\/fr\/produits\/\"},{\"@type\":\"ListItem\",\"position\":3,\"name\":\"Magic Paint Peinture Magique\"}]},{\"@type\":\"WebSite\",\"@id\":\"https:\/\/collall.nl\/#website\",\"url\":\"https:\/\/collall.nl\/\",\"name\":\"Collall\",\"description\":\"Adhesives &amp; Paints since 1949\",\"publisher\":{\"@id\":\"https:\/\/collall.nl\/#organization\"},\"potentialAction\":[{\"@type\":\"SearchAction\",\"target\":{\"@type\":\"EntryPoint\",\"urlTemplate\":\"https:\/\/collall.nl\/?s={search_term_string}\"},\"query-input\":{\"@type\":\"PropertyValueSpecification\",\"valueRequired\":true,\"valueName\":\"search_term_string\"}}],\"inLanguage\":\"fr-FR\"},{\"@type\":\"Organization\",\"@id\":\"https:\/\/collall.nl\/#organization\",\"name\":\"Collall B.V.\",\"url\":\"https:\/\/collall.nl\/\",\"logo\":{\"@type\":\"ImageObject\",\"inLanguage\":\"fr-FR\",\"@id\":\"https:\/\/collall.nl\/#\/schema\/logo\/image\/\",\"url\":\"https:\/\/collall.nl\/wp-content\/uploads\/2022\/08\/Collall-logo-186C_Reflex-blue.jpg\",\"contentUrl\":\"https:\/\/collall.nl\/wp-content\/uploads\/2022\/08\/Collall-logo-186C_Reflex-blue.jpg\",\"width\":1963,\"height\":1179,\"caption\":\"Collall B.V.\"},\"image\":{\"@id\":\"https:\/\/collall.nl\/#\/schema\/logo\/image\/\"},\"sameAs\":[\"https:\/\/www.facebook.com\/people\/Collall\/100064976852539\/\",\"https:\/\/www.instagram.com\/collall_1949\/\",\"https:\/\/nl.pinterest.com\/CollallBV\/\",\"https:\/\/www.youtube.com\/channel\/UCrCGuwth_udZhTqJSh5g9zg\"]}]}<\/script>\n<!-- \/ Yoast SEO plugin. -->","yoast_head_json":{"title":"Magic Paint Peinture Magique - Collall","description":"Magic Paint Peinture Magique. Peinture qualit\u00e9 sup\u00e9rieure, s\u00fbre, pr\u00eate \u00e0 l\u2019emploi et \u00e0 base d\u2019eau.","robots":{"index":"index","follow":"follow","max-snippet":"max-snippet:-1","max-image-preview":"max-image-preview:large","max-video-preview":"max-video-preview:-1"},"canonical":"https:\/\/collall.nl\/fr\/product\/magic-paint-peinture-magique\/","og_locale":"fr_FR","og_type":"article","og_title":"Magic Paint Peinture Magique - Collall","og_description":"Magic Paint Peinture Magique. Peinture qualit\u00e9 sup\u00e9rieure, s\u00fbre, pr\u00eate \u00e0 l\u2019emploi et \u00e0 base d\u2019eau.","og_url":"https:\/\/collall.nl\/fr\/product\/magic-paint-peinture-magique\/","og_site_name":"Collall","article_publisher":"https:\/\/www.facebook.com\/people\/Collall\/100064976852539\/","article_modified_time":"2026-03-17T09:29:09+00:00","og_image":[{"width":800,"height":800,"url":"https:\/\/collall.nl\/wp-content\/uploads\/2022\/03\/COLBC010011-Collall-Magic-Paint-rood.jpg","type":"image\/jpeg"}],"twitter_card":"summary_large_image","twitter_misc":{"Dur\u00e9e de lecture estim\u00e9e":"4 minutes"},"schema":{"@context":"https:\/\/schema.org","@graph":[{"@type":"WebPage","@id":"https:\/\/collall.nl\/fr\/product\/magic-paint-peinture-magique\/","url":"https:\/\/collall.nl\/fr\/product\/magic-paint-peinture-magique\/","name":"Magic Paint Peinture Magique - Collall","isPartOf":{"@id":"https:\/\/collall.nl\/#website"},"primaryImageOfPage":{"@id":"https:\/\/collall.nl\/fr\/product\/magic-paint-peinture-magique\/#primaryimage"},"image":{"@id":"https:\/\/collall.nl\/fr\/product\/magic-paint-peinture-magique\/#primaryimage"},"thumbnailUrl":"https:\/\/collall.nl\/wp-content\/uploads\/2022\/03\/COLBC010011-Collall-Magic-Paint-rood.jpg","datePublished":"2022-03-01T09:24:36+00:00","dateModified":"2026-03-17T09:29:09+00:00","description":"Magic Paint Peinture Magique. Peinture qualit\u00e9 sup\u00e9rieure, s\u00fbre, pr\u00eate \u00e0 l\u2019emploi et \u00e0 base d\u2019eau.","breadcrumb":{"@id":"https:\/\/collall.nl\/fr\/product\/magic-paint-peinture-magique\/#breadcrumb"},"inLanguage":"fr-FR","potentialAction":[{"@type":"ReadAction","target":["https:\/\/collall.nl\/fr\/product\/magic-paint-peinture-magique\/"]}]},{"@type":"ImageObject","inLanguage":"fr-FR","@id":"https:\/\/collall.nl\/fr\/product\/magic-paint-peinture-magique\/#primaryimage","url":"https:\/\/collall.nl\/wp-content\/uploads\/2022\/03\/COLBC010011-Collall-Magic-Paint-rood.jpg","contentUrl":"https:\/\/collall.nl\/wp-content\/uploads\/2022\/03\/COLBC010011-Collall-Magic-Paint-rood.jpg","width":800,"height":800},{"@type":"BreadcrumbList","@id":"https:\/\/collall.nl\/fr\/product\/magic-paint-peinture-magique\/#breadcrumb","itemListElement":[{"@type":"ListItem","position":1,"name":"Home","item":"https:\/\/collall.nl\/fr\/"},{"@type":"ListItem","position":2,"name":"Produits","item":"https:\/\/collall.nl\/fr\/produits\/"},{"@type":"ListItem","position":3,"name":"Magic Paint Peinture Magique"}]},{"@type":"WebSite","@id":"https:\/\/collall.nl\/#website","url":"https:\/\/collall.nl\/","name":"Collall","description":"Adhesives &amp; Paints since 1949","publisher":{"@id":"https:\/\/collall.nl\/#organization"},"potentialAction":[{"@type":"SearchAction","target":{"@type":"EntryPoint","urlTemplate":"https:\/\/collall.nl\/?s={search_term_string}"},"query-input":{"@type":"PropertyValueSpecification","valueRequired":true,"valueName":"search_term_string"}}],"inLanguage":"fr-FR"},{"@type":"Organization","@id":"https:\/\/collall.nl\/#organization","name":"Collall B.V.","url":"https:\/\/collall.nl\/","logo":{"@type":"ImageObject","inLanguage":"fr-FR","@id":"https:\/\/collall.nl\/#\/schema\/logo\/image\/","url":"https:\/\/collall.nl\/wp-content\/uploads\/2022\/08\/Collall-logo-186C_Reflex-blue.jpg","contentUrl":"https:\/\/collall.nl\/wp-content\/uploads\/2022\/08\/Collall-logo-186C_Reflex-blue.jpg","width":1963,"height":1179,"caption":"Collall B.V."},"image":{"@id":"https:\/\/collall.nl\/#\/schema\/logo\/image\/"},"sameAs":["https:\/\/www.facebook.com\/people\/Collall\/100064976852539\/","https:\/\/www.instagram.com\/collall_1949\/","https:\/\/nl.pinterest.com\/CollallBV\/","https:\/\/www.youtube.com\/channel\/UCrCGuwth_udZhTqJSh5g9zg"]}]}},"_links":{"self":[{"href":"https:\/\/collall.nl\/fr\/wp-json\/wp\/v2\/product\/11011","targetHints":{"allow":["GET"]}}],"collection":[{"href":"https:\/\/collall.nl\/fr\/wp-json\/wp\/v2\/product"}],"about":[{"href":"https:\/\/collall.nl\/fr\/wp-json\/wp\/v2\/types\/product"}],"replies":[{"embeddable":true,"href":"https:\/\/collall.nl\/fr\/wp-json\/wp\/v2\/comments?post=11011"}],"wp:featuredmedia":[{"embeddable":true,"href":"https:\/\/collall.nl\/fr\/wp-json\/wp\/v2\/media\/19268"}],"wp:attachment":[{"href":"https:\/\/collall.nl\/fr\/wp-json\/wp\/v2\/media?parent=11011"}],"wp:term":[{"taxonomy":"product_brand","embeddable":true,"href":"https:\/\/collall.nl\/fr\/wp-json\/wp\/v2\/product_brand?post=11011"},{"taxonomy":"product_cat","embeddable":true,"href":"https:\/\/collall.nl\/fr\/wp-json\/wp\/v2\/product_cat?post=11011"},{"taxonomy":"product_tag","embeddable":true,"href":"https:\/\/collall.nl\/fr\/wp-json\/wp\/v2\/product_tag?post=11011"}],"curies":[{"name":"wp","href":"https:\/\/api.w.org\/{rel}","templated":true}]}}