{"id":10770,"date":"2022-03-01T09:22:44","date_gmt":"2022-03-01T09:22:44","guid":{"rendered":"http:\/\/collall.test\/product\/collall-colle-a-papier\/"},"modified":"2025-03-20T08:19:58","modified_gmt":"2025-03-20T07:19:58","slug":"collall-colle-a-papier","status":"publish","type":"product","link":"https:\/\/collall.nl\/fr\/product\/collall-colle-a-papier\/","title":{"rendered":"Collall Colle \u00e0 Papier"},"content":{"rendered":"<p data-start=\"0\" data-end=\"153\"><strong data-start=\"0\" data-end=\"17\">Application :<\/strong> Avec la colle papier Collall, vous pouvez coller du papier, du carton, du tissu et divers mat\u00e9riaux l\u00e9gers pour les loisirs cr\u00e9atifs.<\/p>\n<p data-start=\"155\" data-end=\"169\"><strong data-start=\"155\" data-end=\"167\">Apparence :<\/strong><\/p>\n<ul data-start=\"170\" data-end=\"264\">\n<li data-start=\"170\" data-end=\"196\">Transparent et liquide<\/li>\n<li data-start=\"197\" data-end=\"208\">Inodore<\/li>\n<li data-start=\"209\" data-end=\"223\">R\u00e9versible<\/li>\n<li data-start=\"224\" data-end=\"246\">Facilement lavable<\/li>\n<li data-start=\"247\" data-end=\"264\">Solvant : eau<\/li>\n<\/ul>\n<p data-start=\"266\" data-end=\"315\"><strong data-start=\"266\" data-end=\"292\">Ingr\u00e9dient principal :<\/strong> alcool polyvinylique<\/p>\n<p class=\"p1\"><b>Ingr\u00e9dients naturels : <\/b>90%<\/p>\n<p class=\"p1\"><b>Viscosit\u00e9 : <\/b>3.000 mPa.s<\/p>\n<p data-start=\"317\" data-end=\"329\"><strong data-start=\"317\" data-end=\"325\">pH :<\/strong> 7<\/p>\n<p data-start=\"331\" data-end=\"359\"><strong data-start=\"331\" data-end=\"344\">Densit\u00e9 :<\/strong> 1,025 kg\/dm\u00b3<\/p>\n<p data-start=\"361\" data-end=\"505\"><strong data-start=\"361\" data-end=\"388\">Consommation de colle :<\/strong> En fonction de l&rsquo;absorption des mat\u00e9riaux \u00e0 coller, environ 100 \u00e0 150 grammes par m\u00b2, appliqu\u00e9 sur une seule face.<\/p>\n<p data-start=\"507\" data-end=\"528\"><strong data-start=\"507\" data-end=\"526\">Mode d&#8217;emploi :<\/strong><\/p>\n<ul data-start=\"529\" data-end=\"924\">\n<li data-start=\"529\" data-end=\"611\">Les mat\u00e9riaux \u00e0 coller doivent \u00eatre secs et exempts de poussi\u00e8re et de salet\u00e9.<\/li>\n<li data-start=\"612\" data-end=\"739\">Appliquer directement sur la surface \u00e0 l\u2019aide du flacon et r\u00e9partir si n\u00e9cessaire avec la spatule int\u00e9gr\u00e9e dans le bouchon.<\/li>\n<li data-start=\"740\" data-end=\"868\">Utiliser de pr\u00e9f\u00e9rence \u00e0 temp\u00e9rature ambiante. Laisser l\u00e9g\u00e8rement \u00e9vaporer avant de presser fermement les \u00e9l\u00e9ments ensemble.<\/li>\n<li data-start=\"869\" data-end=\"924\">La colle peut \u00eatre appliqu\u00e9e sur une ou deux faces.<\/li>\n<\/ul>\n<p><strong>Allerg\u00e8nes:<\/strong>\u00a0Contient CMIT\/MIT. Peut produire une r\u00e9action allergique.<\/p>\n<p><strong>Adapt\u00e9e aux:\u00a0<\/strong>enfants \u00e0 partir de 3 ans<\/p>\n<p data-start=\"926\" data-end=\"1003\"><strong data-start=\"1052\" data-end=\"1067\">Taches :<\/strong><\/p>\n<ul data-start=\"1070\" data-end=\"1372\" data-is-last-node=\"\" data-is-only-node=\"\">\n<li data-start=\"1070\" data-end=\"1174\">Lorsque la colle est encore humide, les outils et surfaces peuvent \u00eatre facilement nettoy\u00e9s \u00e0 l\u2019eau.<\/li>\n<li data-start=\"1175\" data-end=\"1257\">Les r\u00e9sidus de colle s\u00e8che doivent \u00eatre tremp\u00e9s dans l\u2019eau avant d\u2019\u00eatre lav\u00e9s.<\/li>\n<li data-start=\"1258\" data-end=\"1372\" data-is-last-node=\"\">Les taches de colle sur les v\u00eatements sont facilement lavables \u00e0 l\u2019eau froide ou ti\u00e8de, \u00e0 la main ou en machine.<\/li>\n<\/ul>\n","protected":false},"excerpt":{"rendered":"<p>Paper Glue est une colle transparente, lavable et \u00e0 base d&rsquo;eau.<\/p>\n","protected":false},"featured_media":20125,"comment_status":"open","ping_status":"closed","template":"","meta":{"_acf_changed":false},"product_brand":[],"product_cat":[174],"product_tag":[],"class_list":{"0":"post-10770","1":"product","2":"type-product","3":"status-publish","4":"has-post-thumbnail","6":"product_cat-colle-et-vernis-colle","8":"first","9":"instock","10":"shipping-taxable","11":"purchasable","12":"product-type-variable"},"acf":[],"yoast_head":"<!-- This site is optimized with the Yoast SEO plugin v27.2 - https:\/\/yoast.com\/product\/yoast-seo-wordpress\/ -->\n<title>Collall Colle \u00e0 Papier - Collall<\/title>\n<meta name=\"robots\" content=\"index, follow, max-snippet:-1, max-image-preview:large, max-video-preview:-1\" \/>\n<link rel=\"canonical\" href=\"https:\/\/collall.nl\/fr\/product\/collall-colle-a-papier\/\" \/>\n<meta property=\"og:locale\" content=\"fr_FR\" \/>\n<meta property=\"og:type\" content=\"article\" \/>\n<meta property=\"og:title\" content=\"Collall Colle \u00e0 Papier - Collall\" \/>\n<meta property=\"og:description\" content=\"Paper Glue est une colle transparente, lavable et \u00e0 base d&#039;eau.\" \/>\n<meta property=\"og:url\" content=\"https:\/\/collall.nl\/fr\/product\/collall-colle-a-papier\/\" \/>\n<meta property=\"og:site_name\" content=\"Collall\" \/>\n<meta property=\"article:publisher\" content=\"https:\/\/www.facebook.com\/people\/Collall\/100064976852539\/\" \/>\n<meta property=\"article:modified_time\" content=\"2025-03-20T07:19:58+00:00\" \/>\n<meta property=\"og:image\" content=\"https:\/\/collall.nl\/wp-content\/uploads\/2022\/03\/COLPA0100.jpg\" \/>\n\t<meta property=\"og:image:width\" content=\"800\" \/>\n\t<meta property=\"og:image:height\" content=\"800\" \/>\n\t<meta property=\"og:image:type\" content=\"image\/jpeg\" \/>\n<meta name=\"twitter:card\" content=\"summary_large_image\" \/>\n<meta name=\"twitter:label1\" content=\"Dur\u00e9e de lecture estim\u00e9e\" \/>\n\t<meta name=\"twitter:data1\" content=\"2 minutes\" \/>\n<script type=\"application\/ld+json\" class=\"yoast-schema-graph\">{\"@context\":\"https:\/\/schema.org\",\"@graph\":[{\"@type\":\"WebPage\",\"@id\":\"https:\/\/collall.nl\/fr\/product\/collall-colle-a-papier\/\",\"url\":\"https:\/\/collall.nl\/fr\/product\/collall-colle-a-papier\/\",\"name\":\"Collall Colle \u00e0 Papier - Collall\",\"isPartOf\":{\"@id\":\"https:\/\/collall.nl\/#website\"},\"primaryImageOfPage\":{\"@id\":\"https:\/\/collall.nl\/fr\/product\/collall-colle-a-papier\/#primaryimage\"},\"image\":{\"@id\":\"https:\/\/collall.nl\/fr\/product\/collall-colle-a-papier\/#primaryimage\"},\"thumbnailUrl\":\"https:\/\/collall.nl\/wp-content\/uploads\/2022\/03\/COLPA0100.jpg\",\"datePublished\":\"2022-03-01T09:22:44+00:00\",\"dateModified\":\"2025-03-20T07:19:58+00:00\",\"breadcrumb\":{\"@id\":\"https:\/\/collall.nl\/fr\/product\/collall-colle-a-papier\/#breadcrumb\"},\"inLanguage\":\"fr-FR\",\"potentialAction\":[{\"@type\":\"ReadAction\",\"target\":[\"https:\/\/collall.nl\/fr\/product\/collall-colle-a-papier\/\"]}]},{\"@type\":\"ImageObject\",\"inLanguage\":\"fr-FR\",\"@id\":\"https:\/\/collall.nl\/fr\/product\/collall-colle-a-papier\/#primaryimage\",\"url\":\"https:\/\/collall.nl\/wp-content\/uploads\/2022\/03\/COLPA0100.jpg\",\"contentUrl\":\"https:\/\/collall.nl\/wp-content\/uploads\/2022\/03\/COLPA0100.jpg\",\"width\":800,\"height\":800},{\"@type\":\"BreadcrumbList\",\"@id\":\"https:\/\/collall.nl\/fr\/product\/collall-colle-a-papier\/#breadcrumb\",\"itemListElement\":[{\"@type\":\"ListItem\",\"position\":1,\"name\":\"Home\",\"item\":\"https:\/\/collall.nl\/fr\/\"},{\"@type\":\"ListItem\",\"position\":2,\"name\":\"Produits\",\"item\":\"https:\/\/collall.nl\/fr\/produits\/\"},{\"@type\":\"ListItem\",\"position\":3,\"name\":\"Collall Colle \u00e0 Papier\"}]},{\"@type\":\"WebSite\",\"@id\":\"https:\/\/collall.nl\/#website\",\"url\":\"https:\/\/collall.nl\/\",\"name\":\"Collall\",\"description\":\"Adhesives &amp; Paints since 1949\",\"publisher\":{\"@id\":\"https:\/\/collall.nl\/#organization\"},\"potentialAction\":[{\"@type\":\"SearchAction\",\"target\":{\"@type\":\"EntryPoint\",\"urlTemplate\":\"https:\/\/collall.nl\/?s={search_term_string}\"},\"query-input\":{\"@type\":\"PropertyValueSpecification\",\"valueRequired\":true,\"valueName\":\"search_term_string\"}}],\"inLanguage\":\"fr-FR\"},{\"@type\":\"Organization\",\"@id\":\"https:\/\/collall.nl\/#organization\",\"name\":\"Collall B.V.\",\"url\":\"https:\/\/collall.nl\/\",\"logo\":{\"@type\":\"ImageObject\",\"inLanguage\":\"fr-FR\",\"@id\":\"https:\/\/collall.nl\/#\/schema\/logo\/image\/\",\"url\":\"https:\/\/collall.nl\/wp-content\/uploads\/2022\/08\/Collall-logo-186C_Reflex-blue.jpg\",\"contentUrl\":\"https:\/\/collall.nl\/wp-content\/uploads\/2022\/08\/Collall-logo-186C_Reflex-blue.jpg\",\"width\":1963,\"height\":1179,\"caption\":\"Collall B.V.\"},\"image\":{\"@id\":\"https:\/\/collall.nl\/#\/schema\/logo\/image\/\"},\"sameAs\":[\"https:\/\/www.facebook.com\/people\/Collall\/100064976852539\/\",\"https:\/\/www.instagram.com\/collall_1949\/\",\"https:\/\/nl.pinterest.com\/CollallBV\/\",\"https:\/\/www.youtube.com\/channel\/UCrCGuwth_udZhTqJSh5g9zg\"]}]}<\/script>\n<!-- \/ Yoast SEO plugin. -->","yoast_head_json":{"title":"Collall Colle \u00e0 Papier - Collall","robots":{"index":"index","follow":"follow","max-snippet":"max-snippet:-1","max-image-preview":"max-image-preview:large","max-video-preview":"max-video-preview:-1"},"canonical":"https:\/\/collall.nl\/fr\/product\/collall-colle-a-papier\/","og_locale":"fr_FR","og_type":"article","og_title":"Collall Colle \u00e0 Papier - Collall","og_description":"Paper Glue est une colle transparente, lavable et \u00e0 base d'eau.","og_url":"https:\/\/collall.nl\/fr\/product\/collall-colle-a-papier\/","og_site_name":"Collall","article_publisher":"https:\/\/www.facebook.com\/people\/Collall\/100064976852539\/","article_modified_time":"2025-03-20T07:19:58+00:00","og_image":[{"width":800,"height":800,"url":"https:\/\/collall.nl\/wp-content\/uploads\/2022\/03\/COLPA0100.jpg","type":"image\/jpeg"}],"twitter_card":"summary_large_image","twitter_misc":{"Dur\u00e9e de lecture estim\u00e9e":"2 minutes"},"schema":{"@context":"https:\/\/schema.org","@graph":[{"@type":"WebPage","@id":"https:\/\/collall.nl\/fr\/product\/collall-colle-a-papier\/","url":"https:\/\/collall.nl\/fr\/product\/collall-colle-a-papier\/","name":"Collall Colle \u00e0 Papier - Collall","isPartOf":{"@id":"https:\/\/collall.nl\/#website"},"primaryImageOfPage":{"@id":"https:\/\/collall.nl\/fr\/product\/collall-colle-a-papier\/#primaryimage"},"image":{"@id":"https:\/\/collall.nl\/fr\/product\/collall-colle-a-papier\/#primaryimage"},"thumbnailUrl":"https:\/\/collall.nl\/wp-content\/uploads\/2022\/03\/COLPA0100.jpg","datePublished":"2022-03-01T09:22:44+00:00","dateModified":"2025-03-20T07:19:58+00:00","breadcrumb":{"@id":"https:\/\/collall.nl\/fr\/product\/collall-colle-a-papier\/#breadcrumb"},"inLanguage":"fr-FR","potentialAction":[{"@type":"ReadAction","target":["https:\/\/collall.nl\/fr\/product\/collall-colle-a-papier\/"]}]},{"@type":"ImageObject","inLanguage":"fr-FR","@id":"https:\/\/collall.nl\/fr\/product\/collall-colle-a-papier\/#primaryimage","url":"https:\/\/collall.nl\/wp-content\/uploads\/2022\/03\/COLPA0100.jpg","contentUrl":"https:\/\/collall.nl\/wp-content\/uploads\/2022\/03\/COLPA0100.jpg","width":800,"height":800},{"@type":"BreadcrumbList","@id":"https:\/\/collall.nl\/fr\/product\/collall-colle-a-papier\/#breadcrumb","itemListElement":[{"@type":"ListItem","position":1,"name":"Home","item":"https:\/\/collall.nl\/fr\/"},{"@type":"ListItem","position":2,"name":"Produits","item":"https:\/\/collall.nl\/fr\/produits\/"},{"@type":"ListItem","position":3,"name":"Collall Colle \u00e0 Papier"}]},{"@type":"WebSite","@id":"https:\/\/collall.nl\/#website","url":"https:\/\/collall.nl\/","name":"Collall","description":"Adhesives &amp; Paints since 1949","publisher":{"@id":"https:\/\/collall.nl\/#organization"},"potentialAction":[{"@type":"SearchAction","target":{"@type":"EntryPoint","urlTemplate":"https:\/\/collall.nl\/?s={search_term_string}"},"query-input":{"@type":"PropertyValueSpecification","valueRequired":true,"valueName":"search_term_string"}}],"inLanguage":"fr-FR"},{"@type":"Organization","@id":"https:\/\/collall.nl\/#organization","name":"Collall B.V.","url":"https:\/\/collall.nl\/","logo":{"@type":"ImageObject","inLanguage":"fr-FR","@id":"https:\/\/collall.nl\/#\/schema\/logo\/image\/","url":"https:\/\/collall.nl\/wp-content\/uploads\/2022\/08\/Collall-logo-186C_Reflex-blue.jpg","contentUrl":"https:\/\/collall.nl\/wp-content\/uploads\/2022\/08\/Collall-logo-186C_Reflex-blue.jpg","width":1963,"height":1179,"caption":"Collall B.V."},"image":{"@id":"https:\/\/collall.nl\/#\/schema\/logo\/image\/"},"sameAs":["https:\/\/www.facebook.com\/people\/Collall\/100064976852539\/","https:\/\/www.instagram.com\/collall_1949\/","https:\/\/nl.pinterest.com\/CollallBV\/","https:\/\/www.youtube.com\/channel\/UCrCGuwth_udZhTqJSh5g9zg"]}]}},"_links":{"self":[{"href":"https:\/\/collall.nl\/fr\/wp-json\/wp\/v2\/product\/10770","targetHints":{"allow":["GET"]}}],"collection":[{"href":"https:\/\/collall.nl\/fr\/wp-json\/wp\/v2\/product"}],"about":[{"href":"https:\/\/collall.nl\/fr\/wp-json\/wp\/v2\/types\/product"}],"replies":[{"embeddable":true,"href":"https:\/\/collall.nl\/fr\/wp-json\/wp\/v2\/comments?post=10770"}],"wp:featuredmedia":[{"embeddable":true,"href":"https:\/\/collall.nl\/fr\/wp-json\/wp\/v2\/media\/20125"}],"wp:attachment":[{"href":"https:\/\/collall.nl\/fr\/wp-json\/wp\/v2\/media?parent=10770"}],"wp:term":[{"taxonomy":"product_brand","embeddable":true,"href":"https:\/\/collall.nl\/fr\/wp-json\/wp\/v2\/product_brand?post=10770"},{"taxonomy":"product_cat","embeddable":true,"href":"https:\/\/collall.nl\/fr\/wp-json\/wp\/v2\/product_cat?post=10770"},{"taxonomy":"product_tag","embeddable":true,"href":"https:\/\/collall.nl\/fr\/wp-json\/wp\/v2\/product_tag?post=10770"}],"curies":[{"name":"wp","href":"https:\/\/api.w.org\/{rel}","templated":true}]}}