{"id":10754,"date":"2022-03-01T09:22:41","date_gmt":"2022-03-01T09:22:42","guid":{"rendered":"http:\/\/collall.test\/product\/colle-a-bijoux-collall\/"},"modified":"2025-04-03T10:11:41","modified_gmt":"2025-04-03T08:11:41","slug":"colle-a-bijoux-collall","status":"publish","type":"product","link":"https:\/\/collall.nl\/fr\/product\/colle-a-bijoux-collall\/","title":{"rendered":"Colle \u00e0 bijoux Collall"},"content":{"rendered":"<p><strong>Type de colle : <\/strong>la Colle \u00e0 Bijoux Collall est une colle forte sp\u00e9cialement con\u00e7ue pour les ornements de bijoux, les perles et autres petits \u00e9l\u00e9ments. Gr\u00e2ce \u00e0 son flacon pratique avec une fine ouverture, elle permet une application pr\u00e9cise, m\u00eame sur les pi\u00e8ces les plus d\u00e9licates.<\/p>\n<p class=\"\" data-start=\"285\" data-end=\"703\">La Colle \u00e0 Bijoux Collall est une colle liquide blanche, \u00e0 s\u00e9chage rapide et \u00e0 forte adh\u00e9rence, garantissant une fixation solide de vos cr\u00e9ations. Apr\u00e8s s\u00e9chage, elle devient transparente. Bien que cette colle soit waterproof, nous vous recommandons de ne pas exposer les bijoux coll\u00e9s \u00e0 l&rsquo;eau, par exemple lors du lavage des mains ou sous la douche. De cette fa\u00e7on, vous pourrez profiter plus longtemps de vos bijoux.<\/p>\n<p><img loading=\"lazy\" decoding=\"async\" class=\"alignnone size-medium wp-image-26923\" src=\"https:\/\/collall.nl\/wp-content\/uploads\/2024\/01\/COLLVD220000-300x156.jpg\" alt=\"COLLVD220000\" width=\"300\" height=\"156\" srcset=\"https:\/\/collall.nl\/wp-content\/uploads\/2024\/01\/COLLVD220000-300x156.jpg 300w, https:\/\/collall.nl\/wp-content\/uploads\/2024\/01\/COLLVD220000-1024x533.jpg 1024w, https:\/\/collall.nl\/wp-content\/uploads\/2024\/01\/COLLVD220000-768x399.jpg 768w, https:\/\/collall.nl\/wp-content\/uploads\/2024\/01\/COLLVD220000-420x218.jpg 420w, https:\/\/collall.nl\/wp-content\/uploads\/2024\/01\/COLLVD220000-600x312.jpg 600w, https:\/\/collall.nl\/wp-content\/uploads\/2024\/01\/COLLVD220000.jpg 1042w\" sizes=\"auto, (max-width: 300px) 100vw, 300px\" \/><\/p>\n<p><strong>Principales caract\u00e9ristiques :<\/strong><\/p>\n<ul>\n<li>Blanche et liquide<\/li>\n<li>Forte adh\u00e9sion<\/li>\n<li>S\u00e9chage rapide<\/li>\n<li>Transparente apr\u00e8s s\u00e9chage<\/li>\n<li>Waterproof<\/li>\n<\/ul>\n<p><strong>Solvant : <\/strong>sans solvant, \u00e0 base d\u2019eau.<\/p>\n<p><strong>Composant principal :<\/strong> acrylique<\/p>\n<p class=\"p1\"><b>Ingr\u00e9dients naturels : <\/b>51%<\/p>\n<p class=\"p1\"><b>Viscosit\u00e9 : <\/b>14.000 mPa.s<\/p>\n<p><strong>pH : <\/strong>7,5<\/p>\n<p><strong>Densit\u00e9 :<\/strong> 1,04 kg\/dm3<\/p>\n<p data-start=\"117\" data-end=\"344\" data-is-only-node=\"\" data-is-last-node=\"\"><strong>Application :<\/strong><\/p>\n<ul>\n<li data-start=\"117\" data-end=\"344\">Les mat\u00e9riaux \u00e0 coller doivent \u00eatre secs et exempts de poussi\u00e8re et de salet\u00e9.<\/li>\n<li data-start=\"117\" data-end=\"344\">Une goutte de Jewellery glue suffit pour assembler des perles ainsi que d\u2019autres petits \u00e9l\u00e9ments.<\/li>\n<li data-start=\"117\" data-end=\"344\">Utilisez la colle directement \u00e0 partir du flacon.<\/li>\n<li data-start=\"117\" data-end=\"344\">La bouteille a un embout mince pour une application pr\u00e9cise.<\/li>\n<\/ul>\n<p><strong>Utilisation sp\u00e9cifique : <\/strong>sp\u00e9cialement con\u00e7ue pour coller et r\u00e9parer les bijoux.<\/p>\n<p><strong>Allerg\u00e8nes :<\/strong> CMIT\/MIT en 1,2-benzisothiazol-3 (2H)-one. Peut produire une r\u00e9action allergique.<\/p>\n<p><strong>Age : <\/strong>enfants \u00e0 partir de 8 ans.<\/p>\n<p><strong>Taches :<\/strong><\/p>\n<ul>\n<li>les outils peuvent \u00eatre nettoy\u00e9s avec de l\u2019eau tant que la colle est encore humide. Vous pouvez ajout\u00e9 un d\u00e9tergent synth\u00e9tique \u00e0 l\u2019eau si vous le souhaitez.<\/li>\n<li>Les traces de colle s\u00e9ch\u00e9es doivent \u00eatre tremp\u00e9es dans de l\u2019eau chaude, puis enlev\u00e9es \u00e0 l\u2019aide d\u2019une brosse.<\/li>\n<\/ul>\n","protected":false},"excerpt":{"rendered":"<p>Une colle adh\u00e9sive forte et c\u2019est l\u2019indispensable pour fixer solidemment vos cr\u00e9ations ou r\u00e9parer des bijoux.<\/p>\n","protected":false},"featured_media":18565,"comment_status":"open","ping_status":"closed","template":"","meta":{"_acf_changed":false},"product_brand":[],"product_cat":[174],"product_tag":[],"class_list":{"0":"post-10754","1":"product","2":"type-product","3":"status-publish","4":"has-post-thumbnail","6":"product_cat-colle-et-vernis-colle","8":"first","9":"instock","10":"shipping-taxable","11":"purchasable","12":"product-type-variable"},"acf":[],"yoast_head":"<!-- This site is optimized with the Yoast SEO plugin v27.2 - https:\/\/yoast.com\/product\/yoast-seo-wordpress\/ -->\n<title>Colle \u00e0 bijoux Collall - Collall<\/title>\n<meta name=\"description\" content=\"Colle \u00e0 bijoux Collall\u00a0 est une colle adh\u00e9sive forte et c\u2019est l\u2019indispensable\u00a0 pour fixer solidemment vos cr\u00e9ations ou r\u00e9parer des bijoux.\" \/>\n<meta name=\"robots\" content=\"index, follow, max-snippet:-1, max-image-preview:large, max-video-preview:-1\" \/>\n<link rel=\"canonical\" href=\"https:\/\/collall.nl\/fr\/product\/colle-a-bijoux-collall\/\" \/>\n<meta property=\"og:locale\" content=\"fr_FR\" \/>\n<meta property=\"og:type\" content=\"article\" \/>\n<meta property=\"og:title\" content=\"Colle \u00e0 bijoux Collall - Collall\" \/>\n<meta property=\"og:description\" content=\"Colle \u00e0 bijoux Collall\u00a0 est une colle adh\u00e9sive forte et c\u2019est l\u2019indispensable\u00a0 pour fixer solidemment vos cr\u00e9ations ou r\u00e9parer des bijoux.\" \/>\n<meta property=\"og:url\" content=\"https:\/\/collall.nl\/fr\/product\/colle-a-bijoux-collall\/\" \/>\n<meta property=\"og:site_name\" content=\"Collall\" \/>\n<meta property=\"article:publisher\" content=\"https:\/\/www.facebook.com\/people\/Collall\/100064976852539\/\" \/>\n<meta property=\"article:modified_time\" content=\"2025-04-03T08:11:41+00:00\" \/>\n<meta property=\"og:image\" content=\"https:\/\/collall.nl\/wp-content\/uploads\/2022\/03\/COLJG0025.jpg\" \/>\n\t<meta property=\"og:image:width\" content=\"800\" \/>\n\t<meta property=\"og:image:height\" content=\"800\" \/>\n\t<meta property=\"og:image:type\" content=\"image\/jpeg\" \/>\n<meta name=\"twitter:card\" content=\"summary_large_image\" \/>\n<meta name=\"twitter:label1\" content=\"Dur\u00e9e de lecture estim\u00e9e\" \/>\n\t<meta name=\"twitter:data1\" content=\"2 minutes\" \/>\n<script type=\"application\/ld+json\" class=\"yoast-schema-graph\">{\"@context\":\"https:\/\/schema.org\",\"@graph\":[{\"@type\":\"WebPage\",\"@id\":\"https:\/\/collall.nl\/fr\/product\/colle-a-bijoux-collall\/\",\"url\":\"https:\/\/collall.nl\/fr\/product\/colle-a-bijoux-collall\/\",\"name\":\"Colle \u00e0 bijoux Collall - Collall\",\"isPartOf\":{\"@id\":\"https:\/\/collall.nl\/#website\"},\"primaryImageOfPage\":{\"@id\":\"https:\/\/collall.nl\/fr\/product\/colle-a-bijoux-collall\/#primaryimage\"},\"image\":{\"@id\":\"https:\/\/collall.nl\/fr\/product\/colle-a-bijoux-collall\/#primaryimage\"},\"thumbnailUrl\":\"https:\/\/collall.nl\/wp-content\/uploads\/2022\/03\/COLJG0025.jpg\",\"datePublished\":\"2022-03-01T09:22:42+00:00\",\"dateModified\":\"2025-04-03T08:11:41+00:00\",\"description\":\"Colle \u00e0 bijoux Collall\u00a0 est une colle adh\u00e9sive forte et c\u2019est l\u2019indispensable\u00a0 pour fixer solidemment vos cr\u00e9ations ou r\u00e9parer des bijoux.\",\"breadcrumb\":{\"@id\":\"https:\/\/collall.nl\/fr\/product\/colle-a-bijoux-collall\/#breadcrumb\"},\"inLanguage\":\"fr-FR\",\"potentialAction\":[{\"@type\":\"ReadAction\",\"target\":[\"https:\/\/collall.nl\/fr\/product\/colle-a-bijoux-collall\/\"]}]},{\"@type\":\"ImageObject\",\"inLanguage\":\"fr-FR\",\"@id\":\"https:\/\/collall.nl\/fr\/product\/colle-a-bijoux-collall\/#primaryimage\",\"url\":\"https:\/\/collall.nl\/wp-content\/uploads\/2022\/03\/COLJG0025.jpg\",\"contentUrl\":\"https:\/\/collall.nl\/wp-content\/uploads\/2022\/03\/COLJG0025.jpg\",\"width\":800,\"height\":800},{\"@type\":\"BreadcrumbList\",\"@id\":\"https:\/\/collall.nl\/fr\/product\/colle-a-bijoux-collall\/#breadcrumb\",\"itemListElement\":[{\"@type\":\"ListItem\",\"position\":1,\"name\":\"Home\",\"item\":\"https:\/\/collall.nl\/fr\/\"},{\"@type\":\"ListItem\",\"position\":2,\"name\":\"Produits\",\"item\":\"https:\/\/collall.nl\/fr\/produits\/\"},{\"@type\":\"ListItem\",\"position\":3,\"name\":\"Colle \u00e0 bijoux Collall\"}]},{\"@type\":\"WebSite\",\"@id\":\"https:\/\/collall.nl\/#website\",\"url\":\"https:\/\/collall.nl\/\",\"name\":\"Collall\",\"description\":\"Adhesives &amp; Paints since 1949\",\"publisher\":{\"@id\":\"https:\/\/collall.nl\/#organization\"},\"potentialAction\":[{\"@type\":\"SearchAction\",\"target\":{\"@type\":\"EntryPoint\",\"urlTemplate\":\"https:\/\/collall.nl\/?s={search_term_string}\"},\"query-input\":{\"@type\":\"PropertyValueSpecification\",\"valueRequired\":true,\"valueName\":\"search_term_string\"}}],\"inLanguage\":\"fr-FR\"},{\"@type\":\"Organization\",\"@id\":\"https:\/\/collall.nl\/#organization\",\"name\":\"Collall B.V.\",\"url\":\"https:\/\/collall.nl\/\",\"logo\":{\"@type\":\"ImageObject\",\"inLanguage\":\"fr-FR\",\"@id\":\"https:\/\/collall.nl\/#\/schema\/logo\/image\/\",\"url\":\"https:\/\/collall.nl\/wp-content\/uploads\/2022\/08\/Collall-logo-186C_Reflex-blue.jpg\",\"contentUrl\":\"https:\/\/collall.nl\/wp-content\/uploads\/2022\/08\/Collall-logo-186C_Reflex-blue.jpg\",\"width\":1963,\"height\":1179,\"caption\":\"Collall B.V.\"},\"image\":{\"@id\":\"https:\/\/collall.nl\/#\/schema\/logo\/image\/\"},\"sameAs\":[\"https:\/\/www.facebook.com\/people\/Collall\/100064976852539\/\",\"https:\/\/www.instagram.com\/collall_1949\/\",\"https:\/\/nl.pinterest.com\/CollallBV\/\",\"https:\/\/www.youtube.com\/channel\/UCrCGuwth_udZhTqJSh5g9zg\"]}]}<\/script>\n<!-- \/ Yoast SEO plugin. -->","yoast_head_json":{"title":"Colle \u00e0 bijoux Collall - Collall","description":"Colle \u00e0 bijoux Collall\u00a0 est une colle adh\u00e9sive forte et c\u2019est l\u2019indispensable\u00a0 pour fixer solidemment vos cr\u00e9ations ou r\u00e9parer des bijoux.","robots":{"index":"index","follow":"follow","max-snippet":"max-snippet:-1","max-image-preview":"max-image-preview:large","max-video-preview":"max-video-preview:-1"},"canonical":"https:\/\/collall.nl\/fr\/product\/colle-a-bijoux-collall\/","og_locale":"fr_FR","og_type":"article","og_title":"Colle \u00e0 bijoux Collall - Collall","og_description":"Colle \u00e0 bijoux Collall\u00a0 est une colle adh\u00e9sive forte et c\u2019est l\u2019indispensable\u00a0 pour fixer solidemment vos cr\u00e9ations ou r\u00e9parer des bijoux.","og_url":"https:\/\/collall.nl\/fr\/product\/colle-a-bijoux-collall\/","og_site_name":"Collall","article_publisher":"https:\/\/www.facebook.com\/people\/Collall\/100064976852539\/","article_modified_time":"2025-04-03T08:11:41+00:00","og_image":[{"width":800,"height":800,"url":"https:\/\/collall.nl\/wp-content\/uploads\/2022\/03\/COLJG0025.jpg","type":"image\/jpeg"}],"twitter_card":"summary_large_image","twitter_misc":{"Dur\u00e9e de lecture estim\u00e9e":"2 minutes"},"schema":{"@context":"https:\/\/schema.org","@graph":[{"@type":"WebPage","@id":"https:\/\/collall.nl\/fr\/product\/colle-a-bijoux-collall\/","url":"https:\/\/collall.nl\/fr\/product\/colle-a-bijoux-collall\/","name":"Colle \u00e0 bijoux Collall - Collall","isPartOf":{"@id":"https:\/\/collall.nl\/#website"},"primaryImageOfPage":{"@id":"https:\/\/collall.nl\/fr\/product\/colle-a-bijoux-collall\/#primaryimage"},"image":{"@id":"https:\/\/collall.nl\/fr\/product\/colle-a-bijoux-collall\/#primaryimage"},"thumbnailUrl":"https:\/\/collall.nl\/wp-content\/uploads\/2022\/03\/COLJG0025.jpg","datePublished":"2022-03-01T09:22:42+00:00","dateModified":"2025-04-03T08:11:41+00:00","description":"Colle \u00e0 bijoux Collall\u00a0 est une colle adh\u00e9sive forte et c\u2019est l\u2019indispensable\u00a0 pour fixer solidemment vos cr\u00e9ations ou r\u00e9parer des bijoux.","breadcrumb":{"@id":"https:\/\/collall.nl\/fr\/product\/colle-a-bijoux-collall\/#breadcrumb"},"inLanguage":"fr-FR","potentialAction":[{"@type":"ReadAction","target":["https:\/\/collall.nl\/fr\/product\/colle-a-bijoux-collall\/"]}]},{"@type":"ImageObject","inLanguage":"fr-FR","@id":"https:\/\/collall.nl\/fr\/product\/colle-a-bijoux-collall\/#primaryimage","url":"https:\/\/collall.nl\/wp-content\/uploads\/2022\/03\/COLJG0025.jpg","contentUrl":"https:\/\/collall.nl\/wp-content\/uploads\/2022\/03\/COLJG0025.jpg","width":800,"height":800},{"@type":"BreadcrumbList","@id":"https:\/\/collall.nl\/fr\/product\/colle-a-bijoux-collall\/#breadcrumb","itemListElement":[{"@type":"ListItem","position":1,"name":"Home","item":"https:\/\/collall.nl\/fr\/"},{"@type":"ListItem","position":2,"name":"Produits","item":"https:\/\/collall.nl\/fr\/produits\/"},{"@type":"ListItem","position":3,"name":"Colle \u00e0 bijoux Collall"}]},{"@type":"WebSite","@id":"https:\/\/collall.nl\/#website","url":"https:\/\/collall.nl\/","name":"Collall","description":"Adhesives &amp; Paints since 1949","publisher":{"@id":"https:\/\/collall.nl\/#organization"},"potentialAction":[{"@type":"SearchAction","target":{"@type":"EntryPoint","urlTemplate":"https:\/\/collall.nl\/?s={search_term_string}"},"query-input":{"@type":"PropertyValueSpecification","valueRequired":true,"valueName":"search_term_string"}}],"inLanguage":"fr-FR"},{"@type":"Organization","@id":"https:\/\/collall.nl\/#organization","name":"Collall B.V.","url":"https:\/\/collall.nl\/","logo":{"@type":"ImageObject","inLanguage":"fr-FR","@id":"https:\/\/collall.nl\/#\/schema\/logo\/image\/","url":"https:\/\/collall.nl\/wp-content\/uploads\/2022\/08\/Collall-logo-186C_Reflex-blue.jpg","contentUrl":"https:\/\/collall.nl\/wp-content\/uploads\/2022\/08\/Collall-logo-186C_Reflex-blue.jpg","width":1963,"height":1179,"caption":"Collall B.V."},"image":{"@id":"https:\/\/collall.nl\/#\/schema\/logo\/image\/"},"sameAs":["https:\/\/www.facebook.com\/people\/Collall\/100064976852539\/","https:\/\/www.instagram.com\/collall_1949\/","https:\/\/nl.pinterest.com\/CollallBV\/","https:\/\/www.youtube.com\/channel\/UCrCGuwth_udZhTqJSh5g9zg"]}]}},"_links":{"self":[{"href":"https:\/\/collall.nl\/fr\/wp-json\/wp\/v2\/product\/10754","targetHints":{"allow":["GET"]}}],"collection":[{"href":"https:\/\/collall.nl\/fr\/wp-json\/wp\/v2\/product"}],"about":[{"href":"https:\/\/collall.nl\/fr\/wp-json\/wp\/v2\/types\/product"}],"replies":[{"embeddable":true,"href":"https:\/\/collall.nl\/fr\/wp-json\/wp\/v2\/comments?post=10754"}],"wp:featuredmedia":[{"embeddable":true,"href":"https:\/\/collall.nl\/fr\/wp-json\/wp\/v2\/media\/18565"}],"wp:attachment":[{"href":"https:\/\/collall.nl\/fr\/wp-json\/wp\/v2\/media?parent=10754"}],"wp:term":[{"taxonomy":"product_brand","embeddable":true,"href":"https:\/\/collall.nl\/fr\/wp-json\/wp\/v2\/product_brand?post=10754"},{"taxonomy":"product_cat","embeddable":true,"href":"https:\/\/collall.nl\/fr\/wp-json\/wp\/v2\/product_cat?post=10754"},{"taxonomy":"product_tag","embeddable":true,"href":"https:\/\/collall.nl\/fr\/wp-json\/wp\/v2\/product_tag?post=10754"}],"curies":[{"name":"wp","href":"https:\/\/api.w.org\/{rel}","templated":true}]}}