{"id":10737,"date":"2022-03-01T09:22:35","date_gmt":"2022-03-01T09:22:36","guid":{"rendered":"http:\/\/collall.test\/product\/collall-colle-carte-de-voeux\/"},"modified":"2024-08-12T09:00:35","modified_gmt":"2024-08-12T07:00:35","slug":"collall-colle-carte-de-voeux","status":"publish","type":"product","link":"https:\/\/collall.nl\/fr\/product\/collall-colle-carte-de-voeux\/","title":{"rendered":"Collall Colle Carte de Voeux"},"content":{"rendered":"<p><strong>Type de colle :<\/strong>\u00a0100% sans acide la colle Collall COLWK0050 a \u00e9t\u00e9 sp\u00e9cialement d\u00e9velopp\u00e9e pour la cr\u00e9ation de cartes de v\u0153ux, ou d\u2019invitations. En plus de votre outillage habituel (ciseaux, r\u00e8gle, papier&#8230;) cette colle comptera parmi les basiques de votre \u00e9quipement. Appropri\u00e9e pour un collage sans plis, elle est repositionnable.<\/p>\n<p><strong>Aspect\u00a0:<\/strong><\/p>\n<ul>\n<li>\u0095 Transparente et mat<\/li>\n<li>\u0095 Sans acide<\/li>\n<li>\u0095\u00a0Ne plisse pas<\/li>\n<li>\u0095 S\u00e9chage rapide<\/li>\n<li>\u0095\u00a0Repositionnable<\/li>\n<li>\u0095 Facile \u00e0 enlever<\/li>\n<\/ul>\n<p><strong>Solvant :<\/strong>\u00a0alcool \u00e0 point d\u2019\u00e9bullition<\/p>\n<p><strong>Ingr\u00e9dient principal\u00a0:<\/strong>\u00a0caoutchouc naturel<\/p>\n<p><strong>PH :<\/strong>\u00a0+\/- 6<\/p>\n<p><strong>Densit\u00e9\u00a0:<\/strong>\u00a00.70 kg \/ dm3<\/p>\n<p><strong>Application :<\/strong> pour un collage sans plis et un repositionnement du papier, de cartes et de cartons.<\/p>\n<p><strong>Proc\u00e9d\u00e9 : <\/strong>appliquez la colle en divers points sur la surface et laissez s\u00e9cher un certain temps. Collez les 2 surfaces ensemble. Pour une meilleure adh\u00e9rence appliquez la colle sur les 2 surfaces \u00e0 assembler. Le solvant de cette colle peut endommager les mat\u00e9riaux peints. Essayez au pr\u00e9alable sur un endroit discret.<\/p>\n<p><img loading=\"lazy\" decoding=\"async\" class=\"alignnone size-medium wp-image-27539 lazy loaded\" src=\"https:\/\/collall.nl\/wp-content\/uploads\/2022\/03\/Collall-Gevarendriehoeken-Fotolijm-300x100.jpg\" sizes=\"auto, (max-width: 300px) 100vw, 300px\" srcset=\"https:\/\/collall.nl\/wp-content\/uploads\/2022\/03\/Collall-Gevarendriehoeken-Fotolijm-300x100.jpg 300w, https:\/\/collall.nl\/wp-content\/uploads\/2022\/03\/Collall-Gevarendriehoeken-Fotolijm-420x139.jpg 420w, https:\/\/collall.nl\/wp-content\/uploads\/2022\/03\/Collall-Gevarendriehoeken-Fotolijm-600x199.jpg 600w, https:\/\/collall.nl\/wp-content\/uploads\/2022\/03\/Collall-Gevarendriehoeken-Fotolijm.jpg 612w\" alt=\"\" width=\"300\" height=\"100\" data-src=\"https:\/\/collall.nl\/wp-content\/uploads\/2022\/03\/Collall-Gevarendriehoeken-Fotolijm-300x100.jpg\" data-srcset=\"https:\/\/collall.nl\/wp-content\/uploads\/2022\/03\/Collall-Gevarendriehoeken-Fotolijm-300x100.jpg 300w, https:\/\/collall.nl\/wp-content\/uploads\/2022\/03\/Collall-Gevarendriehoeken-Fotolijm-420x139.jpg 420w, https:\/\/collall.nl\/wp-content\/uploads\/2022\/03\/Collall-Gevarendriehoeken-Fotolijm-600x199.jpg 600w, https:\/\/collall.nl\/wp-content\/uploads\/2022\/03\/Collall-Gevarendriehoeken-Fotolijm.jpg 612w\" data-sizes=\"(max-width: 300px) 100vw, 300px\" data-was-processed=\"true\" \/><\/p>\n<p><strong>Danger!<\/strong>\u00a0Contient: Hydrocarbons, C6-C7, n-alkanes, isoalkanes, cyclics, &lt;5% n-hexane.<\/p>\n<p>Liquide et vapeurs tr\u00e8s inflammables. Provoque une irritation cutan\u00e9e. Peut provoquer somnolence ou vertiges. Toxique pour les organismes aquatiques, entra\u00eene des effets n\u00e9fastes \u00e0 long terme. En cas de consultation d\u2019un m\u00e9decin, garder \u00e0 disposition le r\u00e9cipient ou l\u2019\u00e9tiquette. Tenir hors de port\u00e9e des enfants. Lire attentivement et bien respecter toutes les instructions. Tenir \u00e0 l\u2019\u00e9cart de la chaleur, des surfaces chaudes, des \u00e9tincelles, des flammes nues et de toute autre source d\u2019inflammation. Ne pas fumer. \u00c9viter de respirer les vapeurs. \u00c9viter le rejet dans l\u2019environnement. EN CAS DE CONTACT AVEC LA PEAU (ou les cheveux): Enlever imm\u00e9diatement tous les v\u00eatements contamin\u00e9s. Rincer la peau \u00e0 l\u2019eau [ou se doucher]. Stocker dans un endroit bien ventil\u00e9. Maintenir le r\u00e9cipient ferm\u00e9 de mani\u00e8re \u00e9tanche. \u00c9liminer le contenu\/r\u00e9cipient conform\u00e9ment \u00e0 la r\u00e9glementation locale\/r\u00e9gionale\/nationale\/internationale.<\/p>\n<p><strong>Recommand\u00e9 :<\/strong>\u00a06+<\/p>\n<p><strong>Nettoyage\u00a0\/ t\u00e2ches\u00a0:<\/strong>\u00a0les outils peuvent \u00eatre nettoy\u00e9s avec un diluant \u00e0 colle, un alcool nettoyant ou du white spirit. Les traces de colle peuvent \u00eatre facilement enlev\u00e9es de nombreux mat\u00e9riaux ou avec une gomme \u00e0 colle. Dur\u00e9e de conservation : au moins 6 mois si le produit est correctement conserv\u00e9 dans son emballage d\u2019origine et dans un endroit frais, sec et \u00e0 l\u2019abri du gel.<\/p>\n<p>&nbsp;<\/p>\n","protected":false},"excerpt":{"rendered":"<p>100% sans acide, a \u00e9t\u00e9 sp\u00e9cialement d\u00e9velopp\u00e9e pour la cr\u00e9ation de cartes de v\u0153ux.<\/p>\n","protected":false},"featured_media":17896,"comment_status":"open","ping_status":"closed","template":"","meta":{"_acf_changed":false},"product_brand":[],"product_cat":[174],"product_tag":[],"class_list":{"0":"post-10737","1":"product","2":"type-product","3":"status-publish","4":"has-post-thumbnail","6":"product_cat-colle-et-vernis-colle","8":"first","9":"instock","10":"shipping-taxable","11":"purchasable","12":"product-type-variable"},"acf":[],"yoast_head":"<!-- This site is optimized with the Yoast SEO plugin v27.2 - https:\/\/yoast.com\/product\/yoast-seo-wordpress\/ -->\n<title>Collall Colle Carte de Voeux - Collall<\/title>\n<meta name=\"robots\" content=\"index, follow, max-snippet:-1, max-image-preview:large, max-video-preview:-1\" \/>\n<link rel=\"canonical\" href=\"https:\/\/collall.nl\/fr\/product\/collall-colle-carte-de-voeux\/\" \/>\n<meta property=\"og:locale\" content=\"fr_FR\" \/>\n<meta property=\"og:type\" content=\"article\" \/>\n<meta property=\"og:title\" content=\"Collall Colle Carte de Voeux - Collall\" \/>\n<meta property=\"og:description\" content=\"100% sans acide, a \u00e9t\u00e9 sp\u00e9cialement d\u00e9velopp\u00e9e pour la cr\u00e9ation de cartes de v\u0153ux.\" \/>\n<meta property=\"og:url\" content=\"https:\/\/collall.nl\/fr\/product\/collall-colle-carte-de-voeux\/\" \/>\n<meta property=\"og:site_name\" content=\"Collall\" \/>\n<meta property=\"article:publisher\" content=\"https:\/\/www.facebook.com\/people\/Collall\/100064976852539\/\" \/>\n<meta property=\"article:modified_time\" content=\"2024-08-12T07:00:35+00:00\" \/>\n<meta property=\"og:image\" content=\"https:\/\/collall.nl\/wp-content\/uploads\/2022\/03\/COLWK0050.jpg\" \/>\n\t<meta property=\"og:image:width\" content=\"1000\" \/>\n\t<meta property=\"og:image:height\" content=\"1000\" \/>\n\t<meta property=\"og:image:type\" content=\"image\/jpeg\" \/>\n<meta name=\"twitter:card\" content=\"summary_large_image\" \/>\n<meta name=\"twitter:label1\" content=\"Dur\u00e9e de lecture estim\u00e9e\" \/>\n\t<meta name=\"twitter:data1\" content=\"2 minutes\" \/>\n<script type=\"application\/ld+json\" class=\"yoast-schema-graph\">{\"@context\":\"https:\/\/schema.org\",\"@graph\":[{\"@type\":\"WebPage\",\"@id\":\"https:\/\/collall.nl\/fr\/product\/collall-colle-carte-de-voeux\/\",\"url\":\"https:\/\/collall.nl\/fr\/product\/collall-colle-carte-de-voeux\/\",\"name\":\"Collall Colle Carte de Voeux - Collall\",\"isPartOf\":{\"@id\":\"https:\/\/collall.nl\/#website\"},\"primaryImageOfPage\":{\"@id\":\"https:\/\/collall.nl\/fr\/product\/collall-colle-carte-de-voeux\/#primaryimage\"},\"image\":{\"@id\":\"https:\/\/collall.nl\/fr\/product\/collall-colle-carte-de-voeux\/#primaryimage\"},\"thumbnailUrl\":\"https:\/\/collall.nl\/wp-content\/uploads\/2022\/03\/COLWK0050.jpg\",\"datePublished\":\"2022-03-01T09:22:36+00:00\",\"dateModified\":\"2024-08-12T07:00:35+00:00\",\"breadcrumb\":{\"@id\":\"https:\/\/collall.nl\/fr\/product\/collall-colle-carte-de-voeux\/#breadcrumb\"},\"inLanguage\":\"fr-FR\",\"potentialAction\":[{\"@type\":\"ReadAction\",\"target\":[\"https:\/\/collall.nl\/fr\/product\/collall-colle-carte-de-voeux\/\"]}]},{\"@type\":\"ImageObject\",\"inLanguage\":\"fr-FR\",\"@id\":\"https:\/\/collall.nl\/fr\/product\/collall-colle-carte-de-voeux\/#primaryimage\",\"url\":\"https:\/\/collall.nl\/wp-content\/uploads\/2022\/03\/COLWK0050.jpg\",\"contentUrl\":\"https:\/\/collall.nl\/wp-content\/uploads\/2022\/03\/COLWK0050.jpg\",\"width\":1000,\"height\":1000,\"caption\":\"COLWK0050\"},{\"@type\":\"BreadcrumbList\",\"@id\":\"https:\/\/collall.nl\/fr\/product\/collall-colle-carte-de-voeux\/#breadcrumb\",\"itemListElement\":[{\"@type\":\"ListItem\",\"position\":1,\"name\":\"Home\",\"item\":\"https:\/\/collall.nl\/fr\/\"},{\"@type\":\"ListItem\",\"position\":2,\"name\":\"Produits\",\"item\":\"https:\/\/collall.nl\/fr\/produits\/\"},{\"@type\":\"ListItem\",\"position\":3,\"name\":\"Collall Colle Carte de Voeux\"}]},{\"@type\":\"WebSite\",\"@id\":\"https:\/\/collall.nl\/#website\",\"url\":\"https:\/\/collall.nl\/\",\"name\":\"Collall\",\"description\":\"Adhesives &amp; Paints since 1949\",\"publisher\":{\"@id\":\"https:\/\/collall.nl\/#organization\"},\"potentialAction\":[{\"@type\":\"SearchAction\",\"target\":{\"@type\":\"EntryPoint\",\"urlTemplate\":\"https:\/\/collall.nl\/?s={search_term_string}\"},\"query-input\":{\"@type\":\"PropertyValueSpecification\",\"valueRequired\":true,\"valueName\":\"search_term_string\"}}],\"inLanguage\":\"fr-FR\"},{\"@type\":\"Organization\",\"@id\":\"https:\/\/collall.nl\/#organization\",\"name\":\"Collall B.V.\",\"url\":\"https:\/\/collall.nl\/\",\"logo\":{\"@type\":\"ImageObject\",\"inLanguage\":\"fr-FR\",\"@id\":\"https:\/\/collall.nl\/#\/schema\/logo\/image\/\",\"url\":\"https:\/\/collall.nl\/wp-content\/uploads\/2022\/08\/Collall-logo-186C_Reflex-blue.jpg\",\"contentUrl\":\"https:\/\/collall.nl\/wp-content\/uploads\/2022\/08\/Collall-logo-186C_Reflex-blue.jpg\",\"width\":1963,\"height\":1179,\"caption\":\"Collall B.V.\"},\"image\":{\"@id\":\"https:\/\/collall.nl\/#\/schema\/logo\/image\/\"},\"sameAs\":[\"https:\/\/www.facebook.com\/people\/Collall\/100064976852539\/\",\"https:\/\/www.instagram.com\/collall_1949\/\",\"https:\/\/nl.pinterest.com\/CollallBV\/\",\"https:\/\/www.youtube.com\/channel\/UCrCGuwth_udZhTqJSh5g9zg\"]}]}<\/script>\n<!-- \/ Yoast SEO plugin. -->","yoast_head_json":{"title":"Collall Colle Carte de Voeux - Collall","robots":{"index":"index","follow":"follow","max-snippet":"max-snippet:-1","max-image-preview":"max-image-preview:large","max-video-preview":"max-video-preview:-1"},"canonical":"https:\/\/collall.nl\/fr\/product\/collall-colle-carte-de-voeux\/","og_locale":"fr_FR","og_type":"article","og_title":"Collall Colle Carte de Voeux - Collall","og_description":"100% sans acide, a \u00e9t\u00e9 sp\u00e9cialement d\u00e9velopp\u00e9e pour la cr\u00e9ation de cartes de v\u0153ux.","og_url":"https:\/\/collall.nl\/fr\/product\/collall-colle-carte-de-voeux\/","og_site_name":"Collall","article_publisher":"https:\/\/www.facebook.com\/people\/Collall\/100064976852539\/","article_modified_time":"2024-08-12T07:00:35+00:00","og_image":[{"width":1000,"height":1000,"url":"https:\/\/collall.nl\/wp-content\/uploads\/2022\/03\/COLWK0050.jpg","type":"image\/jpeg"}],"twitter_card":"summary_large_image","twitter_misc":{"Dur\u00e9e de lecture estim\u00e9e":"2 minutes"},"schema":{"@context":"https:\/\/schema.org","@graph":[{"@type":"WebPage","@id":"https:\/\/collall.nl\/fr\/product\/collall-colle-carte-de-voeux\/","url":"https:\/\/collall.nl\/fr\/product\/collall-colle-carte-de-voeux\/","name":"Collall Colle Carte de Voeux - Collall","isPartOf":{"@id":"https:\/\/collall.nl\/#website"},"primaryImageOfPage":{"@id":"https:\/\/collall.nl\/fr\/product\/collall-colle-carte-de-voeux\/#primaryimage"},"image":{"@id":"https:\/\/collall.nl\/fr\/product\/collall-colle-carte-de-voeux\/#primaryimage"},"thumbnailUrl":"https:\/\/collall.nl\/wp-content\/uploads\/2022\/03\/COLWK0050.jpg","datePublished":"2022-03-01T09:22:36+00:00","dateModified":"2024-08-12T07:00:35+00:00","breadcrumb":{"@id":"https:\/\/collall.nl\/fr\/product\/collall-colle-carte-de-voeux\/#breadcrumb"},"inLanguage":"fr-FR","potentialAction":[{"@type":"ReadAction","target":["https:\/\/collall.nl\/fr\/product\/collall-colle-carte-de-voeux\/"]}]},{"@type":"ImageObject","inLanguage":"fr-FR","@id":"https:\/\/collall.nl\/fr\/product\/collall-colle-carte-de-voeux\/#primaryimage","url":"https:\/\/collall.nl\/wp-content\/uploads\/2022\/03\/COLWK0050.jpg","contentUrl":"https:\/\/collall.nl\/wp-content\/uploads\/2022\/03\/COLWK0050.jpg","width":1000,"height":1000,"caption":"COLWK0050"},{"@type":"BreadcrumbList","@id":"https:\/\/collall.nl\/fr\/product\/collall-colle-carte-de-voeux\/#breadcrumb","itemListElement":[{"@type":"ListItem","position":1,"name":"Home","item":"https:\/\/collall.nl\/fr\/"},{"@type":"ListItem","position":2,"name":"Produits","item":"https:\/\/collall.nl\/fr\/produits\/"},{"@type":"ListItem","position":3,"name":"Collall Colle Carte de Voeux"}]},{"@type":"WebSite","@id":"https:\/\/collall.nl\/#website","url":"https:\/\/collall.nl\/","name":"Collall","description":"Adhesives &amp; Paints since 1949","publisher":{"@id":"https:\/\/collall.nl\/#organization"},"potentialAction":[{"@type":"SearchAction","target":{"@type":"EntryPoint","urlTemplate":"https:\/\/collall.nl\/?s={search_term_string}"},"query-input":{"@type":"PropertyValueSpecification","valueRequired":true,"valueName":"search_term_string"}}],"inLanguage":"fr-FR"},{"@type":"Organization","@id":"https:\/\/collall.nl\/#organization","name":"Collall B.V.","url":"https:\/\/collall.nl\/","logo":{"@type":"ImageObject","inLanguage":"fr-FR","@id":"https:\/\/collall.nl\/#\/schema\/logo\/image\/","url":"https:\/\/collall.nl\/wp-content\/uploads\/2022\/08\/Collall-logo-186C_Reflex-blue.jpg","contentUrl":"https:\/\/collall.nl\/wp-content\/uploads\/2022\/08\/Collall-logo-186C_Reflex-blue.jpg","width":1963,"height":1179,"caption":"Collall B.V."},"image":{"@id":"https:\/\/collall.nl\/#\/schema\/logo\/image\/"},"sameAs":["https:\/\/www.facebook.com\/people\/Collall\/100064976852539\/","https:\/\/www.instagram.com\/collall_1949\/","https:\/\/nl.pinterest.com\/CollallBV\/","https:\/\/www.youtube.com\/channel\/UCrCGuwth_udZhTqJSh5g9zg"]}]}},"_links":{"self":[{"href":"https:\/\/collall.nl\/fr\/wp-json\/wp\/v2\/product\/10737","targetHints":{"allow":["GET"]}}],"collection":[{"href":"https:\/\/collall.nl\/fr\/wp-json\/wp\/v2\/product"}],"about":[{"href":"https:\/\/collall.nl\/fr\/wp-json\/wp\/v2\/types\/product"}],"replies":[{"embeddable":true,"href":"https:\/\/collall.nl\/fr\/wp-json\/wp\/v2\/comments?post=10737"}],"wp:featuredmedia":[{"embeddable":true,"href":"https:\/\/collall.nl\/fr\/wp-json\/wp\/v2\/media\/17896"}],"wp:attachment":[{"href":"https:\/\/collall.nl\/fr\/wp-json\/wp\/v2\/media?parent=10737"}],"wp:term":[{"taxonomy":"product_brand","embeddable":true,"href":"https:\/\/collall.nl\/fr\/wp-json\/wp\/v2\/product_brand?post=10737"},{"taxonomy":"product_cat","embeddable":true,"href":"https:\/\/collall.nl\/fr\/wp-json\/wp\/v2\/product_cat?post=10737"},{"taxonomy":"product_tag","embeddable":true,"href":"https:\/\/collall.nl\/fr\/wp-json\/wp\/v2\/product_tag?post=10737"}],"curies":[{"name":"wp","href":"https:\/\/api.w.org\/{rel}","templated":true}]}}