{"id":10700,"date":"2022-03-01T09:22:27","date_gmt":"2022-03-01T09:22:29","guid":{"rendered":"http:\/\/collall.test\/product\/collall-colle-eco-enfants\/"},"modified":"2025-03-17T16:08:24","modified_gmt":"2025-03-17T15:08:24","slug":"collall-colle-eco-enfants","status":"publish","type":"product","link":"https:\/\/collall.nl\/fr\/product\/collall-colle-eco-enfants\/","title":{"rendered":"Collall Colle Eco Enfants"},"content":{"rendered":"<p><strong>Type de colle:\u00a0<\/strong> Une colle naturelle, liquide, \u00e1 base de pomme de terre, dilu\u00e9es dans l&rsquo;eau.<\/p>\n<p><strong>Propri\u00e9t\u00e9s:<\/strong><\/p>\n<ul>\n<li>liquide transparent clair<\/li>\n<li>Sans odeur<\/li>\n<li>r\u00e9versible<\/li>\n<li>Facilement lavable<\/li>\n<\/ul>\n<p data-start=\"27\" data-end=\"54\"><strong>Ingr\u00e9dients naturels :<\/strong> 99%<\/p>\n<p data-start=\"56\" data-end=\"79\" data-is-last-node=\"\" data-is-only-node=\"\"><strong>Viscosit\u00e9 :<\/strong> 3.000 mPa.s<\/p>\n<p><strong>pH :<\/strong> \u00a05,5<\/p>\n<p><strong>Densit\u00e9:<\/strong> 1.05 Kg\/dm\u00b3<\/p>\n<p><strong>Solvant :<\/strong> eau<\/p>\n<p><strong>Ingr\u00e9dient principal : <\/strong>d\u00e9riv\u00e9 d&rsquo;amidon<\/p>\n<p><strong>CE:<\/strong> oui<\/p>\n<p><strong>Les usages :<\/strong>\u00a0collage du papier, du carton, du li\u00e8ge, du bois, mousse de polystyr\u00e8ne, les plastiques l\u00e9gers.<\/p>\n<p><strong>Allerg\u00e8nes :<\/strong> non<\/p>\n<p><strong>Convient \u00e0 : <\/strong>enfants \u00e2g\u00e9s de 3 ans et plus.<\/p>\n<p><strong>Taches<\/strong> : facilement lavable \u00e0 l&rsquo;eau froide ou dans la machine \u00e0 laver.<\/p>\n<p>&nbsp;<\/p>\n<p><img loading=\"lazy\" decoding=\"async\" class=\"alignnone wp-image-25942\" src=\"https:\/\/collall.nl\/wp-content\/uploads\/2022\/03\/Collall-eco-kinderlijm-illustratie-300x126.jpg\" alt=\" Collall-eco-kinderlijm-illustratie\" width=\"750\" height=\"315\" srcset=\"https:\/\/collall.nl\/wp-content\/uploads\/2022\/03\/Collall-eco-kinderlijm-illustratie-300x126.jpg 300w, https:\/\/collall.nl\/wp-content\/uploads\/2022\/03\/Collall-eco-kinderlijm-illustratie-420x176.jpg 420w, https:\/\/collall.nl\/wp-content\/uploads\/2022\/03\/Collall-eco-kinderlijm-illustratie-600x252.jpg 600w, https:\/\/collall.nl\/wp-content\/uploads\/2022\/03\/Collall-eco-kinderlijm-illustratie.jpg 714w\" sizes=\"auto, (max-width: 750px) 100vw, 750px\" \/><\/p>\n<p>Collall Eco Kinderlijm est compos\u00e9 \u00e0 99 % d\u2019ingr\u00e9dients naturels. Cette colle naturelle, sans odeur et \u00e0 base d&rsquo;eau, est un choix respectueux pour tous les projets d\u2019artisanat et de bricolage pour les enfants.<\/p>\n<p>Avec cette colle pour enfants, les enfants peuvent coller et bricoler \u00e0 leur guise. Que ce soit du papier, du carton, du li\u00e8ge, du polystyr\u00e8ne ou divers mat\u00e9riaux l\u00e9gers (plastiques), Eco Kinderlijm offre une adh\u00e9sion durable pour toutes les aventures cr\u00e9atives \u00e0 l&rsquo;\u00e9cole et \u00e0 la maison.<\/p>\n<h4><strong>Pourquoi choisir une colle naturelle comme Eco Kinderlijm ?<\/strong><\/h4>\n<h6>Les avantages sont nombreux !<\/h6>\n<ul>\n<li><strong>Sp\u00e9cialement pour les enfants :<\/strong> Gr\u00e2ce \u00e0 sa formule naturelle, exempte de produits chimiques nocifs, Eco Kinderlijm peut \u00eatre utilis\u00e9 par des enfants de tous \u00e2ges \u00e0 partir de 3 ans. La colle est facilement lavable.<\/li>\n<li><strong>Sources naturelles :<\/strong> Les mati\u00e8res premi\u00e8res proviennent \u00e0 99 % de sources naturelles, avec comme principal ingr\u00e9dient de la dextrine de pomme de terre.<\/li>\n<li><strong>Inodore et adapt\u00e9 \u00e0 un usage int\u00e9rieur :<\/strong> Eco Kinderlijm n\u2019a pas d\u2019odeur forte, ce qui le rend id\u00e9al pour une utilisation dans les salles de classe.<\/li>\n<li><strong>Efficacit\u00e9 :<\/strong> Collall Eco Kinderlijm prouve qu&rsquo;une colle compos\u00e9e naturellement peut \u00e9galement \u00eatre tr\u00e8s efficace. Sa forte teneur en mati\u00e8res solides en fait une colle de qualit\u00e9 exceptionnelle, garantissant que vos cr\u00e9ations restent bien en place.<\/li>\n<li><strong>Biod\u00e9gradabilit\u00e9 :<\/strong> C&rsquo;est une caract\u00e9ristique essentielle de notre produit.<\/li>\n<li><strong>Remplissage :<\/strong> Vous pouvez facilement remplir les bouteilles vides de 100 ml avec Eco Kinderlijm \u00e0 partir de nos grands emballages de 1 ou 5 litres. Des pompes \u00e0 colle pratiques sont disponibles pour les bidons, vous permettant de remplir rapidement et proprement toutes les bouteilles vides dans la classe.<\/li>\n<\/ul>\n<p>En r\u00e9sum\u00e9, il y a suffisamment de raisons de choisir Collall Eco Kinderlijm.<\/p>\n<p>D\u00e9couvrez la combinaison parfaite de puissance, de durabilit\u00e9 et de respect de l&rsquo;environnement pour tous les travaux d&rsquo;artisanat \u00e0 la maison, \u00e0 la table de cuisine et \u00e0 l&rsquo;\u00e9cole.<\/p>\n<p><strong>Autres colles pour enfants de la gamme Collall :<\/strong><\/p>\n<ul>\n<li><a href=\"https:\/\/collall.nl\/fr\/product\/collall-colle-enfants\/\" target=\"_blank\" rel=\"noopener\">Collall Colle Enfants<\/a><\/li>\n<li><a href=\"https:\/\/collall.nl\/fr\/product\/collall-colle-gel\/\" target=\"_blank\" rel=\"noopener\">Collall Colle Gel<\/a><\/li>\n<li><a href=\"https:\/\/collall.nl\/fr\/product\/collall-playcoll-2\/\" target=\"_blank\" rel=\"noopener\">Collall Playcoll<\/a><\/li>\n<li><a href=\"https:\/\/collall.nl\/fr\/product\/collall-colle-deveil\/\" target=\"_blank\" rel=\"noopener\">Collall Colle d&rsquo;Eveil<\/a><\/li>\n<li><a href=\"https:\/\/collall.nl\/fr\/product\/collall-colle-blanche-solide\/\" target=\"_blank\" rel=\"noopener\">Collall Colle Blanche Solide<\/a><\/li>\n<\/ul>\n","protected":false},"excerpt":{"rendered":"<p>Une colle naturelle, liquide, \u00e1 base de d\u00e9riv\u00e9 d&rsquo;amidon, dilu\u00e9es dans l&rsquo;eau.<\/p>\n","protected":false},"featured_media":18701,"comment_status":"open","ping_status":"closed","template":"","meta":{"_acf_changed":false},"product_brand":[],"product_cat":[174],"product_tag":[],"class_list":{"0":"post-10700","1":"product","2":"type-product","3":"status-publish","4":"has-post-thumbnail","6":"product_cat-colle-et-vernis-colle","8":"first","9":"instock","10":"shipping-taxable","11":"purchasable","12":"product-type-variable"},"acf":[],"yoast_head":"<!-- This site is optimized with the Yoast SEO plugin v27.2 - https:\/\/yoast.com\/product\/yoast-seo-wordpress\/ -->\n<title>Collall Colle Eco Enfants - Collall<\/title>\n<meta name=\"robots\" content=\"index, follow, max-snippet:-1, max-image-preview:large, max-video-preview:-1\" \/>\n<link rel=\"canonical\" href=\"https:\/\/collall.nl\/fr\/product\/collall-colle-eco-enfants\/\" \/>\n<meta property=\"og:locale\" content=\"fr_FR\" \/>\n<meta property=\"og:type\" content=\"article\" \/>\n<meta property=\"og:title\" content=\"Collall Colle Eco Enfants - Collall\" \/>\n<meta property=\"og:description\" content=\"Une colle naturelle, liquide, \u00e1 base de d\u00e9riv\u00e9 d&#039;amidon, dilu\u00e9es dans l&#039;eau.\" \/>\n<meta property=\"og:url\" content=\"https:\/\/collall.nl\/fr\/product\/collall-colle-eco-enfants\/\" \/>\n<meta property=\"og:site_name\" content=\"Collall\" \/>\n<meta property=\"article:publisher\" content=\"https:\/\/www.facebook.com\/people\/Collall\/100064976852539\/\" \/>\n<meta property=\"article:modified_time\" content=\"2025-03-17T15:08:24+00:00\" \/>\n<meta property=\"og:image\" content=\"https:\/\/collall.nl\/wp-content\/uploads\/2022\/03\/COLKE0100.jpg\" \/>\n\t<meta property=\"og:image:width\" content=\"800\" \/>\n\t<meta property=\"og:image:height\" content=\"800\" \/>\n\t<meta property=\"og:image:type\" content=\"image\/jpeg\" \/>\n<meta name=\"twitter:card\" content=\"summary_large_image\" \/>\n<meta name=\"twitter:label1\" content=\"Dur\u00e9e de lecture estim\u00e9e\" \/>\n\t<meta name=\"twitter:data1\" content=\"3 minutes\" \/>\n<script type=\"application\/ld+json\" class=\"yoast-schema-graph\">{\"@context\":\"https:\/\/schema.org\",\"@graph\":[{\"@type\":\"WebPage\",\"@id\":\"https:\/\/collall.nl\/fr\/product\/collall-colle-eco-enfants\/\",\"url\":\"https:\/\/collall.nl\/fr\/product\/collall-colle-eco-enfants\/\",\"name\":\"Collall Colle Eco Enfants - Collall\",\"isPartOf\":{\"@id\":\"https:\/\/collall.nl\/#website\"},\"primaryImageOfPage\":{\"@id\":\"https:\/\/collall.nl\/fr\/product\/collall-colle-eco-enfants\/#primaryimage\"},\"image\":{\"@id\":\"https:\/\/collall.nl\/fr\/product\/collall-colle-eco-enfants\/#primaryimage\"},\"thumbnailUrl\":\"https:\/\/collall.nl\/wp-content\/uploads\/2022\/03\/COLKE0100.jpg\",\"datePublished\":\"2022-03-01T09:22:29+00:00\",\"dateModified\":\"2025-03-17T15:08:24+00:00\",\"breadcrumb\":{\"@id\":\"https:\/\/collall.nl\/fr\/product\/collall-colle-eco-enfants\/#breadcrumb\"},\"inLanguage\":\"fr-FR\",\"potentialAction\":[{\"@type\":\"ReadAction\",\"target\":[\"https:\/\/collall.nl\/fr\/product\/collall-colle-eco-enfants\/\"]}]},{\"@type\":\"ImageObject\",\"inLanguage\":\"fr-FR\",\"@id\":\"https:\/\/collall.nl\/fr\/product\/collall-colle-eco-enfants\/#primaryimage\",\"url\":\"https:\/\/collall.nl\/wp-content\/uploads\/2022\/03\/COLKE0100.jpg\",\"contentUrl\":\"https:\/\/collall.nl\/wp-content\/uploads\/2022\/03\/COLKE0100.jpg\",\"width\":800,\"height\":800},{\"@type\":\"BreadcrumbList\",\"@id\":\"https:\/\/collall.nl\/fr\/product\/collall-colle-eco-enfants\/#breadcrumb\",\"itemListElement\":[{\"@type\":\"ListItem\",\"position\":1,\"name\":\"Home\",\"item\":\"https:\/\/collall.nl\/fr\/\"},{\"@type\":\"ListItem\",\"position\":2,\"name\":\"Produits\",\"item\":\"https:\/\/collall.nl\/fr\/produits\/\"},{\"@type\":\"ListItem\",\"position\":3,\"name\":\"Collall Colle Eco Enfants\"}]},{\"@type\":\"WebSite\",\"@id\":\"https:\/\/collall.nl\/#website\",\"url\":\"https:\/\/collall.nl\/\",\"name\":\"Collall\",\"description\":\"Adhesives &amp; Paints since 1949\",\"publisher\":{\"@id\":\"https:\/\/collall.nl\/#organization\"},\"potentialAction\":[{\"@type\":\"SearchAction\",\"target\":{\"@type\":\"EntryPoint\",\"urlTemplate\":\"https:\/\/collall.nl\/?s={search_term_string}\"},\"query-input\":{\"@type\":\"PropertyValueSpecification\",\"valueRequired\":true,\"valueName\":\"search_term_string\"}}],\"inLanguage\":\"fr-FR\"},{\"@type\":\"Organization\",\"@id\":\"https:\/\/collall.nl\/#organization\",\"name\":\"Collall B.V.\",\"url\":\"https:\/\/collall.nl\/\",\"logo\":{\"@type\":\"ImageObject\",\"inLanguage\":\"fr-FR\",\"@id\":\"https:\/\/collall.nl\/#\/schema\/logo\/image\/\",\"url\":\"https:\/\/collall.nl\/wp-content\/uploads\/2022\/08\/Collall-logo-186C_Reflex-blue.jpg\",\"contentUrl\":\"https:\/\/collall.nl\/wp-content\/uploads\/2022\/08\/Collall-logo-186C_Reflex-blue.jpg\",\"width\":1963,\"height\":1179,\"caption\":\"Collall B.V.\"},\"image\":{\"@id\":\"https:\/\/collall.nl\/#\/schema\/logo\/image\/\"},\"sameAs\":[\"https:\/\/www.facebook.com\/people\/Collall\/100064976852539\/\",\"https:\/\/www.instagram.com\/collall_1949\/\",\"https:\/\/nl.pinterest.com\/CollallBV\/\",\"https:\/\/www.youtube.com\/channel\/UCrCGuwth_udZhTqJSh5g9zg\"]}]}<\/script>\n<!-- \/ Yoast SEO plugin. -->","yoast_head_json":{"title":"Collall Colle Eco Enfants - Collall","robots":{"index":"index","follow":"follow","max-snippet":"max-snippet:-1","max-image-preview":"max-image-preview:large","max-video-preview":"max-video-preview:-1"},"canonical":"https:\/\/collall.nl\/fr\/product\/collall-colle-eco-enfants\/","og_locale":"fr_FR","og_type":"article","og_title":"Collall Colle Eco Enfants - Collall","og_description":"Une colle naturelle, liquide, \u00e1 base de d\u00e9riv\u00e9 d'amidon, dilu\u00e9es dans l'eau.","og_url":"https:\/\/collall.nl\/fr\/product\/collall-colle-eco-enfants\/","og_site_name":"Collall","article_publisher":"https:\/\/www.facebook.com\/people\/Collall\/100064976852539\/","article_modified_time":"2025-03-17T15:08:24+00:00","og_image":[{"width":800,"height":800,"url":"https:\/\/collall.nl\/wp-content\/uploads\/2022\/03\/COLKE0100.jpg","type":"image\/jpeg"}],"twitter_card":"summary_large_image","twitter_misc":{"Dur\u00e9e de lecture estim\u00e9e":"3 minutes"},"schema":{"@context":"https:\/\/schema.org","@graph":[{"@type":"WebPage","@id":"https:\/\/collall.nl\/fr\/product\/collall-colle-eco-enfants\/","url":"https:\/\/collall.nl\/fr\/product\/collall-colle-eco-enfants\/","name":"Collall Colle Eco Enfants - Collall","isPartOf":{"@id":"https:\/\/collall.nl\/#website"},"primaryImageOfPage":{"@id":"https:\/\/collall.nl\/fr\/product\/collall-colle-eco-enfants\/#primaryimage"},"image":{"@id":"https:\/\/collall.nl\/fr\/product\/collall-colle-eco-enfants\/#primaryimage"},"thumbnailUrl":"https:\/\/collall.nl\/wp-content\/uploads\/2022\/03\/COLKE0100.jpg","datePublished":"2022-03-01T09:22:29+00:00","dateModified":"2025-03-17T15:08:24+00:00","breadcrumb":{"@id":"https:\/\/collall.nl\/fr\/product\/collall-colle-eco-enfants\/#breadcrumb"},"inLanguage":"fr-FR","potentialAction":[{"@type":"ReadAction","target":["https:\/\/collall.nl\/fr\/product\/collall-colle-eco-enfants\/"]}]},{"@type":"ImageObject","inLanguage":"fr-FR","@id":"https:\/\/collall.nl\/fr\/product\/collall-colle-eco-enfants\/#primaryimage","url":"https:\/\/collall.nl\/wp-content\/uploads\/2022\/03\/COLKE0100.jpg","contentUrl":"https:\/\/collall.nl\/wp-content\/uploads\/2022\/03\/COLKE0100.jpg","width":800,"height":800},{"@type":"BreadcrumbList","@id":"https:\/\/collall.nl\/fr\/product\/collall-colle-eco-enfants\/#breadcrumb","itemListElement":[{"@type":"ListItem","position":1,"name":"Home","item":"https:\/\/collall.nl\/fr\/"},{"@type":"ListItem","position":2,"name":"Produits","item":"https:\/\/collall.nl\/fr\/produits\/"},{"@type":"ListItem","position":3,"name":"Collall Colle Eco Enfants"}]},{"@type":"WebSite","@id":"https:\/\/collall.nl\/#website","url":"https:\/\/collall.nl\/","name":"Collall","description":"Adhesives &amp; Paints since 1949","publisher":{"@id":"https:\/\/collall.nl\/#organization"},"potentialAction":[{"@type":"SearchAction","target":{"@type":"EntryPoint","urlTemplate":"https:\/\/collall.nl\/?s={search_term_string}"},"query-input":{"@type":"PropertyValueSpecification","valueRequired":true,"valueName":"search_term_string"}}],"inLanguage":"fr-FR"},{"@type":"Organization","@id":"https:\/\/collall.nl\/#organization","name":"Collall B.V.","url":"https:\/\/collall.nl\/","logo":{"@type":"ImageObject","inLanguage":"fr-FR","@id":"https:\/\/collall.nl\/#\/schema\/logo\/image\/","url":"https:\/\/collall.nl\/wp-content\/uploads\/2022\/08\/Collall-logo-186C_Reflex-blue.jpg","contentUrl":"https:\/\/collall.nl\/wp-content\/uploads\/2022\/08\/Collall-logo-186C_Reflex-blue.jpg","width":1963,"height":1179,"caption":"Collall B.V."},"image":{"@id":"https:\/\/collall.nl\/#\/schema\/logo\/image\/"},"sameAs":["https:\/\/www.facebook.com\/people\/Collall\/100064976852539\/","https:\/\/www.instagram.com\/collall_1949\/","https:\/\/nl.pinterest.com\/CollallBV\/","https:\/\/www.youtube.com\/channel\/UCrCGuwth_udZhTqJSh5g9zg"]}]}},"_links":{"self":[{"href":"https:\/\/collall.nl\/fr\/wp-json\/wp\/v2\/product\/10700","targetHints":{"allow":["GET"]}}],"collection":[{"href":"https:\/\/collall.nl\/fr\/wp-json\/wp\/v2\/product"}],"about":[{"href":"https:\/\/collall.nl\/fr\/wp-json\/wp\/v2\/types\/product"}],"replies":[{"embeddable":true,"href":"https:\/\/collall.nl\/fr\/wp-json\/wp\/v2\/comments?post=10700"}],"wp:featuredmedia":[{"embeddable":true,"href":"https:\/\/collall.nl\/fr\/wp-json\/wp\/v2\/media\/18701"}],"wp:attachment":[{"href":"https:\/\/collall.nl\/fr\/wp-json\/wp\/v2\/media?parent=10700"}],"wp:term":[{"taxonomy":"product_brand","embeddable":true,"href":"https:\/\/collall.nl\/fr\/wp-json\/wp\/v2\/product_brand?post=10700"},{"taxonomy":"product_cat","embeddable":true,"href":"https:\/\/collall.nl\/fr\/wp-json\/wp\/v2\/product_cat?post=10700"},{"taxonomy":"product_tag","embeddable":true,"href":"https:\/\/collall.nl\/fr\/wp-json\/wp\/v2\/product_tag?post=10700"}],"curies":[{"name":"wp","href":"https:\/\/api.w.org\/{rel}","templated":true}]}}