{"id":10670,"date":"2022-03-01T09:22:15","date_gmt":"2022-03-01T09:22:15","guid":{"rendered":"http:\/\/collall.test\/product\/collall-colle-papier-mache\/"},"modified":"2025-03-18T15:09:25","modified_gmt":"2025-03-18T14:09:25","slug":"collall-colle-papier-mache","status":"publish","type":"product","link":"https:\/\/collall.nl\/fr\/product\/collall-colle-papier-mache\/","title":{"rendered":"Collall Colle Papier-M\u00e2ch\u00e9"},"content":{"rendered":"<p class=\"p1\"><b>Type de colle : <\/b>la Colle Papier-M\u00e2ch\u00e9 est une colle transparente pr\u00eate \u00e0 l&#8217;emploi, particuli\u00e8rement adapt\u00e9e au modelage du papier.<\/p>\n<p class=\"p1\"><b>Apparence :<\/b><\/p>\n<ul class=\"ul1\">\n<li class=\"li1\">Colle liquide et visqueuse<\/li>\n<li class=\"li1\">R\u00e9versible<\/li>\n<li class=\"li1\">Lavable<\/li>\n<\/ul>\n<p class=\"p1\"><b>Solvant :\u00a0<\/b>eau<\/p>\n<p class=\"p1\"><b>Ingr\u00e9dient principal :<\/b>\u00a0cellulose de Carboxymethyl<\/p>\n<p class=\"p1\"><b>Ingr\u00e9dients naturels : <\/b>99%<\/p>\n<p class=\"p1\"><b>Viscosit\u00e9 : <\/b>12.000 mPa.s<\/p>\n<p class=\"p1\"><b>pH :<\/b> 5,5<\/p>\n<p class=\"p1\"><b>Densit\u00e9e :\u00a0<\/b>1,015 kg\/dm<sup>3<\/sup><\/p>\n<p class=\"p1\"><b>Utilisation :\u00a0<\/b>en fonction de l\u2019absorption des mat\u00e9riaux \u00e0 coller, environ 150 \u00e0 200 grammes par m\u00b2, appliqu\u00e9 sur un c\u00f4t\u00e9.<\/p>\n<p class=\"p1\"><b>Application:<\/b><\/p>\n<ul class=\"ul1\">\n<li class=\"li1\">Pr\u00eate \u00e0 l\u2019emploi<\/li>\n<li class=\"li1\">Pour coller du papier, du carton et des mat\u00e9riaux l\u00e9gers<\/li>\n<\/ul>\n<p class=\"p1\">La colle peut \u00eatre appliqu\u00e9e sur un ou deux c\u00f4t\u00e9s. Utiliser de pr\u00e9f\u00e9rence \u00e0 la temp\u00e9rature ambiante. Pour appliquer facilement la colle, utilisez un pinceau ou une spatule. Travailler en couches, en appliquant un adh\u00e9sif sur les morceaux de papier d\u00e9j\u00e0 coll\u00e9s, puis encoller les couches de papier successivement. Economique et avantageux pour faire rapidement de grandes quantit\u00e9s de mod\u00e8les en papier.<\/p>\n<p class=\"p1\"><b>Allerg\u00e8nes:<\/b>\u00a0non<\/p>\n<p class=\"p1\"><b>Convient :<\/b>\u00a0Attention ! Utilisation par les enfants de moins de 3 ans, uniquement sous la surveillance d&rsquo;un adulte.<\/p>\n<p class=\"p1\"><b>Nettoyage :<\/b> les outils peuvent \u00eatre nettoy\u00e9s simplement avec de l\u2019eau lorsque la colle est encore humide. Un d\u00e9tergent synth\u00e9tique peut \u00eatre ajout\u00e9 dans l\u2019eau. Les traces de colle qui ont s\u00e9ch\u00e9es doivent \u00eatre tremp\u00e9es dans de l&rsquo;eau chaude et enlev\u00e9es avec une brosse.<\/p>\n<p class=\"p1\"><b>La colle peut \u00eatre tr\u00e8s facilement (m\u00eame sans eau) retir\u00e9e des mains.<\/b><\/p>\n<p class=\"p1\">Apr\u00e8s utilisation, nettoyez soigneusement la pompe avec de l&rsquo;eau.<\/p>\n<p>&nbsp;<\/p>\n<p><strong>Astuce !<\/strong><\/p>\n<p>En ajoutant une petite quantit\u00e9 de <a href=\"https:\/\/collall.nl\/fr\/product\/collall-colle-a-bois\/\">Colle \u00e0 Bois<\/a> Collall D3-E204 \u00e0 votre colle Papier-M\u00e2ch\u00e9, vous renforcez non seulement la solidit\u00e9 de votre cr\u00e9ation, mais vous am\u00e9liorez \u00e9galement sa r\u00e9sistance \u00e0 l&rsquo;eau.<\/p>\n<p>Cela peut \u00eatre particuli\u00e8rement utile si vous pr\u00e9voyez d&rsquo;utiliser votre projet de papier m\u00e2ch\u00e9 dans un endroit humide ou, par exemple, si vous souhaitez fabriquer une lanterne pour la Saint-Martin.<\/p>\n<p><img decoding=\"async\" src=\"https:\/\/collall.nl\/wp-content\/uploads\/2022\/03\/DSC_0771-300x199.jpg\" \/><\/p>\n<p>M\u00e9langez simplement quelques gouttes de Colle \u00e0 Bois Collall dans la colle Papier-M\u00e2ch\u00e9 Collall et assurez-vous que tout est bien m\u00e9lang\u00e9 avant de commencer \u00e0 bricoler.<\/p>\n<p>De cette fa\u00e7on, vous pouvez profiter d&rsquo;une cr\u00e9ation solide et durable qui r\u00e9siste \u00e0 l&rsquo;humidit\u00e9.<\/p>\n<p>N&rsquo;oubliez pas de tester d&rsquo;abord pour trouver les bonnes proportions pour votre projet sp\u00e9cifique !<\/p>\n","protected":false},"excerpt":{"rendered":"<p>La colle id\u00e9ale pr\u00eate \u00e0 l&#8217;emploi pour le papier-m\u00e2ch\u00e9. Particuli\u00e8rement appropri\u00e9 pour la mod\u00e9lisation du papier mis.<\/p>\n","protected":false},"featured_media":29192,"comment_status":"open","ping_status":"closed","template":"","meta":{"_acf_changed":false},"product_brand":[],"product_cat":[174],"product_tag":[],"class_list":{"0":"post-10670","1":"product","2":"type-product","3":"status-publish","4":"has-post-thumbnail","6":"product_cat-colle-et-vernis-colle","8":"first","9":"instock","10":"shipping-taxable","11":"purchasable","12":"product-type-variable","13":"has-default-attributes"},"acf":[],"yoast_head":"<!-- This site is optimized with the Yoast SEO plugin v27.2 - https:\/\/yoast.com\/product\/yoast-seo-wordpress\/ -->\n<title>Collall Colle Papier-M\u00e2ch\u00e9 - Collall<\/title>\n<meta name=\"description\" content=\"Collall Colle Papier-m\u00e2ch\u00e9\" \/>\n<meta name=\"robots\" content=\"index, follow, max-snippet:-1, max-image-preview:large, max-video-preview:-1\" \/>\n<link rel=\"canonical\" href=\"https:\/\/collall.nl\/fr\/product\/collall-colle-papier-mache\/\" \/>\n<meta property=\"og:locale\" content=\"fr_FR\" \/>\n<meta property=\"og:type\" content=\"article\" \/>\n<meta property=\"og:title\" content=\"Collall Colle Papier-M\u00e2ch\u00e9 - Collall\" \/>\n<meta property=\"og:description\" content=\"Collall Colle Papier-m\u00e2ch\u00e9\" \/>\n<meta property=\"og:url\" content=\"https:\/\/collall.nl\/fr\/product\/collall-colle-papier-mache\/\" \/>\n<meta property=\"og:site_name\" content=\"Collall\" \/>\n<meta property=\"article:publisher\" content=\"https:\/\/www.facebook.com\/people\/Collall\/100064976852539\/\" \/>\n<meta property=\"article:modified_time\" content=\"2025-03-18T14:09:25+00:00\" \/>\n<meta property=\"og:image\" content=\"https:\/\/collall.nl\/wp-content\/uploads\/2022\/03\/COLMP5000-papier-mache-glue-autumn.jpg\" \/>\n\t<meta property=\"og:image:width\" content=\"1000\" \/>\n\t<meta property=\"og:image:height\" content=\"1000\" \/>\n\t<meta property=\"og:image:type\" content=\"image\/jpeg\" \/>\n<meta name=\"twitter:card\" content=\"summary_large_image\" \/>\n<meta name=\"twitter:label1\" content=\"Dur\u00e9e de lecture estim\u00e9e\" \/>\n\t<meta name=\"twitter:data1\" content=\"3 minutes\" \/>\n<script type=\"application\/ld+json\" class=\"yoast-schema-graph\">{\"@context\":\"https:\/\/schema.org\",\"@graph\":[{\"@type\":\"WebPage\",\"@id\":\"https:\/\/collall.nl\/fr\/product\/collall-colle-papier-mache\/\",\"url\":\"https:\/\/collall.nl\/fr\/product\/collall-colle-papier-mache\/\",\"name\":\"Collall Colle Papier-M\u00e2ch\u00e9 - Collall\",\"isPartOf\":{\"@id\":\"https:\/\/collall.nl\/#website\"},\"primaryImageOfPage\":{\"@id\":\"https:\/\/collall.nl\/fr\/product\/collall-colle-papier-mache\/#primaryimage\"},\"image\":{\"@id\":\"https:\/\/collall.nl\/fr\/product\/collall-colle-papier-mache\/#primaryimage\"},\"thumbnailUrl\":\"https:\/\/collall.nl\/wp-content\/uploads\/2022\/03\/COLMP5000-papier-mache-glue-autumn.jpg\",\"datePublished\":\"2022-03-01T09:22:15+00:00\",\"dateModified\":\"2025-03-18T14:09:25+00:00\",\"description\":\"Collall Colle Papier-m\u00e2ch\u00e9\",\"breadcrumb\":{\"@id\":\"https:\/\/collall.nl\/fr\/product\/collall-colle-papier-mache\/#breadcrumb\"},\"inLanguage\":\"fr-FR\",\"potentialAction\":[{\"@type\":\"ReadAction\",\"target\":[\"https:\/\/collall.nl\/fr\/product\/collall-colle-papier-mache\/\"]}]},{\"@type\":\"ImageObject\",\"inLanguage\":\"fr-FR\",\"@id\":\"https:\/\/collall.nl\/fr\/product\/collall-colle-papier-mache\/#primaryimage\",\"url\":\"https:\/\/collall.nl\/wp-content\/uploads\/2022\/03\/COLMP5000-papier-mache-glue-autumn.jpg\",\"contentUrl\":\"https:\/\/collall.nl\/wp-content\/uploads\/2022\/03\/COLMP5000-papier-mache-glue-autumn.jpg\",\"width\":1000,\"height\":1000},{\"@type\":\"BreadcrumbList\",\"@id\":\"https:\/\/collall.nl\/fr\/product\/collall-colle-papier-mache\/#breadcrumb\",\"itemListElement\":[{\"@type\":\"ListItem\",\"position\":1,\"name\":\"Home\",\"item\":\"https:\/\/collall.nl\/fr\/\"},{\"@type\":\"ListItem\",\"position\":2,\"name\":\"Produits\",\"item\":\"https:\/\/collall.nl\/fr\/produits\/\"},{\"@type\":\"ListItem\",\"position\":3,\"name\":\"Collall Colle Papier-M\u00e2ch\u00e9\"}]},{\"@type\":\"WebSite\",\"@id\":\"https:\/\/collall.nl\/#website\",\"url\":\"https:\/\/collall.nl\/\",\"name\":\"Collall\",\"description\":\"Adhesives &amp; Paints since 1949\",\"publisher\":{\"@id\":\"https:\/\/collall.nl\/#organization\"},\"potentialAction\":[{\"@type\":\"SearchAction\",\"target\":{\"@type\":\"EntryPoint\",\"urlTemplate\":\"https:\/\/collall.nl\/?s={search_term_string}\"},\"query-input\":{\"@type\":\"PropertyValueSpecification\",\"valueRequired\":true,\"valueName\":\"search_term_string\"}}],\"inLanguage\":\"fr-FR\"},{\"@type\":\"Organization\",\"@id\":\"https:\/\/collall.nl\/#organization\",\"name\":\"Collall B.V.\",\"url\":\"https:\/\/collall.nl\/\",\"logo\":{\"@type\":\"ImageObject\",\"inLanguage\":\"fr-FR\",\"@id\":\"https:\/\/collall.nl\/#\/schema\/logo\/image\/\",\"url\":\"https:\/\/collall.nl\/wp-content\/uploads\/2022\/08\/Collall-logo-186C_Reflex-blue.jpg\",\"contentUrl\":\"https:\/\/collall.nl\/wp-content\/uploads\/2022\/08\/Collall-logo-186C_Reflex-blue.jpg\",\"width\":1963,\"height\":1179,\"caption\":\"Collall B.V.\"},\"image\":{\"@id\":\"https:\/\/collall.nl\/#\/schema\/logo\/image\/\"},\"sameAs\":[\"https:\/\/www.facebook.com\/people\/Collall\/100064976852539\/\",\"https:\/\/www.instagram.com\/collall_1949\/\",\"https:\/\/nl.pinterest.com\/CollallBV\/\",\"https:\/\/www.youtube.com\/channel\/UCrCGuwth_udZhTqJSh5g9zg\"]}]}<\/script>\n<!-- \/ Yoast SEO plugin. -->","yoast_head_json":{"title":"Collall Colle Papier-M\u00e2ch\u00e9 - Collall","description":"Collall Colle Papier-m\u00e2ch\u00e9","robots":{"index":"index","follow":"follow","max-snippet":"max-snippet:-1","max-image-preview":"max-image-preview:large","max-video-preview":"max-video-preview:-1"},"canonical":"https:\/\/collall.nl\/fr\/product\/collall-colle-papier-mache\/","og_locale":"fr_FR","og_type":"article","og_title":"Collall Colle Papier-M\u00e2ch\u00e9 - Collall","og_description":"Collall Colle Papier-m\u00e2ch\u00e9","og_url":"https:\/\/collall.nl\/fr\/product\/collall-colle-papier-mache\/","og_site_name":"Collall","article_publisher":"https:\/\/www.facebook.com\/people\/Collall\/100064976852539\/","article_modified_time":"2025-03-18T14:09:25+00:00","og_image":[{"width":1000,"height":1000,"url":"https:\/\/collall.nl\/wp-content\/uploads\/2022\/03\/COLMP5000-papier-mache-glue-autumn.jpg","type":"image\/jpeg"}],"twitter_card":"summary_large_image","twitter_misc":{"Dur\u00e9e de lecture estim\u00e9e":"3 minutes"},"schema":{"@context":"https:\/\/schema.org","@graph":[{"@type":"WebPage","@id":"https:\/\/collall.nl\/fr\/product\/collall-colle-papier-mache\/","url":"https:\/\/collall.nl\/fr\/product\/collall-colle-papier-mache\/","name":"Collall Colle Papier-M\u00e2ch\u00e9 - Collall","isPartOf":{"@id":"https:\/\/collall.nl\/#website"},"primaryImageOfPage":{"@id":"https:\/\/collall.nl\/fr\/product\/collall-colle-papier-mache\/#primaryimage"},"image":{"@id":"https:\/\/collall.nl\/fr\/product\/collall-colle-papier-mache\/#primaryimage"},"thumbnailUrl":"https:\/\/collall.nl\/wp-content\/uploads\/2022\/03\/COLMP5000-papier-mache-glue-autumn.jpg","datePublished":"2022-03-01T09:22:15+00:00","dateModified":"2025-03-18T14:09:25+00:00","description":"Collall Colle Papier-m\u00e2ch\u00e9","breadcrumb":{"@id":"https:\/\/collall.nl\/fr\/product\/collall-colle-papier-mache\/#breadcrumb"},"inLanguage":"fr-FR","potentialAction":[{"@type":"ReadAction","target":["https:\/\/collall.nl\/fr\/product\/collall-colle-papier-mache\/"]}]},{"@type":"ImageObject","inLanguage":"fr-FR","@id":"https:\/\/collall.nl\/fr\/product\/collall-colle-papier-mache\/#primaryimage","url":"https:\/\/collall.nl\/wp-content\/uploads\/2022\/03\/COLMP5000-papier-mache-glue-autumn.jpg","contentUrl":"https:\/\/collall.nl\/wp-content\/uploads\/2022\/03\/COLMP5000-papier-mache-glue-autumn.jpg","width":1000,"height":1000},{"@type":"BreadcrumbList","@id":"https:\/\/collall.nl\/fr\/product\/collall-colle-papier-mache\/#breadcrumb","itemListElement":[{"@type":"ListItem","position":1,"name":"Home","item":"https:\/\/collall.nl\/fr\/"},{"@type":"ListItem","position":2,"name":"Produits","item":"https:\/\/collall.nl\/fr\/produits\/"},{"@type":"ListItem","position":3,"name":"Collall Colle Papier-M\u00e2ch\u00e9"}]},{"@type":"WebSite","@id":"https:\/\/collall.nl\/#website","url":"https:\/\/collall.nl\/","name":"Collall","description":"Adhesives &amp; Paints since 1949","publisher":{"@id":"https:\/\/collall.nl\/#organization"},"potentialAction":[{"@type":"SearchAction","target":{"@type":"EntryPoint","urlTemplate":"https:\/\/collall.nl\/?s={search_term_string}"},"query-input":{"@type":"PropertyValueSpecification","valueRequired":true,"valueName":"search_term_string"}}],"inLanguage":"fr-FR"},{"@type":"Organization","@id":"https:\/\/collall.nl\/#organization","name":"Collall B.V.","url":"https:\/\/collall.nl\/","logo":{"@type":"ImageObject","inLanguage":"fr-FR","@id":"https:\/\/collall.nl\/#\/schema\/logo\/image\/","url":"https:\/\/collall.nl\/wp-content\/uploads\/2022\/08\/Collall-logo-186C_Reflex-blue.jpg","contentUrl":"https:\/\/collall.nl\/wp-content\/uploads\/2022\/08\/Collall-logo-186C_Reflex-blue.jpg","width":1963,"height":1179,"caption":"Collall B.V."},"image":{"@id":"https:\/\/collall.nl\/#\/schema\/logo\/image\/"},"sameAs":["https:\/\/www.facebook.com\/people\/Collall\/100064976852539\/","https:\/\/www.instagram.com\/collall_1949\/","https:\/\/nl.pinterest.com\/CollallBV\/","https:\/\/www.youtube.com\/channel\/UCrCGuwth_udZhTqJSh5g9zg"]}]}},"_links":{"self":[{"href":"https:\/\/collall.nl\/fr\/wp-json\/wp\/v2\/product\/10670","targetHints":{"allow":["GET"]}}],"collection":[{"href":"https:\/\/collall.nl\/fr\/wp-json\/wp\/v2\/product"}],"about":[{"href":"https:\/\/collall.nl\/fr\/wp-json\/wp\/v2\/types\/product"}],"replies":[{"embeddable":true,"href":"https:\/\/collall.nl\/fr\/wp-json\/wp\/v2\/comments?post=10670"}],"wp:featuredmedia":[{"embeddable":true,"href":"https:\/\/collall.nl\/fr\/wp-json\/wp\/v2\/media\/29192"}],"wp:attachment":[{"href":"https:\/\/collall.nl\/fr\/wp-json\/wp\/v2\/media?parent=10670"}],"wp:term":[{"taxonomy":"product_brand","embeddable":true,"href":"https:\/\/collall.nl\/fr\/wp-json\/wp\/v2\/product_brand?post=10670"},{"taxonomy":"product_cat","embeddable":true,"href":"https:\/\/collall.nl\/fr\/wp-json\/wp\/v2\/product_cat?post=10670"},{"taxonomy":"product_tag","embeddable":true,"href":"https:\/\/collall.nl\/fr\/wp-json\/wp\/v2\/product_tag?post=10670"}],"curies":[{"name":"wp","href":"https:\/\/api.w.org\/{rel}","templated":true}]}}