{"id":10654,"date":"2022-03-01T09:22:07","date_gmt":"2022-03-01T09:22:08","guid":{"rendered":"http:\/\/collall.test\/product\/collall-durcisseur-textile\/"},"modified":"2025-06-12T13:49:11","modified_gmt":"2025-06-12T11:49:11","slug":"collall-durcisseur-textile","status":"publish","type":"product","link":"https:\/\/collall.nl\/fr\/product\/collall-durcisseur-textile\/","title":{"rendered":"Collall Durcisseur Textile"},"content":{"rendered":"<p><strong>Type de colle : Collall Durcisseur Textile <\/strong>permet de rigidifier les textiles. Convient aux textiles, \u00e0 la jute, au papier, au fil et \u00e0 divers autres mat\u00e9riaux naturels. Il peut \u00e9galement \u00eatre utilis\u00e9 comme colle, vernis ou comme base pour une peinture (textur\u00e9e).<\/p>\n<p data-start=\"90\" data-end=\"402\">Le <strong data-start=\"93\" data-end=\"123\">Collall Durcisseur Textile<\/strong> est un m\u00e9dium transparent, polyvalent et facile \u00e0 utiliser pour les loisirs cr\u00e9atifs et les projets artistiques. Il permet de durcir facilement le textile et d&rsquo;autres mat\u00e9riaux naturels. Id\u00e9al pour cr\u00e9er des sculptures uniques, des objets d\u00e9coratifs ou des \u0153uvres d&rsquo;art solides.<\/p>\n<p data-start=\"404\" data-end=\"998\">Ce liquide blanc \u00e9pais s\u00e8che rapidement, devient transparent et r\u00e9sistant \u00e0 l\u2019eau. Il convient parfaitement aux mat\u00e9riaux comme le tissu, le jute, le papier, la laine et autres fibres naturelles. Parfait pour les projets cr\u00e9atifs tels que des sculptures, des d\u00e9corations murales ou des cr\u00e9ations en mixed media. Et ce n\u2019est pas tout : le durcisseur textile Collall peut \u00e9galement \u00eatre utilis\u00e9 comme <strong data-start=\"803\" data-end=\"812\">colle<\/strong>, <strong data-start=\"814\" data-end=\"824\">vernis<\/strong>, ou <strong data-start=\"829\" data-end=\"870\">base pour peinture \u00e0 effet de texture<\/strong>. C\u2019est donc un produit id\u00e9al, tant pour les amateurs que pour les artistes qui aiment exp\u00e9rimenter avec la mati\u00e8re et la forme.<\/p>\n<p class=\"\" data-start=\"0\" data-end=\"17\"><strong data-start=\"0\" data-end=\"15\">Apparence :<\/strong><\/p>\n<ul>\n<li data-start=\"21\" data-end=\"42\">Liquide blanc \u00e9pais<\/li>\n<li data-start=\"45\" data-end=\"95\">Devient transparent et imperm\u00e9able apr\u00e8s s\u00e9chage<\/li>\n<li data-start=\"98\" data-end=\"114\">S\u00e9chage rapide<\/li>\n<\/ul>\n<p class=\"\" data-start=\"117\" data-end=\"132\"><strong>Solvant :<\/strong> Eau<\/p>\n<p class=\"\" data-start=\"134\" data-end=\"302\"><strong data-start=\"134\" data-end=\"160\">Ingr\u00e9dient principal :<\/strong> Polyac\u00e9tate de vinyle<\/p>\n<p class=\"\" data-start=\"134\" data-end=\"302\"><strong data-start=\"185\" data-end=\"211\">Ingr\u00e9dients naturels :<\/strong> 83 %<\/p>\n<p class=\"\" data-start=\"134\" data-end=\"302\"><strong data-start=\"219\" data-end=\"234\">Viscosit\u00e9 :<\/strong> 3 000 mPa.s<\/p>\n<p class=\"\" data-start=\"134\" data-end=\"302\"><strong data-start=\"249\" data-end=\"257\">pH :<\/strong> 3,5<\/p>\n<p class=\"\" data-start=\"134\" data-end=\"302\"><strong data-start=\"262\" data-end=\"275\">Densit\u00e9 :<\/strong> 1,07 kg\/dm\u00b3<\/p>\n<p class=\"\" data-start=\"134\" data-end=\"302\"><strong data-start=\"290\" data-end=\"298\">CE :<\/strong> \u2013<\/p>\n<p class=\"\" data-start=\"304\" data-end=\"346\"><strong data-start=\"304\" data-end=\"330\">Consommation typique :<\/strong> env. 400 g\/m\u00b2<\/p>\n<p><strong data-start=\"978\" data-end=\"994\">Allerg\u00e8nes :<\/strong> Contient 2-m\u00e9thyl-2H-isothiazol-3-one et 1,2-benzisothiazol-3(2H)-one. Peut provoquer une r\u00e9action allergique.<\/p>\n<p class=\"\" data-start=\"1109\" data-end=\"1154\"><strong data-start=\"1109\" data-end=\"1152\">Convient aux enfants \u00e0 partir de 6 ans.<\/strong><\/p>\n<p data-start=\"1156\" data-end=\"1177\"><strong data-start=\"1160\" data-end=\"1175\">Nettoyage :<\/strong><\/p>\n<ul>\n<li data-start=\"1180\" data-end=\"1317\">Les outils peuvent \u00eatre nettoy\u00e9s \u00e0 l\u2019eau tant que la colle est encore humide (un d\u00e9tergent synth\u00e9tique peut \u00eatre ajout\u00e9 si n\u00e9cessaire).<\/li>\n<li data-start=\"1320\" data-end=\"1418\">Faire tremper les taches de colle s\u00e9ch\u00e9e dans de l\u2019eau chaude, puis les enlever avec une brosse.<\/li>\n<li data-start=\"1421\" data-end=\"1469\">Seules les taches encore humides sont lavables !<\/li>\n<\/ul>\n<p>&nbsp;<\/p>\n<p data-start=\"1005\" data-end=\"1075\"><strong data-start=\"1009\" data-end=\"1075\">Mode d\u2019emploi<\/strong><\/p>\n<h2 data-start=\"1005\" data-end=\"1075\"><strong data-start=\"1009\" data-end=\"1075\">Comment utiliser le Collall Durcisseur Textile<\/strong><\/h2>\n<p data-start=\"1077\" data-end=\"1099\"><strong data-start=\"1082\" data-end=\"1099\">Pr\u00e9paration :<\/strong><\/p>\n<ol>\n<li data-start=\"1103\" data-end=\"1243\"><strong data-start=\"1103\" data-end=\"1134\">Choisissez votre mat\u00e9riau :<\/strong> Les mat\u00e9riaux naturels tels que le coton, le jute, le lin, la laine, le papier ou la dentelle sont parfaits.<\/li>\n<li data-start=\"1247\" data-end=\"1529\"><strong data-start=\"1247\" data-end=\"1271\">Coupez et fa\u00e7onnez :<\/strong> D\u00e9coupez ou d\u00e9chirez le tissu \u00e0 la taille souhait\u00e9e et d\u00e9finissez la forme de votre projet. Vous r\u00e9alisez une sculpture ? Utilisez par exemple une armature en fil de fer, du papier aluminium ou un ancien objet (comme un vase ou une bouteille) comme support.<\/li>\n<li data-start=\"1533\" data-end=\"1693\"><strong data-start=\"1533\" data-end=\"1571\">Prot\u00e9gez votre espace de travail :<\/strong> Couvrez la surface de travail avec du papier journal, du plastique ou une b\u00e2che \u2014 le durcisseur textile colle fortement !<\/li>\n<li data-start=\"1697\" data-end=\"1863\"><strong data-start=\"1697\" data-end=\"1716\">Prot\u00e9gez-vous :<\/strong> Portez un tablier ou de vieux v\u00eatements, et \u00e9ventuellement des gants. Le produit est difficile \u00e0 retirer des v\u00eatements ou de la peau une fois sec.<\/li>\n<\/ol>\n<p data-start=\"1870\" data-end=\"1891\"><strong data-start=\"1874\" data-end=\"1891\">Application :<\/strong><\/p>\n<ol>\n<li data-start=\"1895\" data-end=\"2093\"><strong data-start=\"1895\" data-end=\"1913\">Impr\u00e9gnation :<\/strong> Versez une petite quantit\u00e9 de durcisseur dans un r\u00e9cipient. Immergez compl\u00e8tement le tissu ou appliquez g\u00e9n\u00e9reusement le produit avec un pinceau jusqu\u2019\u00e0 ce qu\u2019il soit bien satur\u00e9.<\/li>\n<li data-start=\"2097\" data-end=\"2209\"><strong data-start=\"2097\" data-end=\"2119\">\u00c9liminez l&rsquo;exc\u00e8s :<\/strong> Pressez doucement l\u2019exc\u00e9dent de produit avec les doigts ou entre deux morceaux de carton.<\/li>\n<li data-start=\"2213\" data-end=\"2355\"><strong data-start=\"2213\" data-end=\"2228\">Fa\u00e7onnage :<\/strong> Drapez le tissu imbib\u00e9 sur votre base ou votre armature et modelez-le selon vos envies : plis, enroulements ou formes fluides.<\/li>\n<li data-start=\"2359\" data-end=\"2509\"><strong data-start=\"2359\" data-end=\"2372\">S\u00e9chage :<\/strong> Laissez s\u00e9cher \u00e0 temp\u00e9rature ambiante pendant au moins 24 heures. Une fois sec, votre cr\u00e9ation sera rigide, transparente et imperm\u00e9able.<\/li>\n<\/ol>\n<p>&nbsp;<\/p>\n<h2 data-start=\"2516\" data-end=\"2584\"><strong data-start=\"2520\" data-end=\"2584\">Astuce finition<\/strong><\/h2>\n<h4 data-start=\"2516\" data-end=\"2584\"><strong data-start=\"2520\" data-end=\"2584\">Offrez un aspect \u00ab\u00a0pierre\u00a0\u00bb \u00e0 votre cr\u00e9ation<\/strong><\/h4>\n<p data-start=\"2586\" data-end=\"2693\">Une fois votre \u0153uvre durcie, vous pouvez encore la travailler pour lui donner un effet final spectaculaire.<\/p>\n<p data-start=\"2695\" data-end=\"2779\">Vous recherchez un rendu brut et naturel ? Optez pour un <strong data-start=\"2752\" data-end=\"2777\">effet pierre ou b\u00e9ton<\/strong> :<\/p>\n<p data-start=\"2781\" data-end=\"2809\"><strong data-start=\"2781\" data-end=\"2809\">Voici comment proc\u00e9der :<\/strong><\/p>\n<ul>\n<li data-start=\"2812\" data-end=\"2937\">M\u00e9langez le durcisseur textile avec un peu de sable fin, de poudre de craie ou de petits graviers pour ajouter de la texture.<\/li>\n<li data-start=\"2940\" data-end=\"3046\">Appliquez ce m\u00e9lange \u00e0 l\u2019\u00e9ponge, \u00e0 la spatule ou au pinceau pour un effet de surface rugueux et granuleux.<\/li>\n<li data-start=\"3049\" data-end=\"3253\">Laissez bien s\u00e9cher, puis peignez avec des teintes acryliques grises, anthracite ou terre. En superposant plusieurs couleurs \u00e0 sec (\u00ab\u00a0dry brushing\u00a0\u00bb), vous obtiendrez un effet pierre ou b\u00e9ton tr\u00e8s r\u00e9aliste.<\/li>\n<li data-start=\"3256\" data-end=\"3429\">Terminez avec du <strong data-start=\"3273\" data-end=\"3297\">vernis-colle Collall<\/strong>, ou pour un r\u00e9sultat brillant, utilisez le <strong data-start=\"3341\" data-end=\"3369\">vernis d\u00e9coupage Collall<\/strong>. Cela ajoutera \u00e0 la fois protection et \u00e9clat \u00e0 votre \u0153uvre.<\/li>\n<\/ul>\n<p><strong data-start=\"3440\" data-end=\"3470\">Conseils suppl\u00e9mentaires :<\/strong><\/p>\n<ul>\n<li data-start=\"3473\" data-end=\"3584\">Pour les projets de grande taille ou plus lourds : travaillez par couches et laissez s\u00e9cher entre chaque \u00e9tape.<\/li>\n<li data-start=\"3587\" data-end=\"3723\">Vous pouvez peindre votre cr\u00e9ation avec de la peinture acrylique ou l\u2019enduire de vernis pour ajouter de l\u2019\u00e9clat ou un effet particulier.<\/li>\n<li data-start=\"3726\" data-end=\"3835\">Id\u00e9al pour des sculptures, des objets de jardin, des d\u00e9corations murales ou des cr\u00e9ations en <strong data-start=\"3819\" data-end=\"3834\">mixed-media<\/strong>.<\/li>\n<li data-start=\"3838\" data-end=\"4060\">Les cr\u00e9ations r\u00e9alis\u00e9es avec le durcisseur textile Collall sont <strong data-start=\"3902\" data-end=\"3932\">imperm\u00e9ables apr\u00e8s s\u00e9chage<\/strong>, mais <strong data-start=\"3939\" data-end=\"3987\">pas compl\u00e8tement r\u00e9sistantes aux intemp\u00e9ries<\/strong>. Pour un objet de jardin, veillez \u00e0 l\u2019installer sous un abri ou un toit.<\/li>\n<\/ul>\n","protected":false},"excerpt":{"rendered":"<p>Collall Durcisseur Textile est un m\u00e9dium transparent polyvalent pour les loisirs cr\u00e9atifs et les arts, permettant de rigidifier les textiles et d&rsquo;autres mat\u00e9riaux.<\/p>\n","protected":false},"featured_media":30753,"comment_status":"open","ping_status":"closed","template":"","meta":{"_acf_changed":false},"product_brand":[],"product_cat":[174],"product_tag":[],"class_list":{"0":"post-10654","1":"product","2":"type-product","3":"status-publish","4":"has-post-thumbnail","6":"product_cat-colle-et-vernis-colle","8":"first","9":"instock","10":"shipping-taxable","11":"purchasable","12":"product-type-variable"},"acf":[],"yoast_head":"<!-- This site is optimized with the Yoast SEO plugin v27.2 - https:\/\/yoast.com\/product\/yoast-seo-wordpress\/ -->\n<title>Collall Durcisseur Textile - Collall<\/title>\n<meta name=\"description\" content=\"Collall Durcisseur Textile est un m\u00e9dium transparent polyvalent pour les loisirs cr\u00e9atifs et les arts, permettant de rigidifier les textiles et d&#039;autres mat\u00e9riaux.\" \/>\n<meta name=\"robots\" content=\"index, follow, max-snippet:-1, max-image-preview:large, max-video-preview:-1\" \/>\n<link rel=\"canonical\" href=\"https:\/\/collall.nl\/fr\/product\/collall-durcisseur-textile\/\" \/>\n<meta property=\"og:locale\" content=\"fr_FR\" \/>\n<meta property=\"og:type\" content=\"article\" \/>\n<meta property=\"og:title\" content=\"Collall Durcisseur Textile - Collall\" \/>\n<meta property=\"og:description\" content=\"Collall Durcisseur Textile est un m\u00e9dium transparent polyvalent pour les loisirs cr\u00e9atifs et les arts, permettant de rigidifier les textiles et d&#039;autres mat\u00e9riaux.\" \/>\n<meta property=\"og:url\" content=\"https:\/\/collall.nl\/fr\/product\/collall-durcisseur-textile\/\" \/>\n<meta property=\"og:site_name\" content=\"Collall\" \/>\n<meta property=\"article:publisher\" content=\"https:\/\/www.facebook.com\/people\/Collall\/100064976852539\/\" \/>\n<meta property=\"article:modified_time\" content=\"2025-06-12T11:49:11+00:00\" \/>\n<meta property=\"og:image\" content=\"https:\/\/collall.nl\/wp-content\/uploads\/2022\/03\/COLHX0250-Collall-Textile-Hardener-1.webp\" \/>\n\t<meta property=\"og:image:width\" content=\"1000\" \/>\n\t<meta property=\"og:image:height\" content=\"1000\" \/>\n\t<meta property=\"og:image:type\" content=\"image\/jpeg\" \/>\n<meta name=\"twitter:card\" content=\"summary_large_image\" \/>\n<meta name=\"twitter:label1\" content=\"Dur\u00e9e de lecture estim\u00e9e\" \/>\n\t<meta name=\"twitter:data1\" content=\"4 minutes\" \/>\n<script type=\"application\/ld+json\" class=\"yoast-schema-graph\">{\"@context\":\"https:\/\/schema.org\",\"@graph\":[{\"@type\":\"WebPage\",\"@id\":\"https:\/\/collall.nl\/fr\/product\/collall-durcisseur-textile\/\",\"url\":\"https:\/\/collall.nl\/fr\/product\/collall-durcisseur-textile\/\",\"name\":\"Collall Durcisseur Textile - Collall\",\"isPartOf\":{\"@id\":\"https:\/\/collall.nl\/#website\"},\"primaryImageOfPage\":{\"@id\":\"https:\/\/collall.nl\/fr\/product\/collall-durcisseur-textile\/#primaryimage\"},\"image\":{\"@id\":\"https:\/\/collall.nl\/fr\/product\/collall-durcisseur-textile\/#primaryimage\"},\"thumbnailUrl\":\"https:\/\/collall.nl\/wp-content\/uploads\/2022\/03\/COLHX0250-Collall-Textile-Hardener-1.webp\",\"datePublished\":\"2022-03-01T09:22:08+00:00\",\"dateModified\":\"2025-06-12T11:49:11+00:00\",\"description\":\"Collall Durcisseur Textile est un m\u00e9dium transparent polyvalent pour les loisirs cr\u00e9atifs et les arts, permettant de rigidifier les textiles et d'autres mat\u00e9riaux.\",\"breadcrumb\":{\"@id\":\"https:\/\/collall.nl\/fr\/product\/collall-durcisseur-textile\/#breadcrumb\"},\"inLanguage\":\"fr-FR\",\"potentialAction\":[{\"@type\":\"ReadAction\",\"target\":[\"https:\/\/collall.nl\/fr\/product\/collall-durcisseur-textile\/\"]}]},{\"@type\":\"ImageObject\",\"inLanguage\":\"fr-FR\",\"@id\":\"https:\/\/collall.nl\/fr\/product\/collall-durcisseur-textile\/#primaryimage\",\"url\":\"https:\/\/collall.nl\/wp-content\/uploads\/2022\/03\/COLHX0250-Collall-Textile-Hardener-1.webp\",\"contentUrl\":\"https:\/\/collall.nl\/wp-content\/uploads\/2022\/03\/COLHX0250-Collall-Textile-Hardener-1.webp\",\"width\":1000,\"height\":1000},{\"@type\":\"BreadcrumbList\",\"@id\":\"https:\/\/collall.nl\/fr\/product\/collall-durcisseur-textile\/#breadcrumb\",\"itemListElement\":[{\"@type\":\"ListItem\",\"position\":1,\"name\":\"Home\",\"item\":\"https:\/\/collall.nl\/fr\/\"},{\"@type\":\"ListItem\",\"position\":2,\"name\":\"Produits\",\"item\":\"https:\/\/collall.nl\/fr\/produits\/\"},{\"@type\":\"ListItem\",\"position\":3,\"name\":\"Collall Durcisseur Textile\"}]},{\"@type\":\"WebSite\",\"@id\":\"https:\/\/collall.nl\/#website\",\"url\":\"https:\/\/collall.nl\/\",\"name\":\"Collall\",\"description\":\"Adhesives &amp; Paints since 1949\",\"publisher\":{\"@id\":\"https:\/\/collall.nl\/#organization\"},\"potentialAction\":[{\"@type\":\"SearchAction\",\"target\":{\"@type\":\"EntryPoint\",\"urlTemplate\":\"https:\/\/collall.nl\/?s={search_term_string}\"},\"query-input\":{\"@type\":\"PropertyValueSpecification\",\"valueRequired\":true,\"valueName\":\"search_term_string\"}}],\"inLanguage\":\"fr-FR\"},{\"@type\":\"Organization\",\"@id\":\"https:\/\/collall.nl\/#organization\",\"name\":\"Collall B.V.\",\"url\":\"https:\/\/collall.nl\/\",\"logo\":{\"@type\":\"ImageObject\",\"inLanguage\":\"fr-FR\",\"@id\":\"https:\/\/collall.nl\/#\/schema\/logo\/image\/\",\"url\":\"https:\/\/collall.nl\/wp-content\/uploads\/2022\/08\/Collall-logo-186C_Reflex-blue.jpg\",\"contentUrl\":\"https:\/\/collall.nl\/wp-content\/uploads\/2022\/08\/Collall-logo-186C_Reflex-blue.jpg\",\"width\":1963,\"height\":1179,\"caption\":\"Collall B.V.\"},\"image\":{\"@id\":\"https:\/\/collall.nl\/#\/schema\/logo\/image\/\"},\"sameAs\":[\"https:\/\/www.facebook.com\/people\/Collall\/100064976852539\/\",\"https:\/\/www.instagram.com\/collall_1949\/\",\"https:\/\/nl.pinterest.com\/CollallBV\/\",\"https:\/\/www.youtube.com\/channel\/UCrCGuwth_udZhTqJSh5g9zg\"]}]}<\/script>\n<!-- \/ Yoast SEO plugin. -->","yoast_head_json":{"title":"Collall Durcisseur Textile - Collall","description":"Collall Durcisseur Textile est un m\u00e9dium transparent polyvalent pour les loisirs cr\u00e9atifs et les arts, permettant de rigidifier les textiles et d'autres mat\u00e9riaux.","robots":{"index":"index","follow":"follow","max-snippet":"max-snippet:-1","max-image-preview":"max-image-preview:large","max-video-preview":"max-video-preview:-1"},"canonical":"https:\/\/collall.nl\/fr\/product\/collall-durcisseur-textile\/","og_locale":"fr_FR","og_type":"article","og_title":"Collall Durcisseur Textile - Collall","og_description":"Collall Durcisseur Textile est un m\u00e9dium transparent polyvalent pour les loisirs cr\u00e9atifs et les arts, permettant de rigidifier les textiles et d'autres mat\u00e9riaux.","og_url":"https:\/\/collall.nl\/fr\/product\/collall-durcisseur-textile\/","og_site_name":"Collall","article_publisher":"https:\/\/www.facebook.com\/people\/Collall\/100064976852539\/","article_modified_time":"2025-06-12T11:49:11+00:00","og_image":[{"width":1000,"height":1000,"url":"https:\/\/collall.nl\/wp-content\/uploads\/2022\/03\/COLHX0250-Collall-Textile-Hardener-1.webp","type":"image\/jpeg"}],"twitter_card":"summary_large_image","twitter_misc":{"Dur\u00e9e de lecture estim\u00e9e":"4 minutes"},"schema":{"@context":"https:\/\/schema.org","@graph":[{"@type":"WebPage","@id":"https:\/\/collall.nl\/fr\/product\/collall-durcisseur-textile\/","url":"https:\/\/collall.nl\/fr\/product\/collall-durcisseur-textile\/","name":"Collall Durcisseur Textile - Collall","isPartOf":{"@id":"https:\/\/collall.nl\/#website"},"primaryImageOfPage":{"@id":"https:\/\/collall.nl\/fr\/product\/collall-durcisseur-textile\/#primaryimage"},"image":{"@id":"https:\/\/collall.nl\/fr\/product\/collall-durcisseur-textile\/#primaryimage"},"thumbnailUrl":"https:\/\/collall.nl\/wp-content\/uploads\/2022\/03\/COLHX0250-Collall-Textile-Hardener-1.webp","datePublished":"2022-03-01T09:22:08+00:00","dateModified":"2025-06-12T11:49:11+00:00","description":"Collall Durcisseur Textile est un m\u00e9dium transparent polyvalent pour les loisirs cr\u00e9atifs et les arts, permettant de rigidifier les textiles et d'autres mat\u00e9riaux.","breadcrumb":{"@id":"https:\/\/collall.nl\/fr\/product\/collall-durcisseur-textile\/#breadcrumb"},"inLanguage":"fr-FR","potentialAction":[{"@type":"ReadAction","target":["https:\/\/collall.nl\/fr\/product\/collall-durcisseur-textile\/"]}]},{"@type":"ImageObject","inLanguage":"fr-FR","@id":"https:\/\/collall.nl\/fr\/product\/collall-durcisseur-textile\/#primaryimage","url":"https:\/\/collall.nl\/wp-content\/uploads\/2022\/03\/COLHX0250-Collall-Textile-Hardener-1.webp","contentUrl":"https:\/\/collall.nl\/wp-content\/uploads\/2022\/03\/COLHX0250-Collall-Textile-Hardener-1.webp","width":1000,"height":1000},{"@type":"BreadcrumbList","@id":"https:\/\/collall.nl\/fr\/product\/collall-durcisseur-textile\/#breadcrumb","itemListElement":[{"@type":"ListItem","position":1,"name":"Home","item":"https:\/\/collall.nl\/fr\/"},{"@type":"ListItem","position":2,"name":"Produits","item":"https:\/\/collall.nl\/fr\/produits\/"},{"@type":"ListItem","position":3,"name":"Collall Durcisseur Textile"}]},{"@type":"WebSite","@id":"https:\/\/collall.nl\/#website","url":"https:\/\/collall.nl\/","name":"Collall","description":"Adhesives &amp; Paints since 1949","publisher":{"@id":"https:\/\/collall.nl\/#organization"},"potentialAction":[{"@type":"SearchAction","target":{"@type":"EntryPoint","urlTemplate":"https:\/\/collall.nl\/?s={search_term_string}"},"query-input":{"@type":"PropertyValueSpecification","valueRequired":true,"valueName":"search_term_string"}}],"inLanguage":"fr-FR"},{"@type":"Organization","@id":"https:\/\/collall.nl\/#organization","name":"Collall B.V.","url":"https:\/\/collall.nl\/","logo":{"@type":"ImageObject","inLanguage":"fr-FR","@id":"https:\/\/collall.nl\/#\/schema\/logo\/image\/","url":"https:\/\/collall.nl\/wp-content\/uploads\/2022\/08\/Collall-logo-186C_Reflex-blue.jpg","contentUrl":"https:\/\/collall.nl\/wp-content\/uploads\/2022\/08\/Collall-logo-186C_Reflex-blue.jpg","width":1963,"height":1179,"caption":"Collall B.V."},"image":{"@id":"https:\/\/collall.nl\/#\/schema\/logo\/image\/"},"sameAs":["https:\/\/www.facebook.com\/people\/Collall\/100064976852539\/","https:\/\/www.instagram.com\/collall_1949\/","https:\/\/nl.pinterest.com\/CollallBV\/","https:\/\/www.youtube.com\/channel\/UCrCGuwth_udZhTqJSh5g9zg"]}]}},"_links":{"self":[{"href":"https:\/\/collall.nl\/fr\/wp-json\/wp\/v2\/product\/10654","targetHints":{"allow":["GET"]}}],"collection":[{"href":"https:\/\/collall.nl\/fr\/wp-json\/wp\/v2\/product"}],"about":[{"href":"https:\/\/collall.nl\/fr\/wp-json\/wp\/v2\/types\/product"}],"replies":[{"embeddable":true,"href":"https:\/\/collall.nl\/fr\/wp-json\/wp\/v2\/comments?post=10654"}],"wp:featuredmedia":[{"embeddable":true,"href":"https:\/\/collall.nl\/fr\/wp-json\/wp\/v2\/media\/30753"}],"wp:attachment":[{"href":"https:\/\/collall.nl\/fr\/wp-json\/wp\/v2\/media?parent=10654"}],"wp:term":[{"taxonomy":"product_brand","embeddable":true,"href":"https:\/\/collall.nl\/fr\/wp-json\/wp\/v2\/product_brand?post=10654"},{"taxonomy":"product_cat","embeddable":true,"href":"https:\/\/collall.nl\/fr\/wp-json\/wp\/v2\/product_cat?post=10654"},{"taxonomy":"product_tag","embeddable":true,"href":"https:\/\/collall.nl\/fr\/wp-json\/wp\/v2\/product_tag?post=10654"}],"curies":[{"name":"wp","href":"https:\/\/api.w.org\/{rel}","templated":true}]}}