{"id":10637,"date":"2022-03-01T09:22:01","date_gmt":"2022-03-01T09:22:03","guid":{"rendered":"http:\/\/collall.test\/product\/collall-colle-liege\/"},"modified":"2025-04-03T12:12:25","modified_gmt":"2025-04-03T10:12:25","slug":"collall-colle-liege","status":"publish","type":"product","link":"https:\/\/collall.nl\/fr\/product\/collall-colle-liege\/","title":{"rendered":"Collall Colle Li\u00e8ge"},"content":{"rendered":"<p class=\"\" data-start=\"35\" data-end=\"191\"><strong data-start=\"35\" data-end=\"52\">Application :<\/strong> avec la colle Collall pour li\u00e8ge, vous collez le li\u00e8ge et le bois (laminat\u00e9) pour l&rsquo;int\u00e9rieur et (dans des endroits prot\u00e9g\u00e9s) l&rsquo;ext\u00e9rieur.<\/p>\n<p class=\"\" data-start=\"193\" data-end=\"208\"><strong data-start=\"193\" data-end=\"208\">Apparence :<\/strong><\/p>\n<ul>\n<li data-start=\"212\" data-end=\"233\">Colle blanche \u00e9paisse<\/li>\n<li data-start=\"236\" data-end=\"267\">Devient transparente au s\u00e9chage<\/li>\n<li data-start=\"270\" data-end=\"284\">S\u00e9chage rapide<\/li>\n<li data-start=\"287\" data-end=\"305\">D3 &#8211; EN204 water resistant<\/li>\n<\/ul>\n<p class=\"\" data-start=\"308\" data-end=\"321\"><strong>Solvant :<\/strong> eau<\/p>\n<p class=\"\" data-start=\"323\" data-end=\"371\"><strong data-start=\"323\" data-end=\"349\">Ingr\u00e9dient principal :<\/strong> ac\u00e9tate de polyvinyle<\/p>\n<p class=\"\" data-start=\"373\" data-end=\"403\"><strong data-start=\"373\" data-end=\"399\">Ingr\u00e9dients naturels :<\/strong> 50%<\/p>\n<p class=\"\" data-start=\"405\" data-end=\"433\"><strong data-start=\"405\" data-end=\"420\">Viscosit\u00e9 :<\/strong> 12 000 mPa.s<\/p>\n<p class=\"\" data-start=\"435\" data-end=\"445\"><strong data-start=\"435\" data-end=\"443\">pH :<\/strong> 3<\/p>\n<p class=\"\" data-start=\"447\" data-end=\"481\"><strong data-start=\"447\" data-end=\"469\">Poids sp\u00e9cifique :<\/strong> 1,10 kg\/dm\u00b3<\/p>\n<p class=\"\" data-start=\"483\" data-end=\"493\"><strong data-start=\"483\" data-end=\"491\">CE :<\/strong> \u2013<\/p>\n<p class=\"\" data-start=\"495\" data-end=\"633\"><strong data-start=\"495\" data-end=\"522\">Consommation de colle :<\/strong> en fonction de l&rsquo;absorption des mat\u00e9riaux \u00e0 coller, environ 200 \u00e0 250 grammes par m\u00b2, appliqu\u00e9 d&rsquo;un seul c\u00f4t\u00e9.<\/p>\n<p class=\"\" data-start=\"635\" data-end=\"654\"><strong>Utilisation :<\/strong><\/p>\n<ul>\n<li data-start=\"656\" data-end=\"1204\">Les mat\u00e9riaux \u00e0 coller doivent \u00eatre secs et exempts de poussi\u00e8re et de salet\u00e9.<\/li>\n<li data-start=\"656\" data-end=\"1204\">Appliquez la colle de mani\u00e8re fine, d\u2019un ou des deux c\u00f4t\u00e9s, et laissez s\u00e9cher l\u00e9g\u00e8rement. Ensuite, placez les morceaux de li\u00e8ge l&rsquo;un sur l&rsquo;autre et appuyez fermement pendant un certain temps.<\/li>\n<li data-start=\"656\" data-end=\"1204\">Utilisez entre 10 et 30 \u00b0C. Conservez \u00e0 l&rsquo;abri du gel. Facile \u00e0 appliquer avec un pinceau \u00e0 colle ou une spatule.<\/li>\n<li data-start=\"656\" data-end=\"1204\">La colle peut \u00eatre dilu\u00e9e avec de l&rsquo;eau, ce qui affecte le temps de s\u00e9chage.<\/li>\n<\/ul>\n<p class=\"\" data-start=\"656\" data-end=\"1204\"><strong data-start=\"1126\" data-end=\"1142\">Allerg\u00e8nes :<\/strong> contient CMIT\/MIT. Peut produire une r\u00e9action allergique.<\/p>\n<p class=\"\" data-start=\"1206\" data-end=\"1244\"><strong data-start=\"1206\" data-end=\"1225\">Convient pour :<\/strong> \u00e0 partir de 6 ans.<\/p>\n<p class=\"\" data-start=\"1246\" data-end=\"1261\"><strong data-start=\"1246\" data-end=\"1261\">Taches :<\/strong><\/p>\n<ul>\n<li data-start=\"1263\" data-end=\"1669\">Lorsque la colle est encore humide, l&rsquo;outil peut \u00eatre nettoy\u00e9 \u00e0 l&rsquo;eau (si d\u00e9sir\u00e9, un d\u00e9tergent synth\u00e9tique peut \u00eatre ajout\u00e9 \u00e0 l&rsquo;eau).<\/li>\n<li data-start=\"1263\" data-end=\"1669\">Les traces de colle s\u00e9ch\u00e9e doivent \u00eatre tremp\u00e9es dans de l&rsquo;eau chaude, puis enlev\u00e9es \u00e0 l&rsquo;aide d&rsquo;une brosse.<\/li>\n<li data-start=\"1263\" data-end=\"1669\">Les taches de colle humide doivent \u00eatre enlev\u00e9es imm\u00e9diatement avec un chiffon humide.<\/li>\n<li data-start=\"1263\" data-end=\"1669\">Les taches de colle s\u00e9ch\u00e9es ne peuvent \u00eatre enlev\u00e9es que m\u00e9caniquement.<\/li>\n<\/ul>\n<p><strong>Allerg\u00e8nes : <\/strong>contient CMIT\/MIT. Peut produire une r\u00e9action allergique.<\/p>\n","protected":false},"excerpt":{"rendered":"<p>La colle Collall sp\u00e9cial li\u00e8ge est imperm\u00e9able<\/p>\n","protected":false},"featured_media":18155,"comment_status":"open","ping_status":"closed","template":"","meta":{"_acf_changed":false},"product_brand":[],"product_cat":[174],"product_tag":[],"class_list":{"0":"post-10637","1":"product","2":"type-product","3":"status-publish","4":"has-post-thumbnail","6":"product_cat-colle-et-vernis-colle","8":"first","9":"instock","10":"shipping-taxable","11":"purchasable","12":"product-type-variable"},"acf":[],"yoast_head":"<!-- This site is optimized with the Yoast SEO plugin v27.2 - https:\/\/yoast.com\/product\/yoast-seo-wordpress\/ -->\n<title>Collall Colle Li\u00e8ge - Collall<\/title>\n<meta name=\"description\" content=\"La colle Collall sp\u00e9cial li\u00e8ge est r\u00e9sistant \u00e0 l\u2019eau, \u00e0 s\u00e9chage rapide, et devient transparente une fois enti\u00e8rement s\u00eache.\" \/>\n<meta name=\"robots\" content=\"index, follow, max-snippet:-1, max-image-preview:large, max-video-preview:-1\" \/>\n<link rel=\"canonical\" href=\"https:\/\/collall.nl\/fr\/product\/collall-colle-liege\/\" \/>\n<meta property=\"og:locale\" content=\"fr_FR\" \/>\n<meta property=\"og:type\" content=\"article\" \/>\n<meta property=\"og:title\" content=\"Collall Colle Li\u00e8ge - Collall\" \/>\n<meta property=\"og:description\" content=\"La colle Collall sp\u00e9cial li\u00e8ge est r\u00e9sistant \u00e0 l\u2019eau, \u00e0 s\u00e9chage rapide, et devient transparente une fois enti\u00e8rement s\u00eache.\" \/>\n<meta property=\"og:url\" content=\"https:\/\/collall.nl\/fr\/product\/collall-colle-liege\/\" \/>\n<meta property=\"og:site_name\" content=\"Collall\" \/>\n<meta property=\"article:publisher\" content=\"https:\/\/www.facebook.com\/people\/Collall\/100064976852539\/\" \/>\n<meta property=\"article:modified_time\" content=\"2025-04-03T10:12:25+00:00\" \/>\n<meta property=\"og:image\" content=\"https:\/\/collall.nl\/wp-content\/uploads\/2022\/03\/COLKL0100-Collall-Cork-Glue.jpg\" \/>\n\t<meta property=\"og:image:width\" content=\"800\" \/>\n\t<meta property=\"og:image:height\" content=\"800\" \/>\n\t<meta property=\"og:image:type\" content=\"image\/jpeg\" \/>\n<meta name=\"twitter:card\" content=\"summary_large_image\" \/>\n<meta name=\"twitter:label1\" content=\"Dur\u00e9e de lecture estim\u00e9e\" \/>\n\t<meta name=\"twitter:data1\" content=\"2 minutes\" \/>\n<script type=\"application\/ld+json\" class=\"yoast-schema-graph\">{\"@context\":\"https:\/\/schema.org\",\"@graph\":[{\"@type\":\"WebPage\",\"@id\":\"https:\/\/collall.nl\/fr\/product\/collall-colle-liege\/\",\"url\":\"https:\/\/collall.nl\/fr\/product\/collall-colle-liege\/\",\"name\":\"Collall Colle Li\u00e8ge - Collall\",\"isPartOf\":{\"@id\":\"https:\/\/collall.nl\/#website\"},\"primaryImageOfPage\":{\"@id\":\"https:\/\/collall.nl\/fr\/product\/collall-colle-liege\/#primaryimage\"},\"image\":{\"@id\":\"https:\/\/collall.nl\/fr\/product\/collall-colle-liege\/#primaryimage\"},\"thumbnailUrl\":\"https:\/\/collall.nl\/wp-content\/uploads\/2022\/03\/COLKL0100-Collall-Cork-Glue.jpg\",\"datePublished\":\"2022-03-01T09:22:03+00:00\",\"dateModified\":\"2025-04-03T10:12:25+00:00\",\"description\":\"La colle Collall sp\u00e9cial li\u00e8ge est r\u00e9sistant \u00e0 l\u2019eau, \u00e0 s\u00e9chage rapide, et devient transparente une fois enti\u00e8rement s\u00eache.\",\"breadcrumb\":{\"@id\":\"https:\/\/collall.nl\/fr\/product\/collall-colle-liege\/#breadcrumb\"},\"inLanguage\":\"fr-FR\",\"potentialAction\":[{\"@type\":\"ReadAction\",\"target\":[\"https:\/\/collall.nl\/fr\/product\/collall-colle-liege\/\"]}]},{\"@type\":\"ImageObject\",\"inLanguage\":\"fr-FR\",\"@id\":\"https:\/\/collall.nl\/fr\/product\/collall-colle-liege\/#primaryimage\",\"url\":\"https:\/\/collall.nl\/wp-content\/uploads\/2022\/03\/COLKL0100-Collall-Cork-Glue.jpg\",\"contentUrl\":\"https:\/\/collall.nl\/wp-content\/uploads\/2022\/03\/COLKL0100-Collall-Cork-Glue.jpg\",\"width\":800,\"height\":800},{\"@type\":\"BreadcrumbList\",\"@id\":\"https:\/\/collall.nl\/fr\/product\/collall-colle-liege\/#breadcrumb\",\"itemListElement\":[{\"@type\":\"ListItem\",\"position\":1,\"name\":\"Home\",\"item\":\"https:\/\/collall.nl\/fr\/\"},{\"@type\":\"ListItem\",\"position\":2,\"name\":\"Produits\",\"item\":\"https:\/\/collall.nl\/fr\/produits\/\"},{\"@type\":\"ListItem\",\"position\":3,\"name\":\"Collall Colle Li\u00e8ge\"}]},{\"@type\":\"WebSite\",\"@id\":\"https:\/\/collall.nl\/#website\",\"url\":\"https:\/\/collall.nl\/\",\"name\":\"Collall\",\"description\":\"Adhesives &amp; Paints since 1949\",\"publisher\":{\"@id\":\"https:\/\/collall.nl\/#organization\"},\"potentialAction\":[{\"@type\":\"SearchAction\",\"target\":{\"@type\":\"EntryPoint\",\"urlTemplate\":\"https:\/\/collall.nl\/?s={search_term_string}\"},\"query-input\":{\"@type\":\"PropertyValueSpecification\",\"valueRequired\":true,\"valueName\":\"search_term_string\"}}],\"inLanguage\":\"fr-FR\"},{\"@type\":\"Organization\",\"@id\":\"https:\/\/collall.nl\/#organization\",\"name\":\"Collall B.V.\",\"url\":\"https:\/\/collall.nl\/\",\"logo\":{\"@type\":\"ImageObject\",\"inLanguage\":\"fr-FR\",\"@id\":\"https:\/\/collall.nl\/#\/schema\/logo\/image\/\",\"url\":\"https:\/\/collall.nl\/wp-content\/uploads\/2022\/08\/Collall-logo-186C_Reflex-blue.jpg\",\"contentUrl\":\"https:\/\/collall.nl\/wp-content\/uploads\/2022\/08\/Collall-logo-186C_Reflex-blue.jpg\",\"width\":1963,\"height\":1179,\"caption\":\"Collall B.V.\"},\"image\":{\"@id\":\"https:\/\/collall.nl\/#\/schema\/logo\/image\/\"},\"sameAs\":[\"https:\/\/www.facebook.com\/people\/Collall\/100064976852539\/\",\"https:\/\/www.instagram.com\/collall_1949\/\",\"https:\/\/nl.pinterest.com\/CollallBV\/\",\"https:\/\/www.youtube.com\/channel\/UCrCGuwth_udZhTqJSh5g9zg\"]}]}<\/script>\n<!-- \/ Yoast SEO plugin. -->","yoast_head_json":{"title":"Collall Colle Li\u00e8ge - Collall","description":"La colle Collall sp\u00e9cial li\u00e8ge est r\u00e9sistant \u00e0 l\u2019eau, \u00e0 s\u00e9chage rapide, et devient transparente une fois enti\u00e8rement s\u00eache.","robots":{"index":"index","follow":"follow","max-snippet":"max-snippet:-1","max-image-preview":"max-image-preview:large","max-video-preview":"max-video-preview:-1"},"canonical":"https:\/\/collall.nl\/fr\/product\/collall-colle-liege\/","og_locale":"fr_FR","og_type":"article","og_title":"Collall Colle Li\u00e8ge - Collall","og_description":"La colle Collall sp\u00e9cial li\u00e8ge est r\u00e9sistant \u00e0 l\u2019eau, \u00e0 s\u00e9chage rapide, et devient transparente une fois enti\u00e8rement s\u00eache.","og_url":"https:\/\/collall.nl\/fr\/product\/collall-colle-liege\/","og_site_name":"Collall","article_publisher":"https:\/\/www.facebook.com\/people\/Collall\/100064976852539\/","article_modified_time":"2025-04-03T10:12:25+00:00","og_image":[{"width":800,"height":800,"url":"https:\/\/collall.nl\/wp-content\/uploads\/2022\/03\/COLKL0100-Collall-Cork-Glue.jpg","type":"image\/jpeg"}],"twitter_card":"summary_large_image","twitter_misc":{"Dur\u00e9e de lecture estim\u00e9e":"2 minutes"},"schema":{"@context":"https:\/\/schema.org","@graph":[{"@type":"WebPage","@id":"https:\/\/collall.nl\/fr\/product\/collall-colle-liege\/","url":"https:\/\/collall.nl\/fr\/product\/collall-colle-liege\/","name":"Collall Colle Li\u00e8ge - Collall","isPartOf":{"@id":"https:\/\/collall.nl\/#website"},"primaryImageOfPage":{"@id":"https:\/\/collall.nl\/fr\/product\/collall-colle-liege\/#primaryimage"},"image":{"@id":"https:\/\/collall.nl\/fr\/product\/collall-colle-liege\/#primaryimage"},"thumbnailUrl":"https:\/\/collall.nl\/wp-content\/uploads\/2022\/03\/COLKL0100-Collall-Cork-Glue.jpg","datePublished":"2022-03-01T09:22:03+00:00","dateModified":"2025-04-03T10:12:25+00:00","description":"La colle Collall sp\u00e9cial li\u00e8ge est r\u00e9sistant \u00e0 l\u2019eau, \u00e0 s\u00e9chage rapide, et devient transparente une fois enti\u00e8rement s\u00eache.","breadcrumb":{"@id":"https:\/\/collall.nl\/fr\/product\/collall-colle-liege\/#breadcrumb"},"inLanguage":"fr-FR","potentialAction":[{"@type":"ReadAction","target":["https:\/\/collall.nl\/fr\/product\/collall-colle-liege\/"]}]},{"@type":"ImageObject","inLanguage":"fr-FR","@id":"https:\/\/collall.nl\/fr\/product\/collall-colle-liege\/#primaryimage","url":"https:\/\/collall.nl\/wp-content\/uploads\/2022\/03\/COLKL0100-Collall-Cork-Glue.jpg","contentUrl":"https:\/\/collall.nl\/wp-content\/uploads\/2022\/03\/COLKL0100-Collall-Cork-Glue.jpg","width":800,"height":800},{"@type":"BreadcrumbList","@id":"https:\/\/collall.nl\/fr\/product\/collall-colle-liege\/#breadcrumb","itemListElement":[{"@type":"ListItem","position":1,"name":"Home","item":"https:\/\/collall.nl\/fr\/"},{"@type":"ListItem","position":2,"name":"Produits","item":"https:\/\/collall.nl\/fr\/produits\/"},{"@type":"ListItem","position":3,"name":"Collall Colle Li\u00e8ge"}]},{"@type":"WebSite","@id":"https:\/\/collall.nl\/#website","url":"https:\/\/collall.nl\/","name":"Collall","description":"Adhesives &amp; Paints since 1949","publisher":{"@id":"https:\/\/collall.nl\/#organization"},"potentialAction":[{"@type":"SearchAction","target":{"@type":"EntryPoint","urlTemplate":"https:\/\/collall.nl\/?s={search_term_string}"},"query-input":{"@type":"PropertyValueSpecification","valueRequired":true,"valueName":"search_term_string"}}],"inLanguage":"fr-FR"},{"@type":"Organization","@id":"https:\/\/collall.nl\/#organization","name":"Collall B.V.","url":"https:\/\/collall.nl\/","logo":{"@type":"ImageObject","inLanguage":"fr-FR","@id":"https:\/\/collall.nl\/#\/schema\/logo\/image\/","url":"https:\/\/collall.nl\/wp-content\/uploads\/2022\/08\/Collall-logo-186C_Reflex-blue.jpg","contentUrl":"https:\/\/collall.nl\/wp-content\/uploads\/2022\/08\/Collall-logo-186C_Reflex-blue.jpg","width":1963,"height":1179,"caption":"Collall B.V."},"image":{"@id":"https:\/\/collall.nl\/#\/schema\/logo\/image\/"},"sameAs":["https:\/\/www.facebook.com\/people\/Collall\/100064976852539\/","https:\/\/www.instagram.com\/collall_1949\/","https:\/\/nl.pinterest.com\/CollallBV\/","https:\/\/www.youtube.com\/channel\/UCrCGuwth_udZhTqJSh5g9zg"]}]}},"_links":{"self":[{"href":"https:\/\/collall.nl\/fr\/wp-json\/wp\/v2\/product\/10637","targetHints":{"allow":["GET"]}}],"collection":[{"href":"https:\/\/collall.nl\/fr\/wp-json\/wp\/v2\/product"}],"about":[{"href":"https:\/\/collall.nl\/fr\/wp-json\/wp\/v2\/types\/product"}],"replies":[{"embeddable":true,"href":"https:\/\/collall.nl\/fr\/wp-json\/wp\/v2\/comments?post=10637"}],"wp:featuredmedia":[{"embeddable":true,"href":"https:\/\/collall.nl\/fr\/wp-json\/wp\/v2\/media\/18155"}],"wp:attachment":[{"href":"https:\/\/collall.nl\/fr\/wp-json\/wp\/v2\/media?parent=10637"}],"wp:term":[{"taxonomy":"product_brand","embeddable":true,"href":"https:\/\/collall.nl\/fr\/wp-json\/wp\/v2\/product_brand?post=10637"},{"taxonomy":"product_cat","embeddable":true,"href":"https:\/\/collall.nl\/fr\/wp-json\/wp\/v2\/product_cat?post=10637"},{"taxonomy":"product_tag","embeddable":true,"href":"https:\/\/collall.nl\/fr\/wp-json\/wp\/v2\/product_tag?post=10637"}],"curies":[{"name":"wp","href":"https:\/\/api.w.org\/{rel}","templated":true}]}}