{"id":10614,"date":"2022-03-01T09:21:51","date_gmt":"2022-03-01T09:21:52","guid":{"rendered":"http:\/\/collall.test\/product\/collall-colle-puzzle\/"},"modified":"2025-06-12T11:28:16","modified_gmt":"2025-06-12T09:28:16","slug":"collall-colle-puzzle","status":"publish","type":"product","link":"https:\/\/collall.nl\/fr\/product\/collall-colle-puzzle\/","title":{"rendered":"Collall Colle Puzzle"},"content":{"rendered":"<p class=\"\" data-start=\"0\" data-end=\"112\"><strong data-start=\"0\" data-end=\"17\">Type de colle :<\/strong> collez et vernissez vos puzzles en bois et vos puzzles en carton avec la Colle \u00e0 Puzzle Collall. Profitez encore plus longtemps de votre puzzle termin\u00e9 !<\/p>\n<p class=\"\" data-start=\"114\" data-end=\"128\"><strong data-start=\"114\" data-end=\"126\">Propri\u00e9t\u00e9s :\u00a0<\/strong><\/p>\n<ul>\n<li data-start=\"131\" data-end=\"178\">Liquide jaune, devient transparent en s\u00e9chant<\/li>\n<li data-start=\"181\" data-end=\"200\">Viscosit\u00e9 moyenne<\/li>\n<li data-start=\"203\" data-end=\"221\">Finition satin\u00e9e<\/li>\n<li data-start=\"224\" data-end=\"240\">S\u00e9chage rapide<\/li>\n<li data-start=\"243\" data-end=\"254\">Hydrofuge<\/li>\n<\/ul>\n<p class=\"\" data-start=\"256\" data-end=\"275\"><strong data-start=\"256\" data-end=\"269\">Solvant :<\/strong> Eau<\/p>\n<p class=\"\" data-start=\"277\" data-end=\"315\"><strong data-start=\"277\" data-end=\"303\">Ingr\u00e9dient principal :<\/strong> acrylique<\/p>\n<p class=\"\" data-start=\"317\" data-end=\"350\"><strong data-start=\"317\" data-end=\"343\">Ingr\u00e9dients naturels :<\/strong> 58 %<\/p>\n<p class=\"\" data-start=\"352\" data-end=\"381\"><strong data-start=\"352\" data-end=\"367\">Viscosit\u00e9 :<\/strong> 1.000 mPa.s<\/p>\n<p class=\"\" data-start=\"383\" data-end=\"397\"><strong data-start=\"383\" data-end=\"391\">pH :<\/strong> 7,5<\/p>\n<p class=\"\" data-start=\"399\" data-end=\"426\"><strong data-start=\"399\" data-end=\"412\">Densit\u00e9 :<\/strong> 1,05 kg\/dm\u00b3<\/p>\n<p class=\"\" data-start=\"428\" data-end=\"440\"><strong data-start=\"428\" data-end=\"436\">CE :<\/strong> \u2013<\/p>\n<p class=\"\" data-start=\"442\" data-end=\"541\"><strong data-start=\"442\" data-end=\"469\">Consommation de colle :<\/strong> environ 125 g\/m\u00b2, en fonction de l&rsquo;absorption des mat\u00e9riaux \u00e0 coller.<\/p>\n<p class=\"\" data-start=\"543\" data-end=\"564\"><strong>Utilisation :<\/strong><\/p>\n<ol>\n<li data-start=\"1480\" data-end=\"1561\">Assurez-vous que les mat\u00e9riaux \u00e0 coller soient secs, propres et sans poussi\u00e8re.<\/li>\n<li data-start=\"1565\" data-end=\"1664\">Placez votre puzzle sur une surface plane et v\u00e9rifiez que toutes les pi\u00e8ces sont bien assembl\u00e9es.<\/li>\n<li data-start=\"1668\" data-end=\"1840\">Appliquez la colle : directement \u00e0 partir du flacon ou versez-en dans un r\u00e9cipient, puis appliquez une couche fine et uniforme avec un pinceau doux ou un rouleau laqueur.<\/li>\n<li data-start=\"1844\" data-end=\"2009\">Laissez s\u00e9cher pendant environ 30 minutes \u00e0 temp\u00e9rature ambiante. Pour une protection suppl\u00e9mentaire, appliquez une seconde couche une fois la premi\u00e8re bien s\u00e8che.<\/li>\n<li data-start=\"2013\" data-end=\"2105\">Pendant le s\u00e9chage, veillez \u00e0 ce que le puzzle repose dans un endroit sec et bien ventil\u00e9.<\/li>\n<li data-start=\"2109\" data-end=\"2214\">Une fois sec, le puzzle est solidement fix\u00e9 et prot\u00e9g\u00e9 contre la poussi\u00e8re, l\u2019humidit\u00e9 et les dommages.<\/li>\n<li data-start=\"2218\" data-end=\"2295\">Apr\u00e8s s\u00e9chage, le puzzle peut \u00eatre utilis\u00e9 \u00e0 la verticale ou suspendu au mur.<\/li>\n<\/ol>\n<p class=\"\" data-start=\"809\" data-end=\"906\"><strong data-start=\"809\" data-end=\"825\">Allerg\u00e8nes :<\/strong> contient 1,2-benzisothiazol-3(2H)-one. Peut provoquer une r\u00e9action allergique.<\/p>\n<p class=\"\" data-start=\"908\" data-end=\"941\"><strong>Adapt\u00e9e aux :\u00a0<\/strong>enfants \u00e0 partir de 8 ans.<\/p>\n<p class=\"\" data-start=\"943\" data-end=\"960\"><strong data-start=\"943\" data-end=\"958\">Taches :<\/strong><\/p>\n<ul>\n<li data-start=\"963\" data-end=\"1058\">Les outils et surfaces ne peuvent \u00eatre nettoy\u00e9s \u00e0 l\u2019eau que lorsque la colle est encore humide.<\/li>\n<\/ul>\n<h4 data-start=\"0\" data-end=\"94\"><strong data-start=\"0\" data-end=\"94\">Conservez et exposez votre puzzle comme une v\u00e9ritable \u0153uvre d&rsquo;art !<\/strong><\/h4>\n<p data-start=\"96\" data-end=\"411\">Les puzzles ne sont pas seulement un passe-temps populaire, mais aussi un excellent moyen d\u2019exprimer votre cr\u00e9ativit\u00e9. Que vous r\u00e9alisiez un puzzle classique en carton ou une version plus robuste en bois, avec la colle puzzle Collall, vous fixez et prot\u00e9gez votre puzzle termin\u00e9 pour en profiter pendant des ann\u00e9es.<\/p>\n<p data-start=\"413\" data-end=\"610\">La colle maintient solidement toutes les pi\u00e8ces en place et s\u00e8che de mani\u00e8re transparente avec une l\u00e9g\u00e8re finition satin\u00e9e. Votre puzzle devient ainsi un v\u00e9ritable tableau \u00e0 accrocher ou \u00e0 exposer.<\/p>\n<p data-start=\"612\" data-end=\"996\">Cette colle liquide pr\u00eate \u00e0 l\u2019emploi est facile \u00e0 appliquer \u00e0 l\u2019aide d\u2019un pinceau doux ou d\u2019un rouleau laqueur. Appliquez une fine couche uniforme sur la surface du puzzle et laissez s\u00e9cher. Un flacon de 100 ml suffit pour environ 2 400 pi\u00e8ces de taille moyenne. Parfait pour ceux qui souhaitent conserver leurs puzzles, les utiliser comme d\u00e9coration ou les offrir en cadeau original.<\/p>\n<p data-start=\"998\" data-end=\"1293\"><strong data-start=\"998\" data-end=\"1019\">Id\u00e9es cr\u00e9atives :<\/strong><br data-start=\"1019\" data-end=\"1022\" \/>\u2022 Cr\u00e9ez une d\u00e9coration murale unique en encadrant votre puzzle pr\u00e9f\u00e9r\u00e9.<br data-start=\"1093\" data-end=\"1096\" \/>\u2022 Personnalisez des cadeaux avec un puzzle vierge d\u00e9cor\u00e9 de ColorMe! et fixez-le avec la colle puzzle Collall.<br data-start=\"1206\" data-end=\"1209\" \/>\u2022 Utilisez un puzzle coll\u00e9 comme dessous de verre ou \u00e9l\u00e9ment de d\u00e9coration de table.<\/p>\n<p data-start=\"1295\" data-end=\"1453\"><strong data-start=\"1295\" data-end=\"1309\">Pour qui ?<\/strong><br data-start=\"1309\" data-end=\"1312\" \/>Pour les amateurs de puzzles, les passionn\u00e9s de loisirs cr\u00e9atifs, les familles et tous ceux qui aiment les puzzles et la d\u00e9coration cr\u00e9ative.<\/p>\n<h2 data-start=\"2297\" data-end=\"2800\"><strong data-start=\"2297\" data-end=\"2335\">Qu\u2019est-ce que la colle acrylique ?<\/strong><\/h2>\n<p data-start=\"2297\" data-end=\"2800\">La colle puzzle Collall est une colle acrylique \u00e0 base d\u2019eau, ce qui signifie qu\u2019elle est peu odorante, s\u00e8che rapidement et est agr\u00e9able \u00e0 utiliser. Les colles acryliques sont connues pour leur finition transparente, leur excellente adh\u00e9rence et leur durabilit\u00e9 \u2013 id\u00e9ales pour les projets cr\u00e9atifs et la d\u00e9coration. Le film de colle r\u00e9siste \u00e0 l\u2019humidit\u00e9 et supporte un contact occasionnel avec l\u2019eau (par exemple, un nettoyage avec un chiffon l\u00e9g\u00e8rement humide).<\/p>\n<p data-start=\"2802\" data-end=\"2902\" data-is-last-node=\"\" data-is-only-node=\"\"><strong data-start=\"2802\" data-end=\"2816\">Remarque :<\/strong> Ne convient pas \u00e0 une exposition prolong\u00e9e \u00e0 l\u2019eau ni \u00e0 une utilisation en ext\u00e9rieur.<\/p>\n","protected":false},"excerpt":{"rendered":"<p>Collez et vernissez vos puzzles en bois et vos puzzles en carton avec la Colle \u00e0 Puzzle Collall. Profitez encore plus longtemps de votre puzzle termin\u00e9 !<\/p>\n","protected":false},"featured_media":28929,"comment_status":"open","ping_status":"closed","template":"","meta":{"_acf_changed":false},"product_brand":[],"product_cat":[174],"product_tag":[],"class_list":{"0":"post-10614","1":"product","2":"type-product","3":"status-publish","4":"has-post-thumbnail","6":"product_cat-colle-et-vernis-colle","8":"first","9":"instock","10":"shipping-taxable","11":"purchasable","12":"product-type-variable"},"acf":[],"yoast_head":"<!-- This site is optimized with the Yoast SEO plugin v27.2 - https:\/\/yoast.com\/product\/yoast-seo-wordpress\/ -->\n<title>Collall Colle Puzzle - Collall<\/title>\n<meta name=\"description\" content=\"Collez et vernissez vos puzzles en bois et vos puzzles en carton avec la Colle \u00e0 Puzzle Collall. Profitez encore plus longtemps de votre puzzle termin\u00e9 !\" \/>\n<meta name=\"robots\" content=\"index, follow, max-snippet:-1, max-image-preview:large, max-video-preview:-1\" \/>\n<link rel=\"canonical\" href=\"https:\/\/collall.nl\/fr\/product\/collall-colle-puzzle\/\" \/>\n<meta property=\"og:locale\" content=\"fr_FR\" \/>\n<meta property=\"og:type\" content=\"article\" \/>\n<meta property=\"og:title\" content=\"Collall Colle Puzzle - Collall\" \/>\n<meta property=\"og:description\" content=\"Collez et vernissez vos puzzles en bois et vos puzzles en carton avec la Colle \u00e0 Puzzle Collall. Profitez encore plus longtemps de votre puzzle termin\u00e9 !\" \/>\n<meta property=\"og:url\" content=\"https:\/\/collall.nl\/fr\/product\/collall-colle-puzzle\/\" \/>\n<meta property=\"og:site_name\" content=\"Collall\" \/>\n<meta property=\"article:publisher\" content=\"https:\/\/www.facebook.com\/people\/Collall\/100064976852539\/\" \/>\n<meta property=\"article:modified_time\" content=\"2025-06-12T09:28:16+00:00\" \/>\n<meta property=\"og:image\" content=\"https:\/\/collall.nl\/wp-content\/uploads\/2022\/03\/Collall-Puzzle-glue-100ml.jpg\" \/>\n\t<meta property=\"og:image:width\" content=\"1000\" \/>\n\t<meta property=\"og:image:height\" content=\"1000\" \/>\n\t<meta property=\"og:image:type\" content=\"image\/jpeg\" \/>\n<meta name=\"twitter:card\" content=\"summary_large_image\" \/>\n<meta name=\"twitter:label1\" content=\"Dur\u00e9e de lecture estim\u00e9e\" \/>\n\t<meta name=\"twitter:data1\" content=\"3 minutes\" \/>\n<script type=\"application\/ld+json\" class=\"yoast-schema-graph\">{\"@context\":\"https:\/\/schema.org\",\"@graph\":[{\"@type\":\"WebPage\",\"@id\":\"https:\/\/collall.nl\/fr\/product\/collall-colle-puzzle\/\",\"url\":\"https:\/\/collall.nl\/fr\/product\/collall-colle-puzzle\/\",\"name\":\"Collall Colle Puzzle - Collall\",\"isPartOf\":{\"@id\":\"https:\/\/collall.nl\/#website\"},\"primaryImageOfPage\":{\"@id\":\"https:\/\/collall.nl\/fr\/product\/collall-colle-puzzle\/#primaryimage\"},\"image\":{\"@id\":\"https:\/\/collall.nl\/fr\/product\/collall-colle-puzzle\/#primaryimage\"},\"thumbnailUrl\":\"https:\/\/collall.nl\/wp-content\/uploads\/2022\/03\/Collall-Puzzle-glue-100ml.jpg\",\"datePublished\":\"2022-03-01T09:21:52+00:00\",\"dateModified\":\"2025-06-12T09:28:16+00:00\",\"description\":\"Collez et vernissez vos puzzles en bois et vos puzzles en carton avec la Colle \u00e0 Puzzle Collall. Profitez encore plus longtemps de votre puzzle termin\u00e9 !\",\"breadcrumb\":{\"@id\":\"https:\/\/collall.nl\/fr\/product\/collall-colle-puzzle\/#breadcrumb\"},\"inLanguage\":\"fr-FR\",\"potentialAction\":[{\"@type\":\"ReadAction\",\"target\":[\"https:\/\/collall.nl\/fr\/product\/collall-colle-puzzle\/\"]}]},{\"@type\":\"ImageObject\",\"inLanguage\":\"fr-FR\",\"@id\":\"https:\/\/collall.nl\/fr\/product\/collall-colle-puzzle\/#primaryimage\",\"url\":\"https:\/\/collall.nl\/wp-content\/uploads\/2022\/03\/Collall-Puzzle-glue-100ml.jpg\",\"contentUrl\":\"https:\/\/collall.nl\/wp-content\/uploads\/2022\/03\/Collall-Puzzle-glue-100ml.jpg\",\"width\":1000,\"height\":1000,\"caption\":\"Collall Puzzellijm is een natuurlijke en voordelige lijm, waarmee je van je gelegde puzzel een kunstwerk maakt! Geniet nog langer van je voltooide puzzel!\"},{\"@type\":\"BreadcrumbList\",\"@id\":\"https:\/\/collall.nl\/fr\/product\/collall-colle-puzzle\/#breadcrumb\",\"itemListElement\":[{\"@type\":\"ListItem\",\"position\":1,\"name\":\"Home\",\"item\":\"https:\/\/collall.nl\/fr\/\"},{\"@type\":\"ListItem\",\"position\":2,\"name\":\"Produits\",\"item\":\"https:\/\/collall.nl\/fr\/produits\/\"},{\"@type\":\"ListItem\",\"position\":3,\"name\":\"Collall Colle Puzzle\"}]},{\"@type\":\"WebSite\",\"@id\":\"https:\/\/collall.nl\/#website\",\"url\":\"https:\/\/collall.nl\/\",\"name\":\"Collall\",\"description\":\"Adhesives &amp; Paints since 1949\",\"publisher\":{\"@id\":\"https:\/\/collall.nl\/#organization\"},\"potentialAction\":[{\"@type\":\"SearchAction\",\"target\":{\"@type\":\"EntryPoint\",\"urlTemplate\":\"https:\/\/collall.nl\/?s={search_term_string}\"},\"query-input\":{\"@type\":\"PropertyValueSpecification\",\"valueRequired\":true,\"valueName\":\"search_term_string\"}}],\"inLanguage\":\"fr-FR\"},{\"@type\":\"Organization\",\"@id\":\"https:\/\/collall.nl\/#organization\",\"name\":\"Collall B.V.\",\"url\":\"https:\/\/collall.nl\/\",\"logo\":{\"@type\":\"ImageObject\",\"inLanguage\":\"fr-FR\",\"@id\":\"https:\/\/collall.nl\/#\/schema\/logo\/image\/\",\"url\":\"https:\/\/collall.nl\/wp-content\/uploads\/2022\/08\/Collall-logo-186C_Reflex-blue.jpg\",\"contentUrl\":\"https:\/\/collall.nl\/wp-content\/uploads\/2022\/08\/Collall-logo-186C_Reflex-blue.jpg\",\"width\":1963,\"height\":1179,\"caption\":\"Collall B.V.\"},\"image\":{\"@id\":\"https:\/\/collall.nl\/#\/schema\/logo\/image\/\"},\"sameAs\":[\"https:\/\/www.facebook.com\/people\/Collall\/100064976852539\/\",\"https:\/\/www.instagram.com\/collall_1949\/\",\"https:\/\/nl.pinterest.com\/CollallBV\/\",\"https:\/\/www.youtube.com\/channel\/UCrCGuwth_udZhTqJSh5g9zg\"]}]}<\/script>\n<!-- \/ Yoast SEO plugin. -->","yoast_head_json":{"title":"Collall Colle Puzzle - Collall","description":"Collez et vernissez vos puzzles en bois et vos puzzles en carton avec la Colle \u00e0 Puzzle Collall. Profitez encore plus longtemps de votre puzzle termin\u00e9 !","robots":{"index":"index","follow":"follow","max-snippet":"max-snippet:-1","max-image-preview":"max-image-preview:large","max-video-preview":"max-video-preview:-1"},"canonical":"https:\/\/collall.nl\/fr\/product\/collall-colle-puzzle\/","og_locale":"fr_FR","og_type":"article","og_title":"Collall Colle Puzzle - Collall","og_description":"Collez et vernissez vos puzzles en bois et vos puzzles en carton avec la Colle \u00e0 Puzzle Collall. Profitez encore plus longtemps de votre puzzle termin\u00e9 !","og_url":"https:\/\/collall.nl\/fr\/product\/collall-colle-puzzle\/","og_site_name":"Collall","article_publisher":"https:\/\/www.facebook.com\/people\/Collall\/100064976852539\/","article_modified_time":"2025-06-12T09:28:16+00:00","og_image":[{"width":1000,"height":1000,"url":"https:\/\/collall.nl\/wp-content\/uploads\/2022\/03\/Collall-Puzzle-glue-100ml.jpg","type":"image\/jpeg"}],"twitter_card":"summary_large_image","twitter_misc":{"Dur\u00e9e de lecture estim\u00e9e":"3 minutes"},"schema":{"@context":"https:\/\/schema.org","@graph":[{"@type":"WebPage","@id":"https:\/\/collall.nl\/fr\/product\/collall-colle-puzzle\/","url":"https:\/\/collall.nl\/fr\/product\/collall-colle-puzzle\/","name":"Collall Colle Puzzle - Collall","isPartOf":{"@id":"https:\/\/collall.nl\/#website"},"primaryImageOfPage":{"@id":"https:\/\/collall.nl\/fr\/product\/collall-colle-puzzle\/#primaryimage"},"image":{"@id":"https:\/\/collall.nl\/fr\/product\/collall-colle-puzzle\/#primaryimage"},"thumbnailUrl":"https:\/\/collall.nl\/wp-content\/uploads\/2022\/03\/Collall-Puzzle-glue-100ml.jpg","datePublished":"2022-03-01T09:21:52+00:00","dateModified":"2025-06-12T09:28:16+00:00","description":"Collez et vernissez vos puzzles en bois et vos puzzles en carton avec la Colle \u00e0 Puzzle Collall. Profitez encore plus longtemps de votre puzzle termin\u00e9 !","breadcrumb":{"@id":"https:\/\/collall.nl\/fr\/product\/collall-colle-puzzle\/#breadcrumb"},"inLanguage":"fr-FR","potentialAction":[{"@type":"ReadAction","target":["https:\/\/collall.nl\/fr\/product\/collall-colle-puzzle\/"]}]},{"@type":"ImageObject","inLanguage":"fr-FR","@id":"https:\/\/collall.nl\/fr\/product\/collall-colle-puzzle\/#primaryimage","url":"https:\/\/collall.nl\/wp-content\/uploads\/2022\/03\/Collall-Puzzle-glue-100ml.jpg","contentUrl":"https:\/\/collall.nl\/wp-content\/uploads\/2022\/03\/Collall-Puzzle-glue-100ml.jpg","width":1000,"height":1000,"caption":"Collall Puzzellijm is een natuurlijke en voordelige lijm, waarmee je van je gelegde puzzel een kunstwerk maakt! Geniet nog langer van je voltooide puzzel!"},{"@type":"BreadcrumbList","@id":"https:\/\/collall.nl\/fr\/product\/collall-colle-puzzle\/#breadcrumb","itemListElement":[{"@type":"ListItem","position":1,"name":"Home","item":"https:\/\/collall.nl\/fr\/"},{"@type":"ListItem","position":2,"name":"Produits","item":"https:\/\/collall.nl\/fr\/produits\/"},{"@type":"ListItem","position":3,"name":"Collall Colle Puzzle"}]},{"@type":"WebSite","@id":"https:\/\/collall.nl\/#website","url":"https:\/\/collall.nl\/","name":"Collall","description":"Adhesives &amp; Paints since 1949","publisher":{"@id":"https:\/\/collall.nl\/#organization"},"potentialAction":[{"@type":"SearchAction","target":{"@type":"EntryPoint","urlTemplate":"https:\/\/collall.nl\/?s={search_term_string}"},"query-input":{"@type":"PropertyValueSpecification","valueRequired":true,"valueName":"search_term_string"}}],"inLanguage":"fr-FR"},{"@type":"Organization","@id":"https:\/\/collall.nl\/#organization","name":"Collall B.V.","url":"https:\/\/collall.nl\/","logo":{"@type":"ImageObject","inLanguage":"fr-FR","@id":"https:\/\/collall.nl\/#\/schema\/logo\/image\/","url":"https:\/\/collall.nl\/wp-content\/uploads\/2022\/08\/Collall-logo-186C_Reflex-blue.jpg","contentUrl":"https:\/\/collall.nl\/wp-content\/uploads\/2022\/08\/Collall-logo-186C_Reflex-blue.jpg","width":1963,"height":1179,"caption":"Collall B.V."},"image":{"@id":"https:\/\/collall.nl\/#\/schema\/logo\/image\/"},"sameAs":["https:\/\/www.facebook.com\/people\/Collall\/100064976852539\/","https:\/\/www.instagram.com\/collall_1949\/","https:\/\/nl.pinterest.com\/CollallBV\/","https:\/\/www.youtube.com\/channel\/UCrCGuwth_udZhTqJSh5g9zg"]}]}},"_links":{"self":[{"href":"https:\/\/collall.nl\/fr\/wp-json\/wp\/v2\/product\/10614","targetHints":{"allow":["GET"]}}],"collection":[{"href":"https:\/\/collall.nl\/fr\/wp-json\/wp\/v2\/product"}],"about":[{"href":"https:\/\/collall.nl\/fr\/wp-json\/wp\/v2\/types\/product"}],"replies":[{"embeddable":true,"href":"https:\/\/collall.nl\/fr\/wp-json\/wp\/v2\/comments?post=10614"}],"wp:featuredmedia":[{"embeddable":true,"href":"https:\/\/collall.nl\/fr\/wp-json\/wp\/v2\/media\/28929"}],"wp:attachment":[{"href":"https:\/\/collall.nl\/fr\/wp-json\/wp\/v2\/media?parent=10614"}],"wp:term":[{"taxonomy":"product_brand","embeddable":true,"href":"https:\/\/collall.nl\/fr\/wp-json\/wp\/v2\/product_brand?post=10614"},{"taxonomy":"product_cat","embeddable":true,"href":"https:\/\/collall.nl\/fr\/wp-json\/wp\/v2\/product_cat?post=10614"},{"taxonomy":"product_tag","embeddable":true,"href":"https:\/\/collall.nl\/fr\/wp-json\/wp\/v2\/product_tag?post=10614"}],"curies":[{"name":"wp","href":"https:\/\/api.w.org\/{rel}","templated":true}]}}