{"id":10593,"date":"2022-03-01T09:21:43","date_gmt":"2022-03-01T09:21:43","guid":{"rendered":"http:\/\/collall.test\/product\/collall-colle-photo-caoutchouc\/"},"modified":"2026-03-20T11:47:19","modified_gmt":"2026-03-20T10:47:19","slug":"collall-colle-photo","status":"publish","type":"product","link":"https:\/\/collall.nl\/fr\/product\/collall-colle-photo\/","title":{"rendered":"Collall Colle Photo"},"content":{"rendered":"<p><strong>Type de colle : <\/strong>Colle Photo est une colle repositionnable semi transparente\/l\u00e9g\u00e8rement jaun\u00e2tre sur base de caoutchouc naturel.<\/p>\n<p><strong>Apparence:\u00a0<\/strong><\/p>\n<ul>\n<li>liquide \u00e9pais<\/li>\n<li>transparent\/trouble<\/li>\n<li>odeur forte de solvant naphta<\/li>\n<\/ul>\n<p><strong>Propri\u00e9t\u00e9s : <\/strong>repositionnable, collage rapide, les r\u00e9sidus de colles peuvent \u00eatre facilement enlev\u00e9s en frottant<\/p>\n<p><strong>Propri\u00e9t\u00e9s chimiques : <\/strong>caoutchouc naturel, dilu\u00e9 dans du solvant naphta<\/p>\n<p><strong>PH : .<\/strong><\/p>\n<p><strong>Application : <\/strong>encollage de papier, carton, li\u00e8ge, textile, cuir, photos. Les objets coll\u00e9s peuvent \u00eatre, ult\u00e9rieurement, facilement d\u00e9tach\u00e9s.<\/p>\n<p><img loading=\"lazy\" decoding=\"async\" class=\"alignnone size-medium wp-image-27539\" src=\"https:\/\/collall.nl\/wp-content\/uploads\/2022\/03\/Collall-Gevarendriehoeken-Fotolijm-300x100.jpg\" alt=\"\" width=\"300\" height=\"100\" srcset=\"https:\/\/collall.nl\/wp-content\/uploads\/2022\/03\/Collall-Gevarendriehoeken-Fotolijm-300x100.jpg 300w, https:\/\/collall.nl\/wp-content\/uploads\/2022\/03\/Collall-Gevarendriehoeken-Fotolijm-420x139.jpg 420w, https:\/\/collall.nl\/wp-content\/uploads\/2022\/03\/Collall-Gevarendriehoeken-Fotolijm-600x199.jpg 600w, https:\/\/collall.nl\/wp-content\/uploads\/2022\/03\/Collall-Gevarendriehoeken-Fotolijm.jpg 612w\" sizes=\"auto, (max-width: 300px) 100vw, 300px\" \/><\/p>\n<p><strong>Danger!<\/strong> Contient: Hydrocarbons, C6-C7, n-alkanes, isoalkanes, cyclics, &lt;5% n-hexane.<\/p>\n<p>Liquide et vapeurs tr\u00e8s inflammables. Provoque une irritation cutan\u00e9e. Peut provoquer somnolence ou vertiges. Toxique pour les organismes aquatiques, entra\u00eene des effets n\u00e9fastes \u00e0 long terme. En cas de consultation d&rsquo;un m\u00e9decin, garder \u00e0 disposition le r\u00e9cipient ou l&rsquo;\u00e9tiquette. Tenir hors de port\u00e9e des enfants. Lire attentivement et bien respecter toutes les instructions. Tenir \u00e0 l&rsquo;\u00e9cart de la chaleur, des surfaces chaudes, des \u00e9tincelles, des flammes nues et de toute autre source d&rsquo;inflammation. Ne pas fumer. \u00c9viter de respirer les vapeurs. \u00c9viter le rejet dans l&rsquo;environnement. EN CAS DE CONTACT AVEC LA PEAU (ou les cheveux): Enlever imm\u00e9diatement tous les v\u00eatements contamin\u00e9s. Rincer la peau \u00e0 l&rsquo;eau [ou se doucher]. Stocker dans un endroit bien ventil\u00e9. Maintenir le r\u00e9cipient ferm\u00e9 de mani\u00e8re \u00e9tanche. \u00c9liminer le contenu\/r\u00e9cipient conform\u00e9ment \u00e0 la r\u00e9glementation locale\/r\u00e9gionale\/nationale\/internationale.<\/p>\n<p><strong>Attention :<\/strong> contient du solvant, risque donc d\u2019endommager des mat\u00e9riaux (laqu\u00e9s).<\/p>\n<p><strong>Adapt\u00e9e aux : <\/strong>enfants \u00e0 partir de 6 ans, utiliser sous surveillance<\/p>\n<p><strong>Taches : <\/strong>ne pas traiter \u00e0 l\u2019eau, mais \u00e9liminer avec de l\u2019essence (solvant naphta) ou du diluant Collall pour colle photo.<\/p>\n<h4><strong>Qu&rsquo;est-ce qui rend la colle photo Collall unique et sp\u00e9ciale ?<\/strong><\/h4>\n<p>\u2022 <strong>Repositionnable :<\/strong> La colle photo Collall est unique car elle permet de repositionner les photos et les mat\u00e9riaux l\u00e9gers. Cela la rend id\u00e9ale pour les projets o\u00f9 la pr\u00e9cision est importante, comme le scrapbooking ou la cr\u00e9ation de collages.<\/p>\n<p>\u2022 <strong>Amovible :<\/strong> L\u2019exc\u00e8s de colle peut g\u00e9n\u00e9ralement \u00eatre facilement retir\u00e9 en l\u2019essuyant doucement. Cela fonctionne mieux lorsque la colle n&rsquo;est pas encore compl\u00e8tement durcie. Attention \u00e0 ne pas ab\u00eemer la surface.<\/p>\n<p>\u2022 <strong>\u00c0 base de solvant :<\/strong> La colle est fabriqu\u00e9e \u00e0 partir de caoutchouc naturel et contient des solvants, ce qui permet une adh\u00e9rence rapide, forte et flexible.<\/p>\n<p>\u2022 <strong>R\u00e9sultat sans plis :<\/strong> Un des plus grands avantages est que la colle photo Collall offre une adh\u00e9rence pratiquement sans plis, essentielle pour coller proprement des photos et d&rsquo;autres mat\u00e9riaux fins (toujours tester d&rsquo;abord).<\/p>\n<p>\u2022 <strong>Convient \u00e0 divers mat\u00e9riaux :<\/strong> Comme son nom l&rsquo;indique, le produit est principalement destin\u00e9 aux photos, mais il peut \u00e9galement \u00eatre utilis\u00e9 sur d&rsquo;autres types de papier, de carton et de mat\u00e9riaux l\u00e9gers, le rendant polyvalent pour des projets cr\u00e9atifs.<\/p>\n<h2><strong>Que pouvez-vous cr\u00e9er avec <\/strong><\/h2>\n<h2><strong>la Colle Photo Collall ?<\/strong><\/h2>\n<ol>\n<li><strong>Albums photo et scrapbooks :<\/strong> Cr\u00e9ez de magnifiques albums photo et scrapbooks sans plis o\u00f9 vous pouvez repositionner vos photos jusqu&rsquo;\u00e0 obtenir la disposition parfaite.<\/li>\n<li><strong>Collages :<\/strong> Cr\u00e9ez des collages personnalis\u00e9s o\u00f9 vous pouvez d\u00e9placer les photos et autres mat\u00e9riaux l\u00e9gers plusieurs fois sans ab\u00eemer la surface.<\/li>\n<li><strong>Cartes de v\u0153ux :<\/strong> Concevez des cartes de v\u0153ux uniques avec des photos et images soigneusement plac\u00e9es que vous pouvez facilement repositionner jusqu&rsquo;\u00e0 ce qu&rsquo;elles soient parfaitement align\u00e9es.<\/li>\n<li><strong>Pr\u00e9sentations :<\/strong> Utilisez la colle photo Collall pour r\u00e9aliser des pr\u00e9sentations visuellement attrayantes, o\u00f9 vous pouvez coller et repositionner des photos ou des images sur des panneaux de pr\u00e9sentation pour un r\u00e9sultat parfait.<\/li>\n<\/ol>\n<p><img loading=\"lazy\" decoding=\"async\" class=\"alignnone size-medium wp-image-28860\" src=\"https:\/\/collall.nl\/wp-content\/uploads\/2022\/03\/COLFO-Collall-Photo-Glue-Bird-300x200.jpg\" alt=\"\" width=\"300\" height=\"200\" \/><\/p>\n<p><strong>Cr\u00e9ez une \u0153uvre d&rsquo;art unique avec un effet surprenant !<\/strong><\/p>\n<p>Faites quelque chose de totalement diff\u00e9rent avec la colle photo Collall. Dessinez un motif ou un autre design avec la colle photo Collall sur une feuille de papier \u00e9pais. Laissez la colle s\u00e9cher, puis peignez avec <a href=\"https:\/\/collall.nl\/fr\/product\/aquatint-2\/\" target=\"_blank\" rel=\"noopener\">la peinture liquide Collall AquaTint<\/a> sur votre dessin. Une fois la peinture s\u00e8che, frottez doucement la colle photo. Le r\u00e9sultat ? Une magnifique \u0153uvre d&rsquo;art avec un effet sp\u00e9cial, o\u00f9 votre dessin original reste visible sous forme de lignes blanches sur le fond !<\/p>\n","protected":false},"excerpt":{"rendered":"<p>Colle repositionnable semi transparente\/l\u00e9g\u00e8rement jaun\u00e2tre.<\/p>\n","protected":false},"featured_media":29302,"comment_status":"open","ping_status":"closed","template":"","meta":{"_acf_changed":false},"product_brand":[],"product_cat":[174],"product_tag":[],"class_list":{"0":"post-10593","1":"product","2":"type-product","3":"status-publish","4":"has-post-thumbnail","6":"product_cat-colle-et-vernis-colle","8":"first","9":"instock","10":"shipping-taxable","11":"purchasable","12":"product-type-variable"},"acf":[],"yoast_head":"<!-- This site is optimized with the Yoast SEO plugin v27.2 - https:\/\/yoast.com\/product\/yoast-seo-wordpress\/ -->\n<title>Collall Colle Photo - Collall<\/title>\n<meta name=\"description\" content=\"Colle Photo est une colle repositionnable semi transparente\/l\u00e9g\u00e8rement jaun\u00e2tre sur base de caoutchouc naturel.\" \/>\n<meta name=\"robots\" content=\"index, follow, max-snippet:-1, max-image-preview:large, max-video-preview:-1\" \/>\n<link rel=\"canonical\" href=\"https:\/\/collall.nl\/fr\/product\/collall-colle-photo\/\" \/>\n<meta property=\"og:locale\" content=\"fr_FR\" \/>\n<meta property=\"og:type\" content=\"article\" \/>\n<meta property=\"og:title\" content=\"Collall Colle Photo - Collall\" \/>\n<meta property=\"og:description\" content=\"Colle Photo est une colle repositionnable semi transparente\/l\u00e9g\u00e8rement jaun\u00e2tre sur base de caoutchouc naturel.\" \/>\n<meta property=\"og:url\" content=\"https:\/\/collall.nl\/fr\/product\/collall-colle-photo\/\" \/>\n<meta property=\"og:site_name\" content=\"Collall\" \/>\n<meta property=\"article:publisher\" content=\"https:\/\/www.facebook.com\/people\/Collall\/100064976852539\/\" \/>\n<meta property=\"article:modified_time\" content=\"2026-03-20T10:47:19+00:00\" \/>\n<meta property=\"og:image\" content=\"https:\/\/collall.nl\/wp-content\/uploads\/2022\/03\/COLFO0100-Collall-Fotolijm.jpg\" \/>\n\t<meta property=\"og:image:width\" content=\"1000\" \/>\n\t<meta property=\"og:image:height\" content=\"1000\" \/>\n\t<meta property=\"og:image:type\" content=\"image\/jpeg\" \/>\n<meta name=\"twitter:card\" content=\"summary_large_image\" \/>\n<meta name=\"twitter:label1\" content=\"Dur\u00e9e de lecture estim\u00e9e\" \/>\n\t<meta name=\"twitter:data1\" content=\"4 minutes\" \/>\n<script type=\"application\/ld+json\" class=\"yoast-schema-graph\">{\"@context\":\"https:\/\/schema.org\",\"@graph\":[{\"@type\":\"WebPage\",\"@id\":\"https:\/\/collall.nl\/fr\/product\/collall-colle-photo\/\",\"url\":\"https:\/\/collall.nl\/fr\/product\/collall-colle-photo\/\",\"name\":\"Collall Colle Photo - Collall\",\"isPartOf\":{\"@id\":\"https:\/\/collall.nl\/#website\"},\"primaryImageOfPage\":{\"@id\":\"https:\/\/collall.nl\/fr\/product\/collall-colle-photo\/#primaryimage\"},\"image\":{\"@id\":\"https:\/\/collall.nl\/fr\/product\/collall-colle-photo\/#primaryimage\"},\"thumbnailUrl\":\"https:\/\/collall.nl\/wp-content\/uploads\/2022\/03\/COLFO0100-Collall-Fotolijm.jpg\",\"datePublished\":\"2022-03-01T09:21:43+00:00\",\"dateModified\":\"2026-03-20T10:47:19+00:00\",\"description\":\"Colle Photo est une colle repositionnable semi transparente\/l\u00e9g\u00e8rement jaun\u00e2tre sur base de caoutchouc naturel.\",\"breadcrumb\":{\"@id\":\"https:\/\/collall.nl\/fr\/product\/collall-colle-photo\/#breadcrumb\"},\"inLanguage\":\"fr-FR\",\"potentialAction\":[{\"@type\":\"ReadAction\",\"target\":[\"https:\/\/collall.nl\/fr\/product\/collall-colle-photo\/\"]}]},{\"@type\":\"ImageObject\",\"inLanguage\":\"fr-FR\",\"@id\":\"https:\/\/collall.nl\/fr\/product\/collall-colle-photo\/#primaryimage\",\"url\":\"https:\/\/collall.nl\/wp-content\/uploads\/2022\/03\/COLFO0100-Collall-Fotolijm.jpg\",\"contentUrl\":\"https:\/\/collall.nl\/wp-content\/uploads\/2022\/03\/COLFO0100-Collall-Fotolijm.jpg\",\"width\":1000,\"height\":1000},{\"@type\":\"BreadcrumbList\",\"@id\":\"https:\/\/collall.nl\/fr\/product\/collall-colle-photo\/#breadcrumb\",\"itemListElement\":[{\"@type\":\"ListItem\",\"position\":1,\"name\":\"Home\",\"item\":\"https:\/\/collall.nl\/fr\/\"},{\"@type\":\"ListItem\",\"position\":2,\"name\":\"Produits\",\"item\":\"https:\/\/collall.nl\/fr\/produits\/\"},{\"@type\":\"ListItem\",\"position\":3,\"name\":\"Collall Colle Photo\"}]},{\"@type\":\"WebSite\",\"@id\":\"https:\/\/collall.nl\/#website\",\"url\":\"https:\/\/collall.nl\/\",\"name\":\"Collall\",\"description\":\"Adhesives &amp; Paints since 1949\",\"publisher\":{\"@id\":\"https:\/\/collall.nl\/#organization\"},\"potentialAction\":[{\"@type\":\"SearchAction\",\"target\":{\"@type\":\"EntryPoint\",\"urlTemplate\":\"https:\/\/collall.nl\/?s={search_term_string}\"},\"query-input\":{\"@type\":\"PropertyValueSpecification\",\"valueRequired\":true,\"valueName\":\"search_term_string\"}}],\"inLanguage\":\"fr-FR\"},{\"@type\":\"Organization\",\"@id\":\"https:\/\/collall.nl\/#organization\",\"name\":\"Collall B.V.\",\"url\":\"https:\/\/collall.nl\/\",\"logo\":{\"@type\":\"ImageObject\",\"inLanguage\":\"fr-FR\",\"@id\":\"https:\/\/collall.nl\/#\/schema\/logo\/image\/\",\"url\":\"https:\/\/collall.nl\/wp-content\/uploads\/2022\/08\/Collall-logo-186C_Reflex-blue.jpg\",\"contentUrl\":\"https:\/\/collall.nl\/wp-content\/uploads\/2022\/08\/Collall-logo-186C_Reflex-blue.jpg\",\"width\":1963,\"height\":1179,\"caption\":\"Collall B.V.\"},\"image\":{\"@id\":\"https:\/\/collall.nl\/#\/schema\/logo\/image\/\"},\"sameAs\":[\"https:\/\/www.facebook.com\/people\/Collall\/100064976852539\/\",\"https:\/\/www.instagram.com\/collall_1949\/\",\"https:\/\/nl.pinterest.com\/CollallBV\/\",\"https:\/\/www.youtube.com\/channel\/UCrCGuwth_udZhTqJSh5g9zg\"]}]}<\/script>\n<!-- \/ Yoast SEO plugin. -->","yoast_head_json":{"title":"Collall Colle Photo - Collall","description":"Colle Photo est une colle repositionnable semi transparente\/l\u00e9g\u00e8rement jaun\u00e2tre sur base de caoutchouc naturel.","robots":{"index":"index","follow":"follow","max-snippet":"max-snippet:-1","max-image-preview":"max-image-preview:large","max-video-preview":"max-video-preview:-1"},"canonical":"https:\/\/collall.nl\/fr\/product\/collall-colle-photo\/","og_locale":"fr_FR","og_type":"article","og_title":"Collall Colle Photo - Collall","og_description":"Colle Photo est une colle repositionnable semi transparente\/l\u00e9g\u00e8rement jaun\u00e2tre sur base de caoutchouc naturel.","og_url":"https:\/\/collall.nl\/fr\/product\/collall-colle-photo\/","og_site_name":"Collall","article_publisher":"https:\/\/www.facebook.com\/people\/Collall\/100064976852539\/","article_modified_time":"2026-03-20T10:47:19+00:00","og_image":[{"width":1000,"height":1000,"url":"https:\/\/collall.nl\/wp-content\/uploads\/2022\/03\/COLFO0100-Collall-Fotolijm.jpg","type":"image\/jpeg"}],"twitter_card":"summary_large_image","twitter_misc":{"Dur\u00e9e de lecture estim\u00e9e":"4 minutes"},"schema":{"@context":"https:\/\/schema.org","@graph":[{"@type":"WebPage","@id":"https:\/\/collall.nl\/fr\/product\/collall-colle-photo\/","url":"https:\/\/collall.nl\/fr\/product\/collall-colle-photo\/","name":"Collall Colle Photo - Collall","isPartOf":{"@id":"https:\/\/collall.nl\/#website"},"primaryImageOfPage":{"@id":"https:\/\/collall.nl\/fr\/product\/collall-colle-photo\/#primaryimage"},"image":{"@id":"https:\/\/collall.nl\/fr\/product\/collall-colle-photo\/#primaryimage"},"thumbnailUrl":"https:\/\/collall.nl\/wp-content\/uploads\/2022\/03\/COLFO0100-Collall-Fotolijm.jpg","datePublished":"2022-03-01T09:21:43+00:00","dateModified":"2026-03-20T10:47:19+00:00","description":"Colle Photo est une colle repositionnable semi transparente\/l\u00e9g\u00e8rement jaun\u00e2tre sur base de caoutchouc naturel.","breadcrumb":{"@id":"https:\/\/collall.nl\/fr\/product\/collall-colle-photo\/#breadcrumb"},"inLanguage":"fr-FR","potentialAction":[{"@type":"ReadAction","target":["https:\/\/collall.nl\/fr\/product\/collall-colle-photo\/"]}]},{"@type":"ImageObject","inLanguage":"fr-FR","@id":"https:\/\/collall.nl\/fr\/product\/collall-colle-photo\/#primaryimage","url":"https:\/\/collall.nl\/wp-content\/uploads\/2022\/03\/COLFO0100-Collall-Fotolijm.jpg","contentUrl":"https:\/\/collall.nl\/wp-content\/uploads\/2022\/03\/COLFO0100-Collall-Fotolijm.jpg","width":1000,"height":1000},{"@type":"BreadcrumbList","@id":"https:\/\/collall.nl\/fr\/product\/collall-colle-photo\/#breadcrumb","itemListElement":[{"@type":"ListItem","position":1,"name":"Home","item":"https:\/\/collall.nl\/fr\/"},{"@type":"ListItem","position":2,"name":"Produits","item":"https:\/\/collall.nl\/fr\/produits\/"},{"@type":"ListItem","position":3,"name":"Collall Colle Photo"}]},{"@type":"WebSite","@id":"https:\/\/collall.nl\/#website","url":"https:\/\/collall.nl\/","name":"Collall","description":"Adhesives &amp; Paints since 1949","publisher":{"@id":"https:\/\/collall.nl\/#organization"},"potentialAction":[{"@type":"SearchAction","target":{"@type":"EntryPoint","urlTemplate":"https:\/\/collall.nl\/?s={search_term_string}"},"query-input":{"@type":"PropertyValueSpecification","valueRequired":true,"valueName":"search_term_string"}}],"inLanguage":"fr-FR"},{"@type":"Organization","@id":"https:\/\/collall.nl\/#organization","name":"Collall B.V.","url":"https:\/\/collall.nl\/","logo":{"@type":"ImageObject","inLanguage":"fr-FR","@id":"https:\/\/collall.nl\/#\/schema\/logo\/image\/","url":"https:\/\/collall.nl\/wp-content\/uploads\/2022\/08\/Collall-logo-186C_Reflex-blue.jpg","contentUrl":"https:\/\/collall.nl\/wp-content\/uploads\/2022\/08\/Collall-logo-186C_Reflex-blue.jpg","width":1963,"height":1179,"caption":"Collall B.V."},"image":{"@id":"https:\/\/collall.nl\/#\/schema\/logo\/image\/"},"sameAs":["https:\/\/www.facebook.com\/people\/Collall\/100064976852539\/","https:\/\/www.instagram.com\/collall_1949\/","https:\/\/nl.pinterest.com\/CollallBV\/","https:\/\/www.youtube.com\/channel\/UCrCGuwth_udZhTqJSh5g9zg"]}]}},"_links":{"self":[{"href":"https:\/\/collall.nl\/fr\/wp-json\/wp\/v2\/product\/10593","targetHints":{"allow":["GET"]}}],"collection":[{"href":"https:\/\/collall.nl\/fr\/wp-json\/wp\/v2\/product"}],"about":[{"href":"https:\/\/collall.nl\/fr\/wp-json\/wp\/v2\/types\/product"}],"replies":[{"embeddable":true,"href":"https:\/\/collall.nl\/fr\/wp-json\/wp\/v2\/comments?post=10593"}],"wp:featuredmedia":[{"embeddable":true,"href":"https:\/\/collall.nl\/fr\/wp-json\/wp\/v2\/media\/29302"}],"wp:attachment":[{"href":"https:\/\/collall.nl\/fr\/wp-json\/wp\/v2\/media?parent=10593"}],"wp:term":[{"taxonomy":"product_brand","embeddable":true,"href":"https:\/\/collall.nl\/fr\/wp-json\/wp\/v2\/product_brand?post=10593"},{"taxonomy":"product_cat","embeddable":true,"href":"https:\/\/collall.nl\/fr\/wp-json\/wp\/v2\/product_cat?post=10593"},{"taxonomy":"product_tag","embeddable":true,"href":"https:\/\/collall.nl\/fr\/wp-json\/wp\/v2\/product_tag?post=10593"}],"curies":[{"name":"wp","href":"https:\/\/api.w.org\/{rel}","templated":true}]}}