{"id":10554,"date":"2022-03-01T09:21:22","date_gmt":"2022-03-01T09:21:23","guid":{"rendered":"http:\/\/collall.test\/product\/collall-colle-quilling\/"},"modified":"2025-05-08T12:38:17","modified_gmt":"2025-05-08T10:38:17","slug":"collall-colle-quilling","status":"publish","type":"product","link":"https:\/\/collall.nl\/fr\/product\/collall-colle-quilling\/","title":{"rendered":"Collall Colle Quilling"},"content":{"rendered":"<div><strong>Application :<\/strong> Collall Quillinglijm est une colle PVAc sp\u00e9cialement con\u00e7ue pour les \u0153uvres d&rsquo;art en papier fin (filigrane) et les techniques de quilling (rouleaux de papier). Gr\u00e2ce au flacon pratique avec une ouverture fine, vous pouvez appliquer la colle avec pr\u00e9cision, m\u00eame sur les parties les plus d\u00e9licates.<\/div>\n<div><\/div>\n<div><img loading=\"lazy\" decoding=\"async\" class=\"alignnone size-medium wp-image-26923\" src=\"https:\/\/collall.nl\/wp-content\/uploads\/2024\/01\/COLLVD220000-300x156.jpg\" alt=\"COLLVD220000\" width=\"300\" height=\"156\" srcset=\"https:\/\/collall.nl\/wp-content\/uploads\/2024\/01\/COLLVD220000-300x156.jpg 300w, https:\/\/collall.nl\/wp-content\/uploads\/2024\/01\/COLLVD220000-1024x533.jpg 1024w, https:\/\/collall.nl\/wp-content\/uploads\/2024\/01\/COLLVD220000-768x399.jpg 768w, https:\/\/collall.nl\/wp-content\/uploads\/2024\/01\/COLLVD220000-420x218.jpg 420w, https:\/\/collall.nl\/wp-content\/uploads\/2024\/01\/COLLVD220000-600x312.jpg 600w, https:\/\/collall.nl\/wp-content\/uploads\/2024\/01\/COLLVD220000.jpg 1042w\" sizes=\"auto, (max-width: 300px) 100vw, 300px\" \/><\/div>\n<div><strong>Propri\u00e9t\u00e9s :<\/strong><\/div>\n<div>\n<ul>\n<li>Liquide blanc<\/li>\n<li>S\u00e8che transparente<\/li>\n<li>\u00c9lastique<\/li>\n<li>Forte adh\u00e9rence<\/li>\n<\/ul>\n<p><strong>Solvant :<\/strong> eau<\/p>\n<p><strong>Ingr\u00e9dient principal :<\/strong> polyvinylac\u00e9tate PVAc<\/p>\n<p class=\"p1\"><b>Ingr\u00e9dients naturels : <\/b>40%<\/p>\n<p class=\"p1\"><b>Viscosit\u00e9 : <\/b>12.000 mPa.s<\/p>\n<p><strong>pH<\/strong>: 6<\/p>\n<p><strong>Ingr\u00e9dient principal<\/strong> : 1,10 kg\/dm\u00b3<\/p>\n<p><strong>CE :<\/strong> \u2013<\/p>\n<p><strong>Consommation de colle :<\/strong> environ 200 grammes par m\u00e8tre carr\u00e9. L&rsquo;application normale se fait par goutte \u00e0 goutte.<\/p>\n<p><strong>Utilisation : <\/strong><\/p>\n<ul>\n<li>Les mat\u00e9riaux \u00e0 coller doivent \u00eatre secs et exempts de poussi\u00e8re et de salet\u00e9.<\/li>\n<li>Utilisez cette colle directement \u00e0 partir du flacon.<\/li>\n<li>Le flacon a une ouverture fine pour une utilisation tr\u00e8s pr\u00e9cise de la colle.<\/li>\n<\/ul>\n<p><strong>Allerg\u00e8nes :<\/strong> contient du CMIT\/MIT et du 1,2-benzisothiazol-3(2H)-one. Peut produire une r\u00e9action allergique<\/p>\n<p><strong>Adapt\u00e9e aux :<\/strong> convient aux enfants de partir de 6 ans.<\/p>\n<p><strong>Taches : <\/strong><\/p>\n<ul>\n<li>Lorsque la colle est encore humide, l&rsquo;outil peut \u00eatre nettoy\u00e9 \u00e0 l&rsquo;eau (si n\u00e9cessaire, un d\u00e9tergent synth\u00e9tique peut \u00eatre ajout\u00e9 \u00e0 l&rsquo;eau).<\/li>\n<li>Les traces de colle s\u00e9ch\u00e9e doivent \u00eatre tremp\u00e9es dans de l&rsquo;eau chaude puis enlev\u00e9es avec une brosse.<\/li>\n<\/ul>\n<\/div>\n<p>&nbsp;<\/p>\n<h2><strong>\u00c9tapes pour cr\u00e9er une \u0153uvre de quilling<\/strong><\/h2>\n<p><strong>Mat\u00e9riaux : <\/strong><\/p>\n<ul>\n<li>Collall Quillinglijm<\/li>\n<li>Bandes de papier pour quilling<\/li>\n<li><a href=\"https:\/\/collall.nl\/fr\/product\/collall-poincons\/\">Collall poin\u00e7ons grande<\/a> comme outil pour le quilling<\/li>\n<li>Papier ou carton comme base pour votre \u0153uvre d&rsquo;art<\/li>\n<\/ul>\n<p><strong>Optionnel :<\/strong> pince pour manipuler les petites pi\u00e8ces<\/p>\n<ul>\n<li>Imaginez le type de design que vous souhaitez r\u00e9aliser. Peut-\u00eatre voulez-vous cr\u00e9er des fleurs, des animaux, des formes g\u00e9om\u00e9triques ou autre chose.<\/li>\n<li>D\u00e9coupez les bandes de papier pour quilling \u00e0 la longueur et \u00e0 la largeur d\u00e9sir\u00e9es, en fonction de votre design. Les bandes longues sont pratiques pour les formes larges, tandis que les bandes courtes conviennent aux d\u00e9tails plus petits.<\/li>\n<li>Enroulez les bandes de papier : utilisez votre outil de quilling ou la Collall prikpen pour pincer l&rsquo;extr\u00e9mit\u00e9 d&rsquo;une bande de papier et enroulez ensuite le papier serr\u00e9 autour de l&rsquo;outil. Une fois que vous avez atteint le motif d&rsquo;enroulement souhait\u00e9, rel\u00e2chez doucement le rouleau et laissez le papier conserver sa forme. Vous pouvez cr\u00e9er diff\u00e9rentes formes et tailles en variant la tension de l&rsquo;enroulement et la taille du rouleau.<\/li>\n<li>Fixation des rouleaux : appliquez une petite quantit\u00e9 de Collall Quillinglijm \u00e0 l&rsquo;extr\u00e9mit\u00e9 du rouleau et appuyez fermement pour \u00e9viter qu&rsquo;il ne se d\u00e9tache. R\u00e9p\u00e9tez ce processus pour toutes les bandes de papier dont vous avez besoin pour votre design.<\/li>\n<li>Commencez maintenant \u00e0 former les diff\u00e9rentes formes de quilling dont vous avez besoin pour votre design. Il peut s&rsquo;agir de formes simples telles que des cercles, des c\u0153urs ou des ovales, ou de formes plus complexes telles que des p\u00e9tales de fleurs ou des corps d&rsquo;animaux. Utilisez Collall Quillinglijm pour maintenir les pi\u00e8ces form\u00e9es en place sur votre papier ou carton de base. Vous pouvez appliquer la colle directement sur le papier ou appliquer une petite quantit\u00e9 sur la forme de quilling elle-m\u00eame avant de la placer sur le papier.<\/li>\n<li>Laissez s\u00e9cher : laissez s\u00e9cher compl\u00e8tement votre \u0153uvre de quilling avant de la d\u00e9placer ou de l&rsquo;exposer. Collall Quillinglijm a une adh\u00e9rence rapide et s\u00e8che assez rapidement, mais il peut falloir un certain temps pour que toutes les couches soient compl\u00e8tement durcies. Cela d\u00e9pend du nombre de couches et de l&rsquo;\u00e9paisseur du papier.<\/li>\n<\/ul>\n<p><strong>Optionnel :<\/strong> finition, si vous le souhaitez, vous pouvez personnaliser davantage votre \u0153uvre de quilling en ajoutant des d\u00e9tails suppl\u00e9mentaires tels que des <a href=\"https:\/\/collall.nl\/fr\/product\/colorall-flash-glitter-2\/\">Flash Glitter<\/a>, de la peinture ou d&rsquo;autres \u00e9l\u00e9ments d\u00e9coratifs.<\/p>\n","protected":false},"excerpt":{"rendered":"<p>Collall Quillinglijm est con\u00e7ue pour le quilling, une forme d&rsquo;art cr\u00e9ative o\u00f9 de fines bandes de papier sont enroul\u00e9es et pli\u00e9es pour cr\u00e9er des d\u00e9corations d\u00e9coratives. Cette technique est utilis\u00e9e pour \u00e9gayer des cartes, des bo\u00eetes et plus encore avec des motifs en bandes de papier color\u00e9. Avec le papier Quilling, vous pouvez cr\u00e9er des fleurs, des animaux, des \u00e9toiles, des papillons, des hiboux et bien plus encore.<\/p>\n","protected":false},"featured_media":18552,"comment_status":"open","ping_status":"closed","template":"","meta":{"_acf_changed":false},"product_brand":[],"product_cat":[174],"product_tag":[3203],"class_list":{"0":"post-10554","1":"product","2":"type-product","3":"status-publish","4":"has-post-thumbnail","6":"product_cat-colle-et-vernis-colle","7":"product_tag-pvac-fr","9":"first","10":"instock","11":"shipping-taxable","12":"purchasable","13":"product-type-variable"},"acf":[],"yoast_head":"<!-- This site is optimized with the Yoast SEO plugin v27.2 - https:\/\/yoast.com\/product\/yoast-seo-wordpress\/ -->\n<title>Collall Colle Quilling - Collall<\/title>\n<meta name=\"description\" content=\"Collall Quillinglijm est une colle PVAc sp\u00e9cialement con\u00e7ue pour les \u0153uvres d&#039;art en papier fin et les techniques de quilling (rouleaux de papier).\" \/>\n<meta name=\"robots\" content=\"index, follow, max-snippet:-1, max-image-preview:large, max-video-preview:-1\" \/>\n<link rel=\"canonical\" href=\"https:\/\/collall.nl\/fr\/product\/collall-colle-quilling\/\" \/>\n<meta property=\"og:locale\" content=\"fr_FR\" \/>\n<meta property=\"og:type\" content=\"article\" \/>\n<meta property=\"og:title\" content=\"Collall Colle Quilling - Collall\" \/>\n<meta property=\"og:description\" content=\"Collall Quillinglijm est une colle PVAc sp\u00e9cialement con\u00e7ue pour les \u0153uvres d&#039;art en papier fin et les techniques de quilling (rouleaux de papier).\" \/>\n<meta property=\"og:url\" content=\"https:\/\/collall.nl\/fr\/product\/collall-colle-quilling\/\" \/>\n<meta property=\"og:site_name\" content=\"Collall\" \/>\n<meta property=\"article:publisher\" content=\"https:\/\/www.facebook.com\/people\/Collall\/100064976852539\/\" \/>\n<meta property=\"article:modified_time\" content=\"2025-05-08T10:38:17+00:00\" \/>\n<meta property=\"og:image\" content=\"https:\/\/collall.nl\/wp-content\/uploads\/2022\/03\/COLQL0025.jpg\" \/>\n\t<meta property=\"og:image:width\" content=\"800\" \/>\n\t<meta property=\"og:image:height\" content=\"800\" \/>\n\t<meta property=\"og:image:type\" content=\"image\/jpeg\" \/>\n<meta name=\"twitter:card\" content=\"summary_large_image\" \/>\n<meta name=\"twitter:label1\" content=\"Dur\u00e9e de lecture estim\u00e9e\" \/>\n\t<meta name=\"twitter:data1\" content=\"4 minutes\" \/>\n<script type=\"application\/ld+json\" class=\"yoast-schema-graph\">{\"@context\":\"https:\/\/schema.org\",\"@graph\":[{\"@type\":\"WebPage\",\"@id\":\"https:\/\/collall.nl\/fr\/product\/collall-colle-quilling\/\",\"url\":\"https:\/\/collall.nl\/fr\/product\/collall-colle-quilling\/\",\"name\":\"Collall Colle Quilling - Collall\",\"isPartOf\":{\"@id\":\"https:\/\/collall.nl\/#website\"},\"primaryImageOfPage\":{\"@id\":\"https:\/\/collall.nl\/fr\/product\/collall-colle-quilling\/#primaryimage\"},\"image\":{\"@id\":\"https:\/\/collall.nl\/fr\/product\/collall-colle-quilling\/#primaryimage\"},\"thumbnailUrl\":\"https:\/\/collall.nl\/wp-content\/uploads\/2022\/03\/COLQL0025.jpg\",\"datePublished\":\"2022-03-01T09:21:23+00:00\",\"dateModified\":\"2025-05-08T10:38:17+00:00\",\"description\":\"Collall Quillinglijm est une colle PVAc sp\u00e9cialement con\u00e7ue pour les \u0153uvres d'art en papier fin et les techniques de quilling (rouleaux de papier).\",\"breadcrumb\":{\"@id\":\"https:\/\/collall.nl\/fr\/product\/collall-colle-quilling\/#breadcrumb\"},\"inLanguage\":\"fr-FR\",\"potentialAction\":[{\"@type\":\"ReadAction\",\"target\":[\"https:\/\/collall.nl\/fr\/product\/collall-colle-quilling\/\"]}]},{\"@type\":\"ImageObject\",\"inLanguage\":\"fr-FR\",\"@id\":\"https:\/\/collall.nl\/fr\/product\/collall-colle-quilling\/#primaryimage\",\"url\":\"https:\/\/collall.nl\/wp-content\/uploads\/2022\/03\/COLQL0025.jpg\",\"contentUrl\":\"https:\/\/collall.nl\/wp-content\/uploads\/2022\/03\/COLQL0025.jpg\",\"width\":800,\"height\":800},{\"@type\":\"BreadcrumbList\",\"@id\":\"https:\/\/collall.nl\/fr\/product\/collall-colle-quilling\/#breadcrumb\",\"itemListElement\":[{\"@type\":\"ListItem\",\"position\":1,\"name\":\"Home\",\"item\":\"https:\/\/collall.nl\/fr\/\"},{\"@type\":\"ListItem\",\"position\":2,\"name\":\"Produits\",\"item\":\"https:\/\/collall.nl\/fr\/produits\/\"},{\"@type\":\"ListItem\",\"position\":3,\"name\":\"Collall Colle Quilling\"}]},{\"@type\":\"WebSite\",\"@id\":\"https:\/\/collall.nl\/#website\",\"url\":\"https:\/\/collall.nl\/\",\"name\":\"Collall\",\"description\":\"Adhesives &amp; Paints since 1949\",\"publisher\":{\"@id\":\"https:\/\/collall.nl\/#organization\"},\"potentialAction\":[{\"@type\":\"SearchAction\",\"target\":{\"@type\":\"EntryPoint\",\"urlTemplate\":\"https:\/\/collall.nl\/?s={search_term_string}\"},\"query-input\":{\"@type\":\"PropertyValueSpecification\",\"valueRequired\":true,\"valueName\":\"search_term_string\"}}],\"inLanguage\":\"fr-FR\"},{\"@type\":\"Organization\",\"@id\":\"https:\/\/collall.nl\/#organization\",\"name\":\"Collall B.V.\",\"url\":\"https:\/\/collall.nl\/\",\"logo\":{\"@type\":\"ImageObject\",\"inLanguage\":\"fr-FR\",\"@id\":\"https:\/\/collall.nl\/#\/schema\/logo\/image\/\",\"url\":\"https:\/\/collall.nl\/wp-content\/uploads\/2022\/08\/Collall-logo-186C_Reflex-blue.jpg\",\"contentUrl\":\"https:\/\/collall.nl\/wp-content\/uploads\/2022\/08\/Collall-logo-186C_Reflex-blue.jpg\",\"width\":1963,\"height\":1179,\"caption\":\"Collall B.V.\"},\"image\":{\"@id\":\"https:\/\/collall.nl\/#\/schema\/logo\/image\/\"},\"sameAs\":[\"https:\/\/www.facebook.com\/people\/Collall\/100064976852539\/\",\"https:\/\/www.instagram.com\/collall_1949\/\",\"https:\/\/nl.pinterest.com\/CollallBV\/\",\"https:\/\/www.youtube.com\/channel\/UCrCGuwth_udZhTqJSh5g9zg\"]}]}<\/script>\n<!-- \/ Yoast SEO plugin. -->","yoast_head_json":{"title":"Collall Colle Quilling - Collall","description":"Collall Quillinglijm est une colle PVAc sp\u00e9cialement con\u00e7ue pour les \u0153uvres d'art en papier fin et les techniques de quilling (rouleaux de papier).","robots":{"index":"index","follow":"follow","max-snippet":"max-snippet:-1","max-image-preview":"max-image-preview:large","max-video-preview":"max-video-preview:-1"},"canonical":"https:\/\/collall.nl\/fr\/product\/collall-colle-quilling\/","og_locale":"fr_FR","og_type":"article","og_title":"Collall Colle Quilling - Collall","og_description":"Collall Quillinglijm est une colle PVAc sp\u00e9cialement con\u00e7ue pour les \u0153uvres d'art en papier fin et les techniques de quilling (rouleaux de papier).","og_url":"https:\/\/collall.nl\/fr\/product\/collall-colle-quilling\/","og_site_name":"Collall","article_publisher":"https:\/\/www.facebook.com\/people\/Collall\/100064976852539\/","article_modified_time":"2025-05-08T10:38:17+00:00","og_image":[{"width":800,"height":800,"url":"https:\/\/collall.nl\/wp-content\/uploads\/2022\/03\/COLQL0025.jpg","type":"image\/jpeg"}],"twitter_card":"summary_large_image","twitter_misc":{"Dur\u00e9e de lecture estim\u00e9e":"4 minutes"},"schema":{"@context":"https:\/\/schema.org","@graph":[{"@type":"WebPage","@id":"https:\/\/collall.nl\/fr\/product\/collall-colle-quilling\/","url":"https:\/\/collall.nl\/fr\/product\/collall-colle-quilling\/","name":"Collall Colle Quilling - Collall","isPartOf":{"@id":"https:\/\/collall.nl\/#website"},"primaryImageOfPage":{"@id":"https:\/\/collall.nl\/fr\/product\/collall-colle-quilling\/#primaryimage"},"image":{"@id":"https:\/\/collall.nl\/fr\/product\/collall-colle-quilling\/#primaryimage"},"thumbnailUrl":"https:\/\/collall.nl\/wp-content\/uploads\/2022\/03\/COLQL0025.jpg","datePublished":"2022-03-01T09:21:23+00:00","dateModified":"2025-05-08T10:38:17+00:00","description":"Collall Quillinglijm est une colle PVAc sp\u00e9cialement con\u00e7ue pour les \u0153uvres d'art en papier fin et les techniques de quilling (rouleaux de papier).","breadcrumb":{"@id":"https:\/\/collall.nl\/fr\/product\/collall-colle-quilling\/#breadcrumb"},"inLanguage":"fr-FR","potentialAction":[{"@type":"ReadAction","target":["https:\/\/collall.nl\/fr\/product\/collall-colle-quilling\/"]}]},{"@type":"ImageObject","inLanguage":"fr-FR","@id":"https:\/\/collall.nl\/fr\/product\/collall-colle-quilling\/#primaryimage","url":"https:\/\/collall.nl\/wp-content\/uploads\/2022\/03\/COLQL0025.jpg","contentUrl":"https:\/\/collall.nl\/wp-content\/uploads\/2022\/03\/COLQL0025.jpg","width":800,"height":800},{"@type":"BreadcrumbList","@id":"https:\/\/collall.nl\/fr\/product\/collall-colle-quilling\/#breadcrumb","itemListElement":[{"@type":"ListItem","position":1,"name":"Home","item":"https:\/\/collall.nl\/fr\/"},{"@type":"ListItem","position":2,"name":"Produits","item":"https:\/\/collall.nl\/fr\/produits\/"},{"@type":"ListItem","position":3,"name":"Collall Colle Quilling"}]},{"@type":"WebSite","@id":"https:\/\/collall.nl\/#website","url":"https:\/\/collall.nl\/","name":"Collall","description":"Adhesives &amp; Paints since 1949","publisher":{"@id":"https:\/\/collall.nl\/#organization"},"potentialAction":[{"@type":"SearchAction","target":{"@type":"EntryPoint","urlTemplate":"https:\/\/collall.nl\/?s={search_term_string}"},"query-input":{"@type":"PropertyValueSpecification","valueRequired":true,"valueName":"search_term_string"}}],"inLanguage":"fr-FR"},{"@type":"Organization","@id":"https:\/\/collall.nl\/#organization","name":"Collall B.V.","url":"https:\/\/collall.nl\/","logo":{"@type":"ImageObject","inLanguage":"fr-FR","@id":"https:\/\/collall.nl\/#\/schema\/logo\/image\/","url":"https:\/\/collall.nl\/wp-content\/uploads\/2022\/08\/Collall-logo-186C_Reflex-blue.jpg","contentUrl":"https:\/\/collall.nl\/wp-content\/uploads\/2022\/08\/Collall-logo-186C_Reflex-blue.jpg","width":1963,"height":1179,"caption":"Collall B.V."},"image":{"@id":"https:\/\/collall.nl\/#\/schema\/logo\/image\/"},"sameAs":["https:\/\/www.facebook.com\/people\/Collall\/100064976852539\/","https:\/\/www.instagram.com\/collall_1949\/","https:\/\/nl.pinterest.com\/CollallBV\/","https:\/\/www.youtube.com\/channel\/UCrCGuwth_udZhTqJSh5g9zg"]}]}},"_links":{"self":[{"href":"https:\/\/collall.nl\/fr\/wp-json\/wp\/v2\/product\/10554","targetHints":{"allow":["GET"]}}],"collection":[{"href":"https:\/\/collall.nl\/fr\/wp-json\/wp\/v2\/product"}],"about":[{"href":"https:\/\/collall.nl\/fr\/wp-json\/wp\/v2\/types\/product"}],"replies":[{"embeddable":true,"href":"https:\/\/collall.nl\/fr\/wp-json\/wp\/v2\/comments?post=10554"}],"wp:featuredmedia":[{"embeddable":true,"href":"https:\/\/collall.nl\/fr\/wp-json\/wp\/v2\/media\/18552"}],"wp:attachment":[{"href":"https:\/\/collall.nl\/fr\/wp-json\/wp\/v2\/media?parent=10554"}],"wp:term":[{"taxonomy":"product_brand","embeddable":true,"href":"https:\/\/collall.nl\/fr\/wp-json\/wp\/v2\/product_brand?post=10554"},{"taxonomy":"product_cat","embeddable":true,"href":"https:\/\/collall.nl\/fr\/wp-json\/wp\/v2\/product_cat?post=10554"},{"taxonomy":"product_tag","embeddable":true,"href":"https:\/\/collall.nl\/fr\/wp-json\/wp\/v2\/product_tag?post=10554"}],"curies":[{"name":"wp","href":"https:\/\/api.w.org\/{rel}","templated":true}]}}