{"id":10537,"date":"2022-03-01T09:21:15","date_gmt":"2022-03-01T09:21:17","guid":{"rendered":"http:\/\/collall.test\/product\/collall-colle-en-spray\/"},"modified":"2025-03-25T12:32:49","modified_gmt":"2025-03-25T11:32:49","slug":"collall-colle-en-spray","status":"publish","type":"product","link":"https:\/\/collall.nl\/fr\/product\/collall-colle-en-spray\/","title":{"rendered":"Collall Colle en Spray"},"content":{"rendered":"<p><strong>Type de colle :<\/strong> colle facile \u00e0 vaporiser pour l\u2019encollage temporaire et\/ou permanent de grandes surfaces. Colle facile \u00e0 utiliser dans un a\u00e9rosol pratique, ce qui permet de l&rsquo;appliquer facilement sur des surfaces petites et grandes.<\/p>\n<p><strong>Apparence : <\/strong><\/p>\n<ul>\n<li>colle transparente et fluide<\/li>\n<\/ul>\n<p><strong>Application :\u00a0 <\/strong>papier, carton, vellum, plastique (e.a. pochoirs), textile, verre, bois et m\u00e9tal.<\/p>\n<p><strong>Utilisation : <\/strong>pour un encollage provisoire : vaporiser une des parties au moyen de la colle en spray Collall, laisser l\u00e9g\u00e8rement s\u2019\u00e9vaporer et assembler les deux parties. Pour un collage permanent: vaporiser la colle en spray sur les deux parties \u00e0 encoller, laisser l\u00e9g\u00e8rement s\u2019\u00e9vaporer et joindre les deux parties en appuyant fermement sur celles-ci.<\/p>\n<p class=\"p1\"><b>Ingr\u00e9dients naturels : <\/b>0%<\/p>\n<p class=\"p1\"><b>Viscosit\u00e9 : <\/b>&#8211; mPa.s<\/p>\n<p><strong>pH :<\/strong> &#8211;<\/p>\n<p><img loading=\"lazy\" decoding=\"async\" class=\"alignnone wp-image-27545\" src=\"https:\/\/collall.nl\/wp-content\/uploads\/2022\/03\/Collall-Lijmspry-gevaar.jpg\" alt=\"\" width=\"125\" height=\"126\" srcset=\"https:\/\/collall.nl\/wp-content\/uploads\/2022\/03\/Collall-Lijmspry-gevaar.jpg 201w, https:\/\/collall.nl\/wp-content\/uploads\/2022\/03\/Collall-Lijmspry-gevaar-150x150.jpg 150w, https:\/\/collall.nl\/wp-content\/uploads\/2022\/03\/Collall-Lijmspry-gevaar-100x100.jpg 100w\" sizes=\"auto, (max-width: 125px) 100vw, 125px\" \/><\/p>\n<p><strong>Danger!<\/strong> A\u00e9rosol extr\u00eamement inflammable. R\u00e9cipient sous pression: peut \u00e9clater sous l\u2019effet de la chaleur. Nocif pour les organismes aquatiques, entra\u00eene des effets n\u00e9fastes \u00e0 long terme.<\/p>\n<p class=\"p1\">En cas de consultation d&rsquo;un m\u00e9decin, garder \u00e0 disposition le r\u00e9cipient ou l&rsquo;\u00e9tiquette. Tenir hors de port\u00e9e des enfants. Lire attentivement et bien respecter toutes les instructions. Tenir \u00e0 l&rsquo;\u00e9cart de la chaleur, des surfaces chaudes, des \u00e9tincelles, des flammes nues et de toute autre source d&rsquo;inflammation. Ne pas fumer. Ne pas perforer, ni br\u00fbler, m\u00eame apr\u00e8s usage. Ne pas vaporiser sur une flamme nue ou sur toute autre source d&rsquo;ignition. \u00c9viter le rejet dans l&rsquo;environnement. Prot\u00e9ger du rayonnement solaire. Ne pas exposer \u00e0 une temp\u00e9rature sup\u00e9rieure \u00e0 50 \u00b0C\/122 \u00b0F. \u00c9liminer le contenu\/r\u00e9cipient conform\u00e9ment \u00e0 la r\u00e9glementation locale\/r\u00e9gionale\/ nationale\/internationale.<\/p>\n<p><strong>Adapt\u00e9e aux :\u00a0 <\/strong>enfants \u00e0 partir de 14 ans (utiliser sous surveillance)<\/p>\n<p><strong>Taches : <\/strong>ne pas traiter \u00e0 l\u2019eau, mais enlever avec de l\u2019ac\u00e9tone, du diluant pour colle Collall ou un papier absorbant et un fer \u00e0 repasser chaud.<\/p>\n<h4><strong>Avantages du spray de colle Collall<\/strong><\/h4>\n<ul>\n<li><strong>Rapide et facile \u00e0 utiliser :<\/strong> gr\u00e2ce \u00e0 l\u2019a\u00e9rosol, la colle peut \u00eatre appliqu\u00e9e de mani\u00e8re uniforme, m\u00eame sur de grandes surfaces.<\/li>\n<li><strong>Finition transparente :<\/strong> la colle s\u00e8che de mani\u00e8re transparente, assurant une adh\u00e9rence invisible.<\/li>\n<li><strong>Applications temporaires ou permanentes :<\/strong> selon que vous appliquez la colle sur une ou deux surfaces et la quantit\u00e9 de colle et le temps de s\u00e9chage, vous pouvez choisir entre une adh\u00e9sion temporaire ou permanente. Cela permet de repositionner les surfaces dans le cas d&rsquo;une utilisation temporaire.<\/li>\n<li><strong>Convient \u00e0 divers mat\u00e9riaux :<\/strong> id\u00e9ale pour le papier, le carton, le papier calque, le polystyr\u00e8ne et le m\u00e9tal, ce qui rend ce spray de colle tr\u00e8s polyvalent.<\/li>\n<\/ul>\n<p><strong>Applications du spray de colle Collall :<\/strong><\/p>\n<ul>\n<li><strong>Projets cr\u00e9atifs :<\/strong> Le spray de colle Collall est parfait pour divers projets cr\u00e9atifs comme le scrapbooking, le mod\u00e9lisme et les collages. Il ne laisse aucun r\u00e9sidu visible et adh\u00e8re \u00e0 divers mat\u00e9riaux.<\/li>\n<li><strong>Applications professionnelles :<\/strong> Pour des projets graphiques, la fixation de pr\u00e9sentoirs ou la r\u00e9alisation de maquettes, le spray de colle Collall offre une finition professionnelle et une bonne adh\u00e9rence.<\/li>\n<li><strong>Projets de bricolage :<\/strong> Utilisez le spray de colle pour des r\u00e9parations rapides ou des projets d\u00e9coratifs dans la maison.<\/li>\n<\/ul>\n<p><strong>\u00c0 qui est destin\u00e9 le spray de colle Collall ?<\/strong><\/p>\n<ul>\n<li><strong>Amateurs et cr\u00e9atifs :<\/strong> id\u00e9al pour les bricoleurs, les mod\u00e9listes, et tous ceux qui travaillent sur des projets cr\u00e9atifs.<\/li>\n<li><strong>Professionnels :<\/strong> les graphistes, d\u00e9corateurs et artistes peuvent compter sur la pr\u00e9cision, la polyvalence et la fine pulv\u00e9risation de ce spray de colle.<\/li>\n<li><strong>Bricoleurs :<\/strong> pour de petites r\u00e9parations et projets dans et autour de la maison.<\/li>\n<\/ul>\n<p><strong>Conseils pour l\u2019utilisation du spray de colle Collall :<\/strong><\/p>\n<ul>\n<li><strong>Ventilation :<\/strong> utilisez dans un endroit bien ventil\u00e9, car il s&rsquo;agit d&rsquo;un produit en a\u00e9rosol.<\/li>\n<li><strong>Distance lors de la pulv\u00e9risation :<\/strong> maintenez l\u2019a\u00e9rosol \u00e0 20-30 cm de la surface pour une distribution uniforme de la colle.<\/li>\n<li><strong>Type d&rsquo;adh\u00e9rence :<\/strong> pour une adh\u00e9sion temporaire, appliquez la colle sur une seule surface et laissez s\u00e9cher bri\u00e8vement. Pour une adh\u00e9rence permanente, appliquez la colle sur les deux surfaces et attendez un peu plus longtemps avant de les assembler.<\/li>\n<li><strong>Repositionnable :<\/strong> en cas d&rsquo;application temporaire, les surfaces peuvent \u00eatre facilement d\u00e9plac\u00e9es et repositionn\u00e9es avant que la colle ne soit compl\u00e8tement s\u00e8che.<\/li>\n<\/ul>\n","protected":false},"excerpt":{"rendered":"<p>Colle facile \u00e0 vaporiser pour l\u2019encollage temporaire et\/ou permanent de grandes surfaces<\/p>\n","protected":false},"featured_media":18214,"comment_status":"open","ping_status":"closed","template":"","meta":{"_acf_changed":false},"product_brand":[],"product_cat":[174],"product_tag":[2771],"class_list":{"0":"post-10537","1":"product","2":"type-product","3":"status-publish","4":"has-post-thumbnail","6":"product_cat-colle-et-vernis-colle","7":"product_tag-colle-en-spray","9":"first","10":"instock","11":"shipping-taxable","12":"purchasable","13":"product-type-variable"},"acf":[],"yoast_head":"<!-- This site is optimized with the Yoast SEO plugin v27.2 - https:\/\/yoast.com\/product\/yoast-seo-wordpress\/ -->\n<title>Collall Colle en Spray - Collall<\/title>\n<meta name=\"robots\" content=\"index, follow, max-snippet:-1, max-image-preview:large, max-video-preview:-1\" \/>\n<link rel=\"canonical\" href=\"https:\/\/collall.nl\/fr\/product\/collall-colle-en-spray\/\" \/>\n<meta property=\"og:locale\" content=\"fr_FR\" \/>\n<meta property=\"og:type\" content=\"article\" \/>\n<meta property=\"og:title\" content=\"Collall Colle en Spray - Collall\" \/>\n<meta property=\"og:description\" content=\"Colle facile \u00e0 vaporiser pour l\u2019encollage temporaire et\/ou permanent de grandes surfaces\" \/>\n<meta property=\"og:url\" content=\"https:\/\/collall.nl\/fr\/product\/collall-colle-en-spray\/\" \/>\n<meta property=\"og:site_name\" content=\"Collall\" \/>\n<meta property=\"article:publisher\" content=\"https:\/\/www.facebook.com\/people\/Collall\/100064976852539\/\" \/>\n<meta property=\"article:modified_time\" content=\"2025-03-25T11:32:49+00:00\" \/>\n<meta property=\"og:image\" content=\"https:\/\/collall.nl\/wp-content\/uploads\/2022\/03\/Collall-Lijmspray-transparant-150-ML-1-ST-COLLS150.jpg\" \/>\n\t<meta property=\"og:image:width\" content=\"500\" \/>\n\t<meta property=\"og:image:height\" content=\"500\" \/>\n\t<meta property=\"og:image:type\" content=\"image\/jpeg\" \/>\n<meta name=\"twitter:card\" content=\"summary_large_image\" \/>\n<meta name=\"twitter:label1\" content=\"Dur\u00e9e de lecture estim\u00e9e\" \/>\n\t<meta name=\"twitter:data1\" content=\"4 minutes\" \/>\n<script type=\"application\/ld+json\" class=\"yoast-schema-graph\">{\"@context\":\"https:\/\/schema.org\",\"@graph\":[{\"@type\":\"WebPage\",\"@id\":\"https:\/\/collall.nl\/fr\/product\/collall-colle-en-spray\/\",\"url\":\"https:\/\/collall.nl\/fr\/product\/collall-colle-en-spray\/\",\"name\":\"Collall Colle en Spray - Collall\",\"isPartOf\":{\"@id\":\"https:\/\/collall.nl\/#website\"},\"primaryImageOfPage\":{\"@id\":\"https:\/\/collall.nl\/fr\/product\/collall-colle-en-spray\/#primaryimage\"},\"image\":{\"@id\":\"https:\/\/collall.nl\/fr\/product\/collall-colle-en-spray\/#primaryimage\"},\"thumbnailUrl\":\"https:\/\/collall.nl\/wp-content\/uploads\/2022\/03\/Collall-Lijmspray-transparant-150-ML-1-ST-COLLS150.jpg\",\"datePublished\":\"2022-03-01T09:21:17+00:00\",\"dateModified\":\"2025-03-25T11:32:49+00:00\",\"breadcrumb\":{\"@id\":\"https:\/\/collall.nl\/fr\/product\/collall-colle-en-spray\/#breadcrumb\"},\"inLanguage\":\"fr-FR\",\"potentialAction\":[{\"@type\":\"ReadAction\",\"target\":[\"https:\/\/collall.nl\/fr\/product\/collall-colle-en-spray\/\"]}]},{\"@type\":\"ImageObject\",\"inLanguage\":\"fr-FR\",\"@id\":\"https:\/\/collall.nl\/fr\/product\/collall-colle-en-spray\/#primaryimage\",\"url\":\"https:\/\/collall.nl\/wp-content\/uploads\/2022\/03\/Collall-Lijmspray-transparant-150-ML-1-ST-COLLS150.jpg\",\"contentUrl\":\"https:\/\/collall.nl\/wp-content\/uploads\/2022\/03\/Collall-Lijmspray-transparant-150-ML-1-ST-COLLS150.jpg\",\"width\":500,\"height\":500},{\"@type\":\"BreadcrumbList\",\"@id\":\"https:\/\/collall.nl\/fr\/product\/collall-colle-en-spray\/#breadcrumb\",\"itemListElement\":[{\"@type\":\"ListItem\",\"position\":1,\"name\":\"Home\",\"item\":\"https:\/\/collall.nl\/fr\/\"},{\"@type\":\"ListItem\",\"position\":2,\"name\":\"Produits\",\"item\":\"https:\/\/collall.nl\/fr\/produits\/\"},{\"@type\":\"ListItem\",\"position\":3,\"name\":\"Collall Colle en Spray\"}]},{\"@type\":\"WebSite\",\"@id\":\"https:\/\/collall.nl\/#website\",\"url\":\"https:\/\/collall.nl\/\",\"name\":\"Collall\",\"description\":\"Adhesives &amp; Paints since 1949\",\"publisher\":{\"@id\":\"https:\/\/collall.nl\/#organization\"},\"potentialAction\":[{\"@type\":\"SearchAction\",\"target\":{\"@type\":\"EntryPoint\",\"urlTemplate\":\"https:\/\/collall.nl\/?s={search_term_string}\"},\"query-input\":{\"@type\":\"PropertyValueSpecification\",\"valueRequired\":true,\"valueName\":\"search_term_string\"}}],\"inLanguage\":\"fr-FR\"},{\"@type\":\"Organization\",\"@id\":\"https:\/\/collall.nl\/#organization\",\"name\":\"Collall B.V.\",\"url\":\"https:\/\/collall.nl\/\",\"logo\":{\"@type\":\"ImageObject\",\"inLanguage\":\"fr-FR\",\"@id\":\"https:\/\/collall.nl\/#\/schema\/logo\/image\/\",\"url\":\"https:\/\/collall.nl\/wp-content\/uploads\/2022\/08\/Collall-logo-186C_Reflex-blue.jpg\",\"contentUrl\":\"https:\/\/collall.nl\/wp-content\/uploads\/2022\/08\/Collall-logo-186C_Reflex-blue.jpg\",\"width\":1963,\"height\":1179,\"caption\":\"Collall B.V.\"},\"image\":{\"@id\":\"https:\/\/collall.nl\/#\/schema\/logo\/image\/\"},\"sameAs\":[\"https:\/\/www.facebook.com\/people\/Collall\/100064976852539\/\",\"https:\/\/www.instagram.com\/collall_1949\/\",\"https:\/\/nl.pinterest.com\/CollallBV\/\",\"https:\/\/www.youtube.com\/channel\/UCrCGuwth_udZhTqJSh5g9zg\"]}]}<\/script>\n<!-- \/ Yoast SEO plugin. -->","yoast_head_json":{"title":"Collall Colle en Spray - Collall","robots":{"index":"index","follow":"follow","max-snippet":"max-snippet:-1","max-image-preview":"max-image-preview:large","max-video-preview":"max-video-preview:-1"},"canonical":"https:\/\/collall.nl\/fr\/product\/collall-colle-en-spray\/","og_locale":"fr_FR","og_type":"article","og_title":"Collall Colle en Spray - Collall","og_description":"Colle facile \u00e0 vaporiser pour l\u2019encollage temporaire et\/ou permanent de grandes surfaces","og_url":"https:\/\/collall.nl\/fr\/product\/collall-colle-en-spray\/","og_site_name":"Collall","article_publisher":"https:\/\/www.facebook.com\/people\/Collall\/100064976852539\/","article_modified_time":"2025-03-25T11:32:49+00:00","og_image":[{"width":500,"height":500,"url":"https:\/\/collall.nl\/wp-content\/uploads\/2022\/03\/Collall-Lijmspray-transparant-150-ML-1-ST-COLLS150.jpg","type":"image\/jpeg"}],"twitter_card":"summary_large_image","twitter_misc":{"Dur\u00e9e de lecture estim\u00e9e":"4 minutes"},"schema":{"@context":"https:\/\/schema.org","@graph":[{"@type":"WebPage","@id":"https:\/\/collall.nl\/fr\/product\/collall-colle-en-spray\/","url":"https:\/\/collall.nl\/fr\/product\/collall-colle-en-spray\/","name":"Collall Colle en Spray - Collall","isPartOf":{"@id":"https:\/\/collall.nl\/#website"},"primaryImageOfPage":{"@id":"https:\/\/collall.nl\/fr\/product\/collall-colle-en-spray\/#primaryimage"},"image":{"@id":"https:\/\/collall.nl\/fr\/product\/collall-colle-en-spray\/#primaryimage"},"thumbnailUrl":"https:\/\/collall.nl\/wp-content\/uploads\/2022\/03\/Collall-Lijmspray-transparant-150-ML-1-ST-COLLS150.jpg","datePublished":"2022-03-01T09:21:17+00:00","dateModified":"2025-03-25T11:32:49+00:00","breadcrumb":{"@id":"https:\/\/collall.nl\/fr\/product\/collall-colle-en-spray\/#breadcrumb"},"inLanguage":"fr-FR","potentialAction":[{"@type":"ReadAction","target":["https:\/\/collall.nl\/fr\/product\/collall-colle-en-spray\/"]}]},{"@type":"ImageObject","inLanguage":"fr-FR","@id":"https:\/\/collall.nl\/fr\/product\/collall-colle-en-spray\/#primaryimage","url":"https:\/\/collall.nl\/wp-content\/uploads\/2022\/03\/Collall-Lijmspray-transparant-150-ML-1-ST-COLLS150.jpg","contentUrl":"https:\/\/collall.nl\/wp-content\/uploads\/2022\/03\/Collall-Lijmspray-transparant-150-ML-1-ST-COLLS150.jpg","width":500,"height":500},{"@type":"BreadcrumbList","@id":"https:\/\/collall.nl\/fr\/product\/collall-colle-en-spray\/#breadcrumb","itemListElement":[{"@type":"ListItem","position":1,"name":"Home","item":"https:\/\/collall.nl\/fr\/"},{"@type":"ListItem","position":2,"name":"Produits","item":"https:\/\/collall.nl\/fr\/produits\/"},{"@type":"ListItem","position":3,"name":"Collall Colle en Spray"}]},{"@type":"WebSite","@id":"https:\/\/collall.nl\/#website","url":"https:\/\/collall.nl\/","name":"Collall","description":"Adhesives &amp; Paints since 1949","publisher":{"@id":"https:\/\/collall.nl\/#organization"},"potentialAction":[{"@type":"SearchAction","target":{"@type":"EntryPoint","urlTemplate":"https:\/\/collall.nl\/?s={search_term_string}"},"query-input":{"@type":"PropertyValueSpecification","valueRequired":true,"valueName":"search_term_string"}}],"inLanguage":"fr-FR"},{"@type":"Organization","@id":"https:\/\/collall.nl\/#organization","name":"Collall B.V.","url":"https:\/\/collall.nl\/","logo":{"@type":"ImageObject","inLanguage":"fr-FR","@id":"https:\/\/collall.nl\/#\/schema\/logo\/image\/","url":"https:\/\/collall.nl\/wp-content\/uploads\/2022\/08\/Collall-logo-186C_Reflex-blue.jpg","contentUrl":"https:\/\/collall.nl\/wp-content\/uploads\/2022\/08\/Collall-logo-186C_Reflex-blue.jpg","width":1963,"height":1179,"caption":"Collall B.V."},"image":{"@id":"https:\/\/collall.nl\/#\/schema\/logo\/image\/"},"sameAs":["https:\/\/www.facebook.com\/people\/Collall\/100064976852539\/","https:\/\/www.instagram.com\/collall_1949\/","https:\/\/nl.pinterest.com\/CollallBV\/","https:\/\/www.youtube.com\/channel\/UCrCGuwth_udZhTqJSh5g9zg"]}]}},"_links":{"self":[{"href":"https:\/\/collall.nl\/fr\/wp-json\/wp\/v2\/product\/10537","targetHints":{"allow":["GET"]}}],"collection":[{"href":"https:\/\/collall.nl\/fr\/wp-json\/wp\/v2\/product"}],"about":[{"href":"https:\/\/collall.nl\/fr\/wp-json\/wp\/v2\/types\/product"}],"replies":[{"embeddable":true,"href":"https:\/\/collall.nl\/fr\/wp-json\/wp\/v2\/comments?post=10537"}],"wp:featuredmedia":[{"embeddable":true,"href":"https:\/\/collall.nl\/fr\/wp-json\/wp\/v2\/media\/18214"}],"wp:attachment":[{"href":"https:\/\/collall.nl\/fr\/wp-json\/wp\/v2\/media?parent=10537"}],"wp:term":[{"taxonomy":"product_brand","embeddable":true,"href":"https:\/\/collall.nl\/fr\/wp-json\/wp\/v2\/product_brand?post=10537"},{"taxonomy":"product_cat","embeddable":true,"href":"https:\/\/collall.nl\/fr\/wp-json\/wp\/v2\/product_cat?post=10537"},{"taxonomy":"product_tag","embeddable":true,"href":"https:\/\/collall.nl\/fr\/wp-json\/wp\/v2\/product_tag?post=10537"}],"curies":[{"name":"wp","href":"https:\/\/api.w.org\/{rel}","templated":true}]}}