{"id":10521,"date":"2022-03-01T09:21:14","date_gmt":"2022-03-01T09:21:15","guid":{"rendered":"http:\/\/collall.test\/product\/collall-windowcolle-2\/"},"modified":"2025-03-18T15:45:13","modified_gmt":"2025-03-18T14:45:13","slug":"collall-windowcolle-2","status":"publish","type":"product","link":"https:\/\/collall.nl\/fr\/product\/collall-windowcolle-2\/","title":{"rendered":"Collall WindowColle"},"content":{"rendered":"<p><strong>Application<\/strong>: Avec Collall WindowColle, collez du papier sur des fen\u00eatres, des portes et d&rsquo;autres surfaces lisses.<\/p>\n<p><strong>Apparence<\/strong> :<\/p>\n<ul>\n<li>Liquide orange en gel<\/li>\n<li>Inodore<\/li>\n<li>Seche transparent<\/li>\n<\/ul>\n<p><strong>Solvant :<\/strong> carboxym\u00e9thylcellulose<\/p>\n<p><strong>Ingr\u00e9dient principal<\/strong> : eau<\/p>\n<p class=\"p1\"><b>Ingr\u00e9dients naturels : <\/b>99%<\/p>\n<p class=\"p1\"><b>Viscosit\u00e9 : <\/b>13.000 mPa.s<\/p>\n<p><strong>pH<\/strong> : 5,5<\/p>\n<p><strong>Densit\u00e9<\/strong> : 1,01 kg\/dm\u00b3<\/p>\n<p><strong>CE<\/strong> : \u2013<\/p>\n<p><strong>Consommation de colle<\/strong> : environ 50 g\/m\u00b2<\/p>\n<p><strong>Utilisation<\/strong>\u00a0:<\/p>\n<ul>\n<li>Facile \u00e0 appliquer avec un pinceau ou un rouleau en mousse.<\/li>\n<li>Les pochoirs peuvent \u00eatre facilement coll\u00e9s sur la fen\u00eatre\/surface lisse, puis peints.<\/li>\n<li>Facile \u00e0 retirer. Ne laisse pas de r\u00e9sidus de colle.<\/li>\n<li>Allerg\u00e8nes : \u2013<\/li>\n<\/ul>\n<p><strong>Convient<\/strong> : \u00e0 partir de 3 ans.<\/p>\n<p><strong>Nettoyage<\/strong> :<\/p>\n<ul>\n<li>Lorsque la colle est encore humide, les outils\/surfaces peuvent \u00eatre nettoy\u00e9s \u00e0 l&rsquo;eau (un d\u00e9tergent synth\u00e9tique peut \u00eatre utilis\u00e9 si n\u00e9cessaire).<\/li>\n<li>Les r\u00e9sidus de colle s\u00e9ch\u00e9s doivent \u00eatre tremp\u00e9s dans l&rsquo;eau et peuvent ensuite \u00eatre facilement enlev\u00e9s.<\/li>\n<\/ul>\n<h4>Id\u00e9es cr\u00e9atives avec Collall WindowColle<\/h4>\n<p>Avec Collall WindowColle, vous pouvez facilement coller du papier sur les fen\u00eatres, les portes et d&rsquo;autres surfaces lisses. C&rsquo;est id\u00e9al pour des projets cr\u00e9atifs \u00e0 l&rsquo;\u00e9cole ! Que diriez-vous par exemple de :<\/p>\n<p><strong>\u2022 D\u00e9corations saisonni\u00e8res :<\/strong> laissez les \u00e9l\u00e8ves d\u00e9couper eux-m\u00eames des feuilles d&rsquo;automne color\u00e9es, des flocons de neige ou des fleurs en papier, puis collez-les sur les fen\u00eatres. Ainsi, la salle de classe \u00e9voluera avec les saisons !<\/p>\n<p><strong>\u2022 Art sur les fen\u00eatres :<\/strong> utilisez des pochoirs pour cr\u00e9er de belles formes et figures sur la fen\u00eatre. Ces derni\u00e8res peuvent ensuite \u00eatre peintes pour \u00e9gayer la salle de classe. Le pochoir peut ensuite \u00eatre facilement retir\u00e9.<\/p>\n<p><strong>\u2022 Le\u00e7ons th\u00e9matiques :<\/strong> accrochez des affiches \u00e9ducatives ou des diagrammes sur la fen\u00eatre avec Collall WindowColle, pour que toute la classe puisse les voir pendant les cours ou lors des journ\u00e9es portes ouvertes.<\/p>\n<p><strong>\u2022 Papier de cerf-volant :<\/strong> exp\u00e9rimentez avec diff\u00e9rentes couleurs de papier de cerf-volant pour cr\u00e9er des effets uniques. Essayez de faire des motifs avec des morceaux de papier de cerf-volant qui se chevauchent pour un effet mosa\u00efque color\u00e9. Le r\u00e9sultat est une \u0153uvre d&rsquo;art color\u00e9e sur la fen\u00eatre qui brillera magnifiquement lorsque la lumi\u00e8re du soleil la traversera.<\/p>\n<p><strong>L&rsquo;utilisation est simple :<\/strong> pr\u00e9levez un peu de colle avec un pinceau propre depuis le grand pot, collez vos pochoirs ou papier sur la fen\u00eatre. Lorsque vous souhaitez retirer le projet, il suffit de le d\u00e9coller sans laisser de r\u00e9sidus de colle. Cela vous fait gagner du temps et permet de passer \u00e0 de nouvelles cr\u00e9ations !<\/p>\n","protected":false},"excerpt":{"rendered":"<p>Une colle non permanente, \u00e0 base d\u2019eau<\/p>\n","protected":false},"featured_media":29155,"comment_status":"open","ping_status":"closed","template":"","meta":{"_acf_changed":false},"product_brand":[],"product_cat":[174],"product_tag":[],"class_list":{"0":"post-10521","1":"product","2":"type-product","3":"status-publish","4":"has-post-thumbnail","6":"product_cat-colle-et-vernis-colle","8":"first","9":"instock","10":"shipping-taxable","11":"purchasable","12":"product-type-variable"},"acf":[],"yoast_head":"<!-- This site is optimized with the Yoast SEO plugin v27.2 - https:\/\/yoast.com\/product\/yoast-seo-wordpress\/ -->\n<title>Collall WindowColle - Collall<\/title>\n<meta name=\"description\" content=\"WindowColle est une colle non permanente, \u00e0 base d\u2019eau.\" \/>\n<meta name=\"robots\" content=\"index, follow, max-snippet:-1, max-image-preview:large, max-video-preview:-1\" \/>\n<link rel=\"canonical\" href=\"https:\/\/collall.nl\/fr\/product\/collall-windowcolle-2\/\" \/>\n<meta property=\"og:locale\" content=\"fr_FR\" \/>\n<meta property=\"og:type\" content=\"article\" \/>\n<meta property=\"og:title\" content=\"Collall WindowColle - Collall\" \/>\n<meta property=\"og:description\" content=\"WindowColle est une colle non permanente, \u00e0 base d\u2019eau.\" \/>\n<meta property=\"og:url\" content=\"https:\/\/collall.nl\/fr\/product\/collall-windowcolle-2\/\" \/>\n<meta property=\"og:site_name\" content=\"Collall\" \/>\n<meta property=\"article:publisher\" content=\"https:\/\/www.facebook.com\/people\/Collall\/100064976852539\/\" \/>\n<meta property=\"article:modified_time\" content=\"2025-03-18T14:45:13+00:00\" \/>\n<meta property=\"og:image\" content=\"https:\/\/collall.nl\/wp-content\/uploads\/2022\/03\/COLWL0300_Collall-WindowColl-pot.jpg\" \/>\n\t<meta property=\"og:image:width\" content=\"1000\" \/>\n\t<meta property=\"og:image:height\" content=\"1000\" \/>\n\t<meta property=\"og:image:type\" content=\"image\/jpeg\" \/>\n<meta name=\"twitter:card\" content=\"summary_large_image\" \/>\n<meta name=\"twitter:label1\" content=\"Dur\u00e9e de lecture estim\u00e9e\" \/>\n\t<meta name=\"twitter:data1\" content=\"3 minutes\" \/>\n<script type=\"application\/ld+json\" class=\"yoast-schema-graph\">{\"@context\":\"https:\/\/schema.org\",\"@graph\":[{\"@type\":\"WebPage\",\"@id\":\"https:\/\/collall.nl\/fr\/product\/collall-windowcolle-2\/\",\"url\":\"https:\/\/collall.nl\/fr\/product\/collall-windowcolle-2\/\",\"name\":\"Collall WindowColle - Collall\",\"isPartOf\":{\"@id\":\"https:\/\/collall.nl\/#website\"},\"primaryImageOfPage\":{\"@id\":\"https:\/\/collall.nl\/fr\/product\/collall-windowcolle-2\/#primaryimage\"},\"image\":{\"@id\":\"https:\/\/collall.nl\/fr\/product\/collall-windowcolle-2\/#primaryimage\"},\"thumbnailUrl\":\"https:\/\/collall.nl\/wp-content\/uploads\/2022\/03\/COLWL0300_Collall-WindowColl-pot.jpg\",\"datePublished\":\"2022-03-01T09:21:15+00:00\",\"dateModified\":\"2025-03-18T14:45:13+00:00\",\"description\":\"WindowColle est une colle non permanente, \u00e0 base d\u2019eau.\",\"breadcrumb\":{\"@id\":\"https:\/\/collall.nl\/fr\/product\/collall-windowcolle-2\/#breadcrumb\"},\"inLanguage\":\"fr-FR\",\"potentialAction\":[{\"@type\":\"ReadAction\",\"target\":[\"https:\/\/collall.nl\/fr\/product\/collall-windowcolle-2\/\"]}]},{\"@type\":\"ImageObject\",\"inLanguage\":\"fr-FR\",\"@id\":\"https:\/\/collall.nl\/fr\/product\/collall-windowcolle-2\/#primaryimage\",\"url\":\"https:\/\/collall.nl\/wp-content\/uploads\/2022\/03\/COLWL0300_Collall-WindowColl-pot.jpg\",\"contentUrl\":\"https:\/\/collall.nl\/wp-content\/uploads\/2022\/03\/COLWL0300_Collall-WindowColl-pot.jpg\",\"width\":1000,\"height\":1000},{\"@type\":\"BreadcrumbList\",\"@id\":\"https:\/\/collall.nl\/fr\/product\/collall-windowcolle-2\/#breadcrumb\",\"itemListElement\":[{\"@type\":\"ListItem\",\"position\":1,\"name\":\"Home\",\"item\":\"https:\/\/collall.nl\/fr\/\"},{\"@type\":\"ListItem\",\"position\":2,\"name\":\"Produits\",\"item\":\"https:\/\/collall.nl\/fr\/produits\/\"},{\"@type\":\"ListItem\",\"position\":3,\"name\":\"Collall WindowColle\"}]},{\"@type\":\"WebSite\",\"@id\":\"https:\/\/collall.nl\/#website\",\"url\":\"https:\/\/collall.nl\/\",\"name\":\"Collall\",\"description\":\"Adhesives &amp; Paints since 1949\",\"publisher\":{\"@id\":\"https:\/\/collall.nl\/#organization\"},\"potentialAction\":[{\"@type\":\"SearchAction\",\"target\":{\"@type\":\"EntryPoint\",\"urlTemplate\":\"https:\/\/collall.nl\/?s={search_term_string}\"},\"query-input\":{\"@type\":\"PropertyValueSpecification\",\"valueRequired\":true,\"valueName\":\"search_term_string\"}}],\"inLanguage\":\"fr-FR\"},{\"@type\":\"Organization\",\"@id\":\"https:\/\/collall.nl\/#organization\",\"name\":\"Collall B.V.\",\"url\":\"https:\/\/collall.nl\/\",\"logo\":{\"@type\":\"ImageObject\",\"inLanguage\":\"fr-FR\",\"@id\":\"https:\/\/collall.nl\/#\/schema\/logo\/image\/\",\"url\":\"https:\/\/collall.nl\/wp-content\/uploads\/2022\/08\/Collall-logo-186C_Reflex-blue.jpg\",\"contentUrl\":\"https:\/\/collall.nl\/wp-content\/uploads\/2022\/08\/Collall-logo-186C_Reflex-blue.jpg\",\"width\":1963,\"height\":1179,\"caption\":\"Collall B.V.\"},\"image\":{\"@id\":\"https:\/\/collall.nl\/#\/schema\/logo\/image\/\"},\"sameAs\":[\"https:\/\/www.facebook.com\/people\/Collall\/100064976852539\/\",\"https:\/\/www.instagram.com\/collall_1949\/\",\"https:\/\/nl.pinterest.com\/CollallBV\/\",\"https:\/\/www.youtube.com\/channel\/UCrCGuwth_udZhTqJSh5g9zg\"]}]}<\/script>\n<!-- \/ Yoast SEO plugin. -->","yoast_head_json":{"title":"Collall WindowColle - Collall","description":"WindowColle est une colle non permanente, \u00e0 base d\u2019eau.","robots":{"index":"index","follow":"follow","max-snippet":"max-snippet:-1","max-image-preview":"max-image-preview:large","max-video-preview":"max-video-preview:-1"},"canonical":"https:\/\/collall.nl\/fr\/product\/collall-windowcolle-2\/","og_locale":"fr_FR","og_type":"article","og_title":"Collall WindowColle - Collall","og_description":"WindowColle est une colle non permanente, \u00e0 base d\u2019eau.","og_url":"https:\/\/collall.nl\/fr\/product\/collall-windowcolle-2\/","og_site_name":"Collall","article_publisher":"https:\/\/www.facebook.com\/people\/Collall\/100064976852539\/","article_modified_time":"2025-03-18T14:45:13+00:00","og_image":[{"width":1000,"height":1000,"url":"https:\/\/collall.nl\/wp-content\/uploads\/2022\/03\/COLWL0300_Collall-WindowColl-pot.jpg","type":"image\/jpeg"}],"twitter_card":"summary_large_image","twitter_misc":{"Dur\u00e9e de lecture estim\u00e9e":"3 minutes"},"schema":{"@context":"https:\/\/schema.org","@graph":[{"@type":"WebPage","@id":"https:\/\/collall.nl\/fr\/product\/collall-windowcolle-2\/","url":"https:\/\/collall.nl\/fr\/product\/collall-windowcolle-2\/","name":"Collall WindowColle - Collall","isPartOf":{"@id":"https:\/\/collall.nl\/#website"},"primaryImageOfPage":{"@id":"https:\/\/collall.nl\/fr\/product\/collall-windowcolle-2\/#primaryimage"},"image":{"@id":"https:\/\/collall.nl\/fr\/product\/collall-windowcolle-2\/#primaryimage"},"thumbnailUrl":"https:\/\/collall.nl\/wp-content\/uploads\/2022\/03\/COLWL0300_Collall-WindowColl-pot.jpg","datePublished":"2022-03-01T09:21:15+00:00","dateModified":"2025-03-18T14:45:13+00:00","description":"WindowColle est une colle non permanente, \u00e0 base d\u2019eau.","breadcrumb":{"@id":"https:\/\/collall.nl\/fr\/product\/collall-windowcolle-2\/#breadcrumb"},"inLanguage":"fr-FR","potentialAction":[{"@type":"ReadAction","target":["https:\/\/collall.nl\/fr\/product\/collall-windowcolle-2\/"]}]},{"@type":"ImageObject","inLanguage":"fr-FR","@id":"https:\/\/collall.nl\/fr\/product\/collall-windowcolle-2\/#primaryimage","url":"https:\/\/collall.nl\/wp-content\/uploads\/2022\/03\/COLWL0300_Collall-WindowColl-pot.jpg","contentUrl":"https:\/\/collall.nl\/wp-content\/uploads\/2022\/03\/COLWL0300_Collall-WindowColl-pot.jpg","width":1000,"height":1000},{"@type":"BreadcrumbList","@id":"https:\/\/collall.nl\/fr\/product\/collall-windowcolle-2\/#breadcrumb","itemListElement":[{"@type":"ListItem","position":1,"name":"Home","item":"https:\/\/collall.nl\/fr\/"},{"@type":"ListItem","position":2,"name":"Produits","item":"https:\/\/collall.nl\/fr\/produits\/"},{"@type":"ListItem","position":3,"name":"Collall WindowColle"}]},{"@type":"WebSite","@id":"https:\/\/collall.nl\/#website","url":"https:\/\/collall.nl\/","name":"Collall","description":"Adhesives &amp; Paints since 1949","publisher":{"@id":"https:\/\/collall.nl\/#organization"},"potentialAction":[{"@type":"SearchAction","target":{"@type":"EntryPoint","urlTemplate":"https:\/\/collall.nl\/?s={search_term_string}"},"query-input":{"@type":"PropertyValueSpecification","valueRequired":true,"valueName":"search_term_string"}}],"inLanguage":"fr-FR"},{"@type":"Organization","@id":"https:\/\/collall.nl\/#organization","name":"Collall B.V.","url":"https:\/\/collall.nl\/","logo":{"@type":"ImageObject","inLanguage":"fr-FR","@id":"https:\/\/collall.nl\/#\/schema\/logo\/image\/","url":"https:\/\/collall.nl\/wp-content\/uploads\/2022\/08\/Collall-logo-186C_Reflex-blue.jpg","contentUrl":"https:\/\/collall.nl\/wp-content\/uploads\/2022\/08\/Collall-logo-186C_Reflex-blue.jpg","width":1963,"height":1179,"caption":"Collall B.V."},"image":{"@id":"https:\/\/collall.nl\/#\/schema\/logo\/image\/"},"sameAs":["https:\/\/www.facebook.com\/people\/Collall\/100064976852539\/","https:\/\/www.instagram.com\/collall_1949\/","https:\/\/nl.pinterest.com\/CollallBV\/","https:\/\/www.youtube.com\/channel\/UCrCGuwth_udZhTqJSh5g9zg"]}]}},"_links":{"self":[{"href":"https:\/\/collall.nl\/fr\/wp-json\/wp\/v2\/product\/10521","targetHints":{"allow":["GET"]}}],"collection":[{"href":"https:\/\/collall.nl\/fr\/wp-json\/wp\/v2\/product"}],"about":[{"href":"https:\/\/collall.nl\/fr\/wp-json\/wp\/v2\/types\/product"}],"replies":[{"embeddable":true,"href":"https:\/\/collall.nl\/fr\/wp-json\/wp\/v2\/comments?post=10521"}],"wp:featuredmedia":[{"embeddable":true,"href":"https:\/\/collall.nl\/fr\/wp-json\/wp\/v2\/media\/29155"}],"wp:attachment":[{"href":"https:\/\/collall.nl\/fr\/wp-json\/wp\/v2\/media?parent=10521"}],"wp:term":[{"taxonomy":"product_brand","embeddable":true,"href":"https:\/\/collall.nl\/fr\/wp-json\/wp\/v2\/product_brand?post=10521"},{"taxonomy":"product_cat","embeddable":true,"href":"https:\/\/collall.nl\/fr\/wp-json\/wp\/v2\/product_cat?post=10521"},{"taxonomy":"product_tag","embeddable":true,"href":"https:\/\/collall.nl\/fr\/wp-json\/wp\/v2\/product_tag?post=10521"}],"curies":[{"name":"wp","href":"https:\/\/api.w.org\/{rel}","templated":true}]}}