{"id":10496,"date":"2022-03-01T09:21:05","date_gmt":"2022-03-01T09:21:07","guid":{"rendered":"http:\/\/collall.test\/product\/collall-colle-solide\/"},"modified":"2025-03-20T16:12:09","modified_gmt":"2025-03-20T15:12:09","slug":"collall-colle-blanche-solide","status":"publish","type":"product","link":"https:\/\/collall.nl\/fr\/product\/collall-colle-blanche-solide\/","title":{"rendered":"Collall Colle Blanche Solide"},"content":{"rendered":"<p><strong>Type de colle: <\/strong>colle blanche p\u00e2teuse \u00e0 base d\u2019amidon v\u00e9g\u00e9tal et \u00e0 base d\u2019eau. Adapt\u00e9e aux enfants et avantageuse pour l\u2019encollage de mat\u00e9riaux l\u00e9gers. A \u00e9taler ou pinceau ou \u00e0 la spatule<\/p>\n<p><strong>Propri\u00e9t\u00e9s: <\/strong><\/p>\n<ul>\n<li>blanche \u00e0 jaun\u00e2tre<\/li>\n<li>colle p\u00e2teuse<\/li>\n<\/ul>\n<p><strong>Propri\u00e9t\u00e9s chimiques: <\/strong>dextrines, dilu\u00e9es dans de l\u2019eau<\/p>\n<p class=\"p1\"><b>Ingr\u00e9dients naturels : <\/b>99%<\/p>\n<p class=\"p1\"><b>Viscosit\u00e9 : <\/b>&#8211; mPa.s<\/p>\n<p><strong>pH:<\/strong> 2<\/p>\n<p><strong>Aspect: <\/strong>colle p\u00e2teuse blanche\/jaun\u00e2tre \u00e0 odeur de colle traditionnelle et agr\u00e9able<\/p>\n<p><strong>Application: <\/strong>encollage de carton, papier et mat\u00e9riaux l\u00e9gers<\/p>\n<p><strong>Taches: <\/strong>facilement lavables avec de l\u2019eau froide ou en machine \u00e0 laver<\/p>\n<p>Il Convient aux enfants de 10 mois. Il convient que les enfants de moins de 3 ans soient sous la surveillance de d\u2019un adulte.<\/p>\n<h4><\/h4>\n<h4><strong>Pourquoi Choisir la Colle Collall ?<\/strong><\/h4>\n<p>Sp\u00e9cialement con\u00e7ue pour les jeunes enfants \u00e0 partir de 3 ans, pour que le bricolage reste amusant.<\/p>\n<p>Les tables et autres surfaces lisses se nettoient facilement avec un chiffon humide. La colle est facile \u00e0 laver, m\u00eame si elle est d\u00e9j\u00e0 s\u00e8che.<\/p>\n<p>&nbsp;<\/p>\n<p><strong>La Colle Collall est compos\u00e9e \u00e0 99 % d\u2019ingr\u00e9dients naturels.<\/strong><\/p>\n<p>&nbsp;<\/p>\n<p>Pas de d\u00e9g\u00e2ts ni de gaspillage, car gr\u00e2ce \u00e0 sa consistance p\u00e2teuse, la colle reste l\u00e0 o\u00f9 elle doit \u00eatre, sans bavures inutiles.<\/p>\n<p>Polyvalente \u00e0 l\u2019usage, cette colle est id\u00e9ale pour coller du papier, du carton et divers mat\u00e9riaux l\u00e9gers. Gr\u00e2ce \u00e0 sa bonne adh\u00e9rence, vous pouvez travailler rapidement.<\/p>\n<p>Vous pouvez l&rsquo;utiliser jusqu&rsquo;\u00e0 la derni\u00e8re goutte gr\u00e2ce au couvercle bien herm\u00e9tique. N&rsquo;oubliez pas de bien refermer le pot apr\u00e8s utilisation pour \u00e9viter que la colle ne s\u00e8che.<\/p>\n<p>Avec la Colle Collall, les enfants peuvent laisser libre cours \u00e0 leur cr\u00e9ativit\u00e9.<\/p>\n<p>&nbsp;<\/p>\n<p>Laat me weten als er nog verdere aanpassingen nodig zijn!<\/p>\n","protected":false},"excerpt":{"rendered":"<p>Colle naturelle, p\u00e2teuse, adapt\u00e9e aux enfants<\/p>\n","protected":false},"featured_media":19014,"comment_status":"open","ping_status":"closed","template":"","meta":{"_acf_changed":false},"product_brand":[],"product_cat":[174],"product_tag":[],"class_list":{"0":"post-10496","1":"product","2":"type-product","3":"status-publish","4":"has-post-thumbnail","6":"product_cat-colle-et-vernis-colle","8":"first","9":"instock","10":"shipping-taxable","11":"purchasable","12":"product-type-variable"},"acf":[],"yoast_head":"<!-- This site is optimized with the Yoast SEO plugin v27.2 - https:\/\/yoast.com\/product\/yoast-seo-wordpress\/ -->\n<title>Collall Colle Blanche Solide - Collall<\/title>\n<meta name=\"description\" content=\"Colle blanche p\u00e2teuse \u00e0 base d\u2019amidon v\u00e9g\u00e9tal et \u00e0 base d\u2019eau. Adapt\u00e9e aux enfants et avantageuse pour l\u2019encollage de mat\u00e9riaux l\u00e9gers.\" \/>\n<meta name=\"robots\" content=\"index, follow, max-snippet:-1, max-image-preview:large, max-video-preview:-1\" \/>\n<link rel=\"canonical\" href=\"https:\/\/collall.nl\/fr\/product\/collall-colle-blanche-solide\/\" \/>\n<meta property=\"og:locale\" content=\"fr_FR\" \/>\n<meta property=\"og:type\" content=\"article\" \/>\n<meta property=\"og:title\" content=\"Collall Colle Blanche Solide - Collall\" \/>\n<meta property=\"og:description\" content=\"Colle blanche p\u00e2teuse \u00e0 base d\u2019amidon v\u00e9g\u00e9tal et \u00e0 base d\u2019eau. Adapt\u00e9e aux enfants et avantageuse pour l\u2019encollage de mat\u00e9riaux l\u00e9gers.\" \/>\n<meta property=\"og:url\" content=\"https:\/\/collall.nl\/fr\/product\/collall-colle-blanche-solide\/\" \/>\n<meta property=\"og:site_name\" content=\"Collall\" \/>\n<meta property=\"article:publisher\" content=\"https:\/\/www.facebook.com\/people\/Collall\/100064976852539\/\" \/>\n<meta property=\"article:modified_time\" content=\"2025-03-20T15:12:09+00:00\" \/>\n<meta property=\"og:image\" content=\"https:\/\/collall.nl\/wp-content\/uploads\/2022\/03\/COLPL0150.jpg\" \/>\n\t<meta property=\"og:image:width\" content=\"800\" \/>\n\t<meta property=\"og:image:height\" content=\"800\" \/>\n\t<meta property=\"og:image:type\" content=\"image\/jpeg\" \/>\n<meta name=\"twitter:card\" content=\"summary_large_image\" \/>\n<meta name=\"twitter:label1\" content=\"Dur\u00e9e de lecture estim\u00e9e\" \/>\n\t<meta name=\"twitter:data1\" content=\"2 minutes\" \/>\n<script type=\"application\/ld+json\" class=\"yoast-schema-graph\">{\"@context\":\"https:\/\/schema.org\",\"@graph\":[{\"@type\":\"WebPage\",\"@id\":\"https:\/\/collall.nl\/fr\/product\/collall-colle-blanche-solide\/\",\"url\":\"https:\/\/collall.nl\/fr\/product\/collall-colle-blanche-solide\/\",\"name\":\"Collall Colle Blanche Solide - Collall\",\"isPartOf\":{\"@id\":\"https:\/\/collall.nl\/#website\"},\"primaryImageOfPage\":{\"@id\":\"https:\/\/collall.nl\/fr\/product\/collall-colle-blanche-solide\/#primaryimage\"},\"image\":{\"@id\":\"https:\/\/collall.nl\/fr\/product\/collall-colle-blanche-solide\/#primaryimage\"},\"thumbnailUrl\":\"https:\/\/collall.nl\/wp-content\/uploads\/2022\/03\/COLPL0150.jpg\",\"datePublished\":\"2022-03-01T09:21:07+00:00\",\"dateModified\":\"2025-03-20T15:12:09+00:00\",\"description\":\"Colle blanche p\u00e2teuse \u00e0 base d\u2019amidon v\u00e9g\u00e9tal et \u00e0 base d\u2019eau. Adapt\u00e9e aux enfants et avantageuse pour l\u2019encollage de mat\u00e9riaux l\u00e9gers.\",\"breadcrumb\":{\"@id\":\"https:\/\/collall.nl\/fr\/product\/collall-colle-blanche-solide\/#breadcrumb\"},\"inLanguage\":\"fr-FR\",\"potentialAction\":[{\"@type\":\"ReadAction\",\"target\":[\"https:\/\/collall.nl\/fr\/product\/collall-colle-blanche-solide\/\"]}]},{\"@type\":\"ImageObject\",\"inLanguage\":\"fr-FR\",\"@id\":\"https:\/\/collall.nl\/fr\/product\/collall-colle-blanche-solide\/#primaryimage\",\"url\":\"https:\/\/collall.nl\/wp-content\/uploads\/2022\/03\/COLPL0150.jpg\",\"contentUrl\":\"https:\/\/collall.nl\/wp-content\/uploads\/2022\/03\/COLPL0150.jpg\",\"width\":800,\"height\":800,\"caption\":\"COLPL0150-Collall-Plaksel\"},{\"@type\":\"BreadcrumbList\",\"@id\":\"https:\/\/collall.nl\/fr\/product\/collall-colle-blanche-solide\/#breadcrumb\",\"itemListElement\":[{\"@type\":\"ListItem\",\"position\":1,\"name\":\"Home\",\"item\":\"https:\/\/collall.nl\/fr\/\"},{\"@type\":\"ListItem\",\"position\":2,\"name\":\"Produits\",\"item\":\"https:\/\/collall.nl\/fr\/produits\/\"},{\"@type\":\"ListItem\",\"position\":3,\"name\":\"Collall Colle Blanche Solide\"}]},{\"@type\":\"WebSite\",\"@id\":\"https:\/\/collall.nl\/#website\",\"url\":\"https:\/\/collall.nl\/\",\"name\":\"Collall\",\"description\":\"Adhesives &amp; Paints since 1949\",\"publisher\":{\"@id\":\"https:\/\/collall.nl\/#organization\"},\"potentialAction\":[{\"@type\":\"SearchAction\",\"target\":{\"@type\":\"EntryPoint\",\"urlTemplate\":\"https:\/\/collall.nl\/?s={search_term_string}\"},\"query-input\":{\"@type\":\"PropertyValueSpecification\",\"valueRequired\":true,\"valueName\":\"search_term_string\"}}],\"inLanguage\":\"fr-FR\"},{\"@type\":\"Organization\",\"@id\":\"https:\/\/collall.nl\/#organization\",\"name\":\"Collall B.V.\",\"url\":\"https:\/\/collall.nl\/\",\"logo\":{\"@type\":\"ImageObject\",\"inLanguage\":\"fr-FR\",\"@id\":\"https:\/\/collall.nl\/#\/schema\/logo\/image\/\",\"url\":\"https:\/\/collall.nl\/wp-content\/uploads\/2022\/08\/Collall-logo-186C_Reflex-blue.jpg\",\"contentUrl\":\"https:\/\/collall.nl\/wp-content\/uploads\/2022\/08\/Collall-logo-186C_Reflex-blue.jpg\",\"width\":1963,\"height\":1179,\"caption\":\"Collall B.V.\"},\"image\":{\"@id\":\"https:\/\/collall.nl\/#\/schema\/logo\/image\/\"},\"sameAs\":[\"https:\/\/www.facebook.com\/people\/Collall\/100064976852539\/\",\"https:\/\/www.instagram.com\/collall_1949\/\",\"https:\/\/nl.pinterest.com\/CollallBV\/\",\"https:\/\/www.youtube.com\/channel\/UCrCGuwth_udZhTqJSh5g9zg\"]}]}<\/script>\n<!-- \/ Yoast SEO plugin. -->","yoast_head_json":{"title":"Collall Colle Blanche Solide - Collall","description":"Colle blanche p\u00e2teuse \u00e0 base d\u2019amidon v\u00e9g\u00e9tal et \u00e0 base d\u2019eau. Adapt\u00e9e aux enfants et avantageuse pour l\u2019encollage de mat\u00e9riaux l\u00e9gers.","robots":{"index":"index","follow":"follow","max-snippet":"max-snippet:-1","max-image-preview":"max-image-preview:large","max-video-preview":"max-video-preview:-1"},"canonical":"https:\/\/collall.nl\/fr\/product\/collall-colle-blanche-solide\/","og_locale":"fr_FR","og_type":"article","og_title":"Collall Colle Blanche Solide - Collall","og_description":"Colle blanche p\u00e2teuse \u00e0 base d\u2019amidon v\u00e9g\u00e9tal et \u00e0 base d\u2019eau. Adapt\u00e9e aux enfants et avantageuse pour l\u2019encollage de mat\u00e9riaux l\u00e9gers.","og_url":"https:\/\/collall.nl\/fr\/product\/collall-colle-blanche-solide\/","og_site_name":"Collall","article_publisher":"https:\/\/www.facebook.com\/people\/Collall\/100064976852539\/","article_modified_time":"2025-03-20T15:12:09+00:00","og_image":[{"width":800,"height":800,"url":"https:\/\/collall.nl\/wp-content\/uploads\/2022\/03\/COLPL0150.jpg","type":"image\/jpeg"}],"twitter_card":"summary_large_image","twitter_misc":{"Dur\u00e9e de lecture estim\u00e9e":"2 minutes"},"schema":{"@context":"https:\/\/schema.org","@graph":[{"@type":"WebPage","@id":"https:\/\/collall.nl\/fr\/product\/collall-colle-blanche-solide\/","url":"https:\/\/collall.nl\/fr\/product\/collall-colle-blanche-solide\/","name":"Collall Colle Blanche Solide - Collall","isPartOf":{"@id":"https:\/\/collall.nl\/#website"},"primaryImageOfPage":{"@id":"https:\/\/collall.nl\/fr\/product\/collall-colle-blanche-solide\/#primaryimage"},"image":{"@id":"https:\/\/collall.nl\/fr\/product\/collall-colle-blanche-solide\/#primaryimage"},"thumbnailUrl":"https:\/\/collall.nl\/wp-content\/uploads\/2022\/03\/COLPL0150.jpg","datePublished":"2022-03-01T09:21:07+00:00","dateModified":"2025-03-20T15:12:09+00:00","description":"Colle blanche p\u00e2teuse \u00e0 base d\u2019amidon v\u00e9g\u00e9tal et \u00e0 base d\u2019eau. Adapt\u00e9e aux enfants et avantageuse pour l\u2019encollage de mat\u00e9riaux l\u00e9gers.","breadcrumb":{"@id":"https:\/\/collall.nl\/fr\/product\/collall-colle-blanche-solide\/#breadcrumb"},"inLanguage":"fr-FR","potentialAction":[{"@type":"ReadAction","target":["https:\/\/collall.nl\/fr\/product\/collall-colle-blanche-solide\/"]}]},{"@type":"ImageObject","inLanguage":"fr-FR","@id":"https:\/\/collall.nl\/fr\/product\/collall-colle-blanche-solide\/#primaryimage","url":"https:\/\/collall.nl\/wp-content\/uploads\/2022\/03\/COLPL0150.jpg","contentUrl":"https:\/\/collall.nl\/wp-content\/uploads\/2022\/03\/COLPL0150.jpg","width":800,"height":800,"caption":"COLPL0150-Collall-Plaksel"},{"@type":"BreadcrumbList","@id":"https:\/\/collall.nl\/fr\/product\/collall-colle-blanche-solide\/#breadcrumb","itemListElement":[{"@type":"ListItem","position":1,"name":"Home","item":"https:\/\/collall.nl\/fr\/"},{"@type":"ListItem","position":2,"name":"Produits","item":"https:\/\/collall.nl\/fr\/produits\/"},{"@type":"ListItem","position":3,"name":"Collall Colle Blanche Solide"}]},{"@type":"WebSite","@id":"https:\/\/collall.nl\/#website","url":"https:\/\/collall.nl\/","name":"Collall","description":"Adhesives &amp; Paints since 1949","publisher":{"@id":"https:\/\/collall.nl\/#organization"},"potentialAction":[{"@type":"SearchAction","target":{"@type":"EntryPoint","urlTemplate":"https:\/\/collall.nl\/?s={search_term_string}"},"query-input":{"@type":"PropertyValueSpecification","valueRequired":true,"valueName":"search_term_string"}}],"inLanguage":"fr-FR"},{"@type":"Organization","@id":"https:\/\/collall.nl\/#organization","name":"Collall B.V.","url":"https:\/\/collall.nl\/","logo":{"@type":"ImageObject","inLanguage":"fr-FR","@id":"https:\/\/collall.nl\/#\/schema\/logo\/image\/","url":"https:\/\/collall.nl\/wp-content\/uploads\/2022\/08\/Collall-logo-186C_Reflex-blue.jpg","contentUrl":"https:\/\/collall.nl\/wp-content\/uploads\/2022\/08\/Collall-logo-186C_Reflex-blue.jpg","width":1963,"height":1179,"caption":"Collall B.V."},"image":{"@id":"https:\/\/collall.nl\/#\/schema\/logo\/image\/"},"sameAs":["https:\/\/www.facebook.com\/people\/Collall\/100064976852539\/","https:\/\/www.instagram.com\/collall_1949\/","https:\/\/nl.pinterest.com\/CollallBV\/","https:\/\/www.youtube.com\/channel\/UCrCGuwth_udZhTqJSh5g9zg"]}]}},"_links":{"self":[{"href":"https:\/\/collall.nl\/fr\/wp-json\/wp\/v2\/product\/10496","targetHints":{"allow":["GET"]}}],"collection":[{"href":"https:\/\/collall.nl\/fr\/wp-json\/wp\/v2\/product"}],"about":[{"href":"https:\/\/collall.nl\/fr\/wp-json\/wp\/v2\/types\/product"}],"replies":[{"embeddable":true,"href":"https:\/\/collall.nl\/fr\/wp-json\/wp\/v2\/comments?post=10496"}],"wp:featuredmedia":[{"embeddable":true,"href":"https:\/\/collall.nl\/fr\/wp-json\/wp\/v2\/media\/19014"}],"wp:attachment":[{"href":"https:\/\/collall.nl\/fr\/wp-json\/wp\/v2\/media?parent=10496"}],"wp:term":[{"taxonomy":"product_brand","embeddable":true,"href":"https:\/\/collall.nl\/fr\/wp-json\/wp\/v2\/product_brand?post=10496"},{"taxonomy":"product_cat","embeddable":true,"href":"https:\/\/collall.nl\/fr\/wp-json\/wp\/v2\/product_cat?post=10496"},{"taxonomy":"product_tag","embeddable":true,"href":"https:\/\/collall.nl\/fr\/wp-json\/wp\/v2\/product_tag?post=10496"}],"curies":[{"name":"wp","href":"https:\/\/api.w.org\/{rel}","templated":true}]}}