{"id":10474,"date":"2022-03-01T09:21:00","date_gmt":"2022-03-01T09:21:00","guid":{"rendered":"http:\/\/collall.test\/product\/collall-colle-deveil\/"},"modified":"2025-03-18T16:12:49","modified_gmt":"2025-03-18T15:12:49","slug":"collall-colle-deveil","status":"publish","type":"product","link":"https:\/\/collall.nl\/fr\/product\/collall-colle-deveil\/","title":{"rendered":"Collall Colle d&rsquo;Eveil"},"content":{"rendered":"<p><strong>Type de colle :<\/strong> la Colle d&rsquo;\u00e9veil dans une petite bouteille amusante avec deux pieds mignons et une gentille grenouille verte sur le devant. Cette colle pour tout-petits est une colle innovante, verte et \u00e0 base d&rsquo;eau, sp\u00e9cialement d\u00e9velopp\u00e9e pour les tout-petits \u00e0 partir de 10 mois.<\/p>\n<p>Colle d&rsquo;\u00e9veil Collall est le choix id\u00e9al pour fixer des mat\u00e9riaux l\u00e9gers, du papier et du carton. Et le meilleur de tout ? Apr\u00e8s avoir jou\u00e9, il est facile de frotter la colle des mains sans eau ni savon, ce qui rend le nettoyage un jeu d&rsquo;enfant.<\/p>\n<p>Avec la Colle d&rsquo;\u00e9veil, les petits peuvent laisser libre cours \u00e0 leur cr\u00e9ativit\u00e9 sans se soucier des d\u00e9g\u00e2ts ou des mains collantes.<\/p>\n<p><strong>Apparence :\u00a0<\/strong><\/p>\n<ul>\n<li>colle \u00e0 base d\u2019eau<\/li>\n<li>inodore et lavable<\/li>\n<li>la colle devient transparente en s\u00e9chant<\/li>\n<li>s\u2019enl\u00e8ve facilement sans eau<\/li>\n<\/ul>\n<p><strong>Solvant\u00a0<\/strong>: eau<\/p>\n<p><strong>Ingr\u00e9dient principal :<\/strong>\u00a0<strong>\u00a0<\/strong><span style=\"font-family: Roboto, sans-serif; font-size: 14px;\">Carboxymethylcellulose<\/span><\/p>\n<p class=\"p1\"><b>Ingr\u00e9dients naturels : <\/b>99%<\/p>\n<p class=\"p1\"><b>Viscosit\u00e9 : <\/b>14.000 mPa.s<\/p>\n<p><strong>pH :<\/strong> 6<\/p>\n<p><strong>Densit\u00e9 :<\/strong>\u00a01,01 kg\/dm\u00b3<\/p>\n<p><strong>Utilisation :\u00a0<\/strong><\/p>\n<ul>\n<li>le papier, le carton et autre petit mat\u00e9riel<\/li>\n<li>sp\u00e9cialement con\u00e7ue pour les plus petits a partir de 10 moins<\/li>\n<\/ul>\n<p><strong>Allerg\u00e8nes:<\/strong>\u00a0&#8211;<\/p>\n<p><strong>ATTENTION ! <\/strong>Peut \u00eatre utilis\u00e9e par les enfants en dessous de 3 ans mais uniquement sous la surveillance d\u2019un adulte. A partir de 10 mois. Tenir hors de la port\u00e9e des enfants de moins de 10 mois.\u00a0Contient Bitter protection.<\/p>\n<p><strong>Taches:<\/strong>\u00a0lorsque encore humides, les taches peuvent \u00eatre lav\u00e9es\/\u00e9limin\u00e9es avec de l\u2019eau froide.\u00a0<strong>L&rsquo;adh\u00e9sif est tr\u00e8s facile \u00e0 enlever des mains (m\u00eame sans eau).<\/strong><\/p>\n<p><img loading=\"lazy\" decoding=\"async\" class=\"alignnone size-medium wp-image-30473\" src=\"https:\/\/collall.nl\/wp-content\/uploads\/2022\/03\/Collall-colle-d-eveil-enfants-2-300x283.webp\" alt=\"\" width=\"300\" height=\"283\" srcset=\"https:\/\/collall.nl\/wp-content\/uploads\/2022\/03\/Collall-colle-d-eveil-enfants-2-300x283.webp 300w, https:\/\/collall.nl\/wp-content\/uploads\/2022\/03\/Collall-colle-d-eveil-enfants-2-251x236.webp 251w, https:\/\/collall.nl\/wp-content\/uploads\/2022\/03\/Collall-colle-d-eveil-enfants-2.webp 309w\" sizes=\"auto, (max-width: 300px) 100vw, 300px\" \/><\/p>\n<h3><strong>Pourquoi le bricolage est-il si bon pour un tout-petit ?<\/strong><\/h3>\n<p>Le bricolage est extr\u00eamement b\u00e9n\u00e9fique pour les tout-petits car il a une gamme d&rsquo;effets positifs sur leur d\u00e9veloppement, notamment en mati\u00e8re de cr\u00e9ativit\u00e9, de motricit\u00e9 fine et de capacit\u00e9 de concentration.<\/p>\n<p><strong>Cr\u00e9ativit\u00e9 :<\/strong> le bricolage encourage les tout-petits \u00e0 utiliser leur imagination et \u00e0 explorer de nouvelles id\u00e9es. Avec des activit\u00e9s de bricolage comme l&rsquo;utilisation de Colle d&rsquo;\u00e9veil et des blocs de peinture Colorall, ils peuvent exp\u00e9rimenter avec diff\u00e9rents mat\u00e9riaux, couleurs et formes. Cela aide les tout-petits \u00e0 d\u00e9velopper leur pens\u00e9e cr\u00e9ative et \u00e0 cr\u00e9er des \u0153uvres d&rsquo;art uniques.<\/p>\n<p><strong>Motricit\u00e9 fine :<\/strong> lors du bricolage, les tout-petits utilisent leurs mains et leurs doigts de mani\u00e8re pr\u00e9cise pour tenir des mat\u00e9riaux, couper, coller et dessiner. Ces activit\u00e9s aident \u00e0 affiner leur motricit\u00e9 fine et \u00e0 d\u00e9velopper le contr\u00f4le de leurs mouvements, ce qui est essentiel pour des t\u00e2ches telles que l&rsquo;\u00e9criture, l&rsquo;attache des boutons et manger avec des couverts.<\/p>\n<p><strong>Capacit\u00e9 de concentration :<\/strong> le bricolage demande de l&rsquo;attention et de la concentration de la part des tout-petits. En bricolant r\u00e9guli\u00e8rement, les tout-petits peuvent am\u00e9liorer leur capacit\u00e9 de concentration et apprendre \u00e0 rester engag\u00e9s dans une activit\u00e9 pendant de plus longues p\u00e9riodes, ce qui est b\u00e9n\u00e9fique pour leur d\u00e9veloppement global.<\/p>\n<p><strong>Expression de soi :<\/strong> en outre, le bricolage offre aux tout-petits la possibilit\u00e9 de s&rsquo;exprimer, de d\u00e9velopper des comp\u00e9tences sociales en collaborant avec les autres et de renforcer leur fiert\u00e9 et leur confiance en eux en terminant leurs cr\u00e9ations.<\/p>\n<p><strong>Exp\u00e9rience sensorielle :<\/strong> explorer diff\u00e9rentes textures et mat\u00e9riaux est une partie importante du d\u00e9veloppement sensoriel des tout-petits. Dreumeslijm a une texture unique qui est douce et souple. Les tout-petits peuvent appr\u00e9cier la sensation de la colle entre leurs doigts en la p\u00e9trissant, en la pressant et en la modelant. Cette exp\u00e9rience sensorielle peut stimuler leurs sens et augmenter leur conscience des textures et des mat\u00e9riaux. L&rsquo;additif amer rend presque impossible que les tout-petits mettent cette colle dans leur bouche. De plus, Colle d&rsquo;\u00e9veil Collall contient 99 % d&rsquo;ingr\u00e9dients naturels !<\/p>\n<p><strong>En r\u00e9sum\u00e9, le bricolage n&rsquo;est pas seulement amusant pour les tout-petits, mais c&rsquo;est aussi une activit\u00e9 pr\u00e9cieuse qui favorise leur d\u00e9veloppement global dans divers domaines.<\/strong><\/p>\n","protected":false},"excerpt":{"rendered":"<p>La Colle d&rsquo;\u00e9veil est une colle vert \u00e0 base d\u2019eau. Elle a \u00e9t\u00e9 sp\u00e9cialement con\u00e7ue pour les plus petits a partir de 10 moins. <strong>Collall Colle d\u2019eveil ne colle pas aux doigts<\/strong>\u00a0et peut \u00eatre utilis\u00e9e avec des spatules ou des pinceaux.<\/p>\n<p><img loading=\"lazy\" decoding=\"async\" class=\"alignnone size-medium wp-image-30473\" src=\"https:\/\/collall.nl\/wp-content\/uploads\/2022\/03\/Collall-colle-d-eveil-enfants-2-300x283.webp\" alt=\"\" width=\"300\" height=\"283\" srcset=\"https:\/\/collall.nl\/wp-content\/uploads\/2022\/03\/Collall-colle-d-eveil-enfants-2-300x283.webp 300w, https:\/\/collall.nl\/wp-content\/uploads\/2022\/03\/Collall-colle-d-eveil-enfants-2-251x236.webp 251w, https:\/\/collall.nl\/wp-content\/uploads\/2022\/03\/Collall-colle-d-eveil-enfants-2.webp 309w\" sizes=\"auto, (max-width: 300px) 100vw, 300px\" \/><\/p>\n","protected":false},"featured_media":31989,"comment_status":"open","ping_status":"closed","template":"","meta":{"_acf_changed":false},"product_brand":[],"product_cat":[174],"product_tag":[],"class_list":{"0":"post-10474","1":"product","2":"type-product","3":"status-publish","4":"has-post-thumbnail","6":"product_cat-colle-et-vernis-colle","8":"first","9":"instock","10":"shipping-taxable","11":"purchasable","12":"product-type-variable"},"acf":[],"yoast_head":"<!-- This site is optimized with the Yoast SEO plugin v27.2 - https:\/\/yoast.com\/product\/yoast-seo-wordpress\/ -->\n<title>Collall Colle d&#039;Eveil - Collall<\/title>\n<meta name=\"description\" content=\"la Colle d&#039;\u00e9veil est une colle vert \u00e0 base d\u2019eau. Elle a \u00e9t\u00e9 sp\u00e9cialement con\u00e7ue pour les plus petits a partir de 10 moins.\" \/>\n<meta name=\"robots\" content=\"index, follow, max-snippet:-1, max-image-preview:large, max-video-preview:-1\" \/>\n<link rel=\"canonical\" href=\"https:\/\/collall.nl\/fr\/product\/collall-colle-deveil\/\" \/>\n<meta property=\"og:locale\" content=\"fr_FR\" \/>\n<meta property=\"og:type\" content=\"article\" \/>\n<meta property=\"og:title\" content=\"Collall Colle d&#039;Eveil - Collall\" \/>\n<meta property=\"og:description\" content=\"la Colle d&#039;\u00e9veil est une colle vert \u00e0 base d\u2019eau. Elle a \u00e9t\u00e9 sp\u00e9cialement con\u00e7ue pour les plus petits a partir de 10 moins.\" \/>\n<meta property=\"og:url\" content=\"https:\/\/collall.nl\/fr\/product\/collall-colle-deveil\/\" \/>\n<meta property=\"og:site_name\" content=\"Collall\" \/>\n<meta property=\"article:publisher\" content=\"https:\/\/www.facebook.com\/people\/Collall\/100064976852539\/\" \/>\n<meta property=\"article:modified_time\" content=\"2025-03-18T15:12:49+00:00\" \/>\n<meta property=\"og:image\" content=\"https:\/\/collall.nl\/wp-content\/uploads\/2022\/03\/COLDL0100-Collall-Dreumeslijm.jpg\" \/>\n\t<meta property=\"og:image:width\" content=\"800\" \/>\n\t<meta property=\"og:image:height\" content=\"800\" \/>\n\t<meta property=\"og:image:type\" content=\"image\/jpeg\" \/>\n<meta name=\"twitter:card\" content=\"summary_large_image\" \/>\n<meta name=\"twitter:label1\" content=\"Dur\u00e9e de lecture estim\u00e9e\" \/>\n\t<meta name=\"twitter:data1\" content=\"4 minutes\" \/>\n<script type=\"application\/ld+json\" class=\"yoast-schema-graph\">{\"@context\":\"https:\/\/schema.org\",\"@graph\":[{\"@type\":\"WebPage\",\"@id\":\"https:\/\/collall.nl\/fr\/product\/collall-colle-deveil\/\",\"url\":\"https:\/\/collall.nl\/fr\/product\/collall-colle-deveil\/\",\"name\":\"Collall Colle d'Eveil - Collall\",\"isPartOf\":{\"@id\":\"https:\/\/collall.nl\/#website\"},\"primaryImageOfPage\":{\"@id\":\"https:\/\/collall.nl\/fr\/product\/collall-colle-deveil\/#primaryimage\"},\"image\":{\"@id\":\"https:\/\/collall.nl\/fr\/product\/collall-colle-deveil\/#primaryimage\"},\"thumbnailUrl\":\"https:\/\/collall.nl\/wp-content\/uploads\/2022\/03\/Toddler-Glue.webp\",\"datePublished\":\"2022-03-01T09:21:00+00:00\",\"dateModified\":\"2025-03-18T15:12:49+00:00\",\"description\":\"la Colle d'\u00e9veil est une colle vert \u00e0 base d\u2019eau. Elle a \u00e9t\u00e9 sp\u00e9cialement con\u00e7ue pour les plus petits a partir de 10 moins.\",\"breadcrumb\":{\"@id\":\"https:\/\/collall.nl\/fr\/product\/collall-colle-deveil\/#breadcrumb\"},\"inLanguage\":\"fr-FR\",\"potentialAction\":[{\"@type\":\"ReadAction\",\"target\":[\"https:\/\/collall.nl\/fr\/product\/collall-colle-deveil\/\"]}]},{\"@type\":\"ImageObject\",\"inLanguage\":\"fr-FR\",\"@id\":\"https:\/\/collall.nl\/fr\/product\/collall-colle-deveil\/#primaryimage\",\"url\":\"https:\/\/collall.nl\/wp-content\/uploads\/2022\/03\/Toddler-Glue.webp\",\"contentUrl\":\"https:\/\/collall.nl\/wp-content\/uploads\/2022\/03\/Toddler-Glue.webp\",\"width\":1000,\"height\":1000},{\"@type\":\"BreadcrumbList\",\"@id\":\"https:\/\/collall.nl\/fr\/product\/collall-colle-deveil\/#breadcrumb\",\"itemListElement\":[{\"@type\":\"ListItem\",\"position\":1,\"name\":\"Home\",\"item\":\"https:\/\/collall.nl\/fr\/\"},{\"@type\":\"ListItem\",\"position\":2,\"name\":\"Produits\",\"item\":\"https:\/\/collall.nl\/fr\/produits\/\"},{\"@type\":\"ListItem\",\"position\":3,\"name\":\"Collall Colle d&#8217;Eveil\"}]},{\"@type\":\"WebSite\",\"@id\":\"https:\/\/collall.nl\/#website\",\"url\":\"https:\/\/collall.nl\/\",\"name\":\"Collall\",\"description\":\"Adhesives &amp; Paints since 1949\",\"publisher\":{\"@id\":\"https:\/\/collall.nl\/#organization\"},\"potentialAction\":[{\"@type\":\"SearchAction\",\"target\":{\"@type\":\"EntryPoint\",\"urlTemplate\":\"https:\/\/collall.nl\/?s={search_term_string}\"},\"query-input\":{\"@type\":\"PropertyValueSpecification\",\"valueRequired\":true,\"valueName\":\"search_term_string\"}}],\"inLanguage\":\"fr-FR\"},{\"@type\":\"Organization\",\"@id\":\"https:\/\/collall.nl\/#organization\",\"name\":\"Collall B.V.\",\"url\":\"https:\/\/collall.nl\/\",\"logo\":{\"@type\":\"ImageObject\",\"inLanguage\":\"fr-FR\",\"@id\":\"https:\/\/collall.nl\/#\/schema\/logo\/image\/\",\"url\":\"https:\/\/collall.nl\/wp-content\/uploads\/2022\/08\/Collall-logo-186C_Reflex-blue.jpg\",\"contentUrl\":\"https:\/\/collall.nl\/wp-content\/uploads\/2022\/08\/Collall-logo-186C_Reflex-blue.jpg\",\"width\":1963,\"height\":1179,\"caption\":\"Collall B.V.\"},\"image\":{\"@id\":\"https:\/\/collall.nl\/#\/schema\/logo\/image\/\"},\"sameAs\":[\"https:\/\/www.facebook.com\/people\/Collall\/100064976852539\/\",\"https:\/\/www.instagram.com\/collall_1949\/\",\"https:\/\/nl.pinterest.com\/CollallBV\/\",\"https:\/\/www.youtube.com\/channel\/UCrCGuwth_udZhTqJSh5g9zg\"]}]}<\/script>\n<!-- \/ Yoast SEO plugin. -->","yoast_head_json":{"title":"Collall Colle d'Eveil - Collall","description":"la Colle d'\u00e9veil est une colle vert \u00e0 base d\u2019eau. Elle a \u00e9t\u00e9 sp\u00e9cialement con\u00e7ue pour les plus petits a partir de 10 moins.","robots":{"index":"index","follow":"follow","max-snippet":"max-snippet:-1","max-image-preview":"max-image-preview:large","max-video-preview":"max-video-preview:-1"},"canonical":"https:\/\/collall.nl\/fr\/product\/collall-colle-deveil\/","og_locale":"fr_FR","og_type":"article","og_title":"Collall Colle d'Eveil - Collall","og_description":"la Colle d'\u00e9veil est une colle vert \u00e0 base d\u2019eau. Elle a \u00e9t\u00e9 sp\u00e9cialement con\u00e7ue pour les plus petits a partir de 10 moins.","og_url":"https:\/\/collall.nl\/fr\/product\/collall-colle-deveil\/","og_site_name":"Collall","article_publisher":"https:\/\/www.facebook.com\/people\/Collall\/100064976852539\/","article_modified_time":"2025-03-18T15:12:49+00:00","og_image":[{"width":800,"height":800,"url":"https:\/\/collall.nl\/wp-content\/uploads\/2022\/03\/COLDL0100-Collall-Dreumeslijm.jpg","type":"image\/jpeg"}],"twitter_card":"summary_large_image","twitter_misc":{"Dur\u00e9e de lecture estim\u00e9e":"4 minutes"},"schema":{"@context":"https:\/\/schema.org","@graph":[{"@type":"WebPage","@id":"https:\/\/collall.nl\/fr\/product\/collall-colle-deveil\/","url":"https:\/\/collall.nl\/fr\/product\/collall-colle-deveil\/","name":"Collall Colle d'Eveil - Collall","isPartOf":{"@id":"https:\/\/collall.nl\/#website"},"primaryImageOfPage":{"@id":"https:\/\/collall.nl\/fr\/product\/collall-colle-deveil\/#primaryimage"},"image":{"@id":"https:\/\/collall.nl\/fr\/product\/collall-colle-deveil\/#primaryimage"},"thumbnailUrl":"https:\/\/collall.nl\/wp-content\/uploads\/2022\/03\/Toddler-Glue.webp","datePublished":"2022-03-01T09:21:00+00:00","dateModified":"2025-03-18T15:12:49+00:00","description":"la Colle d'\u00e9veil est une colle vert \u00e0 base d\u2019eau. Elle a \u00e9t\u00e9 sp\u00e9cialement con\u00e7ue pour les plus petits a partir de 10 moins.","breadcrumb":{"@id":"https:\/\/collall.nl\/fr\/product\/collall-colle-deveil\/#breadcrumb"},"inLanguage":"fr-FR","potentialAction":[{"@type":"ReadAction","target":["https:\/\/collall.nl\/fr\/product\/collall-colle-deveil\/"]}]},{"@type":"ImageObject","inLanguage":"fr-FR","@id":"https:\/\/collall.nl\/fr\/product\/collall-colle-deveil\/#primaryimage","url":"https:\/\/collall.nl\/wp-content\/uploads\/2022\/03\/Toddler-Glue.webp","contentUrl":"https:\/\/collall.nl\/wp-content\/uploads\/2022\/03\/Toddler-Glue.webp","width":1000,"height":1000},{"@type":"BreadcrumbList","@id":"https:\/\/collall.nl\/fr\/product\/collall-colle-deveil\/#breadcrumb","itemListElement":[{"@type":"ListItem","position":1,"name":"Home","item":"https:\/\/collall.nl\/fr\/"},{"@type":"ListItem","position":2,"name":"Produits","item":"https:\/\/collall.nl\/fr\/produits\/"},{"@type":"ListItem","position":3,"name":"Collall Colle d&#8217;Eveil"}]},{"@type":"WebSite","@id":"https:\/\/collall.nl\/#website","url":"https:\/\/collall.nl\/","name":"Collall","description":"Adhesives &amp; Paints since 1949","publisher":{"@id":"https:\/\/collall.nl\/#organization"},"potentialAction":[{"@type":"SearchAction","target":{"@type":"EntryPoint","urlTemplate":"https:\/\/collall.nl\/?s={search_term_string}"},"query-input":{"@type":"PropertyValueSpecification","valueRequired":true,"valueName":"search_term_string"}}],"inLanguage":"fr-FR"},{"@type":"Organization","@id":"https:\/\/collall.nl\/#organization","name":"Collall B.V.","url":"https:\/\/collall.nl\/","logo":{"@type":"ImageObject","inLanguage":"fr-FR","@id":"https:\/\/collall.nl\/#\/schema\/logo\/image\/","url":"https:\/\/collall.nl\/wp-content\/uploads\/2022\/08\/Collall-logo-186C_Reflex-blue.jpg","contentUrl":"https:\/\/collall.nl\/wp-content\/uploads\/2022\/08\/Collall-logo-186C_Reflex-blue.jpg","width":1963,"height":1179,"caption":"Collall B.V."},"image":{"@id":"https:\/\/collall.nl\/#\/schema\/logo\/image\/"},"sameAs":["https:\/\/www.facebook.com\/people\/Collall\/100064976852539\/","https:\/\/www.instagram.com\/collall_1949\/","https:\/\/nl.pinterest.com\/CollallBV\/","https:\/\/www.youtube.com\/channel\/UCrCGuwth_udZhTqJSh5g9zg"]}]}},"_links":{"self":[{"href":"https:\/\/collall.nl\/fr\/wp-json\/wp\/v2\/product\/10474","targetHints":{"allow":["GET"]}}],"collection":[{"href":"https:\/\/collall.nl\/fr\/wp-json\/wp\/v2\/product"}],"about":[{"href":"https:\/\/collall.nl\/fr\/wp-json\/wp\/v2\/types\/product"}],"replies":[{"embeddable":true,"href":"https:\/\/collall.nl\/fr\/wp-json\/wp\/v2\/comments?post=10474"}],"wp:featuredmedia":[{"embeddable":true,"href":"https:\/\/collall.nl\/fr\/wp-json\/wp\/v2\/media\/31989"}],"wp:attachment":[{"href":"https:\/\/collall.nl\/fr\/wp-json\/wp\/v2\/media?parent=10474"}],"wp:term":[{"taxonomy":"product_brand","embeddable":true,"href":"https:\/\/collall.nl\/fr\/wp-json\/wp\/v2\/product_brand?post=10474"},{"taxonomy":"product_cat","embeddable":true,"href":"https:\/\/collall.nl\/fr\/wp-json\/wp\/v2\/product_cat?post=10474"},{"taxonomy":"product_tag","embeddable":true,"href":"https:\/\/collall.nl\/fr\/wp-json\/wp\/v2\/product_tag?post=10474"}],"curies":[{"name":"wp","href":"https:\/\/api.w.org\/{rel}","templated":true}]}}