{"id":10456,"date":"2022-03-01T09:20:57","date_gmt":"2022-03-01T09:20:59","guid":{"rendered":"http:\/\/collall.test\/product\/collall-tacky-glue-2\/"},"modified":"2025-05-08T12:43:51","modified_gmt":"2025-05-08T10:43:51","slug":"collall-tacky-glue-2","status":"publish","type":"product","link":"https:\/\/collall.nl\/fr\/product\/collall-tacky-glue-2\/","title":{"rendered":"Collall Tacky Glue"},"content":{"rendered":"<p>Collall Tacky Glue est l\u2019ultime colle pour les loisirs cr\u00e9atifs en raison de sa diversit\u00e9. Tacky Glue est facile \u00e0 utiliser, transparente en s\u00eachant et elle reste souple. Utilisations : papier, carton, textile, c\u00e9ramique, pl\u00e2tre, strass, bois, cuir, plastique, polystyr\u00e8ne, etc.<\/p>\n<p><strong>Propri\u00e9t\u00e9s :<\/strong><\/p>\n<ul>\n<li>Liquide blanc visqueux<\/li>\n<li>Flexible<\/li>\n<li>S\u00e9chage rapide<\/li>\n<li>Devient transparent en s\u00e9chant<\/li>\n<\/ul>\n<p><strong>Solvant :<\/strong> eau<\/p>\n<p><strong>Ingr\u00e9dient principal :<\/strong> ac\u00e9tate de polyvinyle PVAc<\/p>\n<p data-start=\"27\" data-end=\"54\"><strong>Ingr\u00e9dients naturels :<\/strong> 57%<\/p>\n<p data-start=\"56\" data-end=\"79\" data-is-last-node=\"\" data-is-only-node=\"\"><strong>Viscosit\u00e9 :<\/strong> 5.000 mPa.s<\/p>\n<p><strong>pH :<\/strong> 5,5<\/p>\n<p><strong>Densit\u00e9 :<\/strong> 1,07 kg\/dm\u00b3<\/p>\n<p><strong>CE :<\/strong> &#8211;<\/p>\n<p><strong>Consommation de colle :<\/strong> 150 g\/m\u00b2<\/p>\n<p><strong>Application :<\/strong><\/p>\n<ul>\n<li>Les mat\u00e9riaux \u00e0 coller doivent \u00eatre secs et exempts de poussi\u00e8re et de salet\u00e9.<\/li>\n<li>\u00c0 appliquer directement depuis le flacon, \u00e9ventuellement avec un pinceau \u00e0 colle ou une spatule.<\/li>\n<\/ul>\n<p><strong>Allerg\u00e8nes :<\/strong> contient CMIT\/MIT. Peut produire une r\u00e9action allergique.<\/p>\n<p><strong>Convient :<\/strong> \u00e0 partir de 6 ans.<\/p>\n<p><strong>Nettoyage :<\/strong><\/p>\n<ul>\n<li>Lorsque la colle est encore humide, les outils\/surfaces peuvent \u00eatre facilement nettoy\u00e9s \u00e0 l&rsquo;eau (un d\u00e9tergent synth\u00e9tique peut \u00eatre ajout\u00e9 \u00e0 l&rsquo;eau si n\u00e9cessaire).<\/li>\n<li>Pour les taches de colle s\u00e9ch\u00e9e, trempez-les dans de l&rsquo;eau chaude, puis retirez-les avec une brosse.<\/li>\n<\/ul>\n<h4><strong>Collall Tacky Glue &#8211; Une colle, des possibilit\u00e9s infinies !<\/strong><\/h4>\n<p>La colle universelle \u00e0 base d&rsquo;eau ultime pour tous vos travaux cr\u00e9atifs et pratiques !<\/p>\n<p>Que vous soyez un amateur exp\u00e9riment\u00e9 ou que vous recherchiez simplement une colle forte \u00e0 base d&rsquo;eau pour des r\u00e9parations quotidiennes, Collall Tacky Glue est le bon choix. Ne vous inqui\u00e9tez pas de la couleur blanche : vos cr\u00e9ations auront toujours un aspect propre et professionnel, car la colle devient transparente en s\u00e9chant.<\/p>\n<p><strong>Que pouvez-vous coller avec Collall Tacky Glue ?<\/strong><\/p>\n<p>Le papier et le carton se collent naturellement bien avec Tacky Glue. Gr\u00e2ce \u00e0 son pourcentage \u00e9lev\u00e9 de mati\u00e8res solides (40-50 %), il y a moins de risques de cloques, ce qui assure une finition lisse et nette. Utilisez une spatule \u00e0 colle pour r\u00e9partir uniform\u00e9ment la colle sur la surface.<\/p>\n<p>Textile : collez des morceaux de tissu et\/ou de jute pour un collage ou un journal, mais attention, cette colle n&rsquo;est pas adapt\u00e9e au lavage en machine ; dans ce cas, utilisez plut\u00f4t la colle pour textiles Collall (ajouter un lien).<\/p>\n<p>Cuir : Tacky Glue pour de petites r\u00e9parations invisibles sur des chaussures, un sac ou une ceinture.<\/p>\n<p>C\u00e9ramique : vous avez cass\u00e9 une tasse ou un vase ? Pas de souci, avec Collall Tacky Glue, c&rsquo;est comme neuf. \u00c0 utiliser uniquement pour des projets d\u00e9coratifs, non adapt\u00e9 au lave-vaisselle.<\/p>\n<p>Pl\u00e2tre : id\u00e9al pour coller du pl\u00e2tre ou pour des r\u00e9parations sur des cr\u00e9ations en pl\u00e2tre existantes.<\/p>\n<p>Polystyr\u00e8ne : parfait pour les projets de bricolage, surtout parce qu&rsquo;il s\u00e8che sans alt\u00e9rer le mat\u00e9riau.<\/p>\n<p>Convient \u00e9galement pour coller du bois, des plastiques l\u00e9gers, du li\u00e8ge, etc.<\/p>\n<p><strong>Adh\u00e9rence excellente<\/strong><\/p>\n<p>Que vous combiniez des tissus ou colliez diff\u00e9rents mat\u00e9riaux ensemble, Collall Tacky Glue assure une liaison rapide, forte et durable.<\/p>\n<p>&nbsp;<\/p>\n","protected":false},"excerpt":{"rendered":"<p>Collall Tacky Glue est l\u2019ultime colle pour les loisirs cr\u00e9atifs en raison de sa diversit\u00e9. Tacky Glue est facile \u00e0 utiliser, transparente en s\u00eachant et elle reste souple.<\/p>\n","protected":false},"featured_media":28450,"comment_status":"open","ping_status":"closed","template":"","meta":{"_acf_changed":false},"product_brand":[],"product_cat":[174],"product_tag":[3203],"class_list":{"0":"post-10456","1":"product","2":"type-product","3":"status-publish","4":"has-post-thumbnail","6":"product_cat-colle-et-vernis-colle","7":"product_tag-pvac-fr","9":"first","10":"instock","11":"shipping-taxable","12":"purchasable","13":"product-type-variable"},"acf":[],"yoast_head":"<!-- This site is optimized with the Yoast SEO plugin v27.2 - https:\/\/yoast.com\/product\/yoast-seo-wordpress\/ -->\n<title>Collall Tacky Glue - Collall<\/title>\n<meta name=\"description\" content=\"Collall Tacky Glue est l\u2019ultime colle pour les loisirs cr\u00e9atifs en raison de sa diversit\u00e9. Tacky Glue est facile \u00e0 utiliser.\" \/>\n<meta name=\"robots\" content=\"index, follow, max-snippet:-1, max-image-preview:large, max-video-preview:-1\" \/>\n<link rel=\"canonical\" href=\"https:\/\/collall.nl\/fr\/product\/collall-tacky-glue-2\/\" \/>\n<meta property=\"og:locale\" content=\"fr_FR\" \/>\n<meta property=\"og:type\" content=\"article\" \/>\n<meta property=\"og:title\" content=\"Collall Tacky Glue - Collall\" \/>\n<meta property=\"og:description\" content=\"Collall Tacky Glue est l\u2019ultime colle pour les loisirs cr\u00e9atifs en raison de sa diversit\u00e9. Tacky Glue est facile \u00e0 utiliser.\" \/>\n<meta property=\"og:url\" content=\"https:\/\/collall.nl\/fr\/product\/collall-tacky-glue-2\/\" \/>\n<meta property=\"og:site_name\" content=\"Collall\" \/>\n<meta property=\"article:publisher\" content=\"https:\/\/www.facebook.com\/people\/Collall\/100064976852539\/\" \/>\n<meta property=\"article:modified_time\" content=\"2025-05-08T10:43:51+00:00\" \/>\n<meta property=\"og:image\" content=\"https:\/\/collall.nl\/wp-content\/uploads\/2022\/03\/Collall-COLTG100-Tacky-Glue.jpg\" \/>\n\t<meta property=\"og:image:width\" content=\"1000\" \/>\n\t<meta property=\"og:image:height\" content=\"1000\" \/>\n\t<meta property=\"og:image:type\" content=\"image\/jpeg\" \/>\n<meta name=\"twitter:card\" content=\"summary_large_image\" \/>\n<meta name=\"twitter:label1\" content=\"Dur\u00e9e de lecture estim\u00e9e\" \/>\n\t<meta name=\"twitter:data1\" content=\"3 minutes\" \/>\n<script type=\"application\/ld+json\" class=\"yoast-schema-graph\">{\"@context\":\"https:\/\/schema.org\",\"@graph\":[{\"@type\":\"WebPage\",\"@id\":\"https:\/\/collall.nl\/fr\/product\/collall-tacky-glue-2\/\",\"url\":\"https:\/\/collall.nl\/fr\/product\/collall-tacky-glue-2\/\",\"name\":\"Collall Tacky Glue - Collall\",\"isPartOf\":{\"@id\":\"https:\/\/collall.nl\/#website\"},\"primaryImageOfPage\":{\"@id\":\"https:\/\/collall.nl\/fr\/product\/collall-tacky-glue-2\/#primaryimage\"},\"image\":{\"@id\":\"https:\/\/collall.nl\/fr\/product\/collall-tacky-glue-2\/#primaryimage\"},\"thumbnailUrl\":\"https:\/\/collall.nl\/wp-content\/uploads\/2022\/03\/Collall-COLTG100-Tacky-Glue.jpg\",\"datePublished\":\"2022-03-01T09:20:59+00:00\",\"dateModified\":\"2025-05-08T10:43:51+00:00\",\"description\":\"Collall Tacky Glue est l\u2019ultime colle pour les loisirs cr\u00e9atifs en raison de sa diversit\u00e9. Tacky Glue est facile \u00e0 utiliser.\",\"breadcrumb\":{\"@id\":\"https:\/\/collall.nl\/fr\/product\/collall-tacky-glue-2\/#breadcrumb\"},\"inLanguage\":\"fr-FR\",\"potentialAction\":[{\"@type\":\"ReadAction\",\"target\":[\"https:\/\/collall.nl\/fr\/product\/collall-tacky-glue-2\/\"]}]},{\"@type\":\"ImageObject\",\"inLanguage\":\"fr-FR\",\"@id\":\"https:\/\/collall.nl\/fr\/product\/collall-tacky-glue-2\/#primaryimage\",\"url\":\"https:\/\/collall.nl\/wp-content\/uploads\/2022\/03\/Collall-COLTG100-Tacky-Glue.jpg\",\"contentUrl\":\"https:\/\/collall.nl\/wp-content\/uploads\/2022\/03\/Collall-COLTG100-Tacky-Glue.jpg\",\"width\":1000,\"height\":1000},{\"@type\":\"BreadcrumbList\",\"@id\":\"https:\/\/collall.nl\/fr\/product\/collall-tacky-glue-2\/#breadcrumb\",\"itemListElement\":[{\"@type\":\"ListItem\",\"position\":1,\"name\":\"Home\",\"item\":\"https:\/\/collall.nl\/fr\/\"},{\"@type\":\"ListItem\",\"position\":2,\"name\":\"Produits\",\"item\":\"https:\/\/collall.nl\/fr\/produits\/\"},{\"@type\":\"ListItem\",\"position\":3,\"name\":\"Collall Tacky Glue\"}]},{\"@type\":\"WebSite\",\"@id\":\"https:\/\/collall.nl\/#website\",\"url\":\"https:\/\/collall.nl\/\",\"name\":\"Collall\",\"description\":\"Adhesives &amp; Paints since 1949\",\"publisher\":{\"@id\":\"https:\/\/collall.nl\/#organization\"},\"potentialAction\":[{\"@type\":\"SearchAction\",\"target\":{\"@type\":\"EntryPoint\",\"urlTemplate\":\"https:\/\/collall.nl\/?s={search_term_string}\"},\"query-input\":{\"@type\":\"PropertyValueSpecification\",\"valueRequired\":true,\"valueName\":\"search_term_string\"}}],\"inLanguage\":\"fr-FR\"},{\"@type\":\"Organization\",\"@id\":\"https:\/\/collall.nl\/#organization\",\"name\":\"Collall B.V.\",\"url\":\"https:\/\/collall.nl\/\",\"logo\":{\"@type\":\"ImageObject\",\"inLanguage\":\"fr-FR\",\"@id\":\"https:\/\/collall.nl\/#\/schema\/logo\/image\/\",\"url\":\"https:\/\/collall.nl\/wp-content\/uploads\/2022\/08\/Collall-logo-186C_Reflex-blue.jpg\",\"contentUrl\":\"https:\/\/collall.nl\/wp-content\/uploads\/2022\/08\/Collall-logo-186C_Reflex-blue.jpg\",\"width\":1963,\"height\":1179,\"caption\":\"Collall B.V.\"},\"image\":{\"@id\":\"https:\/\/collall.nl\/#\/schema\/logo\/image\/\"},\"sameAs\":[\"https:\/\/www.facebook.com\/people\/Collall\/100064976852539\/\",\"https:\/\/www.instagram.com\/collall_1949\/\",\"https:\/\/nl.pinterest.com\/CollallBV\/\",\"https:\/\/www.youtube.com\/channel\/UCrCGuwth_udZhTqJSh5g9zg\"]}]}<\/script>\n<!-- \/ Yoast SEO plugin. -->","yoast_head_json":{"title":"Collall Tacky Glue - Collall","description":"Collall Tacky Glue est l\u2019ultime colle pour les loisirs cr\u00e9atifs en raison de sa diversit\u00e9. Tacky Glue est facile \u00e0 utiliser.","robots":{"index":"index","follow":"follow","max-snippet":"max-snippet:-1","max-image-preview":"max-image-preview:large","max-video-preview":"max-video-preview:-1"},"canonical":"https:\/\/collall.nl\/fr\/product\/collall-tacky-glue-2\/","og_locale":"fr_FR","og_type":"article","og_title":"Collall Tacky Glue - Collall","og_description":"Collall Tacky Glue est l\u2019ultime colle pour les loisirs cr\u00e9atifs en raison de sa diversit\u00e9. Tacky Glue est facile \u00e0 utiliser.","og_url":"https:\/\/collall.nl\/fr\/product\/collall-tacky-glue-2\/","og_site_name":"Collall","article_publisher":"https:\/\/www.facebook.com\/people\/Collall\/100064976852539\/","article_modified_time":"2025-05-08T10:43:51+00:00","og_image":[{"width":1000,"height":1000,"url":"https:\/\/collall.nl\/wp-content\/uploads\/2022\/03\/Collall-COLTG100-Tacky-Glue.jpg","type":"image\/jpeg"}],"twitter_card":"summary_large_image","twitter_misc":{"Dur\u00e9e de lecture estim\u00e9e":"3 minutes"},"schema":{"@context":"https:\/\/schema.org","@graph":[{"@type":"WebPage","@id":"https:\/\/collall.nl\/fr\/product\/collall-tacky-glue-2\/","url":"https:\/\/collall.nl\/fr\/product\/collall-tacky-glue-2\/","name":"Collall Tacky Glue - Collall","isPartOf":{"@id":"https:\/\/collall.nl\/#website"},"primaryImageOfPage":{"@id":"https:\/\/collall.nl\/fr\/product\/collall-tacky-glue-2\/#primaryimage"},"image":{"@id":"https:\/\/collall.nl\/fr\/product\/collall-tacky-glue-2\/#primaryimage"},"thumbnailUrl":"https:\/\/collall.nl\/wp-content\/uploads\/2022\/03\/Collall-COLTG100-Tacky-Glue.jpg","datePublished":"2022-03-01T09:20:59+00:00","dateModified":"2025-05-08T10:43:51+00:00","description":"Collall Tacky Glue est l\u2019ultime colle pour les loisirs cr\u00e9atifs en raison de sa diversit\u00e9. Tacky Glue est facile \u00e0 utiliser.","breadcrumb":{"@id":"https:\/\/collall.nl\/fr\/product\/collall-tacky-glue-2\/#breadcrumb"},"inLanguage":"fr-FR","potentialAction":[{"@type":"ReadAction","target":["https:\/\/collall.nl\/fr\/product\/collall-tacky-glue-2\/"]}]},{"@type":"ImageObject","inLanguage":"fr-FR","@id":"https:\/\/collall.nl\/fr\/product\/collall-tacky-glue-2\/#primaryimage","url":"https:\/\/collall.nl\/wp-content\/uploads\/2022\/03\/Collall-COLTG100-Tacky-Glue.jpg","contentUrl":"https:\/\/collall.nl\/wp-content\/uploads\/2022\/03\/Collall-COLTG100-Tacky-Glue.jpg","width":1000,"height":1000},{"@type":"BreadcrumbList","@id":"https:\/\/collall.nl\/fr\/product\/collall-tacky-glue-2\/#breadcrumb","itemListElement":[{"@type":"ListItem","position":1,"name":"Home","item":"https:\/\/collall.nl\/fr\/"},{"@type":"ListItem","position":2,"name":"Produits","item":"https:\/\/collall.nl\/fr\/produits\/"},{"@type":"ListItem","position":3,"name":"Collall Tacky Glue"}]},{"@type":"WebSite","@id":"https:\/\/collall.nl\/#website","url":"https:\/\/collall.nl\/","name":"Collall","description":"Adhesives &amp; Paints since 1949","publisher":{"@id":"https:\/\/collall.nl\/#organization"},"potentialAction":[{"@type":"SearchAction","target":{"@type":"EntryPoint","urlTemplate":"https:\/\/collall.nl\/?s={search_term_string}"},"query-input":{"@type":"PropertyValueSpecification","valueRequired":true,"valueName":"search_term_string"}}],"inLanguage":"fr-FR"},{"@type":"Organization","@id":"https:\/\/collall.nl\/#organization","name":"Collall B.V.","url":"https:\/\/collall.nl\/","logo":{"@type":"ImageObject","inLanguage":"fr-FR","@id":"https:\/\/collall.nl\/#\/schema\/logo\/image\/","url":"https:\/\/collall.nl\/wp-content\/uploads\/2022\/08\/Collall-logo-186C_Reflex-blue.jpg","contentUrl":"https:\/\/collall.nl\/wp-content\/uploads\/2022\/08\/Collall-logo-186C_Reflex-blue.jpg","width":1963,"height":1179,"caption":"Collall B.V."},"image":{"@id":"https:\/\/collall.nl\/#\/schema\/logo\/image\/"},"sameAs":["https:\/\/www.facebook.com\/people\/Collall\/100064976852539\/","https:\/\/www.instagram.com\/collall_1949\/","https:\/\/nl.pinterest.com\/CollallBV\/","https:\/\/www.youtube.com\/channel\/UCrCGuwth_udZhTqJSh5g9zg"]}]}},"_links":{"self":[{"href":"https:\/\/collall.nl\/fr\/wp-json\/wp\/v2\/product\/10456","targetHints":{"allow":["GET"]}}],"collection":[{"href":"https:\/\/collall.nl\/fr\/wp-json\/wp\/v2\/product"}],"about":[{"href":"https:\/\/collall.nl\/fr\/wp-json\/wp\/v2\/types\/product"}],"replies":[{"embeddable":true,"href":"https:\/\/collall.nl\/fr\/wp-json\/wp\/v2\/comments?post=10456"}],"wp:featuredmedia":[{"embeddable":true,"href":"https:\/\/collall.nl\/fr\/wp-json\/wp\/v2\/media\/28450"}],"wp:attachment":[{"href":"https:\/\/collall.nl\/fr\/wp-json\/wp\/v2\/media?parent=10456"}],"wp:term":[{"taxonomy":"product_brand","embeddable":true,"href":"https:\/\/collall.nl\/fr\/wp-json\/wp\/v2\/product_brand?post=10456"},{"taxonomy":"product_cat","embeddable":true,"href":"https:\/\/collall.nl\/fr\/wp-json\/wp\/v2\/product_cat?post=10456"},{"taxonomy":"product_tag","embeddable":true,"href":"https:\/\/collall.nl\/fr\/wp-json\/wp\/v2\/product_tag?post=10456"}],"curies":[{"name":"wp","href":"https:\/\/api.w.org\/{rel}","templated":true}]}}